{"id":6997,"date":"2019-05-27T15:25:15","date_gmt":"2019-05-27T15:25:15","guid":{"rendered":"https:\/\/sitechecker.pro\/?page_id=6997"},"modified":"2025-02-06T09:20:26","modified_gmt":"2025-02-06T09:20:26","slug":"gzip-test","status":"publish","type":"page","link":"https:\/\/sitechecker.pro\/de\/gzip-test\/","title":{"rendered":"GZIP Test \u2013 Pr\u00fcfe deine GZIP-Komprimierung online!"},"content":{"rendered":"<p><\/p>\n<h2 id=\"par1\">Was ist ein GZIP Test?<\/h2>\n<p>Der GZIP Compression Tester ist ein Online-Tool, das die Leistung von Webseiten durch \u00dcberpr\u00fcfung der Datenkomprimierung verbessern soll. Mit seiner Hilfe k\u00f6nnen Website-Besitzer und -Entwickler feststellen, ob ihre Webseiten effizient komprimiert sind. Sie k\u00f6nnen Probleme im Zusammenhang mit langsamen Ladezeiten und gro\u00dfen Daten\u00fcbertragungsgr\u00f6\u00dfen beheben und die Benutzerfreundlichkeit durch schnelleren Zugriff auf die Website verbessern.<\/p>\n<h3>Wie das GZIP-Komprimierungstool Sie unterst\u00fctzen kann<\/h3>\n<p><strong>\u00dcberpr\u00fcfung der Datenkomprimierung: <\/strong>Stellt sicher, dass die Datenkomprimierungsfunktion auf Ihrer Website aktiv und verf\u00fcgbar ist.<\/p>\n<p><strong>Website-\u00dcberwachung: <\/strong>Erm\u00f6glicht es, Geschwindigkeitsfehler auf der Website in Echtzeit zu erkennen, ihre Ursachen zu verstehen und ihre Dynamik zu verfolgen.<\/p>\n<p><strong>Benutzerdefinierte Warnungen: <\/strong>Benachrichtigt Sie \u00fcber Fehler im Zusammenhang mit Download-Geschwindigkeitsproblemen, damit Sie informiert bleiben und proaktiv handeln k\u00f6nnen.<\/p>\n<p><strong>Site-Audit: <\/strong>Ermittelt schnell Probleme mit der Ladegeschwindigkeit von Webseiten und der Gesamtleistung der Website.<\/p>\n<p><strong>Empfehlungen zur Fehlerbehebung: <\/strong>Bieten Sie umsetzbare Ratschl\u00e4ge zur Behebung dieser Probleme an.<\/p>\n<h3>Hauptmerkmale von GZIP Compression Tester<\/h3>\n<p><strong>Einheitliches Dashboard: <\/strong>Eine zentralisierte Plattform f\u00fcr die nahtlose Verwaltung und \u00dcberwachung der Leistungskennzahlen Ihrer Website.<\/p>\n<p><strong>Benutzerfreundliches Interface: <\/strong>Gew\u00e4hrleistet einen reibungslosen Ablauf und eine einfache Bedienung, auch f\u00fcr Personen mit minimalen technischen Kenntnissen.<\/p>\n<p><strong>Komplettes SEO-Toolset: <\/strong>Ein umfassendes Paket von SEO-Tools, das alles bietet, was Sie zur Optimierung des Suchmaschinen-Rankings Ihrer Website ben\u00f6tigen.<\/p>\n<h2 id=\"par2\">Verwendung des GZIP-Kompressionspr\u00fcfers<\/h2>\n<h3>Schritt 1: Geben Sie Ihre Domain ein<\/h3>\n<p>Unser GZIP-Tester pr\u00fcft, ob die Datenkomprimierung auf dem Webserver, der Ihre Website hostet, aktiviert ist. Das Tool stellt eine Verbindung zu Ihrem Server her und zeigt an, ob die Datenkomprimierung aktiviert ist und l\u00e4uft.<\/p>\n<div class=\"content__img-wrap\"><img src=\"https:\/\/sitechecker.pro\/wp-content\/uploads\/2023\/11\/check-gzip-compression.png\" alt=\"GZIP-Komprimierung pr\u00fcfen\" class=\"description-img description-img-zoom\" loading=\"lazy\" ><\/div>\n<h3>Schritt 2: Interpretation der Ergebnisse des GZIP-Kompressionspr\u00fcfers<\/h3>\n<p>Unterhalb des Eingabebereichs best\u00e4tigt ein Ergebnisfeld die erfolgreiche Aktivierung des Komprimierungsalgorithmus. Es zeigt eine bemerkenswerte Verringerung der Seitengr\u00f6\u00dfe, was die Effizienz von optimization bei der Verbesserung der Website-Leistung durch Minimierung der Daten\u00fcbertragung unterstreicht.<\/p>\n<div class=\"content__img-wrap\"><img src=\"https:\/\/sitechecker.pro\/wp-content\/uploads\/2023\/11\/gzip-compression-results.png\" alt=\"GZIP-Komprimierungsergebnisse\" class=\"description-img description-img-zoom\" loading=\"lazy\" ><\/div>\n<p>F\u00fcr ein nachhaltiges Management des Datenverdichtungsstatus Ihrer Website sollten Sie einen \u00dcberwachungsdienst in Betracht ziehen, der eine kontinuierliche, rund um die Uhr verf\u00fcgbare \u00dcberwachungsfunktion bietet. Starten Sie Ihre kostenlose Testversion, um auf mehr Daten zuzugreifen und die Effektivit\u00e4t von SiteChecker zu maximieren. Das Tool sammelt die wesentlichen Daten f\u00fcr die \u00dcberwachung der wichtigsten Gesundheitsindikatoren Ihrer Website.<\/p>\n<p><strong>\u00dcberpr\u00fcfen Sie die Website-Komprimierung und integrierte \u00dcberwachung<\/strong><\/p>\n<p>Verbessern Sie die Leistung Ihrer Website mit GZIP Test Online, unterst\u00fctzt durch ein intuitives \u00dcberwachungs-Dashboard:<\/p>\n<ul>\n<li><strong>Instant Alerts: <\/strong>Verfolgen Sie wichtige Aktualisierungen, wie Optimierungen zur Verringerung der DOM-Breite, die sich direkt auf die Ladegeschwindigkeit auswirken.<\/li>\n<li><strong>Einblicke pr\u00fcfen: <\/strong>Zugriff auf visuelle Diagramme, die den Pr\u00fcfpfad Ihrer Website anzeigen, von der Problemerkennung bis zur L\u00f6sung, die sich in einer umfassenden Website-Bewertung widerspiegeln.<\/li>\n<li><strong>Gezielter Fokus: <\/strong>Verwenden Sie Filter, um Verbesserungen der Seitengeschwindigkeit zu erzielen.<\/li>\n<\/ul>\n<p>Nutzen Sie unser Tool f\u00fcr einen nahtlosen, schnellen und besser durchsuchbaren Online-Auftritt.<\/p>\n<div class=\"content__img-wrap\"><img src=\"https:\/\/sitechecker.pro\/wp-content\/uploads\/2023\/11\/site-monitoring.png\" alt=\"Site Monitoring\" class=\"description-img description-img-zoom\" loading=\"lazy\" ><\/div>\n<h2 id=\"par3\">Zus\u00e4tzliche Funktionen von GZIP Test<\/h2>\n<p>Der Bereich &#8220;Site Audit&#8221; einer Weboptimierungsplattform zeigt Probleme mit der Seitengeschwindigkeit auf, die sich auf die Leistung der Website und die Konversionsraten auswirken. Es werden Probleme mit der Bildoptimierung, der Code-Effizienz und den Dateigr\u00f6\u00dfen aufgedeckt, die Ihre Aufmerksamkeit erfordern. Die Geschwindigkeitswerte der Startseite von Mobile und Desktop PageSpeed Insights dienen als Benchmark.<\/p>\n<p>Das Audit best\u00e4tigt auch Bereiche, in denen es keine Probleme gibt, und zeigt ein Balkendiagramm mit den Prozents\u00e4tzen der betroffenen Seiten an. Es bietet einen vollst\u00e4ndigen \u00dcberblick \u00fcber die Web-Performance, um das Laden von Seiten und die Ladezeiten durch die Integration der Test-GZIP-Datenkomprimierung zu optimieren.<\/p>\n<div class=\"content__img-wrap\"><img src=\"https:\/\/sitechecker.pro\/wp-content\/uploads\/2023\/11\/additional-features-gzip-test.png\" alt=\"Zus\u00e4tzliche Funktionen GZIP-Test\" class=\"description-img description-img-zoom\" loading=\"lazy\" ><\/div>\n<p>Wenn Sie beispielsweise &#8220;View issue&#8221; f\u00fcr das Problem &#8220;Defer Offscreen Images&#8221; ausw\u00e4hlen, erhalten Sie Zugriff auf eine Liste aller Seiten der Website, bei denen dieses Problem auftritt. Diese Funktion untersucht den spezifischen Fehler innerhalb des Seitencodes und gibt Empfehlungen zur Behebung des Problems.<\/p>\n<div class=\"content__img-wrap\"><img src=\"https:\/\/sitechecker.pro\/wp-content\/uploads\/2023\/11\/defer-offscreen-images.png\" alt=\"Defer Offscreen Images\" class=\"description-img description-img-zoom\" loading=\"lazy\" ><\/div>\n<h2 id=\"par4\">Schlussgedanke<\/h2>\n<p>Der GZIP-Test ist wichtig, um die Ladezeiten von Websites durch Komprimierung von Webdateien zu verbessern und so einen schnelleren Benutzerzugriff zu erm\u00f6glichen. Er \u00fcberpr\u00fcft die Datenkomprimierung, die auf bestimmten Seiten verwendet wird, und zeigt schnell L\u00f6sungen f\u00fcr Leistungsprobleme auf. Das einheitliche Dashboard, die benutzerfreundliche Oberfl\u00e4che und das SEO-Toolset unterst\u00fctzen zusammen mit sofortigen Warnmeldungen und Audit-Einblicken die proaktive Website-Optimierung. Das \u00dcberwachungssystem bietet eine kontinuierliche \u00dcberwachung. Der GZIP Test ist eine umfassende L\u00f6sung f\u00fcr die Pflege einer effizienten, SEO-optimierten Online-Pr\u00e4senz.<\/p>\n<div id=\"par5\"><\/div>\n<p><div class=\"front__faq-block\"><div class=\"faq__block-title\">FAQ<\/div><div class=\"panel-group\" id=\"faq-accordion\" itemscope itemtype=\"https:\/\/schema.org\/FAQPage\" role=\"tablist\" aria-multiselectable=\"true\"><div class=\"panel\" itemscope itemtype=\"https:\/\/schema.org\/Question\" itemprop=\"mainEntity\">\n                            <div class=\"panel-heading\" id=\"headingFaq-1\">\n                                <div class=\"panel-title\" data-toggle=\"collapse\" aria-expanded=\"false\" href=\"#collapseFaq-1\">\n                                    <h3 itemprop=\"name\">Kann das GZIP-Komprimierungstool dabei helfen, die Antwortzeit des Servers zu verk\u00fcrzen?<\/h3>\n                                <\/div>\n                            <\/div>\n                            <div id=\"collapseFaq-1\" class=\"panel-collapse collapse\" itemprop=\"acceptedAnswer\" itemscope itemtype=\"http:\/\/schema.org\/Answer\">\n                                <div class=\"panel-body\" itemprop=\"text\">Ja, durch die Komprimierung von Webdateien reduziert die Check-GZIP-Website die zwischen dem Server und dem Client \u00fcbertragene Datenmenge. Es verringert auch den Bandbreitenverbrauch, was sich auf die Antwortzeit des Servers auswirkt.<\/div>\n                            <\/div>\n                        <\/div><div class=\"panel\" itemscope itemtype=\"https:\/\/schema.org\/Question\" itemprop=\"mainEntity\">\n                            <div class=\"panel-heading\" id=\"headingFaq-2\">\n                                <div class=\"panel-title\" data-toggle=\"collapse\" aria-expanded=\"false\" href=\"#collapseFaq-2\">\n                                    <h3 itemprop=\"name\">Unterst\u00fctzt das GZIP-Komprimierungstool alle Arten von Dateiformaten und Webdateien?<\/h3>\n                                <\/div>\n                            <\/div>\n                            <div id=\"collapseFaq-2\" class=\"panel-collapse collapse\" itemprop=\"acceptedAnswer\" itemscope itemtype=\"http:\/\/schema.org\/Answer\">\n                                <div class=\"panel-body\" itemprop=\"text\">Das Datenkomprimierungstool unterst\u00fctzt haupts\u00e4chlich die Datenkomprimierung von HTML-, CSS- und JavaScript-Formaten. Bei solchen Dateien kommt es in der Regel zu einer deutlichen Gr\u00f6\u00dfenreduzierung und Leistungsverbesserung.<\/div>\n                            <\/div>\n                        <\/div><div class=\"panel\" itemscope itemtype=\"https:\/\/schema.org\/Question\" itemprop=\"mainEntity\">\n                            <div class=\"panel-heading\" id=\"headingFaq-3\">\n                                <div class=\"panel-title\" data-toggle=\"collapse\" aria-expanded=\"false\" href=\"#collapseFaq-3\">\n                                    <h3 itemprop=\"name\">Wird sich die Aktivierung der GZIP-Datenkomprimierung auf die Qualit\u00e4t der Inhalte meiner Website auswirken?<\/h3>\n                                <\/div>\n                            <\/div>\n                            <div id=\"collapseFaq-3\" class=\"panel-collapse collapse\" itemprop=\"acceptedAnswer\" itemscope itemtype=\"http:\/\/schema.org\/Answer\">\n                                <div class=\"panel-body\" itemprop=\"text\">Nein, die Datenkomprimierung ist ein verlustfreier Vorgang. \u201eDas Tool reduziert die komprimierte Dateigr\u00f6\u00dfe, ohne die Qualit\u00e4t des Inhalts zu beeintr\u00e4chtigen.<\/div>\n                            <\/div>\n                        <\/div><div class=\"panel\" itemscope itemtype=\"https:\/\/schema.org\/Question\" itemprop=\"mainEntity\">\n                            <div class=\"panel-heading\" id=\"headingFaq-4\">\n                                <div class=\"panel-title\" data-toggle=\"collapse\" aria-expanded=\"false\" href=\"#collapseFaq-4\">\n                                    <h3 itemprop=\"name\">Wie aktiviere ich die GZIP-Komprimierung?<\/h3>\n                                <\/div>\n                            <\/div>\n                            <div id=\"collapseFaq-4\" class=\"panel-collapse collapse\" itemprop=\"acceptedAnswer\" itemscope itemtype=\"http:\/\/schema.org\/Answer\">\n                                <div class=\"panel-body\" itemprop=\"text\">Um die Datenkomprimierung zu aktivieren, konfigurieren Sie Ihre Webservereinstellungen. Auf diese Weise komprimieren Sie Website-Dateien, bevor Sie sie an den Browser senden. Normalerweise m\u00fcssen Sie Ihre .htaccess-Datei (f\u00fcr Apache-Server) oder die entsprechende Konfigurationsdatei f\u00fcr andere Webserver wie Nginx oder IIS bearbeiten. Bei einigen Content-Management-Systemen k\u00f6nnen Sie Plugins oder integrierte Standardeinstellungen verwenden, um die GZIP-Datenkomprimierung zu aktivieren.<\/div>\n                            <\/div>\n                        <\/div><div class=\"panel\" itemscope itemtype=\"https:\/\/schema.org\/Question\" itemprop=\"mainEntity\">\n                            <div class=\"panel-heading\" id=\"headingFaq-5\">\n                                <div class=\"panel-title\" data-toggle=\"collapse\" aria-expanded=\"false\" href=\"#collapseFaq-5\">\n                                    <h3 itemprop=\"name\">Wie interagiert der GZIP-Komprimierungspr\u00fcfer mit dem Browser-Caching?<\/h3>\n                                <\/div>\n                            <\/div>\n                            <div id=\"collapseFaq-5\" class=\"panel-collapse collapse\" itemprop=\"acceptedAnswer\" itemscope itemtype=\"http:\/\/schema.org\/Answer\">\n                                <div class=\"panel-body\" itemprop=\"text\">Der GZIP-Komprimierungspr\u00fcfer arbeitet mit dem Browser-Caching zusammen, indem er die Dateigr\u00f6\u00dfe reduziert, bevor die vollst\u00e4ndig komprimierten Versionen der Dateien im Cache gespeichert werden. Es erh\u00f6ht die Abrufgeschwindigkeit bei wiederholten Besuchen.<\/div>\n                            <\/div>\n                        <\/div><\/div><\/div><\/p>","protected":false},"excerpt":{"rendered":"Was ist ein GZIP Test? Der GZIP Compression Tester ist ein Online-Tool, das die Leistung von Webseiten durch \u00dcberpr\u00fcfung der Datenkomprimierung verbessern soll. Mit seiner Hilfe k\u00f6nnen Website-Besitzer und -Entwickler feststellen, ob ihre Webseiten effizient komprimiert sind. Sie k\u00f6nnen Probleme im Zusammenhang mit langsamen Ladezeiten und gro\u00dfen Daten\u00fcbertragungsgr\u00f6\u00dfen beheben und die Benutzerfreundlichkeit durch schnelleren Zugriff&#8230;","protected":false},"author":10409641,"featured_media":6977,"parent":0,"menu_order":0,"comment_status":"closed","ping_status":"closed","template":"pages-templates\/pages-minitools.php","meta":[],"categories":[74],"tags":[],"_links":{"self":[{"href":"https:\/\/sitechecker.pro\/de\/wp-json\/wp\/v2\/pages\/6997"}],"collection":[{"href":"https:\/\/sitechecker.pro\/de\/wp-json\/wp\/v2\/pages"}],"about":[{"href":"https:\/\/sitechecker.pro\/de\/wp-json\/wp\/v2\/types\/page"}],"author":[{"embeddable":true,"href":"https:\/\/sitechecker.pro\/de\/wp-json\/wp\/v2\/users\/10409641"}],"replies":[{"embeddable":true,"href":"https:\/\/sitechecker.pro\/de\/wp-json\/wp\/v2\/comments?post=6997"}],"version-history":[{"count":47,"href":"https:\/\/sitechecker.pro\/de\/wp-json\/wp\/v2\/pages\/6997\/revisions"}],"predecessor-version":[{"id":35340,"href":"https:\/\/sitechecker.pro\/de\/wp-json\/wp\/v2\/pages\/6997\/revisions\/35340"}],"wp:featuredmedia":[{"embeddable":true,"href":"https:\/\/sitechecker.pro\/de\/wp-json\/wp\/v2\/media\/6977"}],"wp:attachment":[{"href":"https:\/\/sitechecker.pro\/de\/wp-json\/wp\/v2\/media?parent=6997"}],"wp:term":[{"taxonomy":"category","embeddable":true,"href":"https:\/\/sitechecker.pro\/de\/wp-json\/wp\/v2\/categories?post=6997"},{"taxonomy":"post_tag","embeddable":true,"href":"https:\/\/sitechecker.pro\/de\/wp-json\/wp\/v2\/tags?post=6997"}],"curies":[{"name":"wp","href":"https:\/\/api.w.org\/{rel}","templated":true}]}}