{"id":6992,"date":"2019-05-27T14:19:09","date_gmt":"2019-05-27T14:19:09","guid":{"rendered":"https:\/\/sitechecker.pro\/?page_id=6992"},"modified":"2025-03-18T08:21:22","modified_gmt":"2025-03-18T08:21:22","slug":"website-safety","status":"publish","type":"page","link":"https:\/\/sitechecker.pro\/de\/website-safety\/","title":{"rendered":"Website-Sicherheits-Checker | GRATIS Website-Sicherheitstest \u2611"},"content":{"rendered":"<p><\/p>\n<h2 id=\"par1\">Was ist ein Website Safety Checker?<\/h2>\n<p>Der Website Safety Checker von <a href=\"https:\/\/sitechecker.pro\/\" target=\"_blank\" rel=\"noopener noreferrer\">Sitechecker<\/a> wurde entwickelt, um die Sicherheit Ihrer Website zu bewerten. Er verwendet den Google Safe Browsing Checker, um umfassende Details zur Domain bereitzustellen, pr\u00fcft, ob die Website auf einer <a href=\"https:\/\/sitechecker.pro\/what-is-url-blacklist\/\" target=\"_blank\" rel=\"noopener noreferrer\">Blacklist<\/a> erscheint, und bietet die M\u00f6glichkeit, die Ergebnisse als PDF herunterzuladen. Dar\u00fcber hinaus kann das Tool eine Pr\u00fcfung durchf\u00fchren, um technische Fehler zu identifizieren und zu beheben, die Ihrer Website schaden k\u00f6nnten, und so eine gr\u00fcndliche Analyse zur Wahrung ihrer Sicherheit und Integrit\u00e4t gew\u00e4hrleisten.<\/p>\n<h3>Das Tool kann Sie unterst\u00fctzen durch:<\/h3>\n<ul>\n<li><strong>Integration mit Google Safe Browsing Checker<\/strong> \u2013 zum Erkennen potenzieller Bedrohungen.<\/li>\n<li><strong>Blacklist-Verifizierung<\/strong> \u2013 pr\u00fcft, ob die Webressource auf einer Blacklist aufgef\u00fchrt ist.<\/li>\n<li><strong>Technische Sicherheitstests<\/strong> \u2013 identifiziert und behebt technische Fehler, die die Sicherheit der Site beeintr\u00e4chtigen.<\/li>\n<\/ul>\n<h3>Hauptfunktionen des Tools<\/h3>\n<p><strong>Einheitliches Dashboard<\/strong> \u2013 bietet einen umfassenden \u00dcberblick \u00fcber die Site-Metriken.<br \/>\n<strong>Benutzerfreundliche Oberfl\u00e4che<\/strong> \u2013 gew\u00e4hrleistet einfache Navigation und Benutzerfreundlichkeit f\u00fcr Benutzer aller Erfahrungsstufen.<br \/>\n<strong>Komplettes SEO-Toolset<\/strong> \u2013 Bietet eine umfassende Palette an SEO-Tools f\u00fcr die Keyword-Recherche, <a href=\"https:\/\/sitechecker.pro\/on-page-seo-checker\/\" target=\"_blank\" rel=\"noopener noreferrer\">Site-Audits<\/a> und mehr, die darauf abzielen, die Website-Leistung und die Sichtbarkeit in Suchmaschinen zu verbessern.<\/p>\n<h2 id=\"par2\">So verwenden Sie das Tool<\/h2>\n<h3>Schritt 1: Um die \u00dcberpr\u00fcfung der Website-Sicherheit zu starten, geben Sie einfach die URL Ihrer Domain ein und klicken Sie auf die Schaltfl\u00e4che \u201eSicherheit pr\u00fcfen\u201c<\/h3>\n<div class=\"content__img-wrap\"><img src=\"https:\/\/sitechecker.pro\/wp-content\/uploads\/2024\/02\/website-safety-checker.png\" alt=\"Website Safety Checker\" class=\"description-img description-img-zoom\" loading=\"lazy\" ><\/div>\n<h3>Schritt 2: Erhalten Sie das Ergebnis<\/h3>\n<p>Der Website Safety Checker ist ein robustes Tool zur Bewertung der Sicherheit von Websites. Benutzer k\u00f6nnen die URL einer Site in die Benutzeroberfl\u00e4che eingeben, um eine Sicherheits\u00fcberpr\u00fcfung durchzuf\u00fchren. Diese zeigt auf Grundlage der Daten von Google Safe Browsing an, ob die Site auf der schwarzen Liste steht oder sicher verwendet werden kann. Das Tool bietet au\u00dferdem wichtige Details wie den Dom\u00e4nenregistrierungsstatus, die IP-Adresse und den geografischen Standort sowie Optionen zum Herunterladen des Berichts oder zum Kopieren seiner Details.<\/p>\n<div class=\"content__img-wrap\"><img src=\"https:\/\/sitechecker.pro\/wp-content\/uploads\/2024\/02\/safety-checker-results.png\" alt=\"Safety Checker Results\" class=\"description-img description-img-zoom\" loading=\"lazy\" ><\/div>\n<h2 id=\"par3\">Zus\u00e4tzliche Funktionen<\/h2>\n<p>Das Tool bietet eine detaillierte Bewertung der Sicherheitsfunktionen Ihrer Site. F\u00fcr eine praktische Erfahrung k\u00f6nnen Sie eine kostenlose Testversion starten, indem Sie die entsprechende Schaltfl\u00e4che unten links in der Ergebnisoberfl\u00e4che ausw\u00e4hlen.<\/p>\n<p>Der Google Website Safety Checker zeigt ein \u00fcbersichtliches Dashboard mit verschiedenen Abschnitten, wie z. B. \u201eProblemliste\u201c und \u201eBetroffene Seiten nach Kategorie\u201c, und bietet eine detaillierte Analyse der Site-Leistung und -Sicherheit. Dazu geh\u00f6ren die Anzahl kritischer Probleme, Warnungen und Verbesserungsm\u00f6glichkeiten.<\/p>\n<p>Der Abschnitt \u201eSicherheit\u201c hebt bestimmte Schwachstellen hervor, z. B. Seiten mit internen Links zu HTTP oder fehlende Abwehrma\u00dfnahmen gegen g\u00e4ngige Webangriffe. F\u00fcr eine tiefere Analyse der Verzeichnisstruktur Ihrer Site kann die Funktion <a href=\"https:\/\/sitechecker.pro\/directory-scanner\/\">Verzeichnisscanner<\/a> verwendet werden, um alle Verzeichnisse und Dateien auf potenzielle Sicherheitsrisiken oder veraltete Protokolle zu untersuchen.<\/p>\n<p>Durch die Integration von <a href=\"https:\/\/sitechecker.pro\/website-defacement-monitoring\/\">Defacement Monitoring<\/a> werden nicht autorisierte \u00c4nderungen an Ihrer Website schnell erkannt. So k\u00f6nnen Sie Sicherheitsbedrohungen beheben und die Integrit\u00e4t, Leistung und das Vertrauen der Benutzer Ihrer Site aufrechterhalten.<\/p>\n<div class=\"content__img-wrap\"><img src=\"https:\/\/sitechecker.pro\/wp-content\/uploads\/2024\/02\/site-audit-dashboard.png\" alt=\"Site Audit Dashboard\" class=\"description-img description-img-zoom\" loading=\"lazy\" ><\/div>\n<p>Um sicherzustellen, dass Ihre Website effizient l\u00e4uft, k\u00f6nnen Sie au\u00dferdem mit einem <a href=\"https:\/\/sitechecker.pro\/speed-test\/\">Website-Geschwindigkeitstest<\/a> die Ladezeiten beurteilen und Verbesserungsbereiche ermitteln. Es gibt auch eine visuelle Darstellung des Website-Scores und eine Kategorisierung von Problemen, die verschiedene Aspekte der Website-Gesundheit betreffen, wie z. B. Inhaltsrelevanz, Seitengeschwindigkeit und Sicherheit.<\/p>\n<h2 id=\"par4\">Abschlie\u00dfende Idee<\/h2>\n<p>Der Website Safety Checker von Sitechecker ist ein vielseitiges Tool, das die Website-Sicherheit durch Google Safe Browsing-Pr\u00fcfungen, Blacklist-Verifizierung und eine detaillierte Pr\u00fcfung auf technische Schwachstellen gew\u00e4hrleistet. Es verf\u00fcgt \u00fcber eine benutzerfreundliche Oberfl\u00e4che mit einem einheitlichen Dashboard und einem umfassenden SEO-Toolkit zur Verbesserung der Website-Leistung. Erg\u00e4nzend dazu kann ein <a href=\"https:\/\/sitechecker.pro\/googlebot-simulator\/\">Googlebot-Simulator<\/a> Einblicke in die Navigation des Google-Crawlers auf Ihrer Website geben und sicherstellen, dass keine versteckten Probleme vorliegen, die das Crawling oder die Indexierung beeintr\u00e4chtigen k\u00f6nnten. Zusammen bieten diese Tools eine Komplettl\u00f6sung zur Optimierung und Sicherung der Leistung Ihrer Website.<\/p>\n<div id=\"par5\"><\/div>\n<p><div class=\"front__faq-block\"><div class=\"faq__block-title\">FAQ<\/div><div class=\"panel-group\" id=\"faq-accordion\" itemscope itemtype=\"https:\/\/schema.org\/FAQPage\" role=\"tablist\" aria-multiselectable=\"true\"><div class=\"panel\" itemscope itemtype=\"https:\/\/schema.org\/Question\" itemprop=\"mainEntity\">\n                            <div class=\"panel-heading\" id=\"headingFaq-1\">\n                                <div class=\"panel-title\" data-toggle=\"collapse\" aria-expanded=\"false\" href=\"#collapseFaq-1\">\n                                    <h3 itemprop=\"name\">Kann der Online Website Safety Checker mehrere Websites gleichzeitig analysieren?<\/h3>\n                                <\/div>\n                            <\/div>\n                            <div id=\"collapseFaq-1\" class=\"panel-collapse collapse\" itemprop=\"acceptedAnswer\" itemscope itemtype=\"http:\/\/schema.org\/Answer\">\n                                <div class=\"panel-body\" itemprop=\"text\">Das Tool konzentriert sich bei Sicherheitspr\u00fcfungen in erster Linie auf einzelne URL-Eingaben, kann aber f\u00fcr SEO-Kennzahlen und -Leistung mehrere Websites \u00fcber seine SEO Dashboard-Funktion \u00fcberwachen.<\/div>\n                            <\/div>\n                        <\/div><div class=\"panel\" itemscope itemtype=\"https:\/\/schema.org\/Question\" itemprop=\"mainEntity\">\n                            <div class=\"panel-heading\" id=\"headingFaq-2\">\n                                <div class=\"panel-title\" data-toggle=\"collapse\" aria-expanded=\"false\" href=\"#collapseFaq-2\">\n                                    <h3 itemprop=\"name\">Bewertet der kostenlose Website Safety Checker auch die SEO-Gesundheit der Website?<\/h3>\n                                <\/div>\n                            <\/div>\n                            <div id=\"collapseFaq-2\" class=\"panel-collapse collapse\" itemprop=\"acceptedAnswer\" itemscope itemtype=\"http:\/\/schema.org\/Answer\">\n                                <div class=\"panel-body\" itemprop=\"text\">Ja, er bietet ein komplettes SEO-Toolset, das verschiedene Aspekte wie Keyword-Recherche und Site-Audits auswertet, um die Website-Leistung und das Suchmaschinen-Ranking zu verbessern.<\/div>\n                            <\/div>\n                        <\/div><div class=\"panel\" itemscope itemtype=\"https:\/\/schema.org\/Question\" itemprop=\"mainEntity\">\n                            <div class=\"panel-heading\" id=\"headingFaq-3\">\n                                <div class=\"panel-title\" data-toggle=\"collapse\" aria-expanded=\"false\" href=\"#collapseFaq-3\">\n                                    <h3 itemprop=\"name\">Gibt es eine Funktion, um den Fortschritt einer \u00dcberpr\u00fcfung der Sicherheit einer Website im Zeitverlauf zu verfolgen?<\/h3>\n                                <\/div>\n                            <\/div>\n                            <div id=\"collapseFaq-3\" class=\"panel-collapse collapse\" itemprop=\"acceptedAnswer\" itemscope itemtype=\"http:\/\/schema.org\/Answer\">\n                                <div class=\"panel-body\" itemprop=\"text\">Das Tool bietet eine Website-Bewertung und Problemverfolgung, mit denen \u00c4nderungen und Verbesserungen des Sicherheitsstatus einer Website im Zeitverlauf \u00fcberwacht werden k\u00f6nnen.<\/div>\n                            <\/div>\n                        <\/div><\/div><\/div><\/p>","protected":false},"excerpt":{"rendered":"Was ist ein Website Safety Checker? Der Website Safety Checker von Sitechecker wurde entwickelt, um die Sicherheit Ihrer Website zu bewerten. Er verwendet den Google Safe Browsing Checker, um umfassende Details zur Domain bereitzustellen, pr\u00fcft, ob die Website auf einer Blacklist erscheint, und bietet die M\u00f6glichkeit, die Ergebnisse als PDF herunterzuladen. Dar\u00fcber hinaus kann das&#8230;","protected":false},"author":10409641,"featured_media":6976,"parent":0,"menu_order":0,"comment_status":"closed","ping_status":"closed","template":"pages-templates\/pages-minitools.php","meta":[],"categories":[73],"tags":[],"_links":{"self":[{"href":"https:\/\/sitechecker.pro\/de\/wp-json\/wp\/v2\/pages\/6992"}],"collection":[{"href":"https:\/\/sitechecker.pro\/de\/wp-json\/wp\/v2\/pages"}],"about":[{"href":"https:\/\/sitechecker.pro\/de\/wp-json\/wp\/v2\/types\/page"}],"author":[{"embeddable":true,"href":"https:\/\/sitechecker.pro\/de\/wp-json\/wp\/v2\/users\/10409641"}],"replies":[{"embeddable":true,"href":"https:\/\/sitechecker.pro\/de\/wp-json\/wp\/v2\/comments?post=6992"}],"version-history":[{"count":118,"href":"https:\/\/sitechecker.pro\/de\/wp-json\/wp\/v2\/pages\/6992\/revisions"}],"predecessor-version":[{"id":36024,"href":"https:\/\/sitechecker.pro\/de\/wp-json\/wp\/v2\/pages\/6992\/revisions\/36024"}],"wp:featuredmedia":[{"embeddable":true,"href":"https:\/\/sitechecker.pro\/de\/wp-json\/wp\/v2\/media\/6976"}],"wp:attachment":[{"href":"https:\/\/sitechecker.pro\/de\/wp-json\/wp\/v2\/media?parent=6992"}],"wp:term":[{"taxonomy":"category","embeddable":true,"href":"https:\/\/sitechecker.pro\/de\/wp-json\/wp\/v2\/categories?post=6992"},{"taxonomy":"post_tag","embeddable":true,"href":"https:\/\/sitechecker.pro\/de\/wp-json\/wp\/v2\/tags?post=6992"}],"curies":[{"name":"wp","href":"https:\/\/api.w.org\/{rel}","templated":true}]}}