{"id":6802,"date":"2019-05-16T09:03:06","date_gmt":"2019-05-16T09:03:06","guid":{"rendered":"https:\/\/sitechecker.pro\/?page_id=6802"},"modified":"2025-02-10T15:22:21","modified_gmt":"2025-02-10T15:22:21","slug":"cookie-checker","status":"publish","type":"page","link":"https:\/\/sitechecker.pro\/de\/cookie-checker\/","title":{"rendered":"Kostenloser Website-Cookie-Checker \u2611"},"content":{"rendered":"<p><\/p>\n<h2 id=\"par1\">Was ist der Kostenloser Website-Cookie-Checker?<\/h2>\n<p>Der Website Cookie Tester von <a href=\"https:\/\/sitechecker.pro\/\" target=\"_blank\" rel=\"noopener noreferrer\">Sitechecker<\/a> analysiert Website-Cookies und hebt deren Sicherheit (HttpOnly, Secure), Typ (Sitzung oder dauerhaft), Umfang (Dom\u00e4ne\/Pfad), Ablaufdatum und Name-Wert-Paare hervor. Er hilft dabei, unsichere oder falsch konfigurierte Cookies zu erkennen und zu beheben, um die Sicherheit und Compliance zu verbessern.<\/p>\n<h3>Wie das Tool Ihnen helfen kann<\/h3>\n<p><strong>Detaillierte Cookie-Informationen: <\/strong>bietet Daten zum Cookie-Typ (Sitzung oder dauerhaft), Dom\u00e4nen-\/Pfadumfang, Ablaufdaten und Name-Wert-Paaren.<\/p>\n<p><strong>Cookie-Sicherheitsanalyse: <\/strong>identifiziert, ob HTTP-Datentoken HttpOnly, Secure und richtig konfiguriert sind, um Schwachstellen wie XSS-Angriffe zu verhindern.<\/p>\n<p><strong>Compliance und Optimierung: <\/strong>hilft sicherzustellen, dass Cookies Sicherheitsstandards und -vorschriften erf\u00fcllen, und verbessert so die <a href=\"https:\/\/sitechecker.pro\/website-safety\/\" target=\"_blank\" rel=\"noopener noreferrer\">Website-Sicherheit<\/a> und den Schutz von Benutzerdaten.<\/p>\n<h3>Hauptfunktionen des Tools<\/h3>\n<p><strong>Einheitliches Dashboard: <\/strong>bietet eine zentrale Plattform zur \u00dcberwachung und Verwaltung aller SEO-Aktivit\u00e4ten, sodass die Website-Leistung einfach verfolgt und Probleme identifiziert werden k\u00f6nnen.<\/p>\n<p><strong>Benutzerfreundliche Oberfl\u00e4che: <\/strong>f\u00fcr eine einfache Bedienung konzipiert, sodass Benutzer aller F\u00e4higkeitsstufen m\u00fchelos durch die Tools navigieren und auf Erkenntnisse zugreifen k\u00f6nnen.<\/p>\n<p><strong>Komplettes SEO-Toolset: <\/strong>bietet eine umfassende Suite an Tools, darunter Site-Audits, <a href=\"https:\/\/sitechecker.pro\/rank-tracker\/\" target=\"_blank\" rel=\"noopener noreferrer\">Ranking-Tracking<\/a>, Keyword-Recherche und Leistungs\u00fcberwachung, um die Sichtbarkeit und den Verkehr der Website zu optimieren.<\/p>\n<h2 id=\"par2\">So verwenden Sie das Tool<\/h2>\n<h3>Schritt 1: Geben Sie die URL des Dom\u00e4nennamens ein und klicken Sie auf die Schaltfl\u00e4che \u201eCookies pr\u00fcfen\u201c<\/h3>\n<div class=\"content__img-wrap\"><img src=\"https:\/\/sitechecker.pro\/wp-content\/uploads\/2025\/01\/website-cookie-checker.png\" alt=\"Website Cookie Checker\" class=\"description-img description-img-zoom\" loading=\"lazy\" ><\/div>\n<h3>Schritt 2: Ergebnisse abrufen<\/h3>\n<p>Der Cookie Checker bietet detaillierte Einblicke in die HTTP-Datentoken einer Website, einschlie\u00dflich ihrer Sicherheitsattribute (HttpOnly, Secure), Typ (Sitzung oder persistent), Ablaufdaten, Dom\u00e4nen\/Pfade und zugeh\u00f6rigen Name-Wert-Paare.<\/p>\n<div class=\"content__img-wrap\"><img src=\"https:\/\/sitechecker.pro\/wp-content\/uploads\/2025\/01\/cookie-checker-report.png\" alt=\"Cookie Checker Report\" class=\"description-img description-img-zoom\" loading=\"lazy\" ><\/div>\n<p>Wenn Sie auf die Schaltfl\u00e4che \u201eCookie-Sicherheitstest\u201c klicken, erhalten Sie detaillierte Informationen zu den Schwachstellen Ihrer Website.<\/p>\n<div class=\"content__img-wrap\"><img src=\"https:\/\/sitechecker.pro\/wp-content\/uploads\/2025\/01\/test-cookies-security.png\" alt=\"Test Cookies Security\" class=\"description-img description-img-zoom\" loading=\"lazy\" ><\/div>\n<div class=\"important-block\">Um Ergebnisse zu erhalten und 14 Tage lang auf die Funktionen von Sitechecker zuzugreifen, starten Sie Ihre KOSTENLOSE Testversion. Die Anmeldung ist ganz einfach mit Ihrem E-Mail-, Google- oder Facebook-Konto. Es ist keine Kreditkarte erforderlich.<\/div>\n<p>Sie k\u00f6nnen alle Fehler im Zusammenhang mit der Sicherheit Ihrer Website sowie die Implementierung der Abwehrma\u00dfnahmen gegen unbefugten Zugriff auf Cookies \u00fcber JavaScript aufdecken. Klicken Sie auf ein beliebiges Problem, um betroffene Seiten, Anleitungen zur Fehlerbehebung und Eingabeaufforderungen im Code anzuzeigen.<\/p>\n<div class=\"content__img-wrap\"><img src=\"https:\/\/sitechecker.pro\/wp-content\/uploads\/2025\/01\/inspect-site-security.png\" alt=\"Inspect Site Security\" class=\"description-img description-img-zoom\" loading=\"lazy\" ><\/div>\n<h2 id=\"par3\">Zus\u00e4tzliche Funktionen<\/h2>\n<p>Das Tool kategorisiert betroffene Seiten auch anhand bestimmter Probleme und bietet eine klare Aufschl\u00fcsselung der Schwachstellen nach Kategorien wie Sicherheit, Links, Indexierbarkeit, Inhaltsrelevanz, Seitengeschwindigkeit und mehr. Jede Kategorie hebt den Prozentsatz der betroffenen Seiten hervor, sodass Benutzer Korrekturen priorisieren k\u00f6nnen. Das Tool bietet umsetzbare Erkenntnisse, einschlie\u00dflich detaillierter Problembeschreibungen und schrittweiser Anleitungen, um Probleme wie unsichere Cookies, fehlende Weiterleitungen und unzureichende Abwehrmechanismen zu beheben. Diese Kategorisierung hilft dabei, die Website-Optimierung zu optimieren und die allgemeine Website-Leistung und -Konformit\u00e4t zu verbessern.<\/p>\n<div class=\"content__img-wrap\"><img src=\"https:\/\/sitechecker.pro\/wp-content\/uploads\/2025\/01\/inspect-site-security.png\" alt=\"Site-Sicherheit pr\u00fcfen\" class=\"description-img description-img-zoom\" loading=\"lazy\" ><\/div>\n<h2 id=\"par4\">Abschlie\u00dfende Idee<\/h2>\n<p>Der Website Cookie Checker analysiert Speicherelemente von Website-Browsern und bietet Einblicke in Sicherheit (HttpOnly, Secure), Typ (Sitzung oder persistent), Ablauf, Dom\u00e4nen\/Pfade und Compliance. Er identifiziert Schwachstellen wie XSS-Risiken und unsichere Konfigurationen und tr\u00e4gt so zu verbesserter Sicherheit und Optimierung bei. Das Tool bietet eine benutzerfreundliche Oberfl\u00e4che, ein zentrales Dashboard und ein vollst\u00e4ndiges SEO-Toolset, das Probleme wie Sicherheit, Links und Seitengeschwindigkeit f\u00fcr priorisierte Korrekturen kategorisiert. Mit umsetzbaren Anleitungen und detaillierten Ergebnissen k\u00f6nnen Benutzer die Leistung, Sicherheit und Compliance ihrer Website problemlos verbessern.<\/p>\n<div id=\"par5\"><\/div>\n<p><div class=\"front__faq-block\"><div class=\"faq__block-title\">FAQ<\/div><div class=\"panel-group\" id=\"faq-accordion\" itemscope itemtype=\"https:\/\/schema.org\/FAQPage\" role=\"tablist\" aria-multiselectable=\"true\"><div class=\"panel\" itemscope itemtype=\"https:\/\/schema.org\/Question\" itemprop=\"mainEntity\">\n                            <div class=\"panel-heading\" id=\"headingFaq-1\">\n                                <div class=\"panel-title\" data-toggle=\"collapse\" aria-expanded=\"false\" href=\"#collapseFaq-1\">\n                                    <h3 itemprop=\"name\">Kann der Website Cookie Checker Cookies von Drittanbietern identifizieren?<\/h3>\n                                <\/div>\n                            <\/div>\n                            <div id=\"collapseFaq-1\" class=\"panel-collapse collapse\" itemprop=\"acceptedAnswer\" itemscope itemtype=\"http:\/\/schema.org\/Answer\">\n                                <div class=\"panel-body\" itemprop=\"text\">Ja, das Tool bietet Informationen zu allen HTTP-Datentoken, einschlie\u00dflich derer von Drittanbieterdom\u00e4nen, sowie zu deren Sicherheitsattributen und -konfigurationen.<\/div>\n                            <\/div>\n                        <\/div><div class=\"panel\" itemscope itemtype=\"https:\/\/schema.org\/Question\" itemprop=\"mainEntity\">\n                            <div class=\"panel-heading\" id=\"headingFaq-2\">\n                                <div class=\"panel-title\" data-toggle=\"collapse\" aria-expanded=\"false\" href=\"#collapseFaq-2\">\n                                    <h3 itemprop=\"name\">Bietet der Cookie Tester Anleitungen zum Beheben von Problemen?<\/h3>\n                                <\/div>\n                            <\/div>\n                            <div id=\"collapseFaq-2\" class=\"panel-collapse collapse\" itemprop=\"acceptedAnswer\" itemscope itemtype=\"http:\/\/schema.org\/Answer\">\n                                <div class=\"panel-body\" itemprop=\"text\">Ja, er bietet eine Schritt-f\u00fcr-Schritt-Anleitung und Eingabeaufforderungen im Code, um Cookie-bezogene Schwachstellen und Fehlkonfigurationen zu beheben.<\/div>\n                            <\/div>\n                        <\/div><div class=\"panel\" itemscope itemtype=\"https:\/\/schema.org\/Question\" itemprop=\"mainEntity\">\n                            <div class=\"panel-heading\" id=\"headingFaq-3\">\n                                <div class=\"panel-title\" data-toggle=\"collapse\" aria-expanded=\"false\" href=\"#collapseFaq-3\">\n                                    <h3 itemprop=\"name\">Warum ist der Cookie Checker f\u00fcr Compliance-Zwecke geeignet?<\/h3>\n                                <\/div>\n                            <\/div>\n                            <div id=\"collapseFaq-3\" class=\"panel-collapse collapse\" itemprop=\"acceptedAnswer\" itemscope itemtype=\"http:\/\/schema.org\/Answer\">\n                                <div class=\"panel-body\" itemprop=\"text\">Das Tool stellt sicher, dass HTTP-Datentoken Sicherheitsstandards und gesetzliche Anforderungen erf\u00fcllen, indem es unsichere Konfigurationen hervorhebt und umsetzbare Empfehlungen bietet.<\/div>\n                            <\/div>\n                        <\/div><div class=\"panel\" itemscope itemtype=\"https:\/\/schema.org\/Question\" itemprop=\"mainEntity\">\n                            <div class=\"panel-heading\" id=\"headingFaq-4\">\n                                <div class=\"panel-title\" data-toggle=\"collapse\" aria-expanded=\"false\" href=\"#collapseFaq-4\">\n                                    <h3 itemprop=\"name\">Kann ich den Fortschritt nach der Behebung der vom Tool identifizierten Probleme verfolgen?<\/h3>\n                                <\/div>\n                            <\/div>\n                            <div id=\"collapseFaq-4\" class=\"panel-collapse collapse\" itemprop=\"acceptedAnswer\" itemscope itemtype=\"http:\/\/schema.org\/Answer\">\n                                <div class=\"panel-body\" itemprop=\"text\">Ja, das Tool erm\u00f6glicht Ihnen, Ihre Site erneut zu crawlen, um zu \u00fcberpr\u00fcfen, ob die Korrekturen erfolgreich implementiert wurden.<\/div>\n                            <\/div>\n                        <\/div><\/div><\/div><\/p>","protected":false},"excerpt":{"rendered":"Was ist der Kostenloser Website-Cookie-Checker? Der Website Cookie Tester von Sitechecker analysiert Website-Cookies und hebt deren Sicherheit (HttpOnly, Secure), Typ (Sitzung oder dauerhaft), Umfang (Dom\u00e4ne\/Pfad), Ablaufdatum und Name-Wert-Paare hervor. Er hilft dabei, unsichere oder falsch konfigurierte Cookies zu erkennen und zu beheben, um die Sicherheit und Compliance zu verbessern. Wie das Tool Ihnen helfen kann&#8230;","protected":false},"author":10409641,"featured_media":6979,"parent":0,"menu_order":0,"comment_status":"closed","ping_status":"closed","template":"pages-templates\/pages-minitools-3.php","meta":[],"categories":[73],"tags":[],"_links":{"self":[{"href":"https:\/\/sitechecker.pro\/de\/wp-json\/wp\/v2\/pages\/6802"}],"collection":[{"href":"https:\/\/sitechecker.pro\/de\/wp-json\/wp\/v2\/pages"}],"about":[{"href":"https:\/\/sitechecker.pro\/de\/wp-json\/wp\/v2\/types\/page"}],"author":[{"embeddable":true,"href":"https:\/\/sitechecker.pro\/de\/wp-json\/wp\/v2\/users\/10409641"}],"replies":[{"embeddable":true,"href":"https:\/\/sitechecker.pro\/de\/wp-json\/wp\/v2\/comments?post=6802"}],"version-history":[{"count":34,"href":"https:\/\/sitechecker.pro\/de\/wp-json\/wp\/v2\/pages\/6802\/revisions"}],"predecessor-version":[{"id":35365,"href":"https:\/\/sitechecker.pro\/de\/wp-json\/wp\/v2\/pages\/6802\/revisions\/35365"}],"wp:featuredmedia":[{"embeddable":true,"href":"https:\/\/sitechecker.pro\/de\/wp-json\/wp\/v2\/media\/6979"}],"wp:attachment":[{"href":"https:\/\/sitechecker.pro\/de\/wp-json\/wp\/v2\/media?parent=6802"}],"wp:term":[{"taxonomy":"category","embeddable":true,"href":"https:\/\/sitechecker.pro\/de\/wp-json\/wp\/v2\/categories?post=6802"},{"taxonomy":"post_tag","embeddable":true,"href":"https:\/\/sitechecker.pro\/de\/wp-json\/wp\/v2\/tags?post=6802"}],"curies":[{"name":"wp","href":"https:\/\/api.w.org\/{rel}","templated":true}]}}