{"id":654,"date":"2017-12-12T09:36:45","date_gmt":"2017-12-12T09:36:45","guid":{"rendered":"https:\/\/sitechecker.pro\/?page_id=654"},"modified":"2026-02-16T16:59:38","modified_gmt":"2026-02-16T16:59:38","slug":"canonical-url","status":"publish","type":"page","link":"https:\/\/sitechecker.pro\/de\/canonical-url\/","title":{"rendered":"Canonical Tag Checker | Testen Sie, ob die URL kanonisch ist und beheben Sie es \u2611"},"content":{"rendered":"<p><\/p>\n<h2 id=\"par1\">Was ist der Canonical Tester?<\/h2>\n<p>Der Canonical URL Checker von <a href=\"https:\/\/sitechecker.pro\/\" target=\"_blank\" rel=\"noopener noreferrer\">Sitechecker<\/a> \u00fcberpr\u00fcft und analysiert <a href=\"https:\/\/sitechecker.pro\/what-is-canonical-url\/\" target=\"_blank\" rel=\"noopener noreferrer\">bevorzugte Versionen<\/a> von Webseiten, um Probleme mit <a href=\"https:\/\/sitechecker.pro\/duplicate-content\/\" target=\"_blank\" rel=\"noopener noreferrer\">duplizierten Inhalten<\/a> zu vermeiden und eine korrekte Indizierung durch Suchmaschinen sicherzustellen. Er bietet eine Site-weite Pr\u00fcfung zum Erkennen fehlender oder falscher Canonical-Tags und eine schnelle Einzelseitenpr\u00fcfung zur sofortigen Tag-Validierung.<\/p>\n<h3>Wie das Tool Ihnen helfen kann<\/h3>\n<p><strong>Bevorzugte URL-\u00dcberpr\u00fcfung: <\/strong>\u00fcberpr\u00fcft, ob eine Seite eine korrekt implementierte bevorzugte Version einer Webseite hat, um Probleme mit doppelten Inhalten zu vermeiden.<\/p>\n<p><strong>Problemerkennung: <\/strong>\u00fcberpr\u00fcft alle Seiten, um fehlende, falsche oder widerspr\u00fcchliche Tags f\u00fcr eine ordnungsgem\u00e4\u00dfe <a href=\"https:\/\/sitechecker.pro\/google-index\/\" target=\"_blank\" rel=\"noopener noreferrer\">Indizierung<\/a> zu identifizieren.<\/p>\n<p><strong>\u00dcberwachung kanonischer Tags: <\/strong>verfolgt bevorzugte URL-Tags auf der gesamten Site, um \u00c4nderungen, Fehler oder Inkonsistenzen zu erkennen, die sich auf die SEO auswirken k\u00f6nnten.<\/p>\n<h3>Hauptfunktionen des Tools<\/h3>\n<p><strong>Einheitliches Dashboard: <\/strong>bietet eine zentrale Ansicht aller SEO-Erkenntnisse, der Website-Gesundheit und Optimierungsempfehlungen.<\/p>\n<p><strong>Benutzerfreundliche Oberfl\u00e4che: <\/strong>vereinfacht die SEO-Analyse durch ein intuitives Design und erleichtert die \u00dcberwachung und Behebung von Problemen ohne technisches Fachwissen.<\/p>\n<p><strong>Komplettes SEO-Toolset: <\/strong>bietet eine umfassende Suite von Tools, Site-Audits und Keyword-Tracking f\u00fcr die vollst\u00e4ndige Website-Optimierung.<\/p>\n<h2 id=\"par2\">So verwenden Sie das Tool<\/h2>\n<p>Um den Canonical URL Tester zu verwenden, w\u00e4hlen Sie eine Audit-Option entsprechend Ihren Anforderungen aus. W\u00e4hlen Sie \u201eCanonicals auf allen Seiten pr\u00fcfen\u201c f\u00fcr ein vollst\u00e4ndiges Website-Audit oder \u201eCanonicals auf der Seite pr\u00fcfen\u201c f\u00fcr eine sofortige Einzelseitenpr\u00fcfung. Klicken Sie nach der Auswahl auf \u201eAudit starten\u201c, um Canonical-Tags zu analysieren und eine ordnungsgem\u00e4\u00dfe Indizierung sicherzustellen.<\/p>\n<h2 id=\"par3\">Canonicals f\u00fcr alle Seiten testen<\/h2>\n<h3>Schritt 1: W\u00e4hlen Sie die ersten Auswahloptionen<\/h3>\n<div class=\"content__img-wrap\"><img src=\"https:\/\/sitechecker.pro\/wp-content\/uploads\/2025\/02\/check-canonicals-all-pages.png\" alt=\"Canonicals f\u00fcr alle Seiten pr\u00fcfen\" class=\"description-img description-img-zoom\" loading=\"lazy\" ><\/div>\n<div class=\"important-block\">Um Ergebnisse zu erhalten und 14 Tage lang auf die Funktionen von Sitechecker zuzugreifen, starten Sie Ihre KOSTENLOSE Testversion. Die Anmeldung ist ganz einfach mit Ihrem E-Mail-, Google- oder Facebook-Konto. Es ist keine Kreditkarte erforderlich.<\/div>\n<h3>Schritt 2: Ergebnisse erhalten<\/h3>\n<p>Identifizieren Sie fehlende, falsche oder widerspr\u00fcchliche bevorzugte URL-Tags, die die Indizierung beeintr\u00e4chtigen. Erhalten Sie detaillierte Problemberichte, betroffene Seiten und umsetzbare Empfehlungen, um eine ordnungsgem\u00e4\u00dfe Erkennung durch Suchmaschinen sicherzustellen und Probleme mit doppelten Inhalten zu vermeiden.<\/p>\n<div class=\"content__img-wrap\"><img src=\"https:\/\/sitechecker.pro\/wp-content\/uploads\/2025\/02\/canonical-issues.png\" alt=\"Canonical Issues\" class=\"description-img description-img-zoom\" loading=\"lazy\" ><\/div>\n<h3>Zus\u00e4tzliche Funktionen des Tools<\/h3>\n<p>Erhalten Sie ein vollst\u00e4ndiges Site-Audit mit detaillierten Berichten zu bevorzugten URL-Tag-Problemen, Indexierbarkeit, doppelten Inhalten und technischen SEO-Faktoren. Identifizieren Sie kritische Fehler, Warnungen und Optimierungsm\u00f6glichkeiten, um die Sichtbarkeit in Suchmaschinen und die Website-Leistung zu verbessern.<\/p>\n<div class=\"content__img-wrap\"><img src=\"https:\/\/sitechecker.pro\/wp-content\/uploads\/2025\/02\/site-audit-issues-3.png\" alt=\"Site Audit Issues\" class=\"description-img description-img-zoom\" loading=\"lazy\" ><\/div>\n<h2 id=\"par4\">Testen Sie das Canonical-Tag auf der Seite<\/h2>\n<h3>Schritt 1: W\u00e4hlen Sie eine Seitenpr\u00fcfungsoption und starten Sie die Pr\u00fcfung<\/h3>\n<div class=\"content__img-wrap\"><img src=\"https:\/\/sitechecker.pro\/wp-content\/uploads\/2025\/02\/check-canonical-page.png\" alt=\"Canonical-Seite pr\u00fcfen\" class=\"description-img description-img-zoom\" loading=\"lazy\" ><\/div>\n<h3>Schritt 2: Erhalten Sie die Ergebnisse<\/h3>\n<p>\u00dcberpr\u00fcfen Sie sofort, ob eine Webseite eine ordnungsgem\u00e4\u00df implementierte bevorzugte Version einer Webseite hat, \u00fcberpr\u00fcfen Sie ihren Statuscode und stellen Sie eine korrekte Indizierung sicher, um Probleme mit doppelten Inhalten zu vermeiden.<\/p>\n<div class=\"content__img-wrap\"><img src=\"https:\/\/sitechecker.pro\/wp-content\/uploads\/2025\/02\/canonical-link-check.png\" alt=\"Canonical Link Check\" class=\"description-img description-img-zoom\" loading=\"lazy\" ><\/div>\n<p>Maximieren Sie die F\u00e4higkeiten des Tools im Abschnitt Site Audit. Erkunden Sie die Demo, um kritische SEO-Probleme aufzudecken, die Website-Leistung zu steigern und die technische Optimierung Ihrer Website zu vereinfachen.<\/p>\n<div class=\"content__img-wrap\"><img src=\"https:\/\/sitechecker.pro\/wp-content\/uploads\/2025\/02\/site-audit-3.png\" alt=\"Site Audit\" class=\"description-img description-img-zoom\" loading=\"lazy\" ><\/div>\n<h3>Zus\u00e4tzliche Funktionen des Canonical-Tag-Tests<\/h3>\n<p>Erhalten Sie neben der bevorzugten Version einer Webseitenvalidierung einen detaillierten \u00dcberblick \u00fcber kritische und Warnprobleme, PageSpeed-Leistung, Indexierbarkeit und Inhaltsoptimierung. Identifizieren Sie technische SEO-Probleme und erhalten Sie umsetzbare Empfehlungen, um die Suchsichtbarkeit Ihrer Webseite zu verbessern.<\/p>\n<div class=\"content__img-wrap\"><img src=\"https:\/\/sitechecker.pro\/wp-content\/uploads\/2025\/02\/issues-overview-3.png\" alt=\"Problem\u00fcbersicht\" class=\"description-img description-img-zoom\" loading=\"lazy\" ><\/div>\n<p>Wenn eine <a href=\"https:\/\/sitechecker.pro\/site-audit-issues\/canonical-is-missing\/\" target=\"_blank\" rel=\"noopener noreferrer\">fehlende kanonische URL<\/a> erkannt wird, stellen wir eine detaillierte, umfassende Anleitung zur Behebung des Problems bereit. Sie k\u00f6nnen sich hier auch die Videoversion der Anleitung ansehen.<\/p>\n<p><iframe width=\"700\" height=\"350\" src=\"https:\/\/www.youtube.com\/embed\/o_uOGuM3pjs?si=Xybk6A8ngsKd9j9B\" title=\"YouTube-Videoplayer\" frameborder=\"0\" allow=\"accelerometer; autoplay; clipboard-write; encrypted-media; gyroscope; picture-in-picture; web-share\" referrerpolicy=\"strict-origin-when-cross-origin\" allowfullscreen><\/iframe><\/p>\n<h2 id=\"par5\">Abschlie\u00dfende Idee<\/h2>\n<p>Der Canonical Tag Checker hilft dabei, eine korrekte Indizierung sicherzustellen, indem er kanonische Tags auf Ihrer gesamten Website \u00fcberpr\u00fcft, erkennt und \u00fcberwacht. Er bietet Site-weite Pr\u00fcfungen, um fehlende oder falsche Tags zu identifizieren, und sofortige Einzelseitenpr\u00fcfungen zur schnellen Validierung. Mit einer benutzerfreundlichen Oberfl\u00e4che, einem einheitlichen Dashboard und einem vollst\u00e4ndigen SEO-Toolset vereinfacht er die SEO-Analyse und -Optimierung. Benutzer k\u00f6nnen kritische SEO-Probleme aufdecken, die Website-Leistung verbessern und Probleme mit doppelten Inhalten verhindern.<\/p>\n<div id=\"par6\"><\/div>\n<p><div class=\"front__faq-block\"><div class=\"faq__block-title\">FAQ<\/div><div class=\"panel-group\" id=\"faq-accordion\" itemscope itemtype=\"https:\/\/schema.org\/FAQPage\" role=\"tablist\" aria-multiselectable=\"true\"><div class=\"panel\" itemscope itemtype=\"https:\/\/schema.org\/Question\" itemprop=\"mainEntity\">\n                            <div class=\"panel-heading\" id=\"headingFaq-1\">\n                                <div class=\"panel-title\" data-toggle=\"collapse\" aria-expanded=\"false\" href=\"#collapseFaq-1\">\n                                    <h3 itemprop=\"name\">Wie hilft das Canonicalization Checker Tool dabei, Probleme mit doppelten Inhalten zu verhindern?<\/h3>\n                                <\/div>\n                            <\/div>\n                            <div id=\"collapseFaq-1\" class=\"panel-collapse collapse\" itemprop=\"acceptedAnswer\" itemscope itemtype=\"http:\/\/schema.org\/Answer\">\n                                <div class=\"panel-body\" itemprop=\"text\">Es erkennt falsche oder fehlende kanonische Tags, stellt sicher, dass Suchmaschinen die richtige URL-Version erkennen, und verhindert Strafen f\u00fcr doppelte Inhalte.<\/div>\n                            <\/div>\n                        <\/div><div class=\"panel\" itemscope itemtype=\"https:\/\/schema.org\/Question\" itemprop=\"mainEntity\">\n                            <div class=\"panel-heading\" id=\"headingFaq-2\">\n                                <div class=\"panel-title\" data-toggle=\"collapse\" aria-expanded=\"false\" href=\"#collapseFaq-2\">\n                                    <h3 itemprop=\"name\">Kann das Tool \u00c4nderungen an der bevorzugten Version einer Webseite im Laufe der Zeit verfolgen?<\/h3>\n                                <\/div>\n                            <\/div>\n                            <div id=\"collapseFaq-2\" class=\"panel-collapse collapse\" itemprop=\"acceptedAnswer\" itemscope itemtype=\"http:\/\/schema.org\/Answer\">\n                                <div class=\"panel-body\" itemprop=\"text\">Ja, es bietet eine \u00dcberwachung kanonischer Tags und verfolgt kontinuierlich \u00c4nderungen, Fehler und Inkonsistenzen auf einer Website.<\/div>\n                            <\/div>\n                        <\/div><div class=\"panel\" itemscope itemtype=\"https:\/\/schema.org\/Question\" itemprop=\"mainEntity\">\n                            <div class=\"panel-heading\" id=\"headingFaq-3\">\n                                <div class=\"panel-title\" data-toggle=\"collapse\" aria-expanded=\"false\" href=\"#collapseFaq-3\">\n                                    <h3 itemprop=\"name\">Bietet der Canonical Tag Tester Empfehlungen zur Behebung von Problemen?<\/h3>\n                                <\/div>\n                            <\/div>\n                            <div id=\"collapseFaq-3\" class=\"panel-collapse collapse\" itemprop=\"acceptedAnswer\" itemscope itemtype=\"http:\/\/schema.org\/Answer\">\n                                <div class=\"panel-body\" itemprop=\"text\">Ja, es generiert detaillierte Problemberichte mit Erkl\u00e4rungen und umsetzbaren Empfehlungen zur L\u00f6sung von Problemen mit kanonischen Tags.<\/div>\n                            <\/div>\n                        <\/div><\/div><\/div><\/p>","protected":false},"excerpt":{"rendered":"Was ist der Canonical Tester? Der Canonical URL Checker von Sitechecker \u00fcberpr\u00fcft und analysiert bevorzugte Versionen von Webseiten, um Probleme mit duplizierten Inhalten zu vermeiden und eine korrekte Indizierung durch Suchmaschinen sicherzustellen. Er bietet eine Site-weite Pr\u00fcfung zum Erkennen fehlender oder falscher Canonical-Tags und eine schnelle Einzelseitenpr\u00fcfung zur sofortigen Tag-Validierung. Wie das Tool Ihnen helfen&#8230;","protected":false},"author":10409641,"featured_media":3352,"parent":0,"menu_order":0,"comment_status":"closed","ping_status":"closed","template":"pages-templates\/pages-minitools-3.php","meta":[],"categories":[74],"tags":[],"_links":{"self":[{"href":"https:\/\/sitechecker.pro\/de\/wp-json\/wp\/v2\/pages\/654"}],"collection":[{"href":"https:\/\/sitechecker.pro\/de\/wp-json\/wp\/v2\/pages"}],"about":[{"href":"https:\/\/sitechecker.pro\/de\/wp-json\/wp\/v2\/types\/page"}],"author":[{"embeddable":true,"href":"https:\/\/sitechecker.pro\/de\/wp-json\/wp\/v2\/users\/10409641"}],"replies":[{"embeddable":true,"href":"https:\/\/sitechecker.pro\/de\/wp-json\/wp\/v2\/comments?post=654"}],"version-history":[{"count":163,"href":"https:\/\/sitechecker.pro\/de\/wp-json\/wp\/v2\/pages\/654\/revisions"}],"predecessor-version":[{"id":39294,"href":"https:\/\/sitechecker.pro\/de\/wp-json\/wp\/v2\/pages\/654\/revisions\/39294"}],"wp:featuredmedia":[{"embeddable":true,"href":"https:\/\/sitechecker.pro\/de\/wp-json\/wp\/v2\/media\/3352"}],"wp:attachment":[{"href":"https:\/\/sitechecker.pro\/de\/wp-json\/wp\/v2\/media?parent=654"}],"wp:term":[{"taxonomy":"category","embeddable":true,"href":"https:\/\/sitechecker.pro\/de\/wp-json\/wp\/v2\/categories?post=654"},{"taxonomy":"post_tag","embeddable":true,"href":"https:\/\/sitechecker.pro\/de\/wp-json\/wp\/v2\/tags?post=654"}],"curies":[{"name":"wp","href":"https:\/\/api.w.org\/{rel}","templated":true}]}}