{"id":645,"date":"2017-12-11T09:48:13","date_gmt":"2017-12-11T09:48:13","guid":{"rendered":"https:\/\/sitechecker.pro\/?page_id=645"},"modified":"2026-02-13T17:39:36","modified_gmt":"2026-02-13T17:39:36","slug":"alt-tags","status":"publish","type":"page","link":"https:\/\/sitechecker.pro\/de\/alt-tags\/","title":{"rendered":"Image Alt Tag Checker: Testen Sie, ob Alt-Tags vorhanden sind und die Texte korrekt sind \u2611"},"content":{"rendered":"<p><\/p>\n<h2 id=\"par1\">Was ist der Image Alt Tag Checker?<\/h2>\n<p>Der Image Alt Tag Checker von <a href=\"https:\/\/sitechecker.pro\/\" target=\"_blank\" rel=\"noopener noreferrer\">Sitechecker<\/a> ist ein Tool zum Auffinden aller Alt-Tags und zum Erkennen fehlender Alt-Tags auf der Website. Das Tool pr\u00fcft alle Bilder auf einer Domain oder einer bestimmten Seite, identifiziert Probleme mit alternativen Attributen wie fehlende oder unsachgem\u00e4\u00dfe Verwendung und bietet L\u00f6sungen f\u00fcr jedes identifizierte Problem.<\/p>\n<h3>Wie kann Ihnen das Tool helfen?<\/h3>\n<p><strong>Alt Tag Audit: <\/strong>Das Tool pr\u00fcft Bildbeschreibungen auf Probleme wie fehlende Tags, unsachgem\u00e4\u00dfe Verwendung oder unzureichende Beschreibungen.<\/p>\n<p><strong>Detaillierte Berichte: <\/strong>Es bietet detaillierte Berichte zu den Alt-Tags jedes Bildes und zu Problemen.<\/p>\n<p><strong>Verbesserung der Zug\u00e4nglichkeit: <\/strong>Durch die Identifizierung von Verbesserungen f\u00fcr Bildbeschreibungen k\u00f6nnen Websites f\u00fcr Benutzer mit Sehbehinderungen zug\u00e4nglicher gemacht werden.<\/p>\n<h3>Die wichtigsten Funktionen des Tools<\/h3>\n<p><strong>Einheitliches Dashboard: <\/strong>Es bietet ein zentrales Dashboard, das verschiedene SEO-Tools und Analysen integriert und einen umfassenden \u00dcberblick \u00fcber die SEO-Leistung Ihrer Website bietet.<\/p>\n<p><strong>Benutzerfreundliche Oberfl\u00e4che: <\/strong>Das Tool verf\u00fcgt \u00fcber eine benutzerfreundliche Oberfl\u00e4che, die es f\u00fcr Benutzer aller F\u00e4higkeitsstufen zug\u00e4nglich und einfach zu navigieren macht.<\/p>\n<p><strong>Komplettes SEO-Toolset: <\/strong>Sitechecker bietet ein komplettes Set an SEO-Tools, das Aspekte wie Site-Auditing, Ranking-Tracking, Backlink-Pr\u00fcfung und mehr abdeckt, damit Sie Ihre Websites effektiv f\u00fcr Suchmaschinen optimieren k\u00f6nnen.<\/p>\n<h3>So verwenden Sie das Tool<\/h3>\n<p>Es gibt zwei M\u00f6glichkeiten, den Image Alt Checker zu verwenden \u2013 entweder durch \u00dcberpr\u00fcfen einer bestimmten Domain oder Seite. W\u00e4hlen Sie einfach die gew\u00fcnschte Variante aus, f\u00fcgen Sie eine URL ein und klicken Sie auf \u201eAlt-Tags \u00fcberpr\u00fcfen\u201c. Nach einigen Augenblicken beginnt der Scan und Sie k\u00f6nnen die Ergebnisse sehen. Unten sehen Sie, wie Sie den Scanvorgang starten.<\/p>\n<div class=\"content__img-wrap\"><img src=\"https:\/\/sitechecker.pro\/wp-content\/uploads\/2024\/08\/1-Alt-Text-Selector-min.png\" alt=\"Image Alt Tag Checker\" class=\"description-img description-img-zoom\" loading=\"lazy\" ><\/div>\n<h2 id=\"par2\">So pr\u00fcfen Sie Alt-Tags auf einer Website<\/h2>\n<h3>Schritt 1: Geben Sie Ihre Domain ein<\/h3>\n<div class=\"content__img-wrap\"><img src=\"https:\/\/sitechecker.pro\/wp-content\/uploads\/2024\/08\/2-Alt-Text-Website-Check-min.png\" alt=\"Alt Tag Check Domain\" class=\"description-img description-img-zoom\" loading=\"lazy\" ><\/div>\n<div class=\"important-block\">Um Ergebnisse zu erhalten und 14 Tage lang auf die Funktionen von Sitechecker zuzugreifen, starten Sie Ihre KOSTENLOSE Testversion. Die Anmeldung ist ganz einfach mit Ihrem E-Mail-, Google- oder Facebook-Konto. Es ist keine Kreditkarte erforderlich.<\/div>\n<h3>Schritt 2: Interpretieren der Ergebnisse des Alt-Tag-Checkers \u00fcber die Domainpr\u00fcfung<\/h3>\n<p>Der von Ihnen durchgef\u00fchrte Scan generiert eine Pr\u00fcfung des Inhalts Ihrer Site f\u00fcr die eingegebene Domain. Unter \u201eInhaltsrelevanz\u201c k\u00f6nnen Probleme mit alternativen Attributen gefunden werden: fehlende oder unsachgem\u00e4\u00dfe Verwendung und\/oder Ein-Wort-Beschreibungen, die dazu f\u00fchren k\u00f6nnen, dass Besucher beim Anklicken dieser Seiten mehr Informationen erwarten. Wenn Sie auf einen Problembereich klicken, werden die betroffenen Seiten und bei Bedarf die Anweisungen zur Behebung angezeigt, sodass sich alle Probleme ganz einfach l\u00f6sen lassen!<\/p>\n<div class=\"content__img-wrap\"><img src=\"https:\/\/sitechecker.pro\/wp-content\/uploads\/2024\/01\/missing-alt-text-issue.png\" alt=\"Problem mit fehlendem Alternativtext\" class=\"description-img description-img-zoom\" loading=\"lazy\" ><\/div>\n<div class=\"content__img-wrap\"><img src=\"https:\/\/sitechecker.pro\/wp-content\/uploads\/2024\/01\/missing-alt-text-list.png\" alt=\"Liste mit fehlendem Alternativtext\" class=\"description-img description-img-zoom\" loading=\"lazy\" ><\/div>\n<h3>Zus\u00e4tzliche Funktionen des Image Alt SEO Checker<\/h3>\n<p>Sie k\u00f6nnen einen vollst\u00e4ndigen Site-Audit-Bericht erhalten, nachdem Sie die Option \u201eDomain pr\u00fcfen\u201c ausgew\u00e4hlt haben. Die Informationen in diesem Dokument helfen Ihnen dabei, verschiedene Arten von Problemen auf Ihrer Website zu identifizieren und diese zu beheben!<\/p>\n<div class=\"content__img-wrap\"><img src=\"https:\/\/sitechecker.pro\/wp-content\/uploads\/2024\/01\/issues-list.png\" alt=\"Issues List\" class=\"description-img description-img-zoom\" loading=\"lazy\" ><\/div>\n<h2 id=\"par3\">Seitenpr\u00fcfung<\/h2>\n<h3>Schritt 1: Geben Sie Ihre URL ein und dr\u00fccken Sie \u201eAlt-Tags pr\u00fcfen\u201c<\/h3>\n<div class=\"content__img-wrap\"><img src=\"https:\/\/sitechecker.pro\/wp-content\/uploads\/2024\/08\/3-Page-Alt-Texts-Check-min.png\" alt=\"Alt-Tag-Pr\u00fcfungsseite\" class=\"description-img description-img-zoom\" loading=\"lazy\" ><\/div>\n<h3>Schritt 2: Interpretieren der Ergebnisse des Alt-Tag-Testers \u00fcber die Seitenpr\u00fcfung<\/h3>\n<p><strong>Alt-Text-Checker<\/strong> zeigt einen erfolgreichen Scan einer Webseite an. Der obere Teil der Anzeige zeigt eine Seitenbewertung mit einigen kleineren Warnungen, die zu beachten sind.<\/p>\n<p>Das Tool identifiziert eine Reihe von <a href=\"https:\/\/sitechecker.pro\/broken-image-checker\/\" data-wpil-monitor-id=\"230\">Bildern<\/a> und hebt fehlende Bildbeschreibungen hervor. Sie sehen die visuellen Ergebnisse, in denen umsetzbare Erkenntnisse wie fehlende Titelattribute und Bildgr\u00f6\u00dfen pr\u00e4sentiert werden, sodass Sie fundierte Entscheidungen treffen k\u00f6nnen, um Ihre Webseite effektiv zu optimieren.<\/p>\n<div class=\"content__img-wrap\"><img src=\"https:\/\/sitechecker.pro\/wp-content\/uploads\/2024\/01\/alt-text-checker-results.png\" alt=\"Alt Text Checker Results\" class=\"description-img description-img-zoom\" loading=\"lazy\" ><\/div>\n<p>Um eine Pr\u00fcfung Ihrer gesamten Site statt nur einer einzelnen Seite durchzuf\u00fchren, w\u00e4hlen Sie \u201eVollst\u00e4ndige Website-Pr\u00fcfung durchf\u00fchren\u201c oder lesen Sie den ersten Abschnitt dieses Handbuchs zur Dom\u00e4nen\u00fcberpr\u00fcfung.<\/p>\n<p>Das Tool verf\u00fcgt \u00fcber ein Demoprojekt, das seine Funktionen demonstriert. Wenn Sie \u201eSite Audit\u201c ausw\u00e4hlen, k\u00f6nnen Sie die Funktionen erkunden und verstehen, wie das Tool die SEO Ihrer Website verbessern kann.<\/p>\n<div class=\"content__img-wrap\"><img src=\"https:\/\/sitechecker.pro\/wp-content\/uploads\/2024\/01\/run-full-site-audit.png\" alt=\"Vollst\u00e4ndige Site-Pr\u00fcfung durchf\u00fchren\" class=\"description-img description-img-zoom\" loading=\"lazy\" ><\/div>\n<h3>Zus\u00e4tzliche Funktionen des Seiten-Alt-Tag-Checkers<\/h3>\n<p>Der Image Alt Tag Checker verf\u00fcgt \u00fcber eine erweiterte Benutzeroberfl\u00e4che, die die SEO-Analyse Ihrer Website verbessert. Im Abschnitt \u201eProblem\u00fcbersicht\u201c werden kritische Probleme und Warnungen aufgeschl\u00fcsselt.<\/p>\n<p>Der Abschnitt \u201eInhaltsoptimierung\u201c verbessert den Nutzen des Tools noch weiter, indem allgemeine Seitenintegrit\u00e4tsindikatoren wie Statuscode und HTML-Gr\u00f6\u00dfe ausgewertet werden. Au\u00dferdem werden Titel- und Beschreibungsl\u00e4ngen f\u00fcr eine optimale SEO-Leistung bewertet. Au\u00dferdem werden Daten zu strukturierten Inhalten und SEO sowie eine umfassende Liste von Seitenlinks angezeigt. Diese Integration zus\u00e4tzlicher Funktionen in den Alt Tag Checker erm\u00f6glicht eine umfassende <a href=\"https:\/\/sitechecker.pro\/on-page-seo-checker\/\" target=\"_blank\" rel=\"noopener noreferrer\">On-Page-SEO-Bewertung<\/a>, die \u00fcber Bild-Tags hinausgeht und eine allumfassende Bewertung der Webseite liefert.<\/p>\n<div class=\"content__img-wrap\"><img src=\"https:\/\/sitechecker.pro\/wp-content\/uploads\/2024\/01\/issues-overview.png\" alt=\"Problem\u00fcbersicht\" class=\"description-img description-img-zoom\" loading=\"lazy\" ><\/div>\n<p>Als Erg\u00e4nzung zu dieser Funktionalit\u00e4t kann der <a href=\"https:\/\/sitechecker.pro\/website-image-crawler\/\">Website Image Crawler<\/a> Ihre Site regelm\u00e4\u00dfig nach nicht optimierten Bildern und fehlenden Alt-Tags durchsuchen und so sicherstellen, dass alle visuellen Inhalte f\u00fcr SEO richtig optimiert sind.<\/p>\n<h2 id=\"par4\">Abschlie\u00dfende Bemerkungen<\/h2>\n<p>Der <strong>Image Alt Text Checker<\/strong> ist ein wichtiges Tool zur Verbesserung der Website-SEO und Zug\u00e4nglichkeit durch umfassende Alt-Tag-Audits. Er bietet eine benutzerfreundliche Oberfl\u00e4che mit einem einheitlichen Dashboard, das das Identifizieren und Beheben von Alt-Tag-Problemen auf einer gesamten Website oder auf bestimmten Seiten vereinfacht. Seine detaillierten Berichte zu Alt-Tags, einschlie\u00dflich Problemen und Empfehlungen, tragen dazu bei, Webinhalte f\u00fcr alle Benutzer zug\u00e4nglich zu machen, auch f\u00fcr Benutzer mit Sehbehinderungen. Mit zus\u00e4tzlichen Funktionen f\u00fcr die seitenweite SEO-Optimierung ist das Tool eine wertvolle Ressource f\u00fcr alle, die die Onlinepr\u00e4senz und das Benutzererlebnis ihrer Website verbessern m\u00f6chten.<\/p>\n<div id=\"par5\"><\/div>\n<p><div class=\"front__faq-block\"><div class=\"faq__block-title\">FAQ<\/div><div class=\"panel-group\" id=\"faq-accordion\" itemscope itemtype=\"https:\/\/schema.org\/FAQPage\" role=\"tablist\" aria-multiselectable=\"true\"><div class=\"panel\" itemscope itemtype=\"https:\/\/schema.org\/Question\" itemprop=\"mainEntity\">\n                            <div class=\"panel-heading\" id=\"headingFaq-1\">\n                                <div class=\"panel-title\" data-toggle=\"collapse\" aria-expanded=\"false\" href=\"#collapseFaq-1\">\n                                    <h3 itemprop=\"name\">Kann ich Alt Text Tester ohne technische SEO-Kenntnisse verwenden?<\/h3>\n                                <\/div>\n                            <\/div>\n                            <div id=\"collapseFaq-1\" class=\"panel-collapse collapse\" itemprop=\"acceptedAnswer\" itemscope itemtype=\"http:\/\/schema.org\/Answer\">\n                                <div class=\"panel-body\" itemprop=\"text\">Ja, das Tool verf\u00fcgt \u00fcber eine benutzerfreundliche Oberfl\u00e4che, die es Personen aller F\u00e4higkeitsstufen erm\u00f6glicht, problemlos zu navigieren und seine Funktionen zur SEO-Optimierung zu verwenden.<\/div>\n                            <\/div>\n                        <\/div><div class=\"panel\" itemscope itemtype=\"https:\/\/schema.org\/Question\" itemprop=\"mainEntity\">\n                            <div class=\"panel-heading\" id=\"headingFaq-2\">\n                                <div class=\"panel-title\" data-toggle=\"collapse\" aria-expanded=\"false\" href=\"#collapseFaq-2\">\n                                    <h3 itemprop=\"name\">Unterst\u00fctzt der Image Alt Tag Checker die Stapelverarbeitung f\u00fcr mehrere Seiten?<\/h3>\n                                <\/div>\n                            <\/div>\n                            <div id=\"collapseFaq-2\" class=\"panel-collapse collapse\" itemprop=\"acceptedAnswer\" itemscope itemtype=\"http:\/\/schema.org\/Answer\">\n                                <div class=\"panel-body\" itemprop=\"text\">Mit dem Tool k\u00f6nnen Sie Bildbeschreibungen \u00fcber eine gesamte Domain hinweg \u00fcberpr\u00fcfen und mehrere Seiten effektiv stapelweise verarbeiten.<\/div>\n                            <\/div>\n                        <\/div><div class=\"panel\" itemscope itemtype=\"https:\/\/schema.org\/Question\" itemprop=\"mainEntity\">\n                            <div class=\"panel-heading\" id=\"headingFaq-3\">\n                                <div class=\"panel-title\" data-toggle=\"collapse\" aria-expanded=\"false\" href=\"#collapseFaq-3\">\n                                    <h3 itemprop=\"name\">Gibt es eine Begrenzung f\u00fcr die Anzahl der Bilder, die das Tool auf einer Website \u00fcberpr\u00fcfen kann?<\/h3>\n                                <\/div>\n                            <\/div>\n                            <div id=\"collapseFaq-3\" class=\"panel-collapse collapse\" itemprop=\"acceptedAnswer\" itemscope itemtype=\"http:\/\/schema.org\/Answer\">\n                                <div class=\"panel-body\" itemprop=\"text\">Das Tool gibt keine explizite Begrenzung an; es kann alle Bilder pr\u00fcfen, die auf der angegebenen Domain oder Seite gefunden werden.<\/div>\n                            <\/div>\n                        <\/div><div class=\"panel\" itemscope itemtype=\"https:\/\/schema.org\/Question\" itemprop=\"mainEntity\">\n                            <div class=\"panel-heading\" id=\"headingFaq-4\">\n                                <div class=\"panel-title\" data-toggle=\"collapse\" aria-expanded=\"false\" href=\"#collapseFaq-4\">\n                                    <h3 itemprop=\"name\">Wie lange dauert es, eine Alt-Tag-Pr\u00fcfung auf einer Seite durchzuf\u00fchren?<\/h3>\n                                <\/div>\n                            <\/div>\n                            <div id=\"collapseFaq-4\" class=\"panel-collapse collapse\" itemprop=\"acceptedAnswer\" itemscope itemtype=\"http:\/\/schema.org\/Answer\">\n                                <div class=\"panel-body\" itemprop=\"text\">Der Scanvorgang beginnt kurz nachdem Sie eine URL eingegeben und eine Pr\u00fcfung gestartet haben. Die Dauer kann je nach Anzahl der Bilder und Seitengr\u00f6\u00dfe variieren.<\/div>\n                            <\/div>\n                        <\/div><div class=\"panel\" itemscope itemtype=\"https:\/\/schema.org\/Question\" itemprop=\"mainEntity\">\n                            <div class=\"panel-heading\" id=\"headingFaq-5\">\n                                <div class=\"panel-title\" data-toggle=\"collapse\" aria-expanded=\"false\" href=\"#collapseFaq-5\">\n                                    <h3 itemprop=\"name\">Bietet der Image Alt Tags Checker Erkl\u00e4rungen f\u00fcr seine SEO-Warnungen?<\/h3>\n                                <\/div>\n                            <\/div>\n                            <div id=\"collapseFaq-5\" class=\"panel-collapse collapse\" itemprop=\"acceptedAnswer\" itemscope itemtype=\"http:\/\/schema.org\/Answer\">\n                                <div class=\"panel-body\" itemprop=\"text\">Ja, das Tool bietet detaillierte Berichte mit Erkl\u00e4rungen f\u00fcr alle gefundenen Probleme, einschlie\u00dflich Korrekturvorschl\u00e4gen zur Optimierung der Bildbeschreibungen.<\/div>\n                            <\/div>\n                        <\/div><\/div><\/div><\/p>","protected":false},"excerpt":{"rendered":"Was ist der Image Alt Tag Checker? Der Image Alt Tag Checker von Sitechecker ist ein Tool zum Auffinden aller Alt-Tags und zum Erkennen fehlender Alt-Tags auf der Website. Das Tool pr\u00fcft alle Bilder auf einer Domain oder einer bestimmten Seite, identifiziert Probleme mit alternativen Attributen wie fehlende oder unsachgem\u00e4\u00dfe Verwendung und bietet L\u00f6sungen f\u00fcr&#8230;","protected":false},"author":10504980,"featured_media":3419,"parent":0,"menu_order":0,"comment_status":"closed","ping_status":"closed","template":"pages-templates\/pages-minitools-3.php","meta":[],"categories":[74],"tags":[],"_links":{"self":[{"href":"https:\/\/sitechecker.pro\/de\/wp-json\/wp\/v2\/pages\/645"}],"collection":[{"href":"https:\/\/sitechecker.pro\/de\/wp-json\/wp\/v2\/pages"}],"about":[{"href":"https:\/\/sitechecker.pro\/de\/wp-json\/wp\/v2\/types\/page"}],"author":[{"embeddable":true,"href":"https:\/\/sitechecker.pro\/de\/wp-json\/wp\/v2\/users\/10504980"}],"replies":[{"embeddable":true,"href":"https:\/\/sitechecker.pro\/de\/wp-json\/wp\/v2\/comments?post=645"}],"version-history":[{"count":79,"href":"https:\/\/sitechecker.pro\/de\/wp-json\/wp\/v2\/pages\/645\/revisions"}],"predecessor-version":[{"id":39277,"href":"https:\/\/sitechecker.pro\/de\/wp-json\/wp\/v2\/pages\/645\/revisions\/39277"}],"wp:featuredmedia":[{"embeddable":true,"href":"https:\/\/sitechecker.pro\/de\/wp-json\/wp\/v2\/media\/3419"}],"wp:attachment":[{"href":"https:\/\/sitechecker.pro\/de\/wp-json\/wp\/v2\/media?parent=645"}],"wp:term":[{"taxonomy":"category","embeddable":true,"href":"https:\/\/sitechecker.pro\/de\/wp-json\/wp\/v2\/categories?post=645"},{"taxonomy":"post_tag","embeddable":true,"href":"https:\/\/sitechecker.pro\/de\/wp-json\/wp\/v2\/tags?post=645"}],"curies":[{"name":"wp","href":"https:\/\/api.w.org\/{rel}","templated":true}]}}