{"id":6406,"date":"2019-04-18T11:20:27","date_gmt":"2019-04-18T11:20:27","guid":{"rendered":"https:\/\/sitechecker.pro\/?page_id=6406"},"modified":"2026-02-20T14:20:11","modified_gmt":"2026-02-20T14:20:11","slug":"rank-checker","status":"publish","type":"page","link":"https:\/\/sitechecker.pro\/de\/rank-checker\/","title":{"rendered":"Website Ranking Checker | Wie Website Rang in Google"},"content":{"rendered":"<p><\/p>\n<h2 id=\"par1\">Was ist ein Website Rank Checker?<\/h2>\n<p>Mit dem Google Rank Checker k\u00f6nnen Sie die Keyword-Positionen Ihrer Website bei Google bewerten. Es bietet sowohl aktuelle als auch historische Rankingdaten f\u00fcr Desktop- und Mobilsuchen in den Top 100 Google-Ergebnissen in 155 L\u00e4ndern. Dieses Tool zeigt die allgemeine Sichtbarkeit Ihrer Website und bestimmter URLs, das Suchvolumen f\u00fcr gerankte Keywords, Informationen zu vorgestellten Snippets und die SERP-Konkurrenz.<\/p>\n<h3>Keyword Rank Checker kann Ihnen in vielerlei Hinsicht helfen<\/h3>\n<ul>\n<li><strong>\u00dcberpr\u00fcfung der aktuellen Position: <\/strong>Finden Sie das Ranking der Suchanfragen, wo Sie jetzt stehen und wo Ihre Konkurrenten jetzt stehen. Es erm\u00f6glicht Ihnen, eine erfolgreiche SEO-Strategie zu entwickeln, um Ihre Werbeziele zu erreichen.\n<\/li>\n<li><strong>Hochladen einer Liste mit Ziel-Keywords: <\/strong>Verwenden Sie Rank Analyzer f\u00fcr Suchanfragen, f\u00fcr die Sie ein Ranking planen. Tracker zeigt Ihnen Keyword-Statistiken, auch wenn Sie diese nicht in Ihrer Search Console haben.<\/li>\n<li><strong>Keyword-Vorschl\u00e4ge: <\/strong>Der Google Rank Finder pr\u00fcft nicht nur die Bewertungen von Schl\u00fcsselphrasen, sondern schl\u00e4gt auch verwandte Keywords und deren Suchvolumen vor, die f\u00fcr Ihre Website wertvoll sein k\u00f6nnten.<\/li>\n<li><strong>Lokale SEO: <\/strong>F\u00fcr Unternehmen, die auf lokale Kunden angewiesen sind, bietet das Tool Geolokalisierungsfunktionen. Das bedeutet, dass Sie das Website-Ranking und Ihre Bewertungen f\u00fcr Zielw\u00f6rter in bestimmten St\u00e4dten oder Regionen pr\u00fcfen k\u00f6nnen.<\/li>\n<li><strong>Mobil vs. Desktop: <\/strong>Da die mobile Suche immer weiter verbreitet ist, bietet das Tool separate Daten f\u00fcr mobile und Desktop-Suchen.<\/li>\n<li><strong>H\u00e4ufigkeit: <\/strong>Das SEO Ranker Tool f\u00fcr Websites erm\u00f6glicht regelm\u00e4\u00dfige Pr\u00fcfungen (1 Tag, 7 Tage, 30 Tage, 90 Tage und immer). Dies hilft dabei, die Leistung im Auge zu behalten und die Volatilit\u00e4t der Bewertungen zu verstehen.<\/li>\n<li><strong>Website-Sichtbarkeit &#038; Seitensichtbarkeit: <\/strong>Bietet eine Gesamtbewertung der Leistung einer Website in Suchmaschinen basierend auf kollektiven Keyword-Rankings. Zeigt, wie jede Seite zur allgemeinen Website-Sichtbarkeit beitr\u00e4gt, und hilft dabei, Seiten mit hoher oder niedriger Leistung zu identifizieren.<\/li>\n<li><strong>Keyword-Pr\u00fcfung der Konkurrenz: <\/strong>Pr\u00fcfen Sie einige andere Websites, z. B. die eines Konkurrenten, und erfahren Sie, wie sich deren Position in den Suchergebnissen entwickelt.<\/li>\n<li><strong>Pr\u00fcfen Sie die detaillierten SEPR-Statistiken: <\/strong>Sie k\u00f6nnen nicht nur die Daten zu den Positionen eines beliebigen Keywords sehen, sondern auch einen genaueren Blick darauf werfen. Wenn Sie auf das Diagramm neben den Schl\u00fcsselphrasen klicken, wird ein detaillierteres Diagramm der Positions\u00e4nderungen angezeigt.<\/li>\n<\/ul>\n<h3>Hauptfunktionen des Keyword Ranking Positions Finder<\/h3>\n<ul>\n<li><strong>Vereinheitlichtes Dashboard. <\/strong>Dieses Element bietet einen zentralen Hub, an dem Sie alle wichtigen Daten und R\u00fcckmeldungen zu den Positionen Ihrer Website \u00fcberwachen k\u00f6nnen. Es kann detaillierte Informationen zu Ihren Zielw\u00f6rtern, Fehlerzusammenfassungen, grafische Darstellungen und dergleichen anzeigen. Ein konsolidiertes Bedienfeld rationalisiert und vereinfacht die Verwaltung.<\/li>\n<li><strong>Benutzerfreundliche Schnittstelle. <\/strong>Dies garantiert, dass das Tool auch f\u00fcr Personen ohne technisches Know-how einfach zu verwenden bleibt. Ein solches Design umfasst unter anderem eine unkomplizierte Navigation, eindeutige Beschriftungen, informative Popup-Hinweise. Ein intuitives Design beschleunigt den Prozess des Entdeckens und Verwendens der gew\u00fcnschten Funktionen.<\/li>\n<li><strong>Allumfassende SEO-Suite. <\/strong>\u00dcber die \u00dcberpr\u00fcfung der Abfragerankings hinaus kann diese umfassende SEO-Suite Dienstprogramme f\u00fcr SEO-Bewertungen vor Ort, \u00dcberwachung, Linkpr\u00fcfung, Website-Checkups und mehr enthalten. Solche Funktionen zielen darauf ab, die Sichtbarkeit Ihrer Website in Suchmaschinenlisten zu erh\u00f6hen und so organische Besucher auf Ihre Plattform zu locken.<\/li>\n<li><strong>Daten in Berichten exportieren. <\/strong>Option zum Herunterladen von CSV- und PDF-Berichten zum Teilen mit Ihren Teammitgliedern oder Ihrem Kunden.<\/li>\n<\/ul>\n<h2 id=\"par2\">So verwenden Sie den Google Website Rank Checker<\/h2>\n<h3>Schritt 1: Geben Sie Ihre Domain, Zielregion und Sprache ein und klicken Sie dann auf die Schaltfl\u00e4che \u201eRanking pr\u00fcfen\u201c.<\/h3>\n<div class=\"content__img-wrap\"><img src=\"https:\/\/sitechecker.pro\/wp-content\/uploads\/2024\/06\/website-ranking-checker.png\" alt=\"Keyword Rank Checker\" class=\"description-img description-img-zoom\" loading=\"lazy\" ><\/div>\n<h3>Schritt 2: Erhalten Sie das Ergebnis<\/h3>\n<p>Nach Abschluss der Website-Rankingpr\u00fcfung werden Sie die Top-Abfragen entdecken, f\u00fcr die Ihre Site ein Ranking hat. Das Tool bietet eine umfassende Verkehrs\u00fcbersicht und zeigt den gesch\u00e4tzten Verkehr und die Verteilung der Schl\u00fcsselw\u00f6rter auf die Top 10, 11-20 und 21-100 Positionen in den SERPs. Es listet die wichtigsten Schl\u00fcsselw\u00f6rter zusammen mit ihren URLs, Suchpositionen, Volumen und Verkehrsdaten auf.<\/p>\n<div class=\"content__img-wrap\"><img src=\"https:\/\/sitechecker.pro\/wp-content\/uploads\/2024\/11\/TOP-50-in-SERP-image-min.png\" alt=\"Ergebnisse des Keyword Rank Checker\" class=\"description-img description-img-zoom\" loading=\"lazy\" ><\/div>\n<p>Zu den Wettbewerbseinblicken z\u00e4hlen die Schl\u00fcsselwortkonkurrenz, die Kosten pro Klick (CPC) und die Verkehrskosten, sodass Sie die Marktwettbewerbsf\u00e4higkeit und die Werbeausgaben bewerten k\u00f6nnen. Detaillierte Kennzahlen f\u00fcr jedes Schl\u00fcsselwort, einschlie\u00dflich genauer Rangpositionen und Suchvolumen, helfen dabei, Schl\u00fcsselw\u00f6rter mit hoher und niedriger Leistung effektiv zu identifizieren.<\/p>\n<p>Starten Sie eine kostenlose Testversion, um auf Ihre vollst\u00e4ndigen Keyword-Rankings und SERP-Daten Ihrer Mitbewerber zuzugreifen.<\/p>\n<div class=\"content__img-wrap\"><img src=\"https:\/\/sitechecker.pro\/wp-content\/uploads\/2024\/11\/Outrack-your-competitors-min.png\" alt=\"Popup \u201eKostenlose Testversion starten\u201c\" class=\"description-img description-img-zoom\" loading=\"lazy\" ><\/div>\n<div class=\"important-block\">Um Ergebnisse zu erhalten und 14 Tage lang auf die Funktionen von Sitechecker zuzugreifen, starten Sie Ihre KOSTENLOSE Testversion. Die Anmeldung ist ganz einfach mit Ihrem E-Mail-, Google- oder Facebook-Konto. Es ist keine Kreditkarte erforderlich.<\/div>\n<h2 id=\"par3\">Zus\u00e4tzliche Funktionen des Keyword Rank Checker<\/h2>\n<p>Au\u00dferdem k\u00f6nnen Sie nicht nur die Position der Keywords \u00fcberpr\u00fcfen, sondern auch unsere Ranking-Check-Software verwenden. Sie hilft Ihnen dabei, die SEO-Bewertungen Ihrer Website regelm\u00e4\u00dfig zu verfolgen und herauszufinden, welche Ihrer Ma\u00dfnahmen zum Wachstum gef\u00fchrt haben, und als Erster zu erfahren, wenn mehrere kritische Ereignisse eintreten. Sie k\u00f6nnen ganz einfach verfolgen, wie das Beheben von <a href=\"https:\/\/sitechecker.pro\/website-defacement-monitoring\/\" data-wpil-monitor-id=\"98\">Problemen auf Ihrer Website<\/a> Ihre Webposition verbessert, und neue Strategien testen.<\/p>\n<p>Klicken Sie dazu einfach auf der Ergebnisseite des Positionsanalysetools auf \u201eVerfolgung starten\u201c.<\/p>\n<div class=\"content__img-wrap\"><img src=\"https:\/\/sitechecker.pro\/wp-content\/uploads\/2024\/11\/Start-tracking-min.png\" alt=\"Tracking starten\" class=\"description-img description-img-zoom\" loading=\"lazy\" ><\/div>\n<p>Nachdem Sie auf die Schaltfl\u00e4che \u201eTracking starten\u201c geklickt haben, werden die gefundenen Abfragen zur Einrichtungsseite des Trackers hinzugef\u00fcgt:<\/p>\n<div class=\"content__img-wrap\"><img src=\"https:\/\/sitechecker.pro\/wp-content\/uploads\/2024\/06\/image6-min.png\" alt=\"rank tracker setup\" class=\"description-img description-img-zoom\" loading=\"lazy\" ><\/div>\n<p>W\u00e4hlen Sie die wichtigsten Abfragen aus, die Sie verfolgen m\u00f6chten, passen Sie die Suchparameter daf\u00fcr an (Ger\u00e4te, Land, lokale SEO) und gruppieren Sie die wichtigsten Abfragen eines Clusters (Themas) bei Bedarf in verschiedene Gruppen.<\/p>\n<p>Gruppieren Sie Schl\u00fcsselw\u00f6rter nach Kategorien und Seiten, um den Fortschritt jedes Schl\u00fcsselwortclusters einfach zu verfolgen. Klicken Sie auf \u201eSpeichern\u201c.<\/p>\n<div class=\"content__img-wrap\"><img src=\"https:\/\/sitechecker.pro\/wp-content\/uploads\/2024\/06\/image1-min.png\" alt=\"Keyword Groups\" class=\"description-img description-img-zoom\" loading=\"lazy\" ><\/div>\n<p>Sobald Sie Ihre Tracking-Schl\u00fcsselphrasen eingerichtet haben, erhalten Sie Zugriff auf eine Vielzahl von Funktionen, die tiefe Einblicke und Analysen bieten. Geben Sie dem Tool etwas Zeit, um weitere Daten zu sammeln, um optimale Ergebnisse zu erzielen \u2013 mit diesen Informationen k\u00f6nnen die Trends in Ihren Bewertungen live identifiziert und \u00fcberwacht werden.<\/p>\n<h3>Analysieren Sie das Ranking und die Sichtbarkeit Ihrer Website in der Google-Suche<\/h3>\n<p>Um die Suchanfragen-Rankings Ihrer Website anzuzeigen, klicken Sie auf die Registerkarte \u201eKeywords\u201c. Dadurch werden alle Begriffe angezeigt, f\u00fcr die Ihre Website in den Suchergebnissen platziert ist:<\/p>\n<div class=\"content__img-wrap\"><img src=\"https:\/\/sitechecker.pro\/wp-content\/uploads\/2024\/06\/image9-min.png\" alt=\"Keyword Rankings\" class=\"description-img description-img-zoom\" loading=\"lazy\" ><\/div>\n<p>In diesem Abschnitt k\u00f6nnen Sie die Ranking-Trends von Keywords innerhalb der Google TOP-100-Suche anzeigen. Filtern Sie Schl\u00fcsselphrasen ganz einfach nach Position, Suchvolumen oder Gruppierungen, z. B. indem Sie sie basierend auf Ihren Produkt- oder Serviceangeboten kategorisieren, um die Leistungsdynamik zu \u00fcberwachen.<\/p>\n<p>Mithilfe des Diagramms k\u00f6nnen Sie die Position Ihrer Site \u00fcber t\u00e4gliche, w\u00f6chentliche oder monatliche Zeitr\u00e4ume visuell messen. Sie k\u00f6nnen auch genau bestimmen, wann Schl\u00fcsselw\u00f6rter zur \u00dcberwachung hinzugef\u00fcgt wurden, Anmerkungen machen und sogar Google-Updates verfolgen.<\/p>\n<p>Die Sichtbarkeitsrate misst das Potenzial, mehr Verkehr durch gerankte Schl\u00fcsselw\u00f6rter zu gewinnen. Die Sichtbarkeit wird mithilfe eines Index berechnet, der auf Schl\u00fcsselphrasenpositionen basiert.<\/p>\n<div class=\"content__img-wrap\"><img src=\"https:\/\/sitechecker.pro\/wp-content\/uploads\/2024\/06\/image5-min.png\" alt=\"Keyword Visibility\" class=\"description-img description-img-zoom\" loading=\"lazy\" ><\/div>\n<p>Mit dem Diagramm k\u00f6nnen Sie \u00fcberwachen, wie sich Google-Updates auf die Sichtbarkeit Ihrer Site in Suchergebnissen auswirken.<\/p>\n<p>Mit der Funktion \u201eKonkurrenzanalyse\u201c im Website Ranking Checker k\u00f6nnen Sie die SERP-Leistung konkurrierender Domains verfolgen und vergleichen.<\/p>\n<div class=\"content__img-wrap\"><img src=\"https:\/\/sitechecker.pro\/wp-content\/uploads\/2024\/11\/Competitor-Analysis.png\" alt=\"Competitor Analysis\" class=\"description-img description-img-zoom\" loading=\"lazy\" ><\/div>\n<p>Sie k\u00f6nnen \u00c4nderungen f\u00fcr jeden Konkurrenten verfolgen und sie direkt mit der Leistung Ihrer Website vergleichen.<\/p>\n<p>Der Rank Tracker bietet umfassende Einblicke in die Leistung Ihrer Website, indem er Keyword-Rankings, Sichtbarkeit und Konkurrenzanalysen anzeigt. Er kategorisiert Keyword-Positionen von Top 1 bis Top 100 und verfolgt den Gesamtsichtbarkeitsprozentsatz. Das Tool vergleicht auch die Leistung Ihrer Website mit der der Konkurrenz und erm\u00f6glicht es Ihnen, Suchparameter wie Ger\u00e4te, L\u00e4nder und lokale SEO f\u00fcr ein ma\u00dfgeschneidertes Tracking anzupassen.<\/p>\n<div class=\"content__img-wrap\"><img src=\"https:\/\/sitechecker.pro\/wp-content\/uploads\/2024\/06\/image4-min.png\" alt=\"Competitors Keyword Rankings\" class=\"description-img description-img-zoom\" loading=\"lazy\" ><\/div>\n<p>Die folgende Tabelle zeigt Keywords zusammen mit ihren Positionen und den entsprechenden Seiten.<\/p>\n<div class=\"content__img-wrap\"><img src=\"https:\/\/sitechecker.pro\/wp-content\/uploads\/2024\/06\/image11-min.png\" alt=\"Keywords mit ihren Rankings\" class=\"description-img description-img-zoom\" loading=\"lazy\" ><\/div>\n<p>Sie k\u00f6nnen Ranking\u00e4nderungen nach Tag filtern, Positionen nach TOPs gruppieren und bestimmte Keyword-Gruppen ausw\u00e4hlen. Entdecken Sie die SERP-Funktionen f\u00fcr jedes Keyword, die gerankte URL und die Trends der Schl\u00fcsselphrasenpositionen. Die Exportfunktion ist entscheidend f\u00fcr eine eingehende Datenanalyse und zum Teilen mit Kunden oder Kollegen.<\/p>\n<p>Dar\u00fcber hinaus k\u00f6nnen Sie durch Auswahl von \u201eKeyword-SERP-Analyse\u201c Ihre Konkurrenten f\u00fcr ein bestimmtes Keyword anzeigen und Ihre Position in der Suche mit deren vergleichen.<\/p>\n<div class=\"content__img-wrap\"><img src=\"https:\/\/sitechecker.pro\/wp-content\/uploads\/2024\/06\/image10-min.png\" alt=\"SERP\" class=\"description-img description-img-zoom\" loading=\"lazy\" ><\/div>\n<p>Mit <a href=\"https:\/\/sitechecker.pro\/serp-alerts\/\">SERP-Benachrichtigungen<\/a> erhalten Sie Benachrichtigungen \u00fcber alle signifikanten Ranking-Ver\u00e4nderungen, sodass Sie Ihren Mitbewerbern immer einen Schritt voraus sind und Ihre SEO-Strategie anpassen k\u00f6nnen.<\/p>\n<h2 id=\"par4\">Zusammenfassung<\/h2>\n<p>Der SEO Ranking Checker ist ein robustes SEO-Tool, das die Keyword- und URL-Positionen bei der Google-Suche in 155 L\u00e4ndern bewertet, was sowohl f\u00fcr Desktop- als auch f\u00fcr Mobilger\u00e4te von entscheidender Bedeutung ist. Es zeigt die allgemeine Sichtbarkeit der Website, die Seitenposition in den Suchergebnissen, das Keyword-Suchvolumen, Snippet-Details und die SERP-Konkurrenz an. Mit einem benutzerzentrierten Dashboard, Geolokalisierungsfunktionen und regelm\u00e4\u00dfiger \u00dcberwachung vereinfacht es die Strategieerstellung. Der Keyword Ranking Checker unterst\u00fctzt den Datenexport, bietet Einblicke in das Verkehrspotenzial durch die Sichtbarkeitsrate und hebt Snippet-verdienende Inhalte hervor. Es bietet auch Einblicke in die URL-Ranking-Dynamik und die Auswirkungen von Google-Updates und ist damit ein unverzichtbares Tool f\u00fcr SEO.<\/p>\n<div id=\"par5\"><\/div>\n<p><div class=\"front__faq-block\"><div class=\"faq__block-title\">FAQ<\/div><div class=\"panel-group\" id=\"faq-accordion\" itemscope itemtype=\"https:\/\/schema.org\/FAQPage\" role=\"tablist\" aria-multiselectable=\"true\"><div class=\"panel\" itemscope itemtype=\"https:\/\/schema.org\/Question\" itemprop=\"mainEntity\">\n                            <div class=\"panel-heading\" id=\"headingFaq-1\">\n                                <div class=\"panel-title\" data-toggle=\"collapse\" aria-expanded=\"false\" href=\"#collapseFaq-1\">\n                                    <h3 itemprop=\"name\">Wie \u00fcberpr\u00fcfe ich kostenlos meine Suchanfragenposition?<\/h3>\n                                <\/div>\n                            <\/div>\n                            <div id=\"collapseFaq-1\" class=\"panel-collapse collapse\" itemprop=\"acceptedAnswer\" itemscope itemtype=\"http:\/\/schema.org\/Answer\">\n                                <div class=\"panel-body\" itemprop=\"text\">Verwenden Sie den SEO Keyword Rank Checker. Geben Sie einfach Ihre Domain ein, um Ihre Suchanfragenpositionen anzuzeigen.<\/div>\n                            <\/div>\n                        <\/div><div class=\"panel\" itemscope itemtype=\"https:\/\/schema.org\/Question\" itemprop=\"mainEntity\">\n                            <div class=\"panel-heading\" id=\"headingFaq-2\">\n                                <div class=\"panel-title\" data-toggle=\"collapse\" aria-expanded=\"false\" href=\"#collapseFaq-2\">\n                                    <h3 itemprop=\"name\">Wie viele Keywords sollte ich f\u00fcr SEO verwenden?<\/h3>\n                                <\/div>\n                            <\/div>\n                            <div id=\"collapseFaq-2\" class=\"panel-collapse collapse\" itemprop=\"acceptedAnswer\" itemscope itemtype=\"http:\/\/schema.org\/Answer\">\n                                <div class=\"panel-body\" itemprop=\"text\">Es gibt keine feste Anzahl. Konzentrieren Sie sich haupts\u00e4chlich auf Qualit\u00e4t und Relevanz. Stellen Sie basierend auf Ihrem Inhalt eine Mischung aus prim\u00e4ren und Long-Tail-Schl\u00fcsselphrasen sicher.<\/div>\n                            <\/div>\n                        <\/div><div class=\"panel\" itemscope itemtype=\"https:\/\/schema.org\/Question\" itemprop=\"mainEntity\">\n                            <div class=\"panel-heading\" id=\"headingFaq-3\">\n                                <div class=\"panel-title\" data-toggle=\"collapse\" aria-expanded=\"false\" href=\"#collapseFaq-3\">\n                                    <h3 itemprop=\"name\">Kann ich lokale Rankings in einem Rank Tracker verfolgen?<\/h3>\n                                <\/div>\n                            <\/div>\n                            <div id=\"collapseFaq-3\" class=\"panel-collapse collapse\" itemprop=\"acceptedAnswer\" itemscope itemtype=\"http:\/\/schema.org\/Answer\">\n                                <div class=\"panel-body\" itemprop=\"text\">Ja, der Online Keyword Position Checker bietet Geolokalisierungsfunktionen, mit denen Sie nicht nur globale Positionen, sondern auch bestimmte St\u00e4dte oder Regionen verfolgen k\u00f6nnen.<\/div>\n                            <\/div>\n                        <\/div><\/div><\/div><\/p>","protected":false},"excerpt":{"rendered":"Was ist ein Website Rank Checker? Mit dem Google Rank Checker k\u00f6nnen Sie die Keyword-Positionen Ihrer Website bei Google bewerten. Es bietet sowohl aktuelle als auch historische Rankingdaten f\u00fcr Desktop- und Mobilsuchen in den Top 100 Google-Ergebnissen in 155 L\u00e4ndern. Dieses Tool zeigt die allgemeine Sichtbarkeit Ihrer Website und bestimmter URLs, das Suchvolumen f\u00fcr gerankte&#8230;","protected":false},"author":10409641,"featured_media":6422,"parent":0,"menu_order":0,"comment_status":"closed","ping_status":"closed","template":"pages-templates\/pages-minitools-3.php","meta":[],"categories":[75],"tags":[],"_links":{"self":[{"href":"https:\/\/sitechecker.pro\/de\/wp-json\/wp\/v2\/pages\/6406"}],"collection":[{"href":"https:\/\/sitechecker.pro\/de\/wp-json\/wp\/v2\/pages"}],"about":[{"href":"https:\/\/sitechecker.pro\/de\/wp-json\/wp\/v2\/types\/page"}],"author":[{"embeddable":true,"href":"https:\/\/sitechecker.pro\/de\/wp-json\/wp\/v2\/users\/10409641"}],"replies":[{"embeddable":true,"href":"https:\/\/sitechecker.pro\/de\/wp-json\/wp\/v2\/comments?post=6406"}],"version-history":[{"count":147,"href":"https:\/\/sitechecker.pro\/de\/wp-json\/wp\/v2\/pages\/6406\/revisions"}],"predecessor-version":[{"id":39439,"href":"https:\/\/sitechecker.pro\/de\/wp-json\/wp\/v2\/pages\/6406\/revisions\/39439"}],"wp:featuredmedia":[{"embeddable":true,"href":"https:\/\/sitechecker.pro\/de\/wp-json\/wp\/v2\/media\/6422"}],"wp:attachment":[{"href":"https:\/\/sitechecker.pro\/de\/wp-json\/wp\/v2\/media?parent=6406"}],"wp:term":[{"taxonomy":"category","embeddable":true,"href":"https:\/\/sitechecker.pro\/de\/wp-json\/wp\/v2\/categories?post=6406"},{"taxonomy":"post_tag","embeddable":true,"href":"https:\/\/sitechecker.pro\/de\/wp-json\/wp\/v2\/tags?post=6406"}],"curies":[{"name":"wp","href":"https:\/\/api.w.org\/{rel}","templated":true}]}}