{"id":6404,"date":"2020-07-18T11:19:35","date_gmt":"2020-07-18T09:19:35","guid":{"rendered":"https:\/\/sitechecker.pro\/?page_id=6404"},"modified":"2026-02-19T14:46:56","modified_gmt":"2026-02-19T14:46:56","slug":"traffic-checker","status":"publish","type":"page","link":"https:\/\/sitechecker.pro\/de\/traffic-checker\/","title":{"rendered":"Website Traffic Checker: Traffic-Statistiken der Webseite ermitteln \u1408"},"content":{"rendered":"<p><\/p>\n<h2 id=\"ik_traff_esimator\">Was ist ein Website-Traffic-Sch\u00e4tzer?<\/h2>\n<p>Es ist ein unverzichtbares Tool f\u00fcr jeden Websitebesitzer oder Vermarkter, der seine Online-Pr\u00e4senz optimieren m\u00f6chte. Unser <a href=\"https:\/\/sitechecker.pro\/what-is-website-traffic\/\" rel=\"noopener noreferrer\" target=\"_blank\">Website-Traffic<\/a>-Checker ist ein vielseitiges und leistungsstarkes Datenanalysetool Entwickelt, um Ihnen dabei zu helfen, die Leistung Ihrer Website zu verfolgen, zu analysieren und zu optimieren.<\/p>\n<h3>Hauptfunktionen des Domain-Traffic-Checkers:<\/h3>\n<ul>\n<li><strong>All-in-One-Dashboard: <\/strong>Greifen Sie an einem praktischen Ort auf umfassende Daten von Google Analytics, der Google Search Console und SERP zu, was Zeit und M\u00fche spart.<\/li>\n<li><strong>Benutzerfreundliche Oberfl\u00e4che: <\/strong>Mit benutzerfreundlichen Dashboards macht es unsere Web-Traffic-Suche einfacher als je zuvor, reibungslos zwischen den Messwerten Ihrer Website zu navigieren und Wachstumschancen aufzudecken.<\/li>\n<li><strong>Konkurrenzanalyse:<\/strong> Bleiben Sie der Konkurrenz einen Schritt voraus, indem Sie <a href=\"https:\/\/sitechecker.pro\/what-is-organic-traffic\/\" rel=\"noopener noreferrer\" target=\"_blank\">organische Verkehrsdaten<\/a>, SERP-Sichtbarkeit und Top-Traffic-generierende Keywords Ihrer Konkurrenten. Nutzen Sie diese Erkenntnisse, um Ihre Website zu optimieren und Ihre Konkurrenten zu \u00fcbertreffen.<\/li>\n<li><strong>Funktionen der globalen SEO-Plattform: <\/strong>Unsere globale SEO-Plattform bietet viel mehr als nur die Analyse von Verkehrsdaten. <a href=\"https:\/\/sitechecker.pro\/de\/\" rel=\"noopener noreferrer\" target=\"_blank\">Sitechecker<\/a> umfasst eine Vielzahl von Funktionalit\u00e4ten wie SEO-Audits (On-Page &#038; Off-Page), <a href=\"https:\/\/sitechecker.pro\/rank-tracker\/\" rel=\"noopener noreferrer\" target=\"_blank\">Rank-Tracking<\/a>, Site-\u00dcberwachung und mehr. Mit einer solchen n\u00fctzlichen Datenanalyse k\u00f6nnen Sie Bedrohungen leicht beseitigen und Chancen vorhersehen.<\/li>\n<\/ul>\n<h2 id=\"ik_Importance\">Bedeutung der Web-Traffic-Analyse und -\u00dcberwachung<\/h2>\n<p>Die Analyse der Verkehrsdaten Ihrer Website ist entscheidend f\u00fcr die F\u00f6rderung der Online-Pr\u00e4senz und die Steigerung der Besucherzahlen und Ums\u00e4tze in der organischen Suche. Unabh\u00e4ngig von der Gr\u00f6\u00dfe Ihrer Website oder der Anzahl der Benutzer ist eine regul\u00e4re <a href=\"https:\/\/sitechecker.pro\/pages-per-session-metric\/\" rel=\"noopener noreferrer\" target=\"_blank\">Sitzung f\u00fcr Benutzer zul\u00e4ssig <\/a> Audits sind unerl\u00e4sslich.<\/p>\n<p>Unser Tool liefert wertvolle Informationen \u00fcber Ihre Website-Besucher, einschlie\u00dflich deren Quellen (organisch, <a href=\"https:\/\/sitechecker.pro\/what-is-direct-traffic\/\" rel=\"noopener noreferrer\" target=\"_blank\"> direkt<\/a>, <a href=\"https:\/\/sitechecker.pro\/what-is-paid-traffic\/\" rel=\"noopener noreferrer\" target=\"_blank\">bezahlt<\/a>, <a href=\"\/\/sitechecker.pro\/what-is-social-traffic\/\u201c\" rel=\"noopener noreferrer\" target=\"_blank\">sozial<\/a>, <a href=\"https:\/\/sitechecker.pro\/what -is-referral-traffic\/\" rel=\"noopener noreferrer\" target=\"_blank\">Empfehlung<\/a>, E-Mail usw.) und Verhalten und bietet au\u00dferdem Erkenntnisse zur Optimierung Ihrer Website, indem Bereiche identifiziert werden, die verbessert werden m\u00fcssen. Je detailliertere Daten Sie verarbeiten, desto bessere und genauere Ergebnisse erhalten Sie.<\/p>\n<p>Wenn Sie die Leistung und das Ranking Ihrer Website nicht \u00fcberwachen, entgehen Ihnen st\u00e4ndig potenzielle Besucher und neue Benutzer. Jeden Tag gibt es neue Engagement-Metriken, um den Erfolg einer Website zu messen, aber die Grundlagen der \u00dcberpr\u00fcfung des Website-Verkehrs bleiben von entscheidender Bedeutung.<\/p>\n<p>Wir haben eine Videoanleitung erstellt, die Ihnen dabei hilft, tiefer in die Verkehrssch\u00e4tzung einzutauchen und alle Funktionen unseres Verkehrsfinders voll auszusch\u00f6pfen.<\/p>\n<p><iframe width=\"700\" height=\"350\" src=\"https:\/\/www.youtube.com\/embed\/AWQ_s7QLjsE\" title=\"YouTube video player\" frameborder=\"0\" allow=\"accelerometer; autoplay; clipboard-write; encrypted-media; gyroscope; picture-in-picture; web-share\" allowfullscreen><\/iframe><\/p>\n<h2 id=\"ik_how_to\">Wie verwende ich das Tool?<\/h2>\n<h3>Schritt 1: Geben Sie die Domain ein, f\u00fcr die Sie den Datenverkehr pr\u00fcfen m\u00f6chten, und klicken Sie dann auf die Schaltfl\u00e4che \u201eDatenverkehr pr\u00fcfen\u201c<\/h3>\n<div class=\"content__img-wrap\"><img src=\"https:\/\/sitechecker.pro\/wp-content\/uploads\/2023\/06\/traffic_checker_start.png\" alt=\"So verwenden Sie den Web-Traffic-Checker Schritt 1\" class=\"description-img description-img-zoom\" loading=\"lazy\" ><\/div>\n<div class=\"important-block\">Hinweis: Um Ergebnisse zu erhalten und 14 Tage lang Zugriff auf die Funktionen von Sitechecker zu erhalten, starten Sie Ihre KOSTENLOSE Testversion. Die Anmeldung ist ganz einfach mit Ihrem E-Mail-, Google- oder Facebook-Konto. Es ist KEINE Kreditkarte erforderlich.<\/div>\n<h3>Schritt 2: Geben Sie die Website an, f\u00fcr die Sie auf Verkehrsdaten zugreifen m\u00f6chten<\/h3>\n<p>Unser leistungsstarkes Tool bietet Ihnen einfachen Zugriff auf Verkehrsdaten sowohl f\u00fcr Ihre eigene Website als auch f\u00fcr die Ihrer Mitbewerber. Wir haben au\u00dferdem eine Reihe wertvoller Funktionen integriert, die Ihnen helfen, tiefere Einblicke in beide Szenarien zu gewinnen. Durch die Verwendung dieser Funktionen erhalten Sie ein besseres Verst\u00e4ndnis Ihrer Online-Leistung und einen Wettbewerbsvorteil in Ihrer Branche. Indem Sie antworten, ob es sich um Ihre Website handelt oder nicht, helfen Sie uns, das richtige Dashboard f\u00fcr Ihre Bed\u00fcrfnisse vorzubereiten.<\/p>\n<div class=\"content__img-wrap\"><img src=\"https:\/\/sitechecker.pro\/wp-content\/uploads\/2023\/03\/traffic_checker_site_choose.png\" alt=\"So verwenden Sie den Web-Traffic-Checker Schritt 2 \u2013 Geben Sie die Website an\" class=\"description-img description-img-zoom\" loading=\"lazy\" ><\/div>\n<h3>Schritt 3: Greifen Sie auf Ihre Ergebnisse zu und nutzen Sie unsere leistungsstarken Funktionen<\/h3>\n<h3 id=\"ik_own_website\">F\u00fcr Ihre eigene Website<\/h3>\n<p>Um auf Daten f\u00fcr Ihre eigene Website zuzugreifen, w\u00e4hlen Sie einfach <strong>Ja, es geh\u00f6rt mir<\/strong> und verbinden Sie Ihre GA- und GSC-Konten. Diese fantastische Funktion kann f\u00fcr Website-Administratoren, SEOs und Vermarkter wirklich n\u00fctzlich sein. Damit k\u00f6nnen Sie den Website-Verkehr der beiden besten Analyseplattformen an einem Ort \u00fcberwachen. Wir haben auch benutzerdefinierte Dashboards mit wertvollen Erkenntnissen erstellt.<\/p>\n<div class=\"content__img-wrap\"><img src=\"https:\/\/sitechecker.pro\/wp-content\/uploads\/2023\/03\/traffic_checker_own_site.png\" alt=\"Traffic Checker \u2013 GA und GSC verbinden\" class=\"description-img description-img-zoom\" loading=\"lazy\" ><\/div>\n<p>Werfen Sie einen Blick auf unsere allgemeinen Traffic-Dashboards, die Einblicke in alle Besucher und den organischen Traffic von Google Analytics bieten. Die in der Sichtbarkeit dargestellten Daten basieren auf Ihren Top-Keywords, w\u00e4hrend andere, wie Impressionen, Klicks, Klickraten (CTR), Positionen und Ranking-Keywords, auf den Top-Metriken der Google Search Console basieren.<\/p>\n<div class=\"content__img-wrap\"><img src=\"https:\/\/sitechecker.pro\/wp-content\/uploads\/2023\/05\/traffic_step_3-1.png\" alt=\"Verkehrschecker \u2013 verwenden Sie die Verkehrs-Dashboards\" class=\"description-img description-img-zoom\" loading=\"lazy\" ><\/div>\n<p>Um die Dynamik Ihrer Website reibungslos zu verfolgen, bieten unsere Dashboards auch viele weitere detaillierte Einblicke mit einer benutzerfreundlichen Oberfl\u00e4che. Wenn Sie beispielsweise \u00fcber E-Commerce-Daten in Google Analytics verf\u00fcgen, k\u00f6nnen Sie auf Verkaufsdaten und Korrelationen zum Traffic zugreifen. Dadurch erhalten Sie ein vollst\u00e4ndiges Bild der Umsatzentwicklung Ihrer Website. Dar\u00fcber hinaus ist es einfach, Daten f\u00fcr einen bestimmten Zeitraum zu \u00fcberpr\u00fcfen, sei es t\u00e4glich, w\u00f6chentlich oder monatlich.<\/p>\n<div class=\"content__img-wrap\"><img src=\"https:\/\/sitechecker.pro\/wp-content\/uploads\/2023\/05\/traffic_step_3-2.png\" alt=\"Traffic Checker \u2013 GA-Daten\" class=\"description-img description-img-zoom\" loading=\"lazy\" ><\/div>\n<p>Wenn Sie an GSC-Einblicken interessiert sind, schauen Sie sich das Forum an, das Leistung, Positionen, Sichtbarkeit, Top-100-Keywords und Top-100-Landingpages enth\u00e4lt.<\/p>\n<div class=\"content__img-wrap\"><img src=\"https:\/\/sitechecker.pro\/wp-content\/uploads\/2023\/05\/traffic_step_3-3.png\" alt=\"Traffic Checker \u2013 GSC-Daten\" class=\"description-img description-img-zoom\" loading=\"lazy\" ><\/div>\n<p>Ein \u00e4hnliches Board gibt es f\u00fcr die Keywords aus dem Rank-Tracker.<\/p>\n<div class=\"content__img-wrap\"><img src=\"https:\/\/sitechecker.pro\/wp-content\/uploads\/2023\/05\/traffic_step_3-4.png\" alt=\"Traffic Checker \u2013 Rank Tracker-Daten\" class=\"description-img description-img-zoom\" loading=\"lazy\" ><\/div>\n<p>Wenn Sie mehrere Websites besitzen, f\u00fcr eine SEO-Agentur arbeiten oder eine gro\u00dfe Unternehmenswebsite verwalten, verf\u00fcgt unser Tool \u00fcber eine spezielle Funktion, die Sie zu sch\u00e4tzen wissen werden. Mit dem Projekt-Dashboard k\u00f6nnen Sie den Datenverkehr und andere Leistungskennzahlen f\u00fcr eine Vielzahl von Websites verfolgen, die Ihnen oder Ihren Kunden geh\u00f6ren. Alternativ k\u00f6nnen Sie ein gro\u00dfes Projekt beispielsweise in bestimmte Teile oder Sprachen aufteilen und diese einzeln verfolgen.<\/p>\n<div class=\"content__img-wrap\"><img src=\"https:\/\/sitechecker.pro\/wp-content\/uploads\/2023\/05\/traffic_step_3-5.png\" alt=\"Traffic Checker - verschiedene Projekte\" class=\"description-img description-img-zoom\" loading=\"lazy\" ><\/div>\n<p>Wenn Sie Berichte f\u00fcr Ihre Kunden erstellen m\u00fcssen, sind Sie bei uns genau richtig. Wir haben sie bereits f\u00fcr Sie erstellt. Sie m\u00fcssen sie also nur noch herunterladen oder teilen.<\/p>\n<div class=\"content__img-wrap\"><img src=\"https:\/\/sitechecker.pro\/wp-content\/uploads\/2023\/05\/traffic_step_3-6.png\" alt=\"Traffic Checker - Berichte\" class=\"description-img description-img-zoom\" loading=\"lazy\" ><\/div>\n<h3 id=\"ik_competitors_website\">Zur Analyse von Konkurrenz-Websites<\/h3>\n<p>Zun\u00e4chst empfehlen wir die Auswahl einer bestimmten Region, um sicherzustellen, dass die Daten klar und aktuell sind und einen Einblick in die lokale Marktsituation f\u00fcr die Analyse bieten.<\/p>\n<div class=\"content__img-wrap\"><img src=\"https:\/\/sitechecker.pro\/wp-content\/uploads\/2023\/05\/traffic_checker_competitor.png\" alt=\"Traffic Checker-Konkurrententest\" class=\"description-img description-img-zoom\" loading=\"lazy\" ><\/div>\n<p>Schauen wir uns die Hauptelemente eines Website-Traffic-Sch\u00e4tzers genauer an und \u00fcberlegen, wie sie Ihnen bei der Bewertung Ihrer Konkurrenten helfen.<\/p>\n<div class=\"content__img-wrap\"><img src=\"https:\/\/sitechecker.pro\/wp-content\/uploads\/2023\/05\/traffic_checker_competitor_results.png\" alt=\"Traffic-Checker-Konkurrentenergebnisse\" class=\"description-img description-img-zoom\" loading=\"lazy\" ><\/div>\n<p><strong>Organischer Traffic:<\/strong> Er wird aus der Klickrate (CTR) und dem Suchvolumen generiert, die mit jedem Keyword verkn\u00fcpft sind, f\u00fcr das die Domain rankt.<\/p>\n<p><strong>Traffic-Wert:<\/strong> Stellt die Kosten dar, die mit der Steigerung des gesch\u00e4tzten monatlichen organischen Traffic-Volumens durch Pay-per-Click-Werbung (PPC) in der Google-Suche verbunden sind. Dies vermittelt ein Verst\u00e4ndnis f\u00fcr den potenziellen finanziellen Wert des Datenverkehrs.<\/p>\n<p><strong>Positionen auf der organischen Suchmaschinen-Ergebnisseite (SERP):<\/strong> Diese Kennzahl zeigt die Anzahl der Keywords an, f\u00fcr die ein Konkurrent auf verschiedenen SERP-Positionen rangiert: Top 1, 2\u20133, 4\u201310, 11\u201320, 21 -30, 31-50, 51-70 und 71-100. Es bietet Einblick in die allgemeine Sichtbarkeit des Konkurrenten in den Suchergebnissen.<\/p>\n<p>Dar\u00fcber hinaus umfasst die Traffic-Sch\u00e4tzung unseres Konkurrenten eine zus\u00e4tzliche Funktion: Top Keywords. Mit dieser Funktion k\u00f6nnen Sie die \u00fcber 30 Top-Keywords untersuchen, f\u00fcr die die Website rankt. Zu jedem Schl\u00fcsselwort geh\u00f6ren die relevante URL im SERP, die Position in den Suchergebnissen, das durchschnittliche monatliche Suchvolumen, die Kosten pro Klick (CPC) von Google Ads und die geografischen Spitzenstandorte, an denen die Website f\u00fcr das Schl\u00fcsselwort rankt.<\/p>\n<div class=\"content__img-wrap\"><img src=\"https:\/\/sitechecker.pro\/wp-content\/uploads\/2023\/05\/traffic_checker_competitor_keywords.png\" alt=\"Traffic-Checker-Konkurrenten-Keywords\" class=\"description-img description-img-zoom\" loading=\"lazy\" ><\/div>\n<p>Wenn Sie daran interessiert sind, nicht nur die Besucherzahlen der Konkurrenzseiten zu berechnen, sondern auch deren technische SEO-Leistung zu beurteilen, k\u00f6nnen Sie unsere SEO-Audit-Funktion nutzen.<\/p>\n<p>[Bild-URL=&#8221;https:\/\/sitechecker.pro\/wp-content\/uploads\/2023\/05\/traffic_checker_competitor_audit.png&#8221; alt=&#8221;Traffic-Checker-Konkurrenten-Audit-Funktion&#8221;]<\/p>\n    <div class=\"blog__conversion blog__conversion-app element__logged_out\">\n        <div class=\"blog__conversion-inner\">\n            <p class=\"title\">Nutzen Sie die Leistung Ihrer Website mit unserem Traffic-Checker-Tool!<\/p>\n            <p class=\"description\">Tauchen Sie tief in die Leistung Ihrer Website ein und bleiben Sie Ihren Mitbewerbern mit unserem fortschrittlichen Traffic-Checker-Tool einen Schritt voraus.<\/p>\n            <form id=\"audit__form\"\n                  class=\"article__seo-search audit__form Tauchen Sie tief in die Leistung Ihrer Website ein und bleiben Sie Ihren Mitbewerbern mit unserem fortschrittlichen Traffic-Checker-Tool einen Schritt voraus.\"\n                  action=\"\"\n                  method=\"POST\"\n                  autocomplete=\"off\">\n                <span class=\"error\"><\/span>\n                <div class=\"error__limits\">Something went wrong. Please, try again later.<\/div>\n                <input name=\"url\"\n                       type=\"text\"\n                       placeholder=\"\">\n                <input name=\"register_url\" type=\"hidden\" value=\"traffic-checker\">                <button type=\"submit\"\n                        class=\"sitechecker__text\">\n                    <span>\u00dcberpr\u00fcfen Sie den Verkehr<\/span>\n                    <img src=\"\/wp-content\/themes\/sitechecker\/out\/img_design\/loading.svg\"\n                         width=\"31\"\n                         height=\"30\"\n                         class=\"loading\">\n                <\/button>\n            <\/form>\n        <\/div>\n    <\/div>\n    \n<h2 id=\"ik_Final\">Abschlie\u00dfende Gedanken zum Website-Besucher-Checker<\/h2>\n<p>Unser Tool ist eine universelle L\u00f6sung f\u00fcr verschiedene Besucheranalyseanforderungen. Sie k\u00f6nnen damit Daten aus GA, GSC und SERP an einem Ort zusammenfassen. Mit vollautomatisch eingerichteten Dashboards k\u00f6nnen Sie n\u00fctzliche Erkenntnisse gewinnen und sich auf die Daten konzentrieren, die Ihnen die besten Ergebnisse liefern. Dar\u00fcber hinaus k\u00f6nnen Sie es f\u00fcr Marktanalysen und Wettbewerbspr\u00fcfungen verwenden, einschlie\u00dflich der Sch\u00e4tzung des organischen Traffics und der Preisbewertung. Finden Sie heraus, welche Keywords Ihren Konkurrenten die beste Sichtbarkeit und die besten Traffic-Ergebnisse verschaffen, um Ihre eigene Leistung zu verbessern. Es kann eine gro\u00dfartige L\u00f6sung f\u00fcr die Steuerung und Analyse des Verkehrs an einem Ort sein.<\/p>\n<div id=\"FAQ\"><\/div>\n<p><div class=\"front__faq-block\"><div class=\"faq__block-title\">FAQ<\/div><div class=\"panel-group\" id=\"faq-accordion\" itemscope itemtype=\"https:\/\/schema.org\/FAQPage\" role=\"tablist\" aria-multiselectable=\"true\"><div class=\"panel\" itemscope itemtype=\"https:\/\/schema.org\/Question\" itemprop=\"mainEntity\">\n                            <div class=\"panel-heading\" id=\"headingFaq-1\">\n                                <div class=\"panel-title\" data-toggle=\"collapse\" aria-expanded=\"false\" href=\"#collapseFaq-1\">\n                                    <h3 itemprop=\"name\">Kann ich den Website-Verkehr kostenlos \u00fcberpr\u00fcfen?<\/h3>\n                                <\/div>\n                            <\/div>\n                            <div id=\"collapseFaq-1\" class=\"panel-collapse collapse\" itemprop=\"acceptedAnswer\" itemscope itemtype=\"http:\/\/schema.org\/Answer\">\n                                <div class=\"panel-body\" itemprop=\"text\">Ja! Mit unserem Website-Traffic-Analysator k\u00f6nnen Sie eine kostenlose Testversion f\u00fcr 14 Tage starten und vollen Zugriff auf die Funktionen unseres Tools erhalten. Wenn Sie jedoch nach Ablauf des Testzeitraums Ihre Daten weiterhin \u00fcberwachen und auf zus\u00e4tzliche Funktionen zugreifen m\u00f6chten, wie z. B Standortpr\u00fcfung und -\u00fcberwachung usw. Sie m\u00fcssen auf einen kostenpflichtigen Plan upgraden.<\/div>\n                            <\/div>\n                        <\/div><div class=\"panel\" itemscope itemtype=\"https:\/\/schema.org\/Question\" itemprop=\"mainEntity\">\n                            <div class=\"panel-heading\" id=\"headingFaq-2\">\n                                <div class=\"panel-title\" data-toggle=\"collapse\" aria-expanded=\"false\" href=\"#collapseFaq-2\">\n                                    <h3 itemprop=\"name\">Wie \u00fcberpr\u00fcfe ich den Website-Verkehr f\u00fcr meine Website?<\/h3>\n                                <\/div>\n                            <\/div>\n                            <div id=\"collapseFaq-2\" class=\"panel-collapse collapse\" itemprop=\"acceptedAnswer\" itemscope itemtype=\"http:\/\/schema.org\/Answer\">\n                                <div class=\"panel-body\" itemprop=\"text\">Geben Sie einfach den Domainnamen Ihrer Website ein und starten Sie die kostenlose Testversion. W\u00e4hlen Sie dann die Option zum \u00dcberpr\u00fcfen Ihrer eigenen Website. Sie erhalten das vollst\u00e4ndige Datenpaket von GSC, GA und SERP.<\/div>\n                            <\/div>\n                        <\/div><div class=\"panel\" itemscope itemtype=\"https:\/\/schema.org\/Question\" itemprop=\"mainEntity\">\n                            <div class=\"panel-heading\" id=\"headingFaq-3\">\n                                <div class=\"panel-title\" data-toggle=\"collapse\" aria-expanded=\"false\" href=\"#collapseFaq-3\">\n                                    <h3 itemprop=\"name\">Wie finde ich Traffic f\u00fcr die Website eines Mitbewerbers?<\/h3>\n                                <\/div>\n                            <\/div>\n                            <div id=\"collapseFaq-3\" class=\"panel-collapse collapse\" itemprop=\"acceptedAnswer\" itemscope itemtype=\"http:\/\/schema.org\/Answer\">\n                                <div class=\"panel-body\" itemprop=\"text\">Geben Sie einfach den Domainnamen Ihres Mitbewerbers ein und starten Sie die kostenlose Testversion. W\u00e4hlen Sie dann die Option zum \u00dcberpr\u00fcfen der Mitbewerberseiten aus. In Sekundenschnelle erhalten Sie die organischen Traffic-Daten, den Traffic-Wert, die organischen SERP-Positionen und die Top-Position des Mitbewerbers besuchergenerierende Schl\u00fcsselw\u00f6rter.<\/div>\n                            <\/div>\n                        <\/div><div class=\"panel\" itemscope itemtype=\"https:\/\/schema.org\/Question\" itemprop=\"mainEntity\">\n                            <div class=\"panel-heading\" id=\"headingFaq-4\">\n                                <div class=\"panel-title\" data-toggle=\"collapse\" aria-expanded=\"false\" href=\"#collapseFaq-4\">\n                                    <h3 itemprop=\"name\">Kann ich mit dem Tool den Verlauf des Website-Verkehrs einsehen?<\/h3>\n                                <\/div>\n                            <\/div>\n                            <div id=\"collapseFaq-4\" class=\"panel-collapse collapse\" itemprop=\"acceptedAnswer\" itemscope itemtype=\"http:\/\/schema.org\/Answer\">\n                                <div class=\"panel-body\" itemprop=\"text\">Durch die Verkn\u00fcpfung Ihrer Google Analytics- und Google Search Console-Konten mit Sitechecker k\u00f6nnen Sie auf historische Daten f\u00fcr Ihre Website zugreifen.<\/div>\n                            <\/div>\n                        <\/div><div class=\"panel\" itemscope itemtype=\"https:\/\/schema.org\/Question\" itemprop=\"mainEntity\">\n                            <div class=\"panel-heading\" id=\"headingFaq-5\">\n                                <div class=\"panel-title\" data-toggle=\"collapse\" aria-expanded=\"false\" href=\"#collapseFaq-5\">\n                                    <h3 itemprop=\"name\">Was ist eine Website-Traffic-Analyse?<\/h3>\n                                <\/div>\n                            <\/div>\n                            <div id=\"collapseFaq-5\" class=\"panel-collapse collapse\" itemprop=\"acceptedAnswer\" itemscope itemtype=\"http:\/\/schema.org\/Answer\">\n                                <div class=\"panel-body\" itemprop=\"text\">Die Analyse des Website-Verkehrs umfasst das Sammeln und Interpretieren (Analysieren) von Daten \u00fcber Besucher Ihrer Website, um deren Verhalten zu verstehen.<\/div>\n                            <\/div>\n                        <\/div><div class=\"panel\" itemscope itemtype=\"https:\/\/schema.org\/Question\" itemprop=\"mainEntity\">\n                            <div class=\"panel-heading\" id=\"headingFaq-6\">\n                                <div class=\"panel-title\" data-toggle=\"collapse\" aria-expanded=\"false\" href=\"#collapseFaq-6\">\n                                    <h3 itemprop=\"name\">Kann ich den Website-Verkehr verfolgen?<\/h3>\n                                <\/div>\n                            <\/div>\n                            <div id=\"collapseFaq-6\" class=\"panel-collapse collapse\" itemprop=\"acceptedAnswer\" itemscope itemtype=\"http:\/\/schema.org\/Answer\">\n                                <div class=\"panel-body\" itemprop=\"text\">Mit unserem Tool k\u00f6nnen Sie ganz einfach und regelm\u00e4\u00dfig Website-Trafficstatistiken von Google Search Console, Google Analytics und Suchmaschinen-Ergebnisseiten (SERP) sammeln und verfolgen.<\/div>\n                            <\/div>\n                        <\/div><\/div><\/div><\/p>","protected":false},"excerpt":{"rendered":"Was ist ein Website-Traffic-Sch\u00e4tzer? Es ist ein unverzichtbares Tool f\u00fcr jeden Websitebesitzer oder Vermarkter, der seine Online-Pr\u00e4senz optimieren m\u00f6chte. Unser Website-Traffic-Checker ist ein vielseitiges und leistungsstarkes Datenanalysetool Entwickelt, um Ihnen dabei zu helfen, die Leistung Ihrer Website zu verfolgen, zu analysieren und zu optimieren. Hauptfunktionen des Domain-Traffic-Checkers: All-in-One-Dashboard: Greifen Sie an einem praktischen Ort auf&#8230;","protected":false},"author":10504980,"featured_media":6981,"parent":0,"menu_order":0,"comment_status":"closed","ping_status":"closed","template":"pages-templates\/pages-minitools-3.php","meta":[],"categories":[75],"tags":[],"_links":{"self":[{"href":"https:\/\/sitechecker.pro\/de\/wp-json\/wp\/v2\/pages\/6404"}],"collection":[{"href":"https:\/\/sitechecker.pro\/de\/wp-json\/wp\/v2\/pages"}],"about":[{"href":"https:\/\/sitechecker.pro\/de\/wp-json\/wp\/v2\/types\/page"}],"author":[{"embeddable":true,"href":"https:\/\/sitechecker.pro\/de\/wp-json\/wp\/v2\/users\/10504980"}],"replies":[{"embeddable":true,"href":"https:\/\/sitechecker.pro\/de\/wp-json\/wp\/v2\/comments?post=6404"}],"version-history":[{"count":221,"href":"https:\/\/sitechecker.pro\/de\/wp-json\/wp\/v2\/pages\/6404\/revisions"}],"predecessor-version":[{"id":39361,"href":"https:\/\/sitechecker.pro\/de\/wp-json\/wp\/v2\/pages\/6404\/revisions\/39361"}],"wp:featuredmedia":[{"embeddable":true,"href":"https:\/\/sitechecker.pro\/de\/wp-json\/wp\/v2\/media\/6981"}],"wp:attachment":[{"href":"https:\/\/sitechecker.pro\/de\/wp-json\/wp\/v2\/media?parent=6404"}],"wp:term":[{"taxonomy":"category","embeddable":true,"href":"https:\/\/sitechecker.pro\/de\/wp-json\/wp\/v2\/categories?post=6404"},{"taxonomy":"post_tag","embeddable":true,"href":"https:\/\/sitechecker.pro\/de\/wp-json\/wp\/v2\/tags?post=6404"}],"curies":[{"name":"wp","href":"https:\/\/api.w.org\/{rel}","templated":true}]}}