{"id":622,"date":"2020-06-25T08:38:54","date_gmt":"2020-06-25T06:38:54","guid":{"rendered":"https:\/\/sitechecker.pro\/?page_id=622"},"modified":"2024-09-25T10:51:37","modified_gmt":"2024-09-25T10:51:37","slug":"what-is-url","status":"publish","type":"page","link":"https:\/\/sitechecker.pro\/de\/what-is-url\/","title":{"rendered":"URL-L\u00e4ngenpr\u00fcfer: Maximale L\u00e4ngenbegrenzung von SEO-freundlichen URLs"},"content":{"rendered":"<p>Eine der Best Practices in der Webentwicklung besteht darin, Ihre URLs kurz und pr\u00e4gnant zu halten. Dadurch k\u00f6nnen Sie sich leichter merken, wo sich bestimmte Inhalte auf Ihrer Website befinden, und Ihre Seiten werden schneller geladen, da Sie weniger Daten \u00fcber das Internet senden. Ein <strong>Tool zur \u00dcberpr\u00fcfung der URL-L\u00e4nge<\/strong> misst die L\u00e4nge einer beliebigen URL und bestimmt, ob sie die Anforderungen von Google, Yahoo, Bing und anderen Suchmaschinen erf\u00fcllt \u2013 sowie die von Social-Media-Websites wie Facebook und Twitter.<\/p>\n<h2 id=\"what_is\">Was ist ein URL-L\u00e4ngenpr\u00fcfer?<\/h2>\n<p>Ein URL-L\u00e4ngenpr\u00fcfer ist ein Tool, mit dem Sie die Anzahl der Zeichen in einer URL anzeigen k\u00f6nnen. Auf diese Weise k\u00f6nnen Sie sehen, ob die URL-L\u00e4ngenbegrenzung von Suchmaschinen eingehalten wird, und notwendige \u00c4nderungen f\u00fcr eine bessere Website-Optimierung vornehmen. Die meisten Suchmaschinen erlauben eine maximale URL-Textl\u00e4nge von 2.000\u20132.500 Zeichen. Allerdings neigen lange URLs auch dazu, mit Bindestrichen und Unterstrichen \u00fcberladen zu sein, was dazu f\u00fchren kann, dass sie schwer lesbar sind und weniger wahrscheinlich auf einer Suchergebnisseite erscheinen als k\u00fcrzere Alternativen.<\/p>\n<p>M\u00f6glicherweise m\u00fcssen Sie lange URLs in mehrere Teile aufteilen (z. B. \/about-us\/ in \/about\/, \/history\/ und \/requests\/ umwandeln), oder Sie stellen m\u00f6glicherweise fest, dass die Verwendung eines Ankers anstelle eines Pfads (z. B. #top) funktioniert besser, um lange Informationen auf einer einzelnen Webseite anzuzeigen. Die URL-Struktur ist also wichtig.<\/p>\n<p>Testen Sie unbedingt, wie Ihre URL in verschiedenen Browsern auf verschiedenen Betriebssystemen aussieht und wie sie f\u00fcr mobile Benutzer aussieht. Beispielsweise hat Mozilla Firefox eine Begrenzung von 65.583 URL-Zeichen, weit mehr als jede Suchmaschine, was bedeutet, dass Ihre URL m\u00f6glicherweise einen anderen Rang einnimmt.<\/p>\n<h2 id=\"how_to\">Wie verwende ich den URL-L\u00e4ngenpr\u00fcfer?<\/h2>\n<p>Mit Sitechecker k\u00f6nnen Sie verfolgen, wie lang Ihre URLs sind, damit Sie bei Google einen guten Ruf haben. Obwohl es keine bestimmte Zahl gibt, nach der Sie von Google bestraft werden k\u00f6nnten, ist es am besten, auf Nummer sicher zu gehen. So \u00fcberpr\u00fcfen Sie die URL-L\u00e4nge \u00fcber Sitechecker:<\/p>\n<h3>Schritt 1: Geben Sie Ihre URL ein<\/h3>\n<div class=\"content__img-wrap\"><img src=\"https:\/\/sitechecker.pro\/wp-content\/uploads\/2022\/02\/url_lenght_checker_1.png\" alt=\"URL http oder https L\u00e4ngenpr\u00fcfer\" class=\"description-img description-img-zoom\" loading=\"lazy\" ><\/div>\n<p>Sie k\u00f6nnen eine beliebige URL in diese URL-Locator-Leiste eingeben und auf den Pfeil klicken, um Ergebnisse zu generieren.<\/p>\n<h3>Schritt 2: Ergebnis abrufen<\/h3>\n<div class=\"content__img-wrap\"><img src=\"https:\/\/sitechecker.pro\/wp-content\/uploads\/2022\/02\/url_lenght_checker_2.png\" alt=\"URL-Checker-Ergebnisse \u2013 SEO-freundliche URLs f\u00fcr Suchmaschinen-Bots erstellen\" class=\"description-img description-img-zoom\" loading=\"lazy\" ><\/div>\n<h2 id=\"URL_max\">Maximale URL-L\u00e4nge<\/h2>\n<p>Die meisten Suchmaschinen haben eine <strong>URL-Zeichenbegrenzung<\/strong> von 2.000\u20132.500 Zeichen. Lange URL-Limits sind bei vielen Webdiensten (insbesondere Social-Media-Sites) ziemlich \u00fcblich, aber sie sind immer noch ein Problem. Das Limit kann besonders schlimm sein, wenn Sie zuf\u00e4llig Fotograf sind oder Links auf Orten wie Reddit und Imgur teilen m\u00f6chten, wo lange URLs einfach nicht gut funktionieren.<\/p>\n<h2 id=\"seo_friendly\">Ist die URL-L\u00e4nge SEO-freundlich?<\/h2>\n<h3>Was sagt Google?<\/h3>\n<div class=\"article__testimonial\">\n<p><em>Die direkte Antwort ist nein. Die URL-L\u00e4nge spielt keine Rolle. Wir verwenden URLs als Identifikatoren, egal wie lang sie sind. Ich pers\u00f6nlich versuche, sie k\u00fcrzer als 1.000 Zeichen zu halten, aber das dient nur dazu, die \u00dcberwachung zu vereinfachen. Die Anzahl der Schr\u00e4gstriche dort spielt auch keine Rolle.<\/em><\/p>\n<p><em><strong>John Mueller, Search Advocate von Google<\/strong><\/em><\/p>\n<\/div>\n<p>Au\u00dferdem haben wir eine detaillierte Anleitung: &#8220;<a href=\"https:\/\/sitechecker.pro\/de\/what-is-seo-friendly-url\/\" target=\"_blank\" rel=\"noopener noreferrer\">Was ist eine URL: Definition, Struktur und Beispiele &amp; Wie macht man es SEO-freundlich?<\/a>&#8221; einfach mal ausprobieren.<\/p>\n<h3>Was ist in der URL f\u00fcr Google wirklich wichtig?<\/h3>\n<p>Google Chrome weist darauf hin, dass alle Websites https:\/\/ verwenden. Der Hostname ist die Adresse Ihrer Website, die normalerweise mit Ihrer E-Mail-Adresse \u00fcbereinstimmt. Google unterscheidet zwischen www- und nicht-www-Versionen einer Website (z. B. www.example.com oder nur example.com). Experten empfehlen, der Search Console sowohl die http:\/\/- als auch die https:\/\/-Version Ihrer Website sowie die www- und die nicht-www-Variante hinzuzuf\u00fcgen.<\/p>\n<p>Der Pfad, der Dateiname und die Abfragezeichenfolge bestimmen, auf welches Material von Ihrem Webserver aus zugegriffen werden kann. Da bei diesen drei Elementen zwischen Gro\u00df- und Kleinschreibung unterschieden wird, unterscheidet sich die URL f\u00fcr TITLE von der URL f\u00fcr den Titel. Beim Hostnamen und Protokoll wird die Gro\u00df-\/Kleinschreibung nicht beachtet; Daher spielt die Gro\u00dfschreibung keine Rolle.<\/p>\n<p>Ein Fragment, zum Beispiel #info, gibt an, wohin der Browser auf der Seite scrollen wird. Da das Material unabh\u00e4ngig vom verwendeten Fragment normalerweise dasselbe ist, wird es von Suchmaschinen normalerweise ignoriert. Ein abschlie\u00dfender Schr\u00e4gstrich nach dem Hostnamen ist optional, wenn auf die Homepage verlinkt wird, da er zum gleichen Inhalt f\u00fchrt (https:\/\/example.com\/ ist dasselbe wie https:\/\/example.com). Ein nachgestellter Schr\u00e4gstrich im Pfad- und Dateinamen wird als eindeutige URL interpretiert (entweder eine Datei oder ein Verzeichnis); Daher ist https:\/\/example.com\/fish nicht dasselbe wie https:\/\/example.com\/fish\/.<\/p>\n    <div class=\"blog__conversion blog__conversion-app element__logged_out\">\n        <div class=\"blog__conversion-inner\">\n            <p class=\"title\">Erkennen Sie nicht nur das Problem der URL-L\u00e4ngenbegrenzung, sondern alle Arten von URL-Problemen!<\/p>\n            <p class=\"description\">Crawlen Sie Ihre Website und finden Sie alle URLs mit Problemen heraus, die Ihre Benutzer oder die SEO Ihrer Website beeintr\u00e4chtigen k\u00f6nnen.<\/p>\n            <form id=\"audit__form\"\n                  class=\"article__seo-search audit__form Crawlen Sie Ihre Website und finden Sie alle URLs mit Problemen heraus, die Ihre Benutzer oder die SEO Ihrer Website beeintr\u00e4chtigen k\u00f6nnen.\"\n                  action=\"\"\n                  method=\"POST\"\n                  autocomplete=\"off\">\n                <span class=\"error\"><\/span>\n                <div class=\"error__limits\">Something went wrong. Please, try again later.<\/div>\n                <input name=\"url\"\n                       type=\"text\"\n                       placeholder=\"F\u00fcgen Sie Ihren Domainnamen hier ein\">\n                                <button type=\"submit\"\n                        class=\"sitechecker__text\">\n                    <span>Start Audit<\/span>\n                    <img src=\"\/wp-content\/themes\/sitechecker\/out\/img_design\/loading.svg\"\n                         width=\"31\"\n                         height=\"30\"\n                         class=\"loading\">\n                <\/button>\n            <\/form>\n        <\/div>\n    <\/div>\n    \n<h3 id=\"experts\">Was sagen SEO-Experten?<\/h3>\n<p>Die L\u00e4nge einer URL ist ein wichtiger Faktor daf\u00fcr, wie benutzerfreundlich und lesbar sie ist, insbesondere in sozialen Medien. Im Fall der Suchmaschinenoptimierung kann eine lange URL einige SEO-Vorteile haben, z. B. Keyword-F\u00fcllung der URL, sie werden hervorgehoben und k\u00f6nnen zus\u00e4tzliche Relevanz bieten. Au\u00dferdem kann es die Klickrate beeinflussen. Aber insgesamt ist es nicht der Hauptfaktor und kann der Benutzerfreundlichkeit Ihrer Website schaden, also sollten Sie die Balance halten. In diesem Video erhalten Sie eine umfassende Erkl\u00e4rung der besten SEO-Praktiken in Bezug auf die URL-L\u00e4nge:<\/p>\n<p><iframe width=\"770\" height=\"350\" src=\"https:\/\/www.youtube.com\/embed\/7wB_7O1049c\" title=\"YouTube-Videoplayer\" frameborder=\"0\" allow=\"accelerometer; autoplay; clipboard- schreiben; verschl\u00fcsselte Medien; Gyroskop; Bild-im-Bild\" allowfullscreen><\/iframe><\/p>\n<p>Die meisten Experten sind sich einig, dass Sie im Kontext der URL-L\u00e4nge <strong>den Fokus behalten sollten auf:<\/strong><\/p>\n<h4>Klickrate<\/h4>\n<p>Die Click-Through-Rate oder CTR ist im SEO extrem wichtig. CTR bezieht sich auf den Prozentsatz der Personen, die auf Ihr Snippet in SERP geklickt haben. Eine niedrige CTR kann auf die schlechte Relevanz Ihres Snippets f\u00fcr die Keywords hinweisen und der Grund f\u00fcr die Herabstufung der Position sein.<\/p>\n<p>Die CTR-Verbesserung ist eine der narrensicheren Techniken, um Ihr SEO-Ranking zu verbessern. Darin zu investieren kann zu einer Vielzahl von Vorteilen f\u00fchren, darunter h\u00f6here SERP-R\u00e4nge, mehr Verkehr und mehr Conversions. K\u00fcrzere URLs k\u00f6nnen zu hohen Klickraten f\u00fchren.<\/p>\n<h4>Anzeige in sozialen Medien<\/h4>\n<p>Die Kenntnis der Anzahl der Zeichen in sozialen Medien hilft dabei, mehr Reichweite zu erzielen und Besucher in Beitr\u00e4ge einzubeziehen. Jede Social-Media-Plattform hat jedoch ihre eigenen Anforderungen. Beispielsweise erlaubt Facebook eine Zeichenbegrenzung von 63.206 in regul\u00e4ren Beitr\u00e4gen, w\u00e4hrend Instagram nur 2.200 Zeichen zul\u00e4sst. Trotzdem sind k\u00fcrzere Posts immer ansprechender, und viele Experten sind sich einig, dass Facebook-Posts weniger als 50 Zeichen lang sein sollten.<\/p>\n<p>Aber die Durchf\u00fchrung der Experimente ist der einzig richtige Weg, um die Informationen zu validieren und eigene Ergebnisse zu erhalten.<\/p>","protected":false},"excerpt":{"rendered":"Eine der Best Practices in der Webentwicklung besteht darin, Ihre URLs kurz und pr\u00e4gnant zu halten. Dadurch k\u00f6nnen Sie sich leichter merken, wo sich bestimmte Inhalte auf Ihrer Website befinden, und Ihre Seiten werden schneller geladen, da Sie weniger Daten \u00fcber das Internet senden. Ein Tool zur \u00dcberpr\u00fcfung der URL-L\u00e4nge misst die L\u00e4nge einer beliebigen&#8230;","protected":false},"author":10409641,"featured_media":3347,"parent":0,"menu_order":0,"comment_status":"closed","ping_status":"closed","template":"pages.php","meta":[],"categories":[74],"tags":[],"_links":{"self":[{"href":"https:\/\/sitechecker.pro\/de\/wp-json\/wp\/v2\/pages\/622"}],"collection":[{"href":"https:\/\/sitechecker.pro\/de\/wp-json\/wp\/v2\/pages"}],"about":[{"href":"https:\/\/sitechecker.pro\/de\/wp-json\/wp\/v2\/types\/page"}],"author":[{"embeddable":true,"href":"https:\/\/sitechecker.pro\/de\/wp-json\/wp\/v2\/users\/10409641"}],"replies":[{"embeddable":true,"href":"https:\/\/sitechecker.pro\/de\/wp-json\/wp\/v2\/comments?post=622"}],"version-history":[{"count":89,"href":"https:\/\/sitechecker.pro\/de\/wp-json\/wp\/v2\/pages\/622\/revisions"}],"predecessor-version":[{"id":33591,"href":"https:\/\/sitechecker.pro\/de\/wp-json\/wp\/v2\/pages\/622\/revisions\/33591"}],"wp:featuredmedia":[{"embeddable":true,"href":"https:\/\/sitechecker.pro\/de\/wp-json\/wp\/v2\/media\/3347"}],"wp:attachment":[{"href":"https:\/\/sitechecker.pro\/de\/wp-json\/wp\/v2\/media?parent=622"}],"wp:term":[{"taxonomy":"category","embeddable":true,"href":"https:\/\/sitechecker.pro\/de\/wp-json\/wp\/v2\/categories?post=622"},{"taxonomy":"post_tag","embeddable":true,"href":"https:\/\/sitechecker.pro\/de\/wp-json\/wp\/v2\/tags?post=622"}],"curies":[{"name":"wp","href":"https:\/\/api.w.org\/{rel}","templated":true}]}}