{"id":6066,"date":"2019-03-26T09:30:04","date_gmt":"2019-03-26T09:30:04","guid":{"rendered":"https:\/\/sitechecker.pro\/?page_id=6066"},"modified":"2025-03-18T08:17:15","modified_gmt":"2025-03-18T08:17:15","slug":"backlinks-generator","status":"publish","type":"page","link":"https:\/\/sitechecker.pro\/de\/backlinks-generator\/","title":{"rendered":"Kostenloser Backlink-Generator: Links einfach erstellen | Sitechecker \u1408"},"content":{"rendered":"<p><\/p>\n<h2 id=\"par1\">Was ist ein kostenloser Backlink-Generator?<\/h2>\n<p>Ein Backlink-Generator ist ein Online-Tool, das es erm\u00f6glicht, einzigartige SEO-freundliche Links zu Ihren Inhalten hinzuzuf\u00fcgen, indem es diese automatisch von anderen Websites bezieht. Die Mechanik dieses Prozesses ist recht einfach.<\/p>\n<p>Das Internet ist voll von Software, die Websites anhand verschiedener Kriterien bewertet, darunter die Menge des Datenverkehrs, der Webhoster, die IP-Adresse, das Alter der Domain und so weiter. Dar\u00fcber hinaus archivieren und indexieren einige dieser Technologien jeden Bericht, der durch ihre Verwendung erzeugt wird. Das Sitechecker Backlinks Builder Tool macht sich diese Funktion zunutze. Es generiert diese Berichte automatisch auf solchen Websites und erm\u00f6glicht so kostenlose PR f\u00fcr Ihre Website.<\/p>\n<h3>Hauptmerkmale des Backlink-Creators<\/h3>\n<p>Hier sind die wichtigsten Merkmale eines kostenlosen Backlink-Creators.<\/p>\n<ul>\n<li><strong>Freier Zugang. <\/strong>Wir stellen den Nutzern keine Rechnung f\u00fcr die Linkgenerierung. Obwohl die bereitgestellten Links eher einfach sind, k\u00f6nnen sie als hervorragender Ausgangspunkt f\u00fcr die Umsetzung einer effizienten SEO-Strategie dienen.<\/li>\n<li><strong>Domain-Verf\u00fcgbarkeit. <\/strong>Sie erhalten eingehende Links von 17 verschiedenen vertrauensw\u00fcrdigen Domains.<\/li>\n<li><strong>Backlink-Tracker. <\/strong>Unsere Plattform beinhaltet ein leistungsstarkes <a href=\"https:\/\/sitechecker.pro\/backlinks-checker\/\" rel=\"noopener noreferrer\" target=\"_blank\">Backlink Tracker Tool<\/a>. Es \u00fcberwacht die generierten eingehenden Links und f\u00fcgt die neuen Links hinzu, die Sie f\u00fcr Ihre Website erstellen. Diese Funktion warnt Sie auch, wenn Sie Links verlieren.<\/li>\n<li><strong>Audit. <\/strong>Unser <a href=\"https:\/\/sitechecker.pro\/\" target=\"_blank\" rel=\"noopener noreferrer\">SEO-Checker<\/a> ist mehr als nur ein Backlink-Generator. Wir erm\u00f6glichen Ihnen die Nutzung einer umfassenden SEO-Audit-Funktion, eines Rank-Trackers, einer Website-\u00dcberwachung und mehr.<\/li>\n<\/ul>\n<h2 id=\"par2\">Warum sollte ich das Tool nutzen?<\/h2>\n<p>Unser Tool bietet einen kostenlosen und unkomplizierten Ansatz, der Ihre SEO steigert und Ihrer neuen Website zu einer schnelleren Indexierung verhilft. Dies ist dank der Links von indexierten Seiten auf hoch vertrauensw\u00fcrdigen Websites m\u00f6glich. Au\u00dferdem erzielen Sie mit dem Generator Sichtbarkeit auf den Suchmaschinenergebnisseiten (SERP), indem Sie auf 17 renommierten Domains erscheinen.<\/p>\n<h2 id=\"par3\">Wie benutzt man den kostenlosen Backlink-Generator?<\/h2>\n<h3>Schritt 1: Geben Sie die Domain ein, f\u00fcr die Sie Backlinks generieren m\u00f6chten, und klicken Sie dann auf die Schaltfl\u00e4che &#8220;Generierung starten&#8221;<\/h3>\n<div class=\"content__img-wrap\"><img src=\"https:\/\/sitechecker.pro\/wp-content\/uploads\/2023\/06\/backlinks_generator_start.png\" alt=\"Backlink Generator Start\" class=\"description-img description-img-zoom\" loading=\"lazy\" ><\/div>\n<div class=\"important-block\">Hinweis: Um Ergebnisse und Zugang zu den Funktionen von Sitechecker f\u00fcr 14 Tage zu erhalten, starten Sie Ihre KOSTENLOSE Testversion. Die Anmeldung erfolgt ganz einfach \u00fcber Ihr E-Mail-, Google- oder Facebook-Konto. Es ist KEINE Kreditkarte erforderlich.<\/div>\n<h3>Schritt 2: Interpretieren Sie die Ergebnisse des Backlink-Generators<\/h3>\n<p>Das Tool wird eingehende Links f\u00fcr Sie generieren. Es wird auch eine Liste dieser Links mit ihren Statuscodes bereitstellen.<\/p>\n<div class=\"content__img-wrap\"><img src=\"https:\/\/sitechecker.pro\/wp-content\/uploads\/2023\/05\/backlink-generator-results.png\" alt=\"Backlink Generator Results\" class=\"description-img description-img-zoom\" loading=\"lazy\" ><\/div>\n<p>Klicken Sie auf einen dieser Links, um zu sehen, wohin sie f\u00fchren, und um weitere Einblicke in ihre Leistung zu erhalten.<\/p>\n<p>Au\u00dferdem k\u00f6nnen Sie die Option &#8220;Tracking starten&#8221; verwenden, um alle Backlinks, die Sie f\u00fcr Ihre Website entdeckt oder aufgebaut haben, zu \u00fcberwachen und zu analysieren.<\/p>\n<div class=\"content__img-wrap\"><img src=\"https:\/\/sitechecker.pro\/wp-content\/uploads\/2023\/05\/backlink-generator-start-tracking.png\" alt=\"Backlink Generator Start Tracking\" class=\"description-img description-img-zoom\" loading=\"lazy\" ><\/div>\n<p>Sobald Sie auf die Schaltfl\u00e4che klicken, f\u00fcgt das Tool Ihre neu generierten eingehenden Links automatisch zum Backlink-Tracker hinzu. Das Tool zeigt detaillierte Informationen \u00fcber die Links an. Dazu geh\u00f6ren der Geber, die Akzeptor-URL, der Anker, der On-Page-Status, der Index-Status, der Cache-Status und mehr.<\/p>\n<div class=\"content__img-wrap\"><img src=\"https:\/\/sitechecker.pro\/wp-content\/uploads\/2023\/05\/backlink-tracker-1.png\" alt=\"Backlink Tracker\" class=\"description-img description-img-zoom\" loading=\"lazy\" ><\/div>\n<p>Dar\u00fcber hinaus gibt es eine flexible Backlink-Management-Funktion. Sie k\u00f6nnen manuell weitere Links hinzuf\u00fcgen, sie aus einer Datei importieren oder unsere Funktion zur \u00dcberpr\u00fcfung eingehender Links nutzen.<\/p>\n<div class=\"content__img-wrap\"><img src=\"https:\/\/sitechecker.pro\/wp-content\/uploads\/2023\/05\/add-import-backlinks.png\" alt=\"Importierte Backlinks hinzuf\u00fcgen\" class=\"description-img description-img-zoom\" loading=\"lazy\" ><\/div>\n<p>Weitere Einzelheiten finden Sie in unserer YouTube-Videoanleitung zur richtigen Verwendung des Tools:<\/p>\n<p><iframe width=\"700\" height=\"350\" src=\"https:\/\/www.youtube.com\/embed\/tOu8FmRXcRI?start=30\" title=\"YouTube video player\" frameborder=\"0\" allow=\"accelerometer; autoplay; clipboard-write; encrypted-media; gyroscope; picture-in-picture; web-share\" allowfullscreen><\/iframe><\/p>\n<h3>Schritt 3. Zus\u00e4tzliche Funktionen des Backlink-Generators nutzen<\/h3>\n<p>Zus\u00e4tzlich zur Generierung von Backlinks bietet das Tool einen umfassenden Website-Audit-Bericht, um potenzielle Probleme zu identifizieren. In diesem Bericht werden diese Probleme hervorgehoben und Vorschl\u00e4ge zu ihrer Behebung gemacht. Dar\u00fcber hinaus k\u00f6nnen Sie den Audit nach Problemtyp oder Kategorie aufschl\u00fcsseln, um die entscheidenden Herausforderungen, die den Erfolg Ihrer Website beeintr\u00e4chtigen, effizient anzugehen und zu l\u00f6sen.<\/p>\n<div class=\"content__img-wrap\"><img src=\"https:\/\/sitechecker.pro\/wp-content\/uploads\/2023\/05\/backlink-generator-additional-features.png\" alt=\"Backlink-Generator Zusatzfunktionen\" class=\"description-img description-img-zoom\" loading=\"lazy\" ><\/div>\n<h2 id=\"par4\">Schlussbemerkungen<\/h2>\n<p>Der Sitechecker Backlink-Generator ist ein leistungsstarkes Tool, das kostenlose Backlinks von vertrauensw\u00fcrdigen Domains und eine Vielzahl von SEO-Ressourcen bietet. Dank seiner benutzerfreundlichen Oberfl\u00e4che und Funktionalit\u00e4t k\u00f6nnen Sie eingehende Links reibungslos und effizient generieren und verwalten. Das Tool bietet au\u00dferdem einen detaillierten Website-Audit-Bericht, um potenzielle Probleme zu identifizieren und zu beheben. So sorgt es f\u00fcr eine verbesserte SEO-Strategie und steigert die Leistung Ihrer Website.<\/p>\n<div id=\"par5\"><\/div>\n<p><div class=\"front__faq-block\"><div class=\"faq__block-title\">FAQ<\/div><div class=\"panel-group\" id=\"faq-accordion\" itemscope itemtype=\"https:\/\/schema.org\/FAQPage\" role=\"tablist\" aria-multiselectable=\"true\"><div class=\"panel\" itemscope itemtype=\"https:\/\/schema.org\/Question\" itemprop=\"mainEntity\">\n                            <div class=\"panel-heading\" id=\"headingFaq-1\">\n                                <div class=\"panel-title\" data-toggle=\"collapse\" aria-expanded=\"false\" href=\"#collapseFaq-1\">\n                                    <h3 itemprop=\"name\">Wo kann ich kostenlose Backlinks erstellen?<\/h3>\n                                <\/div>\n                            <\/div>\n                            <div id=\"collapseFaq-1\" class=\"panel-collapse collapse\" itemprop=\"acceptedAnswer\" itemscope itemtype=\"http:\/\/schema.org\/Answer\">\n                                <div class=\"panel-body\" itemprop=\"text\">Um kostenlose eingehende Links zu generieren, geben Sie die URL Ihrer Website in das Sitechecker Backlink-Generator-Tool ein und starten Sie Ihre kostenlose Testversion. Das Tool generiert automatisch Backlinks von 17 vertrauensw\u00fcrdigen Domains.<\/div>\n                            <\/div>\n                        <\/div><div class=\"panel\" itemscope itemtype=\"https:\/\/schema.org\/Question\" itemprop=\"mainEntity\">\n                            <div class=\"panel-heading\" id=\"headingFaq-2\">\n                                <div class=\"panel-title\" data-toggle=\"collapse\" aria-expanded=\"false\" href=\"#collapseFaq-2\">\n                                    <h3 itemprop=\"name\">Was macht ein Backlink-Generator?<\/h3>\n                                <\/div>\n                            <\/div>\n                            <div id=\"collapseFaq-2\" class=\"panel-collapse collapse\" itemprop=\"acceptedAnswer\" itemscope itemtype=\"http:\/\/schema.org\/Answer\">\n                                <div class=\"panel-body\" itemprop=\"text\">Ein Backlink-Generator nutzt verschiedene Software, um Links zu generieren und Websites anhand mehrerer Kriterien zu bewerten. Dazu geh\u00f6ren insbesondere die Anzahl der Besucher, der Webhost, die IP-Adresse und das Alter der Domain.<\/div>\n                            <\/div>\n                        <\/div><div class=\"panel\" itemscope itemtype=\"https:\/\/schema.org\/Question\" itemprop=\"mainEntity\">\n                            <div class=\"panel-heading\" id=\"headingFaq-3\">\n                                <div class=\"panel-title\" data-toggle=\"collapse\" aria-expanded=\"false\" href=\"#collapseFaq-3\">\n                                    <h3 itemprop=\"name\">Was ist ein gutes Beispiel f\u00fcr Backlinks?<\/h3>\n                                <\/div>\n                            <\/div>\n                            <div id=\"collapseFaq-3\" class=\"panel-collapse collapse\" itemprop=\"acceptedAnswer\" itemscope itemtype=\"http:\/\/schema.org\/Answer\">\n                                <div class=\"panel-body\" itemprop=\"text\">Ein Backlink entsteht, wenn eine Website mit Hilfe von Ankertext auf andere Webseiten verweist, um einen Link zu erzeugen. Ein Beispiel f\u00fcr einen eingehenden Link finden Sie in jedem Artikel oder Blogbeitrag, der einen Hyperlink zu einer anderen Quelle oder Website enth\u00e4lt.<\/div>\n                            <\/div>\n                        <\/div><\/div><\/div><\/p>","protected":false},"excerpt":{"rendered":"Was ist ein kostenloser Backlink-Generator? Ein Backlink-Generator ist ein Online-Tool, das es erm\u00f6glicht, einzigartige SEO-freundliche Links zu Ihren Inhalten hinzuzuf\u00fcgen, indem es diese automatisch von anderen Websites bezieht. Die Mechanik dieses Prozesses ist recht einfach. Das Internet ist voll von Software, die Websites anhand verschiedener Kriterien bewertet, darunter die Menge des Datenverkehrs, der Webhoster, die&#8230;","protected":false},"author":10409641,"featured_media":6123,"parent":0,"menu_order":0,"comment_status":"closed","ping_status":"closed","template":"pages-templates\/pages-minitools.php","meta":[],"categories":[72],"tags":[],"_links":{"self":[{"href":"https:\/\/sitechecker.pro\/de\/wp-json\/wp\/v2\/pages\/6066"}],"collection":[{"href":"https:\/\/sitechecker.pro\/de\/wp-json\/wp\/v2\/pages"}],"about":[{"href":"https:\/\/sitechecker.pro\/de\/wp-json\/wp\/v2\/types\/page"}],"author":[{"embeddable":true,"href":"https:\/\/sitechecker.pro\/de\/wp-json\/wp\/v2\/users\/10409641"}],"replies":[{"embeddable":true,"href":"https:\/\/sitechecker.pro\/de\/wp-json\/wp\/v2\/comments?post=6066"}],"version-history":[{"count":69,"href":"https:\/\/sitechecker.pro\/de\/wp-json\/wp\/v2\/pages\/6066\/revisions"}],"predecessor-version":[{"id":36021,"href":"https:\/\/sitechecker.pro\/de\/wp-json\/wp\/v2\/pages\/6066\/revisions\/36021"}],"wp:featuredmedia":[{"embeddable":true,"href":"https:\/\/sitechecker.pro\/de\/wp-json\/wp\/v2\/media\/6123"}],"wp:attachment":[{"href":"https:\/\/sitechecker.pro\/de\/wp-json\/wp\/v2\/media?parent=6066"}],"wp:term":[{"taxonomy":"category","embeddable":true,"href":"https:\/\/sitechecker.pro\/de\/wp-json\/wp\/v2\/categories?post=6066"},{"taxonomy":"post_tag","embeddable":true,"href":"https:\/\/sitechecker.pro\/de\/wp-json\/wp\/v2\/tags?post=6066"}],"curies":[{"name":"wp","href":"https:\/\/api.w.org\/{rel}","templated":true}]}}