{"id":596,"date":"2017-12-08T10:16:27","date_gmt":"2017-12-08T10:16:27","guid":{"rendered":"https:\/\/sitechecker.pro\/?page_id=596"},"modified":"2025-06-02T14:47:35","modified_gmt":"2025-06-02T14:47:35","slug":"301-redirect","status":"publish","type":"page","link":"https:\/\/sitechecker.pro\/de\/301-redirect\/","title":{"rendered":"301 Weiterleitungen: Definition, Typen, Methode und wie man es f\u00fcr eine Website aufsetzt"},"content":{"rendered":"<p><\/p>\n<h2 id=\"types\">Was ist eine 301 Weiterleitungen \/ ein Weiterleitung?<\/h2>\n<p>&nbsp;<\/p>\n<p>Es ist eine Art, Besucher einer Seite und Suchmaschinen zu einer anderen URL als jener, die urspr\u00fcnglich angegeben wurde, umzuleiten. Unten finden Beschreibungen einiger der h\u00e4ufigsten Arten von Weiterleitungen.<\/p>\n<p>&nbsp;<\/p>\n<h3 id=\"301\">301 Permanent umgezogen<\/h3>\n<p>301 Weiterleitung ist eine permanente Weiterleitung, die zwischen 90 und 99% des Link-Verkehrs umleitet. Diese Weiterleitung zeigt an, dass die Seite zu einer neuen Adresse \u00fcbersiedelt ist und dass die alte URL veraltet ist.<\/p>\n<p>&nbsp;<\/p>\n<h3 id=\"302\">302 Gefunden (HTTP 1.1) \/ Tempor\u00e4r Umgezogen (HTTP 1.0)<\/h3>\n<p>302 Weiterleitung \u2013 tempor\u00e4re Weiterleitung. Diese Weiterleitung leitet 0% des Verkehrs weiter und sollte in den meisten F\u00e4llen nicht verwendet werden. In dem Moment, wenn Internet mit http Protokoll arbeitet, was erkennt, wie man URLs verwaltet. Bei zwei Arten dieses Protokolls liefert der Server zwei unterschiedliche Antwort-Statusmeldungen:<\/p>\n<ul>\n<li>HTTP 1.0: 302 Serveranwort ist \u201eTempor\u00e4r \u00fcbersiedelt\u201c \u2013 das aktuelle Dokument wurde tempor\u00e4r an eine andere URL \u00fcbersiedelt.<\/li>\n<li>HTTP 1.1: Es gab eine \u00c4nderung in der Serverantwort zu \u201eGefunden\u201c \u2013 das aktuelle Dokument wurde gefunden.<\/li>\n<\/ul>\n<p>&nbsp;<\/p>\n<h3 id=\"307\">307 Tempor\u00e4r umgezogen (Nur HTTP 1.1)<\/h3>\n<p>307 Weiterleitung im HTTP 1.1 Protokoll wurde zum Empf\u00e4nger des 302 Weiterleitung. W\u00e4hrend die meisten Such-Bots es als Analogon zu 302 erkennen ist es das Beste, 301 zu verwenden. Die Ausnahme der Regel ist, wenn der Inhalt nur tempor\u00e4r \u00fcbersiedelt wurde (beispielsweise f\u00fcr technische Wartungen) und Suchmaschinen inzwischen verstehen, dass Ihr Server mit HTTP 1.1 kompatibel ist. Dennoch \u2013 weil es nicht einfach ist, zu erkennen ist, ob die Suchmaschinen wirklich verstehen, dass Ihr Server mit dem neuen HTTP 1.1 kompatibel ist, ist es besser einen 302 Weiterleitung zu verwenden \u2013 zumindest f\u00fcr Inhalte, die nur tempor\u00e4r \u00fcbersiedelt wurden.<\/p>\n<p>&nbsp;<\/p>\n<h3 id=\"others\">Andere Arten von Weiterleitungen<\/h3>\n<p>Es gibt noch weitere Arten von Weiterleitungen: Die Verwendung von Meta Refresh oder JavaScript \u2013 die auf einem Seitenlevel ausgef\u00fchrt werden und nicht auf Server-Level ablaufen. Hier ist ein typisches Beispiel f\u00fcr ein Meta Refresh Weiterleitung:<br \/>\nDennoch: Den Einsatz dieser webseiten Weiterleitungen m\u00f6chte man selten halten, weil sie von Spammern und Hackern missbraucht werden. Zudem, wenn Sie diese Weiterleitungen verwenden, wird die Menge von Links nicht transmittiert.\u00a0Um zu \u00fcberpr\u00fcfen, ob Ihre Website die gesamte Seitengewichtung von der umgeleiteten URL erh\u00e4lt, richten Sie 301 Weiterleitungen ein.\u00a0Verwenden Sie einfach das <a href=\"https:\/\/sitechecker.pro\/de\/redirect-checker\/\">redirects pr\u00fcfen<\/a> tool.<br \/>\nBeispiele f\u00fcr den Einsatz sind weiter unten.<\/p>\n<p>&nbsp;<\/p>\n<h2 id=\"canonization\">Kanonisierung einer Seitendomain oder wie mein eine Domain zusammenklebt?<\/h2>\n<p>&nbsp;<\/p>\n<p>Um eine Domain von www zu einer ohne www klebt:<\/p>\n<div class=\"code\"><code>RewriteCond %{HTTP_HOST} ^www.site\\.com$ [NC]<br \/>\nRewriteRule ^(.*)$ Http:\/\/site.com\/$1 [R=301,L]<br \/>\n<\/code><\/div>\n<p>Um sie ohne www zu www zu kleben:<\/p>\n<div class=\"code\"><code>RewriteCond %{HTTP_HOST} ^site\\.com$ [NC]<br \/>\nRewriteRule ^(.*)$ Http:\/\/www.site.com\/$1 [R=301,L]<br \/>\n<\/code><\/div>\n<p>Um die richtige Option auszuw\u00e4hlen, ist es empfehlenswert, dies zu ber\u00fccksichtigen:<\/p>\n<ul>\n<li>Welche Optionen sind h\u00e4ufiger an der Spitze?<\/li>\n<li>Welche Optionen f\u00fchren zu mehr Seiten im Index?<\/li>\n<\/ul>\n<p>&nbsp;<\/p>\n<h3 id=\"slashes\">Slash Kanonisierung am Ende der URL<\/h3>\n<p>Wenn man eine Seite designed, ist es wichtig zu entscheiden, ob man den Slash am Ende der <a href=\"https:\/\/sitechecker.pro\/de\/what-is-url\/\">URL \u00fcberpr\u00fcfen<\/a> und verwendet, weil es f\u00fcr Suchmaschinen 2 URLs der folgenden Form gibt<\/p>\n<ul>\n<li>http:\/\/www.site.com\/cat1\/<\/li>\n<li>http:\/\/www.site.com\/cat1<\/li>\n<\/ul>\n<p>die unterschiedlich sind. Nachdem Sie sich entschieden haben, m\u00fcssen Sie die folgenden Weiterleitungen vorschreiben.<\/p>\n<p>Um den Slash am Ende zu entfernen:<\/p>\n<div class=\"code\"><code>RewriteCond %{HTTP_HOST} (.*)<br \/>\nRewriteCond %{REQUEST_URI} \/$ [NC]<br \/>\nRewriteRule ^(.*)(\/)$ $ 1 [L,R =301]<br \/>\n<\/code><\/div>\n<p>Um den Slash am Ende der Adresse hinzuzuf\u00fcgen:<\/p>\n<div class=\"code\"><code>RewriteCond %{REQUEST_FILENAME} !-f<br \/>\nRewriteCond %{REQUEST_URI} !(.*)\/$<br \/>\nRewriteRule ^(.*[^\/])$ $1\/ [L,R=301]<br \/>\n<\/code><\/div>\n<p>Weiterleitungion of one page to another page:<\/p>\n<div class=\"code\"><code>Redirect 301 \/oldpage.html http:\/\/www.site.com\/newpage.html<br \/>\n<\/code><\/div>\n<p>Weiterleitung f\u00fcr die Doppelungen der Hauptseite<br \/>\nDieser Code sorgt daf\u00fcr, dass jede Homepageadresse, die mehrere Versionen von direkten Links zum Seitennamen, wie etwa default.htm oder index.html, zur kanonischen Homepage http:\/\/www.site.com weitergeleitet werden:<\/p>\n<div class=\"code\"><code>RewriteCond %{THE_REQUEST} ^[A-Z]{3,9}\\ \/([^\/]+\/)*(default|index|main)\\.(html|php|htm)\\ HTTP\/ [NC]<br \/>\nRewriteRule ^(([^\/]+\/)*)(default|main|index)\\.(html|php|htm)$ http:\/\/www.site.com\/$1 [L,R=301]<br \/>\n<\/code><\/div>\n<p>&nbsp;<\/p>\n<h3 id=\"directories\">Weiterleitung eines Verzeichnisses<\/h3>\n<p>Wenn die Katalogstruktur, die in der URL angezeigt wird und Sie eine Weiterleitung machen, m\u00fcssen Sie auch die URL umgehend anpassen. In diesem Fall m\u00fcssen Sie die folgende Weiterleitung schreiben:<\/p>\n<div class=\"code\"><code><br \/>\nRewriteRule ^(.*)\/old-catalog\/(.*)$ $1\/new-catalog\/$2 [R=301,L]<br \/>\n<\/code><\/div>\n<p>Aber wenn die URL des alten Katalogs nach der Domain sofort startet: www.site.com\/alter-katalog\/, dann m\u00fcssen Sie den folgenden Code verwenden<\/p>\n<div class=\"code\"><code>RewriteRule old-catalog \/(.*) \/ old-catalog \/$1 [R=301,L]<br \/>\n<\/code><\/div>\n<p>&nbsp;<\/p>\n<h3 id=\"fileextensions\">Weiterleitung f\u00fcr die \u00c4nderung von Dateierweiterungen<\/h3>\n<p>Wenn Sie pl\u00f6tzlich zu einer anderen Plattform oder einem anderen CMS \u00fcbersiedelt sind und sich zugleich die URL-Extension ge\u00e4ndert hat, dann \u2013 und nur in diesem Fall, verwenden Sie einen solchen Weiterleitung.<\/p>\n<div class=\"code\"><code>RedirectMatch 301 (.*)\\.php$ http:\/\/www.site.com$1.html<br \/>\n<\/code><\/div>\n<p>Verwenden Sie Beispiele, um die Seite vor Seiten-Duplikaten zu sch\u00fctzen.<\/p>\n<p>&nbsp;<\/p>\n<h3 id=\"differentdomains\">Weiterleitung von verschiedenen Domains und Subdomains<\/h3>\n<p>Wenn Sie verschiedene Domains in verschiedenen Domain-Zonen gekauft oder eine neue Seite entwickelt haben und diese an eine Subdomain anhaften m\u00f6chten, Sie vergessen haben, diese Subdomain vom Indexing auszuschlie\u00dfen, m\u00fcssen Sie auf die prim\u00e4re Domain weiterleiten:<\/p>\n<div class=\"code\"><code>RewriteCond %{HTTP_HOST} !^www\\.site\\.com<br \/>\nRewriteRule ^(.*)$ http:\/\/www.site.com\/$1 [R=301,L]<br \/>\n<\/code><\/div>\n<p>Somit werden alle Seiten wie www.site.ru, www.site.net, test.site.com weitergeleitet zu www.site.com.<\/p>\n<p>&nbsp;<\/p>\n<h3 id=\"multiplyslashes\">Wie man mehrere Slashes oder Punkte in einer URL entfernt<\/h3>\n<p>Manchmal beinhaltet eine URL \u201eper Zufall\u201c mehrere Slashes, beispielsweise www.site.com\/catalog\/\/\/\/page-1.html. Hier ist es notwendig, 301 Weiterleitung pro Seite mit einem Slash durchzuf\u00fchren: www.site.com\/catalog\/page-1.html:<\/p>\n<div class=\"code\"><code>RewriteCond %{REQUEST_URI} ^(.*)\/\/(.*)$<br \/>\nRewriteRule . %1\/%2 [R=301,L]<br \/>\n<\/code><\/div>\n<p>Oder sie f\u00fcgen mehrere Punkte in einer URL zu einem zusammen: von www.site.com\/catalog\/page-1.html zu www.site.com\/catalog\/page-1.html:<\/p>\n<div class=\"code\"><code>RewriteCond %{REQUEST_URI} ^(.*)--(.*)$<br \/>\nRewriteRule . %1-%2 [R=301,L]<br \/>\n<\/code><\/div>\n<p>&nbsp;<\/p>\n<h3 id=\"lowercase\">Wie macht man eine Weiterleitung von einer beliebigen URL zu einer URL in Kleinbuchstaben?<\/h3>\n<p>Kleinbuchstaben werden von Suchmaschinen erfasst. Deshalb ist es empfehlenswert, alle neuen URLs in Kleinbuchstaben zu haben. Wenn Sie diesen Punkt vers\u00e4umt haben, k\u00f6nnen Sie diesen Code im PHP Script nutzen:<\/p>\n<div class=\"code\"><code>$lowerURI=strtolower($_SERVER['REQUEST_URI']);<br \/>\nif($_SERVER['REQUEST_URI']!=$lowerURI)<br \/>\n{<br \/>\nheader(\"HTTP\/1.1 301 Moved Permanently\");<br \/>\nheader(\"Location: http:\/\/\" . $_SERVER['HTTP_HOST'] . $lowerURI);<br \/>\nexit();<br \/>\n}<br \/>\n<\/code><\/div>\n<p>&nbsp;<\/p>\n<h2 id=\"optimalstrategy\">Wie zieht man zu einer neuen Domain um? Die optimale Strategie f\u00fcr 301 Weiterleitungen<\/h2>\n<p>&nbsp;<\/p>\n<p>Die bevorzugte Strategie, um zu einer neuen Domain umzuziehen, dabei die Konditionen der zwei Hauptsuchmaschinen Runet Yandex und Google zu ber\u00fccksichtigen:<\/p>\n<ul>\n<li>301 Weiterleitung von der alten auf die neue Seite.<\/li>\n<li>Wobei wir keine Weiterleitung f\u00fcr die robotx.txt-Datei machen, aber die Host-Direktive zur neuen Domain einrichten.<\/li>\n<\/ul>\n<p>Dann sieht der Code f\u00fcr die Erstellung der Weiterleitung auf der alten Seite wie diese aus:<\/p>\n<div class=\"code\"><code>RewriteCond %{REQUEST_FILENAME} robots.txt$ [NC]<br \/>\nRewriteRule ^([^\/]+) $1 [L]<br \/>\nRewriteCond %{HTTP_HOST} !^www\\.site\\.com<br \/>\nRewriteRule ^(.*)$ http:\/\/www.site.com\/$1 [R=301,L]<br \/>\n<\/code><\/div>\n<p>Und die Datei robots.txt f\u00fcr die alte Seite:<\/p>\n<div class=\"code\"><code>User-agent: Google<br \/>\nDisallow:<br \/>\nHost: newsite.com<br \/>\n<\/code><\/div>\n<p>&nbsp;<\/p>\n<h3 id=\"generation301\">Erzeugung der 301 Weiterleitungen<\/h3>\n<p>Wenn Sie technisch nicht so versiert sind, k\u00f6nnen Sie die Dienste der generischen Basis-Weiterleitungen nutzen:<\/p>\n<ul>\n<li>http:\/\/www.webconfs.com\/htaccess-redirect-generator.php<\/li>\n<li>http:\/\/www.rapidtables.com\/web\/tools\/redirect-generator.htm<\/li>\n<\/ul>\n<p>Bei diesen Diensten brauchen Sie nur Ihre eigenen Daten auszutauschen und bekommen sofort einen fertigen Code f\u00fcr die Weiterleitungen zwischen Domains, Verzeichnissen oder URLs.<\/p>\n<p>&nbsp;<\/p>\n<h3 id=\"checking301\">Wie checkt man 301 Weiterleitungen?<\/h3>\n<p>Nach jedem logischen Austausch der Weiterleitung 301 sollte man deren Funktionalit\u00e4t \u00fcberpr\u00fcfen:<\/p>\n<ul>\n<li>Funktinoiert die Seite im Moment? \u2013 Gehen Sie auf die Hauptseite<\/li>\n<li>Gehen Sie durch alle Haupt-Sektionen und Unterseiten der Seite<\/li>\n<\/ul>\n<p>Des Weiteren, um die Weiterleitung weiter zu testen, sollten Sie die folgenden Dienste verwenden:<\/p>\n<ul>\n<li>http:\/\/bertal.ru &#8211; so detaillierte Information \u00fcber die Serverantworten wie m\u00f6glich<\/li>\n<li>http:\/\/www.internetmarketingninjas.com\/header-checker\/.<\/li>\n<\/ul>\n<p>&nbsp;<\/p>\n<h2 id=\"redirectorcanonical\">Wie und wann verwendet man die 301 Weiterleitung oder die kanonische?<\/h2>\n<p>&nbsp;<\/p>\n<p>Es gibt einige Abstufungen. Google bietet einige klare Regeln, damit es versteht, was wir ihm sagen wollen. In einfachen Worten \u2013 hier kommt die Erkl\u00e4rung, wie die Suchmaschine diese Instruktionen versteht:<\/p>\n<p>&nbsp;<\/p>\n<p><b>301<\/b> &#8211; Hey, Suchmaschinen: Meine Seite ist nicht mehr da. Sie ist zu einer neuen Seite umgezogen. Bitte l\u00f6schen Sie die alte Seite aus dem Index und transferieren Sie den Inhalt zu einer neuen Seite.<\/p>\n<p>&nbsp;<\/p>\n<p><a href=\"https:\/\/sitechecker.pro\/de\/canonical-url\/\"><b>Kanonisch<\/b><\/a> &#8211; Hey, Suchmaschinen (f\u00fcr die meisten davon): Ich habe mehrere Versionen der Seite (oder des Inhalts). Bitte indexiere nur eine Version der Seite, die kanonisch ist. Ich behalte andere Seiten, damit die Menschen sie sehen, aber bitte, Suchmaschine, bitte schlie\u00dfe diese nicht in deinen Index ein und bitte transferiere den Inhalt zu meiner bevorzugten Seite.<\/p>\n<p>&nbsp;<\/p>\n<h3 id=\"when301better\">Wann ist es besser, 301 Weiterleitungen zu verwenden?<\/h3>\n<ul>\n<li>Als Standard \u2013 es ist die bevorzugte Methode<\/li>\n<li>F\u00fcr Seiten \u2013 wenn die Seite permanent umgezogen ist oder durch eine neue Adresse ersetzt wurde<\/li>\n<li>F\u00fcr Domains \u2013 wenn die Seite zu einer neuen Domain \u00fcbersiedelt ist (Seitenverkauf, Umbenennung, \u2026)<\/li>\n<li>F\u00fcr 404 Seiten und Inhalt hat seine Relevanz verloren (betreffend angepassten Inhalt). Beispielsweise, wenn Sie ein Produkt aus einem besonderen Verzeichnis entfernen, k\u00f6nnen Sie zu einem \u00e4hnlichen Produkt weiterleiten. Oder zu einer URL Kategorie, die zu dem Produkt passt.<\/li>\n<\/ul>\n<p>&nbsp;<\/p>\n<h3 id=\"whencanonicalbetter\">Wann ist es besser, rel=\u201dcanonical\u201d zu verwenden?<\/h3>\n<ul>\n<li>Wenn eine 301 Weiterleitung nicht durchgef\u00fchrt werden kann oder die Implementierung zu viel Zeit ben\u00f6tigt<\/li>\n<li>Doppelter Inhalt, aber wenn Sie beide Seiten f\u00fcr Seher behalten wollen (wenn Sie beispielsweise <a href=\"https:\/\/www.printful.com\/de\/kleidung-selbst-gestalten\" rel=\"noopener noreferrer\" target=\"_blank\">verschiedene Kleider<\/a> auf verschiedenen URLs zeigen)<\/li>\n<li>Seiten mit mehreren verschiedenen URL, insbesondere, eine Seite (zB Katalogsortierung, Tracking von Partnerlinks, etc.)<\/li>\n<li>Kreuz-Domains, wenn beide Seiten \u00e4hnlich sind, und \u00e4hnlicher Inhalt sollte auf beiden Domains hinzugef\u00fcgt werden.<\/li>\n<\/ul>\n<p><b>Insgesamt<\/b><\/p>\n<p>Im Allgemeinen erlauben beide Optionen den Erhalt des Inhalts und sie werden \u00e4hnlich von Google interpretiert. Dennoch ist allgemein die 301-Weiterleitung die bevorzugte Methode.<\/p>\n<p>&nbsp;<\/p>\n<h2 id=\"mistakes\">Fehler bei der Verwendung von Weiterleitungen<\/h2>\n<p>&nbsp;<\/p>\n<p><strong>Jede Mehr-Schritt-Weiterleitung<\/strong>. Wenn m\u00f6glich ist es empfohlen, keine Mehrschritt-Weiterleitungen zu verwenden. Das ist schneller und erh\u00e4lt ein Maximum der Inhalte, die \u00fcbermittelt werden.<\/p>\n<p><strong>Verwendung der falschen Art von Weiterleitungen<\/strong>. Wenn Sie die Art von Weiterleitung ausw\u00e4hlen, sollten Sie die Feinheiten von allen ber\u00fccksichtigen.<\/p>\n<p><strong>Implementierung von internen Weiterleitungen ohne Links zur neuen Adresse zu \u00e4ndern<\/strong>. Nachdem Sie alle Weiterleitungen auf Ihrer Seite gemacht haben, m\u00fcssen Sie \u00fcberpr\u00fcfen, dass alle Seiten Ihrer Seite bereits auf neue zeigen. F\u00fcgen Sie keine neuen Links auf der Seite hinzu, von der Sie Weiterleitungen t\u00e4tigen.<\/p>\n<p><strong>Weiterleitung auf irrelevante Seiten \/ Inhalte<\/strong>. Die Weiterleitung sollte immer auf die relevanteste Seite zeigen: entweder auf die gleiche Seite oder auf eine Sparte \/ einen Bereich, der zur alten Seite passt.<\/p>\n<p><strong>Falsche Wahl<\/strong> vom Gebrauch von rel = canonical vs. 301 Weiterleitung. Bitte lesen Sie weiter oben.<\/p>\n<p><strong>Weiterleitung, das Ende des Punkts, der nicht erst auf Seite 200 zu finden ist<\/strong>. Die Weiterleitung muss auf eine zuverl\u00e4ssig funktionierende Seite mit 200 Serverantworten zeigen. Ansonsten ist es empfohlen, Suchroboter nicht zu verwirren und einen <a href=\"https:\/\/sitechecker.pro\/de\/404-error\/\">404 Error<\/a> auszul\u00f6sen.<\/p>\n<p><strong>Weiterleitung robots.txt<\/strong>. Sie sollten sich beispielsweise mit dem Hostverzeichnis f\u00fcr Yandex registrieren, wenn Sie eine Domainanheftung haben m\u00f6chten.<\/p>\n<p>Wir hoffen, dieser Leitfaden wird zu einem kleinen Nachschlagwerk und ein guter Helfer, wenn Sie die 301 Weiterleitung f\u00fcr Ihre Seite verwenden.<\/p>","protected":false},"excerpt":{"rendered":"Was ist eine 301 Weiterleitungen \/ ein Weiterleitung? &nbsp; Es ist eine Art, Besucher einer Seite und Suchmaschinen zu einer anderen URL als jener, die urspr\u00fcnglich angegeben wurde, umzuleiten. Unten finden Beschreibungen einiger der h\u00e4ufigsten Arten von Weiterleitungen. &nbsp; 301 Permanent umgezogen 301 Weiterleitung ist eine permanente Weiterleitung, die zwischen 90 und 99% des Link-Verkehrs&#8230;","protected":false},"author":11474150,"featured_media":26193,"parent":0,"menu_order":0,"comment_status":"closed","ping_status":"closed","template":"pages-templates\/pages-v2.php","meta":[],"categories":[28],"tags":[],"_links":{"self":[{"href":"https:\/\/sitechecker.pro\/de\/wp-json\/wp\/v2\/pages\/596"}],"collection":[{"href":"https:\/\/sitechecker.pro\/de\/wp-json\/wp\/v2\/pages"}],"about":[{"href":"https:\/\/sitechecker.pro\/de\/wp-json\/wp\/v2\/types\/page"}],"author":[{"embeddable":true,"href":"https:\/\/sitechecker.pro\/de\/wp-json\/wp\/v2\/users\/11474150"}],"replies":[{"embeddable":true,"href":"https:\/\/sitechecker.pro\/de\/wp-json\/wp\/v2\/comments?post=596"}],"version-history":[{"count":93,"href":"https:\/\/sitechecker.pro\/de\/wp-json\/wp\/v2\/pages\/596\/revisions"}],"predecessor-version":[{"id":37275,"href":"https:\/\/sitechecker.pro\/de\/wp-json\/wp\/v2\/pages\/596\/revisions\/37275"}],"wp:featuredmedia":[{"embeddable":true,"href":"https:\/\/sitechecker.pro\/de\/wp-json\/wp\/v2\/media\/26193"}],"wp:attachment":[{"href":"https:\/\/sitechecker.pro\/de\/wp-json\/wp\/v2\/media?parent=596"}],"wp:term":[{"taxonomy":"category","embeddable":true,"href":"https:\/\/sitechecker.pro\/de\/wp-json\/wp\/v2\/categories?post=596"},{"taxonomy":"post_tag","embeddable":true,"href":"https:\/\/sitechecker.pro\/de\/wp-json\/wp\/v2\/tags?post=596"}],"curies":[{"name":"wp","href":"https:\/\/api.w.org\/{rel}","templated":true}]}}