{"id":573,"date":"2017-12-07T16:00:45","date_gmt":"2017-12-07T16:00:45","guid":{"rendered":"https:\/\/sitechecker.pro\/?page_id=573"},"modified":"2025-01-27T16:23:26","modified_gmt":"2025-01-27T16:23:26","slug":"http-vs-https","status":"publish","type":"page","link":"https:\/\/sitechecker.pro\/de\/http-vs-https\/","title":{"rendered":"HTTP zu HTTPS Redirect Checker | Testen, ob Umleitungen funktionieren \u2611"},"content":{"rendered":"<p><\/p>\n<h2 id=\"par1\">Was ist der Redirect HTTP to HTTPS Checker?<\/h2>\n<p>Der HTTP to HTTPS Checker von <a href=\"https:\/\/sitechecker.pro\/\" target=\"_blank\" rel=\"noopener noreferrer\">Sitechecker<\/a> pr\u00fcft, ob eine Website oder bestimmte Seiten richtig von HTTP auf HTTPS umgeleitet werden, <a href=\"https:\/\/sitechecker.pro\/ssl-checker\/\" target=\"_blank\" rel=\"noopener noreferrer\">validiert SSL-Zertifikate<\/a>, identifiziert Sicherheitsprobleme und stellt die Einhaltung von Sicherheitsstandards sicher, wodurch die Website-Sicherheit und das Benutzervertrauen verbessert werden.<\/p>\n<h3>Wie das Tool Ihnen helfen kann<\/h3>\n<p><strong>Redirect Testing: <\/strong>\u00fcberpr\u00fcft, ob HTTP-Verkehr f\u00fcr Websites oder einzelne Seiten richtig auf HTTPS umgeleitet wird.<\/p>\n<p><strong>SSL-Zertifikatsvalidierung: <\/strong>\u00fcberpr\u00fcft die G\u00fcltigkeit und richtige Implementierung von SSL-Zertifikaten.<\/p>\n<p><strong>Sicherheits\u00fcberwachung: <\/strong>identifiziert und verfolgt potenzielle Sicherheitsprobleme, um eine fortlaufende Einhaltung der Vorschriften zu gew\u00e4hrleisten.<\/p>\n<h3>Hauptfunktionen des Tools<\/h3>\n<p><strong>Einheitliches Dashboard: <\/strong>Zentrale Plattform zum Verwalten und \u00dcberwachen aller Leistungsmetriken der Website.<\/p>\n<p><strong>Benutzerfreundliche Oberfl\u00e4che: <\/strong>Intuitives Design, das f\u00fcr Benutzer aller F\u00e4higkeitsstufen geeignet ist.<\/p>\n<p><strong>Komplettes SEO-Toolset: <\/strong>Umfassende Tools f\u00fcr SEO-Audits, Rangverfolgung, Backlink-Analyse und Optimierung.<\/p>\n<h2 id=\"par2\">So verwenden Sie das Tool<\/h2>\n<p>Um mit der Verwendung dieses Tools zu beginnen, w\u00e4hlen Sie einfach eine der folgenden Audit-Optionen entsprechend Ihren Anforderungen aus.<\/p>\n<div class=\"content__img-wrap\"><img src=\"https:\/\/sitechecker.pro\/wp-content\/uploads\/2025\/01\/choose-audit-option-1.png\" alt=\"Audit-Option ausw\u00e4hlen\" class=\"description-img description-img-zoom\" loading=\"lazy\" ><\/div>\n<h2 id=\"par3\">Website-Test<\/h2>\n<p>Um die Sicherheit und Leistung Ihrer Website zu bewerten, w\u00e4hlen Sie unten die am besten geeignete Audit-Option aus.<\/p>\n<h3>Schritt 1: W\u00e4hlen Sie den eigenen Site-Test<\/h3>\n<div class=\"content__img-wrap\"><img src=\"https:\/\/sitechecker.pro\/wp-content\/uploads\/2025\/01\/own-site-test.png\" alt=\"Eigener Site-Test\" class=\"description-img description-img-zoom\" loading=\"lazy\" ><\/div>\n<div class=\"important-block\">Um Ergebnisse zu erhalten und 14 Tage lang auf die Funktionen von Sitechecker zuzugreifen, starten Sie Ihre KOSTENLOSE Testversion. Die Anmeldung ist ganz einfach mit Ihrem E-Mail-, Google- oder Facebook-Konto. Keine Kreditkarte erforderlich.<\/div>\n<h3>Schritt 2: Ergebnisse abrufen<\/h3>\n<p>Die HTTP-zu-HTTPS-Umleitungspr\u00fcfung bietet detaillierte Einblicke in die Sicherheits- und Umleitungskonfiguration Ihrer Website und identifiziert Schwachstellen wie gemischte Inhalte, fehlende Header oder unsachgem\u00e4\u00dfe HTTPS-Implementierung.<\/p>\n<div class=\"content__img-wrap\"><img src=\"https:\/\/sitechecker.pro\/wp-content\/uploads\/2025\/01\/http-https-redirection.png\" alt=\"HTTP-zu-HTTPS-Umleitung\" class=\"description-img description-img-zoom\" loading=\"lazy\" ><\/div>\n<p>Identifizieren und beheben Sie Sicherheitsl\u00fccken und erhalten Sie mit einem einfachen Klick Vorschl\u00e4ge im Code.<\/p>\n<h3>Zus\u00e4tzliche Funktionen des Dom\u00e4nentests<\/h3>\n<p>Das Tool bietet einen umfassenden \u00dcberblick \u00fcber kritische, warnende und informative Probleme im Zusammenhang mit der HTTPS-Umleitung Ihrer Website, einschlie\u00dflich einer detaillierten Aufschl\u00fcsselung der betroffenen Seiten nach Kategorie (z. B. Sicherheit, Links, Indexierbarkeit). Es hebt bestimmte Probleme, deren Schweregrad und umsetzbare Erkenntnisse zur Optimierung hervor.<\/p>\n<div class=\"content__img-wrap\"><img src=\"https:\/\/sitechecker.pro\/wp-content\/uploads\/2025\/01\/site-audit-issues-list.png\" alt=\"Site Audit Issues List\" class=\"description-img description-img-zoom\" loading=\"lazy\" ><\/div>\n<h2 id=\"par5\">Seitentest<\/h2>\n<h3>Schritt 1: W\u00e4hlen Sie die Option zum Testen einer Seite<\/h3>\n<div class=\"content__img-wrap\"><img src=\"https:\/\/sitechecker.pro\/wp-content\/uploads\/2025\/01\/test-page.png\" alt=\"Testseite\" class=\"description-img description-img-zoom\" loading=\"lazy\" ><\/div>\n<h3>Schritt 2: Erhalten Sie die Ergebnisse<\/h3>\n<p>Die HTTP-zu-HTTPS-Umleitungspr\u00fcfung bewertet, ob das HTTP-Protokoll ordnungsgem\u00e4\u00df auf HTTPS umgeleitet wird, um eine sichere Daten\u00fcbertragung zu gew\u00e4hrleisten. Sie bietet Einblicke in die Protokollfunktionalit\u00e4t, Schwachstellen in der URL-Struktur und Empfehlungen zur Einhaltung von Sicherheitsstandards.<\/p>\n<div class=\"content__img-wrap\"><img src=\"https:\/\/sitechecker.pro\/wp-content\/uploads\/2025\/01\/http-protocol-doesnt-work.png\" alt=\"HTTP-Protokoll funktioniert nicht\" class=\"description-img description-img-zoom\" loading=\"lazy\" ><\/div>\n<p>Navigieren Sie zum Abschnitt \u201eWebsite-Audit\u201c, um eine Demo zu sehen, in der alle Funktionen des Tools vorgestellt werden. Dies bietet klare Anleitungen zur Verbesserung der technischen Gesundheit Ihrer Website und zur effektiven Bew\u00e4ltigung potenzieller Probleme.<\/p>\n<div class=\"content__img-wrap\"><img src=\"https:\/\/sitechecker.pro\/wp-content\/uploads\/2025\/01\/site-audit-1.png\" alt=\"Site Audit\" class=\"description-img description-img-zoom\" loading=\"lazy\" ><\/div>\n<h3>Zus\u00e4tzliche Funktionen zum Testen einer Domain, die nicht Ihre eigene ist<\/h3>\n<p>Die HTTP-zu-HTTPS-Umleitungspr\u00fcfung \u00fcberpr\u00fcft nicht nur die Umleitungsfunktionalit\u00e4t, sondern bietet auch zus\u00e4tzliche Einblicke, darunter Seitenbewertung, kritische und Warnprobleme, Statuscode, Indexierbarkeit und Seitengr\u00f6\u00dfe. Es bietet detaillierte Navigationsoptionen zur Optimierung, wie strukturierte Daten, Inhalte, Bilder und PageSpeed-Einblicke, und gew\u00e4hrleistet so eine umfassende Bewertung der Leistung und Sicherheit Ihrer Website.<\/p>\n<div class=\"content__img-wrap\"><img src=\"https:\/\/sitechecker.pro\/wp-content\/uploads\/2025\/01\/on-page-seo-checker.png\" alt=\"On Page SEO Checker\" class=\"description-img description-img-zoom\" loading=\"lazy\" ><\/div>\n<h2 id=\"par7\">Abschlie\u00dfende Idee<\/h2>\n<p>Der HTTP to HTTPS Redirect Checker stellt eine ordnungsgem\u00e4\u00dfe Umleitung sicher, validiert SSL-Zertifikate und identifiziert Sicherheitsprobleme, um die Website-Sicherheit zu verbessern. Er bietet umsetzbare Erkenntnisse, Seitenbewertungen und Optimierungsmetriken \u00fcber ein benutzerfreundliches Dashboard.<\/p>\n<div id=\"par8\"><\/div>\n<p><div class=\"front__faq-block\"><div class=\"faq__block-title\">FAQ<\/div><div class=\"panel-group\" id=\"faq-accordion\" itemscope itemtype=\"https:\/\/schema.org\/FAQPage\" role=\"tablist\" aria-multiselectable=\"true\"><div class=\"panel\" itemscope itemtype=\"https:\/\/schema.org\/Question\" itemprop=\"mainEntity\">\n                            <div class=\"panel-heading\" id=\"headingFaq-1\">\n                                <div class=\"panel-title\" data-toggle=\"collapse\" aria-expanded=\"false\" href=\"#collapseFaq-1\">\n                                    <h3 itemprop=\"name\">Was ist der Zweck des HTTP to HTTPS Redirect Checker?<\/h3>\n                                <\/div>\n                            <\/div>\n                            <div id=\"collapseFaq-1\" class=\"panel-collapse collapse\" itemprop=\"acceptedAnswer\" itemscope itemtype=\"http:\/\/schema.org\/Answer\">\n                                <div class=\"panel-body\" itemprop=\"text\">Das Tool pr\u00fcft, ob Websites oder Seiten richtig von HTTP auf HTTPS umgeleitet werden, um eine sichere Daten\u00fcbertragung zu gew\u00e4hrleisten und das Vertrauen der Benutzer zu st\u00e4rken.<\/div>\n                            <\/div>\n                        <\/div><div class=\"panel\" itemscope itemtype=\"https:\/\/schema.org\/Question\" itemprop=\"mainEntity\">\n                            <div class=\"panel-heading\" id=\"headingFaq-2\">\n                                <div class=\"panel-title\" data-toggle=\"collapse\" aria-expanded=\"false\" href=\"#collapseFaq-2\">\n                                    <h3 itemprop=\"name\">Bietet das Tool \u00fcber die Umleitungs\u00fcberpr\u00fcfung hinaus weitere Einblicke?<\/h3>\n                                <\/div>\n                            <\/div>\n                            <div id=\"collapseFaq-2\" class=\"panel-collapse collapse\" itemprop=\"acceptedAnswer\" itemscope itemtype=\"http:\/\/schema.org\/Answer\">\n                                <div class=\"panel-body\" itemprop=\"text\">Ja, es bietet Einblicke wie Seitenbewertungen, kritische Probleme und Warnmeldungen, Indexierbarkeit, Seitengr\u00f6\u00dfe und Empfehlungen zur Einhaltung von Sicherheitsvorschriften.<\/div>\n                            <\/div>\n                        <\/div><div class=\"panel\" itemscope itemtype=\"https:\/\/schema.org\/Question\" itemprop=\"mainEntity\">\n                            <div class=\"panel-heading\" id=\"headingFaq-3\">\n                                <div class=\"panel-title\" data-toggle=\"collapse\" aria-expanded=\"false\" href=\"#collapseFaq-3\">\n                                    <h3 itemprop=\"name\">Kann ich das Tool verwenden, um Dom\u00e4nen zu testen, die mir nicht geh\u00f6ren?<\/h3>\n                                <\/div>\n                            <\/div>\n                            <div id=\"collapseFaq-3\" class=\"panel-collapse collapse\" itemprop=\"acceptedAnswer\" itemscope itemtype=\"http:\/\/schema.org\/Answer\">\n                                <div class=\"panel-body\" itemprop=\"text\">Ja, Sie k\u00f6nnen andere Dom\u00e4nen testen, um deren Umleitungskonfiguration und Sicherheitsvorschriften zu pr\u00fcfen, ohne Eigent\u00fcmer sein zu m\u00fcssen.<\/div>\n                            <\/div>\n                        <\/div><\/div><\/div><\/p>","protected":false},"excerpt":{"rendered":"Was ist der Redirect HTTP to HTTPS Checker? Der HTTP to HTTPS Checker von Sitechecker pr\u00fcft, ob eine Website oder bestimmte Seiten richtig von HTTP auf HTTPS umgeleitet werden, validiert SSL-Zertifikate, identifiziert Sicherheitsprobleme und stellt die Einhaltung von Sicherheitsstandards sicher, wodurch die Website-Sicherheit und das Benutzervertrauen verbessert werden. Wie das Tool Ihnen helfen kann Redirect&#8230;","protected":false},"author":10409641,"featured_media":3356,"parent":0,"menu_order":0,"comment_status":"closed","ping_status":"closed","template":"pages-templates\/pages-minitools-3.php","meta":[],"categories":[73],"tags":[],"_links":{"self":[{"href":"https:\/\/sitechecker.pro\/de\/wp-json\/wp\/v2\/pages\/573"}],"collection":[{"href":"https:\/\/sitechecker.pro\/de\/wp-json\/wp\/v2\/pages"}],"about":[{"href":"https:\/\/sitechecker.pro\/de\/wp-json\/wp\/v2\/types\/page"}],"author":[{"embeddable":true,"href":"https:\/\/sitechecker.pro\/de\/wp-json\/wp\/v2\/users\/10409641"}],"replies":[{"embeddable":true,"href":"https:\/\/sitechecker.pro\/de\/wp-json\/wp\/v2\/comments?post=573"}],"version-history":[{"count":9,"href":"https:\/\/sitechecker.pro\/de\/wp-json\/wp\/v2\/pages\/573\/revisions"}],"predecessor-version":[{"id":35166,"href":"https:\/\/sitechecker.pro\/de\/wp-json\/wp\/v2\/pages\/573\/revisions\/35166"}],"wp:featuredmedia":[{"embeddable":true,"href":"https:\/\/sitechecker.pro\/de\/wp-json\/wp\/v2\/media\/3356"}],"wp:attachment":[{"href":"https:\/\/sitechecker.pro\/de\/wp-json\/wp\/v2\/media?parent=573"}],"wp:term":[{"taxonomy":"category","embeddable":true,"href":"https:\/\/sitechecker.pro\/de\/wp-json\/wp\/v2\/categories?post=573"},{"taxonomy":"post_tag","embeddable":true,"href":"https:\/\/sitechecker.pro\/de\/wp-json\/wp\/v2\/tags?post=573"}],"curies":[{"name":"wp","href":"https:\/\/api.w.org\/{rel}","templated":true}]}}