{"id":554,"date":"2023-12-07T12:15:10","date_gmt":"2023-12-07T12:15:10","guid":{"rendered":"https:\/\/sitechecker.pro\/?page_id=554"},"modified":"2025-05-21T13:13:20","modified_gmt":"2025-05-21T13:13:20","slug":"meta-tags","status":"publish","type":"page","link":"https:\/\/sitechecker.pro\/de\/meta-tags\/","title":{"rendered":"Meta Tags: Wichtigkeit f\u00fcr SEO, Beispiele und Tipps f\u00fcr den korrekten Gebrauch"},"content":{"rendered":"<p><\/p>\n<h2>Was sind Meta Tags?<\/h2>\n<p>&nbsp;<\/p>\n<p>Sind Sie mit anderen SEO Meta Tags vertraut, abgesehen von den wohlbekannten SEO Beschreibungen und den Schl\u00fcsselworten? Hier finden Sie eine Liste von einigen davon, sie sind in drei Kategorien unterteilt: jene, die gut, schlecht und neutral sind (es kommt darauf an, wie Sie sie einsetzen). Wenn Sie den Artikel bis zum Ende lesen, finden Sie eine Zahl der schlechten und Sie werden sehen, dass diese gr\u00f6\u00dfer ist als der Rest. Nat\u00fcrlich ist es unm\u00f6glich eine komplette Liste von HTML Meta Tags zu erstellen, weil Sie immer mehr finden, besonders, wenn sie diese Meta tagging source (Meta Tagging Quelle) verwenden.<\/p>\n<div class=\"box\">Der beste Tipp, den ich Ihnen geben kann, ist der, nicht zus\u00e4tzliche Meta Elemente hinzuzuf\u00fcgen, nur um den Platz auszuf\u00fcllen, der vorhanden ist. Wie Sie wissen: Qualit\u00e4t geht vor Quantit\u00e4t. So sollten Sie damit umgehen und so erscheint es dann auch in Ihrem Browser.<\/div>\n<p>&nbsp;<\/p>\n<h2>SCHLECHT<\/h2>\n<p>&nbsp;<\/p>\n<p>Wir k\u00f6nnen nicht sagen, dass diese Tags Ihre Site negativ beeinflussen, aber Sie sind einfach nur Platzverschwendung bei Ihrem Codieren.<\/p>\n<ul>\n<li>\u00a0<strong>Autor Tag<\/strong> \u2013 gibt an, wer Autor der Seite ist. Wollen Sie das wirklich angeben?<\/li>\n<li><strong>\u00a0Generator tag<\/strong> \u2013 wird verwendet, um anzugeben, welches Programm die Seite generiert hat. Meiner Meinung nach braucht man das nicht anzugeben.<\/li>\n<li>\u00a0<strong>Resource type tag (Ressourcentyp Tag)<\/strong> \u2013 gibt an, welcher Typ von Quelle Ihre Seite ist, aber um Zeit zu sparen, k\u00f6nnen Sie stattdessen auch DTD verwenden.<\/li>\n<li>\u00a0<strong>Revisit after tag (Wiederholter Besuch nach Tag)<\/strong> \u2013 gibt den Suchrobotern den Befehl, die Seite nach einer gewissen Zeit erneut zu besuchen, aber die bekanntesten Suchmaschinen unterst\u00fctzen das nicht.<\/li>\n<li>\u00a0<strong>Rating tag (Bewertungstag)<\/strong> \u2013Hilft dabei, eine Altersbeschr\u00e4nkung f\u00fcr Ihren Inhalt zu vergeben. Aber wir glauben, dass es am besten ist, Erwachsenenbilder in einen isolierten Bereich zu speichern, damit dieser stets getrennt von den gew\u00f6hnlichen Bildern auf der Site sind und man Google das auch so mitteilen kann.<\/li>\n<li>\u00a0<strong>Distribution tag (Verbreitungstag)<\/strong> \u2013 wird verwendet, wenn Sie die Verf\u00fcgbarkeit eines Dokuments \u00e4ndern m\u00f6chten; in den meisten F\u00e4llen ist \u201eglobal\u201c die Standardeinstellung. Wenn Ihre Seite \u201eoffen\u201c ist, ist sie f\u00fcr die ganze Welt offen.<\/li>\n<li>\u00a0<strong>Abstract Tag<\/strong> \u2013 wird verwendet, wenn Sie nur einen Abstract vom Text hinzuf\u00fcgen m\u00f6chten.<\/li>\n<li>\u00a0<strong>Date\/expiration tags (Datums- und Ablaufdatumstag)<\/strong> \u2013 Das Datum wird verwendet, um anzugeben, wann genau die Seite erzeugt wurde. Das Ablaufdatum legt fest, wann die Seite abl\u00e4uft. Weit sinnvoller als das ist jedoch das Entfernen einer Seite, wenn sie abl\u00e4uft und die XML Sitemap dahingehend anzupassen.<\/li>\n<li><strong>\u00a0Copyright Tag<\/strong> \u2013 wenn Sie das auch im Footer haben, warum erneut verwenden?<\/li>\n<li><strong>\u00a0<a href=\"https:\/\/sitechecker.pro\/de\/google-cache\/\">Cache<\/a> control tag (Cachesteuerung Tag)<\/strong> \u2013 hilft, die Zeit, wenn eine Seite im Browser gecached wird, festzulegen. Es ist aber besser, das im http Header festzulegen.<\/li>\n<\/ul>\n<p>&nbsp;<\/p>\n<h2>GUT<\/h2>\n<p>&nbsp;<\/p>\n<p>Die \u201eguten\u201c Meta Tags sollten auf jeder Seite verwendet werden. Nat\u00fcrlich ist das keine vollst\u00e4ndige Liste, aber Sie sollten zumindest diese hier verwenden:<\/p>\n<ul>\n<li>\u00a0<a href=\"https:\/\/sitechecker.pro\/de\/meta-title\/\"><strong>Meta title (Metatitel)<\/strong><\/a> \u2013 Das ist ein sehr wichtiges Element f\u00fcr jede SEO-Optimierung und wird im Header platziert. Es enth\u00e4lt die wichtigsten Daten. Die einzige Regel, die Sie befolgen m\u00fcssen, ist einen exklusiven Titel f\u00fcr jede Seite zu erzeugen.<\/li>\n<li><a href=\"https:\/\/sitechecker.pro\/de\/meta-tag-description\/\"><strong>Meta description (Metabeschreibung)<\/strong><\/a> \u2013dieses Metaelement bietet die Beschreibung der Seite f\u00fcr verschiedene SERP. Obwohl es das Seitenranking nicht direkt beeinflusst, ist es sehr wichtig, weil es den Benutzer verleiten muss, die Site zu besuchen. F\u00fcr die ideale Beschreibung gibt es die folgenden Regeln: Sie muss rund 160 Zeichen lang sein \u2013 und sehr wichtig \u2013 sie muss griffig sein.<\/li>\n<li><strong>Meta content type tag (Meta-Inhaltstyp Tag)<\/strong> \u2013sollte auf jeder Seite verwendet werden, weil es den Charakter der Seite anzeigt. Vernachl\u00e4ssigt man diesen Tag, kann es die Browser-Seitenwiedergabe beeinflussen. Hierf\u00fcr gibt es mehrere Varianten, ein erfahrener Webdesigner kann die beste Option f\u00fcr eine Site ausw\u00e4hlen.<\/li>\n<\/ul>\n<div class=\"code\"><code>&lt;meta http-equiv=\"Content-Type\" content=\"text\/html; charset=utf-8\" \/&gt;<br \/>\n&lt;meta http-equiv=\"Content-Type\" content=\"text\/html; charset=ISO-8859-1\"&gt;<\/code><\/div>\n<ul>\n<li>\u00a0<strong>Viewport<\/strong> \u2013in der technischen Aera ist das ein sehr wichtiges Element, wenn Sie m\u00f6chten, dass Ihre Site mobil gut erreichbar ist. Sie k\u00f6nnen ein Programm wie Google PageSpeed Insights Tool verwenden, um eine detaillierte Information dar\u00fcber zu erhalten. Ansonsten ist der Standard Tag:<\/li>\n<\/ul>\n<div class=\"code\"><code>&lt;meta name=viewport content=\"width=device-width, initial-scale=1\"&gt;<\/code><\/div>\n<p>&nbsp;<\/p>\n<h2>Neutral<\/h2>\n<p>&nbsp;<\/p>\n<p>Diese Tags sind nicht obligat zu verwenden, und unter uns gesagt, Sie sollten sie besser vermeiden, wenn es keinen besonderen Grund zum Einsatz gibt.<\/p>\n<ul>\n<li>\u00a0<strong>Social Meta Tags<\/strong> \u2013 die Informationen von Twitter und <a href=\"https:\/\/sitechecker.pro\/de\/open-graph\/\">OpenGraph <\/a>ist meistens wichtig aber nicht notwendig.<\/li>\n<li><strong>Language Tag (Sprachtag)<\/strong> \u2013Sie k\u00f6nnen ihn verwenden, wenn Sie eine definierte Sprache auf der Seite verwenden. Wenn Sie beispielsweise in ein anderes Land \u00fcbersiedeln.<\/li>\n<li><strong>Specific Bots Tag (Besondere Bots Tag)<\/strong> \u2013Dienste, die dem Bot Anweisungen wie noodp (besagt, dass DMOZ-Auflistung von Daten verboten ist) oder noydir (\u00e4hnlich aber f\u00fcr das Yahoo-Verzeichnis-Auflisten) geben. Unter uns gesagt k\u00f6nnen <a href=\"https:\/\/sitechecker.pro\/de\/search-engines\/\">Suchmaschinen<\/a> das selbst, aber wenn Sie wirklich meinen, dass Sie das brauchen, tun Sie es.<\/li>\n<li><strong>Robots<\/strong> \u2013einige Spezialisten glauben wirklich, das ist ein obligatorischer Meta Tag. Aber lassen Sie es uns n\u00e4her ansehen. Wenn Sie keine Robots Meta Tags angeben, wird der Bot den Index wie folgt lesen. Wenn Sie wirklich diesen Befehl \u00e4ndern m\u00fcssen, dann k\u00f6nnen Sie diese Robots Tags verwenden. Wenn Sie die folgenden Links auf einer Seite vom Indizieren ausklammern m\u00f6chten, m\u00fcssen Sie das Element mit Noindex verwenden.<\/li>\n<\/ul>\n<div class=\"code\"><code>&lt;meta name=\"robots\" content=\"noindex\" \/&gt;<\/code><\/div>\n<ul>\n<li><strong>\u00a0Refresh Tag (Erneuern Tag)<\/strong> \u2013 ist eine Variation einer Weiterleitung, die Sie in jedem Fall verhindern sollten. Die beste Variante ist die gute alte <a href=\"https:\/\/sitechecker.pro\/de\/301-redirect\/\">301 Weiterleitung<\/a>, selbst wenn Sie diese Schritte so schnell wie m\u00f6glich umsetzen m\u00f6chten.<\/li>\n<li><a href=\"https:\/\/sitechecker.pro\/de\/meta-keywords\/\"><strong>Keywords Tag (Schl\u00fcsselworte Tag)<\/strong><\/a> \u2013folgt man den SEO-Strategien, so ist es nicht empfohlen, diese zu verwenden, weil es eine sehr kleine Wahrscheinlichkeit daf\u00fcr gibt, dass es auf irgendeine Weise hilft. Wenn er beim Erzeugen der Site automatisch verwendet wurde, lasen Sie ihn, wenn nicht, dann lassen Sie die Finger davon.<\/li>\n<li><strong>GEO Tag<\/strong> \u2013Wird nur von der Suchmaschine Bing unterst\u00fctzt. Man unterscheidet drei Typen: Region, Position und Ortsname.<\/li>\n<\/ul>\n<div class=\"code\"><code>&lt;META NAME=\"geo.position\" CONTENT=\"latitude; longitude\"&gt;<br \/>\n&lt;META NAME=\"geo.region\" CONTENT=\"Country Subdivision Code\"&gt;<br \/>\n&lt;META NAME=\"geo.placename\" CONTENT=\"Place Name\"&gt;<\/code><\/div>\n<ul>\n<li>\u00a0<strong>Site Verification Tag (Siteverifizierungstag)<\/strong> \u2013Manchmal ist es obligatorisch, diesen Tag zu verwenden, um eine Site mit Google zu autorisieren. Sie k\u00f6nnen auch eine externe Datei oder DNS verwenden oder einfach nur mit Ihrem Google Analytics Profil verlinken. Hinsichtlich Bing ist der Meta Tag und die XML Dateiverifizierung m\u00f6glich, aber XML ist immer zu bevorzugen.<\/li>\n<\/ul>\n<p><\/p>","protected":false},"excerpt":{"rendered":"Was sind Meta Tags? &nbsp; Sind Sie mit anderen SEO Meta Tags vertraut, abgesehen von den wohlbekannten SEO Beschreibungen und den Schl\u00fcsselworten? Hier finden Sie eine Liste von einigen davon, sie sind in drei Kategorien unterteilt: jene, die gut, schlecht und neutral sind (es kommt darauf an, wie Sie sie einsetzen). Wenn Sie den Artikel&#8230;","protected":false},"author":11474150,"featured_media":3431,"parent":0,"menu_order":0,"comment_status":"closed","ping_status":"closed","template":"pages-templates\/pages-v2.php","meta":[],"categories":[27],"tags":[],"_links":{"self":[{"href":"https:\/\/sitechecker.pro\/de\/wp-json\/wp\/v2\/pages\/554"}],"collection":[{"href":"https:\/\/sitechecker.pro\/de\/wp-json\/wp\/v2\/pages"}],"about":[{"href":"https:\/\/sitechecker.pro\/de\/wp-json\/wp\/v2\/types\/page"}],"author":[{"embeddable":true,"href":"https:\/\/sitechecker.pro\/de\/wp-json\/wp\/v2\/users\/11474150"}],"replies":[{"embeddable":true,"href":"https:\/\/sitechecker.pro\/de\/wp-json\/wp\/v2\/comments?post=554"}],"version-history":[{"count":46,"href":"https:\/\/sitechecker.pro\/de\/wp-json\/wp\/v2\/pages\/554\/revisions"}],"predecessor-version":[{"id":37110,"href":"https:\/\/sitechecker.pro\/de\/wp-json\/wp\/v2\/pages\/554\/revisions\/37110"}],"wp:featuredmedia":[{"embeddable":true,"href":"https:\/\/sitechecker.pro\/de\/wp-json\/wp\/v2\/media\/3431"}],"wp:attachment":[{"href":"https:\/\/sitechecker.pro\/de\/wp-json\/wp\/v2\/media?parent=554"}],"wp:term":[{"taxonomy":"category","embeddable":true,"href":"https:\/\/sitechecker.pro\/de\/wp-json\/wp\/v2\/categories?post=554"},{"taxonomy":"post_tag","embeddable":true,"href":"https:\/\/sitechecker.pro\/de\/wp-json\/wp\/v2\/tags?post=554"}],"curies":[{"name":"wp","href":"https:\/\/api.w.org\/{rel}","templated":true}]}}