{"id":543,"date":"2020-07-20T12:39:04","date_gmt":"2020-07-20T10:39:04","guid":{"rendered":"https:\/\/sitechecker.pro\/?page_id=543"},"modified":"2026-02-13T17:47:15","modified_gmt":"2026-02-13T17:47:15","slug":"meta-title","status":"publish","type":"page","link":"https:\/\/sitechecker.pro\/de\/meta-title\/","title":{"rendered":"Meta Title Checker | Tag-Kern, L\u00e4nge &#038; Text pr\u00fcfen"},"content":{"rendered":"<p><\/p>\n<h2 id=\"par1\">Was ist der Meta Title Tag Checker?<\/h2>\n<p>Der Website Title Checker von <a href=\"https:\/\/sitechecker.pro\/\" rel=\"noopener noreferrer\" target=\"_blank\">Sitechecker<\/a> ist ein Tool zur Bewertung der SEO-Effektivit\u00e4t von <a href=\"https:\/\/sitechecker.pro\/what-is-website-title-tag\/\" rel=\"noopener noreferrer\" target=\"_blank\">Meta-Headline-Tags<\/a> auf Webseiten. Es analysiert Titel auf L\u00e4nge, Relevanz und <a href=\"https:\/\/sitechecker.pro\/keyword-research\/\" rel=\"noopener noreferrer\" target=\"_blank\">Keyword-Optimierung<\/a>, identifiziert Probleme und schl\u00e4gt Verbesserungen vor, um die Sichtbarkeit in Suchmaschinen zu verbessern. Das Tool \u00fcberwacht auch \u00c4nderungen an Meta-Titeln im Laufe der Zeit und hilft Benutzern, die SEO-Strategie ihrer Website auf dem neuesten Stand zu halten.<\/p>\n<h3>Hauptfunktionen des Tools<\/h3>\n<p><strong>Analyse von Meta-Titel-Tags: <\/strong>untersucht jede Seite Ihrer Website und pr\u00fcft Titel-Tags auf Anzahl, Inhalt und L\u00e4nge, um sicherzustellen, dass sie mit relevanten Schl\u00fcsselw\u00f6rtern und innerhalb der empfohlenen Zeichenbegrenzung optimiert sind.<\/p>\n<p><strong>Problemidentifizierung und -beratung: <\/strong>\u00fcber die Identifizierung von Problemen mit Titel-Tags hinaus bietet es L\u00f6sungen, listet problematische URLs auf und bietet Ratschl\u00e4ge zu Korrekturen. Es dient als Leitfaden zur Verbesserung der SEO Ihrer Website.<\/p>\n<p><strong>\u00c4nderungsverfolgung: <\/strong>\u00fcberwacht alle \u00c4nderungen an den Meta-Tags Ihrer Website und macht Sie auf wesentliche \u00c4nderungen und kleinere Anpassungen aufmerksam, um die SEO-Gesundheit Ihrer Website aufrechtzuerhalten.<\/p>\n<h3>Hauptfunktionen des Tools<\/h3>\n<p><strong>Vereinheitlichtes Dashboard: <\/strong>bietet eine konsolidierte Ansicht aller SEO-Metriken und -Erkenntnisse.<\/p>\n<p><strong>Benutzerfreundliche Oberfl\u00e4che: <\/strong>entwickelt f\u00fcr intuitive Navigation und Benutzerfreundlichkeit.<\/p>\n<p><strong>Komplettes SEO-Toolset: <\/strong>bietet eine umfassende Suite von Tools f\u00fcr eine gr\u00fcndliche SEO-Analyse und -Optimierung.<\/p>\n<h2 id=\"par2\">Wie pr\u00fcft man den Meta-Titeltag einer Website mit unserem Testtool?<\/h2>\n<p>W\u00e4hlen Sie die zu pr\u00fcfende Domain oder Seite aus, f\u00fcgen Sie die URL in das daf\u00fcr vorgesehene Feld ein und dr\u00fccken Sie die Taste, um zu beginnen.<\/p>\n<div class=\"content__img-wrap\"><img src=\"https:\/\/sitechecker.pro\/wp-content\/uploads\/2024\/08\/choose-audit-option-1.png\" alt=\"Audit-Option ausw\u00e4hlen\" class=\"description-img description-img-zoom\" loading=\"lazy\" ><\/div>\n<h2 id=\"par3\">Domain-Check<\/h2>\n<h3>Schritt 1: Geben Sie den Domain-Namen ein und w\u00e4hlen Sie die Website-Inspektion<\/h3>\n<div class=\"content__img-wrap\"><img src=\"https:\/\/sitechecker.pro\/wp-content\/uploads\/2024\/08\/check-titles-for-site.png\" alt=\"Titel f\u00fcr Site pr\u00fcfen\" class=\"description-img description-img-zoom\" loading=\"lazy\" ><\/div>\n<div class=\"important-block\">Um Ergebnisse zu erhalten und 14 Tage lang auf die Funktionen von Sitechecker zuzugreifen, starten Sie Ihre KOSTENLOSE Testversion. Die Anmeldung ist ganz einfach mit Ihrem E-Mail-, Google- oder Facebook-Konto. Es ist keine Kreditkarte erforderlich.<\/div>\n<h3>Schritt 2: Erhalten Sie das Ergebnis des Website-Titelfinders<\/h3>\n<p>Ein Dom\u00e4nenscan mit Sitechecker beinhaltet eine kostenlose vollst\u00e4ndige Site-Pr\u00fcfung, die alle URLs mit Titel-Tag-Problemen auflistet. Dies hilft Ihnen, das Problem f\u00fcr Ihre gesamte Website zu beheben und neue Probleme zu verhindern. Klicken Sie auf ein Problem und erhalten Sie eine Liste besch\u00e4digter Seiten sowie Anweisungen zur Behebung. Dies macht Sitechecker zu einem effektiven Tool f\u00fcr die Massenpr\u00fcfung von \u00dcberschriften-Tags.<\/p>\n<div class=\"content__img-wrap\"><img src=\"https:\/\/sitechecker.pro\/wp-content\/uploads\/2024\/08\/content-relevance-issues.png\" alt=\"Probleme mit Inhaltsrelevanz\" class=\"description-img description-img-zoom\" loading=\"lazy\" ><\/div>\n<div class=\"content__img-wrap\"><img src=\"https:\/\/sitechecker.pro\/wp-content\/uploads\/2024\/08\/title-too-long-issue.png\" alt=\"Problem mit zu langem Titel\" class=\"description-img description-img-zoom\" loading=\"lazy\" ><\/div>\n<p>Um den Titel einer beliebigen Seite zu pr\u00fcfen, klicken Sie auf \u201eAlle Seiten anzeigen\u201c.<\/p>\n<p>Sitechecker pr\u00fcft nicht nur eine einzelne Webseite; Es untersucht Ihre gesamte Website und sammelt Daten f\u00fcr jede URL. Um SEO-Meta-Headline-Tag-Details f\u00fcr mehrere Seiten Ihrer Website zu sammeln, verwenden Sie einfach den Filter \u201eAlle HTML-Seiten\u201c, um die URL zu finden, die Ihr Interesse weckt.<\/p>\n<div class=\"content__img-wrap\"><img src=\"https:\/\/sitechecker.pro\/wp-content\/uploads\/2024\/08\/all-html-pages-filter.png\" alt=\"Filter f\u00fcr alle HTML-Seiten\" class=\"description-img description-img-zoom\" loading=\"lazy\" ><\/div>\n<p>Zus\u00e4tzlich k\u00f6nnen Sie die Funktion \u201eNach Kategorie suchen\u201c verwenden, um Titel-bezogene Probleme zu finden, die mehrere Seiten Ihrer Website betreffen. W\u00e4hlen Sie die Registerkarte \u201eKategorie\u201c und geben Sie das spezifische Problem ein, das Sie beheben m\u00f6chten, z. B. \u201eTitel\u201c. Die Suche identifiziert dann relevante Probleme auf Ihrer Website.<\/p>\n<div class=\"content__img-wrap\"><img src=\"https:\/\/sitechecker.pro\/wp-content\/uploads\/2024\/08\/filter-by-category.png\" alt=\"Nach Kategorie filtern\" class=\"description-img description-img-zoom\" loading=\"lazy\" ><\/div>\n<p>Wenn Sie ein bestimmtes Problem ausw\u00e4hlen, werden Sie zu einer speziellen Seite weitergeleitet. Es verf\u00fcgt \u00fcber einen farblich angezeigten Status: Rot steht f\u00fcr ein kritisches Problem, Orange f\u00fcr eine Warnung und Blau f\u00fcr einen Hinweis. Auf dieser Seite werden Anweisungen zur Behebung des Problems, eine ausf\u00fchrliche Liste der betroffenen URLs und die Schaltfl\u00e4che zum \u00dcberpr\u00fcfen des Seitencodes oder zum Durchf\u00fchren einer vollst\u00e4ndigen On-Page-Pr\u00fcfung angezeigt. Sie k\u00f6nnen Tools wie den <a href=\"https:\/\/sitechecker.pro\/duplicate-content\/\" data-wpil-monitor-id=\"31\">Duplicate Title Checker<\/a> verwenden, um Probleme im Zusammenhang mit Titel-Tags zu identifizieren.<\/p>\n<div class=\"content__img-wrap\"><img src=\"https:\/\/sitechecker.pro\/wp-content\/uploads\/2024\/08\/title-duplicates-issue.png\" alt=\"Title Duplicates Issue\" class=\"description-img description-img-zoom\" loading=\"lazy\" ><\/div>\n<p>Abschlie\u00dfend k\u00f6nnen Sie einen umfassenden Bericht mit der Beschreibung der Probleme und der betroffenen URLs herunterladen. Diese Funktion ist n\u00fctzlich f\u00fcr SEO-Freiberufler (Agenturfachleute), die ihren Kunden Daten zeigen m\u00fcssen, oder f\u00fcr interne Experten, die Daten an Teammitglieder verteilen m\u00f6chten.Sie k\u00f6nnen Daten auch f\u00fcr Entwickler exportieren. F\u00fcgen Sie die exportierten Daten einfach in die technische Aufgabe (TT) ein, damit sie die Probleme angehen k\u00f6nnen.<\/p>\n<div class=\"content__img-wrap\"><img src=\"https:\/\/sitechecker.pro\/wp-content\/uploads\/2024\/08\/export-data.png\" alt=\"Daten exportieren\" class=\"description-img description-img-zoom\" loading=\"lazy\" ><\/div>\n<p>Einige der anderen Funktionen, die mit dem Domain-\/Website-Titel-Tag-Scanner geliefert werden<\/p>\n<p>Auf der Site-Audit-Zusammenfassungsseite finden Sie auch eine umfassende Liste der internen Probleme auf Ihrer Website.<\/p>\n<p>Sie k\u00f6nnen die Probleme nach Typ filtern, z. B. Kritisch, Warnungen, Chancen und Hinweise. Alternativ k\u00f6nnen Sie sie nach Kategorien sortieren, z. B. Links, Indexierbarkeit oder Inhaltsrelevanz. Dies macht es viel einfacher, sich auf die Behebung der Probleme zu konzentrieren, die den Erfolg Ihrer Website am st\u00e4rksten beeintr\u00e4chtigen.<\/p>\n<div class=\"content__img-wrap\"><img src=\"https:\/\/sitechecker.pro\/wp-content\/uploads\/2024\/08\/issues-list_66c774ec55522.png\" alt=\"Issues List\" class=\"description-img description-img-zoom\" loading=\"lazy\" ><\/div>\n<h2 id=\"par4\">Seitentitel-Checker<\/h2>\n<h3>Schritt 1: Klicken Sie auf \u201eSeitenpr\u00fcfung\u201c, um die Analyse zu starten<\/h3>\n<div class=\"content__img-wrap\"><img src=\"https:\/\/sitechecker.pro\/wp-content\/uploads\/2024\/08\/check-title-for-page.png\" alt=\"Titel f\u00fcr Seite pr\u00fcfen\" class=\"description-img description-img-zoom\" loading=\"lazy\" ><\/div>\n<h3>Schritt 2: Ergebnisse analysieren<\/h3>\n<p>Die URL, die Sie in unser Tool eingegeben haben, wird gecrawlt, um Daten zu erhalten. Der Vorgang dauert einige Augenblicke. Danach erfahren Sie das Headline-Tag, die Anzahl der auf der Seite vorhandenen Titel-Tags, die L\u00e4nge der \u00dcberschrift und ob der Titel H1 entspricht.<\/p>\n<div class=\"content__img-wrap\"><img src=\"https:\/\/sitechecker.pro\/wp-content\/uploads\/2024\/08\/review-results.png\" alt=\"Ergebnisse \u00fcberpr\u00fcfen\" class=\"description-img description-img-zoom\" loading=\"lazy\" ><\/div>\n<p>Um alle Metatitel auf Ihrer Site zu \u00fcberpr\u00fcfen, verwenden Sie die Schaltfl\u00e4che \u201eVollst\u00e4ndige Website-Pr\u00fcfung durchf\u00fchren\u201c auf dem Banner f\u00fcr eine umfassende Analyse.<\/p>\n<p>Erkunden Sie die Funktionalit\u00e4t des Tools anhand eines Demoprojekts, indem Sie auf \u201eSite-Pr\u00fcfung\u201c klicken und die Demo-Option ausw\u00e4hlen.<\/p>\n<div class=\"content__img-wrap\"><img src=\"https:\/\/sitechecker.pro\/wp-content\/uploads\/2024\/08\/run-full-audit.png\" alt=\"Vollst\u00e4ndige Website-Pr\u00fcfung durchf\u00fchren\" class=\"description-img description-img-zoom\" loading=\"lazy\" ><\/div>\n<h2 id=\"par5\">Zus\u00e4tzliche Funktionen<\/h2>\n<p>Der SEO-freundliche Title Checker bietet eine umfassende Analyse, die den erfolgreichen HTTP-Status best\u00e4tigt und die Gr\u00f6\u00dfe des HTML-Inhalts misst. Es stellt sicher, dass Metatitel und <a href=\"https:\/\/sitechecker.pro\/meta-tag-description\/\" target=\"_blank\" rel=\"noopener noreferrer\">Beschreibungen<\/a> gem\u00e4\u00df den Suchmaschinenstandards die optimale L\u00e4nge aufweisen, und wertet die Seitenladezeiten f\u00fcr eine verbesserte Benutzererfahrung auf Mobilger\u00e4ten und Desktops durch PageSpeed \u200b\u200bInsights aus. Dieses Tool ist von entscheidender Bedeutung f\u00fcr die Optimierung der SEO, indem es wichtige Webseitenelemente \u00fcberpr\u00fcft, um Leistung und Sichtbarkeit zu verbessern.<\/p>\n<div class=\"content__img-wrap\"><img src=\"https:\/\/sitechecker.pro\/wp-content\/uploads\/2024\/08\/issues-overview-1.png\" alt=\"Issues Overview\" class=\"description-img description-img-zoom\" loading=\"lazy\" ><\/div>\n<h2 id=\"par6\">Abschlie\u00dfende Bemerkungen<\/h2>\n<p>Zusammenfassend l\u00e4sst sich sagen, dass der Website Meta Title Checker in der modernen wettbewerbsorientierten digitalen Landschaft von entscheidender Bedeutung ist. Seine Funktionen gehen \u00fcber die einfache \u00dcberpr\u00fcfung des Vorhandenseins und der Qualit\u00e4t von Meta-Headline-Tags hinaus. Als unverzichtbares Tool f\u00fcr die SEO-Gesundheit Ihrer Website erkennt es potenzielle Probleme und bietet umsetzbare Erkenntnisse, um das Suchmaschinenranking, die Klickrate und die Benutzererfahrung Ihrer Website zu verbessern.<\/p>\n<div id=\"par7\"><\/div>\n<p><div class=\"front__faq-block\"><div class=\"faq__block-title\">FAQ<\/div><div class=\"panel-group\" id=\"faq-accordion\" itemscope itemtype=\"https:\/\/schema.org\/FAQPage\" role=\"tablist\" aria-multiselectable=\"true\"><div class=\"panel\" itemscope itemtype=\"https:\/\/schema.org\/Question\" itemprop=\"mainEntity\">\n                            <div class=\"panel-heading\" id=\"headingFaq-1\">\n                                <div class=\"panel-title\" data-toggle=\"collapse\" aria-expanded=\"false\" href=\"#collapseFaq-1\">\n                                    <h3 itemprop=\"name\">Wie finde ich ein Titel-Tag?<\/h3>\n                                <\/div>\n                            <\/div>\n                            <div id=\"collapseFaq-1\" class=\"panel-collapse collapse\" itemprop=\"acceptedAnswer\" itemscope itemtype=\"http:\/\/schema.org\/Answer\">\n                                <div class=\"panel-body\" itemprop=\"text\">Um das SEO-Titel-Checker-Tool zu verwenden, w\u00e4hlen Sie einfach aus, ob Sie eine bestimmte Seite oder eine ganze Domain scannen m\u00f6chten; geben Sie deren URL in das bereitgestellte Feld ein. Das Tool analysiert das Meta-Headline-Tag der ausgew\u00e4hlten URL gr\u00fcndlich und liefert Ihnen einen detaillierten Bericht, der alle identifizierten Probleme und relevanten Erkenntnisse enth\u00e4lt.<\/div>\n                            <\/div>\n                        <\/div><div class=\"panel\" itemscope itemtype=\"https:\/\/schema.org\/Question\" itemprop=\"mainEntity\">\n                            <div class=\"panel-heading\" id=\"headingFaq-2\">\n                                <div class=\"panel-title\" data-toggle=\"collapse\" aria-expanded=\"false\" href=\"#collapseFaq-2\">\n                                    <h3 itemprop=\"name\">Wie viele Zeichen (Pixel) hat ein Titel-Tag?<\/h3>\n                                <\/div>\n                            <\/div>\n                            <div id=\"collapseFaq-2\" class=\"panel-collapse collapse\" itemprop=\"acceptedAnswer\" itemscope itemtype=\"http:\/\/schema.org\/Answer\">\n                                <div class=\"panel-body\" itemprop=\"text\">Gem\u00e4\u00df Standard-SEO-Praktiken wird f\u00fcr ein Titel-Tag normalerweise eine L\u00e4nge von 50-60 Zeichen oder ungef\u00e4hr 600 Pixeln empfohlen. Dies l\u00e4sst sich mit unserem SEO-Titell\u00e4ngen-Checker leicht \u00fcberpr\u00fcfen.<\/div>\n                            <\/div>\n                        <\/div><div class=\"panel\" itemscope itemtype=\"https:\/\/schema.org\/Question\" itemprop=\"mainEntity\">\n                            <div class=\"panel-heading\" id=\"headingFaq-3\">\n                                <div class=\"panel-title\" data-toggle=\"collapse\" aria-expanded=\"false\" href=\"#collapseFaq-3\">\n                                    <h3 itemprop=\"name\">Was ist der Nutzen eines Meta-Titel-Tests?<\/h3>\n                                <\/div>\n                            <\/div>\n                            <div id=\"collapseFaq-3\" class=\"panel-collapse collapse\" itemprop=\"acceptedAnswer\" itemscope itemtype=\"http:\/\/schema.org\/Answer\">\n                                <div class=\"panel-body\" itemprop=\"text\">Der Sitechecker analysiert das Vorhandensein von Meta-Tags, deren Anzahl, Inhalt und L\u00e4nge auf Ihrer Website. Er spielt eine entscheidende Rolle bei der Verbesserung der SEO-Gesundheit Ihrer Website, indem er relevante Schl\u00fcsselw\u00f6rter \u00fcberpr\u00fcft, die Einhaltung der empfohlenen Zeichenl\u00e4nge des Titels best\u00e4tigt und alle Probleme im Zusammenhang mit \u00dcberschriften-Tags identifiziert. Das Endziel besteht darin, das Suchmaschinen-Ranking Ihrer Website zu verbessern, die Klickrate zu erh\u00f6hen und das allgemeine Benutzererlebnis zu verbessern.<\/div>\n                            <\/div>\n                        <\/div><div class=\"panel\" itemscope itemtype=\"https:\/\/schema.org\/Question\" itemprop=\"mainEntity\">\n                            <div class=\"panel-heading\" id=\"headingFaq-4\">\n                                <div class=\"panel-title\" data-toggle=\"collapse\" aria-expanded=\"false\" href=\"#collapseFaq-4\">\n                                    <h3 itemprop=\"name\">Verfolgt das Tool \u00c4nderungen an meinen Meta-Tags?<\/h3>\n                                <\/div>\n                            <\/div>\n                            <div id=\"collapseFaq-4\" class=\"panel-collapse collapse\" itemprop=\"acceptedAnswer\" itemscope itemtype=\"http:\/\/schema.org\/Answer\">\n                                <div class=\"panel-body\" itemprop=\"text\">Absolut, der Titel-Tag-Checker ist darauf ausgelegt, alle an den Meta-Tags auf Ihren Webseiten vorgenommenen \u00c4nderungen zu \u00fcberwachen. Diese \u00c4nderungsverfolgungsfunktion stellt sicher, dass Sie \u00fcber die dynamische Natur Ihres Website-Inhalts und dessen Auswirkungen auf Ihre SEO-Leistung auf dem Laufenden bleiben.<\/div>\n                            <\/div>\n                        <\/div><div class=\"panel\" itemscope itemtype=\"https:\/\/schema.org\/Question\" itemprop=\"mainEntity\">\n                            <div class=\"panel-heading\" id=\"headingFaq-5\">\n                                <div class=\"panel-title\" data-toggle=\"collapse\" aria-expanded=\"false\" href=\"#collapseFaq-5\">\n                                    <h3 itemprop=\"name\">Mit welchen anderen SEO-Tools l\u00e4sst sich der Titel-Checker integrieren?<\/h3>\n                                <\/div>\n                            <\/div>\n                            <div id=\"collapseFaq-5\" class=\"panel-collapse collapse\" itemprop=\"acceptedAnswer\" itemscope itemtype=\"http:\/\/schema.org\/Answer\">\n                                <div class=\"panel-body\" itemprop=\"text\">Unser Tool ist Teil einer gr\u00f6\u00dferen Suite von Sitechecker SEO-Tools. Diese Tools bieten eine breite Palette an Funktionen, darunter eine detaillierte Website-Pr\u00fcfung, Rangverfolgung, Backlink-\u00dcberwachung und mehr. Dieser umfangreiche Funktionsumfang bietet eine umfassende L\u00f6sung f\u00fcr Ihre SEO-Anforderungen.<\/div>\n                            <\/div>\n                        <\/div><\/div><\/div><\/p>","protected":false},"excerpt":{"rendered":"Was ist der Meta Title Tag Checker? Der Website Title Checker von Sitechecker ist ein Tool zur Bewertung der SEO-Effektivit\u00e4t von Meta-Headline-Tags auf Webseiten. Es analysiert Titel auf L\u00e4nge, Relevanz und Keyword-Optimierung, identifiziert Probleme und schl\u00e4gt Verbesserungen vor, um die Sichtbarkeit in Suchmaschinen zu verbessern. Das Tool \u00fcberwacht auch \u00c4nderungen an Meta-Titeln im Laufe der&#8230;","protected":false},"author":10409641,"featured_media":3432,"parent":0,"menu_order":0,"comment_status":"closed","ping_status":"closed","template":"pages-templates\/pages-minitools-3.php","meta":[],"categories":[70],"tags":[],"_links":{"self":[{"href":"https:\/\/sitechecker.pro\/de\/wp-json\/wp\/v2\/pages\/543"}],"collection":[{"href":"https:\/\/sitechecker.pro\/de\/wp-json\/wp\/v2\/pages"}],"about":[{"href":"https:\/\/sitechecker.pro\/de\/wp-json\/wp\/v2\/types\/page"}],"author":[{"embeddable":true,"href":"https:\/\/sitechecker.pro\/de\/wp-json\/wp\/v2\/users\/10409641"}],"replies":[{"embeddable":true,"href":"https:\/\/sitechecker.pro\/de\/wp-json\/wp\/v2\/comments?post=543"}],"version-history":[{"count":125,"href":"https:\/\/sitechecker.pro\/de\/wp-json\/wp\/v2\/pages\/543\/revisions"}],"predecessor-version":[{"id":39279,"href":"https:\/\/sitechecker.pro\/de\/wp-json\/wp\/v2\/pages\/543\/revisions\/39279"}],"wp:featuredmedia":[{"embeddable":true,"href":"https:\/\/sitechecker.pro\/de\/wp-json\/wp\/v2\/media\/3432"}],"wp:attachment":[{"href":"https:\/\/sitechecker.pro\/de\/wp-json\/wp\/v2\/media?parent=543"}],"wp:term":[{"taxonomy":"category","embeddable":true,"href":"https:\/\/sitechecker.pro\/de\/wp-json\/wp\/v2\/categories?post=543"},{"taxonomy":"post_tag","embeddable":true,"href":"https:\/\/sitechecker.pro\/de\/wp-json\/wp\/v2\/tags?post=543"}],"curies":[{"name":"wp","href":"https:\/\/api.w.org\/{rel}","templated":true}]}}