{"id":5313,"date":"2019-02-08T12:18:57","date_gmt":"2019-02-08T12:18:57","guid":{"rendered":"https:\/\/sitechecker.pro\/?page_id=5313"},"modified":"2025-02-27T15:18:49","modified_gmt":"2025-02-27T15:18:49","slug":"redirect-checker","status":"publish","type":"page","link":"https:\/\/sitechecker.pro\/de\/redirect-checker\/","title":{"rendered":"Redirect Checker | Test Redirection f\u00fcr URL oder ganze Website \u2611"},"content":{"rendered":"<p><\/p>\n<h2 id=\"par1\">Was ist der Redirect Checker?<\/h2>\n<p>Ein URL Redirect Checker ist ein Tool, mit dem der vollst\u00e4ndige Pfad einer umgeleiteten URL identifiziert und analysiert werden kann. Es untersucht die HTTP-Statuscodes, wie 301 oder 302, um die Art der Umleitung (permanent oder tempor\u00e4r) zu bestimmen und hilft bei der Identifizierung von <a href=\"https:\/\/sitechecker.pro\/what-are-3xx-status-codes\/\" target=\"_blank\" rel=\"noopener noreferrer\">3xx-Ketten<\/a>.<\/p>\n<p>Das Tool erm\u00f6glicht die Analyse aller Website-URLs oder einzelner URLs.<\/p>\n<h3>Ein Redirect Chain Checker kann Ihnen in vielerlei Hinsicht helfen:<\/h3>\n<ul>\n<li><strong>Sorgen Sie f\u00fcr eine ordnungsgem\u00e4\u00dfe Umleitung. <\/strong>Einige, wie 301 oder 302, weisen auf eine URL-\u00c4nderung einer Webseite hin. Dieses Tool pr\u00fcft Statuscodes und identifiziert den genauen Umleitungstyp, um sicherzustellen, dass alte URLs ordnungsgem\u00e4\u00df zu den neuen f\u00fchren, um den Datenverkehr beizubehalten.<\/li>\n<li><strong>Umleitungsprobleme erkennen und beheben. <\/strong>Mit diesem Tool k\u00f6nnen Sie Probleme wie Pfad\u00e4nderungsschleifen oder zu lange Ketten diagnostizieren und beheben, die sich negativ auf die Benutzererfahrung und SEO auswirken k\u00f6nnen.<\/li>\n<li><strong>Analyse von Links von Drittanbietern. <\/strong>Wenn Sie auf eine externe Site verlinken, k\u00f6nnen Sie mit diesem Tool sehen, wohin diese URL tats\u00e4chlich f\u00fchrt. Manchmal durchl\u00e4uft eine URL mehrere Umadressierungen, bevor sie die endg\u00fcltige Seite erreicht, und diese Seite kann anders aussehen als erwartet.<\/li>\n<li><strong>Sicherheitsrisiken vorbeugen. <\/strong>Mit diesem Tool k\u00f6nnen Sie sicherstellen, dass Ihre Website nicht auf b\u00f6sartige Sites umgeleitet wird, was passieren kann, wenn Ihre Site gehackt wird.<\/li>\n<li><strong>Umleitung von HTTP zu HTTPS. <\/strong>Es kann best\u00e4tigen, dass der gesamte HTTP-Datenverkehr korrekt auf HTTPS umgeleitet wird. Dies ist wichtig, um Benutzerdaten zu sichern und Benutzervertrauen aufzubauen.<\/li>\n<li><strong>Umfassende Weiterleitungsanalyse. <\/strong>Dieses Tool kann alle internen und externen Links auf Ihrer Website vollst\u00e4ndig pr\u00fcfen. Durch das Scannen jedes Links wird sichergestellt, dass alle Weiterleitungen korrekt und effizient funktionieren, was zur Optimierung der Gesamtleistung der Website beitr\u00e4gt.<\/li>\n<\/ul>\n<h3>Hauptfunktionen des URL-Weiterleitungspr\u00fcfers:<\/h3>\n<ol>\n<li><strong>Einheitliches Dashboard. <\/strong>Diese Funktion bietet einen zentralen Ort, an dem Sie alle wichtigen Daten und Erkenntnisse zu den Weiterleitungen Ihrer Website \u00fcberwachen k\u00f6nnen. Es k\u00f6nnte detaillierte Informationen zu Ihren Umleitungen, Fehlerberichten, Datenvisualisierungen usw. enthalten. Ein einheitliches Dashboard ist f\u00fcr eine effiziente und einfache Verwaltung unerl\u00e4sslich.<\/li>\n<li><strong>Benutzerfreundliche Oberfl\u00e4che. <\/strong>Dadurch wird sichergestellt, dass das Tool auch f\u00fcr Personen ohne technisches Fachwissen einfach zu verwenden ist. Dies k\u00f6nnte intuitive Navigation, klare Beschriftung, hilfreiche Tooltips und mehr umfassen. Eine benutzerfreundliche Oberfl\u00e4che erleichtert Ihnen das Auffinden und Verwenden der ben\u00f6tigten Funktionen.<\/li>\n<li><strong>Zeigt den vollst\u00e4ndigen Umleitungspfad an und veranschaulicht <\/strong>die komplette Reise eines Benutzers oder eines Suchmaschinen-Bots. Dar\u00fcber hinaus ist es aufgrund der unterschiedlichen Auswirkungen auch wichtig, die Art der Umleitung zu identifizieren, sei es HTTP, JavaScript oder Meta Refresh. Dar\u00fcber hinaus kann die Einbeziehung von Server-IP-Informationen dabei helfen, Probleme auf Serverebene zu identifizieren und zu l\u00f6sen.<\/li>\n<li><strong>Komplettes SEO-Tool-Set. <\/strong>Zus\u00e4tzlich zur \u00dcberpr\u00fcfung von Weiterleitungen kann ein umfassender Satz an SEO-Tools Funktionen f\u00fcr die Keyword-Recherche, Backlink-Analyse, <a href=\"https:\/\/sitechecker.pro\/on-page-seo-checker\/\" target=\"_blank\" rel=\"noopener noreferrer\">On-Page-SEO-Analyse<\/a>, <a href=\"https:\/\/sitechecker.pro\/rank-tracker\/\" target=\"_blank\" rel=\"noopener noreferrer\">Ranking-Tracking<\/a>, <a href=\"https:\/\/sitechecker.pro\/\" target=\"_blank\" rel=\"noopener noreferrer\">Site-Audits<\/a> und mehr enthalten. Diese Funktionen k\u00f6nnen dazu beitragen, die Sichtbarkeit Ihrer Site in den Suchmaschinenergebnissen zu verbessern und mehr <a href=\"https:\/\/sitechecker.pro\/what-is-organic-traffic\/\" target=\"_blank\" rel=\"noopener noreferrer\">organischen Traffic<\/a> auf Ihre Site zu leiten.<\/li>\n<\/ol>\n<h2 id=\"par2\">So verwenden Sie den Redirection Checker<\/h2>\n<p>Der 301-Redirect-Checker bietet die M\u00f6glichkeit, sowohl bestimmte URLs als auch die gesamte Website auf Pfad\u00e4nderungen und Umleitungen zu untersuchen. Der Scan dauert nur wenige Sekunden. Danach haben Sie die M\u00f6glichkeit, alle erkannten Probleme anzuzeigen und zu verfolgen. Dies bietet Ihnen eine umfassende Ansicht sowohl einzelner URLs als auch der gesamten Site.<\/p>\n<div class=\"content__img-wrap\"><img src=\"https:\/\/sitechecker.pro\/wp-content\/uploads\/2024\/08\/Selector-General-min.png\" alt=\"URL Redirect Checker Domain\" class=\"description-img description-img-zoom\" loading=\"lazy\" ><\/div>\n<h2 id=\"par3\">Domain-Check<\/h2>\n<h3>Schritt 1: Geben Sie Ihre Domain in die Suchleiste ein<\/h3>\n<p>Um eine Domain zu pr\u00fcfen, dr\u00fccken Sie die Schaltfl\u00e4che \u201eDomain pr\u00fcfen\u201c, geben Sie den Domainnamen ein und dr\u00fccken Sie die Schaltfl\u00e4che \u201eWeiterleitung pr\u00fcfen\u201c:<\/p>\n<div class=\"content__img-wrap\"><img src=\"https:\/\/sitechecker.pro\/wp-content\/uploads\/2024\/08\/2-Websire-redirect-Check-min.png\" alt=\"URL Redirect Checker\" class=\"description-img description-img-zoom\" loading=\"lazy\" ><\/div>\n<div class=\"important-block\">Starten Sie Ihre KOSTENLOSE Testversion, um Ergebnisse zu erhalten und 14 Tage lang Zugriff auf die Funktionen von Sitechecker zu erhalten. Melden Sie sich einfach mit Ihrem E-Mail-, Google- oder Facebook-Konto an. Keine Kreditkarte erforderlich.<\/div>\n<h3>Schritt 2: Interpretieren der Ergebnisse des Domain-Redirect-Checkers<\/h3>\n<p>Der von Ihnen durchgef\u00fchrte Scan generiert ein Site-Audit f\u00fcr die von Ihnen eingegebene Domain und deckt verschiedene Probleme auf, wie z. B. 301, HTTPS zu HTTP, 302-Pfad\u00e4nderungen usw.<\/p>\n<div class=\"content__img-wrap\"><img src=\"https:\/\/sitechecker.pro\/wp-content\/uploads\/2023\/08\/site-audit-redirects.png\" alt=\"Site Audit Redirects\" class=\"description-img description-img-zoom\" loading=\"lazy\" ><\/div>\n<p>Klicken Sie einfach auf \u201eSeite hat interne Links zu 3xx-Seiten\u201c, und Sie k\u00f6nnen die Liste anzeigen:<\/p>\n<div class=\"content__img-wrap\"><img src=\"https:\/\/sitechecker.pro\/wp-content\/uploads\/2023\/08\/internal-3xx-links.png\" alt=\"Interne 3xx-Links\" class=\"description-img description-img-zoom\" loading=\"lazy\" ><\/div>\n<p>Klicken Sie anschlie\u00dfend auf die Schaltfl\u00e4che \u201eInterne Links anzeigen\u201c, um eine Liste der Site-Seiten mit Statuscodes zu \u00f6ffnen:<\/p>\n<div class=\"content__img-wrap\"><img src=\"https:\/\/sitechecker.pro\/wp-content\/uploads\/2023\/08\/internal-links-status-code.png\" alt=\"Interner Linkstatuscode\" class=\"description-img description-img-zoom\" loading=\"lazy\" ><\/div>\n<h3>Zus\u00e4tzliche Funktionen des Website-Redirect-Checkers<\/h3>\n<p>Nach der \u00dcberpr\u00fcfung der Domain erhalten Sie einen vollst\u00e4ndigen Website-Auditbericht, der Ihnen dabei hilft, verschiedene Arten von Problemen zu identifizieren. Der Bericht enth\u00e4lt auch Anweisungen zur Behebung der identifizierten Probleme. Dar\u00fcber hinaus k\u00f6nnen Sie Probleme nach Problemtyp oder Kategorie beobachten, wodurch Sie die wichtigsten Probleme f\u00fcr den Erfolg Ihrer Website schnell ansprechen und beheben k\u00f6nnen.<\/p>\n<div class=\"content__img-wrap\"><img src=\"https:\/\/sitechecker.pro\/wp-content\/uploads\/2023\/08\/issues-list.png\" alt=\"Problemliste\" class=\"description-img description-img-zoom\" loading=\"lazy\" ><\/div>\n<p>Ein erweiterter Redirect Loop Checker verf\u00fcgt \u00fcber eine Reihe zus\u00e4tzlicher Funktionen, die eine umfassende Pr\u00fcfung der Umleitungen Ihrer Website erm\u00f6glichen.<\/p>\n<p>Wenn Sie die Option \u201eAlle betroffenen Seiten anzeigen\u201c ausw\u00e4hlen:<\/p>\n<div class=\"content__img-wrap\"><img src=\"https:\/\/sitechecker.pro\/wp-content\/uploads\/2023\/08\/all-affected-pages.png\" alt=\"Alle betroffenen Seiten\" class=\"description-img description-img-zoom\" loading=\"lazy\" ><\/div>\n<p>Das Tool pr\u00e4sentiert eine detaillierte Liste aller URLs der Website zusammen mit allen damit verbundenen Problemen.<\/p>\n<div class=\"content__img-wrap\"><img src=\"https:\/\/sitechecker.pro\/wp-content\/uploads\/2023\/08\/all-html-pages_64d265269e204.png\" alt=\"Alle HTML-Seiten\" class=\"description-img description-img-zoom\" loading=\"lazy\" ><\/div>\n<p>Sie k\u00f6nnen alle Informationen zu Links (intern und extern), Inhaltsrelevanz, Seitengeschwindigkeit, Indexierbarkeit, Weiterleitungen, Suchverkehr usw. erkennen.<\/p>\n<p>Die Probleme werden auch in Typen wie Kritisch, Warnungen, Chancen und Hinweise klassifiziert. Diese Klassifizierung hilft Ihnen, den Schweregrad jedes Problems schnell zu erkennen und Ihre Ressourcen effektiv zuzuweisen. Kritische Probleme k\u00f6nnen dringende Umleitungsprobleme sein, die sofort behoben werden m\u00fcssen, w\u00e4hrend Chancen Bereiche sein k\u00f6nnen, in denen Ihre Umleitungsstrategie verbessert werden k\u00f6nnte.<\/p>\n<div class=\"content__img-wrap\"><img src=\"https:\/\/sitechecker.pro\/wp-content\/uploads\/2023\/08\/all-html-pages-issue-type.png\" alt=\"Problemtyp aller HTML-Seiten\" class=\"description-img description-img-zoom\" loading=\"lazy\" ><\/div>\n<p>Diese strukturierte \u00dcbersicht und Problemklassifizierung machen es Ihnen einfacher, sich auf die L\u00f6sung der Probleme zu konzentrieren, die den gr\u00f6\u00dften Einfluss auf die Leistung Ihrer Website haben.<\/p>\n<p>Sie haben die M\u00f6glichkeit, Ihre Interaktion mit den URLs zu optimieren, indem Sie Filter anwenden oder zus\u00e4tzliche Daten f\u00fcr einzelne Seiten integrieren, um Ihren Arbeitsprozess zu unterst\u00fctzen.<\/p>\n<div class=\"content__img-wrap\"><img src=\"https:\/\/sitechecker.pro\/wp-content\/uploads\/2023\/08\/all-html-pages-manage-columns.png\" alt=\"Alle HTML-Seiten verwalten\" class=\"description-img description-img-zoom\" loading=\"lazy\" ><\/div>\n<p>Dar\u00fcber hinaus bietet Ihnen das Tool die Flexibilit\u00e4t, Crawler-Ergebnisse zu erfassen und zu \u00fcbertragen, indem Sie sie im PDF- oder CSV-Format herunterladen, in Google Sheets \u00fcbertragen oder sie m\u00fchelos nach Ihren Anforderungen kopieren.<\/p>\n<div class=\"content__img-wrap\"><img src=\"https:\/\/sitechecker.pro\/wp-content\/uploads\/2023\/08\/export-data.png\" alt=\"Daten exportieren\" class=\"description-img description-img-zoom\" loading=\"lazy\" ><\/div>\n<p>Die M\u00f6glichkeit, Crawler-Ergebnisse in verschiedenen Formaten herunterzuladen und zu exportieren, erweist sich f\u00fcr Freiberufler und SEO-Manager als vorteilhaft und liefert anpassbare Daten zur \u00dcberpr\u00fcfung und Anpassung.<\/p>\n<p>Diese Funktion hilft bei der Erstellung detaillierter Berichte f\u00fcr Kunden oder wichtige Akteure und verbessert die Transparenz von Entdeckungen und bevorstehenden Pl\u00e4nen.<\/p>\n<h2 id=\"par4\">Seitenpr\u00fcfung<\/h2>\n<h3>Schritt 1: Geben Sie Ihre URL ein und starten Sie \u201eWeiterleitung pr\u00fcfen\u201c<\/h3>\n<p>Um eine Seite zur Pr\u00fcfung auszuw\u00e4hlen, klicken Sie auf die entsprechende Schaltfl\u00e4che im Auswahlfeld und beginnen Sie mit der Pr\u00fcfung.<\/p>\n<div class=\"content__img-wrap\"><img src=\"https:\/\/sitechecker.pro\/wp-content\/uploads\/2024\/08\/2-Check-Page-Redirect-min.png\" alt=\"URL-Weiterleitungspr\u00fcfer-Seite\" class=\"description-img description-img-zoom\" loading=\"lazy\" ><\/div>\n<h3>Schritt 2: Interpretieren der Ergebnisse der Seitenpr\u00fcfung<\/h3>\n<p>Das Tool bietet sofortiges Feedback zum HTTP-Statuscode einer angegebenen Seite und best\u00e4tigt den erfolgreichen Abruf mit einem Weiterleitungsstatus oder einer \u201e200 OK\u201c-Meldung.<\/p>\n<div class=\"content__img-wrap\"><img src=\"https:\/\/sitechecker.pro\/wp-content\/uploads\/2024\/08\/Redirect-Page-Result.png\" alt=\"Seitendetails-\u00dcbersicht\" class=\"description-img description-img-zoom\" loading=\"lazy\" ><\/div>\n<p>Sollte der Status als <a href=\"https:\/\/sitechecker.pro\/what-are-2xx-status-codes\/\" target=\"_blank\" rel=\"noopener noreferrer\">200<\/a> statt als 3xx-Code zur\u00fcckgegeben werden, ist die \u00dcberpr\u00fcfung sowohl interner als auch externer Links weiterhin unerl\u00e4sslich. Dadurch wird sichergestellt, dass keine unbeabsichtigten Verbindungen zu Weiterleitungen auf anderen Websites oder innerhalb der internen Struktur Ihrer eigenen Website bestehen.<\/p>\n<h3>Zus\u00e4tzliche Funktionen von Redirect Checker online<\/h3>\n<p>Der Redirect Checker bietet ein SEO-Kontrollfeld f\u00fcr Linkanalyse und -optimierung. Es bewertet interne und externe Links, identifiziert SEO-Probleme und schl\u00e4gt Inhaltsverbesserungen f\u00fcr eine bessere Benutzereinbindung und Suchrelevanz vor. Das Tool optimiert auch visuelle Inhalte und strukturiert Daten f\u00fcr eine verbesserte Suchmaschineninterpretation.<\/p>\n<p>Mit PageSpeed \u200b\u200bInsights bewertet es die Website-Leistung, die f\u00fcr die Benutzererfahrung und das Ranking entscheidend ist.<\/p>\n<div class=\"content__img-wrap\"><img src=\"https:\/\/sitechecker.pro\/wp-content\/uploads\/2024\/08\/Issue-overview-min.png\" alt=\"Seitendetails\" class=\"description-img description-img-zoom\" loading=\"lazy\" ><\/div>\n<p>Diese Suite bietet insgesamt ein umfassendes SEO-Audit mit umsetzbaren Erkenntnissen zur Steigerung der Suchpr\u00e4senz.<\/p>\n<h2 id=\"par5\">Sitechecker Chrome-Erweiterung zum Erkennen von Weiterleitungen<\/h2>\n<p>Die <a href=\"https:\/\/chrome.google.com\/webstore\/detail\/website-seo-checker-free\/nljcdkjpjnhlilgepggmmagnmebhadnk\" target=\"_blank\" rel=\"nofollow noopener noreferrer\">Sitechecker Chrome-Erweiterung<\/a> bietet eine Funktion, die speziell zum Erkennen von Weiterleitungen direkt in Ihrem Browser entwickelt wurde. Durch Aktivieren dieser Funktion k\u00f6nnen Sie jede Webseite schnell analysieren, sich auf den Status von Links konzentrieren und insbesondere Links mit den Statuscodes <a href=\"https:\/\/sitechecker.pro\/301-redirect\/\" target=\"_blank\" rel=\"noopener noreferrer\">301 (Permanent verschoben)<\/a> und 302 (Gefunden) identifizieren.<\/p>\n<p>Diese Funktion eignet sich hervorragend zum Erkennen und Beheben von <a href=\"https:\/\/sitechecker.pro\/broken-links\/\" target=\"_blank\" rel=\"noopener noreferrer\">defekten<\/a> oder ung\u00fcltigen Weiterleitungen auf Ihrer Website. Sobald Sie sie in Ihrem Chrome-Browser aktiviert haben, k\u00f6nnen Sie m\u00fchelos jede Webseite scannen und alle Links auf ihren Status und ihre G\u00fcltigkeit pr\u00fcfen.<\/p>\n<div class=\"content__img-wrap\"><img src=\"https:\/\/sitechecker.pro\/wp-content\/uploads\/2023\/08\/sitechecker-extension.png\" alt=\"Sitechecker Extension\" class=\"description-img description-img-zoom\" loading=\"lazy\" ><\/div>\n<p>Dies kann unglaublich n\u00fctzlich sein, um ein optimales Benutzererlebnis und effektive SEO-Praktiken aufrechtzuerhalten, da Sie damit Probleme, die die Leistung oder das Ranking Ihrer Website beeintr\u00e4chtigen k\u00f6nnten, schnell identifizieren und beheben k\u00f6nnen.<\/p>\n<h2 id=\"par6\">Abschlie\u00dfende Idee<\/h2>\n<p>Der Domain Redirect Checker ist ein wichtiges Tool f\u00fcr Webentwickler und SEO-Experten, das die Pr\u00fcfung von URL-Umleitungen, einschlie\u00dflich der Statuscodes 301 und 302, erm\u00f6glicht. Es hilft dabei, ordnungsgem\u00e4\u00dfe Pfad\u00e4nderungen sicherzustellen, Probleme zu diagnostizieren, Links von Drittanbietern zu pr\u00fcfen und die Sicherheit aufrechtzuerhalten. Zu den wichtigsten Funktionen geh\u00f6ren ein einheitliches Dashboard, eine benutzerfreundliche Oberfl\u00e4che, ein komplettes SEO-Tool-Set und die M\u00f6glichkeit, detaillierte Audits durchzuf\u00fchren.<\/p>\n<p>Zus\u00e4tzliche Funktionen wie die Sitechecker Chrome-Erweiterung bieten eine verbesserte Erkennung und Korrektur von Weiterleitungslinks.<\/p>\n<div id=\"par7\"><\/div>\n<p><div class=\"front__faq-block\"><div class=\"faq__block-title\">FAQ<\/div><div class=\"panel-group\" id=\"faq-accordion\" itemscope itemtype=\"https:\/\/schema.org\/FAQPage\" role=\"tablist\" aria-multiselectable=\"true\"><div class=\"panel\" itemscope itemtype=\"https:\/\/schema.org\/Question\" itemprop=\"mainEntity\">\n                            <div class=\"panel-heading\" id=\"headingFaq-1\">\n                                <div class=\"panel-title\" data-toggle=\"collapse\" aria-expanded=\"false\" href=\"#collapseFaq-1\">\n                                    <h3 itemprop=\"name\">Wie hilft der HTTPS-Weiterleitungspr\u00fcfer bei der HTTPS-Weiterleitung?<\/h3>\n                                <\/div>\n                            <\/div>\n                            <div id=\"collapseFaq-1\" class=\"panel-collapse collapse\" itemprop=\"acceptedAnswer\" itemscope itemtype=\"http:\/\/schema.org\/Answer\">\n                                <div class=\"panel-body\" itemprop=\"text\">Das Tool kann best\u00e4tigen, dass der gesamte HTTP-Verkehr korrekt auf HTTPS umgeleitet wird, was f\u00fcr die Sicherung von Benutzerdaten und den Aufbau von Vertrauen von entscheidender Bedeutung ist.<\/div>\n                            <\/div>\n                        <\/div><div class=\"panel\" itemscope itemtype=\"https:\/\/schema.org\/Question\" itemprop=\"mainEntity\">\n                            <div class=\"panel-heading\" id=\"headingFaq-2\">\n                                <div class=\"panel-title\" data-toggle=\"collapse\" aria-expanded=\"false\" href=\"#collapseFaq-2\">\n                                    <h3 itemprop=\"name\">Welche Arten von Weiterleitungen kann der URL-Weiterleitungspr\u00fcfer identifizieren?<\/h3>\n                                <\/div>\n                            <\/div>\n                            <div id=\"collapseFaq-2\" class=\"panel-collapse collapse\" itemprop=\"acceptedAnswer\" itemscope itemtype=\"http:\/\/schema.org\/Answer\">\n                                <div class=\"panel-body\" itemprop=\"text\">Das Tool kann verschiedene Weiterleitungen identifizieren, darunter HTTP, JavaScript, Meta Refresh und Statuscodes wie 301 (dauerhaft verschoben), 302 (gefunden), 307 (tempor\u00e4re Weiterleitung) usw.<\/div>\n                            <\/div>\n                        <\/div><div class=\"panel\" itemscope itemtype=\"https:\/\/schema.org\/Question\" itemprop=\"mainEntity\">\n                            <div class=\"panel-heading\" id=\"headingFaq-3\">\n                                <div class=\"panel-title\" data-toggle=\"collapse\" aria-expanded=\"false\" href=\"#collapseFaq-3\">\n                                    <h3 itemprop=\"name\">Wie kann ich die Weiterleitung einer Website \u00fcberpr\u00fcfen?<\/h3>\n                                <\/div>\n                            <\/div>\n                            <div id=\"collapseFaq-3\" class=\"panel-collapse collapse\" itemprop=\"acceptedAnswer\" itemscope itemtype=\"http:\/\/schema.org\/Answer\">\n                                <div class=\"panel-body\" itemprop=\"text\">Um eine Website auf Weiterleitungen 301-302 zu \u00fcberpr\u00fcfen, k\u00f6nnen Sie einen Website-Weiterleitungspr\u00fcfer verwenden. Geben Sie einfach die URL, die Sie \u00fcberpr\u00fcfen m\u00f6chten, in das Tool ein und es folgt dem Pfad der Weiterleitungen und zeigt Informationen wie die Art der Umleitungsstatuscodes und das endg\u00fcltige Ziel der URL an. Einige Tools bieten auch Browsererweiterungen f\u00fcr eine schnelle Analyse direkt von Ihrem Browser aus.<\/div>\n                            <\/div>\n                        <\/div><\/div><\/div><\/p>","protected":false},"excerpt":{"rendered":"Was ist der Redirect Checker? Ein URL Redirect Checker ist ein Tool, mit dem der vollst\u00e4ndige Pfad einer umgeleiteten URL identifiziert und analysiert werden kann. Es untersucht die HTTP-Statuscodes, wie 301 oder 302, um die Art der Umleitung (permanent oder tempor\u00e4r) zu bestimmen und hilft bei der Identifizierung von 3xx-Ketten. Das Tool erm\u00f6glicht die Analyse&#8230;","protected":false},"author":10504980,"featured_media":5325,"parent":0,"menu_order":0,"comment_status":"closed","ping_status":"closed","template":"pages-templates\/pages-minitools-3.php","meta":[],"categories":[72],"tags":[],"_links":{"self":[{"href":"https:\/\/sitechecker.pro\/de\/wp-json\/wp\/v2\/pages\/5313"}],"collection":[{"href":"https:\/\/sitechecker.pro\/de\/wp-json\/wp\/v2\/pages"}],"about":[{"href":"https:\/\/sitechecker.pro\/de\/wp-json\/wp\/v2\/types\/page"}],"author":[{"embeddable":true,"href":"https:\/\/sitechecker.pro\/de\/wp-json\/wp\/v2\/users\/10504980"}],"replies":[{"embeddable":true,"href":"https:\/\/sitechecker.pro\/de\/wp-json\/wp\/v2\/comments?post=5313"}],"version-history":[{"count":76,"href":"https:\/\/sitechecker.pro\/de\/wp-json\/wp\/v2\/pages\/5313\/revisions"}],"predecessor-version":[{"id":35765,"href":"https:\/\/sitechecker.pro\/de\/wp-json\/wp\/v2\/pages\/5313\/revisions\/35765"}],"wp:featuredmedia":[{"embeddable":true,"href":"https:\/\/sitechecker.pro\/de\/wp-json\/wp\/v2\/media\/5325"}],"wp:attachment":[{"href":"https:\/\/sitechecker.pro\/de\/wp-json\/wp\/v2\/media?parent=5313"}],"wp:term":[{"taxonomy":"category","embeddable":true,"href":"https:\/\/sitechecker.pro\/de\/wp-json\/wp\/v2\/categories?post=5313"},{"taxonomy":"post_tag","embeddable":true,"href":"https:\/\/sitechecker.pro\/de\/wp-json\/wp\/v2\/tags?post=5313"}],"curies":[{"name":"wp","href":"https:\/\/api.w.org\/{rel}","templated":true}]}}