{"id":5229,"date":"2019-02-05T11:44:32","date_gmt":"2019-02-05T11:44:32","guid":{"rendered":"https:\/\/sitechecker.pro\/?page_id=5229"},"modified":"2025-03-18T08:22:43","modified_gmt":"2025-03-18T08:22:43","slug":"what-is-cms","status":"publish","type":"page","link":"https:\/\/sitechecker.pro\/de\/what-is-cms\/","title":{"rendered":"CMS erkennen | Einfach CMS herausfinden"},"content":{"rendered":"<p><\/p>\n<h2 id=\"par1\">Was ist das CMS erkennen?<\/h2>\n<p>Der CMS-Detektor identifiziert die <a href=\"https:\/\/sitechecker.pro\/cms-functions-and-definition\/\" target=\"_blank\" rel=\"noopener noreferrer\">Content-Management-Systeme<\/a>, die eine Website verwendet. Sie k\u00f6nnen einfach die Domain der Site eingeben und das Tool erkennt das CMS. Es rationalisiert den Prozess, da Sie keine komplexen Anmeldungen oder Zahlungen ben\u00f6tigen.<\/p>\n<h3>Wie kann das Tool Ihre Website unterst\u00fctzen?<\/h3>\n<ul>\n<li><strong>Identifizierung des CMS der Website: <\/strong>Bestimmen Sie, welches Content-Management-System eine Website ausf\u00fchrt.<\/li>\n<li><strong>Scannt die Website auf h\u00e4ufige technische Probleme <\/strong>wie defekte Links, langsame Seitenladezeiten und doppelte Inhalte, die dann behoben werden k\u00f6nnen, um die Gesamtleistung der Website und das Benutzererlebnis zu verbessern.<\/li>\n<li><strong>Bieten Sie Einblicke in SEO-Aspekte<\/strong> wie Meta-Tags, Inhaltsqualit\u00e4t, Mobilfreundlichkeit und andere <a href=\"https:\/\/sitechecker.pro\/on-page-seo-checker\/\" rel=\"noopener noreferrer\" target=\"_blank\">On-Page<\/a>-Elemente, die sich auf das Suchranking auswirken und dabei helfen, SEO-Strategien zu priorisieren.<\/li>\n<\/ul>\n<h3>Hauptfunktionen von CMS Detector<\/h3>\n<p><strong>Einheitliches Dashboard: <\/strong>ein zentrales Dashboard, das alle technischen Auditinformationen anzeigt. Dieses Dashboard vereinfacht die \u00dcberwachung und Analyse und bietet eine umfassende Ansicht an einem Ort.<\/p>\n<p><strong>Benutzerfreundliche Oberfl\u00e4che: <\/strong>Das Tool ist so gestaltet, dass es intuitiv und einfach zu navigieren ist, sodass das Tool auch f\u00fcr Personen ohne fortgeschrittene technische Kenntnisse zug\u00e4nglich ist. Dies gew\u00e4hrleistet ein reibungsloses Benutzererlebnis.<\/p>\n<p><strong>Komplettes SEO-Toolset:<\/strong> Das Tool umfasst Funktionen oder Integrationen mit Suchmaschinen, die Einblicke und Empfehlungen f\u00fcr SEO bieten. Dies kann die Pr\u00fcfung auf SEO-Probleme, Verbesserungsvorschl\u00e4ge und die Verwendung anderer Analysetools umfassen, um einen ganzheitlichen \u00dcberblick \u00fcber den Suchmaschinenoptimierungsstatus der Website zu erhalten.<\/p>\n<h2 id=\"par2\">Wie verwende ich einen Website-CMS-Detektor?<\/h2>\n<h3>Schritt 1: Geben Sie Ihre Domain ein<\/h3>\n<p>Der Einstieg in die CMS-Erkennung ist einfach und schnell! Sie m\u00fcssen lediglich unten Ihre Domain eingeben und mit nur einem Klick auf die Schaltfl\u00e4che definieren Sie, was CMS auf dieser Website darstellt:<\/p>\n<div class=\"content__img-wrap\"><img src=\"https:\/\/sitechecker.pro\/wp-content\/uploads\/2023\/12\/cms-detector.png\" alt=\"CMS Detector\" class=\"description-img description-img-zoom\" loading=\"lazy\" ><\/div>\n<h3>Schritt 2: CMS-Erkennungsergebnisse<\/h3>\n<p>Greifen Sie auf die Erkenntnisse \u00fcber das in der Webressource verwendete CMS zu.<\/p>\n<div class=\"content__img-wrap\"><img src=\"https:\/\/sitechecker.pro\/wp-content\/uploads\/2023\/12\/cms-checker-results.png\" alt=\"CMS Checker-Ergebnisse\" class=\"description-img description-img-zoom\" loading=\"lazy\" ><\/div>\n<h2 id=\"par3\">Zus\u00e4tzliche Funktionen des CMS Lookup Tools<\/h2>\n<p>Wenn Sie auf die Schaltfl\u00e4che \u201e\u00dcberwachung starten\u201c klicken und Ihre kostenlose Testversion starten, erhalten Sie vollst\u00e4ndigen Zugriff auf die gesamte Suite an Tools f\u00fcr eine technische Inspektion Ihrer Website.<\/p>\n<p>Site Audit bietet einen \u00dcberblick \u00fcber den Zustand der Website mit Abschnitten f\u00fcr \u201eKritische Punkte\u201c, \u201eWarnungen\u201c und \u201eGelegenheiten\u201c sowie einen \u201eWebsite-Score\u201c. Eine detaillierte \u201eProblemliste\u201c gliedert den Website-Inhalt in bestimmte Bereiche wie \u201eLinks\u201c und \u201eInhaltsrelevanz\u201c und gibt die Website-Geschwindigkeit und die Anzahl der identifizierten Probleme an, um die Bem\u00fchungen zur Website-Optimierung zu leiten.<\/p>\n<div class=\"content__img-wrap\"><img src=\"https:\/\/sitechecker.pro\/wp-content\/uploads\/2023\/12\/cms-checker-additional-features.png\" alt=\"Zus\u00e4tzliche Funktionen von CMS Checker\" class=\"description-img description-img-zoom\" loading=\"lazy\" ><\/div>\n<h2 id=\"par4\">Schlussfolgerung<\/h2>\n<p>Der Free CMS Finder ist ein kostenloses Tool, das identifiziert, welches Content-Management-System auf einer Website vorhanden ist. Es bietet eine benutzerfreundliche Oberfl\u00e4che, ein einheitliches Dashboard f\u00fcr die Pr\u00fcfung, alle relevanten Informationen und einen vollst\u00e4ndigen Satz an SEO-Tools. Es hilft Websitebesitzern und SEO-Managern, das verwendete Content-Management-System genau zu erkennen, technische Probleme zu identifizieren und SEO-Strategien zu optimieren. Die Nutzung ist unkompliziert: Geben Sie eine Domain ein, um loszulegen und Zugriff auf Einblicke in das verwendete CMS-System zu erhalten. Die Site-Audit-Funktion bietet Gesundheits\u00fcbersichten und detaillierte Informationen mit Problemaufschl\u00fcsselungen, um die Site-Leistung zu verbessern.<\/p>\n<div id=\"par5\"><\/div>\n<p><div class=\"front__faq-block\"><div class=\"faq__block-title\">FAQ<\/div><div class=\"panel-group\" id=\"faq-accordion\" itemscope itemtype=\"https:\/\/schema.org\/FAQPage\" role=\"tablist\" aria-multiselectable=\"true\"><div class=\"panel\" itemscope itemtype=\"https:\/\/schema.org\/Question\" itemprop=\"mainEntity\">\n                            <div class=\"panel-heading\" id=\"headingFaq-1\">\n                                <div class=\"panel-title\" data-toggle=\"collapse\" aria-expanded=\"false\" href=\"#collapseFaq-1\">\n                                    <h3 itemprop=\"name\">Kann der CMS-Analyzer alle g\u00e4ngigen CMS-Typen identifizieren?<\/h3>\n                                <\/div>\n                            <\/div>\n                            <div id=\"collapseFaq-1\" class=\"panel-collapse collapse\" itemprop=\"acceptedAnswer\" itemscope itemtype=\"http:\/\/schema.org\/Answer\">\n                                <div class=\"panel-body\" itemprop=\"text\">Das Tool ist f\u00fcr die CMS-Erkennung konzipiert und funktioniert mit einer Vielzahl g\u00e4ngiger Content-Management-Systeme. Es deckt die beliebtesten CMS ab (WordPress, Drupal, Jumla, Shopify usw.). Dennoch kann es sein, dass eine bestimmte Website einige weniger bekannte oder benutzerdefinierte CMS verwendet, die sie nicht erkennen kann.<\/div>\n                            <\/div>\n                        <\/div><div class=\"panel\" itemscope itemtype=\"https:\/\/schema.org\/Question\" itemprop=\"mainEntity\">\n                            <div class=\"panel-heading\" id=\"headingFaq-2\">\n                                <div class=\"panel-title\" data-toggle=\"collapse\" aria-expanded=\"false\" href=\"#collapseFaq-2\">\n                                    <h3 itemprop=\"name\">Gibt es eine Begrenzung f\u00fcr die Anzahl der Webseiten von Websites oder Websites, die ich mit dem CMS Detector \u00fcberpr\u00fcfen kann?<\/h3>\n                                <\/div>\n                            <\/div>\n                            <div id=\"collapseFaq-2\" class=\"panel-collapse collapse\" itemprop=\"acceptedAnswer\" itemscope itemtype=\"http:\/\/schema.org\/Answer\">\n                                <div class=\"panel-body\" itemprop=\"text\">F\u00fcr das Tool gelten m\u00f6glicherweise Nutzungsbeschr\u00e4nkungen, insbesondere f\u00fcr kostenlose Testversionen. F\u00fcr den uneingeschr\u00e4nkten Zugriff ist m\u00f6glicherweise ein Abonnement erforderlich.<\/div>\n                            <\/div>\n                        <\/div><div class=\"panel\" itemscope itemtype=\"https:\/\/schema.org\/Question\" itemprop=\"mainEntity\">\n                            <div class=\"panel-heading\" id=\"headingFaq-3\">\n                                <div class=\"panel-title\" data-toggle=\"collapse\" aria-expanded=\"false\" href=\"#collapseFaq-3\">\n                                    <h3 itemprop=\"name\">Sind die vom CMS Detector Tool bereitgestellten SEO-Erkenntnisse umsetzbar?<\/h3>\n                                <\/div>\n                            <\/div>\n                            <div id=\"collapseFaq-3\" class=\"panel-collapse collapse\" itemprop=\"acceptedAnswer\" itemscope itemtype=\"http:\/\/schema.org\/Answer\">\n                                <div class=\"panel-body\" itemprop=\"text\">Ja, die SEO-Erkenntnisse sollen umsetzbar sein und klare Empfehlungen zur Verbesserung der Suchmaschinenoptimierung Ihrer Website enthalten.<\/div>\n                            <\/div>\n                        <\/div><\/div><\/div><\/p>","protected":false},"excerpt":{"rendered":"Was ist das CMS erkennen? Der CMS-Detektor identifiziert die Content-Management-Systeme, die eine Website verwendet. Sie k\u00f6nnen einfach die Domain der Site eingeben und das Tool erkennt das CMS. Es rationalisiert den Prozess, da Sie keine komplexen Anmeldungen oder Zahlungen ben\u00f6tigen. Wie kann das Tool Ihre Website unterst\u00fctzen? Identifizierung des CMS der Website: Bestimmen Sie, welches&#8230;","protected":false},"author":10409641,"featured_media":5438,"parent":0,"menu_order":0,"comment_status":"closed","ping_status":"closed","template":"pages-templates\/pages-minitools.php","meta":[],"categories":[73],"tags":[],"_links":{"self":[{"href":"https:\/\/sitechecker.pro\/de\/wp-json\/wp\/v2\/pages\/5229"}],"collection":[{"href":"https:\/\/sitechecker.pro\/de\/wp-json\/wp\/v2\/pages"}],"about":[{"href":"https:\/\/sitechecker.pro\/de\/wp-json\/wp\/v2\/types\/page"}],"author":[{"embeddable":true,"href":"https:\/\/sitechecker.pro\/de\/wp-json\/wp\/v2\/users\/10409641"}],"replies":[{"embeddable":true,"href":"https:\/\/sitechecker.pro\/de\/wp-json\/wp\/v2\/comments?post=5229"}],"version-history":[{"count":87,"href":"https:\/\/sitechecker.pro\/de\/wp-json\/wp\/v2\/pages\/5229\/revisions"}],"predecessor-version":[{"id":36025,"href":"https:\/\/sitechecker.pro\/de\/wp-json\/wp\/v2\/pages\/5229\/revisions\/36025"}],"wp:featuredmedia":[{"embeddable":true,"href":"https:\/\/sitechecker.pro\/de\/wp-json\/wp\/v2\/media\/5438"}],"wp:attachment":[{"href":"https:\/\/sitechecker.pro\/de\/wp-json\/wp\/v2\/media?parent=5229"}],"wp:term":[{"taxonomy":"category","embeddable":true,"href":"https:\/\/sitechecker.pro\/de\/wp-json\/wp\/v2\/categories?post=5229"},{"taxonomy":"post_tag","embeddable":true,"href":"https:\/\/sitechecker.pro\/de\/wp-json\/wp\/v2\/tags?post=5229"}],"curies":[{"name":"wp","href":"https:\/\/api.w.org\/{rel}","templated":true}]}}