{"id":4179,"date":"2020-07-21T09:42:03","date_gmt":"2020-07-21T07:42:03","guid":{"rendered":"https:\/\/sitechecker.pro\/?page_id=4179"},"modified":"2025-03-20T09:17:08","modified_gmt":"2025-03-20T09:17:08","slug":"google-cache","status":"publish","type":"page","link":"https:\/\/sitechecker.pro\/de\/google-cache\/","title":{"rendered":"Google Cache Checker: Online-Tool zum \u00dcberpr\u00fcfen von im Cache gespeicherten Seiten der Website \u1408"},"content":{"rendered":"<p>Beim \u00dcberarbeiten, Verbessern oder Erstellen einer SEO-Strategie ist es wichtig, den <b>Google-Cache<\/b> zu ber\u00fccksichtigen. Die Gr\u00fcnde daf\u00fcr sind jedoch m\u00f6glicherweise nicht ganz klar. Wie genau kann Google Cache die SEO der Website beeinflussen? Wie funktioniert das Caching f\u00fcr die Website? M\u00fcssen wir den Website-Cache regelm\u00e4\u00dfig \u00fcberpr\u00fcfen oder sollten wir uns nur auf Suchmaschinenalgorithmen verlassen?<\/p>\n<p>Um all diese Fragen zu beantworten, lassen Sie uns zun\u00e4chst die Bedeutung des Google-Cache kl\u00e4ren.<\/p>\n<p>Der Google-Cache ist ein <b>Schnappschuss einer Webseite <\/b> , der auf den Servern gesichert wird. Die Informationen werden gespeichert, wenn Suchmaschinen eine Website zur Indizierung besuchen. Diese Snapshots fungieren als Backups, die verwendet werden, um Anfragen von Internetnutzern abzugleichen. F\u00fcr Suchmaschinen ist es einfacher, auf zwischengespeicherte Kopien zuzugreifen als Websites.<\/p>\n<p><a href=\"https:\/\/sitechecker.pro\/website-crawler\/\">Webcrawler<\/a> werden verwendet, um <b>Webarchivierung<\/b> durchzuf\u00fchren. Wenn ein Crawler Ihre Website besucht, findet er sie \u00fcber Hyperlinks. Als n\u00e4chstes kopiert der Crawler den Inhalt. Wenn Sie im Internet nach einem Schl\u00fcsselwort suchen, erhalten Sie Links, die Sie zur Originalversion der Website f\u00fchren k\u00f6nnen.<br \/>\n<div class=\"content__img-wrap\"><img src=\"https:\/\/sitechecker.pro\/wp-content\/uploads\/2022\/01\/Google-Cache-Checker-1.jpg\" alt=\"Snapshot-Ergebnis von Google-Webarchivdateien\" class=\"description-img description-img-zoom\" loading=\"lazy\" ><\/div><\/p>\n<p>Grunds\u00e4tzlich werden alle gecachten Seiten <b> innerhalb von Indexern indexiert und klassifiziert<\/b>. Die Indizierung erfolgt jedoch nicht automatisch, wenn die Webseite oder Website gestartet wird oder f\u00fcr Benutzer verf\u00fcgbar wird. Der Vorgang dauert einige Zeit. Ein Zuschauer kann \u00e4ltere Informationen erhalten. Daher m\u00fcssen Sie die Indizierung beschleunigen, damit auf die neuen Inhalte im Internet problemlos zugegriffen werden kann.<\/p>\n<p>Auch wenn die Webseite schon eine Weile online ist und Sie gerade einige Informationen ge\u00e4ndert haben, muss sie dennoch neu indiziert werden. Somit wird eine neue Kopie erstellt. Die Suchergebnisse zeigen aktuelle Informationen an. Wenn Sie eine URL aus dem Webcache von Google entfernen m\u00fcssen, verwenden Sie die Google Search Console. Indem Sie <a href=\"https:\/\/support.google.com\/webmasters\/answer\/9689846?hl=en\">den Anweisungen folgen<\/a>, k\u00f6nnen Sie eine Anfrage stellen.<\/p>\n<h2 id=\"ik_Guide\">Nutzung des Google Cache Checker: Eine Schritt-f\u00fcr-Schritt-Anleitung<\/h2>\n<p><b>Google Cache Checker<\/b> ist ein effektives Tool, mit dem Sie feststellen k\u00f6nnen, wann und an welchem \u200b\u200bDatum die Seite zuletzt ge\u00e4ndert und im Cache gespeichert wurde. Solche \u00dcberpr\u00fcfungstools m\u00fcssen einfach zu bedienen sein, da sie f\u00fcr verschiedene Unternehmen verwendet werden k\u00f6nnen.<\/p>\n<h3>Schritt 1: Geben Sie Ihre URL ein<\/h3>\n<p>Beginnen Sie mit der Eingabe der URL der Seite, die Sie interessiert. Sie k\u00f6nnen eine Seite pro Anfrage \u00fcberpr\u00fcfen. Wir haben die Domain <a href=\"https:\/\/sitechecker.pro\/\">https:\/\/sitechecker.pro\/<\/a> als Beispiel gew\u00e4hlt, um Ihnen zu zeigen, wie es funktioniert:<\/p>\n<div class=\"content__img-wrap\"><img src=\"https:\/\/sitechecker.pro\/wp-content\/uploads\/2022\/01\/Google-Cache-Checker-2.jpg\" alt=\"Site-URL eingeben, um den Engine-Cache Ihrer Website zu \u00fcberpr\u00fcfen\" class=\"description-img description-img-zoom\" loading=\"lazy\" ><\/div>\n<h3>Schritt 2: Interpretieren der Ergebnisse des Google Cache Checker<\/h3>\n<p>Sobald die Analyse abgeschlossen ist, erhalten Sie alle grundlegenden Informationen \u00fcber die im Google Cache gespeicherte Webseite. Zu diesen Informationen geh\u00f6ren die URL der zwischengespeicherten Seite, ihr <b> Status<\/b> und die<b> Uhrzeit und das Datum der \u00c4nderung. <\/b><\/p>\n<div class=\"content__img-wrap\"><img src=\"https:\/\/sitechecker.pro\/wp-content\/uploads\/2022\/01\/Google-Cache-Checker-3.jpg\" alt=\"Sie erhalten das Ergebnis mit dem Status der Seiten-URL, der Zeit und das Datum der letzten indizierten \u00c4nderungen\" class=\"description-img description-img-zoom\" loading=\"lazy\" ><\/div>\n<h2 id=\"ik_Cases\">F\u00e4lle, in denen das Google Cache Checker Tool ben\u00f6tigt wird<\/h2>\n<p><b>Website-Cache<\/b> hilft Ihrer Website, schneller zu laden. Besucher sehen alle Informationen direkt, wenn sie auf einen Link klicken.<br \/>\n<div class=\"content__img-wrap\"><img src=\"https:\/\/sitechecker.pro\/wp-content\/uploads\/2022\/01\/Google-Cache-Checker-4.jpg\" alt=\"Alternative M\u00f6glichkeit zu pr\u00fcfen, ob die Seite kassiert ist\" class=\"description-img description-img-zoom\" loading=\"lazy\" ><\/div><\/p>\n<p>Was bedeutet zwischengespeichert in der Google-Suche? Das bedeutet, dass der Google-Bot Ihre Seite gecrawlt und alle erforderlichen Informationen gefunden hat, die sich auf das Ranking auswirken k\u00f6nnten.<\/p>\n<p>Aktuelle Versionen von Websites k\u00f6nnen jedoch aus vielen Gr\u00fcnden nicht verf\u00fcgbar sein. Somit wird das Caching \u00e4lterer Versionen sinnvoll. Somit wird das Caching \u00e4lterer Versionen sinnvoll. Zum Beispiel:<\/p>\n<ol>\n<li>Der Eigent\u00fcmer l\u00f6scht eine Website. Stellen Sie sich vor, Sie m\u00fcssen den Inhalt einer Website \u00fcberpr\u00fcfen, diese wurde jedoch k\u00fcrzlich gel\u00f6scht. Seine gespeicherte Kopie befindet sich auf einem Server mit einer HTTPS-URL und kann Ihnen schnell zur Verf\u00fcgung gestellt werden.<\/li>\n<li>\u00dcberlastung des Internetverkehrs. Daher wird eine Sicherung der Datenpakete angefordert, um die Prozesse zu beschleunigen.<\/li>\n<li>Wenn Sie sehen m\u00f6chten, wann ein Crawler-Finder die Website zuletzt besucht hat. Es ist leicht zu erkennen, wann Google-Bots Ihre Website zum letzten Mal gecrawlt haben. Die genaue Uhrzeit und das Datum werden oben auf der Seite angezeigt.<\/li>\n<li>Das Laden der Website ist langsam. Wenn Sie die Zeit zwischen der Anfrage des Benutzers und dem Server verk\u00fcrzen, verk\u00fcrzen Sie damit die Zeit, die zum Laden der Website-Seite ben\u00f6tigt wird. Die Geschwindigkeit der Website steigt also. Um dies zu \u00fcberpr\u00fcfen, verwenden Sie das Tool <a href=\"https:\/\/sitechecker.pro\/speed-test\/\">Website-Geschwindigkeitstest<\/a>.<\/li>\n<li>Wenn Sie auf geoblockte Inhalte zugreifen m\u00f6chten.<\/li>\n<\/ol>\n<p>Das <b> Google Cache Checker<\/b>-Tool hilft, alle negativen Folgen zu vermeiden, da Sie immer wissen, ob Ihre Webseite online verf\u00fcgbar ist.<br \/>\n    <div class=\"blog__conversion blog__conversion-app element__logged_out\">\n        <div class=\"blog__conversion-inner\">\n            <p class=\"title\">Das \u00dcberpr\u00fcfen des Google Cache ist wichtig, aber nicht genug, um gut genug zu ranken!<\/p>\n            <p class=\"description\">Jetzt kennen Sie Ihre Domain-IP weiter - crawlen Sie Ihre Website und finden Sie alle m\u00f6glichen Probleme heraus, die Ihre Benutzer oder die SEO Ihrer Website beeintr\u00e4chtigen k\u00f6nnen.<\/p>\n            <form id=\"audit__form\"\n                  class=\"article__seo-search audit__form Jetzt kennen Sie Ihre Domain-IP weiter - crawlen Sie Ihre Website und finden Sie alle m\u00f6glichen Probleme heraus, die Ihre Benutzer oder die SEO Ihrer Website beeintr\u00e4chtigen k\u00f6nnen.\"\n                  action=\"\"\n                  method=\"POST\"\n                  autocomplete=\"off\">\n                <span class=\"error\"><\/span>\n                <div class=\"error__limits\">Something went wrong. Please, try again later.<\/div>\n                <input name=\"url\"\n                       type=\"text\"\n                       placeholder=\"Geben Sie hier Ihre Domain ein\">\n                                <button type=\"submit\"\n                        class=\"sitechecker__text\">\n                    <span>Audit starten<\/span>\n                    <img src=\"\/wp-content\/themes\/sitechecker\/out\/img_design\/loading.svg\"\n                         width=\"31\"\n                         height=\"30\"\n                         class=\"loading\">\n                <\/button>\n            <\/form>\n        <\/div>\n    <\/div>\n    <\/p>\n<h2>Andere M\u00f6glichkeiten zum Anzeigen des Google-Cache<\/h2>\n<p>Es gibt noch einige weitere M\u00f6glichkeiten, <b>im Cache gespeicherte Webseiten<\/b> anzuzeigen. Diese Wege sind einfach und leicht zu bewerkstelligen.<\/p>\n<h3>1. Chrome-Adressleiste<\/h3>\n<p>Es ist einfach das, was Sie in eine Suchzeile eingeben. Wenn Sie die Chrome-Adressleiste verwenden, sollten Sie:<\/p>\n<ol>\n<li>Chrome-Browser \u00f6ffnen.<\/li>\n<li>Geben Sie &#8220;cache&#8221; in die Adressleiste ein, geben Sie &#8220;cache&#8221; gefolgt von Ihrer Zielwebadresse ein.<\/li>\n<li>Die Ergebnisse \u00e4hneln den Google-Suchergebnissen.<\/li>\n<\/ol>\n<div class=\"content__img-wrap\"><img src=\"https:\/\/sitechecker.pro\/wp-content\/uploads\/2022\/01\/Google-Cache-Checker-5.jpg\" alt=\"So \u00fcberpr\u00fcfen Sie das Archiv in Google Chrome\" class=\"description-img description-img-zoom\" loading=\"lazy\" ><\/div>\n<h3>2. Webarchiv<\/h3>\n<p>Es gibt eine weitere M\u00f6glichkeit, den Cache f\u00fcr Yandex, Bing oder die <a href=\"https:\/\/sitechecker.pro\/search-engines\/\">alternativen Google-Suchmaschinen<\/a> zu suchen. Abgesehen von der Hilfe von Google k\u00f6nnen Sie auch sehen, wie Webseiten in einem bestimmten Zeitraum ausgesehen haben. Web Archive ist eine gemeinn\u00fctzige Organisation, die gespeicherte Kopien von Websites, verschiedene Bilder, Videos usw. sammelt. Das Hauptziel ist die <b>Langzeitarchivierung<\/b>, die f\u00fcr alle Internetnutzer kostenlos zug\u00e4nglich ist. Es speichert alle alten Kopien der Websites. Auch wenn das <a href=\"https:\/\/sitechecker.pro\/domain-age\/\">Domainalter<\/a> mehr als 20 Jahre betr\u00e4gt. F\u00fcr die Verwendung sollten Sie:<\/p>\n<ol>\n<li>\u00d6ffnen Sie <a href=\"https:\/\/archive.org\/\">Webarchiv<\/a> mit einem Browser.<\/li>\n<li>Geben Sie die Webadresse ein, auf die Sie zugreifen m\u00f6chten, und klicken Sie auf \u201eLos\u201c.<\/li>\n<li>In einem Kalender sehen Sie mehrere gespeicherte Versionen der Webseite.<\/li>\n<li>Suchen Sie nach der relevantesten Option.<\/li>\n<li>Wenn die Seite keinen archivierten Verlauf hat, teilt Ihnen die Wayback-Maschine mit, dass sie nicht existiert.<\/li>\n<\/ol>\n<h3>3. Google Cache-Pr\u00fcfer<\/h3>\n<p>Der <b>Cache-Checker<\/b> ist ein spezielles Tool, das verwendet wird, um herauszufinden, ob Google Ihre Website indexiert. Es hilft zu verstehen, wann Suchbots Ihre Website zum letzten Mal besucht haben. Aufgrund der erhaltenen Informationen k\u00f6nnen SEO-Spezialisten und Website-Master feststellen, wie schnell Web- und mobile Seiten indexiert werden, ob die Website mehr <a href=\"https:\/\/sitechecker.pro\/backlinks\/\">Backlinks<\/a> ben\u00f6tigt, und was zu tun ist, um den Prozess zu beschleunigen.<\/p>\n<p><div class=\"front__faq-block\"><div class=\"faq__block-title\">FAQ<\/div><div class=\"panel-group\" id=\"faq-accordion\" itemscope itemtype=\"https:\/\/schema.org\/FAQPage\" role=\"tablist\" aria-multiselectable=\"true\"><div class=\"panel\" itemscope itemtype=\"https:\/\/schema.org\/Question\" itemprop=\"mainEntity\">\n                            <div class=\"panel-heading\" id=\"headingFaq-1\">\n                                <div class=\"panel-title\" data-toggle=\"collapse\" aria-expanded=\"false\" href=\"#collapseFaq-1\">\n                                    <h3 itemprop=\"name\">Was ist Google Cache?<\/h3>\n                                <\/div>\n                            <\/div>\n                            <div id=\"collapseFaq-1\" class=\"panel-collapse collapse\" itemprop=\"acceptedAnswer\" itemscope itemtype=\"http:\/\/schema.org\/Answer\">\n                                <div class=\"panel-body\" itemprop=\"text\">Google Cache ist ein Online-Speicherplatz, in dem alle Informationen \u00fcber Ihre Website gespeichert werden. Diese Informationen enthalten eine Momentaufnahme von rohem HTML, das der Browser rendert, um diese Informationen dem Benutzer zu zeigen.<\/div>\n                            <\/div>\n                        <\/div><div class=\"panel\" itemscope itemtype=\"https:\/\/schema.org\/Question\" itemprop=\"mainEntity\">\n                            <div class=\"panel-heading\" id=\"headingFaq-2\">\n                                <div class=\"panel-title\" data-toggle=\"collapse\" aria-expanded=\"false\" href=\"#collapseFaq-2\">\n                                    <h3 itemprop=\"name\">Wozu dient das Caching?<\/h3>\n                                <\/div>\n                            <\/div>\n                            <div id=\"collapseFaq-2\" class=\"panel-collapse collapse\" itemprop=\"acceptedAnswer\" itemscope itemtype=\"http:\/\/schema.org\/Answer\">\n                                <div class=\"panel-body\" itemprop=\"text\">Caching erstellt eine Kopie aller Informationen auf einer Website oder Webseite. Dies bedeutet, dass der Benutzer immer noch auf eine Archivseite zugreifen kann, wenn die Website oder Seite nicht verf\u00fcgbar ist oder fehlt.<\/div>\n                            <\/div>\n                        <\/div><div class=\"panel\" itemscope itemtype=\"https:\/\/schema.org\/Question\" itemprop=\"mainEntity\">\n                            <div class=\"panel-heading\" id=\"headingFaq-3\">\n                                <div class=\"panel-title\" data-toggle=\"collapse\" aria-expanded=\"false\" href=\"#collapseFaq-3\">\n                                    <h3 itemprop=\"name\">Warum pr\u00fcft Google manche Seiten h\u00e4ufiger?<\/h3>\n                                <\/div>\n                            <\/div>\n                            <div id=\"collapseFaq-3\" class=\"panel-collapse collapse\" itemprop=\"acceptedAnswer\" itemscope itemtype=\"http:\/\/schema.org\/Answer\">\n                                <div class=\"panel-body\" itemprop=\"text\">Einige Websites und Seiten werden h\u00e4ufiger \u00fcberpr\u00fcft, weil Website-Eigent\u00fcmer ihre URLs manuell bei Google recachen lassen.<\/div>\n                            <\/div>\n                        <\/div><div class=\"panel\" itemscope itemtype=\"https:\/\/schema.org\/Question\" itemprop=\"mainEntity\">\n                            <div class=\"panel-heading\" id=\"headingFaq-4\">\n                                <div class=\"panel-title\" data-toggle=\"collapse\" aria-expanded=\"false\" href=\"#collapseFaq-4\">\n                                    <h3 itemprop=\"name\">Wie erweitere ich den Cache im Google Chrome-Browser?<\/h3>\n                                <\/div>\n                            <\/div>\n                            <div id=\"collapseFaq-4\" class=\"panel-collapse collapse\" itemprop=\"acceptedAnswer\" itemscope itemtype=\"http:\/\/schema.org\/Answer\">\n                                <div class=\"panel-body\" itemprop=\"text\">Der schnellste Weg, die Cache-Gr\u00f6\u00dfe zu erweitern, besteht darin, <b>die aktuelle CPU<\/b> durch eine CPU mit h\u00f6herer Kapazit\u00e4t zu ersetzen.<\/div>\n                            <\/div>\n                        <\/div><\/div><\/div><\/p>","protected":false},"excerpt":{"rendered":"Beim \u00dcberarbeiten, Verbessern oder Erstellen einer SEO-Strategie ist es wichtig, den Google-Cache zu ber\u00fccksichtigen. Die Gr\u00fcnde daf\u00fcr sind jedoch m\u00f6glicherweise nicht ganz klar. Wie genau kann Google Cache die SEO der Website beeinflussen? Wie funktioniert das Caching f\u00fcr die Website? M\u00fcssen wir den Website-Cache regelm\u00e4\u00dfig \u00fcberpr\u00fcfen oder sollten wir uns nur auf Suchmaschinenalgorithmen verlassen? Um&#8230;","protected":false},"author":10409641,"featured_media":4227,"parent":0,"menu_order":0,"comment_status":"closed","ping_status":"closed","template":"pages-templates\/pages-minitools.php","meta":[],"categories":[73],"tags":[],"_links":{"self":[{"href":"https:\/\/sitechecker.pro\/de\/wp-json\/wp\/v2\/pages\/4179"}],"collection":[{"href":"https:\/\/sitechecker.pro\/de\/wp-json\/wp\/v2\/pages"}],"about":[{"href":"https:\/\/sitechecker.pro\/de\/wp-json\/wp\/v2\/types\/page"}],"author":[{"embeddable":true,"href":"https:\/\/sitechecker.pro\/de\/wp-json\/wp\/v2\/users\/10409641"}],"replies":[{"embeddable":true,"href":"https:\/\/sitechecker.pro\/de\/wp-json\/wp\/v2\/comments?post=4179"}],"version-history":[{"count":53,"href":"https:\/\/sitechecker.pro\/de\/wp-json\/wp\/v2\/pages\/4179\/revisions"}],"predecessor-version":[{"id":36074,"href":"https:\/\/sitechecker.pro\/de\/wp-json\/wp\/v2\/pages\/4179\/revisions\/36074"}],"wp:featuredmedia":[{"embeddable":true,"href":"https:\/\/sitechecker.pro\/de\/wp-json\/wp\/v2\/media\/4227"}],"wp:attachment":[{"href":"https:\/\/sitechecker.pro\/de\/wp-json\/wp\/v2\/media?parent=4179"}],"wp:term":[{"taxonomy":"category","embeddable":true,"href":"https:\/\/sitechecker.pro\/de\/wp-json\/wp\/v2\/categories?post=4179"},{"taxonomy":"post_tag","embeddable":true,"href":"https:\/\/sitechecker.pro\/de\/wp-json\/wp\/v2\/tags?post=4179"}],"curies":[{"name":"wp","href":"https:\/\/api.w.org\/{rel}","templated":true}]}}