{"id":3560,"date":"2018-07-20T10:45:11","date_gmt":"2018-07-20T10:45:11","guid":{"rendered":"https:\/\/sitechecker.pro\/?page_id=3560"},"modified":"2026-02-19T15:15:47","modified_gmt":"2026-02-19T15:15:47","slug":"duplicate-content","status":"publish","type":"page","link":"https:\/\/sitechecker.pro\/de\/duplicate-content\/","title":{"rendered":"Tool zur \u00dcberpr\u00fcfung doppelter Inhalte: Einfache M\u00f6glichkeit, doppelte Inhalte zu erkennen"},"content":{"rendered":"<p><\/p>\n<h2 id=\"par1\">Was ist ein Duplicate Content Tool?<\/h2>\n<p>Der Website Duplicate Checker von <a href=\"https:\/\/sitechecker.pro\/\" target=\"_blank\" rel=\"noopener noreferrer\">Sitechecker<\/a> ist ein kostenloses Tool, das <a href=\"https:\/ \/sitechecker.pro\/what-is-duplicate-content-in-seo\/\" target=\"_blank\" rel=\"noopener noreferrer\">doppelter Inhalt<\/a> auf Websites. Es durchsucht Ihre Website, findet doppelte Probleme in Titeln, \u00dcberschriften und Beschreibungen und erstellt einen detaillierten Pr\u00fcfbericht. Damit k\u00f6nnen Sie doppelte Probleme kategorisieren und L\u00f6sungen erhalten, z. B. mithilfe kanonischer URLs, um diese Probleme zu beheben.<\/p>\n<h3>Wie kann Ihnen das Tool helfen?<\/h3>\n<ul>\n<li><strong>Duplikate Inhalte finden:<\/strong>Das Tool scannt Webseiten effektiv, um alle geklonten Daten zu identifizieren (z. B. wiederholte Titel, \u00dcberschriften und Meta-Beschreibungen). Dies ist entscheidend f\u00fcr die Aufrechterhaltung der Einzigartigkeit und Qualit\u00e4t der Daten der Website.<\/li>\n<li><strong>Erkennen Sie verschiedene Inhaltsprobleme auf Websites: <\/strong>\u00dcber identische Daten hinaus erkennt es auch eine Reihe anderer Inhaltsprobleme wie fehlende Alt-Attribute oder schlechte Text-zu-HTML-Verh\u00e4ltnisse und tr\u00e4gt so zur allgemeinen Datenoptimierung und -qualit\u00e4t bei Verbesserung.<\/li>\n<li><strong>Bewerten Sie allgemeine SEO-Parameter:<\/strong>Das Tool bewertet umfassend wichtige SEO-Parameter wie Website-Geschwindigkeit, mobile Reaktionsf\u00e4higkeit und Meta-Tag-Genauigkeit. Sie erhalten einen ganzheitlichen \u00dcberblick \u00fcber den SEO-Zustand der Website und umsetzbare Erkenntnisse zur Verbesserung.<\/li>\n<\/ul>\n<h3>Allgemeine Funktionen des internen Duplicate Content Checkers<\/h3>\n<ul>\n<li><strong>Einheitliches Dashboard: <\/strong>Das Tool bietet ein zentrales Dashboard, das alle Ergebnisse und Berichte zusammenfasst und es Benutzern so erleichtert, auf Daten auf ihrer Website zuzugreifen und diese zu interpretieren.<\/li>\n<li><strong>Benutzerfreundliche Oberfl\u00e4che: <\/strong>Das Tool wurde im Hinblick auf Benutzerfreundlichkeit entwickelt und bietet eine intuitive Benutzeroberfl\u00e4che, die den Scanvorgang vereinfacht und ihn auch f\u00fcr Personen mit begrenzten technischen SEO-Kenntnissen zug\u00e4nglich macht.<\/li>\n<li><strong>Komplettes SEO-Toolset: <\/strong>Das Tool identifiziert nicht nur identische Daten, sondern ist auch Teil eines umfassenderen SEO-Toolkits von Sitechecker, das verschiedene Funktionen zur Optimierung der Website-Leistung in Suchmaschinen umfasst und ein breites Spektrum an Funktionen umfasst SEO-Aspekte.<\/li>\n<\/ul>\n<h2 id=\"par2\">Wie verwende ich SEO Duplicate Content Finder?<\/h2>\n<p>Google und andere Suchmaschinen betrachten eindeutige Daten als den wichtigsten Rankingfaktor. Die Verwendung eines Seiten-Duplikate-Content-Checkers zur Identifizierung interner Duplikate f\u00fcr eine gesamte Website ist einfach.<\/p>\n<h3>Schritt 1: Geben Sie Ihre URL ein<\/h3>\n<p>F\u00fcgen Sie einfach Ihre Domain hinzu und klicken Sie auf die Schaltfl\u00e4che.<\/p>\n<div class=\"content__img-wrap\"><img src=\"https:\/\/sitechecker.pro\/wp-content\/uploads\/2023\/12\/duplicate-content-checker.png\" alt=\"Duplicate Content Checker\" class=\"description-img description-img-zoom\" loading=\"lazy\" ><\/div>\n<div class=\"important-block\">Um Ergebnisse zu erhalten und 14 Tage lang Zugriff auf die Sitechecker-Funktionen zu erhalten, starten Sie Ihre KOSTENLOSE Testversion. Die Anmeldung ist ganz einfach mit Ihrem E-Mail-, Google- oder Facebook-Konto. Es ist keine Kreditkarte erforderlich.<\/div>\n<h3>Schritt 2: Erhalten Sie das Ergebnis<\/h3>\n<p>Wir crawlen Ihre Website und finden Probleme mit doppeltem Inhalt: doppelte Seiten ohne Canonical-, Titel-, H1- und Beschreibungsduplikate. All diese Probleme werden Sie in der Kategorie \u201eDuplicate Content\u201c in den Audit-Ergebnissen vor Ort sehen.<\/p>\n<p>Ein eigener Abschnitt hebt Probleme im Zusammenhang mit identischen Daten hervor und listet spezifische Probleme wie Titelduplikate, identische \u00dcberschriften und Tags auf mehreren Seiten auf.<\/p>\n<div class=\"content__img-wrap\"><img src=\"https:\/\/sitechecker.pro\/wp-content\/uploads\/2023\/12\/duplicate-content-issues.png\" alt=\"Probleme mit doppeltem Inhalt\" class=\"description-img description-img-zoom\" loading=\"lazy\" ><\/div>\n<p>Benutzer k\u00f6nnen bequem Details zu jedem Problem anzeigen, was auf eine interaktive und benutzerfreundliche Oberfl\u00e4che hinweist. Dies ist Teil eines vollst\u00e4ndigen SEO-Toolkits, das darauf ausgelegt ist, Verbesserungen f\u00fcr die Website-Optimierung zu diagnostizieren und anzuleiten.<\/p>\n<p>Der Duplicate Content Tester bietet eine dynamische Schnittstelle zur Identifizierung und L\u00f6sung von SEO-Problemen. Es hebt kritische Bereiche wie identische \u00dcberschriften auf den Seiten einer Website hervor und bietet umsetzbare L\u00f6sungen. Mit Funktionen wie \u201eProblem im Code anzeigen\u201c navigiert das Tool Benutzer direkt zu den betreffenden Elementen im Code ihrer Website.<\/p>\n<div class=\"content__img-wrap\"><img src=\"https:\/\/sitechecker.pro\/wp-content\/uploads\/2023\/12\/page-has-identical-headings.png\" alt=\"Seite hat identische \u00dcberschriften\" class=\"description-img description-img-zoom\" loading=\"lazy\" ><\/div>\n<p>Dar\u00fcber hinaus bietet der \u201eHow-to-Fix-Leitfaden\u201c eine umfassende Ressource, einschlie\u00dflich detaillierter Anweisungen und visueller Hilfsmittel. Es unterst\u00fctzt Benutzer bei der Behebung der identifizierten Probleme mit den auf Ihrer Webseite vorhandenen Inhalten und verbessert so die allgemeine SEO-Gesundheit der Website.<\/p>\n<h2 id=\"par3\">Zus\u00e4tzliche Funktionen von Duplicate Content Identifier<\/h2>\n<p>Wenn Sie die Registerkarte \u201eSite-Audit\u201c erneut aufrufen, erhalten Sie einen Gesamt\u00fcberblick \u00fcber die Gesundheitsindikatoren Ihrer Website und k\u00f6nnen alle auf einer Webseite vorhandenen technischen Probleme lokalisieren.<\/p>\n<div class=\"content__img-wrap\"><img src=\"https:\/\/sitechecker.pro\/wp-content\/uploads\/2023\/12\/site-audit-issues-list.png\" alt=\"Liste der Site-Audit-Probleme\" class=\"description-img description-img-zoom\" loading=\"lazy\" ><\/div>\n<p>Das Duplicate Content Tool bietet eine umfassende SEO-Bewertung, die Probleme \u00fcber die Duplizierung hinaus aufzeigt und auch die Datenrelevanz ber\u00fccksichtigt. Es erkennt auf intelligente Weise eine Reihe potenzieller Verbesserungen, von fehlenden Alt-Attributen bis hin zu suboptimalen \u00dcberschriftenstrukturen, die jeweils \u00fcber die Schnittstelle quantifiziert und umsetzbar sind.<\/p>\n<div class=\"content__img-wrap\"><img src=\"https:\/\/sitechecker.pro\/wp-content\/uploads\/2023\/12\/content-relevance-issues.png\" alt=\"Probleme mit der Relevanz von Inhalten\" class=\"description-img description-img-zoom\" loading=\"lazy\" ><\/div>\n<p>Google Duplicate Content Detector unterstreicht die Bedeutung der Feinabstimmung aller Aspekte des Inhalts, um sie an die Suchabsicht anzupassen und so direkt zur SEO-Leistung der Website beizutragen.<\/p>\n<h2 id=\"par4\">Schlussfolgerung<\/h2>\n<p>Der Website Content Checker ist ein umfassendes SEO-Tool, das Webmastern eine benutzerfreundliche Oberfl\u00e4che und ein einheitliches Dashboard bietet, mit dem sie geklonte Daten auf ihren Websites einfach identifizieren und korrigieren k\u00f6nnen. Es sucht nach Duplikaten in Titeln, \u00dcberschriften und Beschreibungen und schl\u00e4gt SEO-Verbesserungen vor, beispielsweise die Implementierung kanonischer URLs. Dieses kostenlose Tool, Teil des umfassenderen SEO-Toolkits von Sitechecker, liefert au\u00dferdem detaillierte Pr\u00fcfberichte mit genauen Ergebnissen, die bei allgemeinen SEO-Parametern hilfreich sind. Au\u00dferdem enth\u00e4lt es im Gegensatz zu vielen anderen Tools eine \u201eHow-to-Fix-Anleitung\u201c zur L\u00f6sung von Problemen. Das Tool verbessert die Website-Leistung und die SEO-Gesundheit, indem es die Einzigartigkeit der Daten gew\u00e4hrleistet, einen entscheidenden Faktor f\u00fcr Suchmaschinen-Rankings.<\/p>\n<div id=\"par5\"><\/div>\n<p><div class=\"front__faq-block\"><div class=\"faq__block-title\">FAQ<\/div><div class=\"panel-group\" id=\"faq-accordion\" itemscope itemtype=\"https:\/\/schema.org\/FAQPage\" role=\"tablist\" aria-multiselectable=\"true\"><div class=\"panel\" itemscope itemtype=\"https:\/\/schema.org\/Question\" itemprop=\"mainEntity\">\n                            <div class=\"panel-heading\" id=\"headingFaq-1\">\n                                <div class=\"panel-title\" data-toggle=\"collapse\" aria-expanded=\"false\" href=\"#collapseFaq-1\">\n                                    <h3 itemprop=\"name\">Ist es m\u00f6glich, regelm\u00e4\u00dfige Pr\u00fcfungen auf doppelte Inhalte zu automatisieren?<\/h3>\n                                <\/div>\n                            <\/div>\n                            <div id=\"collapseFaq-1\" class=\"panel-collapse collapse\" itemprop=\"acceptedAnswer\" itemscope itemtype=\"http:\/\/schema.org\/Answer\">\n                                <div class=\"panel-body\" itemprop=\"text\">Das Tool bietet Funktionen wie automatisches Crawlen, das so geplant werden kann, dass in regelm\u00e4\u00dfigen Abst\u00e4nden automatisch nach Datenwiederholungsproblemen gesucht wird.<\/div>\n                            <\/div>\n                        <\/div><div class=\"panel\" itemscope itemtype=\"https:\/\/schema.org\/Question\" itemprop=\"mainEntity\">\n                            <div class=\"panel-heading\" id=\"headingFaq-2\">\n                                <div class=\"panel-title\" data-toggle=\"collapse\" aria-expanded=\"false\" href=\"#collapseFaq-2\">\n                                    <h3 itemprop=\"name\">Wie hilft der Online Duplicate Content Checker bei SEO?<\/h3>\n                                <\/div>\n                            <\/div>\n                            <div id=\"collapseFaq-2\" class=\"panel-collapse collapse\" itemprop=\"acceptedAnswer\" itemscope itemtype=\"http:\/\/schema.org\/Answer\">\n                                <div class=\"panel-body\" itemprop=\"text\">Durch die Identifizierung und Korrektur von Datenwiederholungen tr\u00e4gt das Tool dazu bei, die SEO einer Website zu verbessern, da einzigartiger Inhalt ein wichtiger Rankingfaktor f\u00fcr Suchmaschinen ist.<\/div>\n                            <\/div>\n                        <\/div><div class=\"panel\" itemscope itemtype=\"https:\/\/schema.org\/Question\" itemprop=\"mainEntity\">\n                            <div class=\"panel-heading\" id=\"headingFaq-3\">\n                                <div class=\"panel-title\" data-toggle=\"collapse\" aria-expanded=\"false\" href=\"#collapseFaq-3\">\n                                    <h3 itemprop=\"name\">Bietet das Tool Anleitungen zur Behebung erkannter SEO-Probleme?<\/h3>\n                                <\/div>\n                            <\/div>\n                            <div id=\"collapseFaq-3\" class=\"panel-collapse collapse\" itemprop=\"acceptedAnswer\" itemscope itemtype=\"http:\/\/schema.org\/Answer\">\n                                <div class=\"panel-body\" itemprop=\"text\">Ja, der Duplicate Content Checker enth\u00e4lt einen \u201eHow-to-Fix-Leitfaden\u201c mit detaillierten Anweisungen, Beispielen und manchmal auch Videos, die bei der L\u00f6sung identifizierter Probleme helfen.<\/div>\n                            <\/div>\n                        <\/div><\/div><\/div><\/p>","protected":false},"excerpt":{"rendered":"Was ist ein Duplicate Content Tool? Der Website Duplicate Checker von Sitechecker ist ein kostenloses Tool, das doppelter Inhalt auf Websites. Es durchsucht Ihre Website, findet doppelte Probleme in Titeln, \u00dcberschriften und Beschreibungen und erstellt einen detaillierten Pr\u00fcfbericht. Damit k\u00f6nnen Sie doppelte Probleme kategorisieren und L\u00f6sungen erhalten, z. B. mithilfe kanonischer URLs, um diese Probleme&#8230;","protected":false},"author":10409641,"featured_media":3774,"parent":0,"menu_order":0,"comment_status":"closed","ping_status":"closed","template":"pages-templates\/pages-minitools.php","meta":[],"categories":[70],"tags":[],"_links":{"self":[{"href":"https:\/\/sitechecker.pro\/de\/wp-json\/wp\/v2\/pages\/3560"}],"collection":[{"href":"https:\/\/sitechecker.pro\/de\/wp-json\/wp\/v2\/pages"}],"about":[{"href":"https:\/\/sitechecker.pro\/de\/wp-json\/wp\/v2\/types\/page"}],"author":[{"embeddable":true,"href":"https:\/\/sitechecker.pro\/de\/wp-json\/wp\/v2\/users\/10409641"}],"replies":[{"embeddable":true,"href":"https:\/\/sitechecker.pro\/de\/wp-json\/wp\/v2\/comments?post=3560"}],"version-history":[{"count":19,"href":"https:\/\/sitechecker.pro\/de\/wp-json\/wp\/v2\/pages\/3560\/revisions"}],"predecessor-version":[{"id":39380,"href":"https:\/\/sitechecker.pro\/de\/wp-json\/wp\/v2\/pages\/3560\/revisions\/39380"}],"wp:featuredmedia":[{"embeddable":true,"href":"https:\/\/sitechecker.pro\/de\/wp-json\/wp\/v2\/media\/3774"}],"wp:attachment":[{"href":"https:\/\/sitechecker.pro\/de\/wp-json\/wp\/v2\/media?parent=3560"}],"wp:term":[{"taxonomy":"category","embeddable":true,"href":"https:\/\/sitechecker.pro\/de\/wp-json\/wp\/v2\/categories?post=3560"},{"taxonomy":"post_tag","embeddable":true,"href":"https:\/\/sitechecker.pro\/de\/wp-json\/wp\/v2\/tags?post=3560"}],"curies":[{"name":"wp","href":"https:\/\/api.w.org\/{rel}","templated":true}]}}