{"id":349,"date":"2017-11-20T12:28:18","date_gmt":"2017-11-20T12:28:18","guid":{"rendered":"https:\/\/sitechecker.pro\/?page_id=349"},"modified":"2026-02-18T14:52:40","modified_gmt":"2026-02-18T14:52:40","slug":"h1-tag","status":"publish","type":"page","link":"https:\/\/sitechecker.pro\/de\/h1-tag\/","title":{"rendered":"H1 Tag Checker | H1 auf Seite oder ganzer Website finden \u2611"},"content":{"rendered":"<p><\/p>\n<h2 id=\"par1\">Was ist der H1-Tag-Checker?<\/h2>\n<p>Der H1-Tag-Checker von <a href=\"https:\/\/sitechecker.pro\/\" target=\"_blank\" rel=\"noopener noreferrer\">Sitechecker<\/a> ist ein Online-Tool, das einzelne Seiten und die gesamte Website auf das Vorhandensein von <a href=\"https:\/\/sitechecker.pro\/h1-tag-requirements-writing-properly\/\" target=\"_blank\" rel=\"noopener noreferrer\">Seiten\u00fcberschrift<\/a>-Attributen analysiert. Es hilft zu \u00fcberpr\u00fcfen, ob Ihre Webseiten einen festgelegten H1-Tag haben und ob Probleme mit der Inhaltsrelevanz bestehen.<\/p>\n<h3>Wie kann Ihnen das Tool helfen?<\/h3>\n<p><strong>Seitenspezifischer H1-Tag-Check<\/strong>: Analysiert einzelne Webseiten auf das Vorhandensein und die Attribute der Haupt\u00fcberschrift und hilft Nutzern, sicherzustellen, dass ihre prim\u00e4ren \u00dcberschriften f\u00fcr die SEO-Optimierung korrekt eingerichtet sind.<\/p>\n<p><strong>Einblicke in Tag-Attribute<\/strong>: Bietet detaillierte Informationen zu den gefundenen prim\u00e4ren Headern, einschlie\u00dflich Anzahl und L\u00e4nge, und hebt potenzielle Probleme hervor, die die SEO-Performance beeintr\u00e4chtigen k\u00f6nnten.<\/p>\n<p><strong>Gesamt-Domain-Analyse<\/strong>: Scannt die gesamte Website, um die Verwendung von H1-Tags auf allen Seiten zu identifizieren. Dies erm\u00f6glicht ein umfassendes <a href=\"https:\/\/sitechecker.pro\/on-page-seo-checker\/\" target=\"_blank\" rel=\"noopener noreferrer\">SEO-Audit<\/a>.<\/p>\n<h3>Hauptfunktionen des Tools<\/h3>\n<p><strong>Einheitliches Dashboard<\/strong>: Bietet einen umfassenden \u00dcberblick \u00fcber die SEO-Performance, einschlie\u00dflich Website-Status, Traffic-Statistiken und Backlink-Analyse. Dies erm\u00f6glicht eine einfache \u00dcberwachung und Entscheidungsfindung.<\/p>\n<p><strong>Benutzerfreundliche Oberfl\u00e4che<\/strong>: Die intuitive Navigation erm\u00f6glicht sowohl Anf\u00e4ngern als auch Experten die effektive Verwaltung und Umsetzung von SEO-Strategien.<\/p>\n<p><strong>Umfassendes SEO-Toolset<\/strong>: Bietet eine umfangreiche Palette an Tools f\u00fcr Keyword-Recherche, Website-Audits, Backlink-Analysen und Performance-Tracking, um alle Aspekte der SEO-Optimierung umfassend abzudecken.<\/p>\n<h2 id=\"par2\">So verwenden Sie den H1-Finder<\/h2>\n<p>Das Tool bietet zwei Arten von Pr\u00fcfungen: eine f\u00fcr einzelne Seiten und eine f\u00fcr die gesamte Domain. Es liefert Einblicke in das Vorhandensein, die Anzahl und die L\u00e4nge von Haupt\u00fcberschriften sowie weitere damit verbundene Probleme. W\u00e4hlen Sie die gew\u00fcnschte Option, um zu beginnen.<\/p>\n<div class=\"content__img-wrap\"><img src=\"https:\/\/sitechecker.pro\/wp-content\/uploads\/2024\/07\/check-h1-audit-option.png\" alt=\"H1-Audit-Option pr\u00fcfen\" class=\"description-img description-img-zoom\" loading=\"lazy\" ><\/div>\n<h3>Domain-Check<\/h3>\n<h4>Schritt 1: Domain eingeben<\/h4>\n<p>Um eine Domain zu pr\u00fcfen, klicken Sie einfach auf \u201eDomain pr\u00fcfen\u201c und geben Sie die gew\u00fcnschte URL ein.<\/p>\n<div class=\"content__img-wrap\"><img src=\"https:\/\/sitechecker.pro\/wp-content\/uploads\/2024\/07\/check-h1-all-pages.png\" alt=\"H1-Tags aller Seiten pr\u00fcfen\" class=\"description-img description-img-zoom\" loading=\"lazy\" ><\/div>\n<div class=\"important-block\">Um Ergebnisse zu erhalten und 14 Tage lang auf die Funktionen von Sitechecker zuzugreifen, starten Sie Ihre KOSTENLOSE Testversion. Die Anmeldung erfolgt ganz einfach mit Ihrem E-Mail-, Google- oder Facebook-Konto. Keine Kreditkarte erforderlich.<\/div>\n<h4>Schritt 2: Interpretation der H1-Tag-Checker-Ergebnisse per Domain-Check<\/h4>\n<p>Der von Ihnen durchgef\u00fchrte Scan erstellt eine Pr\u00fcfung der Domain und deckt verschiedene Probleme mit Inhalten wie H1, Titel und Beschreibung auf. Klicken Sie auf einen Problembereich \u2013 zum Beispiel einen nicht korrekt formatierten \u00dcberschrift-1-Tag \u2013, um zu sehen, welche Seiten betroffen sind. So k\u00f6nnen Sie Fehler leicht identifizieren, ohne Tausende von Webseiten durchsuchen zu m\u00fcssen!<\/p>\n<div class=\"content__img-wrap\"><img src=\"https:\/\/sitechecker.pro\/wp-content\/uploads\/2024\/07\/h1-tag-issues.png\" alt=\"H1-Tag-Probleme\" class=\"description-img description-img-zoom\" loading=\"lazy\" ><\/div>\n<h4>Zus\u00e4tzliche Funktionen des Domain-\/Website-H1-Checkers<\/h4>\n<p>Wenn Sie Ihre Domain pr\u00fcfen, erhalten Sie einen vollst\u00e4ndigen Website-Auditbericht. Dieser Bericht hilft Ihnen, verschiedene Arten von Problemen auf Ihrer Website zu identifizieren und enth\u00e4lt Anleitungen zu deren Behebung.<\/p>\n<p>Sie k\u00f6nnen die Probleme nach Problemtyp anzeigen, z. B. Kritisch, Warnungen, Chancen oder Hinweise. Sie k\u00f6nnen sie auch nach Kategorien anzeigen, z. B. Links, Indexierbarkeit, Inhaltsrelevanz usw. So k\u00f6nnen Sie schnell <a href=\"https:\/\/sitechecker.pro\/website-defacement-monitoring\/\" data-wpil-monitor-id=\"99\">die wichtigsten Probleme f\u00fcr den Erfolg Ihrer Website<\/a> identifizieren und beheben.<\/p>\n<div class=\"content__img-wrap\"><img src=\"https:\/\/sitechecker.pro\/wp-content\/uploads\/2024\/07\/issues-list.png\" alt=\"Issues List\" class=\"description-img description-img-zoom\" loading=\"lazy\" ><\/div>\n<p>Laden Sie jetzt die Chrome-Browsererweiterung mit Tag-Pr\u00fcfung herunter. F\u00fcgen Sie sie Ihrem Erweiterungsfenster hinzu, w\u00e4hrend Ihre Website gescannt wird.<\/p>\n<h3>Seitenpr\u00fcfung<\/h3>\n<h4>Schritt 1: URL eingeben<\/h4>\n<p>Wenn Sie eine bestimmte Seite pr\u00fcfen m\u00f6chten, nutzen Sie die Option \u201eSeite pr\u00fcfen\u201c im Auswahlfeld. Geben Sie die URL der zu analysierenden Seite ein und starten Sie den Scan.<\/p>\n<div class=\"content__img-wrap\"><img src=\"https:\/\/sitechecker.pro\/wp-content\/uploads\/2024\/07\/check-h1-page.png\" alt=\"H1-Seite pr\u00fcfen\" class=\"description-img description-img-zoom\" loading=\"lazy\" ><\/div>\n<h4>Schritt 2: Ergebnisse des H1-Tag-Testers per Seitenpr\u00fcfung interpretieren<\/h4>\n<p>Der H1-Checker pr\u00fcft die eingegebene URL und bietet einen offenen Block mit Informationen zum Inhalt. Dort k\u00f6nnen Sie H1, dessen Anzahl, L\u00e4nge und die Zuordnung von H1 zu Titel ermitteln.<\/p>\n<div class=\"content__img-wrap\"><img src=\"https:\/\/sitechecker.pro\/wp-content\/uploads\/2024\/07\/on-page-seo-checker-h1.png\" alt=\"OnPage SEO Checker H1\" class=\"description-img description-img-zoom\" loading=\"lazy\" ><\/div>\n<p>Die \u00dcberpr\u00fcfung einer einzelnen Seite liefert keinen vollst\u00e4ndigen \u00dcberblick \u00fcber die Struktur des prim\u00e4ren Headers Ihrer Website. Im ersten Abschnitt dieses Leitfadens erfahren Sie, wie Sie mit einem Domain-Check alle H1-Tags Ihrer Website identifizieren und Fehler in der Inhaltsrelevanz identifizieren k\u00f6nnen.<\/p>\n<p>Entdecken Sie auch unser Demoprojekt. Navigieren Sie einfach zum Reiter \u201eSite-Audit\u201c, um die Funktionen des Tools kennenzulernen. Starten Sie sofort ein umfassendes Site-Audit, indem Sie im Popup-Fenster auf \u201eVollst\u00e4ndiges Website-Audit\u201c klicken.<\/p>\n<h4>Zus\u00e4tzliche Funktionen<\/h4>\n<p>Die Navigationsleiste des H1-Seiten-Tag-Checkers bietet verschiedene Funktionen zur Verbesserung der Suchleistung einer Website. Die Funktion \u201eLinks\u201c untersucht die interne und externe Linkstruktur der Website. Die \u201eProblem\u00fcbersicht\u201c enth\u00e4lt eine kategorisierte Liste von Problemen, die die Website-Optimierung beeintr\u00e4chtigen. \u201eInhaltsoptimierung\u201c bietet Strategien zur Optimierung von Webinhalten, um Relevanz und Engagement zu steigern.<\/p>\n<p>Der Bereich \u201eStrukturierte Daten\u201c verwaltet Daten, die Suchmaschinen helfen, Inhalte besser zu verstehen und anzuzeigen. Bilder analysieren visuelle Elemente, um sicherzustellen, dass sie f\u00fcr Suchmaschinen optimiert sind. Suchmaschinenoptimierung umfasst ein breiteres Spektrum an SEO-Taktiken.<\/p>\n<p>PageSpeed \u200b\u200bInsights misst die Website-Performance, die f\u00fcr die Nutzererfahrung und das SEO-Ranking entscheidend ist. Dieses Panel bietet eine Reihe robuster Tools f\u00fcr ein detailliertes und umsetzbares SEO-Audit.<\/p>\n<div class=\"content__img-wrap\"><img src=\"https:\/\/sitechecker.pro\/wp-content\/uploads\/2024\/07\/issues-overview.png\" alt=\"Problem\u00fcbersicht\" class=\"description-img description-img-zoom\" loading=\"lazy\" ><\/div>\n<h2 id=\"par3\">Zusammenfassung<\/h2>\n<p>Der H1-Tag-Checker ist ein spezialisiertes Online-Tool zur Analyse von H1-Tags auf Webseiten und ganzen Websites. Es bietet einen einfachen Prozess zur \u00dcberpr\u00fcfung der korrekten Implementierung von H1-Tags, die f\u00fcr die SEO-Optimierung entscheidend sind. Das Tool liefert Einblicke in die Pr\u00e4senz von H1-Tags, deren Attribute und potenzielle SEO-Probleme. Dar\u00fcber hinaus bietet es eine benutzerfreundliche Oberfl\u00e4che und ein einheitliches Dashboard f\u00fcr ein umfassendes SEO-Tool-Set. Nutzer k\u00f6nnen einen Domain-Check f\u00fcr ein umfassendes SEO-Audit oder einen Seiten-Check f\u00fcr eine gezielte Analyse durchf\u00fchren. Optional k\u00f6nnen sie zus\u00e4tzliche Funktionen zur umfassenden Verbesserung der Suchleistung nutzen.<\/p>\n<div id=\"par4\"><\/div>\n<p><div class=\"front__faq-block\"><div class=\"faq__block-title\">FAQ<\/div><div class=\"panel-group\" id=\"faq-accordion\" itemscope itemtype=\"https:\/\/schema.org\/FAQPage\" role=\"tablist\" aria-multiselectable=\"true\"><div class=\"panel\" itemscope itemtype=\"https:\/\/schema.org\/Question\" itemprop=\"mainEntity\">\n                            <div class=\"panel-heading\" id=\"headingFaq-1\">\n                                <div class=\"panel-title\" data-toggle=\"collapse\" aria-expanded=\"false\" href=\"#collapseFaq-1\">\n                                    <h3 itemprop=\"name\">Kann ich mit dem H1-Tag-Analysator den prim\u00e4ren Header einer bestimmten Webseite analysieren?<\/h3>\n                                <\/div>\n                            <\/div>\n                            <div id=\"collapseFaq-1\" class=\"panel-collapse collapse\" itemprop=\"acceptedAnswer\" itemscope itemtype=\"http:\/\/schema.org\/Answer\">\n                                <div class=\"panel-body\" itemprop=\"text\">Ja, der H1-Tag-Checker erm\u00f6glicht die Analyse bestimmter Webseiten durch Eingabe der URL und Suche nach dem prim\u00e4ren Header.<\/div>\n                            <\/div>\n                        <\/div><div class=\"panel\" itemscope itemtype=\"https:\/\/schema.org\/Question\" itemprop=\"mainEntity\">\n                            <div class=\"panel-heading\" id=\"headingFaq-2\">\n                                <div class=\"panel-title\" data-toggle=\"collapse\" aria-expanded=\"false\" href=\"#collapseFaq-2\">\n                                    <h3 itemprop=\"name\">Ist ein Konto erforderlich, um den H1-L\u00e4ngen-Checker f\u00fcr einzelne Seiten zu nutzen?<\/h3>\n                                <\/div>\n                            <\/div>\n                            <div id=\"collapseFaq-2\" class=\"panel-collapse collapse\" itemprop=\"acceptedAnswer\" itemscope itemtype=\"http:\/\/schema.org\/Answer\">\n                                <div class=\"panel-body\" itemprop=\"text\">Nein, Sie erhalten einen sofortigen Bericht f\u00fcr eine einzelne Webseite ohne Konto.<\/div>\n                            <\/div>\n                        <\/div><div class=\"panel\" itemscope itemtype=\"https:\/\/schema.org\/Question\" itemprop=\"mainEntity\">\n                            <div class=\"panel-heading\" id=\"headingFaq-3\">\n                                <div class=\"panel-title\" data-toggle=\"collapse\" aria-expanded=\"false\" href=\"#collapseFaq-3\">\n                                    <h3 itemprop=\"name\">Wie verbessert der Heading-Tag-Checker die SEO?<\/h3>\n                                <\/div>\n                            <\/div>\n                            <div id=\"collapseFaq-3\" class=\"panel-collapse collapse\" itemprop=\"acceptedAnswer\" itemscope itemtype=\"http:\/\/schema.org\/Answer\">\n                                <div class=\"panel-body\" itemprop=\"text\">Das Tool pr\u00fcft die korrekte Implementierung der f\u00fcr SEO wichtigen H1-Tags, indem es deren Vorhandensein, Attribute und alle Probleme analysiert, die das Suchmaschinen-Ranking beeinflussen k\u00f6nnten.<\/div>\n                            <\/div>\n                        <\/div><div class=\"panel\" itemscope itemtype=\"https:\/\/schema.org\/Question\" itemprop=\"mainEntity\">\n                            <div class=\"panel-heading\" id=\"headingFaq-4\">\n                                <div class=\"panel-title\" data-toggle=\"collapse\" aria-expanded=\"false\" href=\"#collapseFaq-4\">\n                                    <h3 itemprop=\"name\">Bietet der Heading Finder ein umfassendes Website-Audit?<\/h3>\n                                <\/div>\n                            <\/div>\n                            <div id=\"collapseFaq-4\" class=\"panel-collapse collapse\" itemprop=\"acceptedAnswer\" itemscope itemtype=\"http:\/\/schema.org\/Answer\">\n                                <div class=\"panel-body\" itemprop=\"text\">Ja, das Tool kann eine komplette Domain scannen und so eine vollst\u00e4ndige Website-Pr\u00fcfung durchf\u00fchren. Dabei werden die Verwendung von H1-Tags und andere damit verbundene Inhaltsprobleme auf allen Seiten identifiziert.<\/div>\n                            <\/div>\n                        <\/div><div class=\"panel\" itemscope itemtype=\"https:\/\/schema.org\/Question\" itemprop=\"mainEntity\">\n                            <div class=\"panel-heading\" id=\"headingFaq-5\">\n                                <div class=\"panel-title\" data-toggle=\"collapse\" aria-expanded=\"false\" href=\"#collapseFaq-5\">\n                                    <h3 itemprop=\"name\">Kann der SEO Heading Checker bei der Behebung der erkannten SEO-Probleme helfen?<\/h3>\n                                <\/div>\n                            <\/div>\n                            <div id=\"collapseFaq-5\" class=\"panel-collapse collapse\" itemprop=\"acceptedAnswer\" itemscope itemtype=\"http:\/\/schema.org\/Answer\">\n                                <div class=\"panel-body\" itemprop=\"text\">Das Tool identifiziert nicht nur SEO-Probleme, sondern bietet auch Anleitungen und Strategien zur Behebung dieser Probleme, um die Leistung Ihrer Website zu verbessern.<\/div>\n                            <\/div>\n                        <\/div><\/div><\/div><\/p>","protected":false},"excerpt":{"rendered":"Was ist der H1-Tag-Checker? Der H1-Tag-Checker von Sitechecker ist ein Online-Tool, das einzelne Seiten und die gesamte Website auf das Vorhandensein von Seiten\u00fcberschrift-Attributen analysiert. Es hilft zu \u00fcberpr\u00fcfen, ob Ihre Webseiten einen festgelegten H1-Tag haben und ob Probleme mit der Inhaltsrelevanz bestehen. Wie kann Ihnen das Tool helfen? Seitenspezifischer H1-Tag-Check: Analysiert einzelne Webseiten auf das&#8230;","protected":false},"author":11474150,"featured_media":3427,"parent":0,"menu_order":0,"comment_status":"closed","ping_status":"closed","template":"pages-templates\/pages-minitools-3.php","meta":[],"categories":[70],"tags":[],"_links":{"self":[{"href":"https:\/\/sitechecker.pro\/de\/wp-json\/wp\/v2\/pages\/349"}],"collection":[{"href":"https:\/\/sitechecker.pro\/de\/wp-json\/wp\/v2\/pages"}],"about":[{"href":"https:\/\/sitechecker.pro\/de\/wp-json\/wp\/v2\/types\/page"}],"author":[{"embeddable":true,"href":"https:\/\/sitechecker.pro\/de\/wp-json\/wp\/v2\/users\/11474150"}],"replies":[{"embeddable":true,"href":"https:\/\/sitechecker.pro\/de\/wp-json\/wp\/v2\/comments?post=349"}],"version-history":[{"count":93,"href":"https:\/\/sitechecker.pro\/de\/wp-json\/wp\/v2\/pages\/349\/revisions"}],"predecessor-version":[{"id":39341,"href":"https:\/\/sitechecker.pro\/de\/wp-json\/wp\/v2\/pages\/349\/revisions\/39341"}],"wp:featuredmedia":[{"embeddable":true,"href":"https:\/\/sitechecker.pro\/de\/wp-json\/wp\/v2\/media\/3427"}],"wp:attachment":[{"href":"https:\/\/sitechecker.pro\/de\/wp-json\/wp\/v2\/media?parent=349"}],"wp:term":[{"taxonomy":"category","embeddable":true,"href":"https:\/\/sitechecker.pro\/de\/wp-json\/wp\/v2\/categories?post=349"},{"taxonomy":"post_tag","embeddable":true,"href":"https:\/\/sitechecker.pro\/de\/wp-json\/wp\/v2\/tags?post=349"}],"curies":[{"name":"wp","href":"https:\/\/api.w.org\/{rel}","templated":true}]}}