{"id":30612,"date":"2024-03-13T07:50:05","date_gmt":"2024-03-13T07:50:05","guid":{"rendered":"https:\/\/sitechecker.pro\/?page_id=30612"},"modified":"2025-05-02T13:11:36","modified_gmt":"2025-05-02T13:11:36","slug":"bulk-url-checker-examine-status-codes-headers-redirect-paths","status":"publish","type":"page","link":"https:\/\/sitechecker.pro\/de\/bulk-url-checker\/","title":{"rendered":"Bulk URL Checker | Untersuchen Sie Status Codes, Header und Redirect-Pfade"},"content":{"rendered":"<p><\/p>\n<h2 id=\"par1\">Was ist Bulk URL Checker?<\/h2>\n<p>Ein Bulk URL Tester von <a href=\"https:\/\/sitechecker.pro\/\" target=\"_blank\" rel=\"noopener noreferrer\">Sitechecker<\/a> ist ein Tool, das entwickelt wurde, um den Status mehrerer URLs gleichzeitig zu analysieren und zu \u00fcberpr\u00fcfen. Dieses Dienstprogramm ist von unsch\u00e4tzbarem Wert f\u00fcr Webmaster, SEO-Experten und digitale Vermarkter, die sicherstellen m\u00fcssen, dass die Links auf ihren Websites ordnungsgem\u00e4\u00df funktionieren, den Status von URLs f\u00fcr SEO-Zwecke \u00fcberwachen oder die Erreichbarkeit von Webseiten in gro\u00dfen Mengen \u00fcberpr\u00fcfen m\u00fcssen.<\/p>\n<p>Andererseits kann Bulk Page Checker die Seiten von Mitbewerbern in gro\u00dfen Mengen \u00fcberpr\u00fcfen und Umleitungsinformationen abrufen.<\/p>\n<h3>Wie kann Ihnen das Tool helfen?<\/h3>\n<p><strong>Statuscode-\u00dcberpr\u00fcfung: <\/strong>\u00fcberpr\u00fcft die HTTP-Statuscodes mehrerer URLs, um ihren Status zu ermitteln (z. B. <a href=\"https:\/\/sitechecker.pro\/what-is-200-status-code\/\" target=\"_blank\" rel=\"noopener noreferrer\">200 OK<\/a>, <a href=\"https:\/\/sitechecker.pro\/what-is-404-status-code\/\" target=\"_blank\" rel=\"noopener noreferrer\">404 Nicht gefunden<\/a>, <a href=\"https:\/\/sitechecker.pro\/301-redirect\/\" target=\"_blank\" rel=\"noopener noreferrer\">301 Dauerhaft verschoben<\/a> usw.).<\/p>\n<p><strong>Umleitungsverfolgung: <\/strong>Verfolgen Sie, wohin eine URL umleitet, und helfen Sie Benutzern, den Umleitungspfad von URLs zu verstehen, die nicht direkt zum erwarteten Inhalt f\u00fchren.<\/p>\n<p><strong>Linkvalidierung: <\/strong>Stellen Sie sicher, dass alle internen und externen Links g\u00fcltig sind und zum richtigen Ziel f\u00fchren. Ein Bulk-Seitenpr\u00fcfer kann diesen Prozess automatisieren und so Zeit und Aufwand sparen.<\/p>\n<p><strong>Effizienz: <\/strong>Die \u00dcberpr\u00fcfung von URLs in gro\u00dfen Mengen ist weitaus effizienter als die manuelle \u00dcberpr\u00fcfung jedes einzelnen Links, insbesondere bei gro\u00dfen Websites oder bei der Pr\u00fcfung externer Links.<\/p>\n<p><strong>Berichterstellung: <\/strong>Stellen Sie detaillierte Berichte zu den \u00fcberpr\u00fcften URLs bereit, einschlie\u00dflich des Statuscodes und der endg\u00fcltigen URL nach den Umleitungen, die f\u00fcr weitere Analysen oder Aufzeichnungen verwendet werden k\u00f6nnen.<\/p>\n<p><strong>SEO-Analyse der Konkurrenz: <\/strong>Hilft dabei, die SEO-Leistung der Konkurrenz aufrechtzuerhalten, indem Linkdaten identifiziert werden.<\/p>\n<h3>Hauptfunktionen des Tools<\/h3>\n<p><strong>Einheitliches Dashboard: <\/strong>bietet eine umfassende Ansicht der SEO-Leistung, einschlie\u00dflich Site-Gesundheit, Verkehr, Rankings und Backlinks, alles in Echtzeit aktualisiert und an die Benutzerpr\u00e4ferenzen anpassbar.<\/p>\n<p><strong>Benutzerfreundliche Oberfl\u00e4che: <\/strong>bietet intuitive Navigation und klare visuelle Datendarstellung, sodass es f\u00fcr Benutzer aller Erfahrungsstufen zug\u00e4nglich ist. Es enth\u00e4lt gef\u00fchrte Hilfestellungen und Tutorials, damit Benutzer das Potenzial des Tools optimal nutzen k\u00f6nnen.<\/p>\n<p><strong>Komplettes SEO-Toolset: <\/strong>bietet eine vollst\u00e4ndige Palette von SEO-Tools f\u00fcr Website-Audits, Keyword-Ranking-Tracking, Backlink-Analyse und On-Page-Optimierung und bietet umsetzbare Erkenntnisse zur Verbesserung der Sichtbarkeit und Leistung von Websites.<\/p>\n<h2 id=\"par2\">So verwenden Sie das Tool<\/h2>\n<p>Das Tool bietet die M\u00f6glichkeit, Massenpr\u00fcfungen auf den Seiten Ihrer Domain und auf Gruppen von Seiten von Mitbewerbern oder anderen Domain-Seiten durchzuf\u00fchren, die Sie analysieren m\u00fcssen. Um mit der Pr\u00fcfung Ihrer Seiten und der Seiten anderer Domains zu beginnen, m\u00fcssen Sie zun\u00e4chst ein Konto erstellen. Dieser Schritt erm\u00f6glicht es uns, alle notwendigen Informationen zu sammeln und in einem praktischen Format zu pr\u00e4sentieren.<\/p>\n<div class=\"content__img-wrap\"><img src=\"https:\/\/sitechecker.pro\/wp-content\/uploads\/2024\/02\/choose-audit-option.png\" alt=\"Audit-Option ausw\u00e4hlen\" class=\"description-img description-img-zoom\" loading=\"lazy\" ><\/div>\n<div class=\"important-block\">Um Ergebnisse zu erhalten und 14 Tage lang auf die Funktionen von Sitechecker zuzugreifen, starten Sie Ihre KOSTENLOSE Testversion. Die Anmeldung ist ganz einfach mit Ihrem E-Mail-, Google- oder Facebook-Konto. Es ist keine Kreditkarte erforderlich.<\/div>\n<h2 id=\"par3\">Massen-URL-Pr\u00fcfung eigener Domains<\/h2>\n<p>Der Bulk Link Status Checker kann eine umfassende Analyse und Verwaltung der Seiten Ihrer Domain durchf\u00fchren. W\u00e4hlen Sie die Option f\u00fcr Ihre Site-Pr\u00fcfung und f\u00fchren Sie die Pr\u00fcfung durch.<\/p>\n<div class=\"content__img-wrap\"><img src=\"https:\/\/sitechecker.pro\/wp-content\/uploads\/2024\/02\/bulk-check.png\" alt=\"Bulk Check\" class=\"description-img description-img-zoom\" loading=\"lazy\" ><\/div>\n<p>Die obere Navigationsleiste erm\u00f6glicht einen einfachen Wechsel zwischen der Anzeige aller gecrawlten und der als indexierbar identifizierten Seiten.<\/p>\n<p>Neben der Navigationsleiste zeigt das Tool den Zeitpunkt des letzten Website-Crawls an und plant den n\u00e4chsten, um sicherzustellen, dass die Daten aktuell und umsetzbar bleiben. Darunter steht ein Filtertool bereit, mit dem Benutzer Bedingungen festlegen k\u00f6nnen, um die Liste der zu analysierenden Seiten zu optimieren.<\/p>\n<p>Als Teil des Hauptfensters gibt es eine \u00fcbersichtliche Liste mit Links. Dieser Abschnitt zeigt wichtige Kennzahlen wie Wortanzahl und Indexierbarkeit sowie den HTTP-Statuscode jeder Seite an und liefert eine Momentaufnahme des Website-Zustands.<\/p>\n<p>Auf der Seite erm\u00f6glicht ein Problem\u00fcbersichtsbereich eine konzentrierte Ansicht von SEO-Problemen, sortiert entweder nach Priorit\u00e4t oder Kategorie. Dieser Bereich dient als Leitfaden und f\u00fchrt Benutzer zu Bereichen, die zur Verbesserung der SEO Aufmerksamkeit erfordern, und ist somit ein effizienter Assistent bei der Optimierung der Suchmaschinenleistung einer Website.<\/p>\n<div class=\"content__img-wrap\"><img src=\"https:\/\/sitechecker.pro\/wp-content\/uploads\/2024\/02\/all-html-pages-filter.png\" alt=\"Alle HTML-Seiten filtern\" class=\"description-img description-img-zoom\" loading=\"lazy\" ><\/div>\n<h3>Zus\u00e4tzliche Funktionen<\/h3>\n<p>Die Seitendetails sind eine erg\u00e4nzende Komponente des Bulk-URL-Checkers und konzentrieren sich auf die eingehende Analyse einzelner Seiten-URLs. Dieser Abschnitt schl\u00fcsselt die Einzelheiten einer ausgew\u00e4hlten Seite auf und bietet kategorisierte Einblicke in verschiedene SEO-bezogene Probleme. Sie k\u00f6nnen sich damit eingehend mit den Details der Inhaltsrelevanz, Indexierbarkeit, Linkintegrit\u00e4t und mehr befassen.<\/p>\n<p>F\u00fcr eine bestimmte Seite werden Probleme unter Kategorien wie Links, Indexierbarkeit, Inhaltsrelevanz, doppelter Inhalt und Sicherheit aufgelistet, wobei jeweils einzelne Probleme gekennzeichnet sind. Jedes Problem kann erweitert werden, um weitere Details anzuzeigen, und bietet einen direkten Link zu einer Anleitung zur Behebung, was den Optimierungsprozess f\u00fcr Sie vereinfacht.<\/p>\n<div class=\"content__img-wrap\"><img src=\"https:\/\/sitechecker.pro\/wp-content\/uploads\/2024\/02\/page-details-issues.png\" alt=\"Seitendetails-Probleme\" class=\"description-img description-img-zoom\" loading=\"lazy\" ><\/div>\n<h2 id=\"par4\">Massen-URL-Pr\u00fcfung f\u00fcr Seiten von Mitbewerbern<\/h2>\n<p>Mit dem Bulk URL Redirect Checker k\u00f6nnen Sie Ihre Site analysieren und nach der Erstellung eines Kontos erhalten Sie Zugriff auf die integrierte Bulk-URL-Checker-Funktion. W\u00e4hlen Sie dazu die Option zur Massenpr\u00fcfung von Mitbewerbern und initialisieren Sie den Scan.<\/p>\n<div class=\"content__img-wrap\"><img src=\"https:\/\/sitechecker.pro\/wp-content\/uploads\/2024\/02\/inspect-urls.png\" alt=\"URLs pr\u00fcfen\" class=\"description-img description-img-zoom\" loading=\"lazy\" ><\/div>\n<p>Der Bulk URL Submitter im Abschnitt \u201eZus\u00e4tzliche Tools\u201c erm\u00f6glicht eine umfassende Analyse der URLs von Mitbewerbern. Die Benutzeroberfl\u00e4che verf\u00fcgt \u00fcber ein unkompliziertes Credit-System mit Kosten pro Pr\u00fcfung und einfachen Aufladeoptionen. Der Datenexport von bis zu 10.000 URLs f\u00fcr Google Sheets oder CSV ist enthalten, was den Workflow f\u00fcr umfangreiche SEO-Aufgaben optimiert.<\/p>\n<div class=\"content__img-wrap\"><img src=\"https:\/\/sitechecker.pro\/wp-content\/uploads\/2024\/02\/bulk-url-checker.png\" alt=\"Bulk URL Checker\" class=\"description-img description-img-zoom\" loading=\"lazy\" ><\/div>\n<p>Bulk URL Checker zur Analyse von URLs von Mitbewerbern zeigt wichtige Kennzahlen f\u00fcr jede URL an, darunter HTTP-Statuscode und -Nachricht, Inhaltstyp, Anzahl der Weiterleitungen, die endg\u00fcltige URL und den kanonischen Link. Dieses Setup ist darauf zugeschnitten, die Gesundheit und Optimierung mehrerer Links gleichzeitig zu \u00fcberwachen und URL-Optionen erneut zu \u00fcberpr\u00fcfen.<\/p>\n<div class=\"content__img-wrap\"><img src=\"https:\/\/sitechecker.pro\/wp-content\/uploads\/2024\/02\/bulk-url-checker-results.png\" alt=\"Bulk URL Checker Results\" class=\"description-img description-img-zoom\" loading=\"lazy\" ><\/div>\n<h2 id=\"par5\">Abschlie\u00dfende Idee<\/h2>\n<p>Der Bulk URL Checker ist darauf ausgelegt, den Status mehrerer Seiten effizient zu \u00fcberpr\u00fcfen. Er erm\u00f6glicht es Benutzern, Statuscodes schnell zu \u00fcberpr\u00fcfen, Antwortheader zu analysieren und Weiterleitungsketten zu verfolgen, was wertvolle Einblicke in die Linkg\u00fcltigkeit und SEO-Gesundheit bietet. Das Tool verf\u00fcgt \u00fcber eine benutzerfreundliche Oberfl\u00e4che mit einem einheitlichen Dashboard f\u00fcr SEO-\u00dcberwachung in Echtzeit und einem robusten Satz von Tools f\u00fcr Site-Audits und Konkurrenzanalysen. Durch die Erleichterung von Massenpr\u00fcfungen und die Bereitstellung detaillierter Berichte wird die Effizienz der Verwaltung der SEO-Leistung einer Website und des Wettbewerbs-Benchmarkings erheblich verbessert.<\/p>\n<div id=\"par6\"><\/div>\n<p><div class=\"front__faq-block\"><div class=\"faq__block-title\">FAQ<\/div><div class=\"panel-group\" id=\"faq-accordion\" itemscope itemtype=\"https:\/\/schema.org\/FAQPage\" role=\"tablist\" aria-multiselectable=\"true\"><div class=\"panel\" itemscope itemtype=\"https:\/\/schema.org\/Question\" itemprop=\"mainEntity\">\n                            <div class=\"panel-heading\" id=\"headingFaq-1\">\n                                <div class=\"panel-title\" data-toggle=\"collapse\" aria-expanded=\"false\" href=\"#collapseFaq-1\">\n                                    <h3 itemprop=\"name\">Kann der Bulk URL Checker gro\u00dfe Datenmengen verarbeiten?<\/h3>\n                                <\/div>\n                            <\/div>\n                            <div id=\"collapseFaq-1\" class=\"panel-collapse collapse\" itemprop=\"acceptedAnswer\" itemscope itemtype=\"http:\/\/schema.org\/Answer\">\n                                <div class=\"panel-body\" itemprop=\"text\">Ja, der Bulk URL Checker kann bis zu 10.000 Seiten verarbeiten und analysieren und ist daher f\u00fcr gro\u00df angelegte SEO-Aufgaben und Konkurrenzanalysen geeignet.<\/div>\n                            <\/div>\n                        <\/div><div class=\"panel\" itemscope itemtype=\"https:\/\/schema.org\/Question\" itemprop=\"mainEntity\">\n                            <div class=\"panel-heading\" id=\"headingFaq-2\">\n                                <div class=\"panel-title\" data-toggle=\"collapse\" aria-expanded=\"false\" href=\"#collapseFaq-2\">\n                                    <h3 itemprop=\"name\">Welche Art von Erkenntnissen bietet der Bulk URL Checker?<\/h3>\n                                <\/div>\n                            <\/div>\n                            <div id=\"collapseFaq-2\" class=\"panel-collapse collapse\" itemprop=\"acceptedAnswer\" itemscope itemtype=\"http:\/\/schema.org\/Answer\">\n                                <div class=\"panel-body\" itemprop=\"text\">Das Tool bietet Erkenntnisse, darunter HTTP-Statuscodes, Antwortheader, Inhaltstyp, Anzahl der Weiterleitungen, endg\u00fcltiges Linkziel und kanonische Links.<\/div>\n                            <\/div>\n                        <\/div><div class=\"panel\" itemscope itemtype=\"https:\/\/schema.org\/Question\" itemprop=\"mainEntity\">\n                            <div class=\"panel-heading\" id=\"headingFaq-3\">\n                                <div class=\"panel-title\" data-toggle=\"collapse\" aria-expanded=\"false\" href=\"#collapseFaq-3\">\n                                    <h3 itemprop=\"name\">Wie kann ich die Daten aus dem Bulk URL Checker exportieren?<\/h3>\n                                <\/div>\n                            <\/div>\n                            <div id=\"collapseFaq-3\" class=\"panel-collapse collapse\" itemprop=\"acceptedAnswer\" itemscope itemtype=\"http:\/\/schema.org\/Answer\">\n                                <div class=\"panel-body\" itemprop=\"text\">Das Tool bietet Datenexportfunktionen, mit denen Benutzer ihre Ergebnisse zur weiteren Analyse oder Aufzeichnung in Google Sheets oder als CSV-Datei exportieren k\u00f6nnen.<\/div>\n                            <\/div>\n                        <\/div><\/div><\/div><\/p>","protected":false},"excerpt":{"rendered":"Was ist Bulk URL Checker? Ein Bulk URL Tester von Sitechecker ist ein Tool, das entwickelt wurde, um den Status mehrerer URLs gleichzeitig zu analysieren und zu \u00fcberpr\u00fcfen. Dieses Dienstprogramm ist von unsch\u00e4tzbarem Wert f\u00fcr Webmaster, SEO-Experten und digitale Vermarkter, die sicherstellen m\u00fcssen, dass die Links auf ihren Websites ordnungsgem\u00e4\u00df funktionieren, den Status von URLs&#8230;","protected":false},"author":10409641,"featured_media":0,"parent":0,"menu_order":0,"comment_status":"closed","ping_status":"closed","template":"pages-templates\/pages-minitools-3.php","meta":[],"categories":[74],"tags":[],"_links":{"self":[{"href":"https:\/\/sitechecker.pro\/de\/wp-json\/wp\/v2\/pages\/30612"}],"collection":[{"href":"https:\/\/sitechecker.pro\/de\/wp-json\/wp\/v2\/pages"}],"about":[{"href":"https:\/\/sitechecker.pro\/de\/wp-json\/wp\/v2\/types\/page"}],"author":[{"embeddable":true,"href":"https:\/\/sitechecker.pro\/de\/wp-json\/wp\/v2\/users\/10409641"}],"replies":[{"embeddable":true,"href":"https:\/\/sitechecker.pro\/de\/wp-json\/wp\/v2\/comments?post=30612"}],"version-history":[{"count":6,"href":"https:\/\/sitechecker.pro\/de\/wp-json\/wp\/v2\/pages\/30612\/revisions"}],"predecessor-version":[{"id":36866,"href":"https:\/\/sitechecker.pro\/de\/wp-json\/wp\/v2\/pages\/30612\/revisions\/36866"}],"wp:attachment":[{"href":"https:\/\/sitechecker.pro\/de\/wp-json\/wp\/v2\/media?parent=30612"}],"wp:term":[{"taxonomy":"category","embeddable":true,"href":"https:\/\/sitechecker.pro\/de\/wp-json\/wp\/v2\/categories?post=30612"},{"taxonomy":"post_tag","embeddable":true,"href":"https:\/\/sitechecker.pro\/de\/wp-json\/wp\/v2\/tags?post=30612"}],"curies":[{"name":"wp","href":"https:\/\/api.w.org\/{rel}","templated":true}]}}