{"id":30462,"date":"2024-02-12T13:39:47","date_gmt":"2024-02-12T13:39:47","guid":{"rendered":"https:\/\/sitechecker.pro\/?page_id=30462"},"modified":"2025-04-28T16:22:19","modified_gmt":"2025-04-28T16:22:19","slug":"html-source-code-viewer-inspect-code-identify-issues","status":"publish","type":"page","link":"https:\/\/sitechecker.pro\/de\/html-source-code-viewer\/","title":{"rendered":"HTML Code Testen | Code pr\u00fcfen und Probleme identifizieren"},"content":{"rendered":"<p><\/p>\n<h2 id=\"par1\">Was ist der HTML-Quellcode-Viewer?<\/h2>\n<p>Der HTML-Quellcode-Viewer von <a href=\"https:\/\/sitechecker.pro\/\" target=\"_blank\" rel=\"noopener noreferrer\">Sitechecker<\/a> ist ein Tool zum \u00dcberpr\u00fcfen und Analysieren des <a href=\"https:\/\/sitechecker.pro\/what-is-html\/\" target=\"_blank\" rel=\"noopener noreferrer\">HTML-Codes<\/a> einer Website, einschlie\u00dflich bestimmter Seiten, um Codevalidierungsprobleme zu identifizieren. Es hilft beim Verst\u00e4ndnis von Webseitenstrukturen, validiert Probleme und verbessert die Website-Leistung, indem es den Quellcode untersucht, den Browser zum Anzeigen von Websites verwenden.<\/p>\n<h3>Wie kann Ihnen der HTML-Quellcode-Checker helfen?<\/h3>\n<p><strong>HTML-Code \u00fcberpr\u00fcfen:<\/strong>beinhaltet das \u00dcberpr\u00fcfen der Struktur, Syntax und des Inhalts des HTML einer beliebigen Website-Seite. M\u00f6glichkeit, den Code zu kopieren und bestimmte Elemente zu finden.<\/p>\n<p><strong>Probleme identifizieren: <\/strong>Scannen Sie das HTML Ihrer Website, um Fehler oder Bereiche zu identifizieren, die verbessert werden m\u00fcssen.<\/p>\n<p><strong>Regelm\u00e4\u00dfige Validierung der Integrit\u00e4t des HTML-Codes: <\/strong>erleichtert die konsistente Erkennung von Fehlern im Code, generiert Validierungsberichte und priorisiert Fehler f\u00fcr die anschlie\u00dfende L\u00f6sung.<\/p>\n<h3>Hauptfunktionen des Tools<\/h3>\n<p><strong>Einheitliches Dashboard: <\/strong>bietet einen umfassenden \u00dcberblick \u00fcber die SEO-Integrit\u00e4t und Leistungsmetriken Ihrer Website an einem zentralen Ort. Es erm\u00f6glicht die einfache \u00dcberwachung wichtiger Indikatoren wie Verkehrsanalyse, Backlink-Qualit\u00e4t und Website-Geschwindigkeit und erleichtert so schnelle Bewertungen und Entscheidungen.<\/p>\n<p><strong>Benutzerfreundliche Oberfl\u00e4che: <\/strong>Entwickelt mit einer unkomplizierten und intuitiven Benutzeroberfl\u00e4che, die es Benutzern aller F\u00e4higkeitsstufen zug\u00e4nglich macht. Diese Benutzerfreundlichkeit stellt sicher, dass die Navigation durch die verschiedenen Funktionen und Tools einfach ist, was das allgemeine Benutzererlebnis verbessert.<\/p>\n<p><strong>Komplettes SEO-Toolset: <\/strong>bietet eine umfangreiche Suite von SEO-Tools, die alles von der Keyword-Recherche und <a href=\"https:\/\/sitechecker.pro\/on-page-seo-checker\/\" target=\"_blank\" rel=\"noopener noreferrer\">On-Page-SEO-Analyse<\/a> bis hin zu Backlink-Tracking und Website-Audits abdeckt. Mit diesem umfassenden Toolset k\u00f6nnen Sie alle Aspekte der SEO von einer einzigen Plattform aus angehen und den Optimierungsprozess f\u00fcr bessere Suchmaschinen-Rankings und Sichtbarkeit optimieren.<\/p>\n<h2 id=\"par2\">So verwenden Sie das Tool<\/h2>\n<p>Um eine Pr\u00fcfung durchzuf\u00fchren, w\u00e4hlen Sie die gew\u00fcnschte Option aus: \u00dcberpr\u00fcfen Sie entweder die gesamte Site oder eine bestimmte Seite. Durch die Pr\u00fcfung der gesamten Site k\u00f6nnen Sie h\u00e4ufige HTML-Codefehler identifizieren, die Trends dieser Fehler auf Ihrer Site beobachten und Empfehlungen zu ihrer L\u00f6sung erhalten. Die Validierung einer einzelnen Seite bietet eine sofortige Bewertung der HTML-Struktur.<\/p>\n<div class=\"content__img-wrap\"><img src=\"https:\/\/sitechecker.pro\/wp-content\/uploads\/2024\/08\/1-HTML-selector-min-1.png\" alt=\"Funnel ausw\u00e4hlen\" class=\"description-img description-img-zoom\" loading=\"lazy\" ><\/div>\n<h2 id=\"par3\">Domain-Check<\/h2>\n<h3>Schritt 1: Um den Domain-Check zu starten, klicken Sie auf die entsprechende Schaltfl\u00e4che, um den Vorgang zu starten<\/h3>\n<div class=\"content__img-wrap\"><img src=\"https:\/\/sitechecker.pro\/wp-content\/uploads\/2024\/08\/2-HTML-code-website-check-min-1.png\" alt=\"Domain Funnel Check\" class=\"description-img description-img-zoom\" loading=\"lazy\" ><\/div>\n<h3>Schritt 2: Ergebnisse abrufen<\/h3>\n<p>Die Online-Software \u201eHTML Source Code Viewer\u201c ist ein umfassendes Tool, das verschiedene Aspekte der Website-Gesundheit anzeigt.<\/p>\n<p>Das Tool enth\u00e4lt eine Liste mit Problemen, die spezifische HTML-Probleme, die die Site betreffen, von strukturierten Datenproblemen bis hin zu doppelten Attributen, detailliert auflistet und die Anzahl der betroffenen Seiten anzeigt. Dieser Abschnitt wird durch einen Bereich erg\u00e4nzt, der best\u00e4tigt, welche Pr\u00fcfungen die Site bestanden hat, was in gewisser Hinsicht auf einen einwandfreien Zustand hinweist.<\/p>\n<p>Oben finden Sie Optionen f\u00fcr sofortige Aktionen, z. B. das Starten eines neuen Crawls, das Herunterladen eines PDF-Berichts oder das Exportieren der Ergebnisse zur weiteren Analyse. Eine Zusammenfassung der Metriken bietet eine schnelle Momentaufnahme des Status der Site und gibt die Anzahl der kritischen Probleme, Warnungen und Hinweise an, zusammen mit einem dynamischen Website-Score, der den Gesamtzustand auf einer Skala von 1 bis 100 bewertet.<\/p>\n<div class=\"content__img-wrap\"><img src=\"https:\/\/sitechecker.pro\/wp-content\/uploads\/2024\/02\/code-validation-issues.png\" alt=\"Code Validation Issues\" class=\"description-img description-img-zoom\" loading=\"lazy\" ><\/div>\n<h3>Zus\u00e4tzliche Funktionen<\/h3>\n<p>Wenn Sie auf die Schaltfl\u00e4che \u201eAlle Seiten anzeigen\u201c klicken, gelangen Sie zu einem Bildschirm mit einer Liste der Seiten Ihrer Site sowie Filteroptionen, mit denen Sie schnell finden, was Sie ben\u00f6tigen. Wenn Sie eine Seite ausw\u00e4hlen, werden Ihnen Details zu ihrem technischen Status angezeigt und Sie haben die M\u00f6glichkeit, die HTML-Daten zu pr\u00fcfen, sie zu kopieren oder bestimmte Elemente zu finden.<\/p>\n<div class=\"content__img-wrap\"><img src=\"https:\/\/sitechecker.pro\/wp-content\/uploads\/2024\/02\/html-source-code.png\" alt=\"HTML-Quellcode\" class=\"description-img description-img-zoom\" loading=\"lazy\" ><\/div>\n<h2 id=\"par4\">HTML-Code einer bestimmten Seite pr\u00fcfen<\/h2>\n<h3>Schritt 1: W\u00e4hlen Sie die Option \u201eSeitenpr\u00fcfung\u201c<\/h3>\n<div class=\"content__img-wrap\"><img src=\"https:\/\/sitechecker.pro\/wp-content\/uploads\/2024\/08\/3-Get-Page-HTML-code-min-1.png\" alt=\"Seitentrichterpr\u00fcfung\" class=\"description-img description-img-zoom\" loading=\"lazy\" ><\/div>\n<h3>Schritt 2: Ergebnisse abrufen<\/h3>\n<p>Auf der rechten Seite pr\u00e4sentiert das Tool eine geteilte Ansicht. Auf der einen Seite wird der HTML-Code der gepr\u00fcften Seite angezeigt, sodass Sie die Quelle direkt im Tool pr\u00fcfen k\u00f6nnen. Der HTML-Datenabschnitt enth\u00e4lt die Doctype-Deklaration, das Sprachattribut, den Meta-Zeichensatz und eine Reihe alternativer Link-Tags f\u00fcr verschiedene Sprachversionen, was auf eine mehrsprachige Website-Einrichtung hinweist. Die andere Seite der geteilten Ansicht ist f\u00fcr die HTTP-Header-Informationen vorgesehen, die f\u00fcr die Diagnose von Problemen im Zusammenhang mit Serverantworten und Seitenzug\u00e4nglichkeit von entscheidender Bedeutung sind.<\/p>\n<div class=\"content__img-wrap\"><img src=\"https:\/\/sitechecker.pro\/wp-content\/uploads\/2024\/02\/page-html.png\" alt=\"Page HTML\" class=\"description-img description-img-zoom\" loading=\"lazy\" ><\/div>\n<p>Um einen umfassenden \u00dcberblick \u00fcber die Funktionen des Tools zu erhalten, die \u00fcber die Analyse des HTML-Codes einer einzelnen Seite hinausgehen, lesen Sie die Dom\u00e4nen\u00fcberpr\u00fcfungsbildschirme, die im Einf\u00fchrungsabschnitt des Handbuchs \u00fcber die Durchf\u00fchrung eines Dom\u00e4nenscans beschrieben werden.<\/p>\n<div class=\"content__img-wrap\"><img src=\"https:\/\/sitechecker.pro\/wp-content\/uploads\/2024\/02\/run-full-website-audit_65ca1cb6765ae.png\" alt=\"Vollst\u00e4ndige Website-Pr\u00fcfung durchf\u00fchren\" class=\"description-img description-img-zoom\" loading=\"lazy\" ><\/div>\n<p>Alternativ k\u00f6nnen Sie \u201eSite-Pr\u00fcfung\u201c ausw\u00e4hlen, um sich die gesamte Palette der Funktionen des Tools anzusehen. Diese Erkundung erm\u00f6glicht es Ihnen zu verstehen, wie das Tool eingesetzt werden kann, um die Leistung Ihrer Website zu verbessern.<\/p>\n<h3>Zus\u00e4tzliche Funktionen<\/h3>\n<p>Das Tool \u201eHTML Code Checker\u201c bietet eine umfassende Analyse der SEO-Gesundheit einer Webseite. Es verf\u00fcgt \u00fcber ein Bewertungssystem, das hier bis zu 100 anzeigt und das Optimierungsniveau der Seite widerspiegelt.<\/p>\n<p>Kritische Probleme und Warnungen werden zur schnellen Identifizierung zusammengefasst und im Navigationsbereich detailliert beschrieben, der verschiedene SEO-Aspekte wie Linkanalyse, Inhaltsrelevanz, Bilder, PageSpeed-Einblicke usw. enth\u00e4lt.<\/p>\n<div class=\"content__img-wrap\"><img src=\"https:\/\/sitechecker.pro\/wp-content\/uploads\/2024\/02\/on-page-seo-checker.png\" alt=\"On-Page SEO Checker\" class=\"description-img description-img-zoom\" loading=\"lazy\" ><\/div>\n<p>Das Tool bietet auch einen Abschnitt zum \u00dcberpr\u00fcfen von Links, der die Gesundheit und Relevanz ausgehender und eingehender Verbindungen anzeigt. Diese Funktion ist wichtig, um die SEO-Attribute der Seite zu optimieren und die Website-Leistung zu verbessern.<\/p>\n<h2 id=\"par5\">Abschlie\u00dfende Idee<\/h2>\n<p>Das Page Inspector Tool ist ein Online-Tool zum Analysieren und Validieren von HTML-Code f\u00fcr Webseiten. Es hilft beim Identifizieren von Problemen, beim Verstehen von Seitenstrukturen und beim Verbessern der Website-Leistung. Zu den wichtigsten Funktionen geh\u00f6ren ein einheitliches Dashboard f\u00fcr eine allgemeine SEO-Gesundheitsansicht, eine benutzerfreundliche Oberfl\u00e4che und ein komplettes SEO-Toolset f\u00fcr umfassende Optimierungsaufgaben. Benutzer k\u00f6nnen Site-weite \u00dcberpr\u00fcfungen durchf\u00fchren oder sich auf bestimmte Seiten konzentrieren, um Fehler zu erkennen und Empfehlungen zu erhalten. Das Tool bietet au\u00dferdem detaillierte Berichte, sofortigen Codeabruf und die M\u00f6glichkeit, HTML- und <a href=\"https:\/\/sitechecker.pro\/http-header-checker\/\" data-wpil-monitor-id=\"237\">HTTP-Header<\/a> zu pr\u00fcfen, zu kopieren und Fehler zu beheben. Es erm\u00f6glicht sowohl detaillierte Analysen als auch schnelle \u00dcberpr\u00fcfungen.<\/p>\n<div id=\"par6\"><\/div>\n<p><div class=\"front__faq-block\"><div class=\"faq__block-title\">FAQ<\/div><div class=\"panel-group\" id=\"faq-accordion\" itemscope itemtype=\"https:\/\/schema.org\/FAQPage\" role=\"tablist\" aria-multiselectable=\"true\"><div class=\"panel\" itemscope itemtype=\"https:\/\/schema.org\/Question\" itemprop=\"mainEntity\">\n                            <div class=\"panel-heading\" id=\"headingFaq-1\">\n                                <div class=\"panel-title\" data-toggle=\"collapse\" aria-expanded=\"false\" href=\"#collapseFaq-1\">\n                                    <h3 itemprop=\"name\">Was ist der Hauptzweck des HTML-Quellcode-Scanners?<\/h3>\n                                <\/div>\n                            <\/div>\n                            <div id=\"collapseFaq-1\" class=\"panel-collapse collapse\" itemprop=\"acceptedAnswer\" itemscope itemtype=\"http:\/\/schema.org\/Answer\">\n                                <div class=\"panel-body\" itemprop=\"text\">Sein Hauptzweck besteht darin, das HTML von Webseiten zu analysieren, um Fehler zu identifizieren, die Codeintegrit\u00e4t sicherzustellen und die Leistung und SEO einer Website zu verbessern.<\/div>\n                            <\/div>\n                        <\/div><div class=\"panel\" itemscope itemtype=\"https:\/\/schema.org\/Question\" itemprop=\"mainEntity\">\n                            <div class=\"panel-heading\" id=\"headingFaq-2\">\n                                <div class=\"panel-title\" data-toggle=\"collapse\" aria-expanded=\"false\" href=\"#collapseFaq-2\">\n                                    <h3 itemprop=\"name\">Gibt es Funktionen zum \u00dcberwachen von \u00c4nderungen der SEO-Integrit\u00e4t einer Website im Laufe der Zeit?<\/h3>\n                                <\/div>\n                            <\/div>\n                            <div id=\"collapseFaq-2\" class=\"panel-collapse collapse\" itemprop=\"acceptedAnswer\" itemscope itemtype=\"http:\/\/schema.org\/Answer\">\n                                <div class=\"panel-body\" itemprop=\"text\">Ja, das Tool enth\u00e4lt Funktionen zum Verfolgen der Trends von HTML-Fehlern und anderen SEO-Problemen, wodurch die Integrit\u00e4t einer Website dynamisch \u00fcberwacht werden kann.<\/div>\n                            <\/div>\n                        <\/div><div class=\"panel\" itemscope itemtype=\"https:\/\/schema.org\/Question\" itemprop=\"mainEntity\">\n                            <div class=\"panel-heading\" id=\"headingFaq-3\">\n                                <div class=\"panel-title\" data-toggle=\"collapse\" aria-expanded=\"false\" href=\"#collapseFaq-3\">\n                                    <h3 itemprop=\"name\">Wie benutzerfreundlich ist der HTML-Quellcode-Analysator f\u00fcr nicht-technische Benutzer?<\/h3>\n                                <\/div>\n                            <\/div>\n                            <div id=\"collapseFaq-3\" class=\"panel-collapse collapse\" itemprop=\"acceptedAnswer\" itemscope itemtype=\"http:\/\/schema.org\/Answer\">\n                                <div class=\"panel-body\" itemprop=\"text\">Das Tool verf\u00fcgt \u00fcber eine unkomplizierte und intuitive Benutzeroberfl\u00e4che, sodass es f\u00fcr Benutzer aller F\u00e4higkeitsstufen zug\u00e4nglich und einfach zu verwenden ist.<\/div>\n                            <\/div>\n                        <\/div><div class=\"panel\" itemscope itemtype=\"https:\/\/schema.org\/Question\" itemprop=\"mainEntity\">\n                            <div class=\"panel-heading\" id=\"headingFaq-4\">\n                                <div class=\"panel-title\" data-toggle=\"collapse\" aria-expanded=\"false\" href=\"#collapseFaq-4\">\n                                    <h3 itemprop=\"name\">Gibt es innerhalb der HTML-Quellcode-Checker-Funktion Unterst\u00fctzung f\u00fcr mehrsprachige Websites?<\/h3>\n                                <\/div>\n                            <\/div>\n                            <div id=\"collapseFaq-4\" class=\"panel-collapse collapse\" itemprop=\"acceptedAnswer\" itemscope itemtype=\"http:\/\/schema.org\/Answer\">\n                                <div class=\"panel-body\" itemprop=\"text\">Ja, das Tool kann alternative Link-Tags f\u00fcr verschiedene Sprachversionen identifizieren und verarbeiten, was f\u00fcr mehrsprachige Website-Setups unerl\u00e4sslich ist.<\/div>\n                            <\/div>\n                        <\/div><\/div><\/div><\/p>","protected":false},"excerpt":{"rendered":"Was ist der HTML-Quellcode-Viewer? Der HTML-Quellcode-Viewer von Sitechecker ist ein Tool zum \u00dcberpr\u00fcfen und Analysieren des HTML-Codes einer Website, einschlie\u00dflich bestimmter Seiten, um Codevalidierungsprobleme zu identifizieren. Es hilft beim Verst\u00e4ndnis von Webseitenstrukturen, validiert Probleme und verbessert die Website-Leistung, indem es den Quellcode untersucht, den Browser zum Anzeigen von Websites verwenden. Wie kann Ihnen der HTML-Quellcode-Checker&#8230;","protected":false},"author":10409641,"featured_media":0,"parent":0,"menu_order":0,"comment_status":"closed","ping_status":"closed","template":"pages-templates\/pages-minitools-3.php","meta":[],"categories":[74],"tags":[],"_links":{"self":[{"href":"https:\/\/sitechecker.pro\/de\/wp-json\/wp\/v2\/pages\/30462"}],"collection":[{"href":"https:\/\/sitechecker.pro\/de\/wp-json\/wp\/v2\/pages"}],"about":[{"href":"https:\/\/sitechecker.pro\/de\/wp-json\/wp\/v2\/types\/page"}],"author":[{"embeddable":true,"href":"https:\/\/sitechecker.pro\/de\/wp-json\/wp\/v2\/users\/10409641"}],"replies":[{"embeddable":true,"href":"https:\/\/sitechecker.pro\/de\/wp-json\/wp\/v2\/comments?post=30462"}],"version-history":[{"count":12,"href":"https:\/\/sitechecker.pro\/de\/wp-json\/wp\/v2\/pages\/30462\/revisions"}],"predecessor-version":[{"id":38160,"href":"https:\/\/sitechecker.pro\/de\/wp-json\/wp\/v2\/pages\/30462\/revisions\/38160"}],"wp:attachment":[{"href":"https:\/\/sitechecker.pro\/de\/wp-json\/wp\/v2\/media?parent=30462"}],"wp:term":[{"taxonomy":"category","embeddable":true,"href":"https:\/\/sitechecker.pro\/de\/wp-json\/wp\/v2\/categories?post=30462"},{"taxonomy":"post_tag","embeddable":true,"href":"https:\/\/sitechecker.pro\/de\/wp-json\/wp\/v2\/tags?post=30462"}],"curies":[{"name":"wp","href":"https:\/\/api.w.org\/{rel}","templated":true}]}}