{"id":30166,"date":"2024-02-01T12:49:09","date_gmt":"2024-02-01T12:49:09","guid":{"rendered":"https:\/\/sitechecker.pro\/?page_id=30166"},"modified":"2026-02-13T16:49:09","modified_gmt":"2026-02-13T16:49:09","slug":"anchor-text-checker-accurate-detection-anchors-webpages","status":"publish","type":"page","link":"https:\/\/sitechecker.pro\/de\/anchor-text-checker\/","title":{"rendered":"Kostenloses Ankertext-Tool | Genaue Erkennung von Ankern auf Webseiten"},"content":{"rendered":"<p><\/p>\n<h2 id=\"par1\">Was ist Anchor Text Checker?<\/h2>\n<p>Der Anchor Text Checker von <a href=\"https:\/\/sitechecker.pro\/\" target=\"_blank\" rel=\"noopener noreferrer\">Sitechecker<\/a> ist ein SEO-Tool, das den anklickbaren Text in Hyperlinks analysiert, die auf eine Website verweisen. Es hilft dabei, die Vielfalt und Relevanz dieser Linktexte zu identifizieren und sicherzustellen, dass sie den SEO-Best Practices entsprechen. Dieses Tool ist entscheidend, um \u00dcberoptimierungen zu erkennen und das <a href=\"https:\/\/sitechecker.pro\/what-is-backlink\/\" target=\"_blank\" rel=\"noopener noreferrer\">Backlink-Profil<\/a> einer Website zu verbessern, was f\u00fcr bessere Suchmaschinen-Rankings wichtig ist.<\/p>\n<h3>Das Tool kann Ihnen in vielerlei Hinsicht helfen<\/h3>\n<p><strong>Ankertextanalyse: <\/strong>hervorragend geeignet f\u00fcr die Analyse der Vielfalt und Relevanz von Ankertexten auf einer Website, erm\u00f6glicht die <a href=\"https:\/\/sitechecker.pro\/link-extractor\/\" target=\"_blank\" rel=\"noopener noreferrer\">\u00dcberpr\u00fcfung aller Links<\/a> auf Ihrer Website oder das Durchforsten bestimmter Seiten f\u00fcr detaillierte Einblicke.<\/p>\n<p><strong>Erkennung von Ankerproblemen: <\/strong>hebt effektiv kritische Bereiche bei der Verwendung von Ankertexten hervor, wie z. B. \u00fcberm\u00e4\u00dfige Wiederholung oder mangelnde Vielfalt, die f\u00fcr die Aufrechterhaltung eines gesunden SEO-Profils und die Vermeidung von Suchmaschinenstrafen von entscheidender Bedeutung sind.<\/p>\n<p><strong>Einblicke zur Ankerpunktverbesserung: <\/strong>bietet detaillierte Einblicke in die Verwendung von Linktexten auf einer Website. Der Hyperlinks Text Checker hilft Ihnen bei der Optimierung der <a href=\"https:\/\/sitechecker.pro\/what-is-internal-link\/\" target=\"_blank\" rel=\"noopener noreferrer\">internen<\/a> und <a href=\"https:\/\/sitechecker.pro\/what-are-external-links\/\" target=\"_blank\" rel=\"noopener noreferrer\">externen<\/a> Verlinkungspraktiken.<\/p>\n<h3>Hauptfunktionen des Tools<\/h3>\n<p><strong>Einheitliches Dashboard: <\/strong>bietet einen zentralen Ort, an dem alle SEO-bezogenen Daten und Metriken angezeigt werden. Damit k\u00f6nnen Benutzer ganz einfach <a href=\"https:\/\/sitechecker.pro\/website-monitoring\/\" target=\"_blank\" rel=\"noopener noreferrer\">die Leistung einer Website \u00fcberwachen<\/a>, Rankings verfolgen, Backlink-Profile anzeigen und die Website-Gesundheit analysieren \u2013 alles von einem einzigen Dashboard aus.<\/p>\n<p><strong>Benutzerfreundliche Oberfl\u00e4che: <\/strong>mit Fokus auf Benutzerfreundlichkeit entwickelt. Die Benutzeroberfl\u00e4che ist intuitiv und sowohl f\u00fcr Anf\u00e4nger als auch f\u00fcr erfahrene SEO-Profis zug\u00e4nglich.<\/p>\n<p><strong>Komplettes SEO-Toolset: <\/strong>bietet eine umfassende Suite von SEO-Tools, die alle Aspekte der Website-Optimierung abdecken. Dazu geh\u00f6ren On-Page-SEO-Audits, Keyword-Tracking, Backlink-Analyse, Website-Ranking-Tracking und mehr.<\/p>\n<h2 id=\"par2\">So verwenden Sie das Tool<\/h2>\n<p>W\u00e4hlen Sie f\u00fcr die Ankerextraktion die Dom\u00e4nenmethode, um alle Links auf einer Website zu analysieren, oder w\u00e4hlen Sie die Einzelseitenmethode f\u00fcr detaillierte Informationen zu einer bestimmten Seite. Geben Sie Ihre Dom\u00e4ne oder URL ein und klicken Sie auf \u201eAlle Anker abrufen\u201c, um zu beginnen. Sobald es bereit ist, beginnt das Tool mit der Analyse der Site-Daten.<\/p>\n<div class=\"content__img-wrap\"><img src=\"https:\/\/sitechecker.pro\/wp-content\/uploads\/2024\/08\/1-Anchors-Selector-min.png\" alt=\"Anchor Text Checker Page\" class=\"description-img description-img-zoom\" loading=\"lazy\" ><\/div>\n<h2 id=\"par3\">Domain Check<\/h2>\n<h3>Schritt 1: W\u00e4hlen Sie die Domain-Option, geben Sie die Domain ein, die Sie analysieren m\u00f6chten, und klicken Sie auf die Schaltfl\u00e4che \u201eAlle Anker abrufen\u201c<\/h3>\n<div class=\"content__img-wrap\"><img src=\"https:\/\/sitechecker.pro\/wp-content\/uploads\/2024\/08\/1-Website-Anchors-Check-min.png\" alt=\"Anchor Text Checker Domain\" class=\"description-img description-img-zoom\" loading=\"lazy\" ><\/div>\n<div class=\"important-block\">Um Ergebnisse zu erhalten und 14 Tage lang auf die Funktionen von Sitechecker zuzugreifen, starten Sie Ihre KOSTENLOSE Testversion. Die Anmeldung ist ganz einfach mit Ihrem E-Mail-, Google- oder Facebook-Konto. Es ist keine Kreditkarte erforderlich.<\/div>\n<h3>Schritt 2: Ergebnisse abrufen<\/h3>\n<p>Der Hauptbereich des Tools zeigt eine Liste mit Problemen, in der die Probleme in die Kategorien \u201eAlle Probleme\u201c, \u201eKritisch\u201c, \u201eWarnungen\u201c, \u201eChancen\u201c, \u201eHinweise\u201c und \u201eKeine Probleme\u201c eingeteilt sind.<\/p>\n<p>In dieser Liste werden bestimmte Probleme im Zusammenhang mit Links hervorgehoben, z. B. interne Links zu 3xx-Seiten, Seiten mit nur einer verfolgten internen Link-URL usw.<\/p>\n<p>Eine Ankerwarnung zeigt an, dass es mehrere Seiten mit ausgehenden internen Links gibt, die einen einwortigen Linktext verwenden. Dies k\u00f6nnte auf einen Mangel an Keyword-Vielfalt hinweisen, was f\u00fcr SEO nicht ideal ist, da Suchmaschinen m\u00f6glicherweise mehr Kontext zum verlinkten Inhalt bereitgestellt werden muss.<\/p>\n<p>Au\u00dferdem zeigt der interne Ankertext-Checker Seiten mit mehr als zwei Links zu einer internen Seite mit demselben Ankertext an, was von Suchmaschinen als \u00dcberoptimierung gekennzeichnet werden und sich negativ auf die SEO-Leistung der Site auswirken k\u00f6nnte.<\/p>\n<div class=\"content__img-wrap\"><img src=\"https:\/\/sitechecker.pro\/wp-content\/uploads\/2024\/02\/site-audit-results.png\" alt=\"Site Audit Results\" class=\"description-img description-img-zoom\" loading=\"lazy\" ><\/div>\n<p>Backlink Anchor Text Checker hat vorsorglich einen umfangreichen Crawl durchgef\u00fchrt und die in den internen und externen Links Ihrer Site verwendeten Linktexte identifiziert und kategorisiert. Sie k\u00f6nnen auf diese Daten zugreifen, die wertvolle Erkenntnisse zur Verfeinerung Ihrer Ankertextverteilung bieten, indem Sie auf \u201eAlle Seiten anzeigen\u201c klicken und eine bestimmte Seite ausw\u00e4hlen.<\/p>\n<div class=\"content__img-wrap\"><img src=\"https:\/\/sitechecker.pro\/wp-content\/uploads\/2024\/02\/page-details-anchors.png\" alt=\"Page Details Anchors\" class=\"description-img description-img-zoom\" loading=\"lazy\" ><\/div>\n<h3>Zus\u00e4tzliche Funktionen<\/h3>\n<p>Der Anchor Text Detector liefert eine umfassende diagnostische \u00dcbersicht \u00fcber SEO-bezogene Probleme und hebt den Prozentsatz der Seiten hervor, die von bestimmten Herausforderungen betroffen sind. Er identifiziert die Seiten, die unter anderem Verbesserungen in Bezug auf linkbezogene SEO, Inhaltsrelevanz und Seitengeschwindigkeit ben\u00f6tigen.<\/p>\n<p>Dar\u00fcber hinaus bietet das Tool Einblicke in Indexierbarkeit, Weiterleitungen und Sitemap-Bedenken, um maximale Sichtbarkeit in Suchmaschinen zu gew\u00e4hrleisten und das Benutzererlebnis zu verbessern. Die Analyse soll Benutzern dabei helfen, ihre SEO-Strategien effektiv zu priorisieren.<\/p>\n<div class=\"content__img-wrap\"><img src=\"https:\/\/sitechecker.pro\/wp-content\/uploads\/2024\/02\/affected-pages-by-category.png\" alt=\"Betroffene Seiten nach Kategorie\" class=\"description-img description-img-zoom\" loading=\"lazy\" ><\/div>\n<h2 id=\"par4\">Page Anchor Text Checker<\/h2>\n<p>Der Anchor Text Checker ist eine wichtige Funktion zur Analyse des Linkprofils Ihrer Site und bietet einen detaillierten Einblick in die Linktexte, die mit Ihren externen, internen und Subdomain-Links verkn\u00fcpft sind. Dieses Tool hilft dabei, zu identifizieren, wie jeder Link verankert ist, und stellt sicher, dass er mit Ihren SEO-Strategien \u00fcbereinstimmt. Au\u00dferdem werden die HTTP-Antwortcodes \u00fcberpr\u00fcft, um die Integrit\u00e4t und Erreichbarkeit der verlinkten Seiten zu best\u00e4tigen. Ob Sie nun verfolgen m\u00f6chten, wie externe Websites auf Ihre Website verweisen, oder Ihre interne Linkstruktur verstehen m\u00f6chten, der Anchor Text Checker liefert Ihnen die n\u00f6tigen Erkenntnisse, um die Linkstrategie Ihrer Website fundiert zu optimieren.<\/p>\n<div class=\"content__img-wrap\"><img src=\"https:\/\/sitechecker.pro\/wp-content\/uploads\/2024\/08\/3-Page-Anchors-Check-min.png\" alt=\"External Internal Subdomain Links\" class=\"description-img description-img-zoom\" loading=\"lazy\" ><\/div>\n<p>Um die Auswirkungen von Linktexten auf Ihrer Website zu verstehen, ist mehr als eine seitenweise Analyse erforderlich. F\u00fcr eine ganzheitliche Bewertung starten Sie eine umfassende Site-\u00dcberpr\u00fcfung, indem Sie auf die Schaltfl\u00e4che \u201eVollst\u00e4ndige Website-Pr\u00fcfung durchf\u00fchren\u201c klicken.<\/p>\n<p>Um weitere Einblicke in die M\u00f6glichkeiten des Tools nach der Dom\u00e4nenanalyse zu erhalten, lesen Sie den Abschnitt zur Dom\u00e4nen\u00fcberpr\u00fcfung am Anfang dieses Handbuchs. Um die Vorteile des Tools aus erster Hand zu erleben, interagieren Sie au\u00dferdem mit dem bereitgestellten Demoprojekt. Entdecken Sie das volle Potenzial des Tools, indem Sie die Schaltfl\u00e4che \u201eSite-Pr\u00fcfung\u201c ausw\u00e4hlen.<\/p>\n<div class=\"content__img-wrap\"><img src=\"https:\/\/sitechecker.pro\/wp-content\/uploads\/2024\/02\/run-full-website-audit.png\" alt=\"Vollst\u00e4ndiges Website-Audit ausf\u00fchren\" class=\"description-img description-img-zoom\" loading=\"lazy\" ><\/div>\n<h3>Zus\u00e4tzliche Funktionen des Page Anchor Checker<\/h3>\n<p>Der Anchor Text Checker verbessert die SEO Ihrer Website, indem er einen integrierten Satz von Funktionen bietet. Er beginnt mit einer \u00dcbersicht aller SEO-Probleme und f\u00fchrt Sie zu Bereichen, die verbessert werden m\u00fcssen.<\/p>\n<p>Die Inhaltsoptimierung stellt sicher, dass Ihr Text den SEO-Best Practices entspricht, w\u00e4hrend die Funktion f\u00fcr strukturierte Daten \u00fcberpr\u00fcft, ob Suchmaschinen den Kontext Ihres Inhalts verstehen k\u00f6nnen.<\/p>\n<p>Die Bildoptimierung bewertet die SEO-Auswirkungen von Bildern und die umfassendere Suchoptimierung bewertet die Sichtbarkeit Ihrer Website in Suchergebnissen.<\/p>\n<p>PageSpeed \u200b\u200bInsights analysiert die Ladezeiten, was sowohl f\u00fcr die Benutzererfahrung als auch f\u00fcr das Suchranking von entscheidender Bedeutung ist. Diese Tools arbeiten zusammen, um einen optimierten, effektiven Ansatz f\u00fcr SEO zu erzielen.<\/p>\n<div class=\"content__img-wrap\"><img src=\"https:\/\/sitechecker.pro\/wp-content\/uploads\/2024\/02\/issues-overview.png\" alt=\"Problem\u00fcbersicht\" class=\"description-img description-img-zoom\" loading=\"lazy\" ><\/div>\n<h2 id=\"par5\">Abschlie\u00dfende Idee<\/h2>\n<p>Der Anchor Text Checker ist ein wichtiges SEO-Tool, das alle Ankertexte auf Ihrer Website und die darauf zur\u00fcckverlinkenden Texte erkennt. Mit einer benutzerfreundlichen Oberfl\u00e4che und einem robusten Funktionsumfang bietet es eine umfassende Analyse der Linktexte und der allgemeinen Website-Gesundheit. Dieses Tool ist perfekt f\u00fcr Websitebesitzer und SEO-Experten, da es Verbesserungsbereiche aufzeigt und wertvolle Erkenntnisse liefert, um das Suchranking und die Benutzererfahrung zu verbessern. Mit zus\u00e4tzlichen Funktionen f\u00fcr Inhalts-, Bild- und Suchoptimierung sowie Geschwindigkeitseinblicken dient es als umfassende L\u00f6sung zur St\u00e4rkung Ihrer Online-Pr\u00e4senz.<\/p>\n<div id=\"par6\"><\/div>\n<p><div class=\"front__faq-block\"><div class=\"faq__block-title\">FAQ<\/div><div class=\"panel-group\" id=\"faq-accordion\" itemscope itemtype=\"https:\/\/schema.org\/FAQPage\" role=\"tablist\" aria-multiselectable=\"true\"><div class=\"panel\" itemscope itemtype=\"https:\/\/schema.org\/Question\" itemprop=\"mainEntity\">\n                            <div class=\"panel-heading\" id=\"headingFaq-1\">\n                                <div class=\"panel-title\" data-toggle=\"collapse\" aria-expanded=\"false\" href=\"#collapseFaq-1\">\n                                    <h3 itemprop=\"name\">Kann der Anchor Text Checker bei Offpage-SEO helfen?<\/h3>\n                                <\/div>\n                            <\/div>\n                            <div id=\"collapseFaq-1\" class=\"panel-collapse collapse\" itemprop=\"acceptedAnswer\" itemscope itemtype=\"http:\/\/schema.org\/Answer\">\n                                <div class=\"panel-body\" itemprop=\"text\">Ja, es kann die Linktexte von Backlinks analysieren und Ihnen so dabei helfen, Ihre Offpage-SEO-Strategie zu verstehen und zu verbessern.<\/div>\n                            <\/div>\n                        <\/div><div class=\"panel\" itemscope itemtype=\"https:\/\/schema.org\/Question\" itemprop=\"mainEntity\">\n                            <div class=\"panel-heading\" id=\"headingFaq-2\">\n                                <div class=\"panel-title\" data-toggle=\"collapse\" aria-expanded=\"false\" href=\"#collapseFaq-2\">\n                                    <h3 itemprop=\"name\">K\u00f6nnen Anf\u00e4nger den Anchor Text Checker effektiv nutzen?<\/h3>\n                                <\/div>\n                            <\/div>\n                            <div id=\"collapseFaq-2\" class=\"panel-collapse collapse\" itemprop=\"acceptedAnswer\" itemscope itemtype=\"http:\/\/schema.org\/Answer\">\n                                <div class=\"panel-body\" itemprop=\"text\">Ja, das Tool hat eine benutzerfreundliche Oberfl\u00e4che, die sowohl f\u00fcr SEO-Neulinge als auch f\u00fcr Profis konzipiert ist.<\/div>\n                            <\/div>\n                        <\/div><div class=\"panel\" itemscope itemtype=\"https:\/\/schema.org\/Question\" itemprop=\"mainEntity\">\n                            <div class=\"panel-heading\" id=\"headingFaq-3\">\n                                <div class=\"panel-title\" data-toggle=\"collapse\" aria-expanded=\"false\" href=\"#collapseFaq-3\">\n                                    <h3 itemprop=\"name\">Bietet das Tool Echtzeit-Updates zur Anker-Performance?<\/h3>\n                                <\/div>\n                            <\/div>\n                            <div id=\"collapseFaq-3\" class=\"panel-collapse collapse\" itemprop=\"acceptedAnswer\" itemscope itemtype=\"http:\/\/schema.org\/Answer\">\n                                <div class=\"panel-body\" itemprop=\"text\">Das Tool bietet wahrscheinlich eine Funktion zum Verfolgen der Anker-Performance und Updates zum Zustand der Backlinks, die je nach Crawling-Frequenz des Tools nahezu in Echtzeit erfolgen k\u00f6nnen.<\/div>\n                            <\/div>\n                        <\/div><\/div><\/div><\/p>","protected":false},"excerpt":{"rendered":"Was ist Anchor Text Checker? Der Anchor Text Checker von Sitechecker ist ein SEO-Tool, das den anklickbaren Text in Hyperlinks analysiert, die auf eine Website verweisen. Es hilft dabei, die Vielfalt und Relevanz dieser Linktexte zu identifizieren und sicherzustellen, dass sie den SEO-Best Practices entsprechen. Dieses Tool ist entscheidend, um \u00dcberoptimierungen zu erkennen und das&#8230;","protected":false},"author":10409641,"featured_media":0,"parent":0,"menu_order":0,"comment_status":"closed","ping_status":"closed","template":"pages-templates\/pages-minitools-3.php","meta":[],"categories":[72],"tags":[],"_links":{"self":[{"href":"https:\/\/sitechecker.pro\/de\/wp-json\/wp\/v2\/pages\/30166"}],"collection":[{"href":"https:\/\/sitechecker.pro\/de\/wp-json\/wp\/v2\/pages"}],"about":[{"href":"https:\/\/sitechecker.pro\/de\/wp-json\/wp\/v2\/types\/page"}],"author":[{"embeddable":true,"href":"https:\/\/sitechecker.pro\/de\/wp-json\/wp\/v2\/users\/10409641"}],"replies":[{"embeddable":true,"href":"https:\/\/sitechecker.pro\/de\/wp-json\/wp\/v2\/comments?post=30166"}],"version-history":[{"count":15,"href":"https:\/\/sitechecker.pro\/de\/wp-json\/wp\/v2\/pages\/30166\/revisions"}],"predecessor-version":[{"id":39265,"href":"https:\/\/sitechecker.pro\/de\/wp-json\/wp\/v2\/pages\/30166\/revisions\/39265"}],"wp:attachment":[{"href":"https:\/\/sitechecker.pro\/de\/wp-json\/wp\/v2\/media?parent=30166"}],"wp:term":[{"taxonomy":"category","embeddable":true,"href":"https:\/\/sitechecker.pro\/de\/wp-json\/wp\/v2\/categories?post=30166"},{"taxonomy":"post_tag","embeddable":true,"href":"https:\/\/sitechecker.pro\/de\/wp-json\/wp\/v2\/tags?post=30166"}],"curies":[{"name":"wp","href":"https:\/\/api.w.org\/{rel}","templated":true}]}}