{"id":29818,"date":"2024-01-22T16:09:06","date_gmt":"2024-01-22T16:09:06","guid":{"rendered":"https:\/\/sitechecker.pro\/?page_id=29818"},"modified":"2026-02-18T15:58:04","modified_gmt":"2026-02-18T15:58:04","slug":"nofollow-link-checker-detect-nofollow-attributes-website","status":"publish","type":"page","link":"https:\/\/sitechecker.pro\/de\/nofollow-link-checker\/","title":{"rendered":"Nofollow-Link-Checker | Nofollow-Attribute auf Websites erkennen"},"content":{"rendered":"<p><\/p>\n<h2 id=\"par1\">Was ist ein Nofollow-Link-Checker-Tool?<\/h2>\n<p>Der Nofollow Link Checker ist ein Tool, das eine Webseite analysiert und das rel=&#8221;nofollow&#8221;-Attribut aller Links sowie Indexierungsanweisungen identifiziert. Es erkennt Robots-Meta- und <a href=\"https:\/\/sitechecker.pro\/meta-robots-tag\/\" target=\"_blank\" rel=\"noopener noreferrer\">X-Robots-Tag<\/a>-Einstellungen, pr\u00fcft auf <a href=\"https:\/\/sitechecker.pro\/link-attributes\/\" target=\"_blank\" rel=\"noopener noreferrer\">nofollow-Attribute<\/a>, zeigt interne und externe Dofollow-\/Nofollow-Links an, liefert eine vollst\u00e4ndige Liste aller Ankertexte und gibt die <a href=\"https:\/\/sitechecker.pro\/http-status-codes-list\/\" target=\"_blank\" rel=\"noopener noreferrer\">Statuscodes<\/a> f\u00fcr jede URL zur\u00fcck.<\/p>\n<h3>Wie das Tool Ihnen helfen kann<\/h3>\n<p><strong>Erkennung von Robots- und X-Robots-Tag-Regeln: <\/strong>pr\u00fcft, ob die Seite Robots-Meta- oder X-Robots-Tag-Anweisungen enth\u00e4lt, und hilft dabei, noindex, nofollow oder andere Regeln zu erkennen, die das <a href=\"https:\/\/sitechecker.pro\/website-crawler\/\" target=\"_blank\" rel=\"noopener noreferrer\">Crawling<\/a> oder die <a href=\"https:\/\/sitechecker.pro\/google-index\/\" target=\"_blank\" rel=\"noopener noreferrer\">Indexierung<\/a> einschr\u00e4nken k\u00f6nnen.<\/p>\n<p><strong>Erkennung interner und externer Nofollow-Links: <\/strong>identifiziert alle Dofollow- und Nofollow-Attribute in internen und externen Links und bietet vollst\u00e4ndige Transparenz dar\u00fcber, wie Linkautorit\u00e4t \u00fcber die Seite verteilt wird.<\/p>\n<p><strong>Vollst\u00e4ndiger Bericht zu Ankern und Linkstatus: <\/strong>liefert eine strukturierte Liste aller Ankertexte und \u00fcberpr\u00fcft die Statuscodes jeder URL, sodass Sie <a href=\"https:\/\/sitechecker.pro\/broken-links\/\" target=\"_blank\" rel=\"noopener noreferrer\">defekte Links<\/a>, <a href=\"https:\/\/sitechecker.pro\/redirect-checker\/\" target=\"_blank\" rel=\"noopener noreferrer\">Weiterleitungen<\/a> und andere Probleme erkennen k\u00f6nnen, die die SEO-Leistung beeintr\u00e4chtigen.<\/p>\n<h3>Hauptfunktionen des Tools<\/h3>\n<p><strong>Zentrales Dashboard: <\/strong>bietet ein zentrales Dashboard mit einer umfassenden \u00dcbersicht \u00fcber verschiedene SEO-Kennzahlen und Leistungsindikatoren der Website.<\/p>\n<p><strong>Benutzerfreundliche Oberfl\u00e4che: <\/strong>mit Fokus auf Benutzerfreundlichkeit gestaltet, sodass die Bedienung intuitiv und einfach ist.<\/p>\n<p><strong>Vollst\u00e4ndiges SEO-Toolset: <\/strong>enth\u00e4lt eine komplette Sammlung von SEO-Tools, darunter Funktionen f\u00fcr Keyword-Recherche, <a href=\"https:\/\/sitechecker.pro\/on-page-seo-checker\/\" target=\"_blank\" rel=\"noopener noreferrer\">On-Page-SEO<\/a>-Optimierung, <a href=\"https:\/\/sitechecker.pro\/seo-site-audit\/\" target=\"_blank\" rel=\"noopener noreferrer\">Website-Audits<\/a> und mehr.<\/p>\n<h2 id=\"par2\">So verwenden Sie den Nofollow Links Checker<\/h2>\n<p>Sie k\u00f6nnen pr\u00fcfen, ob die Seite Robots- oder X-Robots-Tag-Anweisungen enth\u00e4lt, oder alle Follow-\/Nofollow-Status der Links auf der Seite analysieren. W\u00e4hlen Sie die Option, die am besten zu Ihrem Ziel passt, und starten Sie anschlie\u00dfend das Audit, um sofort einen Bericht zu erhalten.<\/p>\n<div class=\"content__img-wrap\"><img src=\"https:\/\/sitechecker.pro\/wp-content\/uploads\/2025\/11\/choose-an-audit-option.png\" alt=\"Choose an audit option\" class=\"description-img description-img-zoom\" loading=\"lazy\" ><\/div>\n<h2 id=\"par3\">Nofollow-Attribut in Robots-Meta und X-Robots-Tag pr\u00fcfen<\/h2>\n<h3>Schritt 1: Pr\u00fcfung ausw\u00e4hlen<\/h3>\n<div class=\"content__img-wrap\"><img src=\"https:\/\/sitechecker.pro\/wp-content\/uploads\/2025\/11\/test-robots-meta-x-robots-tag.png\" alt=\"Test Robots meta and X-Robots-tag\" class=\"description-img description-img-zoom\" loading=\"lazy\" ><\/div>\n<h3>Schritt 2: Ergebnisse erhalten<\/h3>\n<p>In den Ergebnissen sehen Sie, wie sich die Seite in Bezug auf die Indexierung anhand mehrerer Signale verh\u00e4lt:<\/p>\n<p><strong>Robots-Meta-Tag<\/strong> \u2013 ob Anweisungen wie index, noindex, follow oder nofollow enthalten sind.<\/p>\n<p><strong>X-Robots-Tag<\/strong> \u2013 serverseitige Indexierungsregeln, die in den HTTP-Headern zur\u00fcckgegeben werden.<\/p>\n<p><strong><a href=\"https:\/\/sitechecker.pro\/robots-tester\/\" target=\"_blank\" rel=\"noopener noreferrer\">robots.txt<\/a>-Datei<\/strong> \u2013 ob das Crawling f\u00fcr diese URL erlaubt oder eingeschr\u00e4nkt ist.<\/p>\n<p><strong>Noindex-Tag<\/strong> \u2013 ob innerhalb des Seiteninhalts Noindex-Anweisungen vorhanden sind.<\/p>\n<p>Dieses Audit hilft Ihnen, schnell zu verstehen, wie Suchmaschinen angewiesen werden, die Seite zu crawlen und zu indexieren.<\/p>\n<div class=\"content__img-wrap\"><img src=\"https:\/\/sitechecker.pro\/wp-content\/uploads\/2025\/11\/on-page-seo-checker-indexation.png\" alt=\"On-page SEO Checker indexation\" class=\"description-img description-img-zoom\" loading=\"lazy\" ><\/div>\n<h3>Zus\u00e4tzliche Funktionen der Pr\u00fcfung von Robots-Meta und X-Robots-Tag<\/h3>\n<p>Neben der Pr\u00fcfung von Nofollow-Attributen und Indexierungsregeln bietet das Tool auch einen schnellen \u00dcberblick \u00fcber weitere On-Page-Probleme. Sie k\u00f6nnen kritische Fehler, Warnungen und technische Signale erkennen, wie etwa Probleme mit der <a href=\"https:\/\/sitechecker.pro\/speed-test\/\" target=\"_blank\" rel=\"noopener noreferrer\">Seitengeschwindigkeit<\/a>, 404-Fehler, Statuscodes, HTML-Gr\u00f6\u00dfe und die Qualit\u00e4t der Metadaten.<\/p>\n<p>So k\u00f6nnen Sie Linkattribute \u00fcberpr\u00fcfen und allgemeine SEO-Probleme auf derselben Seite in einem einzigen Scan diagnostizieren.<\/p>\n<div class=\"content__img-wrap\"><img src=\"https:\/\/sitechecker.pro\/wp-content\/uploads\/2025\/11\/issues-overview.png\" alt=\"Issues overview\" class=\"description-img description-img-zoom\" loading=\"lazy\" ><\/div>\n<h2 id=\"par4\">Follow-Status der Links auf der Seite pr\u00fcfen<\/h2>\n<h3>Schritt 1: Option \u201eLinks follow statuses on the page\u201c ausw\u00e4hlen<\/h3>\n<div class=\"content__img-wrap\"><img src=\"https:\/\/sitechecker.pro\/wp-content\/uploads\/2025\/11\/links-follow-statuses-on-the-page.png\" alt=\"Links follow statuses on the page\" class=\"description-img description-img-zoom\" loading=\"lazy\" ><\/div>\n<h3>Schritt 2: Ergebnisse erhalten<\/h3>\n<p>Als Ergebnis dieses Audits k\u00f6nnen Sie alle internen und externen Links auf der Seite \u00fcberpr\u00fcfen. Der Bericht zeigt jede URL, auf die die Seite verweist \u2013 sowohl innerhalb Ihrer Website als auch extern. F\u00fcr jeden Link sehen Sie den HTTP-Statuscode, das Follow-\/Nofollow-Attribut und den Ankertext.<\/p>\n<p>Sie k\u00f6nnen diese Daten nach Bedarf filtern und sortieren, f\u00fcr weitere Analysen exportieren oder den vollst\u00e4ndigen Bericht herunterladen.<\/p>\n<div class=\"content__img-wrap\"><img src=\"https:\/\/sitechecker.pro\/wp-content\/uploads\/2025\/11\/on-page-audit-internal-links.png\" alt=\"On-page audit internal links\" class=\"description-img description-img-zoom\" loading=\"lazy\" ><\/div>\n<h3>Zus\u00e4tzliche Funktionen<\/h3>\n<p>Auf Website-Ebene k\u00f6nnen Sie au\u00dferdem Probleme im Zusammenhang mit Nofollow-Links erkennen, z. B. Seiten, die Nofollow falsch verwenden, nur interne Nofollow-Links haben oder gemischte Follow-\/Nofollow-Attribute enthalten.<\/p>\n<div class=\"content__img-wrap\"><img src=\"https:\/\/sitechecker.pro\/wp-content\/uploads\/2025\/11\/site-audit-nofollow-issues.png\" alt=\"Site audit nofollow issues\" class=\"description-img description-img-zoom\" loading=\"lazy\" ><\/div>\n<div class=\"important-block\">Um Ergebnisse zu erhalten und 14 Tage lang Zugriff auf die Funktionen von Sitechecker zu bekommen, starten Sie Ihre KOSTENLOSE Testversion. Die Anmeldung ist einfach per E-Mail, Google- oder Facebook-Konto m\u00f6glich. Keine Kreditkarte erforderlich.<\/div>\n<h2 id=\"par5\">Fazit<\/h2>\n<p>Der Nofollow Link Checker hilft Ihnen, schnell zu verstehen, wie eine Seite mit Nofollow-Attributen, Indexierungsregeln und dem Linkverhalten umgeht. Das Tool zeigt Robots-Meta- und X-Robots-Tag-Anweisungen, interne und externe Follow-\/Nofollow-Links, Ankertexte und Statuscodes in einem einzigen, \u00fcbersichtlichen Bericht. Zus\u00e4tzlich k\u00f6nnen Sie weitere On-Page-Probleme und websiteweite Nofollow-Fehler erkennen und sicherstellen, dass Ihre Seite wie gew\u00fcnscht gecrawlt und indexiert wird.<\/p>\n<div id=\"par6\"><\/div>\n<p><div class=\"front__faq-block\"><div class=\"faq__block-title\">FAQ<\/div><div class=\"panel-group\" id=\"faq-accordion\" itemscope itemtype=\"https:\/\/schema.org\/FAQPage\" role=\"tablist\" aria-multiselectable=\"true\"><div class=\"panel\" itemscope itemtype=\"https:\/\/schema.org\/Question\" itemprop=\"mainEntity\">\n                            <div class=\"panel-heading\" id=\"headingFaq-1\">\n                                <div class=\"panel-title\" data-toggle=\"collapse\" aria-expanded=\"false\" href=\"#collapseFaq-1\">\n                                    <h3 itemprop=\"name\">Wann sollte ich auf meiner Website einen Nofollow-Link verwenden?<\/h3>\n                                <\/div>\n                            <\/div>\n                            <div id=\"collapseFaq-1\" class=\"panel-collapse collapse\" itemprop=\"acceptedAnswer\" itemscope itemtype=\"http:\/\/schema.org\/Answer\">\n                                <div class=\"panel-body\" itemprop=\"text\">Verwenden Sie Nofollow bei Links zu nicht vertrauensw\u00fcrdigen Quellen, nutzergenerierten Inhalten, bezahlten Platzierungen oder Seiten, die Sie nicht mit Linkautorit\u00e4t unterst\u00fctzen m\u00f6chten.<\/div>\n                            <\/div>\n                        <\/div><div class=\"panel\" itemscope itemtype=\"https:\/\/schema.org\/Question\" itemprop=\"mainEntity\">\n                            <div class=\"panel-heading\" id=\"headingFaq-2\">\n                                <div class=\"panel-title\" data-toggle=\"collapse\" aria-expanded=\"false\" href=\"#collapseFaq-2\">\n                                    <h3 itemprop=\"name\">K\u00f6nnen Nofollow-Links meine Rankings beeinflussen?<\/h3>\n                                <\/div>\n                            <\/div>\n                            <div id=\"collapseFaq-2\" class=\"panel-collapse collapse\" itemprop=\"acceptedAnswer\" itemscope itemtype=\"http:\/\/schema.org\/Answer\">\n                                <div class=\"panel-body\" itemprop=\"text\">Sie geben keinen PageRank weiter, helfen Suchmaschinen aber dennoch, den Kontext zu verstehen, neue URLs zu entdecken und ein nat\u00fcrliches Linkprofil aufrechtzuerhalten.<\/div>\n                            <\/div>\n                        <\/div><div class=\"panel\" itemscope itemtype=\"https:\/\/schema.org\/Question\" itemprop=\"mainEntity\">\n                            <div class=\"panel-heading\" id=\"headingFaq-3\">\n                                <div class=\"panel-title\" data-toggle=\"collapse\" aria-expanded=\"false\" href=\"#collapseFaq-3\">\n                                    <h3 itemprop=\"name\">Sollten interne Links jemals Nofollow sein?<\/h3>\n                                <\/div>\n                            <\/div>\n                            <div id=\"collapseFaq-3\" class=\"panel-collapse collapse\" itemprop=\"acceptedAnswer\" itemscope itemtype=\"http:\/\/schema.org\/Answer\">\n                                <div class=\"panel-body\" itemprop=\"text\">In den meisten F\u00e4llen nein. Interne Nofollow-Links k\u00f6nnen Crawl-Pfade unterbrechen und die Effizienz der Indexierung verringern, es sei denn, Sie m\u00f6chten bestimmte Bereiche bewusst blockieren.<\/div>\n                            <\/div>\n                        <\/div><div class=\"panel\" itemscope itemtype=\"https:\/\/schema.org\/Question\" itemprop=\"mainEntity\">\n                            <div class=\"panel-heading\" id=\"headingFaq-4\">\n                                <div class=\"panel-title\" data-toggle=\"collapse\" aria-expanded=\"false\" href=\"#collapseFaq-4\">\n                                    <h3 itemprop=\"name\">Respektiert Google Nofollow-Attribute immer?<\/h3>\n                                <\/div>\n                            <\/div>\n                            <div id=\"collapseFaq-4\" class=\"panel-collapse collapse\" itemprop=\"acceptedAnswer\" itemscope itemtype=\"http:\/\/schema.org\/Answer\">\n                                <div class=\"panel-body\" itemprop=\"text\">Google behandelt Nofollow als Hinweis, nicht als feste Anweisung. Eine URL kann trotzdem gecrawlt oder indexiert werden, wenn sie als wichtig erachtet wird.<\/div>\n                            <\/div>\n                        <\/div><div class=\"panel\" itemscope itemtype=\"https:\/\/schema.org\/Question\" itemprop=\"mainEntity\">\n                            <div class=\"panel-heading\" id=\"headingFaq-5\">\n                                <div class=\"panel-title\" data-toggle=\"collapse\" aria-expanded=\"false\" href=\"#collapseFaq-5\">\n                                    <h3 itemprop=\"name\">Wie oft sollte ich meine Seiten auf Nofollow-Probleme pr\u00fcfen?<\/h3>\n                                <\/div>\n                            <\/div>\n                            <div id=\"collapseFaq-5\" class=\"panel-collapse collapse\" itemprop=\"acceptedAnswer\" itemscope itemtype=\"http:\/\/schema.org\/Answer\">\n                                <div class=\"panel-body\" itemprop=\"text\">Nach Content-Updates, Redesigns, CMS-\u00c4nderungen, Migrationen oder bei pl\u00f6tzlichen Traffic-Einbr\u00fcchen \u2013 das sind typische Momente, in denen Nofollow-Fehler auftreten.<\/div>\n                            <\/div>\n                        <\/div><\/div><\/div><\/p>","protected":false},"excerpt":{"rendered":"Was ist ein Nofollow-Link-Checker-Tool? Der Nofollow Link Checker ist ein Tool, das eine Webseite analysiert und das rel=&#8221;nofollow&#8221;-Attribut aller Links sowie Indexierungsanweisungen identifiziert. Es erkennt Robots-Meta- und X-Robots-Tag-Einstellungen, pr\u00fcft auf nofollow-Attribute, zeigt interne und externe Dofollow-\/Nofollow-Links an, liefert eine vollst\u00e4ndige Liste aller Ankertexte und gibt die Statuscodes f\u00fcr jede URL zur\u00fcck. Wie das Tool Ihnen&#8230;","protected":false},"author":10409641,"featured_media":0,"parent":0,"menu_order":0,"comment_status":"closed","ping_status":"closed","template":"pages-templates\/pages-minitools-3.php","meta":[],"categories":[72],"tags":[],"_links":{"self":[{"href":"https:\/\/sitechecker.pro\/de\/wp-json\/wp\/v2\/pages\/29818"}],"collection":[{"href":"https:\/\/sitechecker.pro\/de\/wp-json\/wp\/v2\/pages"}],"about":[{"href":"https:\/\/sitechecker.pro\/de\/wp-json\/wp\/v2\/types\/page"}],"author":[{"embeddable":true,"href":"https:\/\/sitechecker.pro\/de\/wp-json\/wp\/v2\/users\/10409641"}],"replies":[{"embeddable":true,"href":"https:\/\/sitechecker.pro\/de\/wp-json\/wp\/v2\/comments?post=29818"}],"version-history":[{"count":13,"href":"https:\/\/sitechecker.pro\/de\/wp-json\/wp\/v2\/pages\/29818\/revisions"}],"predecessor-version":[{"id":39346,"href":"https:\/\/sitechecker.pro\/de\/wp-json\/wp\/v2\/pages\/29818\/revisions\/39346"}],"wp:attachment":[{"href":"https:\/\/sitechecker.pro\/de\/wp-json\/wp\/v2\/media?parent=29818"}],"wp:term":[{"taxonomy":"category","embeddable":true,"href":"https:\/\/sitechecker.pro\/de\/wp-json\/wp\/v2\/categories?post=29818"},{"taxonomy":"post_tag","embeddable":true,"href":"https:\/\/sitechecker.pro\/de\/wp-json\/wp\/v2\/tags?post=29818"}],"curies":[{"name":"wp","href":"https:\/\/api.w.org\/{rel}","templated":true}]}}