{"id":29810,"date":"2024-01-22T15:46:39","date_gmt":"2024-01-22T15:46:39","guid":{"rendered":"https:\/\/sitechecker.pro\/?page_id=29810"},"modified":"2026-02-19T15:12:39","modified_gmt":"2026-02-19T15:12:39","slug":"dofollow-link-checker-detect-follow-links-link-errors","status":"publish","type":"page","link":"https:\/\/sitechecker.pro\/de\/dofollow-link-checker\/","title":{"rendered":"Dofollow-Link-Checker | Follow-Links und Linkfehler erkennen"},"content":{"rendered":"<p><\/p>\n<h2 id=\"par1\">Was ist ein Dofollow Link Checker?<\/h2>\n<p> Ein Dofollow Link Detector von <a href=\"https:\/\/sitechecker.pro\/\" target=\"_blank\" rel=\"noopener noreferrer\">Sitechecker<\/a> ist ein Tool zur Identifikation und Analyse von <a href=\"https:\/\/sitechecker.pro\/what-is-dofollow-link\/\" target=\"_blank\" rel=\"noopener noreferrer\">Dofollow<\/a>-Links auf einer Website oder einzelnen Webseite.<\/p>\n<p>Dieses Tool erleichtert au\u00dferdem die \u00dcberpr\u00fcfung der Statuscodes interner URLs und die Analyse ihrer Ankertexte. Zus\u00e4tzlich f\u00fchrt es ein technisches Audit Ihrer Website durch und erkennt sowie meldet Probleme im Zusammenhang mit Seiten. Dazu geh\u00f6rt auch die Bewertung der Qualit\u00e4t und des Einflusses einzelner Seiten.<\/p>\n<h3>Das Tool kann Ihnen auf viele Arten helfen<\/h3>\n<p> <strong>Identifikation von Dofollow-Links: <\/strong>gezielt entwickelt, um alle URLs auf einer Webseite zu erkennen und aufzulisten, die nicht das Attribut rel=&#8221;<a href=\"https:\/\/sitechecker.pro\/nofollow-link-checker\/\" target=\"_blank\" rel=\"noopener noreferrer\">nofollow<\/a>&#8221; tragen. So k\u00f6nnen Sie feststellen, welche URLs potenziell Seitenautorit\u00e4t f\u00fcr SEO-Zwecke weitergeben.<\/p>\n<p><strong>Statuscode-\u00dcberpr\u00fcfung f\u00fcr interne Dofollow-URLs: <\/strong>\u00dcberpr\u00fcfen Sie die HTTP-Statuscodes interner URLs auf Ihrer Website, die als dofollow markiert sind.<\/p>\n<p><strong>Erkennen und Melden von Fehlern oder Problemen im Zusammenhang mit Follow-Links: <\/strong>ausgerichtet auf die Identifikation und Meldung von Fehlern oder Problemen, die speziell mit Follow-Attributen verbunden sind. Dazu z\u00e4hlen defekte URLs, fehlerhafte Strukturen und weitere verwandte Probleme.<\/p>\n<h3>Wichtige Funktionen des Tools<\/h3>\n<p> <strong>Zentrales Dashboard: <\/strong>Diese Funktion erm\u00f6glicht es Ihnen, alle wichtigen Kennzahlen in einem einzigen, \u00fcbersichtlichen Dashboard zu \u00fcberwachen. Die Zentralisierung vereinfacht die Analyse und das Testen neuer SEO-Hypothesen und bietet einen umfassenden \u00dcberblick \u00fcber die Performance Ihrer Website.<\/p>\n<p><strong>Benutzerfreundliche Oberfl\u00e4che: <\/strong>Das Tool ist mit Fokus auf Benutzerfreundlichkeit entwickelt, sodass auch Nutzer ohne tiefgehende SEO-Kenntnisse die Funktionen problemlos nutzen k\u00f6nnen. Dazu geh\u00f6ren eine klare Datenpr\u00e4sentation sowie Schritt-f\u00fcr-Schritt-Anleitungen zur Behebung erkannter Probleme.<\/p>\n<p><strong>Komplettes SEO-Toolset: <\/strong>Bietet eine leistungsstarke Sammlung von SEO-Tools, zusammengefasst in zwei Kernfunktionen: dem Rank Tracker, der Ranking-Keywords importiert und aktualisiert, mehrere Suchmaschinen unterst\u00fctzt und Einblicke in die leistungsst\u00e4rksten Seiten gibt; sowie dem Site-Monitoring, das Websites auf \u00c4nderungen wie Content-Updates und defekte URLs \u00fcberwacht, was f\u00fcr das Tracking von CMS-, Theme- und Plugin-\u00c4nderungen entscheidend ist.<\/p>\n<h2 id=\"par2\">Wie man das Tool verwendet<\/h2>\n<h3>Schritt 1: Um die Analyse zu starten, geben Sie einfach den Domainnamen oder die URL einer bestimmten Seite ein und warten Sie auf das Ergebnis<\/h3>\n<div class=\"content__img-wrap\"><img src=\"https:\/\/sitechecker.pro\/wp-content\/uploads\/2024\/01\/dofollow-link-checker.png\" alt=\"Dofollow Link Checker\" class=\"description-img description-img-zoom\" loading=\"lazy\" ><\/div>\n<h3>Schritt 2: Ergebnisse erhalten<\/h3>\n<p> Der Dofollow Link Finder bietet eine detaillierte Analyse der internen und externen Links einer Website. Er zeigt jede URL und den jeweiligen HTTP-Statuscode an und identifiziert Weiterleitungen oder defekte URLs. Das Tool unterscheidet au\u00dferdem zwischen \u201edofollow\u201c- und \u201enofollow\u201c-Links und hilft so, die SEO-Wertigkeit zu erhalten. Dar\u00fcber hinaus pr\u00fcft es die Ankertexte, um sicherzustellen, dass sie SEO-f\u00f6rdernd sind, was entscheidend f\u00fcr die Verbesserung der Suchmaschinenrankings ist.<\/p>\n<div class=\"content__img-wrap\"><img src=\"https:\/\/sitechecker.pro\/wp-content\/uploads\/2024\/01\/page-details-dofollow.png\" alt=\"Page Details Dofollow\" class=\"description-img description-img-zoom\" loading=\"lazy\" ><\/div>\n<h2 id=\"par3\">Zus\u00e4tzliche Funktionen<\/h2>\n<p> Der Bereich Site Audit bietet einen umfassenden \u00dcberblick \u00fcber den SEO-Zustand einer Website und zeigt wichtige Kennzahlen wie die Anzahl kritischer Probleme, Warnungen, Optimierungsm\u00f6glichkeiten und Hinweise an. Der Website Score liefert eine schnelle visuelle Darstellung der aktuellen SEO-Performance der Website.<\/p>\n<p>Das Tool identifiziert nicht indexierte URLs, die f\u00e4lschlicherweise als \u201efollow\u201c markiert sind, und verhindert so eine fehlgeleitete Crawling-Aktivit\u00e4t durch Suchmaschinen. Au\u00dferdem erkennt es Seiten, die gemischte \u201efollow\u201c- und \u201enofollow\u201c-Signale senden, und sorgt so f\u00fcr mehr Klarheit bei der Seitenautorit\u00e4t f\u00fcr Suchmaschinen. Es hebt Seiten hervor, die nur wenige \u201egefolgte\u201c interne URLs besitzen, was ihr Ranking-Potenzial beeintr\u00e4chtigen kann. Zus\u00e4tzlich stellt der Checker sicher, dass Ankertexte f\u00fcr \u201efollow\u201c-Attribute beschreibend sind, damit Suchmaschinen den Kontext der verlinkten Inhalte besser verstehen. Mit diesen Einblicken k\u00f6nnen Webmaster ihre Website-Strategie gezielt optimieren und bessere SEO-Ergebnisse erzielen.<\/p>\n<div class=\"content__img-wrap\"><img src=\"https:\/\/sitechecker.pro\/wp-content\/uploads\/2024\/01\/follow-links-issues.png\" alt=\"Follow Links Issues\" class=\"description-img description-img-zoom\" loading=\"lazy\" ><\/div>\n<h2 id=\"par4\">Abschlie\u00dfende Idee<\/h2>\n<p> Der Dofollow Link Analyzer ist ein umfassendes Tool zur Identifikation von \u201edofollow\u201c-Attributen, die die SEO-Autorit\u00e4t beeinflussen. Er vereinfacht das Site-Audit durch ein zentrales Dashboard zur einfachen \u00dcberwachung aller SEO-Kennzahlen und bietet eine benutzerfreundliche Oberfl\u00e4che, die auch f\u00fcr Anwender mit begrenzter SEO-Erfahrung geeignet ist. Das umfangreiche SEO-Toolkit, einschlie\u00dflich Rank Tracker und Site Monitoring, unterst\u00fctzt bei der Optimierung der Link-Strategie einer Website und verbessert die Suchmaschinenrankings, indem Probleme wie nicht indexierte \u201efollow\u201c-URLs und gemischte \u201efollow\u201c- und \u201enofollow\u201c-Signale behoben werden. Der Dofollow Link Checker ist unverzichtbar f\u00fcr Webmaster, die die SEO-Performance ihrer Website gezielt verbessern m\u00f6chten. <\/p>\n<div id=\"par5\"><\/div>\n<p> <div class=\"front__faq-block\"><div class=\"faq__block-title\">FAQ<\/div><div class=\"panel-group\" id=\"faq-accordion\" itemscope itemtype=\"https:\/\/schema.org\/FAQPage\" role=\"tablist\" aria-multiselectable=\"true\"><div class=\"panel\" itemscope itemtype=\"https:\/\/schema.org\/Question\" itemprop=\"mainEntity\">\n                            <div class=\"panel-heading\" id=\"headingFaq-1\">\n                                <div class=\"panel-title\" data-toggle=\"collapse\" aria-expanded=\"false\" href=\"#collapseFaq-1\">\n                                    <h3 itemprop=\"name\">Welche Arten von Links kann der Dofollow Link Checker analysieren?<\/h3>\n                                <\/div>\n                            <\/div>\n                            <div id=\"collapseFaq-1\" class=\"panel-collapse collapse\" itemprop=\"acceptedAnswer\" itemscope itemtype=\"http:\/\/schema.org\/Answer\">\n                                <div class=\"panel-body\" itemprop=\"text\">Der Dofollow URL Checker kann sowohl interne als auch externe \u201edofollow\u201c-Seiten einer Website analysieren, einschlie\u00dflich ihrer HTTP-Status und Ankertexte.<\/div>\n                            <\/div>\n                        <\/div><div class=\"panel\" itemscope itemtype=\"https:\/\/schema.org\/Question\" itemprop=\"mainEntity\">\n                            <div class=\"panel-heading\" id=\"headingFaq-2\">\n                                <div class=\"panel-title\" data-toggle=\"collapse\" aria-expanded=\"false\" href=\"#collapseFaq-2\">\n                                    <h3 itemprop=\"name\">Kann das Online-Tool Dofollow Link Checker defekte Links erkennen?<\/h3>\n                                <\/div>\n                            <\/div>\n                            <div id=\"collapseFaq-2\" class=\"panel-collapse collapse\" itemprop=\"acceptedAnswer\" itemscope itemtype=\"http:\/\/schema.org\/Answer\">\n                                <div class=\"panel-body\" itemprop=\"text\">Ja, es kann defekte URLs identifizieren, indem es die HTTP-Statuscodes von als \u201edofollow\u201c markierten URLs \u00fcberpr\u00fcft.<\/div>\n                            <\/div>\n                        <\/div><div class=\"panel\" itemscope itemtype=\"https:\/\/schema.org\/Question\" itemprop=\"mainEntity\">\n                            <div class=\"panel-heading\" id=\"headingFaq-3\">\n                                <div class=\"panel-title\" data-toggle=\"collapse\" aria-expanded=\"false\" href=\"#collapseFaq-3\">\n                                    <h3 itemprop=\"name\">Wie oft sollte eine Website mit dem Dofollow Link Checker gepr\u00fcft werden?<\/h3>\n                                <\/div>\n                            <\/div>\n                            <div id=\"collapseFaq-3\" class=\"panel-collapse collapse\" itemprop=\"acceptedAnswer\" itemscope itemtype=\"http:\/\/schema.org\/Answer\">\n                                <div class=\"panel-body\" itemprop=\"text\">Regelm\u00e4\u00dfige Audits werden empfohlen, insbesondere nach gr\u00f6\u00dferen Content-Updates, Umstrukturierungen oder bei auff\u00e4lligen \u00c4nderungen im Website-Traffic. Viele planen Audits monatlich oder viertelj\u00e4hrlich, abh\u00e4ngig von Gr\u00f6\u00dfe und Dynamik der Website.<\/div>\n                            <\/div>\n                        <\/div><\/div><\/div><\/p>","protected":false},"excerpt":{"rendered":"Was ist ein Dofollow Link Checker? Ein Dofollow Link Detector von Sitechecker ist ein Tool zur Identifikation und Analyse von Dofollow-Links auf einer Website oder einzelnen Webseite. Dieses Tool erleichtert au\u00dferdem die \u00dcberpr\u00fcfung der Statuscodes interner URLs und die Analyse ihrer Ankertexte. Zus\u00e4tzlich f\u00fchrt es ein technisches Audit Ihrer Website durch und erkennt sowie meldet&#8230;","protected":false},"author":10409641,"featured_media":0,"parent":0,"menu_order":0,"comment_status":"closed","ping_status":"closed","template":"pages-templates\/pages-minitools-3.php","meta":[],"categories":[72],"tags":[],"_links":{"self":[{"href":"https:\/\/sitechecker.pro\/de\/wp-json\/wp\/v2\/pages\/29810"}],"collection":[{"href":"https:\/\/sitechecker.pro\/de\/wp-json\/wp\/v2\/pages"}],"about":[{"href":"https:\/\/sitechecker.pro\/de\/wp-json\/wp\/v2\/types\/page"}],"author":[{"embeddable":true,"href":"https:\/\/sitechecker.pro\/de\/wp-json\/wp\/v2\/users\/10409641"}],"replies":[{"embeddable":true,"href":"https:\/\/sitechecker.pro\/de\/wp-json\/wp\/v2\/comments?post=29810"}],"version-history":[{"count":17,"href":"https:\/\/sitechecker.pro\/de\/wp-json\/wp\/v2\/pages\/29810\/revisions"}],"predecessor-version":[{"id":39378,"href":"https:\/\/sitechecker.pro\/de\/wp-json\/wp\/v2\/pages\/29810\/revisions\/39378"}],"wp:attachment":[{"href":"https:\/\/sitechecker.pro\/de\/wp-json\/wp\/v2\/media?parent=29810"}],"wp:term":[{"taxonomy":"category","embeddable":true,"href":"https:\/\/sitechecker.pro\/de\/wp-json\/wp\/v2\/categories?post=29810"},{"taxonomy":"post_tag","embeddable":true,"href":"https:\/\/sitechecker.pro\/de\/wp-json\/wp\/v2\/tags?post=29810"}],"curies":[{"name":"wp","href":"https:\/\/api.w.org\/{rel}","templated":true}]}}