{"id":29734,"date":"2024-01-18T17:13:05","date_gmt":"2024-01-18T17:13:05","guid":{"rendered":"https:\/\/sitechecker.pro\/?page_id=29734"},"modified":"2025-04-14T08:35:16","modified_gmt":"2025-04-14T08:35:16","slug":"website-link-counter-url-count-link-analysis-error-detection","status":"publish","type":"page","link":"https:\/\/sitechecker.pro\/de\/website-link-counter\/","title":{"rendered":"Website-Link-Anzahl-Checker"},"content":{"rendered":"<p><\/p>\n<h2 id=\"par1\">Was ist ein Link-Z\u00e4hler?<\/h2>\n<p>Der Website Internal Link Counter von <a href=\"https:\/\/sitechecker.pro\/\" target=\"_blank\" rel=\"noopener noreferrer\">Sitechecker<\/a> ist ein Tool, das die Gesamtzahl der <a href=\"https:\/\/sitechecker.pro\/what-is-internal-link\/\" target=\"_blank\" rel=\"noopener noreferrer\">URLs auf einer Site<\/a> oder Seite ermittelt und eine Reihe von Funktionen zur URL-Analyse bietet. Es ist hilfreich, um zu ermitteln, welche URLs aus Ihrer XML-Sitemap von den Suchmaschinen von Google indexiert werden. Au\u00dferdem k\u00f6nnen Sie damit Fehler in den Hyperlinks Ihrer Website erkennen.<\/p>\n<h3>Das Tool kann Ihnen helfen, indem es<\/h3>\n<p><strong>Gesamtzahl der URLs: <\/strong>Es berechnet die Gesamtzahl der URLs auf Ihrer Website (interne, externe, Nofollow- und Dofollow-Links).<\/p>\n<p><strong>Linkanalyse: <\/strong>Es identifiziert interne und externe URLs auf Ihrer Site und Seite, die von den Suchmaschinen von Google indexiert werden.<\/p>\n<p><strong>Fehlererkennung: <\/strong>Es erkennt alle Fehler in den Hyperlinks Ihrer Website.<\/p>\n<h3>Die wichtigsten Funktionen des Tools <\/h3>\n<p><strong>Einheitliches Dashboard: <\/strong>Bietet eine zentrale, umfassende Ansicht der SEO-Leistung und -Metriken Ihrer Website und erleichtert so die \u00dcberwachung und Analyse von Daten.<\/p>\n<p><strong>Benutzerfreundliche Oberfl\u00e4che: <\/strong>Entwickelt f\u00fcr eine einfache Bedienung, sodass selbst Benutzer mit begrenztem technischen Fachwissen das Tool effektiv navigieren und nutzen k\u00f6nnen.<\/p>\n<p><strong>Komplettes SEO-Toolset: <\/strong>Bietet eine breite Palette an SEO-Tools, die verschiedene Aspekte wie Analyse, Keyword-Recherche, Site-Audits und Leistungsverfolgung abdecken und es zu einer vielseitigen L\u00f6sung f\u00fcr SEO-Anforderungen machen.<\/p>\n<h2 id=\"par2\">So verwenden Sie das Link Counter-Tool<\/h2>\n<p>Es gibt zwei Ans\u00e4tze zum Z\u00e4hlen von Links von einer Website: die Verwendung der Dom\u00e4nenmethode oder die \u00dcberpr\u00fcfung einer bestimmten Seite. Entscheiden Sie sich f\u00fcr die Dom\u00e4nenmethode, um alle URL-Adressen einer Website zu z\u00e4hlen und nach Problemen mit URL-Adressen zu suchen. Alternativ ist die URL-Methode ideal zum Analysieren einer bestimmten Seite, wobei alle ihre URL-Adressen und zugeh\u00f6rigen Daten wie Statuscodes erfasst werden. W\u00e4hlen Sie einfach die Methode aus, die Ihren Anforderungen entspricht, geben Sie die Domain oder URL ein und klicken Sie auf \u201e<a href=\"https:\/\/sitechecker.pro\/link-extractor\/\"> Alle Links abrufen<\/a>\u201c<\/p>\n<div class=\"content__img-wrap\"><img src=\"https:\/\/sitechecker.pro\/wp-content\/uploads\/2024\/04\/1-choose-an-audit.png\" alt=\"Link Counter\" class=\"description-img description-img-zoom\" loading=\"lazy\" ><\/div>\n<h2 id=\"par3\">Domain-Check<\/h2>\n<h3>Schritt 1: W\u00e4hlen Sie die Domain-Option, geben Sie die Domain ein, die Sie analysieren m\u00f6chten, und klicken Sie auf die Schaltfl\u00e4che \u201eAlle Links abrufen\u201c<\/h3>\n<div class=\"content__img-wrap\"><img src=\"https:\/\/sitechecker.pro\/wp-content\/uploads\/2024\/04\/2-get-all-link-from-a-website.png\" alt=\"Link Counter Check Domain\" class=\"description-img description-img-zoom\" loading=\"lazy\" ><\/div>\n<div class=\"important-block\">Um Ergebnisse zu erhalten und 14 Tage lang auf die Funktionen von Sitechecker zuzugreifen, starten Sie Ihre KOSTENLOSE Testversion. Die Anmeldung ist ganz einfach mit Ihrem E-Mail-, Google- oder Facebook-Konto. Es ist keine Kreditkarte erforderlich.<\/div>\n<h3>Schritt 2. Ergebnisse<\/h3>\n<p>Der Link Counter ist gut darin, verschiedene Hyperlink-Probleme wie verwaiste und unzureichende interne URLs zu erkennen. Er quantifiziert kritische Probleme und bietet eine klare Anzahl von Warnungen und Verbesserungsm\u00f6glichkeiten. Durch die Kategorisierung betroffener Seiten hilft er Ihnen, SEO-bezogene Korrekturen zu priorisieren und so die URL-Adressstruktur und die Sichtbarkeit Ihrer Website in Suchmaschinen zu verbessern.<\/p>\n<div class=\"content__img-wrap\"><img src=\"https:\/\/sitechecker.pro\/wp-content\/uploads\/2024\/01\/site-audit-links-issues.png\" alt=\"Site Audit Links Issues\" class=\"description-img description-img-zoom\" loading=\"lazy\" ><\/div>\n<p>Auf dem Bildschirm \u201eAlle Seiten\u201c finden Sie die Gesamtanzahl der Seiten Ihrer Site, eine Liste mit allen Seiten, ihren Antwortcodes und Seitengewichtswerten.<\/p>\n<p>Innerhalb des Link Counter-Tools zeigt die Funktion \u201eAlle HTML-Seiten\u201c eine umfassende Liste aller Seiten Ihrer Website an, die gecrawlt wurden.<\/p>\n<p>F\u00fcr jede Seite bietet das Tool detaillierte Kennzahlen wie die Anzahl externer, eingehender und interner Hyperlinks. So k\u00f6nnen Sie die Hyperlink-Adressstruktur Ihrer Website systematisch bewerten und fundierte Entscheidungen f\u00fcr SEO und die Aufrechterhaltung der Website-Gesundheit treffen.<\/p>\n<div class=\"content__img-wrap\"><img src=\"https:\/\/sitechecker.pro\/wp-content\/uploads\/2024\/01\/all-html-pages-1.png\" alt=\"Alle HTML-Seiten\" class=\"description-img description-img-zoom\" loading=\"lazy\" ><\/div>\n<h3>Zus\u00e4tzliche Funktionen der Dom\u00e4nen\u00fcberpr\u00fcfung<\/h3>\n<p>Die Funktion \u201eSeitendetails\u201c des Link Counter-Tools bietet eine detaillierte Analyse interner URLs f\u00fcr eine bestimmte Seite Ihrer Website. Sie listet jeden internen Link auf, der auf der ausgew\u00e4hlten Seite gefunden wurde, zusammen mit seinem Statuscode und ob er f\u00fcr Suchmaschinen-Crawler als \u201edofollow\u201c oder \u201enofollow\u201c markiert ist. In diesem Abschnitt k\u00f6nnen Sie die Konnektivit\u00e4t und SEO-Freundlichkeit Ihrer internen Seitenadressstruktur \u00fcberwachen und sicherstellen, dass wichtige Seiten zug\u00e4nglich sind und der Seitenwert effektiv auf Ihrer gesamten Site weitergegeben wird.<\/p>\n<div class=\"content__img-wrap\"><img src=\"https:\/\/sitechecker.pro\/wp-content\/uploads\/2024\/01\/page-details-links.png\" alt=\"Seitendetails-Links\" class=\"description-img description-img-zoom\" loading=\"lazy\" ><\/div>\n<h2 id=\"par4\">Seitenpr\u00fcfung<\/h2>\n<p>Klicken Sie auf die Schaltfl\u00e4che \u201eSeite pr\u00fcfen\u201c, um die Ein-Seiten-Analyse zu initialisieren.<\/p>\n<div class=\"content__img-wrap\"><img src=\"https:\/\/sitechecker.pro\/wp-content\/uploads\/2024\/04\/3-Get-all-links-from-a-page.png\" alt=\"Link Counter Check Page\" class=\"description-img description-img-zoom\" loading=\"lazy\" ><\/div>\n<p>Das Tool \u201ePage Link Counter\u201c bietet eine strukturierte \u00dcbersicht \u00fcber eine bestimmte URL. Es identifiziert externe URL-Adressen, also solche, die zu anderen Websites f\u00fchren, zusammen mit ihren jeweiligen URLs, Ankertexten und HTTP-Antwortcodes, sodass Sie \u00fcberpr\u00fcfen k\u00f6nnen, ob diese Seitenadressen zu aktiven, relevanten Seiten f\u00fchren.<\/p>\n<p>Gleichzeitig werden auch interne URLs detailliert dargestellt, die alle Navigationselemente Ihrer Site umfassen. Dazu geh\u00f6ren die URLs und die zum Verlinken verwendeten Texte sowie ihre Statuscodes, um ihre Betriebsintegrit\u00e4t zu best\u00e4tigen.<\/p>\n<p>Dar\u00fcber hinaus hebt das Tool Subdomain-URLs hervor und bietet Einblicke in die Art und Weise, wie die Subdomains Ihrer Hauptdomain miteinander verbunden sind. Es zeigt die URL und den beschreibenden Ankertext f\u00fcr jede Seitenadresse sowie ihre Antwortcodes an und gibt so ein klares Bild \u00fcber die Gesundheit und Struktur Ihres breiteren Website-Netzwerks.<\/p>\n<div class=\"content__img-wrap\"><img src=\"https:\/\/sitechecker.pro\/wp-content\/uploads\/2024\/01\/external-internal-subdomain-links.png\" alt=\"External Internal Subdomain Links\" class=\"description-img description-img-zoom\" loading=\"lazy\" ><\/div>\n<p>Denken Sie daran, dass die Pr\u00fcfung einer einzelnen Seite die SEO Ihrer Website m\u00f6glicherweise nicht wesentlich verbessert. W\u00e4hlen Sie f\u00fcr eine umfassende Bewertung \u201eVollst\u00e4ndige Website-Pr\u00fcfung durchf\u00fchren\u201c. Diese Option wird im ersten Teil unseres Handbuchs ausf\u00fchrlich beschrieben und erl\u00e4utert die Daten, die Sie bei einer vollst\u00e4ndigen Site-Pr\u00fcfung erhalten.<\/p>\n<p>Besuchen Sie au\u00dferdem den Abschnitt \u201eSite-Pr\u00fcfung\u201c, um unser Demoprojekt zu starten. Auf diese Weise k\u00f6nnen Sie die vollst\u00e4ndigen Funktionen des Tools erleben und wichtige Einblicke in die Leistung Ihrer Website gewinnen.<\/p>\n<div class=\"content__img-wrap\"><img src=\"https:\/\/sitechecker.pro\/wp-content\/uploads\/2024\/01\/run-full-website-audit-3.png\" alt=\"Vollst\u00e4ndige Website-Pr\u00fcfung durchf\u00fchren\" class=\"description-img description-img-zoom\" loading=\"lazy\" ><\/div>\n<p><iframe width=\"700\" height=\"350\" src=\"https:\/\/www.youtube.com\/embed\/-cexaqBe4KQ?si=PhGWgldVUcxNCsqq&amp;start=213\" title=\"YouTube-Videoplayer\" frameborder=\"0\" allow=\"Beschleunigungsmesser; Autoplay; Zwischenablage schreiben; verschl\u00fcsselte Medien; Gyroskop; Bild-in-Bild; Web-Freigabe\" allowfullscreen><\/iframe><\/p>\n<h3>Zus\u00e4tzliche Funktionen der Seitenlinkz\u00e4hler-Pr\u00fcfung <\/h3>\n<p>Die Funktion \u201eSeitendetails\u201c des Linkz\u00e4hler-Tools bietet eine detaillierte Analyse der internen URLs f\u00fcr eine bestimmte Seite Ihrer Website. Es listet jeden internen Link auf, der auf der ausgew\u00e4hlten Seite gefunden wurde, zusammen mit seinem Statuscode und ob er f\u00fcr Suchmaschinen-Crawler als \u201edofollow\u201c oder \u201enofollow\u201c markiert ist. In diesem Abschnitt k\u00f6nnen Sie die Konnektivit\u00e4t und SEO-Freundlichkeit Ihrer internen Seitenadressstruktur \u00fcberwachen und sicherstellen, dass wichtige Seiten zug\u00e4nglich sind und dass der Seitenwert effektiv auf Ihrer gesamten Site weitergegeben wird. Dar\u00fcber hinaus k\u00f6nnen Sie mit dem Tool <a href=\"https:\/\/sitechecker.pro\/directory-scanner\/\">Seitenz\u00e4hler<\/a> die Gesamtzahl der Seiten auf Ihrer Website verfolgen, was dazu beitr\u00e4gt, eine gut organisierte Struktur aufrechtzuerhalten und sicherzustellen, dass alle Seiten ordnungsgem\u00e4\u00df indiziert und f\u00fcr Suchmaschinen optimiert sind.<\/p>\n<div class=\"content__img-wrap\"><img src=\"https:\/\/sitechecker.pro\/wp-content\/uploads\/2024\/01\/issues-overview-5.png\" alt=\"Problem\u00fcbersicht\" class=\"description-img description-img-zoom\" loading=\"lazy\" ><\/div>\n<h2 id=\"par5\">Abschlie\u00dfende Idee<\/h2>\n<p>Website Link Counter Checker erweist sich als unverzichtbares Tool f\u00fcr jeden Webmaster, der die SEO seiner Website verbessern m\u00f6chte. Durch eine gr\u00fcndliche Analyse von URLs, einschlie\u00dflich der Gesamtzahl der URLs, Linkanalyse und Fehlererkennung, bietet es eine robuste Plattform zur Optimierung der Linkstruktur Ihrer Site. Seine benutzerfreundliche Oberfl\u00e4che, das einheitliche Dashboard und das vollst\u00e4ndige SEO-Toolset erm\u00f6glichen es Benutzern, umfassende Site-Audits durchzuf\u00fchren, die Leistung zu verfolgen und fundierte Entscheidungen zu treffen.<\/p>\n<div id=\"par6\"><\/div>\n<p><div class=\"front__faq-block\"><div class=\"faq__block-title\">FAQ<\/div><div class=\"panel-group\" id=\"faq-accordion\" itemscope itemtype=\"https:\/\/schema.org\/FAQPage\" role=\"tablist\" aria-multiselectable=\"true\"><div class=\"panel\" itemscope itemtype=\"https:\/\/schema.org\/Question\" itemprop=\"mainEntity\">\n                            <div class=\"panel-heading\" id=\"headingFaq-1\">\n                                <div class=\"panel-title\" data-toggle=\"collapse\" aria-expanded=\"false\" href=\"#collapseFaq-1\">\n                                    <h3 itemprop=\"name\">Welche Art von Links analysiert das Tool Link Counter?<\/h3>\n                                <\/div>\n                            <\/div>\n                            <div id=\"collapseFaq-1\" class=\"panel-collapse collapse\" itemprop=\"acceptedAnswer\" itemscope itemtype=\"http:\/\/schema.org\/Answer\">\n                                <div class=\"panel-body\" itemprop=\"text\">Das Tool URL Address Counter analysiert interne, externe, Dofollow- und Nofollow-Links innerhalb einer Website.<\/div>\n                            <\/div>\n                        <\/div><div class=\"panel\" itemscope itemtype=\"https:\/\/schema.org\/Question\" itemprop=\"mainEntity\">\n                            <div class=\"panel-heading\" id=\"headingFaq-2\">\n                                <div class=\"panel-title\" data-toggle=\"collapse\" aria-expanded=\"false\" href=\"#collapseFaq-2\">\n                                    <h3 itemprop=\"name\">Kann der Link Count Analyzer SEO-Probleme im Zusammenhang mit Hyperlinks identifizieren?<\/h3>\n                                <\/div>\n                            <\/div>\n                            <div id=\"collapseFaq-2\" class=\"panel-collapse collapse\" itemprop=\"acceptedAnswer\" itemscope itemtype=\"http:\/\/schema.org\/Answer\">\n                                <div class=\"panel-body\" itemprop=\"text\">Ja, er kann verwaiste URLs und unzureichende interne Seitenadressen erkennen und eine Anzahl von Warnungen und M\u00f6glichkeiten zur SEO-Verbesserung bereitstellen.<\/div>\n                            <\/div>\n                        <\/div><div class=\"panel\" itemscope itemtype=\"https:\/\/schema.org\/Question\" itemprop=\"mainEntity\">\n                            <div class=\"panel-heading\" id=\"headingFaq-3\">\n                                <div class=\"panel-title\" data-toggle=\"collapse\" aria-expanded=\"false\" href=\"#collapseFaq-3\">\n                                    <h3 itemprop=\"name\">Ist der Link Count Identifier f\u00fcr nicht-technische Benutzer geeignet?<\/h3>\n                                <\/div>\n                            <\/div>\n                            <div id=\"collapseFaq-3\" class=\"panel-collapse collapse\" itemprop=\"acceptedAnswer\" itemscope itemtype=\"http:\/\/schema.org\/Answer\">\n                                <div class=\"panel-body\" itemprop=\"text\">Absolut, es verf\u00fcgt \u00fcber eine benutzerfreundliche Oberfl\u00e4che, die es auch Personen mit begrenztem technischen Fachwissen erm\u00f6glicht, problemlos zu navigieren und das Tool zu verwenden.<\/div>\n                            <\/div>\n                        <\/div><div class=\"panel\" itemscope itemtype=\"https:\/\/schema.org\/Question\" itemprop=\"mainEntity\">\n                            <div class=\"panel-heading\" id=\"headingFaq-4\">\n                                <div class=\"panel-title\" data-toggle=\"collapse\" aria-expanded=\"false\" href=\"#collapseFaq-4\">\n                                    <h3 itemprop=\"name\">Was beinhaltet eine vollst\u00e4ndige Website-Pr\u00fcfung im Vergleich zu einer Einzelseitenpr\u00fcfung?<\/h3>\n                                <\/div>\n                            <\/div>\n                            <div id=\"collapseFaq-4\" class=\"panel-collapse collapse\" itemprop=\"acceptedAnswer\" itemscope itemtype=\"http:\/\/schema.org\/Answer\">\n                                <div class=\"panel-body\" itemprop=\"text\">Eine vollst\u00e4ndige Website-Pr\u00fcfung bietet einen umfassenden \u00dcberblick \u00fcber die allgemeine Gesundheit der Site, einschlie\u00dflich aller Seiten, w\u00e4hrend sich eine Einzelseitenpr\u00fcfung auf die URL-Adressen und SEO-Elemente einer Seite konzentriert.<\/div>\n                            <\/div>\n                        <\/div><\/div><\/div><\/p>","protected":false},"excerpt":{"rendered":"Was ist ein Link-Z\u00e4hler? Der Website Internal Link Counter von Sitechecker ist ein Tool, das die Gesamtzahl der URLs auf einer Site oder Seite ermittelt und eine Reihe von Funktionen zur URL-Analyse bietet. Es ist hilfreich, um zu ermitteln, welche URLs aus Ihrer XML-Sitemap von den Suchmaschinen von Google indexiert werden. Au\u00dferdem k\u00f6nnen Sie damit&#8230;","protected":false},"author":10409641,"featured_media":0,"parent":0,"menu_order":0,"comment_status":"closed","ping_status":"closed","template":"pages-templates\/pages-minitools-3.php","meta":[],"categories":[72],"tags":[],"_links":{"self":[{"href":"https:\/\/sitechecker.pro\/de\/wp-json\/wp\/v2\/pages\/29734"}],"collection":[{"href":"https:\/\/sitechecker.pro\/de\/wp-json\/wp\/v2\/pages"}],"about":[{"href":"https:\/\/sitechecker.pro\/de\/wp-json\/wp\/v2\/types\/page"}],"author":[{"embeddable":true,"href":"https:\/\/sitechecker.pro\/de\/wp-json\/wp\/v2\/users\/10409641"}],"replies":[{"embeddable":true,"href":"https:\/\/sitechecker.pro\/de\/wp-json\/wp\/v2\/comments?post=29734"}],"version-history":[{"count":10,"href":"https:\/\/sitechecker.pro\/de\/wp-json\/wp\/v2\/pages\/29734\/revisions"}],"predecessor-version":[{"id":36586,"href":"https:\/\/sitechecker.pro\/de\/wp-json\/wp\/v2\/pages\/29734\/revisions\/36586"}],"wp:attachment":[{"href":"https:\/\/sitechecker.pro\/de\/wp-json\/wp\/v2\/media?parent=29734"}],"wp:term":[{"taxonomy":"category","embeddable":true,"href":"https:\/\/sitechecker.pro\/de\/wp-json\/wp\/v2\/categories?post=29734"},{"taxonomy":"post_tag","embeddable":true,"href":"https:\/\/sitechecker.pro\/de\/wp-json\/wp\/v2\/tags?post=29734"}],"curies":[{"name":"wp","href":"https:\/\/api.w.org\/{rel}","templated":true}]}}