{"id":29720,"date":"2024-01-18T16:07:02","date_gmt":"2024-01-18T16:07:02","guid":{"rendered":"https:\/\/sitechecker.pro\/?page_id=29720"},"modified":"2025-05-02T12:58:21","modified_gmt":"2025-05-02T12:58:21","slug":"http-header-checker-tool-detect-fix-server-header-issues","status":"publish","type":"page","link":"https:\/\/sitechecker.pro\/de\/http-header-checker\/","title":{"rendered":"HTTP-Header Checker"},"content":{"rendered":"<p><\/p>\n<h2 id=\"par1\">Was ist der HTTP-Header-Checker?<\/h2>\n<p>Der HTTP-Header-Checker von <a href=\"https:\/\/sitechecker.pro\/\" target=\"_blank\" rel=\"noopener noreferrer\">Sitechecker<\/a> ist ein Diagnosetool, das die HTTP-Header untersucht, die von einem Webserver als Antwort auf Client-Anfragen gesendet werden. Es bietet eine umfassende Analyse der Header f\u00fcr jede Seite einer Site und erkennt h\u00e4ufige Probleme wie Nicht\u00fcbereinstimmungen in kanonischen Tags, Diskrepanzen in Nofollow- und Noindex-Anweisungen und falsche HTTPS-Umleitungsimplementierungen. Das Tool bewertet auch die Verwendung kanonischer Tags in HTML- und HTTP-Headern und bietet detaillierte L\u00f6sungen zur Behebung aller identifizierten Probleme.<\/p>\n<h3>Wie kann Ihnen das Tool helfen?<\/h3>\n<p><strong>Antwortheader anzeigen: <\/strong>zeigt vom Server gesendete HTTP-Antwortheader an und bietet Informationen wie Inhaltstyp, Servertyp, Caching-Richtlinien, Inhaltscodierung und Statuscodes.<\/p>\n<p><strong><a href=\"https:\/\/sitechecker.pro\/http-monitoring\/\" target=\"_blank\" rel=\"noopener noreferrer\">HTTP-Header-Probleme \u00fcberwachen<\/a>: <\/strong>identifiziert Probleme in Ihren HTTP-Headern, wie z. B. nicht \u00fcbereinstimmende oder fehlende Tags und Anweisungen. Dazu geh\u00f6ren Probleme wie nicht \u00fcbereinstimmende kanonische Tags, Inkonsistenzen bei Nofollow- und Noindex-Anweisungen und falsche HTTPS-Weiterleitungen.<\/p>\n<p><strong>Bereitstellung umfassender Daten zur Problembehebung: <\/strong>bietet detaillierte Anleitungen zur L\u00f6sung identifizierter HTTP-Header-Probleme. Dazu geh\u00f6ren schrittweise Anleitungen zur Korrektur von Nicht\u00fcbereinstimmungen, zur Implementierung korrekter Tags und Anweisungen und zur Gew\u00e4hrleistung einer optimalen Header-Konfiguration f\u00fcr SEO.<\/p>\n<h3>Hauptfunktionen des HTTP-Header-Checkers<\/h3>\n<p><strong>Einheitliches Dashboard: <\/strong>Zentralisiert alle SEO-Daten und -Metriken f\u00fcr eine einfache \u00dcberwachung und Analyse und vereinfacht so die Verwaltung von SEO-Kampagnen.<\/p>\n<p><strong>Benutzerfreundliche Oberfl\u00e4che: <\/strong>Entwickelt f\u00fcr eine einfache Bedienung, sodass SEO-Tools f\u00fcr Benutzer aller F\u00e4higkeitsstufen, einschlie\u00dflich Anf\u00e4ngern, zug\u00e4nglich sind.<\/p>\n<p><strong>Komplettes SEO-Toolset: <\/strong>Bietet eine umfassende Suite von Tools, die alle Aspekte von SEO abdecken, einschlie\u00dflich Keyword-Recherche, Site-Audits und Backlink-Analyse.<\/p>\n<h2 id=\"par2\">So verwenden Sie das Tool<\/h2>\n<p>Der HTTP Header Checker von Sitechecker ist ein benutzerfreundliches Tool, das zur Analyse von HTTP-Headern sowohl f\u00fcr einzelne Seiten als auch f\u00fcr ganze Dom\u00e4nen entwickelt wurde. Damit k\u00f6nnen Sie h\u00e4ufige Header-Probleme einfach beurteilen und beheben und so eine optimale Website-Leistung und SEO-Effizienz sicherstellen. W\u00e4hlen Sie einfach entweder eine Dom\u00e4ne oder eine einzelne Seite aus, um den Scan zu starten.<\/p>\n<div class=\"content__img-wrap\"><img src=\"https:\/\/sitechecker.pro\/wp-content\/uploads\/2024\/08\/1-Selector-HTTP-min.png\" alt=\"HTTP Header Checker\" class=\"description-img description-img-zoom\" loading=\"lazy\" ><\/div>\n<h2 id=\"par3\">Domain-Check<\/h2>\n<h3>Schritt 1: Um eine Domain zu pr\u00fcfen, klicken Sie auf die entsprechende Schaltfl\u00e4che, um den Scanvorgang zu starten<\/h3>\n<div class=\"content__img-wrap\"><img src=\"https:\/\/sitechecker.pro\/wp-content\/uploads\/2024\/08\/2-HTTP-Headers-Domain-Check-min.png\" alt=\"HTTP Header Checker Domain\" class=\"description-img description-img-zoom\" loading=\"lazy\" ><\/div>\n<div class=\"important-block\">Um Ergebnisse zu erhalten und 14 Tage lang auf die Funktionen von Sitechecker zuzugreifen, starten Sie Ihre KOSTENLOSE Testversion. Die Anmeldung ist ganz einfach mit Ihrem E-Mail-, Google- oder Facebook-Konto. Es ist keine Kreditkarte erforderlich.<\/div>\n<h3>Schritt 2: Ergebnisse<\/h3>\n<p>Der HTTP-Header-Checker sucht sorgf\u00e4ltig nach bestimmten HTTP-Header-Inkonsistenzen, die f\u00fcr SEO und Funktionalit\u00e4t von entscheidender Bedeutung sind, wie z. B. nicht \u00fcbereinstimmende kanonische Tags, die Suchmaschinen bei der Bestimmung der autoritativen Version einer Seite in die Irre f\u00fchren k\u00f6nnen. Er identifiziert Ausrichtungsfehler zwischen Nofollow- und Noindex-Anweisungen in HTML- und HTTP-Headern, die sich darauf auswirken, wie Suchmaschinen Inhalte crawlen und indexieren.<\/p>\n<p>Dar\u00fcber hinaus \u00fcberpr\u00fcft das Tool die Genauigkeit von HTTP- und HTTPS-Weiterleitungen in Antwortheadern \u2013 unerl\u00e4sslich f\u00fcr Sicherheit und SEO \u2013 und stellt sicher, dass kanonische Tags sowohl in HTML- als auch in HTTP-Headern konsistent dargestellt werden, um Probleme mit doppelten Inhalten zu vermeiden und so Klarheit f\u00fcr Suchmaschinenalgorithmen zu gew\u00e4hrleisten.<\/p>\n<div class=\"content__img-wrap\"><img src=\"https:\/\/sitechecker.pro\/wp-content\/uploads\/2024\/01\/site-audit-header-issues.png\" alt=\"Site Audit Header Issues\" class=\"description-img description-img-zoom\" loading=\"lazy\" ><\/div>\n<p>Um automatische Benachrichtigungen f\u00fcr \u00c4nderungen in HTTP-Headern einzurichten, navigieren Sie zu den Projekteinstellungen oben auf dem Bildschirm. W\u00e4hlen Sie dann im Abschnitt \u201eBenachrichtigungen und Berichte\u201c die Option \u201eSenden Sie mir eine Benachrichtigung, wenn sich HTTP-Header \u00e4ndern\u201c. Sie erhalten automatisch E-Mail-Benachrichtigungen \u00fcber alle \u00c4nderungen.<\/p>\n<div class=\"content__img-wrap\"><img src=\"https:\/\/sitechecker.pro\/wp-content\/uploads\/2024\/04\/Send-me-an-alert-when-HTTP-headers-changed.png\" alt=\"Senden Sie mir eine Benachrichtigung, wenn sich HTTP-Header \u00e4ndern\" class=\"description-img description-img-zoom\" loading=\"lazy\" ><\/div>\n<h3>Zus\u00e4tzliche Funktionen des Tools<\/h3>\n<p>Klicken Sie auf die Registerkarte \u201eAlle Seiten anzeigen\u201c, um alle URLs Ihrer Site zusammen mit ihren Konfigurationen anzuzeigen. Um die Details einer bestimmten Seite anzuzeigen, klicken Sie einfach auf die gew\u00fcnschte Seite. Daraufhin wird eine Beschreibung ihres HTTP-Headers angezeigt.<\/p>\n<p>Das Tool zeigt HTTP-Antwortheader vom Server an und enth\u00e4lt detaillierte Angaben zu Elementen wie Datum und Uhrzeit der Antwort, Inhaltstyp, Serververbindungsstatus und Sicherheitsprotokollen.<\/p>\n<p>Sichtbare Schl\u00fcsselheader, einschlie\u00dflich \u201eContent-Type\u201c und \u201eStrict-Transport-Security\u201c, sowie Serverdetails wie \u201eX-Powered-By\u201c und \u201eServer\u201c, sind f\u00fcr SEO, Sicherheit und Site-Funktionalit\u00e4t unerl\u00e4sslich.<\/p>\n<div class=\"content__img-wrap\"><img src=\"https:\/\/sitechecker.pro\/wp-content\/uploads\/2024\/01\/page-details-http-headers.png\" alt=\"Seitendetails HTTP-Header\" class=\"description-img description-img-zoom\" loading=\"lazy\" ><\/div>\n<p>Der Header \u201eStrict-Transport-Security\u201c stellt beispielsweise sicher, dass Browser Verbindungen ausschlie\u00dflich \u00fcber HTTPS herstellen, was eine sichere Verbindung bedeutet. Der Zugriff auf solche Informationen ist entscheidend f\u00fcr die Behebung von HTTP-Header-bezogenen Site-Problemen und die \u00dcberpr\u00fcfung, ob der Webserver f\u00fcr Spitzenleistung und Einhaltung von Sicherheitsstandards konfiguriert ist.<\/p>\n<h2 id=\"par4\">Seitenpr\u00fcfung<\/h2>\n<h3>Schritt 1: Geben Sie Ihre spezifische URL ein<\/h3>\n<div class=\"content__img-wrap\"><img src=\"https:\/\/sitechecker.pro\/wp-content\/uploads\/2024\/08\/3-Page-Check-HTTP-Check-min.png\" alt=\"HTTP Header Checker Page\" class=\"description-img description-img-zoom\" loading=\"lazy\" ><\/div>\n<h3>Schritt 2: Ergebnisse erhalten<\/h3>\n<p>Das HTTP-Header-Checker-Tool untersucht die HTTP-Header, die von einem Webserver als Antwort auf eine Anfrage nach einer bestimmten URL zur\u00fcckgegeben werden.<\/p>\n<p>Dieses Tool \u00fcberpr\u00fcft, ob der X-Robots-Tag im HTTP-Header vorhanden ist. Dabei handelt es sich um eine Anweisung, mit der Suchmaschinen bestimmen, wie der Inhalt der Webseite indiziert und verfolgt werden soll.<\/p>\n<p>Im Kontext dieses Tools ist der X-Robots-Tag ein wichtiges Element, da Sie damit die Indizierung einer Webseite steuern k\u00f6nnen, selbst wenn andere Tags auf HTML-Ebene m\u00f6glicherweise nicht vorhanden sind. Dies ist besonders n\u00fctzlich f\u00fcr Nicht-HTML-Dateien wie Bilder oder PDFs, bei denen das normale Robots-Meta-Tag nicht verwendet werden kann.<\/p>\n<div class=\"content__img-wrap\"><img src=\"https:\/\/sitechecker.pro\/wp-content\/uploads\/2024\/01\/indexation-check.png\" alt=\"Indexation Check\" class=\"description-img description-img-zoom\" loading=\"lazy\" ><\/div>\n<p>Um die Funktionalit\u00e4t der HTTP-Header auf Ihrer Website vollst\u00e4ndig zu verstehen, reicht es m\u00f6glicherweise nicht aus, nur eine einzige Seite zu untersuchen. F\u00fcr ein umfassendes Verst\u00e4ndnis wird eine ausf\u00fchrlichere \u00dcberpr\u00fcfung empfohlen. Klicken Sie dazu auf die Schaltfl\u00e4che \u201eVollst\u00e4ndige Website-Pr\u00fcfung durchf\u00fchren\u201c.<\/p>\n<p>Um nach der Analyse Ihrer Domain ein tieferes Verst\u00e4ndnis der Funktionen des Tools zu erhalten, lesen Sie die Dom\u00e4nen\u00fcberpr\u00fcfungsbildschirme im ersten Teil dieses Handbuchs. Dar\u00fcber hinaus k\u00f6nnen Sie sich mit dem interaktiven Demoprojekt besch\u00e4ftigen, das eine praktische Darstellung der Vorteile des Tools bietet. Klicken Sie auf die Schaltfl\u00e4che \u201eSite-Pr\u00fcfung\u201c, um mehr zu erfahren.<\/p>\n<div class=\"content__img-wrap\"><img src=\"https:\/\/sitechecker.pro\/wp-content\/uploads\/2024\/01\/run-full-website-audit.png\" alt=\"Vollst\u00e4ndige Website-Pr\u00fcfung durchf\u00fchren\" class=\"description-img description-img-zoom\" loading=\"lazy\" ><\/div>\n<h3>Zus\u00e4tzliche Funktionen des Tools zur \u00dcberpr\u00fcfung von HTTP-Headern von Seiten <\/h3>\n<p>Untersuchen Sie die Seitennavigationsabschnitte, um Bereiche zu identifizieren, die auf Probleme hinweisen oder weitere M\u00f6glichkeiten f\u00fcr eine technische Pr\u00fcfung der Seite aufdecken k\u00f6nnten. Das Tool unterst\u00fctzt bei wesentlichen Aspekten der Verfeinerung von Inhalten durch Analyse von Titeln und Metadaten, \u00dcberpr\u00fcfung der Implementierung strukturierter Daten und Bewertung genauer Suchindexkonfigurationen. Dar\u00fcber hinaus bewertet es die Geschwindigkeit der mobilen Website, um das Benutzererlebnis zu verbessern.<\/p>\n<div class=\"content__img-wrap\"><img src=\"https:\/\/sitechecker.pro\/wp-content\/uploads\/2024\/01\/on-page-seo-checker-page-navigation.png\" alt=\"On Page Seo Checker Page Navigation\" class=\"description-img description-img-zoom\" loading=\"lazy\" ><\/div>\n<h2 id=\"par5\">Abschlie\u00dfende Bemerkungen<\/h2>\n<p>Der HTTP Header Checker ist ein umfassendes Tool zur Diagnose und Behebung von HTTP-Header-Problemen zur Optimierung von SEO und Website-Funktionalit\u00e4t. Es analysiert Server-Antwort-Header, identifiziert SEO-bezogene Probleme und bietet L\u00f6sungen f\u00fcr Probleme wie Tag-Fehlpaarungen und falsche Weiterleitungen. Mit einer benutzerfreundlichen Oberfl\u00e4che und einer Reihe von SEO-Tools ist es sowohl f\u00fcr Anf\u00e4nger als auch f\u00fcr Experten konzipiert. Das Tool erm\u00f6glicht vollst\u00e4ndige Domain- oder Einzelseiten-Scans und bietet ein erweitertes Audit f\u00fcr eine detaillierte Bewertung, um Inhalt, Datenstruktur und mobile Benutzererfahrung zu verbessern.<\/p>\n<div id=\"par6\"><\/div>\n<p><div class=\"front__faq-block\"><div class=\"faq__block-title\">FAQ<\/div><div class=\"panel-group\" id=\"faq-accordion\" itemscope itemtype=\"https:\/\/schema.org\/FAQPage\" role=\"tablist\" aria-multiselectable=\"true\"><div class=\"panel\" itemscope itemtype=\"https:\/\/schema.org\/Question\" itemprop=\"mainEntity\">\n                            <div class=\"panel-heading\" id=\"headingFaq-1\">\n                                <div class=\"panel-title\" data-toggle=\"collapse\" aria-expanded=\"false\" href=\"#collapseFaq-1\">\n                                    <h3 itemprop=\"name\">Welche Arten von HTTP-Header-Problemen kann der HTTP Header Checker identifizieren?<\/h3>\n                                <\/div>\n                            <\/div>\n                            <div id=\"collapseFaq-1\" class=\"panel-collapse collapse\" itemprop=\"acceptedAnswer\" itemscope itemtype=\"http:\/\/schema.org\/Answer\">\n                                <div class=\"panel-body\" itemprop=\"text\">Das Tool kann verschiedene HTTP-Header-Probleme identifizieren, darunter Nicht\u00fcbereinstimmungen in kanonischen Tags, Diskrepanzen in Nofollow- und Noindex-Anweisungen und falsche HTTPS-Umleitungsimplementierungen.<\/div>\n                            <\/div>\n                        <\/div><div class=\"panel\" itemscope itemtype=\"https:\/\/schema.org\/Question\" itemprop=\"mainEntity\">\n                            <div class=\"panel-heading\" id=\"headingFaq-2\">\n                                <div class=\"panel-title\" data-toggle=\"collapse\" aria-expanded=\"false\" href=\"#collapseFaq-2\">\n                                    <h3 itemprop=\"name\">Kann das Tool \u201eHTTP Header Checker\u201c Header f\u00fcr Nicht-HTML-Dateien analysieren?<\/h3>\n                                <\/div>\n                            <\/div>\n                            <div id=\"collapseFaq-2\" class=\"panel-collapse collapse\" itemprop=\"acceptedAnswer\" itemscope itemtype=\"http:\/\/schema.org\/Answer\">\n                                <div class=\"panel-body\" itemprop=\"text\">Ja, es kann Header f\u00fcr Nicht-HTML-Dateien wie Bilder und PDFs analysieren, indem es nach Anweisungen wie dem X-Robots-Tag im HTTP-Header sucht.<\/div>\n                            <\/div>\n                        <\/div><div class=\"panel\" itemscope itemtype=\"https:\/\/schema.org\/Question\" itemprop=\"mainEntity\">\n                            <div class=\"panel-heading\" id=\"headingFaq-3\">\n                                <div class=\"panel-title\" data-toggle=\"collapse\" aria-expanded=\"false\" href=\"#collapseFaq-3\">\n                                    <h3 itemprop=\"name\">Bietet der HTTP Header Checker Anleitungen zum Beheben von Problemen?<\/h3>\n                                <\/div>\n                            <\/div>\n                            <div id=\"collapseFaq-3\" class=\"panel-collapse collapse\" itemprop=\"acceptedAnswer\" itemscope itemtype=\"http:\/\/schema.org\/Answer\">\n                                <div class=\"panel-body\" itemprop=\"text\">Ja, er bietet umfassende Daten und Schritt-f\u00fcr-Schritt-Anleitungen zum Beheben aller identifizierten HTTP-Header-Probleme.<\/div>\n                            <\/div>\n                        <\/div><div class=\"panel\" itemscope itemtype=\"https:\/\/schema.org\/Question\" itemprop=\"mainEntity\">\n                            <div class=\"panel-heading\" id=\"headingFaq-4\">\n                                <div class=\"panel-title\" data-toggle=\"collapse\" aria-expanded=\"false\" href=\"#collapseFaq-4\">\n                                    <h3 itemprop=\"name\">Welche zus\u00e4tzlichen Funktionen enth\u00e4lt das Tool \u201eHTTP Header Checker\u201c?<\/h3>\n                                <\/div>\n                            <\/div>\n                            <div id=\"collapseFaq-4\" class=\"panel-collapse collapse\" itemprop=\"acceptedAnswer\" itemscope itemtype=\"http:\/\/schema.org\/Answer\">\n                                <div class=\"panel-body\" itemprop=\"text\">Es enth\u00e4lt ein einheitliches Dashboard f\u00fcr SEO-Daten, eine benutzerfreundliche Oberfl\u00e4che und eine vollst\u00e4ndige Suite von SEO-Tools f\u00fcr Keyword-Recherche, Site-Audits und Backlink-Analyse.<\/div>\n                            <\/div>\n                        <\/div><div class=\"panel\" itemscope itemtype=\"https:\/\/schema.org\/Question\" itemprop=\"mainEntity\">\n                            <div class=\"panel-heading\" id=\"headingFaq-5\">\n                                <div class=\"panel-title\" data-toggle=\"collapse\" aria-expanded=\"false\" href=\"#collapseFaq-5\">\n                                    <h3 itemprop=\"name\">Kann das Tool \u201eHTTP Header Checker\u201c vollst\u00e4ndige Website-Audits durchf\u00fchren?<\/h3>\n                                <\/div>\n                            <\/div>\n                            <div id=\"collapseFaq-5\" class=\"panel-collapse collapse\" itemprop=\"acceptedAnswer\" itemscope itemtype=\"http:\/\/schema.org\/Answer\">\n                                <div class=\"panel-body\" itemprop=\"text\">Ja, das Tool verf\u00fcgt \u00fcber eine Funktion zum Ausf\u00fchren eines vollst\u00e4ndigen Website-Audits f\u00fcr eine gr\u00fcndliche Pr\u00fcfung, die \u00fcber die Analyse einzelner Seiten hinausgeht.<\/div>\n                            <\/div>\n                        <\/div><div class=\"panel\" itemscope itemtype=\"https:\/\/schema.org\/Question\" itemprop=\"mainEntity\">\n                            <div class=\"panel-heading\" id=\"headingFaq-6\">\n                                <div class=\"panel-title\" data-toggle=\"collapse\" aria-expanded=\"false\" href=\"#collapseFaq-6\">\n                                    <h3 itemprop=\"name\">Wie beginnen Sie mit der Verwendung des Tools \u201eHTTP Header Checker\u201c?<\/h3>\n                                <\/div>\n                            <\/div>\n                            <div id=\"collapseFaq-6\" class=\"panel-collapse collapse\" itemprop=\"acceptedAnswer\" itemscope itemtype=\"http:\/\/schema.org\/Answer\">\n                                <div class=\"panel-body\" itemprop=\"text\">Sie k\u00f6nnen mit der Verwendung des Tools beginnen, indem Sie entweder eine Dom\u00e4ne oder eine einzelne Seite zum Scannen ausw\u00e4hlen. F\u00fcr den vollst\u00e4ndigen Zugriff auf die Funktionen von Sitechecker steht eine kostenlose Testversion ohne Kreditkarte zur Verf\u00fcgung.<\/div>\n                            <\/div>\n                        <\/div><\/div><\/div><\/p>","protected":false},"excerpt":{"rendered":"Was ist der HTTP-Header-Checker? Der HTTP-Header-Checker von Sitechecker ist ein Diagnosetool, das die HTTP-Header untersucht, die von einem Webserver als Antwort auf Client-Anfragen gesendet werden. Es bietet eine umfassende Analyse der Header f\u00fcr jede Seite einer Site und erkennt h\u00e4ufige Probleme wie Nicht\u00fcbereinstimmungen in kanonischen Tags, Diskrepanzen in Nofollow- und Noindex-Anweisungen und falsche HTTPS-Umleitungsimplementierungen. Das&#8230;","protected":false},"author":10409641,"featured_media":0,"parent":0,"menu_order":0,"comment_status":"closed","ping_status":"closed","template":"pages-templates\/pages-minitools-3.php","meta":[],"categories":[74],"tags":[],"_links":{"self":[{"href":"https:\/\/sitechecker.pro\/de\/wp-json\/wp\/v2\/pages\/29720"}],"collection":[{"href":"https:\/\/sitechecker.pro\/de\/wp-json\/wp\/v2\/pages"}],"about":[{"href":"https:\/\/sitechecker.pro\/de\/wp-json\/wp\/v2\/types\/page"}],"author":[{"embeddable":true,"href":"https:\/\/sitechecker.pro\/de\/wp-json\/wp\/v2\/users\/10409641"}],"replies":[{"embeddable":true,"href":"https:\/\/sitechecker.pro\/de\/wp-json\/wp\/v2\/comments?post=29720"}],"version-history":[{"count":6,"href":"https:\/\/sitechecker.pro\/de\/wp-json\/wp\/v2\/pages\/29720\/revisions"}],"predecessor-version":[{"id":36864,"href":"https:\/\/sitechecker.pro\/de\/wp-json\/wp\/v2\/pages\/29720\/revisions\/36864"}],"wp:attachment":[{"href":"https:\/\/sitechecker.pro\/de\/wp-json\/wp\/v2\/media?parent=29720"}],"wp:term":[{"taxonomy":"category","embeddable":true,"href":"https:\/\/sitechecker.pro\/de\/wp-json\/wp\/v2\/categories?post=29720"},{"taxonomy":"post_tag","embeddable":true,"href":"https:\/\/sitechecker.pro\/de\/wp-json\/wp\/v2\/tags?post=29720"}],"curies":[{"name":"wp","href":"https:\/\/api.w.org\/{rel}","templated":true}]}}