{"id":29711,"date":"2024-01-18T14:51:57","date_gmt":"2024-01-18T14:51:57","guid":{"rendered":"https:\/\/sitechecker.pro\/?page_id=29711"},"modified":"2025-04-28T15:41:49","modified_gmt":"2025-04-28T15:41:49","slug":"broken-image-checker-online-detector-broken-images","status":"publish","type":"page","link":"https:\/\/sitechecker.pro\/de\/broken-image-checker\/","title":{"rendered":"Defekte Bilder Checker | Online-Detektor f\u00fcr defekte Bilder"},"content":{"rendered":"<p><\/p>\n<h2 id=\"par1\">Was ist ein Defekte Bilder Checker?<\/h2>\n<p>Ein Defekte Bilder Checker von <a href=\"https:\/\/sitechecker.pro\/\" target=\"_blank\" rel=\"noopener noreferrer\">Sitechecker<\/a> ist ein Tool, das dabei hilft, defekte Bilder auf einer Website zu identifizieren, die nicht richtig angezeigt werden. Das Tool identifiziert alle Statuscodes f\u00fcr Bilder auf Ihrer Website und bietet Informationen zu Bild-URL, Titel, Alt-Tag und Gr\u00f6\u00dfe und erkennt alle Fehler im Zusammenhang mit den Bildern.<\/p>\n<h3>Das Tool kann Ihnen in vielerlei Hinsicht helfen<\/h3>\n<p><strong>Erkennung defekter Bilder: <\/strong>Das Tool scannt Webseiten, um Abbildungen zu erkennen, die nicht geladen werden k\u00f6nnen. Dies kann verschiedene Gr\u00fcnde haben, z. B. falsche Bild-URLs, gel\u00f6schte oder verschobene Bilddateien oder Serverfehler.<\/p>\n<p><strong>Entdecken Sie umfassende <a href=\"https:\/\/sitechecker.pro\/website-image-crawler\/\" data-wpil-monitor-id=\"106\">Daten zu allen Website-Bildern<\/a>: <\/strong>umfasst eine Liste mit Statuscodes f\u00fcr jedes Bild sowie Details wie Bild-URL, Titel, Alt-Tag, Gr\u00f6\u00dfe und Analyse aller mit den Bildern verbundenen Fehler.<\/p>\n<p><strong>Identifizieren Sie Fehler und Warnungen: <\/strong>Achten Sie auf h\u00e4ufige bildbezogene Fehler wie fehlende <a href=\"https:\/\/sitechecker.pro\/alt-tags\/\" data-wpil-monitor-id=\"225\">Alt-Tags<\/a> (wichtig f\u00fcr SEO und Zug\u00e4nglichkeit) und \u00fcbergro\u00dfe Bilder (die die Seitenladezeiten verlangsamen k\u00f6nnen).<\/p>\n<p><strong>Automatisierung: <\/strong>Integrieren Sie die automatische \u00dcberpr\u00fcfung visueller Elemente in Ihre regelm\u00e4\u00dfigen Site-Wartungsroutinen.<\/p>\n<h3>Hauptfunktionen des Tools<\/h3>\n<p><strong>Einheitliches Dashboard: <\/strong>Bietet eine zentrale Ansicht zur \u00dcberwachung von SEO-Metriken und der Website-Gesundheit mit Echtzeitdaten und anpassbaren Ansichten f\u00fcr wichtige Leistungsindikatoren.<\/p>\n<p><strong>Benutzerfreundliche Oberfl\u00e4che: <\/strong>Entwickelt f\u00fcr eine einfache Nutzung mit einem intuitiven Layout, klaren visuellen Datendarstellungen und gef\u00fchrten Aktionen zur SEO-Verbesserung.<\/p>\n<p><strong>Komplettes SEO-Toolset: <\/strong>umfasst Site-Auditing, Keyword-Tracking und -Analyse, Backlink-Analyse, On-Page-Optimierung, Konkurrenzanalyse und die Erstellung detaillierter Leistungsberichte.<\/p>\n<h2 id=\"par2\">So verwenden Sie das Tool<\/h2>\n<h3>Schritt 1: Geben Sie die URL der Seite ein, die Sie nach defekten Bildern durchsuchen m\u00f6chten<\/h3>\n<div class=\"content__img-wrap\"><img src=\"https:\/\/sitechecker.pro\/wp-content\/uploads\/2024\/01\/broken-image-checker.png\" alt=\"Broken Image Checker\" class=\"description-img description-img-zoom\" loading=\"lazy\" ><\/div>\n<h3>Schritt 2: Ergebnisse erhalten<\/h3>\n<p>Mit unserem Broken Image Checker k\u00f6nnen Sie Bilder anhand ihrer HTTP-Statuscodes filtern und identifizieren. So k\u00f6nnen Sie schnell alle visuellen Elemente erkennen und beheben, die Client- oder Serverfehler zur\u00fcckgeben, was f\u00fcr ein reibungsloses Benutzererlebnis entscheidend ist.<\/p>\n<p>Das Dashboard zeigt auch die Gr\u00f6\u00dfe jedes Bilds an, sodass Sie die Ladezeiten im Auge behalten k\u00f6nnen, die die Site-Leistung und die Benutzerzufriedenheit erheblich beeintr\u00e4chtigen k\u00f6nnen. Dar\u00fcber hinaus pr\u00fcft das Tool bei jedem Bild, ob \u201eAlt-Attribute\u201c vorhanden sind, um sicherzustellen, dass Ihre Site den SEO-Best Practices entspricht und f\u00fcr alle Benutzer zug\u00e4nglich bleibt.<\/p>\n<p>Das Tool bietet Einblicke in die SEO-freundlichen Titelattribute Ihrer Bilder und best\u00e4tigt deren Sichtbarkeit in \u00dcbereinstimmung mit Ihrer robots.txt-Datei.<\/p>\n<div class=\"content__img-wrap\"><img src=\"https:\/\/sitechecker.pro\/wp-content\/uploads\/2024\/01\/page-details-images.png\" alt=\"Seitendetails Bilder\" class=\"description-img description-img-zoom\" loading=\"lazy\" ><\/div>\n<h2 id=\"par3\">Zus\u00e4tzliche Funktionen<\/h2>\n<p>Das Tool f\u00fchrt eine umfassende Pr\u00fcfung Ihrer Website durch. Navigieren Sie bitte zur Registerkarte \u201eSite-Pr\u00fcfung\u201c, um fortzufahren.<\/p>\n<p>Das Tool unterteilt Probleme in Kategorien: Kritisch, Warnungen, Chancen und Hinweise sowie einen Website-Score. Es enth\u00e4lt die Anzahl der gecrawlten Seiten und gibt an, wie viele indexierbar sind.<\/p>\n<p>Im Kontext eines \u201eCheckers f\u00fcr defekte Bilder\u201c k\u00f6nnte dieses Tool Probleme im Zusammenhang mit Bildern unter Abschnitten wie \u201eHTTPS-Seite verlinkt auf HTTP-Bild\u201c und \u201eBilder\u201c mit einer Anzahl von Vorkommen kennzeichnen. Wenn es beispielsweise bildbezogene Probleme gibt, werden diese mit einer spezifischen Beschreibung aufgelistet, etwa \u201eBildern Dimensionen hinzuf\u00fcgen\u201c oder \u201eBilder in Next-Gen-Formaten bereitstellen\u201c, was dabei hilft, Probleme bei der Bildanzeige oder -optimierung zu identifizieren und zu beheben.<\/p>\n<p>Dar\u00fcber hinaus segmentiert das Tool Probleme nach ihrer Auswirkung auf verschiedene Aspekte der Website, wie Seitengeschwindigkeit, Indexierbarkeit und Inhaltsrelevanz, und bietet einen umfassenden \u00dcberblick \u00fcber den Zustand einer Website und hebt Bereiche hervor, die Aufmerksamkeit erfordern, einschlie\u00dflich defekter Bilder. Dies ist unerl\u00e4sslich, um eine optimierte Webpr\u00e4senz aufrechtzuerhalten und ein qualitativ hochwertiges Benutzererlebnis zu gew\u00e4hrleisten.<\/p>\n<div class=\"content__img-wrap\"><img src=\"https:\/\/sitechecker.pro\/wp-content\/uploads\/2024\/01\/site-audit-images-issues.png\" alt=\"Site Audit Images Issues\" class=\"description-img description-img-zoom\" loading=\"lazy\" ><\/div>\n<h2 id=\"par4\">Abschlie\u00dfende Idee<\/h2>\n<p>Der Broken Image Checker ist ein unverzichtbares Tool zum effizienten Identifizieren und Beheben von defekten Abbildungen, zum Rationalisieren des Prozesses zur Aufrechterhaltung der Website-Gesundheit und zur Optimierung der SEO. Es bietet ein robustes Dashboard f\u00fcr einfaches Management, detaillierte Berichte zu Problemen mit visuellen Elementen und eine Reihe von SEO-Tools zur Verbesserung der Website-Leistung. Dieses Tool ist entscheidend, um sicherzustellen, dass die visuellen Elemente und die Funktionalit\u00e4t Ihrer Website erstklassig sind, wodurch die Benutzererfahrung und die Sichtbarkeit in Suchmaschinen verbessert werden.<\/p>\n<div id=\"par5\"><\/div>\n<p><div class=\"front__faq-block\"><div class=\"faq__block-title\">FAQ<\/div><div class=\"panel-group\" id=\"faq-accordion\" itemscope itemtype=\"https:\/\/schema.org\/FAQPage\" role=\"tablist\" aria-multiselectable=\"true\"><div class=\"panel\" itemscope itemtype=\"https:\/\/schema.org\/Question\" itemprop=\"mainEntity\">\n                            <div class=\"panel-heading\" id=\"headingFaq-1\">\n                                <div class=\"panel-title\" data-toggle=\"collapse\" aria-expanded=\"false\" href=\"#collapseFaq-1\">\n                                    <h3 itemprop=\"name\">Kann der Broken Image Finder dazu beitragen, die Ladezeit meiner Website zu verbessern?<\/h3>\n                                <\/div>\n                            <\/div>\n                            <div id=\"collapseFaq-1\" class=\"panel-collapse collapse\" itemprop=\"acceptedAnswer\" itemscope itemtype=\"http:\/\/schema.org\/Answer\">\n                                <div class=\"panel-body\" itemprop=\"text\">Ja, indem unser Tool besch\u00e4digte Bilder erkennt und Ihnen erm\u00f6glicht, sie zu reparieren oder zu entfernen, kann es unn\u00f6tige Ladezeiten reduzieren und so die Gesamtgeschwindigkeit und Leistung Ihrer Website verbessern.<\/div>\n                            <\/div>\n                        <\/div><div class=\"panel\" itemscope itemtype=\"https:\/\/schema.org\/Question\" itemprop=\"mainEntity\">\n                            <div class=\"panel-heading\" id=\"headingFaq-2\">\n                                <div class=\"panel-title\" data-toggle=\"collapse\" aria-expanded=\"false\" href=\"#collapseFaq-2\">\n                                    <h3 itemprop=\"name\">Unterst\u00fctzt der Broken Image Detector automatisches Scannen f\u00fcr Routinepr\u00fcfungen?<\/h3>\n                                <\/div>\n                            <\/div>\n                            <div id=\"collapseFaq-2\" class=\"panel-collapse collapse\" itemprop=\"acceptedAnswer\" itemscope itemtype=\"http:\/\/schema.org\/Answer\">\n                                <div class=\"panel-body\" itemprop=\"text\">Ja, das Tool enth\u00e4lt eine Automatisierungsfunktion, die in die regul\u00e4ren Wartungsroutinen der Site integriert werden kann und so eine kontinuierliche \u00dcberwachung und Pflege der Bilder Ihrer Website gew\u00e4hrleistet.<\/div>\n                            <\/div>\n                        <\/div><div class=\"panel\" itemscope itemtype=\"https:\/\/schema.org\/Question\" itemprop=\"mainEntity\">\n                            <div class=\"panel-heading\" id=\"headingFaq-3\">\n                                <div class=\"panel-title\" data-toggle=\"collapse\" aria-expanded=\"false\" href=\"#collapseFaq-3\">\n                                    <h3 itemprop=\"name\">Kann der Broken Image Checker die SEO-Auswirkungen meiner Bilder analysieren?<\/h3>\n                                <\/div>\n                            <\/div>\n                            <div id=\"collapseFaq-3\" class=\"panel-collapse collapse\" itemprop=\"acceptedAnswer\" itemscope itemtype=\"http:\/\/schema.org\/Answer\">\n                                <div class=\"panel-body\" itemprop=\"text\">Absolut, das Tool pr\u00fcft nicht nur auf besch\u00e4digte Bilder, sondern wertet auch \u201eAlt-Attribute\u201c und SEO-freundliche Titelattribute aus und tr\u00e4gt so zur SEO-Effektivit\u00e4t Ihrer Site bei.<\/div>\n                            <\/div>\n                        <\/div><div class=\"panel\" itemscope itemtype=\"https:\/\/schema.org\/Question\" itemprop=\"mainEntity\">\n                            <div class=\"panel-heading\" id=\"headingFaq-4\">\n                                <div class=\"panel-title\" data-toggle=\"collapse\" aria-expanded=\"false\" href=\"#collapseFaq-4\">\n                                    <h3 itemprop=\"name\">Behebt der Broken Image Checker Probleme mit responsiven visuellen Elementen f\u00fcr Mobilger\u00e4te?<\/h3>\n                                <\/div>\n                            <\/div>\n                            <div id=\"collapseFaq-4\" class=\"panel-collapse collapse\" itemprop=\"acceptedAnswer\" itemscope itemtype=\"http:\/\/schema.org\/Answer\">\n                                <div class=\"panel-body\" itemprop=\"text\">Das Tool pr\u00fcft die Meta-Viewport-Einstellungen, die f\u00fcr responsives Design entscheidend sind, und tr\u00e4gt dazu bei, dass Bilder auf allen Ger\u00e4ten korrekt angezeigt werden.<\/div>\n                            <\/div>\n                        <\/div><\/div><\/div><\/p>","protected":false},"excerpt":{"rendered":"Was ist ein Defekte Bilder Checker? Ein Defekte Bilder Checker von Sitechecker ist ein Tool, das dabei hilft, defekte Bilder auf einer Website zu identifizieren, die nicht richtig angezeigt werden. Das Tool identifiziert alle Statuscodes f\u00fcr Bilder auf Ihrer Website und bietet Informationen zu Bild-URL, Titel, Alt-Tag und Gr\u00f6\u00dfe und erkennt alle Fehler im Zusammenhang&#8230;","protected":false},"author":10409641,"featured_media":0,"parent":0,"menu_order":0,"comment_status":"closed","ping_status":"closed","template":"pages-templates\/pages-minitools-3.php","meta":[],"categories":[74],"tags":[],"_links":{"self":[{"href":"https:\/\/sitechecker.pro\/de\/wp-json\/wp\/v2\/pages\/29711"}],"collection":[{"href":"https:\/\/sitechecker.pro\/de\/wp-json\/wp\/v2\/pages"}],"about":[{"href":"https:\/\/sitechecker.pro\/de\/wp-json\/wp\/v2\/types\/page"}],"author":[{"embeddable":true,"href":"https:\/\/sitechecker.pro\/de\/wp-json\/wp\/v2\/users\/10409641"}],"replies":[{"embeddable":true,"href":"https:\/\/sitechecker.pro\/de\/wp-json\/wp\/v2\/comments?post=29711"}],"version-history":[{"count":12,"href":"https:\/\/sitechecker.pro\/de\/wp-json\/wp\/v2\/pages\/29711\/revisions"}],"predecessor-version":[{"id":38165,"href":"https:\/\/sitechecker.pro\/de\/wp-json\/wp\/v2\/pages\/29711\/revisions\/38165"}],"wp:attachment":[{"href":"https:\/\/sitechecker.pro\/de\/wp-json\/wp\/v2\/media?parent=29711"}],"wp:term":[{"taxonomy":"category","embeddable":true,"href":"https:\/\/sitechecker.pro\/de\/wp-json\/wp\/v2\/categories?post=29711"},{"taxonomy":"post_tag","embeddable":true,"href":"https:\/\/sitechecker.pro\/de\/wp-json\/wp\/v2\/tags?post=29711"}],"curies":[{"name":"wp","href":"https:\/\/api.w.org\/{rel}","templated":true}]}}