{"id":29615,"date":"2024-01-15T14:37:48","date_gmt":"2024-01-15T14:37:48","guid":{"rendered":"https:\/\/sitechecker.pro\/?page_id=29615"},"modified":"2026-01-30T17:32:15","modified_gmt":"2026-01-30T17:32:15","slug":"keyword-cannibalization-checker-detect-pages-compete-search-query","status":"publish","type":"page","link":"https:\/\/sitechecker.pro\/de\/keyword-cannibalization-checker\/","title":{"rendered":"Keyword-Kannibalisierung-Checker | Kannibalisierte Seiten erkennen"},"content":{"rendered":"<p><\/p>\n<h2 id=\"par1\">Was ist das Keyword-Cannibalization-Checker-Tool?<\/h2>\n<p>Das Keyword-Cannibalization-Tool von <a href=\"https:\/\/sitechecker.pro\/\" target=\"_blank\" rel=\"noopener noreferrer\">Sitechecker<\/a> zeigt mithilfe von <a href=\"https:\/\/sitechecker.pro\/google-search-console-dashboard\/\" target=\"_blank\" rel=\"noopener noreferrer\">Google-Search-Console-Daten<\/a>, wenn mehrere Seiten f\u00fcr dasselbe Keyword ranken, und wie sich Impressionen, Klicks und Positionen zwischen ihnen aufteilen. Es hilft, F\u00e4lle zu erkennen, in denen Google die Hauptseite nicht eindeutig bestimmen kann, was zu verw\u00e4sserter Sichtbarkeit f\u00fchrt. Das Tool hebt konkurrierende Keywords und URLs auf Basis realer Suchleistung hervor, nicht auf Sch\u00e4tzungen.<\/p>\n<h3>Wie das Tool Ihnen helfen kann<\/h3>\n<p><strong><a href=\"https:\/\/sitechecker.pro\/what-is-keyword-cannibalization\/\" target=\"_blank\" rel=\"noopener noreferrer\">\u00dcbersicht \u00fcber kannibalisierende Keywords<\/a>: <\/strong>sehen Sie Keywords sortiert nach der Anzahl der daf\u00fcr rankenden Seiten, sodass Sie sofort Suchanfragen mit \u00fcberm\u00e4\u00dfiger URL-\u00dcberschneidung erkennen.<\/p>\n<p><strong>Leistungsaufschl\u00fcsselung auf Seitenebene: <\/strong>\u00f6ffnen Sie ein beliebiges Keyword, um alle konkurrierenden URLs mit Impressionen, Klicks, CTR, durchschnittlicher Position und Top-Page-Impressions-% zu sehen und zu erkennen, wie sich die Sichtbarkeit verteilt.<\/p>\n<p><strong>Schneller Drill-down mit L\u00e4nderfilterung: <\/strong>klicken Sie auf eine Seite, um alle ihre rankenden Keywords ohne Neuladen zu sehen, und nutzen Sie L\u00e4nderfilter, um echte Kannibalisierung von normalen internationalen Rankings zu trennen.<\/p>\n<h3>Hauptfunktionen des Tools<\/h3>\n<p><strong>Zentrales Dashboard: <\/strong>eine zentrale Plattform, die alle SEO-Metriken in einer integrierten Ansicht darstellt.<\/p>\n<p><strong>Benutzerfreundliche Oberfl\u00e4che: <\/strong>ein intuitives, leicht zu bedienendes Design, das komplexe SEO-Aufgaben auch f\u00fcr Nicht-Experten zug\u00e4nglich macht.<\/p>\n<p><strong>Vollst\u00e4ndiges SEO-Toolset: <\/strong>eine komplette Sammlung von SEO-Tools, die alles von Keyword-Recherche und On-Page-Analyse bis hin zu Backlink-Tracking und Website-Monitoring abdeckt.<\/p>\n<h2 id=\"par2\">So nutzen Sie das Tool<\/h2>\n<h3>Schritt 1: Geben Sie Ihren Domainnamen ein<\/h3>\n<div class=\"content__img-wrap\"><img src=\"https:\/\/sitechecker.pro\/wp-content\/uploads\/2026\/01\/keyword-cannibalization-checker.png\" alt=\"Keyword Cannibalization Checker\" class=\"description-img description-img-zoom\" loading=\"lazy\" ><\/div>\n<div class=\"important-block\">Um Ergebnisse zu erhalten und 14 Tage lang Zugriff auf die Funktionen von Sitechecker zu bekommen, starten Sie Ihre KOSTENLOSE Testversion. Die Anmeldung ist einfach per E-Mail, Google- oder Facebook-Konto m\u00f6glich. Keine Kreditkarte erforderlich.<\/div>\n<h3>Schritt 2: Verbinden Sie die GSC-Property<\/h3>\n<div class=\"content__img-wrap\"><img src=\"https:\/\/sitechecker.pro\/wp-content\/uploads\/2026\/01\/connect-gsc-sitechecker.png\" alt=\"Connect GSC Sitechecker\" class=\"description-img description-img-zoom\" loading=\"lazy\" ><\/div>\n<h3>Schritt 3: Ergebnisse erhalten<\/h3>\n<p>Erhalten Sie eine vollst\u00e4ndige Liste der Seiten, die f\u00fcr dasselbe Keyword ranken, basierend auf Google-Search-Console-Daten. Jede Seite wird mit Impressionen, Klicks, CTR, durchschnittlicher Position und Impression-Anteil in einer einzigen, \u00fcbersichtlichen Ansicht angezeigt. So erkennen Sie leicht, wann sich die Sichtbarkeit auf mehrere URLs verteilt. Sie k\u00f6nnen schnell konkurrierende Seiten identifizieren und verstehen, wo Ranking-St\u00e4rke verw\u00e4ssert wird.<\/p>\n<div class=\"content__img-wrap\"><img src=\"https:\/\/sitechecker.pro\/wp-content\/uploads\/2026\/01\/competing-urls.png\" alt=\"Competing URLs\" class=\"description-img description-img-zoom\" loading=\"lazy\" ><\/div>\n<h2 id=\"par3\">Zus\u00e4tzliche Berichte auf Basis von GSC-Daten<\/h2>\n<p>Das Keyword-Cannibalization-Tool ist Teil der Google-Search-Console-Insights in Sitechecker. Es bietet eine klare \u00dcbersicht \u00fcber Keywords, konkurrierende Seiten, Impressionen, Klicks, CTR, durchschnittliche Position und Impression-Anteil an einem Ort. So erkennen Sie schnell F\u00e4lle, in denen mehrere Seiten f\u00fcr dasselbe Keyword ranken und sich die Sichtbarkeit aufteilt.<\/p>\n<p>Weitere GSC-Insights-Berichte helfen Ihnen, die Suchleistung aus verschiedenen Blickwinkeln zu analysieren, darunter Trends zu <a href=\"https:\/\/sitechecker.pro\/branded-vs-non-branded-traffic\/\" target=\"_blank\" rel=\"noopener noreferrer\">Brand- und Non-Brand-Traffic<\/a>, gewinnende und verlierende Seiten, neue und verlorene Keywords sowie Keyword-Wettbewerb zwischen Seiten.<\/p>\n<div class=\"content__img-wrap\"><img src=\"https:\/\/sitechecker.pro\/wp-content\/uploads\/2026\/01\/gsc-insights.png\" alt=\"GSC insights\" class=\"description-img description-img-zoom\" loading=\"lazy\" ><\/div>\n<h2 id=\"par4\">Abschlie\u00dfende Idee<\/h2>\n<p>Das Keyword-Cannibalization-Tool hilft Ihnen, Seiten zu identifizieren, die mit denselben Keywords konkurrieren, basierend auf echten Google-Search-Console-Daten. Es zeigt, wie sich Impressionen, Klicks, CTR, Positionen und Impression-Anteile auf URLs verteilen, sodass verw\u00e4sserte Sichtbarkeit leicht erkennbar wird. Sie sehen schnell, welche Keywords mehrere rankende Seiten ausl\u00f6sen, k\u00f6nnen detaillierte Leistungsdaten auf URL-Ebene \u00f6ffnen und verstehen, ob Google eine klare Hauptseite erkennt. Das Tool ist Teil der GSC-Insights in Sitechecker und arbeitet mit vollst\u00e4ndigen Search-Console-Daten, flexiblen Datumsbereichen und bis zu 36 Monaten Historie, sodass Sie Kannibalisierung pr\u00e4zise und in gro\u00dfem Ma\u00dfstab analysieren k\u00f6nnen.<\/p>\n<div id=\"par5\"><\/div>\n<p><div class=\"front__faq-block\"><div class=\"faq__block-title\">FAQ<\/div><div class=\"panel-group\" id=\"faq-accordion\" itemscope itemtype=\"https:\/\/schema.org\/FAQPage\" role=\"tablist\" aria-multiselectable=\"true\"><div class=\"panel\" itemscope itemtype=\"https:\/\/schema.org\/Question\" itemprop=\"mainEntity\">\n                            <div class=\"panel-heading\" id=\"headingFaq-1\">\n                                <div class=\"panel-title\" data-toggle=\"collapse\" aria-expanded=\"false\" href=\"#collapseFaq-1\">\n                                    <h3 itemprop=\"name\">Ist Keyword-Kannibalisierung immer sch\u00e4dlich f\u00fcr Rankings?<\/h3>\n                                <\/div>\n                            <\/div>\n                            <div id=\"collapseFaq-1\" class=\"panel-collapse collapse\" itemprop=\"acceptedAnswer\" itemscope itemtype=\"http:\/\/schema.org\/Answer\">\n                                <div class=\"panel-body\" itemprop=\"text\">Nein. Kannibalisierung wird nur dann zum Problem, wenn Google die Hauptseite nicht eindeutig identifizieren kann und die Impressionen auf mehrere URLs verteilt werden, wodurch die Gesamtsichtbarkeit sinkt.<\/div>\n                            <\/div>\n                        <\/div><div class=\"panel\" itemscope itemtype=\"https:\/\/schema.org\/Question\" itemprop=\"mainEntity\">\n                            <div class=\"panel-heading\" id=\"headingFaq-2\">\n                                <div class=\"panel-title\" data-toggle=\"collapse\" aria-expanded=\"false\" href=\"#collapseFaq-2\">\n                                    <h3 itemprop=\"name\">Wie unterscheide ich echte Kannibalisierung von normaler Keyword-\u00dcberschneidung?<\/h3>\n                                <\/div>\n                            <\/div>\n                            <div id=\"collapseFaq-2\" class=\"panel-collapse collapse\" itemprop=\"acceptedAnswer\" itemscope itemtype=\"http:\/\/schema.org\/Answer\">\n                                <div class=\"panel-body\" itemprop=\"text\">Echte Kannibalisierung zeigt sich meist durch fragmentierten Impression-Anteil, instabile Rankings und h\u00e4ufigen URL-Wechsel f\u00fcr dieselbe Suchanfrage.<\/div>\n                            <\/div>\n                        <\/div><div class=\"panel\" itemscope itemtype=\"https:\/\/schema.org\/Question\" itemprop=\"mainEntity\">\n                            <div class=\"panel-heading\" id=\"headingFaq-3\">\n                                <div class=\"panel-title\" data-toggle=\"collapse\" aria-expanded=\"false\" href=\"#collapseFaq-3\">\n                                    <h3 itemprop=\"name\">Warum rankt Google mehrere Seiten f\u00fcr ein Keyword?<\/h3>\n                                <\/div>\n                            <\/div>\n                            <div id=\"collapseFaq-3\" class=\"panel-collapse collapse\" itemprop=\"acceptedAnswer\" itemscope itemtype=\"http:\/\/schema.org\/Answer\">\n                                <div class=\"panel-body\" itemprop=\"text\">Das passiert oft, wenn Seiten eine \u00e4hnliche Suchintention haben, sich inhaltlich \u00fcberschneiden oder eine klare interne Verlinkung fehlt, die eine Hauptseite signalisiert.<\/div>\n                            <\/div>\n                        <\/div><div class=\"panel\" itemscope itemtype=\"https:\/\/schema.org\/Question\" itemprop=\"mainEntity\">\n                            <div class=\"panel-heading\" id=\"headingFaq-4\">\n                                <div class=\"panel-title\" data-toggle=\"collapse\" aria-expanded=\"false\" href=\"#collapseFaq-4\">\n                                    <h3 itemprop=\"name\">Kann Keyword-Kannibalisierung das Traffic-Wachstum begrenzen?<\/h3>\n                                <\/div>\n                            <\/div>\n                            <div id=\"collapseFaq-4\" class=\"panel-collapse collapse\" itemprop=\"acceptedAnswer\" itemscope itemtype=\"http:\/\/schema.org\/Answer\">\n                                <div class=\"panel-body\" itemprop=\"text\">Ja. Selbst wenn mehrere Seiten ranken, erreicht keine ihr volles Potenzial, weil die Ranking-Signale aufgeteilt statt geb\u00fcndelt werden.<\/div>\n                            <\/div>\n                        <\/div><div class=\"panel\" itemscope itemtype=\"https:\/\/schema.org\/Question\" itemprop=\"mainEntity\">\n                            <div class=\"panel-heading\" id=\"headingFaq-5\">\n                                <div class=\"panel-title\" data-toggle=\"collapse\" aria-expanded=\"false\" href=\"#collapseFaq-5\">\n                                    <h3 itemprop=\"name\">Wann sollte Kannibalisierung behoben werden?<\/h3>\n                                <\/div>\n                            <\/div>\n                            <div id=\"collapseFaq-5\" class=\"panel-collapse collapse\" itemprop=\"acceptedAnswer\" itemscope itemtype=\"http:\/\/schema.org\/Answer\">\n                                <div class=\"panel-body\" itemprop=\"text\">Sie sollte behoben werden, wenn eine Seite eigentlich ranken soll, aber durch konkurrierende interne Seiten mit derselben Suchintention an Sichtbarkeit verliert.<\/div>\n                            <\/div>\n                        <\/div><\/div><\/div><\/p>","protected":false},"excerpt":{"rendered":"Was ist das Keyword-Cannibalization-Checker-Tool? Das Keyword-Cannibalization-Tool von Sitechecker zeigt mithilfe von Google-Search-Console-Daten, wenn mehrere Seiten f\u00fcr dasselbe Keyword ranken, und wie sich Impressionen, Klicks und Positionen zwischen ihnen aufteilen. Es hilft, F\u00e4lle zu erkennen, in denen Google die Hauptseite nicht eindeutig bestimmen kann, was zu verw\u00e4sserter Sichtbarkeit f\u00fchrt. Das Tool hebt konkurrierende Keywords und URLs&#8230;","protected":false},"author":10409641,"featured_media":0,"parent":0,"menu_order":0,"comment_status":"closed","ping_status":"closed","template":"pages-templates\/pages-minitools-3.php","meta":[],"categories":[71],"tags":[],"_links":{"self":[{"href":"https:\/\/sitechecker.pro\/de\/wp-json\/wp\/v2\/pages\/29615"}],"collection":[{"href":"https:\/\/sitechecker.pro\/de\/wp-json\/wp\/v2\/pages"}],"about":[{"href":"https:\/\/sitechecker.pro\/de\/wp-json\/wp\/v2\/types\/page"}],"author":[{"embeddable":true,"href":"https:\/\/sitechecker.pro\/de\/wp-json\/wp\/v2\/users\/10409641"}],"replies":[{"embeddable":true,"href":"https:\/\/sitechecker.pro\/de\/wp-json\/wp\/v2\/comments?post=29615"}],"version-history":[{"count":14,"href":"https:\/\/sitechecker.pro\/de\/wp-json\/wp\/v2\/pages\/29615\/revisions"}],"predecessor-version":[{"id":39236,"href":"https:\/\/sitechecker.pro\/de\/wp-json\/wp\/v2\/pages\/29615\/revisions\/39236"}],"wp:attachment":[{"href":"https:\/\/sitechecker.pro\/de\/wp-json\/wp\/v2\/media?parent=29615"}],"wp:term":[{"taxonomy":"category","embeddable":true,"href":"https:\/\/sitechecker.pro\/de\/wp-json\/wp\/v2\/categories?post=29615"},{"taxonomy":"post_tag","embeddable":true,"href":"https:\/\/sitechecker.pro\/de\/wp-json\/wp\/v2\/tags?post=29615"}],"curies":[{"name":"wp","href":"https:\/\/api.w.org\/{rel}","templated":true}]}}