{"id":2833,"date":"2019-01-25T09:12:58","date_gmt":"2019-01-25T09:12:58","guid":{"rendered":"https:\/\/sitechecker.pro\/?page_id=2833"},"modified":"2024-09-25T10:24:57","modified_gmt":"2024-09-25T10:24:57","slug":"backlinks-checker","status":"publish","type":"page","link":"https:\/\/sitechecker.pro\/de\/backlinks-checker\/","title":{"rendered":"Backlink Checker &#038; Tracker: Kostenlose SEO-Tool-Backlink-Analyse \u1408"},"content":{"rendered":"<p>Wenn Sie auf den Seiten Ihrer Website auf eine andere Website <b>verlinken<\/b>, wird dies als <b>Backlink<\/b> bezeichnet. Websites tauschen solche Links aus, um das Linkgewicht und den Benutzerverkehr weiterzugeben. Dennoch k\u00f6nnen nicht alle Links das Suchmaschinenranking Ihrer Seite positiv beeinflussen. Beim <b>Backlinken<\/b> Ihres Links sollten Sie auf die Autorit\u00e4t der Seiten und ihr Thema achten. Wenn Sie Backlinks von qualitativ minderwertigen Websites erhalten, kann die <b>Suchmaschine<\/b> Ihre Website ebenfalls als qualitativ minderwertig einstufen. Aus diesem Grund ist es wichtig, Backlinks zu \u00fcberpr\u00fcfen und zu sehen, welche Websites auf Sie verlinken und auf welche Websites Sie verlinken.<\/p>\n<p>Wir haben ein kostenloses Tool namens <b>Backlink Checker<\/b> entwickelt, das das gesamte Backlink-Profil der Website analysiert, auf die Sie verlinken. Sie k\u00f6nnen es auch kostenlos verwenden, um Backlink-Audits Ihrer Konkurrenten durchzuf\u00fchren. Ihre Marktforschung kann von Informationen \u00fcber die Backlinks Ihrer Konkurrenten profitieren, daher wird unser Tool auch f\u00fcr diese Aufgabe n\u00fctzlich sein. Wir sagen Ihnen, wie und warum Sie Backlinks mit unserem <b>Backlink-Tester-Tool<\/b> \u00fcberpr\u00fcfen<\/p>\n<h2 id=\"ik_Guide\">Nutzung des Backlink-Checkers: Eine Schritt-f\u00fcr-Schritt-Anleitung<\/h2>\n<p>F\u00fcr eine kompetente Bewerbung in Suchmaschinen sollten Sie auf viele Faktoren achten. Ein wesentlicher Faktor ist die Qualit\u00e4t und Quantit\u00e4t der Backlinks. Suchmaschinen empfehlen, Links zu minderwertigen und sch\u00e4dlichen Websites von Ihrer Website zu entfernen. Andernfalls k\u00f6nnen Sie von der Suchmaschine bestraft werden und unter Sanktionen fallen. Dann verlieren Sie potenziellen Traffic und Kunden f\u00fcr Ihre Website und fallen aus den Suchergebnissen heraus.<\/p>\n<p>Wir haben ein kostenloses Backlink-Checker-Testtool entwickelt, um ein gr\u00fcndliches Backlink-Audit Ihrer Website durchzuf\u00fchren. Der Hauptzweck unserer Tracker-Software besteht darin, Backlinks zu \u00fcberpr\u00fcfen und das Backlink-Profil jeder<b> URL<\/b> nachzuschlagen.<\/p>\n<p>Nun, unsere neuen Analysetools sind sehr einfach zu bedienen. Verwendung unseres<b> Website-Sitecheckers. Pro <\/b>Beispiel unten zeigen wir Ihnen, wie Sie in zwei einfachen Schritten einen Backlink-Scan und eine Analyse auf Ihrer Website durchf\u00fchren k\u00f6nnen.<\/p>\n<h3>Schritt 1: Geben Sie Ihre URL ein<\/h3>\n<p>Geben Sie in unserem Tool die <b>URL-Seite<\/b> ein, die Sie interessiert. Es kann Ihre Website oder die Ihrer Konkurrenzdom\u00e4ne sein. Klicken Sie dann auf die Pfeilschaltfl\u00e4che und starten Sie die <b>Analyse<\/b>.<br \/>\n<div class=\"content__img-wrap\"><img src=\"https:\/\/sitechecker.pro\/wp-content\/uploads\/2022\/04\/backlink-checker-new--1.jpg\" alt=\"Backlink-Crawler-Scanning \u2013 Verwenden Sie das Backlink-Checker-Tool f\u00fcr erfolgreiche Linkbuilding-Strategien\" class=\"description-img description-img-zoom\" loading=\"lazy\" ><\/div><\/p>\n<h3>Schritt 2: Interpretieren der Ergebnisse des kostenlosen Backlink-Checkers<\/h3>\n<p>Nach Abschluss des Scans sehen Sie einen detaillierten Bericht \u00fcber den Status der Backlinks. Es wird sowohl <b>dofollow- als auch nofollow<\/b>-Links und die Gesamtzahl an Backlinks und <b>verweisenden Domains<\/b> geben. Analysieren Sie diese Informationen und entfernen Sie minderwertige Backlinks, um die Werbung f\u00fcr Ihre Website in <b> Suchmaschinen nicht zu beeintr\u00e4chtigen.<\/b> Sie k\u00f6nnen sogar Ihre und konkurrierende <b>Ergebnisse<\/b> herunterladen.<br \/>\n<div class=\"content__img-wrap\"><img src=\"https:\/\/sitechecker.pro\/wp-content\/uploads\/2022\/05\/backlinks_checker_result.png\" alt=\"Backlink Checker Linkz\u00e4hler - Verwenden Sie den Backlink-Checker f\u00fcr die Backlink-Analyse, um Spam-Links zu erkennen erfolgreicher Linkaufbau\" class=\"description-img description-img-zoom\" loading=\"lazy\" ><\/div><\/p>\n<p>Denken Sie daran, dass Backlinks f\u00fcr SEO notwendig sind. Hochwertige Links k\u00f6nnen Ihnen im Rennen um den Verkehr mit Ihren Konkurrenten helfen. Mit einem kostenlosen Backlink-Bewertungs-<b>Scanner-Tool<\/b> k\u00f6nnen Sie Backlinks m\u00fchelos \u00fcberpr\u00fcfen.<\/p>\n<h2 id=\"ik_Cases\">F\u00e4lle, in denen Backlink Checker ben\u00f6tigt wird<\/h2>\n<p>Backlinks zu Ihrer Website lassen Suchmaschinen wissen, dass andere Websites Ihre Website f\u00fcr <b>autoritativ<\/b> halten. Wenn viele gute Seiten auf Ihre Seite verlinken, h\u00e4lt die Suchmaschine Ihre Seite f\u00fcr gut und gibt Ihnen mehr Suchmaschinen-Rankings. Wenn auf Ihre Inhalte verlinkt wird, ist Ihre Website f\u00fcr Benutzer n\u00fctzlich und kann in der Suchmaschine f\u00fcr <b>Generatoranfragen<\/b> von Benutzern angezeigt werden. Das Erhalten von Backlinks wirkt sich positiv auf die <b>M\u00f6glichkeiten <\/b> Ihrer Website und die Menge des Benutzerverkehrs aus.<\/p>\n<p>Wann k\u00f6nnen Sie also von der Verwendung einer <b>Entwicklungsstrategie f\u00fcr Backlinks<\/b> f\u00fcr Websites profitieren? Sie k\u00f6nnen mit externen Links Geld verdienen, aber es wird viel Zeit in Anspruch nehmen. Um das Linkprofil einer Website zu erstellen, m\u00fcssen Sie <b>n\u00fctzliche Inhalte bestimmen<\/b>, die Benutzer in ihren <b>sozialen Netzwerken<\/b> auf ihren Websites teilen m\u00f6chten. Nur <b>hochwertiger<\/b> Textinhalt zieht die Aufmerksamkeit von Nutzern und Eigent\u00fcmern anderer Websites auf sich.<\/p>\n<p>Wie k\u00f6nnen Sie Links erhalten? Erstellen Sie n\u00fctzliche Daten und Inhalte, und die Backlinks werden Sie finden. Tauschen Sie Links mit Ihren <b>Partnern<\/b> aus. Schreiben Sie <b>Gastbeitr\u00e4ge<\/b> und bieten Sie sie den Redakteuren beliebter Websites an. Viele Website-Ersteller akzeptieren gerne qualitativ hochwertige Inhalte und verlinken mit Ihrem Keyword-Anker absolut kostenlos auf Ihre Website! Eine weitere M\u00f6glichkeit ist der Kauf von Links. Auch bei dieser Option m\u00fcssen Sie bestimmte Websites verfolgen.<\/p>\n<p>Sie m\u00fcssen die Quantit\u00e4t und Qualit\u00e4t der Backlinks <b>\u00fcberpr\u00fcfen<\/b>, da nicht alle f\u00fcr Ihre Website gleicherma\u00dfen n\u00fctzlich sind. Es kommt vor, dass <b>Konkurrenten <\/b> Links zu Ihrer Website von schlechter DR-Score-Qualit\u00e4t und schlechten Ressourcen sowie Spam-Ressourcen kaufen, um der Werbung f\u00fcr Ihre Website zu schaden. Backlinks von seri\u00f6sen und nicht spammigen Ressourcen werden Ihnen zugute kommen und Ihr Suchmaschinenranking positiv beeinflussen. Sie erhalten eingehenden Benutzerverkehr, w\u00e4hrend die Benutzer dem Link zu Ihrer Website folgen. Auch wenn dies nicht der Fall ist, erhalten Sie Linkgewicht. Erhalten Sie Erw\u00e4hnungen auf <b>seri\u00f6sen Websites<\/b> und verbessern Sie das Ranking Ihrer Website in <b>Suchmaschinenrankings<\/b><\/p>\n<p>Um in den Suchmaschinenergebnissen einen hohen Rang einzunehmen und mehr organischen Traffic auf Ihre Website zu bekommen, sollten Sie die Quantit\u00e4t und Qualit\u00e4t Ihrer Linkbacks \u00fcberwachen. Verwenden Sie den Backlink-Finder, um Ihr Linkprofil zu analysieren, wie Sie es mit ahrefs tun k\u00f6nnen. Es ist eine v\u00f6llig kostenlose M\u00f6glichkeit, Backlinks zu \u00fcberpr\u00fcfen und zu analysieren. Vergessen Sie also nicht, Ihren Website-Index regelm\u00e4\u00dfig mit Checkern zu \u00fcberpr\u00fcfen.<\/p>\n<p><div class=\"front__faq-block\"><div class=\"faq__block-title\">FAQ<\/div><div class=\"panel-group\" id=\"faq-accordion\" itemscope itemtype=\"https:\/\/schema.org\/FAQPage\" role=\"tablist\" aria-multiselectable=\"true\"><div class=\"panel\" itemscope itemtype=\"https:\/\/schema.org\/Question\" itemprop=\"mainEntity\">\n                            <div class=\"panel-heading\" id=\"headingFaq-1\">\n                                <div class=\"panel-title\" data-toggle=\"collapse\" aria-expanded=\"false\" href=\"#collapseFaq-1\">\n                                    <h3 itemprop=\"name\">Wie finde ich die Backlinks meiner Konkurrenten?<\/h3>\n                                <\/div>\n                            <\/div>\n                            <div id=\"collapseFaq-1\" class=\"panel-collapse collapse\" itemprop=\"acceptedAnswer\" itemscope itemtype=\"http:\/\/schema.org\/Answer\">\n                                <div class=\"panel-body\" itemprop=\"text\">W\u00e4hrend Sie die Href-Backlink-Kaufstrategien Ihrer Konkurrenten analysieren, k\u00f6nnen Sie n\u00fctzliche Websites finden, die Ihren Link ebenfalls platzieren k\u00f6nnen. Unser kostenloser Pr\u00fcfer hilft Ihnen dabei, diese Informationen zu erhalten und sie zu nutzen, um den Wert Ihrer Website zu steigern.<\/div>\n                            <\/div>\n                        <\/div><div class=\"panel\" itemscope itemtype=\"https:\/\/schema.org\/Question\" itemprop=\"mainEntity\">\n                            <div class=\"panel-heading\" id=\"headingFaq-2\">\n                                <div class=\"panel-title\" data-toggle=\"collapse\" aria-expanded=\"false\" href=\"#collapseFaq-2\">\n                                    <h3 itemprop=\"name\">Wie viele Arten von Backlinks gibt es im SEO?<\/h3>\n                                <\/div>\n                            <\/div>\n                            <div id=\"collapseFaq-2\" class=\"panel-collapse collapse\" itemprop=\"acceptedAnswer\" itemscope itemtype=\"http:\/\/schema.org\/Answer\">\n                                <div class=\"panel-body\" itemprop=\"text\">Backlinks sind Links auf anderen Websites, die auf Ihre Website verweisen. Suchmaschinen analysieren die Anzahl und Qualit\u00e4t eingehender Links, die zu Ihrer Website f\u00fchren. Ihr Ranking steht in direktem Zusammenhang mit der Qualit\u00e4t Ihrer Backlinks. Je mehr (Qualit\u00e4ts-)Backlinks Sie haben haben, desto mehr k\u00f6nnen Sie von Suchmaschinen gerankt werden. Google und andere Suchmaschinen analysieren jeden besten Backlink und nehmen gute Links als Referenz. Je h\u00f6her die Anzahl der Backlinks, desto zuverl\u00e4ssiger und n\u00fctzlicher werden Suchmaschinen Ihre Website ber\u00fccksichtigen. Und letztendlich, desto besser ist Ihr Ranking.<\/div>\n                            <\/div>\n                        <\/div><div class=\"panel\" itemscope itemtype=\"https:\/\/schema.org\/Question\" itemprop=\"mainEntity\">\n                            <div class=\"panel-heading\" id=\"headingFaq-3\">\n                                <div class=\"panel-title\" data-toggle=\"collapse\" aria-expanded=\"false\" href=\"#collapseFaq-3\">\n                                    <h3 itemprop=\"name\">Wie funktioniert ein Backlink?<\/h3>\n                                <\/div>\n                            <\/div>\n                            <div id=\"collapseFaq-3\" class=\"panel-collapse collapse\" itemprop=\"acceptedAnswer\" itemscope itemtype=\"http:\/\/schema.org\/Answer\">\n                                <div class=\"panel-body\" itemprop=\"text\">Ein Backlink \u00fcbertr\u00e4gt ein kleines Linkgewicht von einer Seite auf eine andere.<\/div>\n                            <\/div>\n                        <\/div><\/div><\/div><\/p>","protected":false},"excerpt":{"rendered":"Wenn Sie auf den Seiten Ihrer Website auf eine andere Website verlinken, wird dies als Backlink bezeichnet. Websites tauschen solche Links aus, um das Linkgewicht und den Benutzerverkehr weiterzugeben. Dennoch k\u00f6nnen nicht alle Links das Suchmaschinenranking Ihrer Seite positiv beeinflussen. Beim Backlinken Ihres Links sollten Sie auf die Autorit\u00e4t der Seiten und ihr Thema achten&#8230;.","protected":false},"author":10409641,"featured_media":3764,"parent":0,"menu_order":0,"comment_status":"closed","ping_status":"closed","template":"front-page.php","meta":[],"categories":[30],"tags":[],"_links":{"self":[{"href":"https:\/\/sitechecker.pro\/de\/wp-json\/wp\/v2\/pages\/2833"}],"collection":[{"href":"https:\/\/sitechecker.pro\/de\/wp-json\/wp\/v2\/pages"}],"about":[{"href":"https:\/\/sitechecker.pro\/de\/wp-json\/wp\/v2\/types\/page"}],"author":[{"embeddable":true,"href":"https:\/\/sitechecker.pro\/de\/wp-json\/wp\/v2\/users\/10409641"}],"replies":[{"embeddable":true,"href":"https:\/\/sitechecker.pro\/de\/wp-json\/wp\/v2\/comments?post=2833"}],"version-history":[{"count":122,"href":"https:\/\/sitechecker.pro\/de\/wp-json\/wp\/v2\/pages\/2833\/revisions"}],"predecessor-version":[{"id":33589,"href":"https:\/\/sitechecker.pro\/de\/wp-json\/wp\/v2\/pages\/2833\/revisions\/33589"}],"wp:featuredmedia":[{"embeddable":true,"href":"https:\/\/sitechecker.pro\/de\/wp-json\/wp\/v2\/media\/3764"}],"wp:attachment":[{"href":"https:\/\/sitechecker.pro\/de\/wp-json\/wp\/v2\/media?parent=2833"}],"wp:term":[{"taxonomy":"category","embeddable":true,"href":"https:\/\/sitechecker.pro\/de\/wp-json\/wp\/v2\/categories?post=2833"},{"taxonomy":"post_tag","embeddable":true,"href":"https:\/\/sitechecker.pro\/de\/wp-json\/wp\/v2\/tags?post=2833"}],"curies":[{"name":"wp","href":"https:\/\/api.w.org\/{rel}","templated":true}]}}