{"id":25722,"date":"2023-08-21T13:27:53","date_gmt":"2023-08-21T13:27:53","guid":{"rendered":"https:\/\/sitechecker.pro\/?page_id=25722"},"modified":"2025-04-22T15:04:34","modified_gmt":"2025-04-22T15:04:34","slug":"525-status-code-%f0%9f%93%96-fix-issue","status":"publish","type":"page","link":"https:\/\/sitechecker.pro\/de\/what-is-525-status-code\/","title":{"rendered":"Was ist der Statuscode 525 \ud83d\udcd6 Wie behebt man das Problem"},"content":{"rendered":"<p><\/p>\n<h2 id=\"par1\">Was ist der HTTP-Statuscode 525?<\/h2>\n<p>Der Statuscode 525 \u201eSSL-Handshake fehlgeschlagen\u201c ist eine HTTP-Antwort, die anzeigt, dass der SSL\/TLS-Handshake zwischen dem Server und dem Client (z.\u202fB. einem Webbrowser oder Cloud-Dienstanbieter) fehlgeschlagen ist.<\/p>\n<p>Wenn ein Benutzer versucht, \u00fcber HTTPS auf eine Website zuzugreifen, findet ein Prozess namens SSL\/TLS-Handshake statt. Dieser Handshake stellt sicher, dass die Verbindung zwischen dem Browser des Benutzers und dem Server sicher und verschl\u00fcsselt ist. Wenn dieser Prozess jedoch auf Probleme st\u00f6\u00dft, kann der Fehler 525 auftreten.<\/p>\n<h2 id=\"par2\">Auswirkungen des 525-Fehlers auf das Suchmaschinenranking<\/h2>\n<p>Der Statuscode-Fehler 525 oder \u201eSSL-Handshake fehlgeschlagen\u201c kann mehrere Auswirkungen auf die SEO haben, darunter:<\/p>\n<table class=\"table-classic\">\n<tbody>\n<tr>\n<td><strong>Benutzererfahrung (UX)<\/strong><\/td>\n<td style=\"text-align: left\">Wenn Benutzer auf einen 525-Fehler sto\u00dfen, k\u00f6nnen sie nicht auf den angeforderten Inhalt zugreifen. Dies f\u00fchrt zu einer schlechten Benutzererfahrung, was die Absprungrate erh\u00f6hen kann.<br \/>\nSuchmaschinen wie Google ber\u00fccksichtigen die Benutzererfahrung in ihren Ranking-Algorithmen, sodass eine hohe <a href=\"https:\/\/sitechecker.pro\/bounce-rate\/\" target=\"_blank\" rel=\"noopener noreferrer\">Absprungrate<\/a> aufgrund dieses Fehlers das Ranking negativ beeinflussen kann.<\/td>\n<\/tr>\n<tr>\n<td><strong>Erreichbarkeit der Website<\/strong><\/td>\n<td style=\"text-align: left\">Suchmaschinen-Bots durchsuchen und indexieren Webseiten \u00fcber HTTPS. Wenn es ein Problem mit dem SSL-Handshake gibt, k\u00f6nnen sie m\u00f6glicherweise nicht auf die Website zugreifen.<br \/>\nDies kann zu einer eingeschr\u00e4nkten oder sogar vollst\u00e4ndigen Deindexierung der betroffenen Seiten f\u00fchren, was sich negativ auf die Ergebnisse in den <a href=\"https:\/\/sitechecker.pro\/serp\/\" target=\"_blank\" rel=\"noopener noreferrer\">SERPs<\/a> auswirkt.<\/td>\n<\/tr>\n<tr>\n<td><strong>Vertrauen und Sicherheit<\/strong><\/td>\n<td style=\"text-align: left\">Moderne Browser warnen h\u00e4ufig, wenn es Probleme mit einem SSL-Zertifikat gibt. Wenn Benutzer regelm\u00e4\u00dfig wegen Sicherheitsproblemen durch einen 525-Fehler gewarnt werden, kann das Vertrauen in die Website verloren gehen. Vertrauen ist ein wesentlicher SEO-Faktor, da es sowohl das Nutzerverhalten als auch das Ranking beeinflussen kann.<\/td>\n<\/tr>\n<tr>\n<td><strong>Vertrauen und Sicherheit<\/strong><\/td>\n<td style=\"text-align: left\">Moderne Browser warnen h\u00e4ufig, wenn es Probleme mit einem SSL-Zertifikat gibt. Wenn Benutzer regelm\u00e4\u00dfig wegen Sicherheitsproblemen durch einen 525-Fehler gewarnt werden, kann das Vertrauen in die Website verloren gehen.<br \/>\nVertrauenssignale sind ein wichtiger Bestandteil von SEO, da sie sowohl das Nutzerverhalten als auch das Ranking in Suchmaschinen beeinflussen k\u00f6nnen.<\/td>\n<\/tr>\n<tr>\n<td><strong>Website-Geschwindigkeit und Performance<\/strong><\/td>\n<td style=\"text-align: left\">Obwohl der Fehler 525 selbst die Ladezeit m\u00f6glicherweise nicht direkt beeinflusst, k\u00f6nnten zugrunde liegende Probleme mit der SSL-Konfiguration des Servers auch die Performance beeintr\u00e4chtigen.<br \/>\nLange Ladezeiten k\u00f6nnen die Nutzererfahrung und das SEO-Ranking weiter verschlechtern.<\/td>\n<\/tr>\n<tr>\n<td><strong>Potenzielle Abstrafungen<\/strong><\/td>\n<td style=\"text-align: left\">Wenn eine Website regelm\u00e4\u00dfig 525-Fehler an Benutzer und Suchmaschinen liefert, k\u00f6nnte sie als technisch fehlerhaft oder schlecht gewartet angesehen werden.<br \/>\nDies k\u00f6nnte zu einem Rankingverlust f\u00fchren, da Suchmaschinen lieber auf stabile und sichere Websites verlinken.<\/td>\n<\/tr>\n<tr>\n<td><strong>Vor\u00fcbergehende vs. anhaltende Fehler<\/strong><\/td>\n<td style=\"text-align: left\">Gelegentliche 525-Fehler haben m\u00f6glicherweise keine gro\u00dfen Auswirkungen, wenn sie schnell behoben werden.<br \/>\nDauerhafte Fehler, die nicht adressiert werden, k\u00f6nnen jedoch ernsthaftere SEO-Folgen nach sich ziehen.<\/td>\n<\/tr>\n<tr>\n<td><strong>\u00dcberwachung und Berichterstattung<\/strong><\/td>\n<td style=\"text-align: left\">Viele SEO-Tools und Suchmaschinenkonsolen (wie die Google Search Console) k\u00f6nnen 525-Fehler melden, sodass Webmaster diese Probleme schnell identifizieren und beheben k\u00f6nnen.<\/td>\n<\/tr>\n<\/tbody>\n<\/table>\n<p>Zusammenfassend kann der Fehlercode 525 die Sichtbarkeit, Benutzerfreundlichkeit und Performance einer Website negativ beeinflussen. Eine schnelle Behebung und eine korrekt konfigurierte SSL-Implementierung sind entscheidend f\u00fcr eine gute SEO.<\/p>\n<h2 id=\"par3\">H\u00e4ufige Ursachen des 525-Statuscodes und deren Behebung<\/h2>\n<p>Der Fehlercode 525 \u201eSSL-Handshake fehlgeschlagen\u201c tritt auf, wenn die sichere Verbindung zwischen Server und Client scheitert. Er kann sowohl den Benutzerzugang als auch das SEO beeinflussen. Nachfolgend einige h\u00e4ufige Ursachen und deren L\u00f6sungen:<\/p>\n<h3>Falsche SSL-Zertifikatskonfiguration<\/h3>\n<p>Der Server k\u00f6nnte ein falsches oder fehlerhaft installiertes <a href=\"https:\/\/www.digicert.com\/kb\/ssl-certificate-installation.htm\" target=\"_blank\" rel=\"nofollow noopener noreferrer\">SSL-Zertifikat<\/a> verwenden, was zum Fehler 525 f\u00fchrt.<\/p>\n<div class=\"highlight-block\">Stellen Sie sicher, dass ein g\u00fcltiges SSL-Zertifikat einer vertrauensw\u00fcrdigen Stelle korrekt installiert ist. Tools wie SSL Labs\u2019 SSL Server Test k\u00f6nnen bei der \u00dcberpr\u00fcfung helfen. Auch die Dokumentation Ihres Hosting-Anbieters enth\u00e4lt meist eine Schritt-f\u00fcr-Schritt-Anleitung.<\/div>\n<h3>Inkompatible SSL\/TLS-Protokolle<\/h3>\n<p>Server und Client (z.\u202fB. Cloudflare) verwenden m\u00f6glicherweise inkompatible Versionen der SSL\/TLS-Protokolle.<\/p>\n<div class=\"highlight-block\">Aktualisieren Sie die Konfigurationen von Server und Client so, dass sie kompatible Protokolle verwenden. Kontaktieren Sie bei Bedarf Ihren Hosting-Anbieter oder lesen Sie die Support-Dokumentation von Cloudflare.<\/div>\n<h3>Abgelaufenes SSL-Zertifikat<\/h3>\n<p>Ein abgelaufenes SSL-Zertifikat kann ebenfalls den Fehler 525 ausl\u00f6sen.<\/p>\n<div class=\"highlight-block\">\u00dcberwachen Sie regelm\u00e4\u00dfig das Ablaufdatum Ihrer SSL-Zertifikate und erneuern Sie diese rechtzeitig. Viele Anbieter senden rechtzeitig Erinnerungen.<\/div>\n<h3>Firewall- oder Sicherheitssoftware-St\u00f6rungen<\/h3>\n<p>Eine Firewall oder Sicherheitssoftware kann den SSL-Handshake blockieren oder beeintr\u00e4chtigen.<\/p>\n<div class=\"highlight-block\">Pr\u00fcfen Sie die Einstellungen Ihrer Firewall oder Sicherheitssoftware und stellen Sie sicher, dass der SSL-Handshake nicht blockiert wird. M\u00f6glicherweise m\u00fcssen Regeln angepasst oder Ausnahmen definiert werden.<\/div>\n<h3>Serverausfall oder \u00dcberlastung<\/h3>\n<p>Wenn der Ursprungsserver ausf\u00e4llt oder \u00fcberlastet ist, kann der SSL-Handshake scheitern und der Fehler 525 auftreten.<\/p>\n<div class=\"highlight-block\">\u00dcberwachen Sie die Serverleistung und -auslastung. Erw\u00e4gen Sie ein Upgrade Ihres Hosting-Plans oder optimieren Sie Ressourcen, wenn die Kapazit\u00e4tsgrenze regelm\u00e4\u00dfig erreicht wird.<\/div>\n<h3>Nicht \u00fcbereinstimmende Cipher Suites<\/h3>\n<p>Die vom Server und Client verwendeten Cipher Suites stimmen m\u00f6glicherweise nicht \u00fcberein.<\/p>\n<div class=\"highlight-block\">Stellen Sie sicher, dass die auf Ihrem Server konfigurierten Cipher Suites vom Client (z.\u202fB. Cloudflare) unterst\u00fctzt werden. Nutzen Sie Dokumentationen oder Support-Foren, um kompatible Cipher Suites zu identifizieren.<\/div>\n<h3>Probleme mit Proxy oder CDN<\/h3>\n<p>Wenn Sie einen Proxy oder ein CDN wie Cloudflare verwenden, k\u00f6nnen Konfigurationsprobleme den Fehler verursachen.<\/p>\n<div class=\"highlight-block\">Konsultieren Sie die Dokumentation Ihres Proxy- oder CDN-Anbieters, um eine korrekte Konfiguration sicherzustellen. Support-Foren oder der direkte Support des Anbieters k\u00f6nnen ebenfalls hilfreich sein.<br \/>\nDie Behebung dieser typischen Ursachen hilft dabei, den Fehler 525 effektiv zu diagnostizieren und zu beheben.<\/div>\n<h2 id=\"par4\">HTTP-Statuscode-Pr\u00fcftool zur Erkennung von HTTP-525-Fehlern<\/h2>\n<div class=\"content__img-wrap\"><img src=\"https:\/\/sitechecker.pro\/wp-content\/uploads\/2023\/08\/http-status-code-checker_64d6025a6703e.png\" alt=\"Http Status Code Checker\" class=\"description-img description-img-zoom\" loading=\"lazy\" ><\/div>\n<p>Das <a href=\"https:\/\/sitechecker.pro\/http-status-codes\/\" target=\"_blank\" rel=\"noopener noreferrer\">HTTP-Statuscode-Pr\u00fcftool<\/a> von Sitechecker bietet eine einfache M\u00f6glichkeit, 525-Fehler auf Ihrer Website zu identifizieren. Durch die Eingabe der URL kann das Tool schnell HTTP-Fehlercodes wie den 525 \u201eSSL-Handshake fehlgeschlagen\u201c erkennen.<\/p>\n<p>Mit seiner benutzerfreundlichen Oberfl\u00e4che hilft das Tool Webmastern und SEO-Profis, Probleme mit SSL-Zertifikaten, Konfigurationen oder Serverkompatibilit\u00e4t zu erkennen. Es hebt Problemstellen hervor und liefert wertvolle Einblicke in die Ursachen, was Zeit bei der Diagnose spart.<\/p>\n<p>Mit dem <a href=\"https:\/\/sitechecker.pro\/\" target=\"_blank\" rel=\"noopener noreferrer\">Sitechecker<\/a>-Tool erhalten Sie nicht nur einen umfassenden \u00dcberblick \u00fcber 525-Fehler, sondern auch eine fundierte Grundlage zur Fehlerbehebung. Die gezielte Erkennung von SSL-Handshake-Problemen macht es zu einem unverzichtbaren Werkzeug f\u00fcr eine sichere Website.<\/p>\n<h2 id=\"par5\">Fazit<\/h2>\n<p>Der Fehler 525 \u201eSSL-Handshake fehlgeschlagen\u201c hat erhebliche Auswirkungen auf SEO und Benutzererfahrung. Er tritt auf, wenn der SSL\/TLS-Handshake zwischen Server und Client scheitert \u2013 was zu einer h\u00f6heren Absprungrate, Vertrauensverlust und Rankingabstrafungen f\u00fchren kann.<br \/>\nUrsachen sind u.\u202fa. fehlerhafte Zertifikate oder Server\u00fcberlastung. Die L\u00f6sung liegt in der korrekten SSL-Installation, Performance\u00fcberwachung und Verwendung kompatibler Protokolle.<\/p>\n<p>Tools wie der HTTP-Statuscode-Pr\u00fcfer von Sitechecker sind hilfreich, um diese Fehler zu erkennen und zu beheben und die Website sicher und benutzerfreundlich zu halten.<\/p>\n<div id=\"par6\"><\/div>\n<p><div class=\"front__faq-block\"><div class=\"faq__block-title\">FAQ<\/div><div class=\"panel-group\" id=\"faq-accordion\" itemscope itemtype=\"https:\/\/schema.org\/FAQPage\" role=\"tablist\" aria-multiselectable=\"true\"><div class=\"panel\" itemscope itemtype=\"https:\/\/schema.org\/Question\" itemprop=\"mainEntity\">\n                            <div class=\"panel-heading\" id=\"headingFaq-1\">\n                                <div class=\"panel-title\" data-toggle=\"collapse\" aria-expanded=\"false\" href=\"#collapseFaq-1\">\n                                    <h3 itemprop=\"name\">Welche Browser zeigen typischerweise eine Warnung beim Fehler 525 an?<\/h3>\n                                <\/div>\n                            <\/div>\n                            <div id=\"collapseFaq-1\" class=\"panel-collapse collapse\" itemprop=\"acceptedAnswer\" itemscope itemtype=\"http:\/\/schema.org\/Answer\">\n                                <div class=\"panel-body\" itemprop=\"text\">Die meisten modernen Browser wie Google Chrome, Firefox, Safari und Microsoft Edge zeigen eine Warnmeldung an, wenn sie auf den Fehler 525 sto\u00dfen, da dieser auf ein SSL-Problem hinweist.<\/div>\n                            <\/div>\n                        <\/div><div class=\"panel\" itemscope itemtype=\"https:\/\/schema.org\/Question\" itemprop=\"mainEntity\">\n                            <div class=\"panel-heading\" id=\"headingFaq-2\">\n                                <div class=\"panel-title\" data-toggle=\"collapse\" aria-expanded=\"false\" href=\"#collapseFaq-2\">\n                                    <h3 itemprop=\"name\">Gibt es Unterschiede bei der Behandlung eines 525-Fehlers auf mobilen Plattformen im Vergleich zu Desktop?<\/h3>\n                                <\/div>\n                            <\/div>\n                            <div id=\"collapseFaq-2\" class=\"panel-collapse collapse\" itemprop=\"acceptedAnswer\" itemscope itemtype=\"http:\/\/schema.org\/Answer\">\n                                <div class=\"panel-body\" itemprop=\"text\">Die Ursachen und L\u00f6sungen f\u00fcr den Fehler 525 sind auf Mobilger\u00e4ten und Desktops im Allgemeinen gleich. Entscheidend ist ein konsistentes, sicheres Nutzererlebnis auf allen Ger\u00e4ten.<\/div>\n                            <\/div>\n                        <\/div><div class=\"panel\" itemscope itemtype=\"https:\/\/schema.org\/Question\" itemprop=\"mainEntity\">\n                            <div class=\"panel-heading\" id=\"headingFaq-3\">\n                                <div class=\"panel-title\" data-toggle=\"collapse\" aria-expanded=\"false\" href=\"#collapseFaq-3\">\n                                    <h3 itemprop=\"name\">Kann ein 525-Fehler sowohl bei HTTP- als auch HTTPS-Websites auftreten?<\/h3>\n                                <\/div>\n                            <\/div>\n                            <div id=\"collapseFaq-3\" class=\"panel-collapse collapse\" itemprop=\"acceptedAnswer\" itemscope itemtype=\"http:\/\/schema.org\/Answer\">\n                                <div class=\"panel-body\" itemprop=\"text\">Der Fehler 525 bezieht sich speziell auf den SSL\/TLS-Handshake und tritt daher nur bei HTTPS-Websites auf. HTTP-Seiten ohne SSL f\u00fchren diesen Handshake nicht durch.<\/div>\n                            <\/div>\n                        <\/div><div class=\"panel\" itemscope itemtype=\"https:\/\/schema.org\/Question\" itemprop=\"mainEntity\">\n                            <div class=\"panel-heading\" id=\"headingFaq-4\">\n                                <div class=\"panel-title\" data-toggle=\"collapse\" aria-expanded=\"false\" href=\"#collapseFaq-4\">\n                                    <h3 itemprop=\"name\">F\u00fchren kostenlose SSL-Zertifikate h\u00e4ufiger zu einem 525-Fehler?<\/h3>\n                                <\/div>\n                            <\/div>\n                            <div id=\"collapseFaq-4\" class=\"panel-collapse collapse\" itemprop=\"acceptedAnswer\" itemscope itemtype=\"http:\/\/schema.org\/Answer\">\n                                <div class=\"panel-body\" itemprop=\"text\">Kostenlose SSL-Zertifikate verursachen bei richtiger Installation und Konfiguration nicht h\u00e4ufiger 525-Fehler. Fehler k\u00f6nnen bei jedem Zertifikat auftreten, wenn es falsch verwaltet wird.<\/div>\n                            <\/div>\n                        <\/div><div class=\"panel\" itemscope itemtype=\"https:\/\/schema.org\/Question\" itemprop=\"mainEntity\">\n                            <div class=\"panel-heading\" id=\"headingFaq-5\">\n                                <div class=\"panel-title\" data-toggle=\"collapse\" aria-expanded=\"false\" href=\"#collapseFaq-5\">\n                                    <h3 itemprop=\"name\">Wie oft sollte ich meine Website auf 525-Fehler \u00fcberwachen?<\/h3>\n                                <\/div>\n                            <\/div>\n                            <div id=\"collapseFaq-5\" class=\"panel-collapse collapse\" itemprop=\"acceptedAnswer\" itemscope itemtype=\"http:\/\/schema.org\/Answer\">\n                                <div class=\"panel-body\" itemprop=\"text\">Eine regelm\u00e4\u00dfige \u00dcberwachung ist ratsam, besonders nach \u00c4nderungen an der SSL-Konfiguration. Tools wie Sitechecker oder die Google Search Console k\u00f6nnen diesen Prozess teilweise automatisieren.<\/div>\n                            <\/div>\n                        <\/div><\/div><\/div><br \/>\n<\/p>","protected":false},"excerpt":{"rendered":"Was ist der HTTP-Statuscode 525? Der Statuscode 525 \u201eSSL-Handshake fehlgeschlagen\u201c ist eine HTTP-Antwort, die anzeigt, dass der SSL\/TLS-Handshake zwischen dem Server und dem Client (z.\u202fB. einem Webbrowser oder Cloud-Dienstanbieter) fehlgeschlagen ist. Wenn ein Benutzer versucht, \u00fcber HTTPS auf eine Website zuzugreifen, findet ein Prozess namens SSL\/TLS-Handshake statt. Dieser Handshake stellt sicher, dass die Verbindung zwischen&#8230;","protected":false},"author":10409641,"featured_media":25727,"parent":0,"menu_order":0,"comment_status":"closed","ping_status":"closed","template":"pages-templates\/pages-v2.php","meta":[],"categories":[27],"tags":[],"_links":{"self":[{"href":"https:\/\/sitechecker.pro\/de\/wp-json\/wp\/v2\/pages\/25722"}],"collection":[{"href":"https:\/\/sitechecker.pro\/de\/wp-json\/wp\/v2\/pages"}],"about":[{"href":"https:\/\/sitechecker.pro\/de\/wp-json\/wp\/v2\/types\/page"}],"author":[{"embeddable":true,"href":"https:\/\/sitechecker.pro\/de\/wp-json\/wp\/v2\/users\/10409641"}],"replies":[{"embeddable":true,"href":"https:\/\/sitechecker.pro\/de\/wp-json\/wp\/v2\/comments?post=25722"}],"version-history":[{"count":1,"href":"https:\/\/sitechecker.pro\/de\/wp-json\/wp\/v2\/pages\/25722\/revisions"}],"predecessor-version":[{"id":36736,"href":"https:\/\/sitechecker.pro\/de\/wp-json\/wp\/v2\/pages\/25722\/revisions\/36736"}],"wp:featuredmedia":[{"embeddable":true,"href":"https:\/\/sitechecker.pro\/de\/wp-json\/wp\/v2\/media\/25727"}],"wp:attachment":[{"href":"https:\/\/sitechecker.pro\/de\/wp-json\/wp\/v2\/media?parent=25722"}],"wp:term":[{"taxonomy":"category","embeddable":true,"href":"https:\/\/sitechecker.pro\/de\/wp-json\/wp\/v2\/categories?post=25722"},{"taxonomy":"post_tag","embeddable":true,"href":"https:\/\/sitechecker.pro\/de\/wp-json\/wp\/v2\/tags?post=25722"}],"curies":[{"name":"wp","href":"https:\/\/api.w.org\/{rel}","templated":true}]}}