{"id":2517,"date":"2018-04-17T12:41:56","date_gmt":"2018-04-17T12:41:56","guid":{"rendered":"https:\/\/sitechecker.pro\/?page_id=2517"},"modified":"2025-04-15T19:26:15","modified_gmt":"2025-04-15T19:26:15","slug":"page-rank","status":"publish","type":"page","link":"https:\/\/sitechecker.pro\/de\/page-rank\/","title":{"rendered":"Interner Pagerank Pr\u00fcfen | Alternative zu Google PR"},"content":{"rendered":"<p><\/p>\n<h2 id=\"par1\">Was ist ein Page Rank Checker?<\/h2>\n<p>Ein Page Rank Checker ist ein umfassendes Tool, das die Bewertung oder Autorit\u00e4t einer Webseite misst. Diese Metrik untersucht <a href=\"https:\/\/sitechecker.pro\/what-is-internal-link\/\" target=\"_blank\" rel=\"noopener noreferrer\">interne Links<\/a> und bietet Einblicke in die Effizienz der internen Verlinkung, w\u00e4hrend gleichzeitig ermittelt wird, welche Seiten eine gr\u00f6\u00dfere Bedeutung haben.<\/p>\n<p>So berechnen wir die Wichtigkeit der Website-Seite:<\/p>\n<p><strong>Summe (0,25 \/ Anzahl der Links von der Seite) * 0,85<\/strong><\/p>\n<p>Dies ist eine interne Metrik von <a href=\"https:\/\/sitechecker.pro\/\" target=\"_blank\" rel=\"noopener noreferrer\">Sitechecker<\/a>. Obwohl der interne PageRank-Tester wertvolle Perspektiven bietet, ist anzumerken, dass es sich hierbei um Sch\u00e4tzungen handelt und diese m\u00f6glicherweise nicht die genauen Algorithmen der Suchmaschinen erfassen.<\/p>\n<h3>Sitecheckers interner PageRank-Checker kann Ihnen in vielerlei Hinsicht helfen<\/h3>\n<ol>\n<li><strong>Aufschlussreiche Analyse der internen Verlinkung: <\/strong>Das Tool untersucht interne Links sorgf\u00e4ltig und bietet Ihnen Einblicke in die Wirksamkeit Ihrer internen Verlinkungsstrategie. Dies kann Ihnen dabei helfen, die <a href=\"https:\/\/sitechecker.pro\/link-juice\/\" target=\"_blank\" rel=\"noopener noreferrer\">Link Juice-Verteilung<\/a> Ihrer Website zu verfeinern. Kann als interne Linkalternative zum <a href=\"https:\/\/sitechecker.pro\/what-is-google-page-rank-metric\/\" target=\"_blank\" rel=\"noopener noreferrer\">Google PageRank<\/a> verwendet werden.<\/li>\n<li><strong>Hervorheben wichtiger Webseiten: <\/strong>Identifizieren Sie Seiten, die eine gr\u00f6\u00dfere interne Rangbedeutung haben sollten, und konzentrieren Sie Ihre Bem\u00fchungen auf die <a href=\"https:\/\/sitechecker.pro\/what-is-link-equity\/\" target=\"_blank\" rel=\"noopener noreferrer\">Link Equity<\/a> von anderen URLs auf diesen Seiten.<\/li>\n<li><strong>Technische Pr\u00fcfung: <\/strong>Das Tool bewertet nicht nur die URL-Wichtigkeit; Es zeigt auch technische Hindernisse auf, die sich auf die Bewertung auswirken, wie z. B. verl\u00e4ngerte Ladezeiten, Probleme mit der Optimierung f\u00fcr Mobilger\u00e4te, defekte Links usw.<\/li>\n<\/ol>\n<p>Im Wesentlichen ist der Internal Page Rank Checker ein unverzichtbares Tool, um die interne Struktur Ihrer Website zu st\u00e4rken, die Link-Equity zu optimieren und wertvolle Seiten zu priorisieren. Durch die Kombination dieses Tools mit einem <a href=\"https:\/\/sitechecker.pro\/seo-website-grader\/\">SEO Grader<\/a> erhalten Sie einen umfassenden \u00dcberblick \u00fcber interne und externe Faktoren, die sich auf Ihre SEO auswirken, und k\u00f6nnen sicherstellen, dass alle Aspekte Ihrer Website vollst\u00e4ndig f\u00fcr bessere Rankings optimiert sind.<\/p>\n<h3>Hauptfunktionen des Web URL Rating Checker<\/h3>\n<ul>\n<li><strong>Einheitliches Dashboard. <\/strong>Effizientes Website-Management beginnt mit einem zentralen Hub. Das einheitliche Dashboard des Rating Checker aggregiert wichtige Daten und bietet Einblicke in Umadressen, Fehlerberichte und sogar Datenvisualisierungen.<\/li>\n<li><strong>Benutzerfreundliche Oberfl\u00e4che. <\/strong>Da Benutzer \u00fcber unterschiedliche technische Kenntnisse verf\u00fcgen, ist das Tool so konzipiert, dass es f\u00fcr alle zug\u00e4nglich ist. Dank intuitiver Navigation, gut gekennzeichneter Funktionen und hilfreicher Tooltips k\u00f6nnen selbst Anf\u00e4nger die Funktionen problemlos nutzen.<\/li>\n<li><strong>Aufschlussreiche interne Linkanalyse. <\/strong>Der Page Rank Checker bewertet die Bedeutung von Webseiten, pr\u00fcft interne Links auf ihre Effizienz und identifiziert wichtige Webadressen mit h\u00f6herer Bedeutung. Seine transparente Berechnungsmethode bietet Einblicke und betont gleichzeitig, dass die Ergebnisse Sch\u00e4tzungen sind, die eng mit der internen Linkstrategie \u00fcbereinstimmen.<\/li>\n<li><strong>Vollst\u00e4ndiges SEO-Toolset. <\/strong>\u00dcber die interne \u00dcberpr\u00fcfung der Webseitenbewertung hinaus umfasst das Arsenal des Tools ein vielf\u00e4ltiges SEO-Toolkit. Von der Keyword-Recherche und Backlink-Analyse bis hin zur <a href=\"https:\/\/sitechecker.pro\/on-page-seo-checker\/\" target=\"_blank\" rel=\"noopener noreferrer\">On-Page-SEO-Pr\u00fcfung<\/a>, Ranking-Tracking und umfassenden Site-Audits ist es darauf ausgelegt, die SEO-Strategie einer Website zu st\u00e4rken.<\/li>\n<\/ul>\n<h2 id=\"par2\">So verwenden Sie den Page Rank Checker<\/h2>\n<div class=\"content__img-wrap\"><img src=\"https:\/\/sitechecker.pro\/wp-content\/uploads\/2024\/07\/1-selector-min_66a0a47c5b5e7.png\" alt=\"Selector Page Rank Checker\" class=\"description-img description-img-zoom\" loading=\"lazy\" ><\/div>\n<p>Der Page Rating Checker bietet die M\u00f6glichkeit, die Autorit\u00e4t und Bewertung einer bestimmten Webadresse basierend auf allen internen Links zu bewerten.<\/p>\n<p>Der Vorgang ist schnell und in wenigen Augenblicken abgeschlossen. Nach Abschluss erhalten Sie detaillierte Einblicke in den Rang und den wahrgenommenen Wert Ihrer Linkstruktur im Kontext aller HTML-Seiten Ihrer Site, was Ihnen ein ganzheitliches Verst\u00e4ndnis der Bewertungen einzelner Webseiten erm\u00f6glicht.<\/p>\n<h2 id=\"par3\">Domain-Check<\/h2>\n<h3>Schritt 1: Geben Sie Ihre Domain in die Suchleiste ein<\/h3>\n<p>Um eine Domain online zu pr\u00fcfen, klicken Sie auf die Option \u201eDomain pr\u00fcfen\u201c, geben Sie den Domainnamen ein und klicken Sie dann auf die Schaltfl\u00e4che \u201ePageRank pr\u00fcfen\u201c.<br \/>\n<div class=\"content__img-wrap\"><img src=\"https:\/\/sitechecker.pro\/wp-content\/uploads\/2024\/07\/2-selector-min.png\" alt=\"Website Page Rank Checker\" class=\"description-img description-img-zoom\" loading=\"lazy\" ><\/div><\/p>\n<div class=\"important-block\">Um Ergebnisse zu erhalten und 14 Tage lang auf die Funktionen von Sitechecker zuzugreifen, starten Sie Ihre KOSTENLOSE Testversion. Die Anmeldung ist ganz einfach mit Ihrem E-Mail-, Google- oder Facebook-Konto. Es ist keine Kreditkarte erforderlich.<\/div>\n<h3>Schritt 2: Interpretation der Domain-Page-Rank-Ergebnisse<\/h3>\n<p>In der Kategorie \u201eAlle HTML-Seiten\u201c k\u00f6nnen Sie Daten zu Ihrer Webadresse finden und sortieren. Je h\u00f6her die Bewertung, desto mehr Links verweisen auf die Domain und desto autoritativer ist sie (im Vergleich zu anderen Websites). \u00dcberpr\u00fcfen und verbessern Sie die Bewertung aller URLs Ihrer Domain.<\/p>\n<div class=\"content__img-wrap\"><img src=\"https:\/\/sitechecker.pro\/wp-content\/uploads\/2023\/08\/page-weight.png\" alt=\"Seitengewicht\" class=\"description-img description-img-zoom\" loading=\"lazy\" ><\/div>\n<p>Wenn Sie eine bestimmte Bewertungs-URL suchen m\u00f6chten, um deren Bedeutung zu \u00fcberpr\u00fcfen, k\u00f6nnen Sie den Filter verwenden:<\/p>\n<div class=\"content__img-wrap\"><img src=\"https:\/\/sitechecker.pro\/wp-content\/uploads\/2023\/08\/specific-rating-url.png\" alt=\"Spezifische Bewertungs-URL\" class=\"description-img description-img-zoom\" loading=\"lazy\" ><\/div>\n<p>Neben der Seitenbewertung in der Tabelle k\u00f6nnen Sie die Spalten anpassen und die Datenpunkte hinzuf\u00fcgen, die Sie interessieren:<\/p>\n<div class=\"content__img-wrap\"><img src=\"https:\/\/sitechecker.pro\/wp-content\/uploads\/2023\/08\/manage-columns.png\" alt=\"Spalten verwalten\" class=\"description-img description-img-zoom\" loading=\"lazy\" ><\/div>\n<h2 id=\"par4\">Weitere Funktionen des Seitenbewertungstesters<\/h2>\n<p>Der Seitenrangtester bietet Ihnen eine umfassende Website-Pr\u00fcfung und -Bewertung, die Ihnen dabei helfen soll, etwaige Probleme zu erkennen und zu beheben.<\/p>\n<p>Jeder Pr\u00fcfbericht enth\u00e4lt Empfehlungen zur Behebung der festgestellten Probleme und erm\u00f6glicht Ihnen die einfache Sortierung der Probleme nach Typ: Kritisch, Warnungen, Chancen, Hinweise.<\/p>\n<div class=\"content__img-wrap\"><img src=\"https:\/\/sitechecker.pro\/wp-content\/uploads\/2023\/08\/issues-type.png\" alt=\"Problemtyp\" class=\"description-img description-img-zoom\" loading=\"lazy\" ><\/div>\n<p>Durch Umschalten des Filters \u201enach Kategorie\u201c k\u00f6nnen Sie Informationen zu Links, Indexierbarkeit, Inhaltsrelevanz, URL-Geschwindigkeit, Sicherheit und mehr \u00fcberpr\u00fcfen:<\/p>\n<div class=\"content__img-wrap\"><img src=\"https:\/\/sitechecker.pro\/wp-content\/uploads\/2023\/08\/by-category-filter.png\" alt=\"Filter nach Kategorie\" class=\"description-img description-img-zoom\" loading=\"lazy\" ><\/div>\n<p>Um tiefer in die Website-Leistung einzutauchen, k\u00f6nnen Sie Google Analytics und Google Search Console integrieren:<\/p>\n<div class=\"content__img-wrap\"><img src=\"https:\/\/sitechecker.pro\/wp-content\/uploads\/2023\/08\/ga-gsc-setup.png\" alt=\"GA GSC Setup\" class=\"description-img description-img-zoom\" loading=\"lazy\" ><\/div>\n<p>Daten von Google Services k\u00f6nnen in den Filtern \u201eSpalten verwalten\u201c abgerufen werden:<\/p>\n<div class=\"content__img-wrap\"><img src=\"https:\/\/sitechecker.pro\/wp-content\/uploads\/2023\/08\/google-services-data.png\" alt=\"Google Services Data\" class=\"description-img description-img-zoom\" loading=\"lazy\" ><\/div>\n<p>Zur weiteren Analyse der gesammelten Daten besteht die M\u00f6glichkeit, diese in Google Sheets zu exportieren, als PDF zu speichern oder die Informationen einfach zu kopieren:<\/p>\n<div class=\"content__img-wrap\"><img src=\"https:\/\/sitechecker.pro\/wp-content\/uploads\/2023\/08\/export-data-pdf.png\" alt=\"Daten als PDF exportieren\" class=\"description-img description-img-zoom\" loading=\"lazy\" ><\/div>\n<h2 id=\"par5\">PageRank pr\u00fcfen<\/h2>\n<h3>Schritt 1: URL einf\u00fcgen<\/h3>\n<p>Mit nur einem Mausklick k\u00f6nnen Sie eine PageRank-Pr\u00fcfung der Webadresse durchf\u00fchren, die Sie analysieren m\u00f6chten.<\/p>\n<div class=\"content__img-wrap\"><img src=\"https:\/\/sitechecker.pro\/wp-content\/uploads\/2024\/07\/3-selector-min.png\" alt=\"Page Rank Checker Check Page\" class=\"description-img description-img-zoom\" loading=\"lazy\" ><\/div>\n<h3>Schritt 2: Ergebnispr\u00fcfung<\/h3>\n<p>Mithilfe unseres fortschrittlichen Tools k\u00f6nnen wir schnell <a href=\"https:\/\/sitechecker.pro\/seo-website-grader\/\" target=\"_blank\" rel=\"noopener noreferrer\">Websites bewerten<\/a> und die Daten analysieren, die mit der Wichtigkeit einer bestimmten URL verbunden sind. Hier k\u00f6nnen Sie die Wichtigkeit Ihrer URL sehen. Je h\u00f6her der Page Rank (Seitengewicht), desto mehr Links verweisen auf die Website und desto ma\u00dfgeblicher sind sie (im Vergleich zu anderen Websites). \u00dcberpr\u00fcfen und verbessern Sie die Bewertung des analysierten Links.<\/p>\n<div class=\"content__img-wrap\"><img src=\"https:\/\/sitechecker.pro\/wp-content\/uploads\/2024\/06\/results-of-page-check-inspection.png\" alt=\"Seitendetails Seitengewicht\" class=\"description-img description-img-zoom\" loading=\"lazy\" ><\/div>\n<p>Zus\u00e4tzlich k\u00f6nnen Sie hier Informationen zu den internen Links f\u00fcr den ausgew\u00e4hlten Link anzeigen:<\/p>\n<div class=\"content__img-wrap\"><img src=\"https:\/\/sitechecker.pro\/wp-content\/uploads\/2024\/06\/6-internal-links-status-codes-filter.png\" alt=\"Seitendetails Interne Links\" class=\"description-img description-img-zoom\" loading=\"lazy\" ><\/div>\n<p>Diese Liste von URLs veranschaulicht, wie die ausgew\u00e4hlte Webadresse die Konsequenz anderer Webseiten beeinflusst.<\/p>\n<h2 id=\"par6\">Zus\u00e4tzliche Funktionen des kostenlosen Page Rating Checker<\/h2>\n<p>Die Informationen in heben Probleme hervor, die sich direkt auf Ihre URL-Metrik auswirken:<\/p>\n<div class=\"content__img-wrap\"><img src=\"https:\/\/sitechecker.pro\/wp-content\/uploads\/2024\/06\/5-issues.png\" alt=\"Probleme mit Seitendetails\" class=\"description-img description-img-zoom\" loading=\"lazy\" ><\/div>\n<p>Um einen hohen URL-Wert beizubehalten, ist es wichtig, die Antwortstatuscodes konsequent zu \u00fcberwachen:<\/p>\n<div class=\"content__img-wrap\"><img src=\"https:\/\/sitechecker.pro\/wp-content\/uploads\/2024\/06\/6-internal-links-status-codes-filter.png\" alt=\"Statuscode mit Seitendetails\" class=\"description-img description-img-zoom\" loading=\"lazy\" ><\/div>\n<p>Obwohl der PageRank eine wertvolle Metrik ist, sollten sich Webmaster aus praktischen Gr\u00fcnden auch auf die \u00dcberwachung der Site-Leistung in Bezug auf Schl\u00fcsselw\u00f6rter und SERP-Positionen konzentrieren.<\/p>\n<p>Um zu \u00fcberpr\u00fcfen, wie Ihre Website in Suchmaschinen platziert ist, verwenden Sie unseren <a href=\"https:\/\/sitechecker.pro\/rank-tracker\/\" target=\"_blank\" rel=\"noopener noreferrer\">Website-Bewertungs-Checker<\/a>.<\/p>\n<p>Mit diesem Tool k\u00f6nnen Sie \u00c4nderungen im Keyword-Besitz Ihrer Schl\u00fcsselphrasen \u00fcberwachen:<\/p>\n<div class=\"content__img-wrap\"><img src=\"https:\/\/sitechecker.pro\/wp-content\/uploads\/2023\/08\/rank-tracker.png\" alt=\"Rank Tracker\" class=\"description-img description-img-zoom\" loading=\"lazy\" ><\/div>\n<p>Mit dem Keyword Rank Tracker k\u00f6nnen Sie die \u00c4nderungen der Position eines Keywords im Laufe der Zeit \u00fcberwachen, das Suchvolumen der Phrase bewerten, die zugeh\u00f6rige URL anzeigen und vieles mehr.<\/p>\n<h2 id=\"par7\">Schlussbemerkungen<\/h2>\n<p>Sitecheckers WebPage Rank Checker ist ein spezialisiertes Tool zur Bewertung der internen Verlinkungsautorit\u00e4t einer Webseite. Durch die Untersuchung interner Links identifiziert es Seiten mit h\u00f6herer Bedeutung und berechnet ihre digitale Bedeutung anhand einer einzigartigen Formel.<\/p>\n<p>Die benutzerfreundliche Oberfl\u00e4che bietet ein einheitliches Dashboard mit wichtigen Erkenntnissen, die die Website-Verwaltung vereinfachen. Neben der Bewertung von Seiten arbeitet das Tool nahtlos mit der Funktion <a href=\"https:\/\/sitechecker.pro\/page-counter\/\">Seitenz\u00e4hler<\/a> zusammen, mit der Sie die Gesamtzahl der Seiten auf Ihrer Website verfolgen und sicherstellen k\u00f6nnen, dass Ihre interne Verlinkungsstrategie alle wichtigen Seiten abdeckt. Das Tool bewertet nicht nur Webseiten, sondern bietet auch ein umfassendes SEO-Toolkit f\u00fcr Aufgaben wie Keyword-Recherche, Backlink-Analyse und mehr. Die Integration mit Plattformen wie Google Analytics und Google Search Console erweitert seine Funktionen noch weiter.<\/p>\n<p>Als Erg\u00e4nzung zu den Kernfunktionen bietet Sitechecker auch zus\u00e4tzliche Tools wie den <a href=\"https:\/\/sitechecker.pro\/rank-checker\/\" target=\"_blank\" rel=\"noopener noreferrer\">Website Ranking Checker<\/a> und den <a href=\"https:\/\/sitechecker.pro\/rank-tracker\/\" target=\"_blank\" rel=\"noopener noreferrer\">Keyword Rank Tracker<\/a>. Diese Tools bieten in Kombination mit dem Page Rank Checker einen umfassenden \u00dcberblick \u00fcber die SEO-Position einer Website und sind daher von unsch\u00e4tzbarem Wert f\u00fcr alle, die die Onlinepr\u00e4senz ihrer Website verbessern m\u00f6chten.<\/p>\n<div id=\"par8\"><\/div>\n<p><div class=\"front__faq-block\"><div class=\"faq__block-title\">FAQ<\/div><div class=\"panel-group\" id=\"faq-accordion\" itemscope itemtype=\"https:\/\/schema.org\/FAQPage\" role=\"tablist\" aria-multiselectable=\"true\"><div class=\"panel\" itemscope itemtype=\"https:\/\/schema.org\/Question\" itemprop=\"mainEntity\">\n                            <div class=\"panel-heading\" id=\"headingFaq-1\">\n                                <div class=\"panel-title\" data-toggle=\"collapse\" aria-expanded=\"false\" href=\"#collapseFaq-1\">\n                                    <h3 itemprop=\"name\">Was ist der Unterschied zwischen Google PR und Sitecheckers PR?<\/h3>\n                                <\/div>\n                            <\/div>\n                            <div id=\"collapseFaq-1\" class=\"panel-collapse collapse\" itemprop=\"acceptedAnswer\" itemscope itemtype=\"http:\/\/schema.org\/Answer\">\n                                <div class=\"panel-body\" itemprop=\"text\">Der Unterschied zwischen Google PR und Sitechecker PR besteht darin, dass Google PR ein von Google entwickeltes System zur Bewertung von Webseiten anhand ihrer Autorit\u00e4t und Relevanz war, das jedoch nicht mehr \u00f6ffentlich verf\u00fcgbar ist. Sitechecker PR hingegen ist eine interne Metrik, die von Sitechecker entwickelt wurde, um die Bedeutung und Effizienz von Webseiten zu bewerten, wobei insbesondere interne Links betrachtet werden. Diese Metrik bietet Einblicke in die interne Struktur der Website.<\/div>\n                            <\/div>\n                        <\/div><div class=\"panel\" itemscope itemtype=\"https:\/\/schema.org\/Question\" itemprop=\"mainEntity\">\n                            <div class=\"panel-heading\" id=\"headingFaq-2\">\n                                <div class=\"panel-title\" data-toggle=\"collapse\" aria-expanded=\"false\" href=\"#collapseFaq-2\">\n                                    <h3 itemprop=\"name\">Wie \u00fcberpr\u00fcfe ich meinen PageRank?<\/h3>\n                                <\/div>\n                            <\/div>\n                            <div id=\"collapseFaq-2\" class=\"panel-collapse collapse\" itemprop=\"acceptedAnswer\" itemscope itemtype=\"http:\/\/schema.org\/Answer\">\n                                <div class=\"panel-body\" itemprop=\"text\">Verwenden Sie den Sitechecker PageRank Checker, indem Sie Ihre Domain oder eine bestimmte URL eingeben.<\/div>\n                            <\/div>\n                        <\/div><div class=\"panel\" itemscope itemtype=\"https:\/\/schema.org\/Question\" itemprop=\"mainEntity\">\n                            <div class=\"panel-heading\" id=\"headingFaq-3\">\n                                <div class=\"panel-title\" data-toggle=\"collapse\" aria-expanded=\"false\" href=\"#collapseFaq-3\">\n                                    <h3 itemprop=\"name\">Welche Vorteile bietet es, den Rang von Webseiten mithilfe dieses Tools zu verstehen?<\/h3>\n                                <\/div>\n                            <\/div>\n                            <div id=\"collapseFaq-3\" class=\"panel-collapse collapse\" itemprop=\"acceptedAnswer\" itemscope itemtype=\"http:\/\/schema.org\/Answer\">\n                                <div class=\"panel-body\" itemprop=\"text\">Das Verstehen und Optimieren der Bewertung kann dabei helfen, die Link-Equity zu optimieren, Seiten mit dem wertvollsten Inhalt zu priorisieren und an Seiten mit niedriger Bewertung zu arbeiten.<\/div>\n                            <\/div>\n                        <\/div><div class=\"panel\" itemscope itemtype=\"https:\/\/schema.org\/Question\" itemprop=\"mainEntity\">\n                            <div class=\"panel-heading\" id=\"headingFaq-4\">\n                                <div class=\"panel-title\" data-toggle=\"collapse\" aria-expanded=\"false\" href=\"#collapseFaq-4\">\n                                    <h3 itemprop=\"name\">Was ist ein guter PageRank?<\/h3>\n                                <\/div>\n                            <\/div>\n                            <div id=\"collapseFaq-4\" class=\"panel-collapse collapse\" itemprop=\"acceptedAnswer\" itemscope itemtype=\"http:\/\/schema.org\/Answer\">\n                                <div class=\"panel-body\" itemprop=\"text\">Nach den Standards von Sitechecker spiegelt ein guter PageRank eine effiziente interne Verlinkung wider. H\u00f6here Werte weisen auf eine gr\u00f6\u00dfere Autorit\u00e4t hin.<\/div>\n                            <\/div>\n                        <\/div><\/div><\/div><\/p>","protected":false},"excerpt":{"rendered":"Was ist ein Page Rank Checker? Ein Page Rank Checker ist ein umfassendes Tool, das die Bewertung oder Autorit\u00e4t einer Webseite misst. Diese Metrik untersucht interne Links und bietet Einblicke in die Effizienz der internen Verlinkung, w\u00e4hrend gleichzeitig ermittelt wird, welche Seiten eine gr\u00f6\u00dfere Bedeutung haben. So berechnen wir die Wichtigkeit der Website-Seite: Summe (0,25&#8230;","protected":false},"author":10409641,"featured_media":3830,"parent":0,"menu_order":0,"comment_status":"closed","ping_status":"closed","template":"pages-templates\/pages-minitools-3.php","meta":[],"categories":[72],"tags":[],"_links":{"self":[{"href":"https:\/\/sitechecker.pro\/de\/wp-json\/wp\/v2\/pages\/2517"}],"collection":[{"href":"https:\/\/sitechecker.pro\/de\/wp-json\/wp\/v2\/pages"}],"about":[{"href":"https:\/\/sitechecker.pro\/de\/wp-json\/wp\/v2\/types\/page"}],"author":[{"embeddable":true,"href":"https:\/\/sitechecker.pro\/de\/wp-json\/wp\/v2\/users\/10409641"}],"replies":[{"embeddable":true,"href":"https:\/\/sitechecker.pro\/de\/wp-json\/wp\/v2\/comments?post=2517"}],"version-history":[{"count":104,"href":"https:\/\/sitechecker.pro\/de\/wp-json\/wp\/v2\/pages\/2517\/revisions"}],"predecessor-version":[{"id":36625,"href":"https:\/\/sitechecker.pro\/de\/wp-json\/wp\/v2\/pages\/2517\/revisions\/36625"}],"wp:featuredmedia":[{"embeddable":true,"href":"https:\/\/sitechecker.pro\/de\/wp-json\/wp\/v2\/media\/3830"}],"wp:attachment":[{"href":"https:\/\/sitechecker.pro\/de\/wp-json\/wp\/v2\/media?parent=2517"}],"wp:term":[{"taxonomy":"category","embeddable":true,"href":"https:\/\/sitechecker.pro\/de\/wp-json\/wp\/v2\/categories?post=2517"},{"taxonomy":"post_tag","embeddable":true,"href":"https:\/\/sitechecker.pro\/de\/wp-json\/wp\/v2\/tags?post=2517"}],"curies":[{"name":"wp","href":"https:\/\/api.w.org\/{rel}","templated":true}]}}