{"id":25050,"date":"2023-07-24T12:46:13","date_gmt":"2023-07-24T12:46:13","guid":{"rendered":"https:\/\/sitechecker.pro\/?page_id=25050"},"modified":"2026-03-04T18:08:36","modified_gmt":"2026-03-04T18:08:36","slug":"free-seo-keyword-generator-get-thousands-relevant-keywords","status":"publish","type":"page","link":"https:\/\/sitechecker.pro\/de\/keyword-generator-tool\/","title":{"rendered":"KOSTENLOSER Keyword-Generator-Tool f\u00fcr SEO (Erhalten Sie 199+ Inhaltsideen)"},"content":{"rendered":"<p><\/p>\n<h2 id=\"par1\">Was ist ein Keyword-Generator-Tool?<\/h2>\n<p>Der Focus Keyword Generator von <a href=\"https:\/\/sitechecker.pro\/\" target=\"_blank\" rel=\"noopener noreferrer\">Sitechecker<\/a> ist ein kostenloses Tool, das dabei hilft, Keyword-Vorschl\u00e4ge f\u00fcr SEO- und PPC-Kampagnen zu generieren, indem es Ideen von Plattformen wie Google, YouTube, Amazon, Bing und eBay bezieht. Es bietet Long-Tail-Keyword-Vorschl\u00e4ge mithilfe von Auto-Suggest-Daten, hilft bei der Identifizierung hochwertiger Keywords mit erheblichem Suchvolumen und unterst\u00fctzt die Inhaltserstellung, Website-Optimierung und Marktforschung.<\/p>\n<h3>Wie das Tool Ihnen helfen kann<\/h3>\n<p><strong>Multiplattform-Keyword-Vorschl\u00e4ge: <\/strong>generiert Schl\u00fcsselphrasenideen von verschiedenen Plattformen wie Google, YouTube, Amazon, Bing und eBay, um Reichweite und Relevanz zu maximieren.<\/p>\n<p><strong>Long-Tail-Keyword-Erkennung: <\/strong>nutzt Auto-Suggest-Daten, um wertvolle Long-Tail-Keywords mit betr\u00e4chtlichem Suchvolumen bereitzustellen, ideal f\u00fcr Nischen-Targeting und Inhaltsoptimierung.<\/p>\n<p><strong>SEO-Kampagnenintegration: <\/strong>funktioniert nahtlos mit umfassenderen SEO-Tools, einschlie\u00dflich Rangverfolgung und Website-Leistungs\u00fcberwachung, um allgemeine Optimierungsstrategien zu verbessern.<\/p>\n<h3>Hauptfunktionen des Tools<\/h3>\n<p><strong>Vereinheitlichtes Dashboard: <\/strong>eine zentrale Plattform zur Verfolgung der Website-Leistung, SEO-Metriken, Schl\u00fcsselwort-Rankings und Site-Audits, die einen umfassenden \u00dcberblick an einem Ort bietet.<\/p>\n<p><strong>Benutzerfreundliche Oberfl\u00e4che: <\/strong>das intuitive Design erleichtert Benutzern aller Erfahrungsstufen die Navigation und den Zugriff auf umsetzbare Erkenntnisse.<\/p>\n<p><strong>Komplettes SEO-Toolset: <\/strong>bietet eine Komplettl\u00f6sung mit Tools f\u00fcr Website-\u00dcberwachung, Rangverfolgung, Backlink-Analyse, Keyword-Recherche und detaillierte On-Page- und technische SEO-Audits.<\/p>\n<h2 id=\"par2\">So verwenden Sie das Tool<\/h2>\n<h3>Schritt 1: Geben Sie ein Schl\u00fcsselwort oder eine Phrase in das Eingabefeld ein und klicken Sie auf die Schaltfl\u00e4che \u201eVorschl\u00e4ge erhalten\u201c<\/h3>\n<p>W\u00e4hlen Sie aus mehreren Suchplattformen, darunter Google, YouTube, Bing und andere, um die Quellen f\u00fcr die Generierung von Inhaltsideen zu definieren.<\/p>\n<div class=\"content__img-wrap\"><img src=\"https:\/\/sitechecker.pro\/wp-content\/uploads\/2024\/12\/seo-focus-keyphrase-generator.png\" alt=\"SEO Focus Keyphrase Generator\" class=\"description-img description-img-zoom\" loading=\"lazy\" ><\/div>\n<h3>Schritt 2: Anzeigen der Ergebnisse<\/h3>\n<p>Das Tool generiert eine Liste verwandter Schl\u00fcsselw\u00f6rter zusammen mit detaillierten Kennzahlen wie Suchvolumen, Trends, CPC und Wettbewerbsniveau. Verwenden Sie diese Daten, um Ihre Inhaltsstrategie zu verfeinern, stark nachgefragte Themen anzusprechen und f\u00fcr verbesserte Sichtbarkeit und Leistung zu optimieren.<\/p>\n<div class=\"content__img-wrap\"><img src=\"https:\/\/sitechecker.pro\/wp-content\/uploads\/2024\/12\/search-suggestions.png\" alt=\"Suchvorschl\u00e4ge\" class=\"description-img description-img-zoom\" loading=\"lazy\" ><\/div>\n<h3>Schritt 3: Relevante Keywords ausw\u00e4hlen und kopieren<\/h3>\n<p>Durchsuchen Sie die generierte Liste mit Keyword-Ideen, die nach H\u00e4ufigkeit kategorisiert und durch Kennzahlen wie Suchvolumen und Trends unterst\u00fctzt werden. W\u00e4hlen Sie die relevantesten Keywords aus, organisieren Sie sie nach Bedarf und kopieren Sie sie, um Ihre Content-Strategie zu verbessern.<\/p>\n<div class=\"content__img-wrap\"><img src=\"https:\/\/sitechecker.pro\/wp-content\/uploads\/2024\/12\/select-copy-topics.png\" alt=\"Themen ausw\u00e4hlen, kopieren\" class=\"description-img description-img-zoom\" loading=\"lazy\" ><\/div>\n<p>Erkunden Sie im linken Bereich Cluster von Keyword-Vorschl\u00e4gen, die nach der prim\u00e4ren Abfrage gruppiert sind, sodass das Tool als Keyword-Gruppierer fungieren kann.<\/p>\n<p>F\u00fcr jedes Keyword werden detaillierte Kennzahlen wie Suchvolumen, Trends, CPC und Anzeigenkonkurrenz angezeigt. Sie k\u00f6nnen relevante Keywords ausw\u00e4hlen und sie dem Rank Tracker hinzuf\u00fcgen, um eine eingehende \u00dcberwachung und Strategieoptimierung zu erm\u00f6glichen. Greifen Sie auf diese Daten zu, indem Sie eine kostenlose Testversion starten.<\/p>\n<div class=\"content__img-wrap\"><img src=\"https:\/\/sitechecker.pro\/wp-content\/uploads\/2024\/12\/keyword-stats.png\" alt=\"Keyword Stats\" class=\"description-img description-img-zoom\" loading=\"lazy\" ><\/div>\n<div class=\"important-block\">Um Ergebnisse zu erhalten und 14 Tage lang auf die Funktionen von Sitechecker zuzugreifen, starten Sie Ihre KOSTENLOSE Testversion. Die Anmeldung ist ganz einfach mit Ihrem E-Mail-, Google- oder Facebook-Konto. Es ist keine Kreditkarte erforderlich.<\/div>\n<h2 id=\"par3\">Starten Sie die \u00dcberwachung von Fokus-Keywords<\/h2>\n<p>Klicken Sie auf die Schaltfl\u00e4che, um interessante Schl\u00fcsselphrasen zu verfolgen, indem Sie sie ausw\u00e4hlen und dem Rank Tracker f\u00fcr eine fortlaufende Leistungsanalyse hinzuf\u00fcgen.<\/p>\n<div class=\"content__img-wrap\"><img src=\"https:\/\/sitechecker.pro\/wp-content\/uploads\/2024\/12\/add-to-rank-tracker.png\" alt=\"Zum Rank Tracker hinzuf\u00fcgen\" class=\"description-img description-img-zoom\" loading=\"lazy\" ><\/div>\n<p>Sie k\u00f6nnen Themen gruppieren und sie dem Rank Tracker f\u00fcr eine umfassende \u00dcberwachung und Analyse hinzuf\u00fcgen.<\/p>\n<div class=\"content__img-wrap\"><img src=\"https:\/\/sitechecker.pro\/wp-content\/uploads\/2024\/12\/add-to-rank-tracker-settings.png\" alt=\"Zu Rank Tracker-Einstellungen hinzuf\u00fcgen\" class=\"description-img description-img-zoom\" loading=\"lazy\" ><\/div>\n<p>W\u00e4hlen Sie in diesem Abschnitt Ihre bevorzugte Suchmaschine, Ihr Ger\u00e4t, Ihr Land und Ihre Region aus.<\/p>\n<p>Klicken Sie nach der Konfiguration Ihrer Einstellungen auf \u201eZu Rank Tracker hinzuf\u00fcgen\u201c, um mit der Verfolgung zu beginnen.<\/p>\n<p>Verwenden Sie die Funktion \u201eKeywords verwalten\u201c, um Schl\u00fcsselphrasen in Kategorien zu organisieren und sie mit bestimmten Seiten zu verkn\u00fcpfen, um Ihre Werbestrategie zu optimieren.<\/p>\n<div class=\"content__img-wrap\"><img src=\"https:\/\/sitechecker.pro\/wp-content\/uploads\/2024\/12\/manage-keywords.png\" alt=\"Keywords verwalten\" class=\"description-img description-img-zoom\" loading=\"lazy\" ><\/div>\n<p>Das Tool bietet eine benutzerdefinierte Themenverfolgung basierend auf Ger\u00e4t und Standort und bietet wertvolle Einblicke in Rankings und Wettbewerb. Funktionen wie Sichtbarkeitswerte, Indexierungsverfolgung und SEO-Trenddiagramme verbessern die Strategieoptimierung, w\u00e4hrend sich flexible Berichte an die Zeitpl\u00e4ne der Kampagne anpassen.<\/p>\n<div class=\"content__img-wrap\"><img src=\"https:\/\/sitechecker.pro\/wp-content\/uploads\/2024\/12\/rank-tracker-dashboard.png\" alt=\"Rank Tracker Dashboard\" class=\"description-img description-img-zoom\" loading=\"lazy\" ><\/div>\n<h2 id=\"par4\">Abschlie\u00dfende Idee<\/h2>\n<p>Der Keyword Maker ist ein kostenloses, benutzerfreundliches Tool zum Generieren von Keyword-Vorschl\u00e4gen auf Plattformen wie Google, YouTube und Amazon. Es bietet detaillierte Metriken, die Entdeckung von Long-Tail-Keywords und unterst\u00fctzt SEO- und PPC-Strategien mit Funktionen wie Rangverfolgung, Sichtbarkeitsbewertungen und SEO-Trenddiagrammen. Benutzer k\u00f6nnen Keywords organisieren, die Leistung nach Standort und Ger\u00e4t \u00fcberwachen und Werbema\u00dfnahmen mithilfe der intuitiven Benutzeroberfl\u00e4che und des umfassenden SEO-Toolsets des Tools optimieren.<\/p>\n<div id=\"gtx-trans\" style=\"position: absolute; left: 464px; top: 62.4141px;\">\n<div class=\"gtx-trans-icon\"><\/div>\n<\/div>\n<p><\/p>","protected":false},"excerpt":{"rendered":"Was ist ein Keyword-Generator-Tool? Der Focus Keyword Generator von Sitechecker ist ein kostenloses Tool, das dabei hilft, Keyword-Vorschl\u00e4ge f\u00fcr SEO- und PPC-Kampagnen zu generieren, indem es Ideen von Plattformen wie Google, YouTube, Amazon, Bing und eBay bezieht. Es bietet Long-Tail-Keyword-Vorschl\u00e4ge mithilfe von Auto-Suggest-Daten, hilft bei der Identifizierung hochwertiger Keywords mit erheblichem Suchvolumen und unterst\u00fctzt die&#8230;","protected":false},"author":10409641,"featured_media":0,"parent":0,"menu_order":0,"comment_status":"closed","ping_status":"closed","template":"pages-templates\/pages-minitools.php","meta":[],"categories":[71],"tags":[],"_links":{"self":[{"href":"https:\/\/sitechecker.pro\/de\/wp-json\/wp\/v2\/pages\/25050"}],"collection":[{"href":"https:\/\/sitechecker.pro\/de\/wp-json\/wp\/v2\/pages"}],"about":[{"href":"https:\/\/sitechecker.pro\/de\/wp-json\/wp\/v2\/types\/page"}],"author":[{"embeddable":true,"href":"https:\/\/sitechecker.pro\/de\/wp-json\/wp\/v2\/users\/10409641"}],"replies":[{"embeddable":true,"href":"https:\/\/sitechecker.pro\/de\/wp-json\/wp\/v2\/comments?post=25050"}],"version-history":[{"count":36,"href":"https:\/\/sitechecker.pro\/de\/wp-json\/wp\/v2\/pages\/25050\/revisions"}],"predecessor-version":[{"id":39554,"href":"https:\/\/sitechecker.pro\/de\/wp-json\/wp\/v2\/pages\/25050\/revisions\/39554"}],"wp:attachment":[{"href":"https:\/\/sitechecker.pro\/de\/wp-json\/wp\/v2\/media?parent=25050"}],"wp:term":[{"taxonomy":"category","embeddable":true,"href":"https:\/\/sitechecker.pro\/de\/wp-json\/wp\/v2\/categories?post=25050"},{"taxonomy":"post_tag","embeddable":true,"href":"https:\/\/sitechecker.pro\/de\/wp-json\/wp\/v2\/tags?post=25050"}],"curies":[{"name":"wp","href":"https:\/\/api.w.org\/{rel}","templated":true}]}}