{"id":25032,"date":"2023-07-24T12:43:32","date_gmt":"2023-07-24T12:43:32","guid":{"rendered":"https:\/\/sitechecker.pro\/?page_id=25032"},"modified":"2025-02-17T10:31:19","modified_gmt":"2025-02-17T10:31:19","slug":"ebay-keyword-tool-research-best-ebay-keywords-improve-seo","status":"publish","type":"page","link":"https:\/\/sitechecker.pro\/de\/ebay-keyword-tool\/","title":{"rendered":"eBay-Schl\u00fcsselwort-Tool: Recherchieren Sie die besten eBay-Keywords, um Ihr SEO zu verbessern"},"content":{"rendered":"<p><\/p>\n<h2 id=\"par1\">Was ist das eBay Keyword Tool?<\/h2>\n<p>Das eBay Keyword Tool von <a href=\"https:\/\/sitechecker.pro\/\" target=\"_blank\" rel=\"noopener noreferrer\">Sitechecker<\/a> ist ein umfassendes Tool f\u00fcr eBay-Verk\u00e4ufer zur Optimierung von Produktlisten durch Identifizierung relevanter Suchanfragen mit hohem Ranking. Es bietet Keyword-Vorschl\u00e4ge von eBay und anderen Plattformen wie Google und Amazon, unterst\u00fctzt erweiterte Filter und bietet Einblicke in das Ranking-Potenzial, sodass Verk\u00e4ufer ihre Sichtbarkeit und ihren Umsatz steigern k\u00f6nnen.<\/p>\n<h3>Wie das Tool Ihnen helfen kann<\/h3>\n<p><strong>Keyword-Ermittlung und -Optimierung: <\/strong>bietet relevante Vorschl\u00e4ge von eBay mit hohem Ranking zur Optimierung von Produktlisten und Verbesserung der Sichtbarkeit.<\/p>\n<p><strong>Plattform\u00fcbergreifende Einblicke: <\/strong>erweitert die Suchbegriffsrecherche \u00fcber eBay hinaus und erm\u00f6glicht es Verk\u00e4ufern, ihre Listen an breitere Suchtrends anzupassen, um Reichweite und Umsatzpotenzial zu erh\u00f6hen.<\/p>\n<h3>Hauptfunktionen des Tools<\/h3>\n<p><strong>Einheitliches Dashboard: <\/strong>eine zentrale Plattform, die alle SEO-Daten konsolidiert und es Benutzern erm\u00f6glicht, Website-Leistung, Keyword-Rankings und Probleme an einem Ort zu \u00fcberwachen.<\/p>\n<p><strong>Benutzerfreundliche Oberfl\u00e4che: <\/strong>intuitives und leicht zu navigierendes Design, das sowohl Anf\u00e4ngern als auch erfahrenen Profis die effiziente Optimierung ihrer Websites erm\u00f6glicht.<\/p>\n<p><strong>Komplettes SEO-Toolset: <\/strong>umfassende Tools f\u00fcr On-Page- und Off-Page-SEO sowie Suchbegriffsrecherche.<\/p>\n<h2 id=\"par2\">So verwenden Sie das Tool<\/h2>\n<h3>Schritt 1: Geben Sie eine Schl\u00fcsselphrase ein, um Tausende von Keyword-Ideen f\u00fcr eBay zu generieren<\/h3>\n<div class=\"content__img-wrap\"><img src=\"https:\/\/sitechecker.pro\/wp-content\/uploads\/2024\/12\/free-ebay-keyword-research-tool.png\" alt=\"Kostenloses eBay-Keyword-Recherchetool\" class=\"description-img description-img-zoom\" loading=\"lazy\" ><\/div>\n<h3>Schritt 2: Erhalten Sie die Ergebnisse<\/h3>\n<p>Wenn Sie beispielsweise mit einer einzigen Phrase beginnen, k\u00f6nnen Sie zahlreiche verwandte Keywords generieren, um Ihre Sichtbarkeit und Ihren Umsatz auf der eBay-Plattform zu steigern.<\/p>\n<div class=\"content__img-wrap\"><img src=\"https:\/\/sitechecker.pro\/wp-content\/uploads\/2024\/12\/related-keywords.png\" alt=\"Verwandte Keywords\" class=\"description-img description-img-zoom\" loading=\"lazy\" ><\/div>\n<p>Starten Sie eine kostenlose Testversion, um tiefer in die Schl\u00fcsselphrasen-Ideen einzutauchen. W\u00e4hlen Sie die Keywords aus, die am besten zu Ihrem Verkaufsangebot auf der eBay-Plattform passen.<\/p>\n<div class=\"content__img-wrap\"><img src=\"https:\/\/sitechecker.pro\/wp-content\/uploads\/2024\/12\/keyword-ideas-metrics.png\" alt=\"Keyword Ideas Metrics\" class=\"description-img description-img-zoom\" loading=\"lazy\" ><\/div>\n<div class=\"important-block\">Um Ergebnisse und 14 Tage lang Zugriff auf die Funktionen von Sitechecker zu erhalten, starten Sie Ihre KOSTENLOSE Testversion. Die Anmeldung erfolgt ganz einfach mit Ihrem E-Mail-, Google- oder Facebook-Konto. Es ist keine Kreditkarte erforderlich.<\/div>\n<h2 id=\"par3\">Abschlie\u00dfende Idee<\/h2>\n<p>Das eBay Keyword Tool hilft eBay-Verk\u00e4ufern, ihre Produktlisten mit hochrangigen, relevanten Keyword-Vorschl\u00e4gen zu optimieren. Es unterst\u00fctzt plattform\u00fcbergreifende Recherche und bietet Einblicke von eBay, Google und Amazon, um Sichtbarkeit und Umsatz zu steigern. Mit Funktionen wie einem einheitlichen Dashboard, einer benutzerfreundlichen Oberfl\u00e4che und vollst\u00e4ndigen SEO-Tools vereinfacht es die Keyword-Ermittlung und -Optimierung. Beginnen Sie mit der Eingabe einer Schl\u00fcsselphrase, um Ideen zu generieren, Ergebnisse zu erkunden und sich an Ihrer Verkaufsstrategie auszurichten.<\/p>\n<div id=\"par4\"><\/div>\n<p><div class=\"front__faq-block\"><div class=\"faq__block-title\">FAQ<\/div><div class=\"panel-group\" id=\"faq-accordion\" itemscope itemtype=\"https:\/\/schema.org\/FAQPage\" role=\"tablist\" aria-multiselectable=\"true\"><div class=\"panel\" itemscope itemtype=\"https:\/\/schema.org\/Question\" itemprop=\"mainEntity\">\n                            <div class=\"panel-heading\" id=\"headingFaq-1\">\n                                <div class=\"panel-title\" data-toggle=\"collapse\" aria-expanded=\"false\" href=\"#collapseFaq-1\">\n                                    <h3 itemprop=\"name\">Funktioniert das eBay Keyword Tool auch f\u00fcr andere Plattformen als eBay?<\/h3>\n                                <\/div>\n                            <\/div>\n                            <div id=\"collapseFaq-1\" class=\"panel-collapse collapse\" itemprop=\"acceptedAnswer\" itemscope itemtype=\"http:\/\/schema.org\/Answer\">\n                                <div class=\"panel-body\" itemprop=\"text\">Ja, es bietet Einblicke in Suchanfragen von Plattformen wie Google und Amazon, sodass Sie Ihre Strategie an breitere Suchtrends anpassen k\u00f6nnen.<\/div>\n                            <\/div>\n                        <\/div><div class=\"panel\" itemscope itemtype=\"https:\/\/schema.org\/Question\" itemprop=\"mainEntity\">\n                            <div class=\"panel-heading\" id=\"headingFaq-2\">\n                                <div class=\"panel-title\" data-toggle=\"collapse\" aria-expanded=\"false\" href=\"#collapseFaq-2\">\n                                    <h3 itemprop=\"name\">Welche erweiterten Funktionen bietet das eBay Keyword Tool?<\/h3>\n                                <\/div>\n                            <\/div>\n                            <div id=\"collapseFaq-2\" class=\"panel-collapse collapse\" itemprop=\"acceptedAnswer\" itemscope itemtype=\"http:\/\/schema.org\/Answer\">\n                                <div class=\"panel-body\" itemprop=\"text\">Das Tool umfasst Suchvolumenanalysen, CPC-Kennzahlen, Daten zur Anzeigenkonkurrenz und Trendauswertungen zur Verbesserung Ihrer Strategie.<\/div>\n                            <\/div>\n                        <\/div><\/div><\/div><\/p>","protected":false},"excerpt":{"rendered":"Was ist das eBay Keyword Tool? Das eBay Keyword Tool von Sitechecker ist ein umfassendes Tool f\u00fcr eBay-Verk\u00e4ufer zur Optimierung von Produktlisten durch Identifizierung relevanter Suchanfragen mit hohem Ranking. Es bietet Keyword-Vorschl\u00e4ge von eBay und anderen Plattformen wie Google und Amazon, unterst\u00fctzt erweiterte Filter und bietet Einblicke in das Ranking-Potenzial, sodass Verk\u00e4ufer ihre Sichtbarkeit und&#8230;","protected":false},"author":10409641,"featured_media":0,"parent":0,"menu_order":0,"comment_status":"closed","ping_status":"closed","template":"pages-templates\/pages-minitools.php","meta":[],"categories":[71],"tags":[],"_links":{"self":[{"href":"https:\/\/sitechecker.pro\/de\/wp-json\/wp\/v2\/pages\/25032"}],"collection":[{"href":"https:\/\/sitechecker.pro\/de\/wp-json\/wp\/v2\/pages"}],"about":[{"href":"https:\/\/sitechecker.pro\/de\/wp-json\/wp\/v2\/types\/page"}],"author":[{"embeddable":true,"href":"https:\/\/sitechecker.pro\/de\/wp-json\/wp\/v2\/users\/10409641"}],"replies":[{"embeddable":true,"href":"https:\/\/sitechecker.pro\/de\/wp-json\/wp\/v2\/comments?post=25032"}],"version-history":[{"count":17,"href":"https:\/\/sitechecker.pro\/de\/wp-json\/wp\/v2\/pages\/25032\/revisions"}],"predecessor-version":[{"id":35545,"href":"https:\/\/sitechecker.pro\/de\/wp-json\/wp\/v2\/pages\/25032\/revisions\/35545"}],"wp:attachment":[{"href":"https:\/\/sitechecker.pro\/de\/wp-json\/wp\/v2\/media?parent=25032"}],"wp:term":[{"taxonomy":"category","embeddable":true,"href":"https:\/\/sitechecker.pro\/de\/wp-json\/wp\/v2\/categories?post=25032"},{"taxonomy":"post_tag","embeddable":true,"href":"https:\/\/sitechecker.pro\/de\/wp-json\/wp\/v2\/tags?post=25032"}],"curies":[{"name":"wp","href":"https:\/\/api.w.org\/{rel}","templated":true}]}}