{"id":25028,"date":"2023-07-24T12:41:47","date_gmt":"2023-07-24T12:41:47","guid":{"rendered":"https:\/\/sitechecker.pro\/?page_id=25028"},"modified":"2025-08-29T11:46:23","modified_gmt":"2025-08-29T11:46:23","slug":"email-name-generator-professional-email-address-generator-%e1%90%88","status":"publish","type":"page","link":"https:\/\/sitechecker.pro\/de\/email-name-generator\/","title":{"rendered":"Professioneller E-Mail-Namensgenerator [FREE 99+] Ideen f\u00fcr E-Mail-Namen"},"content":{"rendered":"<p><\/p>\n<h2 id=\"par1\">Was ist der professionelle E-Mail-Namensgenerator?<\/h2>\n<p>Der professionelle E-Mail-Namensgenerator von <a href=\"https:\/\/sitechecker.pro\/\" target=\"_blank\" rel=\"noopener noreferrer\">Sitechecker<\/a> ist ein Tool, das schnell einzigartige, professionelle E-Mail-Namensvorschl\u00e4ge erstellt, die auf pers\u00f6nliche oder gesch\u00e4ftliche Anforderungen zugeschnitten sind. Es bietet anpassbare schl\u00fcsselwortbasierte Optionen, unterst\u00fctzt die Erstellung von Dom\u00e4nen-E-Mails und h\u00e4lt sich an Benutzernamenkonventionen, w\u00e4hrend es erweiterte Sucheinstellungen f\u00fcr regionen-, sprach- und plattformspezifische Relevanz nutzt.<\/p>\n<h3>Wie der Gmail-Namensgenerator Ihnen helfen kann<\/h3>\n<p><strong>E-Mail-Namensgenerator: <\/strong>bietet mithilfe der Suchfunktion schnell zahlreiche Namensvorschl\u00e4ge. Sehen Sie sich die verf\u00fcgbaren Vorschl\u00e4ge an, um den perfekten f\u00fcr Ihre Anforderungen zu finden.<\/p>\n<p><strong>Plattform\u00fcbergreifende Schl\u00fcsselwortvorschl\u00e4ge: <\/strong>erm\u00f6glicht es Ihnen, potenzielle Schl\u00fcsselw\u00f6rter aus verschiedenen Suchmaschinen und Plattformen zu finden, darunter (aber nicht beschr\u00e4nkt auf) Google, Bing, Amazon, eBay und YouTube.<\/p>\n<h2 id=\"par2\">So verwenden Sie das Tool<\/h2>\n<h3>Schritt 1: Geben Sie eine Schl\u00fcsselphrase oder eine Nummer ein, um Tausende von Ideen f\u00fcr Konto-IDs zu generieren<\/h3>\n<div class=\"content__img-wrap\"><img src=\"https:\/\/sitechecker.pro\/wp-content\/uploads\/2024\/12\/email-name-generator.png\" alt=\"E-Mail-Namensgenerator\" class=\"description-img description-img-zoom\" loading=\"lazy\" ><\/div>\n<h3>Schritt 2: Erkunden Sie die Ergebnisse<\/h3>\n<p>Indem Sie mit einer einzigen Schl\u00fcsselphrase beginnen, k\u00f6nnen Sie fertige E-Mail-Ideen generieren oder einzelne W\u00f6rter extrahieren, um Ihren einzigartigen Namen zu erstellen.<\/p>\n<div class=\"content__img-wrap\"><img src=\"https:\/\/sitechecker.pro\/wp-content\/uploads\/2024\/12\/generate-email-ideas.png\" alt=\"E-Mail-Ideen generieren\" class=\"description-img description-img-zoom\" loading=\"lazy\" ><\/div>\n<p>Sobald Sie die kostenlose Testversion starten, k\u00f6nnen Sie die Popularit\u00e4t Ihrer ausgew\u00e4hlten Schl\u00fcsselw\u00f6rter analysieren und ihre Suchtrends bewerten.<\/p>\n<p>Erkunden Sie im linken Bereich Cluster von Vorschl\u00e4gen, die nach der prim\u00e4ren Abfrage aus der allgemeinen Liste kategorisiert sind, und verwenden Sie das Tool effektiv als Gruppierer f\u00fcr Ideen zur Profilkennung. Nutzen Sie die Option, die W\u00f6rter zu kopieren, die Sie am meisten interessieren.<\/p>\n<div class=\"content__img-wrap\"><img src=\"https:\/\/sitechecker.pro\/wp-content\/uploads\/2024\/12\/keywords-key-metrics.png\" alt=\"Keywords Key Metrics\" class=\"description-img description-img-zoom\" loading=\"lazy\" ><\/div>\n<p>Das Tool zeigt auch wichtige Kennzahlen wie Suchvolumen, Trends, CPC und Anzeigenwettbewerb an.<\/p>\n<h2 id=\"par3\">Endg\u00fcltige Idee<\/h2>\n<p>Der Zufallsgenerator f\u00fcr E-Mail-Namen hilft Ihnen dabei, einzigartige, ma\u00dfgeschneiderte Ideen zur Profilkennung f\u00fcr den pers\u00f6nlichen oder gesch\u00e4ftlichen Gebrauch zu entwickeln. Mit anpassbaren schl\u00fcsselwortbasierten Vorschl\u00e4gen, plattform\u00fcbergreifenden Suchfunktionen und erweiterten Filtern vereinfacht das Tool die Suche nach der perfekten Profilkennung. Analysieren Sie Schl\u00fcsselworttrends, Suchvolumen und Wettbewerb, um Ihre Auswahl zu verfeinern. Geben Sie zun\u00e4chst eine Schl\u00fcsselphrase ein, erkunden Sie kategorisierte Vorschl\u00e4ge und erstellen Sie im Handumdrehen eine herausragende Profilkennung.<\/p>\n<div id=\"par4\"><\/div>\n<p><div class=\"front__faq-block\"><div class=\"faq__block-title\">FAQ<\/div><div class=\"panel-group\" id=\"faq-accordion\" itemscope itemtype=\"https:\/\/schema.org\/FAQPage\" role=\"tablist\" aria-multiselectable=\"true\"><div class=\"panel\" itemscope itemtype=\"https:\/\/schema.org\/Question\" itemprop=\"mainEntity\">\n                            <div class=\"panel-heading\" id=\"headingFaq-1\">\n                                <div class=\"panel-title\" data-toggle=\"collapse\" aria-expanded=\"false\" href=\"#collapseFaq-1\">\n                                    <h3 itemprop=\"name\">Wie verwende ich den professionellen E-Mail-Adressgenerator?<\/h3>\n                                <\/div>\n                            <\/div>\n                            <div id=\"collapseFaq-1\" class=\"panel-collapse collapse\" itemprop=\"acceptedAnswer\" itemscope itemtype=\"http:\/\/schema.org\/Answer\">\n                                <div class=\"panel-body\" itemprop=\"text\">F\u00fcgen Sie zun\u00e4chst das Wort oder die Zahl ein, die Sie einf\u00fcgen m\u00f6chten, und f\u00fcgen Sie ein kreatives Element hinzu. Richten Sie das Suchsystem ein, w\u00e4hlen Sie Ihre Geo- und Sprachparameter aus und klicken Sie auf die Schaltfl\u00e4che \u201eStichwortvorschl\u00e4ge erhalten\u201c. Untersuchen Sie die Ergebnisse und w\u00e4hlen Sie den f\u00fcr Sie am besten geeigneten E-Mail-Namen aus.<\/div>\n                            <\/div>\n                        <\/div><div class=\"panel\" itemscope itemtype=\"https:\/\/schema.org\/Question\" itemprop=\"mainEntity\">\n                            <div class=\"panel-heading\" id=\"headingFaq-2\">\n                                <div class=\"panel-title\" data-toggle=\"collapse\" aria-expanded=\"false\" href=\"#collapseFaq-2\">\n                                    <h3 itemprop=\"name\">Kann ich dieses Tool f\u00fcr bestimmte E-Mail-Dienste verwenden?<\/h3>\n                                <\/div>\n                            <\/div>\n                            <div id=\"collapseFaq-2\" class=\"panel-collapse collapse\" itemprop=\"acceptedAnswer\" itemscope itemtype=\"http:\/\/schema.org\/Answer\">\n                                <div class=\"panel-body\" itemprop=\"text\">Ja, Sie k\u00f6nnen dieses Tool als Benutzernamengenerator f\u00fcr Gmail oder jeden anderen E-Mail-Dienst verwenden. Seine Funktionalit\u00e4t ist nicht auf einen bestimmten E-Mail-Dienst beschr\u00e4nkt.<\/div>\n                            <\/div>\n                        <\/div><div class=\"panel\" itemscope itemtype=\"https:\/\/schema.org\/Question\" itemprop=\"mainEntity\">\n                            <div class=\"panel-heading\" id=\"headingFaq-3\">\n                                <div class=\"panel-title\" data-toggle=\"collapse\" aria-expanded=\"false\" href=\"#collapseFaq-3\">\n                                    <h3 itemprop=\"name\">Wie tr\u00e4gt der E-Mail-Namensgenerator zu meiner digitalen Kommunikationsstrategie bei?<\/h3>\n                                <\/div>\n                            <\/div>\n                            <div id=\"collapseFaq-3\" class=\"panel-collapse collapse\" itemprop=\"acceptedAnswer\" itemscope itemtype=\"http:\/\/schema.org\/Answer\">\n                                <div class=\"panel-body\" itemprop=\"text\">Durch die Generierung einzigartiger und effektiver E-Mail-Benutzernamen verbessert das Tool Ihr professionelles Image, zieht Kunden an und verbessert Ihre allgemeine digitale Kommunikationsstrategie.<\/div>\n                            <\/div>\n                        <\/div><div class=\"panel\" itemscope itemtype=\"https:\/\/schema.org\/Question\" itemprop=\"mainEntity\">\n                            <div class=\"panel-heading\" id=\"headingFaq-4\">\n                                <div class=\"panel-title\" data-toggle=\"collapse\" aria-expanded=\"false\" href=\"#collapseFaq-4\">\n                                    <h3 itemprop=\"name\">Was sind gute E-Mail-Namen?<\/h3>\n                                <\/div>\n                            <\/div>\n                            <div id=\"collapseFaq-4\" class=\"panel-collapse collapse\" itemprop=\"acceptedAnswer\" itemscope itemtype=\"http:\/\/schema.org\/Answer\">\n                                <div class=\"panel-body\" itemprop=\"text\">Gute E-Mail-Namen sind einzigartig, relevant und passen gut zu der Person oder dem Unternehmen, das sie repr\u00e4sentieren. Sie k\u00f6nnen vollst\u00e4ndige Namen, nur Vor- oder Nachnamen oder Kombinationen aus Namen und Initialen enthalten. Eine effektive Profilkennung zieht Kunden an, hinterl\u00e4sst einen starken Eindruck und verbessert das professionelle Image und den Ruf der Marke.<\/div>\n                            <\/div>\n                        <\/div><\/div><\/div><\/p>","protected":false},"excerpt":{"rendered":"Was ist der professionelle E-Mail-Namensgenerator? Der professionelle E-Mail-Namensgenerator von Sitechecker ist ein Tool, das schnell einzigartige, professionelle E-Mail-Namensvorschl\u00e4ge erstellt, die auf pers\u00f6nliche oder gesch\u00e4ftliche Anforderungen zugeschnitten sind. Es bietet anpassbare schl\u00fcsselwortbasierte Optionen, unterst\u00fctzt die Erstellung von Dom\u00e4nen-E-Mails und h\u00e4lt sich an Benutzernamenkonventionen, w\u00e4hrend es erweiterte Sucheinstellungen f\u00fcr regionen-, sprach- und plattformspezifische Relevanz nutzt. Wie der&#8230;","protected":false},"author":10409641,"featured_media":0,"parent":0,"menu_order":0,"comment_status":"closed","ping_status":"closed","template":"pages-templates\/pages-minitools.php","meta":[],"categories":[71],"tags":[],"_links":{"self":[{"href":"https:\/\/sitechecker.pro\/de\/wp-json\/wp\/v2\/pages\/25028"}],"collection":[{"href":"https:\/\/sitechecker.pro\/de\/wp-json\/wp\/v2\/pages"}],"about":[{"href":"https:\/\/sitechecker.pro\/de\/wp-json\/wp\/v2\/types\/page"}],"author":[{"embeddable":true,"href":"https:\/\/sitechecker.pro\/de\/wp-json\/wp\/v2\/users\/10409641"}],"replies":[{"embeddable":true,"href":"https:\/\/sitechecker.pro\/de\/wp-json\/wp\/v2\/comments?post=25028"}],"version-history":[{"count":25,"href":"https:\/\/sitechecker.pro\/de\/wp-json\/wp\/v2\/pages\/25028\/revisions"}],"predecessor-version":[{"id":38308,"href":"https:\/\/sitechecker.pro\/de\/wp-json\/wp\/v2\/pages\/25028\/revisions\/38308"}],"wp:attachment":[{"href":"https:\/\/sitechecker.pro\/de\/wp-json\/wp\/v2\/media?parent=25028"}],"wp:term":[{"taxonomy":"category","embeddable":true,"href":"https:\/\/sitechecker.pro\/de\/wp-json\/wp\/v2\/categories?post=25028"},{"taxonomy":"post_tag","embeddable":true,"href":"https:\/\/sitechecker.pro\/de\/wp-json\/wp\/v2\/tags?post=25028"}],"curies":[{"name":"wp","href":"https:\/\/api.w.org\/{rel}","templated":true}]}}