{"id":25018,"date":"2023-07-24T12:39:12","date_gmt":"2023-07-24T12:39:12","guid":{"rendered":"https:\/\/sitechecker.pro\/?page_id=25018"},"modified":"2025-02-17T09:40:36","modified_gmt":"2025-02-17T09:40:36","slug":"youtube-keyword-tool-tags-generator-sitechecker-%e1%90%88","status":"publish","type":"page","link":"https:\/\/sitechecker.pro\/de\/youtube-keyword-tool\/","title":{"rendered":"YouTube Keyword-Tool und Tag-Generator \u1408"},"content":{"rendered":"<p><\/p>\n<h2 id=\"par1\">Was ist der YouTube Channel Keyword Generator?<\/h2>\n<p>Das YouTube Keyword Tool von <a href=\"https:\/\/sitechecker.pro\/\" target=\"_blank\" rel=\"noopener noreferrer\">Sitechecker<\/a> hilft Erstellern, die Sichtbarkeit von Videos zu optimieren, indem es Keyword-Vorschl\u00e4ge liefert, Tags generiert und optimierte Titel und Beschreibungen basierend auf YouTube-Suchtrends erstellt. Gleichzeitig unterst\u00fctzt es umfassendere SEO-Einblicke f\u00fcr eine gr\u00f6\u00dfere Reichweite des Publikums.<\/p>\n<h3>Wie der Keyword Generator f\u00fcr YouTube Ihnen helfen kann<\/h3>\n<p><strong>Keyword- und Tag-Vorschl\u00e4ge: <\/strong>generiert relevante Keywords und Tags basierend auf YouTube-Suchtrends, um die Auffindbarkeit von Videos zu optimieren.<\/p>\n<p><strong>Titel- und Beschreibungsoptimierung: <\/strong>hilft bei der Erstellung ansprechender, SEO-freundlicher Titel und Beschreibungen mit Ziel-Keywords.<\/p>\n<p><strong>Multiplattform-Einblicke: <\/strong>bietet Keyword-Ideen von mehreren Plattformen, darunter Google, Bing, Amazon und eBay, f\u00fcr eine umfassende SEO-Strategie.<\/p>\n<h3>Hauptfunktionen des Tools<\/h3>\n<p><strong>Einheitliches Dashboard: <\/strong>eine zentrale Plattform zur \u00dcberwachung und Verwaltung der Website-Leistung, SEO-Einblicke und Optimierungsaufgaben an einem Ort.<\/p>\n<p><strong>Benutzerfreundliche Oberfl\u00e4che: <\/strong>intuitives Design f\u00fcr einfache Navigation, das SEO sowohl f\u00fcr Anf\u00e4nger als auch f\u00fcr Profis zug\u00e4nglich macht.<\/p>\n<p><strong>Komplettes SEO-Toolset: <\/strong>eine umfassende Suite von Tools, einschlie\u00dflich Keyword-Recherche, Rangverfolgung, On-Page-SEO-Audits und Website-Gesundheitschecks, zur Unterst\u00fctzung einer effektiven Optimierung.<\/p>\n<h2 id=\"par2\">So verwenden Sie das Tool<\/h2>\n<h3>Schritt 1: Geben Sie ein Schl\u00fcsselwort oder eine Phrase ein, um darauf basierend weitere YouTube-Schl\u00fcsselwortideen zu generieren<\/h3>\n<div class=\"content__img-wrap\"><img src=\"https:\/\/sitechecker.pro\/wp-content\/uploads\/2024\/12\/youtube-keyword-tag-generator.png\" alt=\"Youtube-Schl\u00fcsselwort- und Tag-Generator\" class=\"description-img description-img-zoom\" loading=\"lazy\" ><\/div>\n<h3>Schritt 2: Sehen Sie sich die Ergebnisse an<\/h3>\n<p>Der YouTube-Video-Schl\u00fcsselwortgenerator hilft dabei, die besten Schl\u00fcsselw\u00f6rter zu identifizieren und zu verwenden, um Ihr Video f\u00fcr das richtige Publikum auf YouTube zu optimieren:<\/p>\n<div class=\"content__img-wrap\"><img src=\"https:\/\/sitechecker.pro\/wp-content\/uploads\/2024\/12\/keyphrase-ideas.png\" alt=\"Schl\u00fcsselwortideen\" class=\"description-img description-img-zoom\" loading=\"lazy\" ><\/div>\n<p>Melden Sie sich f\u00fcr eine kostenlose Testversion an, um die Popularit\u00e4t bestimmter YouTube-Suchbegriffe zu analysieren. Nutzen Sie das Popularit\u00e4tsdiagramm, um Schl\u00fcsselworttrends im Zeitverlauf zu \u00fcberwachen.<\/p>\n<div class=\"content__img-wrap\"><img src=\"https:\/\/sitechecker.pro\/wp-content\/uploads\/2024\/12\/keyword-stats.png\" alt=\"Keyword Stats\" class=\"description-img description-img-zoom\" loading=\"lazy\" ><\/div>\n<div class=\"important-block\">Um Ergebnisse zu erhalten und 14 Tage lang auf die Funktionen von Sitechecker zuzugreifen, starten Sie Ihre KOSTENLOSE Testversion. Die Anmeldung ist ganz einfach mit Ihrem E-Mail-, Google- oder Facebook-Konto. Es ist keine Kreditkarte erforderlich.<\/div>\n<h2 id=\"par3\">Abschlie\u00dfende Idee<\/h2>\n<p>Der YouTube SEO Keywords Generator hilft dabei, die Sichtbarkeit von Videos zu optimieren, indem er Keyword-Vorschl\u00e4ge generiert, SEO-freundliche Titel und Beschreibungen erstellt und Tags basierend auf YouTube-Suchtrends bereitstellt. Er bietet ein einheitliches Dashboard, eine benutzerfreundliche Oberfl\u00e4che und ein komplettes SEO-Toolset f\u00fcr eine umfassende Optimierung. Mit Funktionen wie einem Popularit\u00e4tsdiagramm und plattform\u00fcbergreifenden Keyword-Einblicken unterst\u00fctzt er Ersteller dabei, das richtige Publikum anzusprechen.<\/p>","protected":false},"excerpt":{"rendered":"Was ist der YouTube Channel Keyword Generator? Das YouTube Keyword Tool von Sitechecker hilft Erstellern, die Sichtbarkeit von Videos zu optimieren, indem es Keyword-Vorschl\u00e4ge liefert, Tags generiert und optimierte Titel und Beschreibungen basierend auf YouTube-Suchtrends erstellt. Gleichzeitig unterst\u00fctzt es umfassendere SEO-Einblicke f\u00fcr eine gr\u00f6\u00dfere Reichweite des Publikums. Wie der Keyword Generator f\u00fcr YouTube Ihnen helfen&#8230;","protected":false},"author":10409641,"featured_media":0,"parent":0,"menu_order":0,"comment_status":"closed","ping_status":"closed","template":"pages-templates\/pages-minitools.php","meta":[],"categories":[71],"tags":[],"_links":{"self":[{"href":"https:\/\/sitechecker.pro\/de\/wp-json\/wp\/v2\/pages\/25018"}],"collection":[{"href":"https:\/\/sitechecker.pro\/de\/wp-json\/wp\/v2\/pages"}],"about":[{"href":"https:\/\/sitechecker.pro\/de\/wp-json\/wp\/v2\/types\/page"}],"author":[{"embeddable":true,"href":"https:\/\/sitechecker.pro\/de\/wp-json\/wp\/v2\/users\/10409641"}],"replies":[{"embeddable":true,"href":"https:\/\/sitechecker.pro\/de\/wp-json\/wp\/v2\/comments?post=25018"}],"version-history":[{"count":16,"href":"https:\/\/sitechecker.pro\/de\/wp-json\/wp\/v2\/pages\/25018\/revisions"}],"predecessor-version":[{"id":35541,"href":"https:\/\/sitechecker.pro\/de\/wp-json\/wp\/v2\/pages\/25018\/revisions\/35541"}],"wp:attachment":[{"href":"https:\/\/sitechecker.pro\/de\/wp-json\/wp\/v2\/media?parent=25018"}],"wp:term":[{"taxonomy":"category","embeddable":true,"href":"https:\/\/sitechecker.pro\/de\/wp-json\/wp\/v2\/categories?post=25018"},{"taxonomy":"post_tag","embeddable":true,"href":"https:\/\/sitechecker.pro\/de\/wp-json\/wp\/v2\/tags?post=25018"}],"curies":[{"name":"wp","href":"https:\/\/api.w.org\/{rel}","templated":true}]}}