{"id":25004,"date":"2023-07-24T13:21:56","date_gmt":"2023-07-24T13:21:56","guid":{"rendered":"https:\/\/sitechecker.pro\/?page_id=25004"},"modified":"2025-02-12T10:04:40","modified_gmt":"2025-02-12T10:04:40","slug":"get-youtube-channel-keywords-list-keys-suggestions-tool-%e1%90%88-2","status":"publish","type":"page","link":"https:\/\/sitechecker.pro\/de\/youtube-name-generator\/","title":{"rendered":"Kostenloser YouTube Namensgenerator"},"content":{"rendered":"<p><\/p>\n<h2 id=\"par1\">Was ist ein YouTube-Namensgenerator?<\/h2>\n<p>Der YouTube-Namensgenerator von <a href=\"https:\/\/sitechecker.pro\/\" target=\"_blank\" rel=\"noopener noreferrer\">Sitechecker<\/a> ist ein Tool, das Content-Ersteller bei der Entwicklung einzigartiger und einpr\u00e4gsamer Namen f\u00fcr ihre YouTube-Kan\u00e4le unterst\u00fctzt. Durch die Analyse von YouTube-Suchanfragen und Keyword-Rankings bietet es eine Vielzahl von Namensvorschl\u00e4gen, die auf die Nische und Zielgruppe Ihres Kanals zugeschnitten sind.<\/p>\n<h3>Der YouTube-Namensgenerator hilft bei der Erstellung eines effektiven Kanaltitels durch<\/h3>\n<p><strong>Keyword-basierte Vorschl\u00e4ge: <\/strong>bietet Titelideen basierend auf YouTube-Suchanfragen und Keyword-Rankings und hilft Ihnen, einen Titel mit hohem Suchvolumen und Relevanz f\u00fcr Ihren Inhalt auszuw\u00e4hlen.<\/p>\n<p><strong>Plattform\u00fcbergreifende Keyword-Empfehlungen: <\/strong>\u00fcber YouTube hinaus bietet es Keyword-Vorschl\u00e4ge von verschiedenen Plattformen wie Google, Bing, Amazon und eBay und erweitert so Ihre Perspektive auf potenzielle Kanaltitel.<\/p>\n<h3>Hauptfunktionen des Tools<\/h3>\n<p><strong>Einheitliches Dashboard: <\/strong>Verwalten Sie alle Ihre SEO-Aufgaben an einem Ort mit einem zentralen Dashboard, das Ihnen einen klaren \u00dcberblick \u00fcber die Leistung, Probleme und den Fortschritt Ihrer Website bietet.<\/p>\n<p><strong>Benutzerfreundliche Oberfl\u00e4che: <\/strong>Die intuitive Benutzeroberfl\u00e4che wurde mit Blick auf Einfachheit entwickelt und erleichtert sowohl Anf\u00e4ngern als auch Experten die Navigation und die effektive Nutzung der leistungsstarken Tools.<\/p>\n<p><strong>Komplettes SEO-Toolset: <\/strong>Greifen Sie auf eine umfassende Palette von SEO-Funktionen zu, darunter Site-Audits, Rangverfolgung und On-Page-SEO-Empfehlungen, um die Sichtbarkeit und Leistung Ihrer Website zu optimieren.<\/p>\n<h2 id=\"par2\">So verwenden Sie das Tool<\/h2>\n<h3>Schritt 1: Geben Sie ein Schl\u00fcsselwort oder eine Phrase ein, um darauf basierende YouTube-Namensideen zu generieren<\/h3>\n<div class=\"content__img-wrap\"><img src=\"https:\/\/sitechecker.pro\/wp-content\/uploads\/2024\/12\/youtube-channel-name-generator.png\" alt=\"Youtube Channel Name Generator\" class=\"description-img description-img-zoom\" loading=\"lazy\" ><\/div>\n<h3>Schritt 2: Erhalten Sie die Ergebnisse mit den Youtube Channel Name Ideas<\/h3>\n<p>Das YouTube Name Suggestions-Tool generiert trendige und relevante Kanaltitelideen, indem es beliebte Schl\u00fcsselw\u00f6rter f\u00fcr maximale Sichtbarkeit nutzt. Es bietet ma\u00dfgeschneiderte Vorschl\u00e4ge f\u00fcr nischenspezifisches Branding, unterst\u00fctzt durch datengesteuerte Erkenntnisse zur Verbesserung der Auffindbarkeit.<\/p>\n<div class=\"content__img-wrap\"><img src=\"https:\/\/sitechecker.pro\/wp-content\/uploads\/2024\/12\/youtube-channel-name-ideas.png\" alt=\"Youtube Channel Name Ideas\" class=\"description-img description-img-zoom\" loading=\"lazy\" ><\/div>\n<p>Starten Sie eine kostenlose Testversion, um herauszufinden, wie beliebt bestimmte YouTube-Kanaltitelideen bei Suchmaschinen sind.<\/p>\n<p>Mithilfe des Beliebtheitsdiagramms k\u00f6nnen Sie Trends f\u00fcr jede Kanaltitelidee verfolgen und die CPC-Wettbewerbsf\u00e4higkeit bewerten.<\/p>\n<div class=\"content__img-wrap\"><img src=\"https:\/\/sitechecker.pro\/wp-content\/uploads\/2024\/12\/suggestions-info.png\" alt=\"Suggestions Info\" class=\"description-img description-img-zoom\" loading=\"lazy\" ><\/div>\n<div class=\"important-block\">Um Ergebnisse zu erhalten und 14 Tage lang auf die Funktionen von Sitechecker zuzugreifen, starten Sie Ihre KOSTENLOSE Testversion. Die Anmeldung ist ganz einfach mit Ihrem E-Mail-, Google- oder Facebook-Konto. Es ist keine Kreditkarte erforderlich.<\/div>\n<h2 id=\"par3\">Abschlie\u00dfende Idee<\/h2>\n<p>Zusammenfassend l\u00e4sst sich sagen, dass der YouTube-Namensgenerator ein leistungsstarkes und benutzerfreundliches Tool ist, das Inhaltserstellern dabei helfen soll, einzigartige, einpr\u00e4gsame und \u00e4u\u00dferst effektive YouTube-Kanalnamen zu erstellen. Durch die Nutzung schl\u00fcsselwortbasierter Vorschl\u00e4ge, plattform\u00fcbergreifender Erkenntnisse und datengesteuerter Trends stellt er sicher, dass Ihr Kanaltitel zu Ihrer Nische passt und bei Ihrer Zielgruppe Anklang findet.<\/p>\n<div id=\"par4\"><\/div>\n<p><div class=\"front__faq-block\"><div class=\"faq__block-title\">FAQ<\/div><div class=\"panel-group\" id=\"faq-accordion\" itemscope itemtype=\"https:\/\/schema.org\/FAQPage\" role=\"tablist\" aria-multiselectable=\"true\"><div class=\"panel\" itemscope itemtype=\"https:\/\/schema.org\/Question\" itemprop=\"mainEntity\">\n                            <div class=\"panel-heading\" id=\"headingFaq-1\">\n                                <div class=\"panel-title\" data-toggle=\"collapse\" aria-expanded=\"false\" href=\"#collapseFaq-1\">\n                                    <h3 itemprop=\"name\">Wie funktioniert der Namensgenerator f\u00fcr Vlogger?<\/h3>\n                                <\/div>\n                            <\/div>\n                            <div id=\"collapseFaq-1\" class=\"panel-collapse collapse\" itemprop=\"acceptedAnswer\" itemscope itemtype=\"http:\/\/schema.org\/Answer\">\n                                <div class=\"panel-body\" itemprop=\"text\">Das Tool analysiert YouTube-Suchen, Keyword-Rankings und plattform\u00fcbergreifende Daten, um ma\u00dfgeschneiderte Titelvorschl\u00e4ge basierend auf der Nische und Zielgruppe Ihres Kanals bereitzustellen.<\/div>\n                            <\/div>\n                        <\/div><div class=\"panel\" itemscope itemtype=\"https:\/\/schema.org\/Question\" itemprop=\"mainEntity\">\n                            <div class=\"panel-heading\" id=\"headingFaq-2\">\n                                <div class=\"panel-title\" data-toggle=\"collapse\" aria-expanded=\"false\" href=\"#collapseFaq-2\">\n                                    <h3 itemprop=\"name\">Unterst\u00fctzt das Tool die Keyword-Recherche \u00fcber YouTube hinaus?<\/h3>\n                                <\/div>\n                            <\/div>\n                            <div id=\"collapseFaq-2\" class=\"panel-collapse collapse\" itemprop=\"acceptedAnswer\" itemscope itemtype=\"http:\/\/schema.org\/Answer\">\n                                <div class=\"panel-body\" itemprop=\"text\">Ja, es bietet auch Keyword-Vorschl\u00e4ge von Plattformen wie Google, Bing, Amazon und eBay f\u00fcr umfassendere Einblicke.<\/div>\n                            <\/div>\n                        <\/div><div class=\"panel\" itemscope itemtype=\"https:\/\/schema.org\/Question\" itemprop=\"mainEntity\">\n                            <div class=\"panel-heading\" id=\"headingFaq-3\">\n                                <div class=\"panel-title\" data-toggle=\"collapse\" aria-expanded=\"false\" href=\"#collapseFaq-3\">\n                                    <h3 itemprop=\"name\">Welche zus\u00e4tzlichen Funktionen bietet der Namensgenerator f\u00fcr YouTube?<\/h3>\n                                <\/div>\n                            <\/div>\n                            <div id=\"collapseFaq-3\" class=\"panel-collapse collapse\" itemprop=\"acceptedAnswer\" itemscope itemtype=\"http:\/\/schema.org\/Answer\">\n                                <div class=\"panel-body\" itemprop=\"text\">Das Tool umfasst ein einheitliches Dashboard, SEO-Tools wie Rangverfolgung, Backlink-Analyse und On-Page-Empfehlungen zur Optimierung der Leistung Ihrer Website.<\/div>\n                            <\/div>\n                        <\/div><div class=\"panel\" itemscope itemtype=\"https:\/\/schema.org\/Question\" itemprop=\"mainEntity\">\n                            <div class=\"panel-heading\" id=\"headingFaq-4\">\n                                <div class=\"panel-title\" data-toggle=\"collapse\" aria-expanded=\"false\" href=\"#collapseFaq-4\">\n                                    <h3 itemprop=\"name\">Kann ich die Popularit\u00e4t eines Kanaltitels verfolgen?<\/h3>\n                                <\/div>\n                            <\/div>\n                            <div id=\"collapseFaq-4\" class=\"panel-collapse collapse\" itemprop=\"acceptedAnswer\" itemscope itemtype=\"http:\/\/schema.org\/Answer\">\n                                <div class=\"panel-body\" itemprop=\"text\">Ja, mit dem Popularit\u00e4tsdiagramm k\u00f6nnen Sie Trends verfolgen und die CPC-Wettbewerbsf\u00e4higkeit f\u00fcr jede Titelidee bewerten.<\/div>\n                            <\/div>\n                        <\/div><\/div><\/div><\/p>","protected":false},"excerpt":{"rendered":"Was ist ein YouTube-Namensgenerator? Der YouTube-Namensgenerator von Sitechecker ist ein Tool, das Content-Ersteller bei der Entwicklung einzigartiger und einpr\u00e4gsamer Namen f\u00fcr ihre YouTube-Kan\u00e4le unterst\u00fctzt. Durch die Analyse von YouTube-Suchanfragen und Keyword-Rankings bietet es eine Vielzahl von Namensvorschl\u00e4gen, die auf die Nische und Zielgruppe Ihres Kanals zugeschnitten sind. Der YouTube-Namensgenerator hilft bei der Erstellung eines effektiven&#8230;","protected":false},"author":10409641,"featured_media":0,"parent":0,"menu_order":0,"comment_status":"closed","ping_status":"closed","template":"pages-templates\/pages-minitools.php","meta":[],"categories":[71],"tags":[],"_links":{"self":[{"href":"https:\/\/sitechecker.pro\/de\/wp-json\/wp\/v2\/pages\/25004"}],"collection":[{"href":"https:\/\/sitechecker.pro\/de\/wp-json\/wp\/v2\/pages"}],"about":[{"href":"https:\/\/sitechecker.pro\/de\/wp-json\/wp\/v2\/types\/page"}],"author":[{"embeddable":true,"href":"https:\/\/sitechecker.pro\/de\/wp-json\/wp\/v2\/users\/10409641"}],"replies":[{"embeddable":true,"href":"https:\/\/sitechecker.pro\/de\/wp-json\/wp\/v2\/comments?post=25004"}],"version-history":[{"count":29,"href":"https:\/\/sitechecker.pro\/de\/wp-json\/wp\/v2\/pages\/25004\/revisions"}],"predecessor-version":[{"id":35425,"href":"https:\/\/sitechecker.pro\/de\/wp-json\/wp\/v2\/pages\/25004\/revisions\/35425"}],"wp:attachment":[{"href":"https:\/\/sitechecker.pro\/de\/wp-json\/wp\/v2\/media?parent=25004"}],"wp:term":[{"taxonomy":"category","embeddable":true,"href":"https:\/\/sitechecker.pro\/de\/wp-json\/wp\/v2\/categories?post=25004"},{"taxonomy":"post_tag","embeddable":true,"href":"https:\/\/sitechecker.pro\/de\/wp-json\/wp\/v2\/tags?post=25004"}],"curies":[{"name":"wp","href":"https:\/\/api.w.org\/{rel}","templated":true}]}}