{"id":24999,"date":"2023-07-24T12:34:42","date_gmt":"2023-07-24T12:34:42","guid":{"rendered":"https:\/\/sitechecker.pro\/?page_id=24999"},"modified":"2025-02-13T14:58:13","modified_gmt":"2025-02-13T14:58:13","slug":"get-youtube-channel-keywords-list-keys-suggestions-tool-%e1%90%88","status":"publish","type":"page","link":"https:\/\/sitechecker.pro\/de\/youtube-channel-keywords\/","title":{"rendered":"YouTube-Kanal-Schl\u00fcsselwortliste erhalten | Schl\u00fcsselwort-Vorschlagstool \u1408"},"content":{"rendered":"<p><\/p>\n<h2 id=\"par1\">Was ist das YouTube Channel Keyword Suggestion Tool?<\/h2>\n<p>Das YouTube Channel Keyword Suggestion Tool von <a href=\"https:\/\/sitechecker.pro\/\" target=\"_blank\" rel=\"noopener noreferrer\">Sitechecker<\/a> ist ein kostenloses SEO-Dienstprogramm, das eine umfassende Liste von Suchbegriffen generiert, um die Themen, Themenbereiche und Interessen Ihres Kanals genau zu beschreiben. Es bietet Vorschl\u00e4ge aus mehreren Suchsystemen, darunter YouTube, Google, Bing, Amazon und eBay, optimiert die Sichtbarkeit Ihres Kanals und verbindet Sie effektiv mit Ihrer Zielgruppe.<\/p>\n<h3>Wie das Tool Ihnen helfen kann<\/h3>\n<p><strong>Keyword-Leistungsanalyse: <\/strong>Bewerten Sie die Leistung bestimmter YouTube-Suchbegriffe mit Einblicken in Suchvolumen, Wettbewerb und Klickpotenzial.<\/p>\n<p><strong>Saisonale Keyword-Trends: <\/strong>Identifizieren Sie saisonale oder ereignisbasierte Suchbegriffsm\u00f6glichkeiten, um zeitgem\u00e4\u00dfe und relevante YouTube-Inhalte zu erstellen.<\/p>\n<p><strong>Erkennung trendiger Schl\u00fcsselphrasen: <\/strong>Identifizieren Sie die neuesten trendigen Schl\u00fcsselphrasen auf YouTube, um Ihre Inhalte an die aktuellen Interessen der Zuschauer anzupassen und die Sichtbarkeit zu erh\u00f6hen.<\/p>\n<h3>Hauptfunktionen des Tools<\/h3>\n<p><strong>Einheitliches Dashboard: <\/strong>Bietet an einem Ort einen \u00dcberblick \u00fcber die SEO-Leistung, Probleme und Fortschritte Ihrer Website und rationalisiert so Ihren Optimierungsprozess.<\/p>\n<p><strong>Benutzerfreundliche Oberfl\u00e4che: <\/strong>Ein intuitives Design, das die Navigation und Nutzung des Tools selbst f\u00fcr Anf\u00e4nger einfach macht, mit klaren visuellen Darstellungen und umsetzbaren Erkenntnissen.<\/p>\n<p><strong>Komplettes SEO-Toolset: <\/strong>umfasst Website-Audits, Schl\u00fcsselphrasen-Tracking, Backlink-\u00dcberwachung und Rangverfolgung und bietet alles, was Sie f\u00fcr ein effektives SEO-Management ben\u00f6tigen.<\/p>\n<h2 id=\"par2\">So verwenden Sie das Tool<\/h2>\n<h3>Schritt 1: Geben Sie ein Schl\u00fcsselwort oder eine Phrase ein, um Ideen f\u00fcr YouTube-Suchbegriffe zu generieren<\/h3>\n<div class=\"content__img-wrap\"><img src=\"https:\/\/sitechecker.pro\/wp-content\/uploads\/2024\/12\/youtube-channel-keywords-list.png\" alt=\"Youtube Channel Keywords List\" class=\"description-img description-img-zoom\" loading=\"lazy\" ><\/div>\n<h3>Schritt 2: Erhalten Sie die Ergebnisse<\/h3>\n<p>Das Tool f\u00fcr YouTube-Schl\u00fcsselwortvorschl\u00e4ge generiert trendige und relevante Schl\u00fcsselwortideen, indem es beliebte Suchbegriffe verwendet, um die Sichtbarkeit zu maximieren.<\/p>\n<div class=\"content__img-wrap\"><img src=\"https:\/\/sitechecker.pro\/wp-content\/uploads\/2024\/12\/keyphrase-ideas.png\" alt=\"Schl\u00fcsselwortideen\" class=\"description-img description-img-zoom\" loading=\"lazy\" ><\/div>\n<p>Starten Sie eine kostenlose Testversion, um die Popularit\u00e4t bestimmter YouTube-Suchbegriffe zu erkunden. Verwenden Sie das Popularit\u00e4tsdiagramm, um Trends f\u00fcr jede Schl\u00fcsselphrase im Zeitverlauf zu verfolgen.<\/p>\n<div class=\"content__img-wrap\"><img src=\"https:\/\/sitechecker.pro\/wp-content\/uploads\/2024\/12\/keyword-stats.png\" alt=\"Keyword Stats\" class=\"description-img description-img-zoom\" loading=\"lazy\" ><\/div>\n<div class=\"important-block\">Um Ergebnisse zu erhalten und 14 Tage lang auf die Funktionen von Sitechecker zuzugreifen, starten Sie Ihre KOSTENLOSE Testversion. Die Anmeldung erfolgt ganz einfach mit Ihrem E-Mail-, Google- oder Facebook-Konto. Es ist keine Kreditkarte erforderlich.<\/div>\n<h2 id=\"par3\">Abschlie\u00dfende Idee<\/h2>\n<p>Das YouTube Keyword Research Tool ist ein kostenloses Dienstprogramm, das Ihnen dabei helfen soll, die Sichtbarkeit Ihres Kanals mit ma\u00dfgeschneiderten Schl\u00fcsselphrasenideen zu optimieren. Es bietet die Entdeckung trendiger Schl\u00fcsselphrasen, Leistungsanalysen und Einblicke in saisonale Trends und bezieht Daten von Plattformen wie YouTube, Google und Bing. Mit einer benutzerfreundlichen Oberfl\u00e4che, einem einheitlichen Dashboard und einem vollst\u00e4ndigen SEO-Toolset vereinfacht das Tool die Suchbegriffoptimierung f\u00fcr eine bessere Zielgruppenansprache.<\/p>","protected":false},"excerpt":{"rendered":"Was ist das YouTube Channel Keyword Suggestion Tool? Das YouTube Channel Keyword Suggestion Tool von Sitechecker ist ein kostenloses SEO-Dienstprogramm, das eine umfassende Liste von Suchbegriffen generiert, um die Themen, Themenbereiche und Interessen Ihres Kanals genau zu beschreiben. Es bietet Vorschl\u00e4ge aus mehreren Suchsystemen, darunter YouTube, Google, Bing, Amazon und eBay, optimiert die Sichtbarkeit Ihres&#8230;","protected":false},"author":10409641,"featured_media":0,"parent":0,"menu_order":0,"comment_status":"closed","ping_status":"closed","template":"pages-templates\/pages-minitools.php","meta":[],"categories":[71],"tags":[],"_links":{"self":[{"href":"https:\/\/sitechecker.pro\/de\/wp-json\/wp\/v2\/pages\/24999"}],"collection":[{"href":"https:\/\/sitechecker.pro\/de\/wp-json\/wp\/v2\/pages"}],"about":[{"href":"https:\/\/sitechecker.pro\/de\/wp-json\/wp\/v2\/types\/page"}],"author":[{"embeddable":true,"href":"https:\/\/sitechecker.pro\/de\/wp-json\/wp\/v2\/users\/10409641"}],"replies":[{"embeddable":true,"href":"https:\/\/sitechecker.pro\/de\/wp-json\/wp\/v2\/comments?post=24999"}],"version-history":[{"count":16,"href":"https:\/\/sitechecker.pro\/de\/wp-json\/wp\/v2\/pages\/24999\/revisions"}],"predecessor-version":[{"id":35487,"href":"https:\/\/sitechecker.pro\/de\/wp-json\/wp\/v2\/pages\/24999\/revisions\/35487"}],"wp:attachment":[{"href":"https:\/\/sitechecker.pro\/de\/wp-json\/wp\/v2\/media?parent=24999"}],"wp:term":[{"taxonomy":"category","embeddable":true,"href":"https:\/\/sitechecker.pro\/de\/wp-json\/wp\/v2\/categories?post=24999"},{"taxonomy":"post_tag","embeddable":true,"href":"https:\/\/sitechecker.pro\/de\/wp-json\/wp\/v2\/tags?post=24999"}],"curies":[{"name":"wp","href":"https:\/\/api.w.org\/{rel}","templated":true}]}}