{"id":24950,"date":"2023-07-24T12:54:03","date_gmt":"2023-07-24T12:54:03","guid":{"rendered":"https:\/\/sitechecker.pro\/?page_id=24950"},"modified":"2025-02-27T10:59:43","modified_gmt":"2025-02-27T10:59:43","slug":"keyword-suggestion-tool-research-content-ideas-sitechecker-%e1%90%88","status":"publish","type":"page","link":"https:\/\/sitechecker.pro\/de\/keyword-suggestion-tool\/","title":{"rendered":"Kostenloses SEO Keyword-Recherche-Tool \u2611"},"content":{"rendered":"<p><\/p>\n<h2 id=\"par1\">Was ist ein professionelles Keyword-Vorschlagstool?<\/h2>\n<p>Das Keyword-Vorschlagstool von <a href=\"https:\/\/sitechecker.pro\/\" target=\"_blank\" rel=\"noopener noreferrer\">Sitechecker<\/a> ist eine kostenlose Online-Ressource, die relevante Keyword-Ideen generiert, indem sie Daten von Plattformen wie Google, Bing, Google Images, News, Shopping, Yahoo, Wikipedia, YouTube, Amazon, eBay und Fiverr nutzt. Es hilft Benutzern, Long-Tail-Keywords zu entdecken, Inhalte zu optimieren und die Sichtbarkeit und den Verkehr f\u00fcr Websites, Videos und Produktlisten zu verbessern.<\/p>\n<p>Durch die Analyse von Suchmaschinendaten, einschlie\u00dflich Google Autocomplete, unterst\u00fctzt das Tool SEO, Inhaltserstellung und Marketingstrategien und erm\u00f6glicht es Benutzern, Suchrankings zu verbessern, ihr Publikum effektiv anzusprechen und die Leistung auf mehreren Plattformen zu steigern.<\/p>\n<h3>Das Keyword-Vorschlagstool unterst\u00fctzt Sie durch<\/h3>\n<p><strong>Inhaltsoptimierung: <\/strong>bietet Long-Tail-Keywords, um Suchmaschinenrankings zu verbessern und Website- oder Videoinhalte zu bereichern.<\/p>\n<p><strong>E-Commerce- und PPC-Leistung: <\/strong>vorgeschlagene Schl\u00fcsselw\u00f6rter f\u00fcr Produktlisten auf Amazon und eBay und gezielte Phrasen f\u00fcr effektive bezahlte Werbekampagnen.<\/p>\n<p><strong>Multiplattform-Einblicke: <\/strong>ma\u00dfgeschneiderte Vorschl\u00e4ge von Google, Bing, YouTube und anderen, Verfolgung von Trends, um wettbewerbsf\u00e4hig zu bleiben.<\/p>\n<h3>Hauptfunktionen des Tools<\/h3>\n<p><strong>Einheitliches Dashboard: <\/strong>konsolidiert alle SEO-Metriken und -Einblicke in einer einzigen, leicht zu navigierenden Oberfl\u00e4che f\u00fcr effizientes Monitoring und Management.<\/p>\n<p><strong>Benutzerfreundliche Oberfl\u00e4che: <\/strong>Intuitives Design gew\u00e4hrleistet einfache Bedienung f\u00fcr Anf\u00e4nger und Profis und vereinfacht komplexe SEO-Aufgaben.<\/p>\n<p><strong>Komplettes SEO-Toolset: <\/strong>bietet eine umfassende Palette an Tools, darunter Schl\u00fcsselwortrecherche, Site-Audits, Backlink-Tracking und Leistungsanalyse, um Ihre Online-Pr\u00e4senz effektiv zu verbessern.<\/p>\n<h2 id=\"par2\">So verwenden Sie das Tool<\/h2>\n<h3>Schritt 1: Geben Sie ein Schl\u00fcsselwort oder eine Schl\u00fcsselphrase ein, w\u00e4hlen Sie eine Plattform&#8230;<\/h3>\n<p>Geben Sie ein Schl\u00fcsselwort oder eine Schl\u00fcsselphrase ein, w\u00e4hlen Sie eine Plattform (Google, Google News, Google Shopping, YouTube, Google Images, Yahoo, Bing, Wikipedia oder Fiverr), w\u00e4hlen Sie das Land und die Sprache aus und klicken Sie dann auf die Schaltfl\u00e4che \u201eVorschl\u00e4ge erhalten\u201c.<\/p>\n<div class=\"content__img-wrap\"><img src=\"https:\/\/sitechecker.pro\/wp-content\/uploads\/2025\/02\/keyword-suggestion-tool-seo-ppc.png\" alt=\"Keyword Suggestion Tool for SEO PPC\" class=\"description-img description-img-zoom\" loading=\"lazy\" ><\/div>\n<h3>Schritt 2: Erhalten Sie die Ergebnisse<\/h3>\n<p>Das Tool bietet eine Liste relevanter Schl\u00fcsselphrasen sowie Kennzahlen wie Suchvolumen, Trends, CPC und Anzeigenwettbewerb und erm\u00f6glicht so datengesteuerte SEO- und Marketingentscheidungen.<\/p>\n<div class=\"content__img-wrap\"><img src=\"https:\/\/sitechecker.pro\/wp-content\/uploads\/2025\/02\/suggestions-results.png\" alt=\"Suggestions Results\" class=\"description-img description-img-zoom\" loading=\"lazy\" ><\/div>\n<p>Das linke Panel organisiert Keyword-Vorschl\u00e4ge in Clustern und gruppiert sie nach ihrer Verbindung zur prim\u00e4ren Abfrage, was es zu einem leistungsstarken Tool zur Keyword-Gruppierung macht.<\/p>\n<p>Das Tool bietet auch wichtige Kennzahlen wie Suchvolumen, Trends, CPC und Anzeigenwettbewerb. Sie k\u00f6nnen bestimmte Schl\u00fcsselphrasen ausw\u00e4hlen und sie dem <a href=\"https:\/\/sitechecker.pro\/rank-tracker\/\" target=\"_blank\" rel=\"noopener noreferrer\">Rank Tracker<\/a> f\u00fcr eine eingehende \u00dcberwachung und strategische Planung hinzuf\u00fcgen. Um den Zugriff auf diese Daten freizuschalten, ist eine kostenlose Testversion erforderlich.<\/p>\n<div class=\"content__img-wrap\"><img src=\"https:\/\/sitechecker.pro\/wp-content\/uploads\/2025\/02\/suggestions-metrics.png\" alt=\"Suggestions Metrics\" class=\"description-img description-img-zoom\" loading=\"lazy\" ><\/div>\n<div class=\"important-block\">Um Ergebnisse zu erhalten und 14 Tage lang auf die Funktionen von Sitechecker zuzugreifen, starten Sie Ihre KOSTENLOSE Testversion. Die Anmeldung erfolgt ganz einfach mit Ihrem E-Mail-, Google- oder Facebook-Konto. Es ist keine Kreditkarte erforderlich.<\/div>\n<h2 id=\"par3\">Beginnen Sie mit der Verfolgung relevanter Keywords<\/h2>\n<p>Beginnen Sie mit der \u00dcberwachung relevanter Inhaltsthemen, indem Sie die interessanten ausw\u00e4hlen und sie mit nur einem Klick zum Rank Tracker hinzuf\u00fcgen.<\/p>\n<div class=\"content__img-wrap\"><img src=\"https:\/\/sitechecker.pro\/wp-content\/uploads\/2025\/02\/add-to-rank-tracker.png\" alt=\"Zum Rank Tracker hinzuf\u00fcgen\" class=\"description-img description-img-zoom\" loading=\"lazy\" ><\/div>\n<p>Sie k\u00f6nnen Schl\u00fcsselphrasen gruppieren und sie zum Rank Tracker hinzuf\u00fcgen, um eine umfassende \u00dcberwachung und Analyse zu erm\u00f6glichen.<\/p>\n<div class=\"content__img-wrap\"><img src=\"https:\/\/sitechecker.pro\/wp-content\/uploads\/2025\/02\/add-to-rank-tracker-settings.png\" alt=\"Zu Rank Tracker-Einstellungen hinzuf\u00fcgen\" class=\"description-img description-img-zoom\" loading=\"lazy\" ><\/div>\n<p>Hier k\u00f6nnen Sie Ihre bevorzugte Suchmaschine, Ihr Ger\u00e4t, Ihr Land und Ihre Region ausw\u00e4hlen.<\/p>\n<p>Klicken Sie nach Abschluss der Einrichtung auf \u201eZu Rank Tracker hinzuf\u00fcgen\u201c.<\/p>\n<p>Verwenden Sie die Funktion \u201eKeywords verwalten\u201c, um Keywords in Kategorien zu organisieren und sie bestimmten Seiten zuzuordnen, was Ihre Werbestrategie vereinfacht.<\/p>\n<div class=\"content__img-wrap\"><img src=\"https:\/\/sitechecker.pro\/wp-content\/uploads\/2025\/02\/manage-keywords.png\" alt=\"Keywords verwalten\" class=\"description-img description-img-zoom\" loading=\"lazy\" ><\/div>\n<p>Der Keyword Finder bietet eine individuelle Verfolgung von Themenideen basierend auf Ger\u00e4t und Standort und bietet wertvolle Einblicke in Rankings und die Leistung der Konkurrenz. Mit Funktionen wie Sichtbarkeitsbewertungen, Indexierungs\u00fcberwachung und SEO-Trendanalyse unterst\u00fctzt er die Strategieoptimierung. Dar\u00fcber hinaus lassen sich seine anpassbaren Berichtsfunktionen nahtlos mit Kampagnenpl\u00e4nen abstimmen.<\/p>\n<div class=\"content__img-wrap\"><img src=\"https:\/\/sitechecker.pro\/wp-content\/uploads\/2025\/02\/rank-tracker-dashboard.png\" alt=\"Rank Tracker Dashboard\" class=\"description-img description-img-zoom\" loading=\"lazy\" ><\/div>\n<h2 id=\"par4\">Abschlie\u00dfende Idee<\/h2>\n<p>Das Keyword-Vorschlagstool generiert relevante Keyword-Ideen f\u00fcr SEO, PPC und E-Commerce unter Verwendung von Daten von Plattformen wie Google, Bing und Amazon. Es bietet Keyword-Gruppierung, Leistungsverfolgung und anpassbare Berichte, die Benutzern helfen, Rankings zu verbessern, Inhalte zu optimieren und Online-Erfolg zu erzielen.<\/p>","protected":false},"excerpt":{"rendered":"Was ist ein professionelles Keyword-Vorschlagstool? Das Keyword-Vorschlagstool von Sitechecker ist eine kostenlose Online-Ressource, die relevante Keyword-Ideen generiert, indem sie Daten von Plattformen wie Google, Bing, Google Images, News, Shopping, Yahoo, Wikipedia, YouTube, Amazon, eBay und Fiverr nutzt. Es hilft Benutzern, Long-Tail-Keywords zu entdecken, Inhalte zu optimieren und die Sichtbarkeit und den Verkehr f\u00fcr Websites, Videos&#8230;","protected":false},"author":10409641,"featured_media":0,"parent":0,"menu_order":0,"comment_status":"closed","ping_status":"closed","template":"pages-templates\/pages-minitools.php","meta":[],"categories":[71],"tags":[],"_links":{"self":[{"href":"https:\/\/sitechecker.pro\/de\/wp-json\/wp\/v2\/pages\/24950"}],"collection":[{"href":"https:\/\/sitechecker.pro\/de\/wp-json\/wp\/v2\/pages"}],"about":[{"href":"https:\/\/sitechecker.pro\/de\/wp-json\/wp\/v2\/types\/page"}],"author":[{"embeddable":true,"href":"https:\/\/sitechecker.pro\/de\/wp-json\/wp\/v2\/users\/10409641"}],"replies":[{"embeddable":true,"href":"https:\/\/sitechecker.pro\/de\/wp-json\/wp\/v2\/comments?post=24950"}],"version-history":[{"count":66,"href":"https:\/\/sitechecker.pro\/de\/wp-json\/wp\/v2\/pages\/24950\/revisions"}],"predecessor-version":[{"id":35749,"href":"https:\/\/sitechecker.pro\/de\/wp-json\/wp\/v2\/pages\/24950\/revisions\/35749"}],"wp:attachment":[{"href":"https:\/\/sitechecker.pro\/de\/wp-json\/wp\/v2\/media?parent=24950"}],"wp:term":[{"taxonomy":"category","embeddable":true,"href":"https:\/\/sitechecker.pro\/de\/wp-json\/wp\/v2\/categories?post=24950"},{"taxonomy":"post_tag","embeddable":true,"href":"https:\/\/sitechecker.pro\/de\/wp-json\/wp\/v2\/tags?post=24950"}],"curies":[{"name":"wp","href":"https:\/\/api.w.org\/{rel}","templated":true}]}}