{"id":24925,"date":"2023-07-07T15:25:10","date_gmt":"2023-07-07T15:25:10","guid":{"rendered":"https:\/\/sitechecker.pro\/?page_id=24925"},"modified":"2026-02-19T14:42:20","modified_gmt":"2026-02-19T14:42:20","slug":"419-error-page-expired-%f0%9f%93%96-fix","status":"publish","type":"page","link":"https:\/\/sitechecker.pro\/de\/what-is-419-status-code\/","title":{"rendered":"Was ist der 419 Status Code \u201ePage Expired\u201c Error \ud83d\udcd6 Wie kann man ihn beheben?"},"content":{"rendered":"<p><\/p>\n<h2 id=\"par1\">Was ist der HTTP-Statuscode 419?<\/h2>\n<p>Der Statuscode 419 ist ein Client-Fehlercode, der angibt, dass die Anfrage fehlgeschlagen ist, weil die <strong>Sitzung abgelaufen ist<\/strong>. Dies kann passieren, wenn der Benutzer zu lange inaktiv war oder wenn seine Sitzung auf der Serverseite beendet wurde. Der Statuscode 419 kann auch durch einen Post-Fehler im Zusammenhang mit der Datei api.php und der Token-Autorisierung verursacht werden.<\/p>\n<p>Der HTTP-Statuscode 419 ist in den HTTP-Standards der <a href=\"https:\/\/www.ietf.org\/\" target=\"_blank\" rel=\"nofollow noopener noreferrer\">Internet Engineering Task Force (IETF)<\/a> nicht offiziell definiert. Die Codes im Bereich <a href=\"https:\/\/sitechecker.pro\/what-are-4xx-status-codes\/\" target=\"_blank\" rel=\"noopener noreferrer\">4xx<\/a> stellen im Allgemeinen Clientfehler dar, bei denen die Anfrage aufgrund eines Problems mit der Clientanfrage nicht erf\u00fcllt werden kann.<\/p>\n<p>Einige Webanwendungen, insbesondere das Laravel-Webframework, verwenden jedoch den HTTP-Statuscode 419, um \u201eSeite abgelaufen\u201c oder \u201eCSRF-Token stimmt nicht \u00fcberein\u201c anzuzeigen. In diesem Zusammenhang wird er normalerweise verwendet, um anzuzeigen, dass das CSRF-Token (<a href=\"https:\/\/owasp.org\/www-community\/attacks\/csrf\" target=\"_blank\" rel=\"nofollow noopener noreferrer\">Cross-Site Request Forgery<\/a>), das mit einer POST-Daten\u00fcbermittlung verkn\u00fcpft ist, abgelaufen oder ung\u00fcltig ist. Dies kann daran liegen, dass der Benutzer zu lange zum Ausf\u00fcllen eines Formulars braucht, eine Seite vor der \u00dcbermittlung aktualisiert wird oder ein Problem mit der Serversitzung vorliegt.<\/p>\n<p>Bitte beachten Sie, dass die Verwendung des HTTP-Statuscodes 419 je nach Server oder Webanwendung unterschiedlich sein kann, da es sich nicht um einen offiziell anerkannten HTTP-Statuscode handelt. Genaue Definitionen finden Sie immer in der Dokumentation Ihres spezifischen Servers oder Ihrer Anwendung. Sehen Sie sich f\u00fcr ein klares Verst\u00e4ndnis unsere kurze Videoanleitung an.<\/p>\n<p><iframe width=\"700\" height=\"350\" src=\"https:\/\/www.youtube.com\/embed\/umLTP8d8HaI?si=H4TfpxUu7Kvw0HMW\" title=\"YouTube-Videoplayer\" frameborder=\"0\" allow=\"accelerometer; autoplay; clipboard-write; encrypted-media; gyroscope; picture-in-picture; web-share\" allowfullscreen><\/iframe><\/p>\n<h2 id=\"par2\">Auswirkungen des Statuscodes 419 auf SEO<\/h2>\n<p>Wenn es um den HTTP-Statuscode 419 und seine Auswirkungen auf SEO geht, ist es wichtig, sich daran zu erinnern, dass es sich um einen inoffiziellen Statuscode handelt und er sich oft auf Sitzungs- oder Token-bezogene Probleme bezieht.<\/p>\n<p>Die Auswirkungen auf SEO sind also m\u00f6glicherweise nicht so eindeutig wie bei anderen offiziell anerkannten Statuscodes. Wir k\u00f6nnen jedoch einige fundierte Annahmen anhand seiner Verwendung treffen.<\/p>\n<table class=\"table-classic\">\n<tbody>\n<tr>\n<td><strong>Crawlbarkeit und Indexierbarkeit<\/strong><\/td>\n<td style=\"text-align: left;\">Suchmaschinen wie Google verwenden Webcrawler, auch Bots oder Spider genannt, um Webseiten zu entdecken und zu indexieren. Wenn ein Crawler auf einen 419-Statuscode st\u00f6\u00dft, k\u00f6nnte er dies als ein Problem mit der Erreichbarkeit der Seite interpretieren.<br \/>\nWenn dies h\u00e4ufig vorkommt, k\u00f6nnte die Seite m\u00f6glicherweise deindexiert werden, was bedeutet, dass sie nicht in den Suchergebnissen erscheint.<\/td>\n<\/tr>\n<tr>\n<td><strong>Benutzererfahrung<\/strong><\/td>\n<td style=\"text-align: left;\">Bei SEO geht es nicht nur um Bots, sondern auch um Benutzer. Wenn menschliche Benutzer h\u00e4ufig auf 419-Statuscodes (\u201eSeite abgelaufen\u201c) sto\u00dfen, kann dies zu einer schlechten Benutzererfahrung f\u00fchren. Benutzer k\u00f6nnten Ihre Site aus Frustration verlassen, was zu h\u00f6heren Absprungraten f\u00fchrt.<br \/>\nSuchmaschinen ber\u00fccksichtigen Signale des Nutzerverhaltens, sodass eine schlechte Benutzererfahrung die SEO Ihrer Site indirekt beeintr\u00e4chtigen kann.<\/td>\n<\/tr>\n<tr>\n<td><strong>Site-Qualit\u00e4t<\/strong><\/td>\n<td style=\"text-align: left;\">H\u00e4ufige 419-Fehler k\u00f6nnen als Zeichen f\u00fcr schlechte Site-Qualit\u00e4t oder -Wartung angesehen werden.<br \/>\nWenn Ihre Website viele Seiten mit 419-Fehlern enth\u00e4lt, k\u00f6nnte dies m\u00f6glicherweise den Ruf Ihrer Website in den Augen der Suchmaschinen sch\u00e4digen und sich negativ auf Ihre SEO auswirken.<\/td>\n<\/tr>\n<tr>\n<td><strong><a href=\"https:\/\/sitechecker.pro\/what-is-link-equity\/\" target=\"_blank\" rel=\"noopener noreferrer\">Link Equity<\/a><\/strong><\/td>\n<td style=\"text-align: left;\">SEO h\u00e4ngt auch stark vom Konzept der Link Equity ab (der Wert, der von <a href=\"https:\/\/sitechecker.pro\/link-juice\/\" target=\"_blank\" rel=\"noopener noreferrer\">einer Seite \u00fcber Links an eine andere weitergegeben wird<\/a>).<br \/>\nWenn die Links auf Ihrer Site zu Seiten f\u00fchren, die den Status 419 zur\u00fcckgeben, kann dies den Fluss der Link-Equity unterbrechen und m\u00f6glicherweise den Wert der verlinkten Seite in den Augen der Suchmaschinen mindern.<\/td>\n<\/tr>\n<tr>\n<td><strong>Sitzungsbasierter Inhalt<\/strong><\/td>\n<td style=\"text-align: left;\">Da der Statuscode 419 h\u00e4ufig mit abgelaufenen Sitzungen oder <a href=\"https:\/\/www.synopsys.com\/glossary\/what-is-csrf.html\" target=\"_blank\" rel=\"nofollow noopener noreferrer\">CSRF-Problemen<\/a> zusammenh\u00e4ngt, k\u00f6nnte es sein, dass Inhalte, die stark von Sitzungen abh\u00e4ngen, f\u00fcr Suchmaschinen-Bots nicht leicht zug\u00e4nglich oder indexierbar sind.<br \/>\nDies liegt daran, dass Suchmaschinen-Bots Sitzungen nicht wie ein typischer Benutzer aufrechterhalten, der mit einem Webbrowser surft.<\/td>\n<\/tr>\n<\/tbody>\n<\/table>\n<p>Denken Sie daran, dass die tats\u00e4chlichen Auswirkungen stark variieren k\u00f6nnen, je nachdem, wie Suchmaschinen diesen nicht standardm\u00e4\u00dfigen Statuscode behandeln und wie Ihre spezifische Website eingerichtet ist. Es ist immer eine gute Praxis, potenzielle Fehler, einschlie\u00dflich 419, zu minimieren, um sicherzustellen, dass Ihre Website weiterhin leicht gecrawlt werden kann und eine gute Benutzererfahrung bietet.<\/p>\n<h2 id=\"par3\">Probleme mit Statuscode 419 erkennen<\/h2>\n<p>Das Erkennen von Problemen mit HTTP-Statuscode 419 ist ein Prozess, der mehrere Strategien umfasst, darunter Serverprotokollanalyse, die Verwendung von SEO-Tools und in einigen F\u00e4llen manuelle Tests.<\/p>\n<p>Beginnen Sie mit der Untersuchung Ihrer Serverprotokolle. Diese Protokolle sind in der Regel eine Goldgrube an Informationen, einschlie\u00dflich der HTTP-Statuscodes, die Ihr Server als Antwort auf Anfragen sendet. Um auf diese Protokolle zuzugreifen, m\u00fcssen Sie m\u00f6glicherweise Ihren Webhost oder Serveradministrator kontaktieren, wenn Sie keinen direkten Zugriff haben.<\/p>\n<p>Ein weiterer n\u00fctzlicher Ansatz ist das Crawlen von Websites. Mehrere Tools, wie beispielsweise <a href=\"https:\/\/sitechecker.pro\/http-status-codes\/\" target=\"_blank\" rel=\"noopener noreferrer\">HTTP Status Code Checker<\/a>, crawlen Ihre Website auf \u00e4hnliche Weise wie Suchmaschinen-Bots. Diese Tools k\u00f6nnen so eingerichtet werden, dass sie Ihre Website crawlen und alle Seiten melden, die 4xx-Statuscodes zur\u00fcckgegeben haben.<\/p>\n<p>Die Google Search Console ist ein weiteres wertvolles Tool in Ihrem Arsenal. Dabei handelt es sich um einen kostenlosen Dienst von Google, der Ihnen zeigen kann, wie die Suchmaschine mit Ihrer Website interagiert. Der Abdeckungsbericht enth\u00e4lt Informationen zu Seiten auf Ihrer Website, auf die Google nicht zugreifen konnte, darunter auch solche, die 4xx-Statuscodes zur\u00fcckgegeben haben.<\/p>\n<p>F\u00fcr Websites, die h\u00e4ufig Sitzungen oder CSRF-Token verwenden, k\u00f6nnen manuelle Tests erforderlich sein. Ein Beispiel hierf\u00fcr k\u00f6nnte sein, eine Formularseite vor dem Absenden l\u00e4ngere Zeit ge\u00f6ffnet zu lassen, um zu sehen, ob Sie ein 419-Problem reproduzieren k\u00f6nnen.<\/p>\n<p>Abh\u00e4ngig von der Architektur Ihrer Website k\u00f6nnen auch Sicherheitsscanner f\u00fcr Webanwendungen wie <a href=\"https:\/\/owasp.org\/www-project-zap\/\" target=\"_blank\" rel=\"nofollow noopener noreferrer\">OWASP ZAP<\/a> oder <a href=\"https:\/\/www.acunetix.com\/\" target=\"_blank\" rel=\"nofollow noopener noreferrer\">Acunetix<\/a> hilfreich sein. Dar\u00fcber hinaus k\u00f6nnen Browser-Entwicklertools, die mit modernen Webbrowsern geliefert werden, verwendet werden, um die Netzwerkaktivit\u00e4t zu \u00fcberpr\u00fcfen. So k\u00f6nnen Sie die Statuscodes sehen, die vom Server als Antwort auf Anfragen zur\u00fcckgegeben werden.<\/p>\n<p>Die regelm\u00e4\u00dfige \u00dcberwachung Ihrer Website auf Fehler, einschlie\u00dflich 419-Statuscodes, ist entscheidend. Sie k\u00f6nnen sich negativ auf die Benutzererfahrung und SEO auswirken. Die umgehende Behebung dieser Probleme, sobald sie auftreten, tr\u00e4gt dazu bei, die allgemeine Gesundheit Ihrer Website und ihre Leistung in den Suchmaschinenergebnissen aufrechtzuerhalten.<\/p>\n<h2 id=\"par4\">H\u00e4ufige Probleme mit dem Statuscode 419 und wie man sie behebt<\/h2>\n<p>Der HTTP-Statuscode 419 ist zwar nicht offiziell anerkannt, wird aber h\u00e4ufig verwendet, um Probleme im Zusammenhang mit Sitzungstimeouts oder Cross-Site Request Forgery (CSRF)-Token-Fehlpaarungen anzuzeigen. Dieser Statuscode kann sich sowohl negativ auf die Benutzererfahrung als auch auf die SEO-Leistung einer Website auswirken.<\/p>\n<p>Das Verst\u00e4ndnis der h\u00e4ufigsten Gr\u00fcnde f\u00fcr einen 419-Fehler und wie man sie behebt, ist daher entscheidend f\u00fcr die Aufrechterhaltung einer effektiven Webpr\u00e4senz. Lassen Sie uns einige der h\u00e4ufigsten Probleme untersuchen, die zu diesem Fehler f\u00fchren, und wie Sie sie beheben k\u00f6nnen.<\/p>\n<h3>Sitzungstimeout<\/h3>\n<p>Einer der h\u00e4ufigsten Gr\u00fcnde f\u00fcr einen 419-Fehlercode ist ein Sitzungstimeout, das auftreten kann, wenn ein Benutzer \u00fcber einen l\u00e4ngeren Zeitraum inaktiv ist oder wenn ein Sitzungstoken abl\u00e4uft.<\/p>\n<div class=\"highlight-block\">Stellen Sie sicher, dass die Einstellungen f\u00fcr die Sitzungslebensdauer auf Ihrem Server so konfiguriert sind, dass sie dem erwarteten Benutzerverhalten auf Ihrer Website entsprechen. Wenn Ihre Website beispielsweise lange Formulare enth\u00e4lt, m\u00f6chten Sie m\u00f6glicherweise die Dauer des Sitzungstimeouts verl\u00e4ngern. Erw\u00e4gen Sie au\u00dferdem die Implementierung von Mechanismen zur automatischen Verl\u00e4ngerung der Sitzung oder zur Warnung des Benutzers vor dem Sitzungstimeout.<\/div>\n<h3>CSRF-Token-Fehlanpassung<\/h3>\n<p>In Anwendungen wie Laravel weist ein Statuscode 419 h\u00e4ufig auf eine Cross-Site Request Forgery (CSRF)-Token-Fehlanpassung hin. Dies kann aufgrund eines Sitzungstimeouts oder wenn das Token nicht ordnungsgem\u00e4\u00df in die Formular\u00fcbermittlung einbezogen wird, auftreten.<\/p>\n<div class=\"highlight-block\">\u00dcberpr\u00fcfen Sie zun\u00e4chst, ob Ihre Anwendung CSRF-Token bei jeder Formular\u00fcbermittlung korrekt generiert und einbezieht. Wenn das Problem darin besteht, dass Sitzungstimeouts dazu f\u00fchren, dass das CSRF-Token abl\u00e4uft, sollten Sie die Dauer des Sitzungstimeouts verl\u00e4ngern oder einen Mechanismus implementieren, um das Token zu aktualisieren, ohne dass die Seite vollst\u00e4ndig neu geladen werden muss.<\/div>\n<h3>Konfigurationsfehler beim Lastenausgleich<\/h3>\n<p>Wenn Ihre Anwendung mithilfe eines Lastenausgleichs auf mehreren Servern bereitgestellt wird, kann die Sitzung des Benutzers ung\u00fcltig werden, wenn nachfolgende Anfragen an verschiedene Server weitergeleitet werden.<\/p>\n<div class=\"highlight-block\">Implementieren Sie Sticky Sessions auf Ihrem Lastenausgleich, um sicherzustellen, dass alle nachfolgenden Anfragen eines Benutzers an denselben Server gesendet werden, sobald dieser einem Server zugewiesen wurde. Alternativ k\u00f6nnen Sie eine gemeinsam genutzte Sitzungsspeicherl\u00f6sung in Betracht ziehen, bei der die Sitzungsdaten f\u00fcr alle Server zug\u00e4nglich sind.<\/div>\n<h3>Ineffizienter Code<\/h3>\n<p>Manchmal kann schlecht optimierter Code zu unerwarteten 419-Fehlern f\u00fchren. Wenn Ihre Anwendung Anfragen langsamer verarbeitet als das Sitzungstimeout-Limit, kann dies zu Website-Fehlern f\u00fchren.<\/p>\n<div class=\"highlight-block\">\u00dcberpr\u00fcfen Sie den Code Ihrer Anwendung auf Engp\u00e4sse oder Ineffizienzen und optimieren Sie ihn bei Bedarf. Sie sollten auch eine Verl\u00e4ngerung der Sitzungs-Timeout-Dauer in Betracht ziehen, obwohl dies keine langfristige L\u00f6sung f\u00fcr ineffizienten Code sein sollte.<\/div>\n<p style=\"margin-top: 3%;\">Um 419-Fehler zu verhindern, ist es wichtig, Ihre Serverprotokolle und die Integrit\u00e4t Ihrer Website regelm\u00e4\u00dfig zu \u00fcberwachen, die <a href=\"https:\/\/sitechecker.pro\/pages-per-session-metric\/\" target=\"_blank\" rel=\"noopener noreferrer\">Sitzungsverwaltung<\/a> genau im Auge zu behalten und sicherzustellen, dass Ihre Servereinstellungen den Anforderungen und dem Benutzerverhalten Ihrer Website entsprechen.<\/p>\n<h2 id=\"par5\">419-HTTP-Statuscode-Probleme mit dem HTTP-Statuscode-Checker erkennen<\/h2>\n<div class=\"content__img-wrap\"><img src=\"https:\/\/sitechecker.pro\/wp-content\/uploads\/2023\/06\/http-status-code-checker.png\" alt=\"Http Status Code Checker\" class=\"description-img description-img-zoom\" loading=\"lazy\" ><\/div>\n<p><a href=\"https:\/\/sitechecker.pro\/http-status-codes\/\" target=\"_blank\" rel=\"noopener noreferrer\">HTTP Status Codes Checker<\/a> ist ein SEO-Dienst, der verschiedene Tools zur \u00dcberwachung und Verbesserung der Leistung Ihrer Website bietet. Zu seinen Funktionen geh\u00f6rt ein HTTP-Statuscode-Checker, der Ihnen dabei helfen kann, Probleme wie 419-Fehler auf Ihrer Website zu erkennen.<\/p>\n<p>Wenn Sie eine Website-Analyse mit Sitechecker.pro durchf\u00fchren, durchsucht es Ihre Website wie ein Suchmaschinen-Bot. Es sendet Anfragen an jede URL und zeichnet die von Ihrem Server zur\u00fcckgegebenen HTTP-Statuscodes auf. Wenn 419-Statuscodes zur\u00fcckgegeben werden, k\u00f6nnen Sie sie mit diesem Tool erkennen.<\/p>\n<p>Die regelm\u00e4\u00dfige Verwendung von Sitechecker.pro f\u00fcr Ihre Website-Audits kann Ihnen dabei helfen, 419-Fehler zu erkennen und auch deren L\u00f6sung zu \u00fcberwachen. Indem Sie diese Fehler fr\u00fchzeitig erkennen und umgehend beheben, k\u00f6nnen Sie sowohl die Benutzererfahrung auf Ihrer Website als auch ihre Leistung in den Suchmaschinen-Rankings verbessern.<\/p>\n<h2 id=\"par6\">Fazit<\/h2>\n<p>Der HTTP-Statuscode 419 ist zwar inoffiziell, wird aber h\u00e4ufig bei Sitzungstimeouts oder CSRF-Token-Fehlpaarungen verwendet. Sein Auftreten kann die SEO-Leistung einer Website erheblich beeintr\u00e4chtigen und sich auf die Crawlbarkeit, die Benutzererfahrung, die Website-Qualit\u00e4t und die Link-Equity auswirken. Tools wie Sitechecker.pro sind hilfreich beim Erkennen und Beheben dieser Fehler und verbessern die Benutzererfahrung und die Suchmaschinenleistung der Website.<\/p>\n<p>H\u00e4ufige Ursachen f\u00fcr 419-Fehler wie Sitzungstimeouts, CSRF-Token-Fehlpaarungen, Konfigurationsfehler beim Lastenausgleich und ineffizienter Code k\u00f6nnen durch die Einf\u00fchrung geeigneter Ma\u00dfnahmen behoben werden. Regelm\u00e4\u00dfiges Monitoring, die Verwendung zuverl\u00e4ssiger SEO-Tools und die Sicherstellung einer ordnungsgem\u00e4\u00dfen Codeoptimierung k\u00f6nnen die Leistung Ihrer Website erheblich verbessern und eine effektive Online-Pr\u00e4senz aufrechterhalten.<\/p>\n<div id=\"par7\"><\/div>\n<p><div class=\"front__faq-block\"><div class=\"faq__block-title\">FAQ<\/div><div class=\"panel-group\" id=\"faq-accordion\" itemscope itemtype=\"https:\/\/schema.org\/FAQPage\" role=\"tablist\" aria-multiselectable=\"true\"><div class=\"panel\" itemscope itemtype=\"https:\/\/schema.org\/Question\" itemprop=\"mainEntity\">\n                            <div class=\"panel-heading\" id=\"headingFaq-1\">\n                                <div class=\"panel-title\" data-toggle=\"collapse\" aria-expanded=\"false\" href=\"#collapseFaq-1\">\n                                    <h3 itemprop=\"name\">Wie behebe ich Fehler 419?<\/h3>\n                                <\/div>\n                            <\/div>\n                            <div id=\"collapseFaq-1\" class=\"panel-collapse collapse\" itemprop=\"acceptedAnswer\" itemscope itemtype=\"http:\/\/schema.org\/Answer\">\n                                <div class=\"panel-body\" itemprop=\"text\">Um einen 419-Fehler zu beheben, pr\u00fcfen Sie, ob Sitzungstimeouts vorliegen, und passen Sie bei Bedarf die Einstellungen f\u00fcr die Sitzungslebensdauer an. Stellen Sie sicher, dass CSRF-Token korrekt generiert und in Formular\u00fcbermittlungen einbezogen werden. Wenn Ihre Website einen Load Balancer verwendet, konfigurieren Sie ihn f\u00fcr die Verwendung von Sticky Sessions oder implementieren Sie einen gemeinsam genutzten Sitzungsspeicher. Optimieren Sie au\u00dferdem Ihren Code, um langsame Serverantworten zu vermeiden.<\/div>\n                            <\/div>\n                        <\/div><div class=\"panel\" itemscope itemtype=\"https:\/\/schema.org\/Question\" itemprop=\"mainEntity\">\n                            <div class=\"panel-heading\" id=\"headingFaq-2\">\n                                <div class=\"panel-title\" data-toggle=\"collapse\" aria-expanded=\"false\" href=\"#collapseFaq-2\">\n                                    <h3 itemprop=\"name\">Was ist Fehler 419 im CSRF-Token?<\/h3>\n                                <\/div>\n                            <\/div>\n                            <div id=\"collapseFaq-2\" class=\"panel-collapse collapse\" itemprop=\"acceptedAnswer\" itemscope itemtype=\"http:\/\/schema.org\/Answer\">\n                                <div class=\"panel-body\" itemprop=\"text\">Fehler 419 in einem CSRF-Token bedeutet normalerweise, dass es eine Nicht\u00fcbereinstimmung zwischen dem von Ihrer Webanwendung erwarteten Token und dem empfangenen Token gibt. Dies kann passieren, wenn das Token abgelaufen ist (h\u00e4ufig aufgrund eines Sitzungstimeouts) oder wenn das Token nicht ordnungsgem\u00e4\u00df in die Formular\u00fcbermittlung einbezogen wurde.<\/div>\n                            <\/div>\n                        <\/div><div class=\"panel\" itemscope itemtype=\"https:\/\/schema.org\/Question\" itemprop=\"mainEntity\">\n                            <div class=\"panel-heading\" id=\"headingFaq-3\">\n                                <div class=\"panel-title\" data-toggle=\"collapse\" aria-expanded=\"false\" href=\"#collapseFaq-3\">\n                                    <h3 itemprop=\"name\">Wie verhindere ich den 419-Fehler in Laravel?<\/h3>\n                                <\/div>\n                            <\/div>\n                            <div id=\"collapseFaq-3\" class=\"panel-collapse collapse\" itemprop=\"acceptedAnswer\" itemscope itemtype=\"http:\/\/schema.org\/Answer\">\n                                <div class=\"panel-body\" itemprop=\"text\">Um einen 419-Fehler in Laravel zu verhindern, muss sichergestellt werden, dass CSRF-Token korrekt generiert und in jedes Formular einbezogen werden. Stellen Sie sicher, dass die Sitzungslebensdauer in der Sitzungskonfigurationsdatei von Laravel entsprechend eingestellt ist. Wenn Ihre Anwendung einen Load Balancer verwendet, implementieren Sie Sticky Sessions oder eine gemeinsam genutzte Sitzungsspeicherl\u00f6sung. Optimieren Sie au\u00dferdem regelm\u00e4\u00dfig den Code Ihrer Anwendung, um die Leistung zu verbessern.<\/div>\n                            <\/div>\n                        <\/div><\/div><\/div><\/p>","protected":false},"excerpt":{"rendered":"Was ist der HTTP-Statuscode 419? Der Statuscode 419 ist ein Client-Fehlercode, der angibt, dass die Anfrage fehlgeschlagen ist, weil die Sitzung abgelaufen ist. Dies kann passieren, wenn der Benutzer zu lange inaktiv war oder wenn seine Sitzung auf der Serverseite beendet wurde. Der Statuscode 419 kann auch durch einen Post-Fehler im Zusammenhang mit der Datei&#8230;","protected":false},"author":10409641,"featured_media":24926,"parent":0,"menu_order":0,"comment_status":"closed","ping_status":"closed","template":"pages-templates\/pages-v2.php","meta":[],"categories":[27],"tags":[],"_links":{"self":[{"href":"https:\/\/sitechecker.pro\/de\/wp-json\/wp\/v2\/pages\/24925"}],"collection":[{"href":"https:\/\/sitechecker.pro\/de\/wp-json\/wp\/v2\/pages"}],"about":[{"href":"https:\/\/sitechecker.pro\/de\/wp-json\/wp\/v2\/types\/page"}],"author":[{"embeddable":true,"href":"https:\/\/sitechecker.pro\/de\/wp-json\/wp\/v2\/users\/10409641"}],"replies":[{"embeddable":true,"href":"https:\/\/sitechecker.pro\/de\/wp-json\/wp\/v2\/comments?post=24925"}],"version-history":[{"count":13,"href":"https:\/\/sitechecker.pro\/de\/wp-json\/wp\/v2\/pages\/24925\/revisions"}],"predecessor-version":[{"id":39357,"href":"https:\/\/sitechecker.pro\/de\/wp-json\/wp\/v2\/pages\/24925\/revisions\/39357"}],"wp:featuredmedia":[{"embeddable":true,"href":"https:\/\/sitechecker.pro\/de\/wp-json\/wp\/v2\/media\/24926"}],"wp:attachment":[{"href":"https:\/\/sitechecker.pro\/de\/wp-json\/wp\/v2\/media?parent=24925"}],"wp:term":[{"taxonomy":"category","embeddable":true,"href":"https:\/\/sitechecker.pro\/de\/wp-json\/wp\/v2\/categories?post=24925"},{"taxonomy":"post_tag","embeddable":true,"href":"https:\/\/sitechecker.pro\/de\/wp-json\/wp\/v2\/tags?post=24925"}],"curies":[{"name":"wp","href":"https:\/\/api.w.org\/{rel}","templated":true}]}}