{"id":2487,"date":"2023-05-04T14:21:04","date_gmt":"2023-05-04T14:21:04","guid":{"rendered":"https:\/\/sitechecker.pro\/?page_id=2487"},"modified":"2024-11-26T19:24:24","modified_gmt":"2024-11-26T19:24:24","slug":"nofollow-links","status":"publish","type":"page","link":"https:\/\/sitechecker.pro\/de\/nofollow-links\/","title":{"rendered":"Den Links folgen oder nicht: Sollten wir Acht darauf geben?"},"content":{"rendered":"<p><\/p>\n<h2 id=\"follow\">Was ist ein Follow Link?<\/h2>\n<p>&nbsp;<\/p>\n<p>Um wirklich zu verstehen, was neu an der Thematik der Follow- bzw. Nofollow-Links ist, m\u00fcssen wir ein wenig Grundwissen \u00fcber die h\u00e4ufigsten Verbindungs-Funktionen auf dem Gebiet von SEO vermitteln. An dem Punkt, wenn eine Seite einen einzigartigen Link bekommt, das ist ein Hyperlink, der diese Seite vermittelt, bekommt diese Seite ein wenig SEO-Hilfe. Denken Sie an einen einzigartigen Link als nur ein Punkt, und je mehr Verbindungen Sie haben, desto mehr Punkte haben Sie.<\/p>\n<p>Google beobachtet diese Punkte und ber\u00fccksichtigt, wie viele eine Backlinks Seite hat und auch von welchen Destinationen. Google stellt fest, dass wenn viele Menschen zu einer bestimmten Seite verbinden, es eine gro\u00dfartige sein muss! Wenn wir unseren Websuchtools zeigen dass andere Seiten mit vergleichbarem Inhalt weniger begehrt sind, zeugt das davon, dass unsere unbestritten genial und absolut perfekt ist und Websuchkunden tolle Seiten vorfinden werden.<\/p>\n<p>Google hat eine Metrik erzeugt, die sie PageRank nennt, um den Link-Fokus zu bewerten. Viele SEO-Menschen tendieren dazu, den Link-Fokus als \u201eLink Juice\u201c einzustufen. Das f\u00fchrt durch die Zielwebsite und hin zu neuen Hyperlins. Je vertrauensw\u00fcrdiger die Site, desto gr\u00f6\u00dfer die Zunahme des Link-Juice der verbundenen Seiten. Eine Verbindung von der New York Times beispielsweise oder von BBC ist absolut wunderbar!<\/p>\n<p>Bislang k\u00f6nnen wir einen Follow Link charakterisieren \u2013 es sind Links, die Punkte bringen und das SEO Interface verbessern und den Rang der verlinkten Websites erh\u00f6ht und hilft, dass diese in den <a href=\"https:\/\/sitechecker.pro\/de\/serp\/\">SERPs <\/a>hochklettern.<\/p>\n<p>&nbsp;<\/p>\n<h2 id=\"nofollow\">Was ist dieser mysteri\u00f6se No Follow Link?<\/h2>\n<p>&nbsp;<\/p>\n<p>Ein No Follow Link ist eine Verbindung, die keinen Punkt im Seitensupport bringt, den PageRank nicht beeinflusst und definitiv nichts f\u00fcr die Seitenposition im SERP bringt. Das Leben der No Follow Links ist irgendwie tragisch und einsam.<\/p>\n<p>Ein No Follow Link ist mit einem No Follow HTML-Tag gemacht, der diesem hier \u00e4hnelt:<\/p>\n<div class=\"code\"><code>&lt;a href=\"http:\/\/www.website.com\/\" rel=\"nofollow\"&gt;Link Text&lt;\/a&gt;<br \/>\n<\/code><\/div>\n<p>Der No Follow Tag ist fundamental ein Hinweisschild f\u00fcr Websuchdienste und sagt: \u201e\u00dcberpr\u00fcfe das nicht.\u201c<\/p>\n<p>Ist das nicht schlichtweg grausam? Wof\u00fcr sollte jemand sowas machen? Es gibt einen Grund hinter diesem No Follow Attribut und es ist ein dezenter!<\/p>\n<p>&nbsp;<\/p>\n<h2 id=\"spamlot\">Eine Annahme ist, dass eine Welt ohne No Follow derzeit ein Spamalot ist<\/h2>\n<p>&nbsp;<\/p>\n<p>Wie vorhin erw\u00e4hnt ist der allgemeine Typ von Links von Google erfasst wird um den <a href=\"https:\/\/sitechecker.pro\/de\/page-rank\/\">PageRank pr\u00fcfen<\/a>. Mehr Links bringen mehr Link Juice und sorgt f\u00fcr eine h\u00f6here Position im Site-Ranking. Im urspr\u00fcnglichen Sinn dient der PageRank dazu, festzustellen, welche Seiten die bekanntesten sind (und neben diesen Zeilen auch die hochwertigsten) und bieten diese deshalb als beste Seiten nach einer Suche an.<\/p>\n<p>Alle genannten Dinge sind irgendwie fehlerhaft und wie Sie vielleicht schon geh\u00f6rt haben, planen einige selbsternannte SEO-Spezialisten den Webindex abzufangen und sich selbst unter einem Deckmangel unehrlich und mit unethischen Techniken an die vordersten Pl\u00e4tze zu bringen. Und vor der Einf\u00fchrung der No Follow Links war das Verlinken durch einen Dritten eine einfache Methode, um Page Rankings zu beeinflussen.<\/p>\n<p>Als der PageRank von SEO-Schwarzh\u00fctigen erfunden wurde brach das H\u00f6llenfeuer los! Pl\u00f6tzlich ging es nur noch um Verkn\u00fcpfungen f\u00fcr SEO. Mehr eingehende Verbindungen lieferten einen besseren PageRank und SEOs mussten daf\u00fcr sorgen, dass Sie die Zahl von eingehenden Verbindungen hinbekamen, egal ob sie alle mit Spam bel\u00e4stigt haben oder nicht. Blog-Erw\u00e4hnungen waren ein Scherz, waren \u00fcberladen mit selbstlimitierten Mist und Verbindungs-Geplapper.<\/p>\n<p>Wikipedia wurde ebenfalls chaotisch als einzelne begannen, ihre eigenen Seiten als Referenzen auf verschiedene Wikipediaseiten unterzubringen, nur um den gew\u00fcnschten Link Juice zusammen zu bekommen.<\/p>\n<p>Die Gruppe der Blogger war gestresst \u2013 diese Spammer ruinieren n\u00e4mlich alle M\u00f6glichkeiten, eine ernsthafte Gruppe zu couragieren, die online Journale betrieben. Im Jahr 2005 erlie\u00df Google die so genannte Webpolizei. Googles Matt Cutts und Jason Shellen von Blogger wurden eingeschaltet, um das No Follow Attribut zu pr\u00e4sentieren.<\/p>\n<p>&nbsp;<\/p>\n<h2 id=\"tag\">No Follow K\u00f6nnte ein Interessanter Tag werden, den das Internet Braucht<\/h2>\n<p>&nbsp;<\/p>\n<p>Der Bedarf an dem No Follow Label f\u00f6rdert das schr\u00e4ge und spammige Attribut verbunden mit SEO, wobei wir derzeit nicht leugnen k\u00f6nnen, dass wir ohne auskommen.<\/p>\n<p>Der No Follow Link Verbindungstag wurde ein beachtetes Ma\u00df f\u00fcr n\u00fctzliche Dinge f\u00fcr die Onlinewelt \u2013 besonders SEO-Spammer versuchen nicht, unwichtige Links auf Sites oder Diskussionsposts zu pr\u00e4sentieren, weil sie wissen, dass sie keine M\u00f6glichkeit bekommen, eine Follow Verbindung zu publizieren. WordPress weist die No-Follow-Links aller Benutzer-eingereichten Verbindungen zu und Wikipedia tut selbiges f\u00fcr seinen Referenzbereich.<\/p>\n<p>W\u00e4hrend Blog Spam nach wie vor passiert \u2013 No Follow hat dies ged\u00e4mpft.<\/p>\n<p>Als Websiteadmin werden Sie sich wundern, wenn Sie das No Follow Attribut setzen sollen. Die No Follow Verbindungen haben ihren Platz f\u00fcr gew\u00f6hnlich hier:<\/p>\n<ul>\n<li>Bezahlte Verbindungen (es gibt keinen Grund, Link Juice zu bezahlen)<\/li>\n<li>\u00a0Anmerkungen<\/li>\n<li>\u00a0Diskussionsforums<\/li>\n<li>\u00a0Alles, was Google \u201euntrusted content\u201c (nicht vertrauensw\u00fcrdiger Inhalt) nennt<\/li>\n<\/ul>\n<p>Manche Webmaster k\u00f6nnen das No Follow Basic-Attribut ausschalten, als Belohnung f\u00fcr einen Blog-Analysten, der Blog-Gruppen oder ienen Online-Diskurs leitet \u2013 aber das obliegt derzeit dem Einzelnen.<\/p>\n<p>&nbsp;<\/p>\n<h2 id=\"ignore\">Soll Ich den Hype Mit Den No Follow Links Ignorieren?<\/h2>\n<p>&nbsp;<\/p>\n<p>Auf keine Weise! Weil sie keine SEO-Link-Werte liefern hei\u00dft das nicht, dass sie sinnlos sind. Sie haben trotz allem eine signifikante Referenzaktivit\u00e4t.<\/p>\n<p>Eine einfache Blog-Notiz oder ein Social Media Post, egal ob mit oder ohne Follow, kann eine gigantische messbare Aktivit\u00e4t auf Ihrer Website ausl\u00f6sen, was wiederum zu Leads und Konversen f\u00fchren kann!<\/p>\n<p>Mehr noch, heute nehmen Suchmaschinen einen Gro\u00dfteil der Variablen au\u00dferhalb des Link Juice wahr und bringen diese in den PageRank. Soziale Zeichen wie die von Twitter oder Facebook sind nachhaltig profitabel, unabh\u00e4ngig davon, No Follow zu sein. Der Schl\u00fcssel ist Ihr Bild zu erzeugen. Denken Sie nicht daran, welche Links sinnvoll f\u00fcr SEO sind, aber denken Sie, welche Links gut f\u00fcr Ihr Gesch\u00e4ft, Ihre Marke oder was auch immer sind und dabei helfen, Sie als Industrieautorit\u00e4t ins Rampenlicht zu stellen. Denken Sie daran, dass Verbindungen Vertrauen schaffen.<\/p>\n<p>Es ist es noch immer Wert, Wikipedia Links zu verwenden. Wikipedia ist au\u00dfergew\u00f6hnlich akribisch, wenn es um deren Referenzen geht, also m\u00fcssen Sie extrem speziell sein oder au\u00dfergew\u00f6hnliche Daten zeigen, damit Sie eine Verbindung bekommen. Das aber kann zu wirklich coolen Ergebnissen f\u00fchren \u2013 inklusive anderen Do-Follow Verbindungen.<\/p>\n<p>Wikipedia-Links, selbst wenn sie No Follow sind, k\u00f6nnen f\u00fcr Bewegung sorgen und auch daf\u00fcr sorgen, dass Sie einige Platinum-Verbindungen erhalten.<\/p>\n<p>&nbsp;<\/p>\n<h2 id=\"instructionsnofollow\">Anleitung, Um Zu Sehen, Welche Links No Follow Sind<\/h2>\n<p>&nbsp;<\/p>\n<p>F\u00fcr Die SEO-Genies, die vorsichtig bleiben m\u00fcssen und einfach No Follow Links verfolgen, gibt es viele Erweiterungen, die man f\u00fcr zwei Browser herunterladen kann. Sie unterst\u00fctzen beide Arten von Verbindungen auf den Seiten, die Sie besuchen.<\/p>\n<p>Einige von Firefox sind:<\/p>\n<ul>\n<li>\u00a0SEO Quake<\/li>\n<li>Nodofollow<\/li>\n<li>SearchStatus<\/li>\n<\/ul>\n<p>F\u00fcr Chrome:<\/p>\n<ul>\n<li>\u00a0NoFollow Simple<\/li>\n<\/ul>\n<p>&nbsp;<\/p>\n<h2 id=\"instructionsfollow\">Anleitung, um Follow Links zu bekommen<\/h2>\n<p>&nbsp;<\/p>\n<p>Wir haben bereits diskutiert, warum Links erforderlich sind, wobei wir ein wenig Aufmerksamkeit auf deren Follow \/ No Follow Status gelegt haben. Und Sie werden nach wie vor einige der Follow Links brauchen.<\/p>\n<p>Das ideale Konzept, um Follow-Verbindungen zu bekommen ist ein dezenter: Erzeugen Sie hervorragenden einzigartigen Inhalt, der gerne geteilt und verlinkt wird. Andere Methoden wie umfassendes Bloggen, besonders auf einer Website, die Ihrer eigenen \u00e4hnlich ist, mit dem Ziel, dass Sie Referenzen unterbringen k\u00f6nnen, sind ebenfalls m\u00f6glich.<\/p>\n<p>&nbsp;<\/p>\n<h2 id=\"balancedlinkprofile\">Take after oder No Follow: Ein ausbalanciertes Linkprofil ist am besten<\/h2>\n<p>&nbsp;<\/p>\n<p>Bedenken Sie, dass Sie zumindest das Ziel haben m\u00fcssen, Do Follow und No Follow Backlinks zu haben, damit Sie ein ideales Linkprofil erzeugen. Die ersten helfen f\u00fcr SEO, aber beide k\u00f6nnen helfen, die Strategie f\u00fcr das Marketing zu verbessern.<\/p>","protected":false},"excerpt":{"rendered":"Was ist ein Follow Link? &nbsp; Um wirklich zu verstehen, was neu an der Thematik der Follow- bzw. Nofollow-Links ist, m\u00fcssen wir ein wenig Grundwissen \u00fcber die h\u00e4ufigsten Verbindungs-Funktionen auf dem Gebiet von SEO vermitteln. An dem Punkt, wenn eine Seite einen einzigartigen Link bekommt, das ist ein Hyperlink, der diese Seite vermittelt, bekommt diese&#8230;","protected":false},"author":10718706,"featured_media":3434,"parent":0,"menu_order":0,"comment_status":"closed","ping_status":"closed","template":"pages-templates\/pages-v2.php","meta":[],"categories":[27],"tags":[],"_links":{"self":[{"href":"https:\/\/sitechecker.pro\/de\/wp-json\/wp\/v2\/pages\/2487"}],"collection":[{"href":"https:\/\/sitechecker.pro\/de\/wp-json\/wp\/v2\/pages"}],"about":[{"href":"https:\/\/sitechecker.pro\/de\/wp-json\/wp\/v2\/types\/page"}],"author":[{"embeddable":true,"href":"https:\/\/sitechecker.pro\/de\/wp-json\/wp\/v2\/users\/10718706"}],"replies":[{"embeddable":true,"href":"https:\/\/sitechecker.pro\/de\/wp-json\/wp\/v2\/comments?post=2487"}],"version-history":[{"count":52,"href":"https:\/\/sitechecker.pro\/de\/wp-json\/wp\/v2\/pages\/2487\/revisions"}],"predecessor-version":[{"id":34313,"href":"https:\/\/sitechecker.pro\/de\/wp-json\/wp\/v2\/pages\/2487\/revisions\/34313"}],"wp:featuredmedia":[{"embeddable":true,"href":"https:\/\/sitechecker.pro\/de\/wp-json\/wp\/v2\/media\/3434"}],"wp:attachment":[{"href":"https:\/\/sitechecker.pro\/de\/wp-json\/wp\/v2\/media?parent=2487"}],"wp:term":[{"taxonomy":"category","embeddable":true,"href":"https:\/\/sitechecker.pro\/de\/wp-json\/wp\/v2\/categories?post=2487"},{"taxonomy":"post_tag","embeddable":true,"href":"https:\/\/sitechecker.pro\/de\/wp-json\/wp\/v2\/tags?post=2487"}],"curies":[{"name":"wp","href":"https:\/\/api.w.org\/{rel}","templated":true}]}}