{"id":24853,"date":"2023-07-05T15:14:11","date_gmt":"2023-07-05T15:14:11","guid":{"rendered":"https:\/\/sitechecker.pro\/?page_id=24853"},"modified":"2025-04-07T12:46:39","modified_gmt":"2025-04-07T12:46:39","slug":"415-status-code-unsupported-media-type-%f0%9f%93%96-fix","status":"publish","type":"page","link":"https:\/\/sitechecker.pro\/de\/what-is-415-status-code\/","title":{"rendered":"Was ist der Statuscode 415 &#8220;Unsupported Media Type&#8221; \ud83d\udcd6 Wie man ihn behebt"},"content":{"rendered":"<p><\/p>\n<div id=\"par1\"><\/div>\n<p>Der HTTP-Statuscode 415, auch bekannt als \u201eNicht unterst\u00fctzter Medientyp\u201c, ist ein Client-Fehlerantwortcode, der anzeigt, dass der Server die Anfrage nicht bearbeitet, weil die Nutzlast (die im Anfragetext gesendeten Daten) ein nicht unterst\u00fctztes Format aufweist.<\/p>\n<p>Dies kann passieren, wenn der Client eine Anfrage mit einem vom Server nicht unterst\u00fctzten \u201eContent-Type\u201c-Header an den Server sendet oder die Nutzlastdaten nicht das im \u201eContent-Type\u201c-Header angegebene Format aufweisen. Der \u201eContent-Type\u201c-Header gibt den Medientyp der Ressource bzw. der gesendeten Daten an.<\/p>\n<p>Angenommen, ein Client versucht, Daten im JSON-Format per POST an einen Server zu senden, der jedoch nur XML akzeptiert. In diesem Fall w\u00fcrde der Server den Statuscode 415 zur\u00fcckgeben, da der Medientyp der Nutzlast (JSON) vom Server (der XML erwartet) nicht unterst\u00fctzt wird.<\/p>\n<p>Wichtig zu beachten: Der Statuscode 415 ist oft spezifisch f\u00fcr die aufgerufene Ressource. Daher kann es vorkommen, dass ein Server beim Versuch, eine POST-Nachricht an eine Ressource zu senden, einen 415-Fehler zur\u00fcckgibt, w\u00e4hrend die andere Ressource den vom Client gesendeten Medientyp nicht unterst\u00fctzt.<\/p>\n<p>Der Statuscode 415 ist Teil des <a href=\"https:\/\/www.rfc-editor.org\/rfc\/rfc7231\" target=\"_blank\" rel=\"nofollow noopener noreferrer\">HTTP\/1.1-Standard<\/a>. Die entsprechende Reaktion auf diesen Code besteht in der Regel darin, entweder den \u201eContent-Type\u201c-Header zu korrigieren oder die Nutzlast in ein serververst\u00e4ndliches Format zu bringen.<\/p>\n<h2 id=\"par2\">415-Statuscodes (Nicht unterst\u00fctzter Medientyp) \u2013 Auswirkungen auf SEO<\/h2>\n<p>HTTP-415-Statuscodes (Nicht unterst\u00fctzter Medientyp) haben zwar keinen direkten Einfluss auf SEO, k\u00f6nnen aber indirekt die SEO-Performance Ihrer Website \u00fcber die Nutzererfahrung und die technische Performance beeinflussen.<\/p>\n<table class=\"table-classic\">\n<tbody>\n<tr>\n<td><strong>Nutzererfahrung (UX)<\/strong><\/td>\n<td style=\"text-align: left;\">Ein entscheidender Faktor f\u00fcr SEO ist eine gute Nutzererfahrung. Ein 415-Fehler auf Ihrer Website f\u00fchrt zu einem schlechten Nutzererlebnis und Unzufriedenheit.<\/p>\n<p>Bei einem solchen Fehler steigt die Wahrscheinlichkeit, dass ein Nutzer Ihre Website verl\u00e4sst (abspringt), was Ihre Absprungrate erh\u00f6ht. Hohe Absprungraten k\u00f6nnen Suchmaschinen signalisieren, dass Ihre Website m\u00f6glicherweise keine wertvollen Inhalte oder eine gute Nutzererfahrung bietet. Dies kann sich negativ auf Ihr Suchranking auswirken.<\/td>\n<\/tr>\n<tr>\n<td><strong>Verlorene Link-Equity<\/strong><\/td>\n<td style=\"text-align: left;\">Wenn andere Websites auf eine Seite Ihrer Website verlinken, die einen 415-Fehler zur\u00fcckgibt, kann dies zu einem Verlust der <a href=\"https:\/\/sitechecker.pro\/what-is-link-equity\/\" target=\"_blank\" rel=\"noopener noreferrer\">Link-Equity<\/a> f\u00fchren. <a href=\"https:\/\/sitechecker.pro\/what-are-inbound-links\/\" target=\"_blank\" rel=\"noopener noreferrer\">Inbound-Links<\/a> (auch bekannt als Backlinks) sind ein wichtiger Faktor f\u00fcr das Ranking Ihrer Website durch Suchmaschinen.<br \/>\nWenn eine Seite mit eingehenden Links einen Fehler zur\u00fcckgibt, geht die Link-Equity (der SEO-Wert eines Hyperlinks), die an Ihre Website h\u00e4tte weitergegeben werden k\u00f6nnen, verloren. Dies kann sich negativ auf die Autorit\u00e4t und das Ranking Ihrer Website auswirken.<\/td>\n<\/tr>\n<tr>\n<td><strong>Crawling-Fehler<\/strong><\/td>\n<td style=\"text-align: left;\">Suchmaschinen wie <a href=\"https:\/\/sitechecker.pro\/googlebot-simulator\/\" data-wpil-monitor-id=\"200\">Google verwenden Bots<\/a> (auch Spider oder Crawler genannt), um das Web zu indexieren. Wenn diese Bots beim Crawlen Ihrer Website einen 415-Fehler erhalten, k\u00f6nnen sie den Inhalt dieser Seite nicht indexieren.<br \/>\nNicht indexierte Seiten erscheinen nicht in den Suchergebnissen, was zu einer geringeren Sichtbarkeit f\u00fchrt.<\/td>\n<\/tr>\n<tr>\n<td><strong>Website-Qualit\u00e4t<\/strong><\/td>\n<td style=\"text-align: left;\">Eine hohe Anzahl von HTTP-Fehlern, einschlie\u00dflich 415-Statuscodes, kann Suchmaschinen auf eine Website mit geringer Qualit\u00e4t hinweisen.<br \/>\nDieser Eindruck kann Ihre SEO insgesamt beeintr\u00e4chtigen, da Suchmaschinen Ihre Website als weniger zuverl\u00e4ssig oder benutzerfreundlich einstufen und sich so negativ auf Ihr Ranking auswirken k\u00f6nnen.<\/td>\n<\/tr>\n<\/tbody>\n<\/table>\n<p>Diese Faktoren stehen zwar nicht direkt mit dem 415-Statuscode selbst in Zusammenhang, sind aber m\u00f6gliche Folgen von Seiten, die diesen Fehler auf Ihrer Website zur\u00fcckgeben. Daher ist es wichtig, diese Probleme umgehend zu identifizieren und zu beheben, um m\u00f6gliche Auswirkungen auf die SEO zu vermeiden.<\/p>\n<h2 id=\"par3\">H\u00e4ufige Probleme, die zum Status 415 f\u00fchren k\u00f6nnen<\/h2>\n<p>Der Umgang mit HTTP-Statusfehlern wie dem 415-Fehler \u201eNicht unterst\u00fctzter Medientyp\u201c ist ein wesentlicher Bestandteil des Website- und SEO-Managements. Dieser Fehler deutet auf eine Nicht\u00fcbereinstimmung des Datenformats bei der Client-Server-Kommunikation hin. Codefehler und deren L\u00f6sungen k\u00f6nnen sein:<\/p>\n<h3>Falsche Content-Type-Header<\/h3>\n<p>Der Server kann einen 415-Statuscode zur\u00fcckgeben, wenn der \u201eContent-Type\u201c-Header in der Anfrage nicht mit dem tats\u00e4chlich gesendeten Inhalt im Anfragetext \u00fcbereinstimmt.<\/p>\n<div class=\"highlight-block\">Der Client muss sicherstellen, dass der Header \u201eContent-Type\u201c den Medientyp der gesendeten Ressource korrekt identifiziert. Dies kann eine Anpassung der Anwendung oder des Skripts und eine entsprechende Anforderung mit dem korrekten Header \u201eContent-Type\u201c erfordern. Wenn Sie beispielsweise JSON-Daten senden, sollte der Header \u201eContent-Type\u201c \u201eapplication\/json\u201c lauten.<\/div>\n<h3>Nicht unterst\u00fctzter Medientyp<\/h3>\n<p>Ein Server kann den Statuscode 415 zur\u00fcckgeben, wenn er die vom Client gesendete Nutzlast aufgrund der Unf\u00e4higkeit des Servers, diesen spezifischen Medientyp zu verarbeiten, nicht verarbeiten kann.<\/p>\n<div class=\"highlight-block\">Der Client sollte den Medientyp best\u00e4tigen, den der Server akzeptieren und verarbeiten kann. Sobald dieser bekannt ist, sollte der Client die Nutzlast vor dem Senden der Anfrage in das unterst\u00fctzte Format konvertieren. M\u00f6glicherweise muss der Server auch so konfiguriert werden, dass er weitere Medientypen unterst\u00fctzt.<\/div>\n<h3>Ungeeignete Nutzlastkodierung<\/h3>\n<p>Wenn der Client eine Nutzlast mit einer Kodierung sendet, die der Server nicht verarbeiten kann, gibt dieser m\u00f6glicherweise einen 415-Fehler zur\u00fcck.<\/p>\n<div class=\"highlight-block\">Der Client muss sicherstellen, dass der Server die verwendete Nutzlastkodierung unterst\u00fctzt. Ist dies nicht der Fall, sollte der Client die Kodierung der Nutzlast auf einen vom Server unterst\u00fctzten Typ \u00e4ndern.<\/div>\n<p style=\"margin-top: 3%;\">Sobald diese Fehler identifiziert sind, k\u00f6nnen die oben genannten L\u00f6sungen verwendet werden, um das Problem zu beheben und die Anzeige des Statuscodes 415 zu verhindern.<\/p>\n<h2 id=\"par4\">L\u00f6sung f\u00fcr den HTTP-415-Fehlercode<\/h2>\n<p>Um den HTTP-415-Fehler \u201eNicht unterst\u00fctzter Medientyp\u201c zu beheben, m\u00fcssen Sie die Ursache des Problems identifizieren und die entsprechenden Korrekturen vornehmen. Hier ist ein allgemeiner Ablauf:<\/p>\n<h3>Schritt 1: Fehler best\u00e4tigen<\/h3>\n<p>Best\u00e4tigen Sie zun\u00e4chst, dass der 415-Fehler tats\u00e4chlich das Problem ist. Verwenden Sie dazu einen <a href=\"https:\/\/sitechecker.pro\/http-status-codes\/\" target=\"_blank\" rel=\"noopener noreferrer\">HTTP-Statuscode-Checker<\/a>.<\/p>\n<div class=\"content__img-wrap\"><img src=\"https:\/\/sitechecker.pro\/wp-content\/uploads\/2023\/06\/http-status-code-checker.png\" alt=\"HTTP-Statuscode-Checker\" class=\"description-img description-img-zoom\" loading=\"lazy\" ><\/div>\n<p>Sitechecker.pro ist ein effektives Tool zur Erkennung des HTTP-Fehlers 415 \u201eNicht unterst\u00fctzter Medientyp\u201c. Der Crawler scannt Ihre gesamte Website und identifiziert URLs, die diesen Statuscode zur\u00fcckgeben. Nach dem Scan erstellt er einen detaillierten Bericht, der die Ursache der Probleme identifiziert und deren Behebung erleichtert.<\/p>\n<h3>Schritt 2: Fehlerquelle identifizieren<\/h3>\n<p>\u00dcberpr\u00fcfen Sie die Details der Anfrage, die den Fehler verursacht hat. Pr\u00fcfen Sie nach M\u00f6glichkeit die Serverprotokolle oder verwenden Sie Entwicklertools in Ihrem Browser, um den \u201eContent-Type\u201c-Header und die Payload der fehlgeschlagenen Anfrage zu untersuchen.<\/p>\n<h3>Schritt 3: Passen Sie den \u201eContent-Type\u201c-Header oder die Payload an<\/h3>\n<p>Wenn der \u201eContent-Type\u201c-Header nicht mit der tats\u00e4chlich gesendeten Payload \u00fcbereinstimmt, m\u00fcssen Sie den einen oder anderen Header \u00e4ndern, um Konsistenz zu gew\u00e4hrleisten. Stellen Sie beispielsweise beim Senden von JSON-Daten sicher, dass Ihr \u201eContent-Type\u201c-Header \u201eapplication\/json\u201c lautet.<\/p>\n<h3>Schritt 4: Auf Kodierungsprobleme pr\u00fcfen<\/h3>\n<p>Wenn der Server die Kodierung der Payload nicht verarbeiten kann, m\u00fcssen Sie die Kodierung auf einen vom Server unterst\u00fctzten Typ anpassen. \u00dcberpr\u00fcfen Sie den \u201eContent-Encoding\u201c-Header und die tats\u00e4chliche Kodierung der in der Anfrage gesendeten Daten.<\/p>\n<h3>Schritt 5: \u00c4nderungen testen<\/h3>\n<p>Nachdem Sie \u00c4nderungen vorgenommen haben, testen Sie die Anfrage erneut. Waren die \u00c4nderungen erfolgreich, sollten Sie keinen 415-Fehler mehr erhalten. Sollte der Fehler weiterhin bestehen, wenden Sie sich bitte an Ihren Server-Hosting-Anbieter oder einen Webentwickler.<\/p>\n<p>Der Schl\u00fcssel zur Behebung eines 415-Fehlers liegt darin, sicherzustellen, dass der Server den Medientyp und die Kodierung der in der Anfrage gesendeten Daten unterst\u00fctzt. Der Client sollte Daten nur in einem Format und einer Kodierung senden, die der Server verarbeiten kann.<\/p>\n<h2 id=\"par5\">Fazit<\/h2>\n<p>Der HTTP-Statuscode 415 oder \u201eNicht unterst\u00fctzter Medientyp\u201c tritt aufgrund nicht \u00fcbereinstimmender \u201eContent-Type\u201c-Header oder nicht unterst\u00fctzter Payload-Kodierung auf. Obwohl er die SEO nicht direkt beeinflusst, k\u00f6nnen seine Auswirkungen auf die Nutzererfahrung und die technische Performance indirekt Ihr SEO-Ranking beeinflussen. Hohe Absprungraten, verlorener Link-Equity, Crawling-Fehler und die allgemeine Website-Qualit\u00e4t k\u00f6nnen darunter leiden.<\/p>\n<p>Tools wie der <a href=\"https:\/\/sitechecker.pro\/http-status-codes\/\" target=\"_blank\" rel=\"noopener noreferrer\">HTTP Status Code Checker<\/a> k\u00f6nnen helfen, diese Probleme zu identifizieren und zu beheben. Um HTTP 415-Fehler zu vermeiden und die Leistung Ihrer Website zu optimieren, ist es entscheidend, sicherzustellen, dass der Server das Format und die Kodierung der in der Anfrage gesendeten Daten verarbeiten kann.<\/p>\n<div id=\"par6\"><\/div>\n<p><div class=\"front__faq-block\"><div class=\"faq__block-title\">FAQ<\/div><div class=\"panel-group\" id=\"faq-accordion\" itemscope itemtype=\"https:\/\/schema.org\/FAQPage\" role=\"tablist\" aria-multiselectable=\"true\"><div class=\"panel\" itemscope itemtype=\"https:\/\/schema.org\/Question\" itemprop=\"mainEntity\">\n                            <div class=\"panel-heading\" id=\"headingFaq-1\">\n                                <div class=\"panel-title\" data-toggle=\"collapse\" aria-expanded=\"false\" href=\"#collapseFaq-1\">\n                                    <h3 itemprop=\"name\">Was ist der REST-Fehlercode 415?<\/h3>\n                                <\/div>\n                            <\/div>\n                            <div id=\"collapseFaq-1\" class=\"panel-collapse collapse\" itemprop=\"acceptedAnswer\" itemscope itemtype=\"http:\/\/schema.org\/Answer\">\n                                <div class=\"panel-body\" itemprop=\"text\">Der Fehlercode 415 in REST weist auf einen nicht unterst\u00fctzten Medientyp hin. Er wird zur\u00fcckgegeben, wenn der Server den Medientyp der Nutzlast der Anfrage nicht verarbeiten kann.<\/div>\n                            <\/div>\n                        <\/div><div class=\"panel\" itemscope itemtype=\"https:\/\/schema.org\/Question\" itemprop=\"mainEntity\">\n                            <div class=\"panel-heading\" id=\"headingFaq-2\">\n                                <div class=\"panel-title\" data-toggle=\"collapse\" aria-expanded=\"false\" href=\"#collapseFaq-2\">\n                                    <h3 itemprop=\"name\">Was ist der Statuscode 415 in Axios?<\/h3>\n                                <\/div>\n                            <\/div>\n                            <div id=\"collapseFaq-2\" class=\"panel-collapse collapse\" itemprop=\"acceptedAnswer\" itemscope itemtype=\"http:\/\/schema.org\/Answer\">\n                                <div class=\"panel-body\" itemprop=\"text\">Ein 415-Statuscode in Axios, einem Promise-basierten HTTP-Client f\u00fcr JavaScript, bedeutet, dass der Server die Anfrage nicht verarbeiten konnte, da der Inhaltstyp der gesendeten Daten nicht unterst\u00fctzt wird.<\/div>\n                            <\/div>\n                        <\/div><div class=\"panel\" itemscope itemtype=\"https:\/\/schema.org\/Question\" itemprop=\"mainEntity\">\n                            <div class=\"panel-heading\" id=\"headingFaq-3\">\n                                <div class=\"panel-title\" data-toggle=\"collapse\" aria-expanded=\"false\" href=\"#collapseFaq-3\">\n                                    <h3 itemprop=\"name\">Was ist der Fehler 415 in Rails?<\/h3>\n                                <\/div>\n                            <\/div>\n                            <div id=\"collapseFaq-3\" class=\"panel-collapse collapse\" itemprop=\"acceptedAnswer\" itemscope itemtype=\"http:\/\/schema.org\/Answer\">\n                                <div class=\"panel-body\" itemprop=\"text\">Fehler 415 in Rails, einem in Ruby geschriebenen Webanwendungs-Framework, weist darauf hin, dass eine an den Server gesendete Anfrage Nutzdaten in einem Format enth\u00e4lt, das der Server nicht verarbeiten oder verstehen kann.<\/div>\n                            <\/div>\n                        <\/div><div class=\"panel\" itemscope itemtype=\"https:\/\/schema.org\/Question\" itemprop=\"mainEntity\">\n                            <div class=\"panel-heading\" id=\"headingFaq-4\">\n                                <div class=\"panel-title\" data-toggle=\"collapse\" aria-expanded=\"false\" href=\"#collapseFaq-4\">\n                                    <h3 itemprop=\"name\">Was ist Fehler 415 in LoadRunner?<\/h3>\n                                <\/div>\n                            <\/div>\n                            <div id=\"collapseFaq-4\" class=\"panel-collapse collapse\" itemprop=\"acceptedAnswer\" itemscope itemtype=\"http:\/\/schema.org\/Answer\">\n                                <div class=\"panel-body\" itemprop=\"text\">Fehler 415 in LoadRunner, einem Tool f\u00fcr Performancetests, weist darauf hin, dass das Testskript Daten in einem nicht unterst\u00fctzten Format an den Server sendet.<\/div>\n                            <\/div>\n                        <\/div><div class=\"panel\" itemscope itemtype=\"https:\/\/schema.org\/Question\" itemprop=\"mainEntity\">\n                            <div class=\"panel-heading\" id=\"headingFaq-5\">\n                                <div class=\"panel-title\" data-toggle=\"collapse\" aria-expanded=\"false\" href=\"#collapseFaq-5\">\n                                    <h3 itemprop=\"name\">Wie behebe ich Fehler 415?<\/h3>\n                                <\/div>\n                            <\/div>\n                            <div id=\"collapseFaq-5\" class=\"panel-collapse collapse\" itemprop=\"acceptedAnswer\" itemscope itemtype=\"http:\/\/schema.org\/Answer\">\n                                <div class=\"panel-body\" itemprop=\"text\">Um Fehler 415 zu beheben, muss sichergestellt werden, dass der Header \"Content-Type\" korrekt mit dem Format der gesendeten Nutzdaten \u00fcbereinstimmt und dass der Server dieses Format unterst\u00fctzt. Verwenden Sie ein Tool wie Sitechecker.pro, um diese Probleme zu identifizieren und zu beheben.<\/div>\n                            <\/div>\n                        <\/div><div class=\"panel\" itemscope itemtype=\"https:\/\/schema.org\/Question\" itemprop=\"mainEntity\">\n                            <div class=\"panel-heading\" id=\"headingFaq-6\">\n                                <div class=\"panel-title\" data-toggle=\"collapse\" aria-expanded=\"false\" href=\"#collapseFaq-6\">\n                                    <h3 itemprop=\"name\">Was ist der Unterschied zwischen Fehler 400 und 415?<\/h3>\n                                <\/div>\n                            <\/div>\n                            <div id=\"collapseFaq-6\" class=\"panel-collapse collapse\" itemprop=\"acceptedAnswer\" itemscope itemtype=\"http:\/\/schema.org\/Answer\">\n                                <div class=\"panel-body\" itemprop=\"text\">Fehler 400 bedeutet \"Ung\u00fcltige Anfrage\". Der Server konnte die Anfrage aufgrund ung\u00fcltiger Syntax nicht verstehen. Fehler 415 hingegen bedeutet \"Nicht unterst\u00fctzter Medientyp\". Der Server kann die Nutzlast der Anfrage aufgrund ihres Formats nicht verarbeiten.<\/div>\n                            <\/div>\n                        <\/div><div class=\"panel\" itemscope itemtype=\"https:\/\/schema.org\/Question\" itemprop=\"mainEntity\">\n                            <div class=\"panel-heading\" id=\"headingFaq-7\">\n                                <div class=\"panel-title\" data-toggle=\"collapse\" aria-expanded=\"false\" href=\"#collapseFaq-7\">\n                                    <h3 itemprop=\"name\">Was ist der Unterschied zwischen den Fehlercodes 406 und 415?<\/h3>\n                                <\/div>\n                            <\/div>\n                            <div id=\"collapseFaq-7\" class=\"panel-collapse collapse\" itemprop=\"acceptedAnswer\" itemscope itemtype=\"http:\/\/schema.org\/Answer\">\n                                <div class=\"panel-body\" itemprop=\"text\">Fehler 406 bedeutet \"Nicht akzeptabel\". Der Server kann keine Antwort generieren, die den in den Headern der Anfrage definierten zul\u00e4ssigen Werten entspricht. Fehler 415 \"Nicht unterst\u00fctzter Medientyp\" tritt auf, wenn der Server die Nutzlast der Anfrage aufgrund ihres Medientyps nicht verarbeiten kann.<\/div>\n                            <\/div>\n                        <\/div><\/div><\/div><\/p>","protected":false},"excerpt":{"rendered":"Der HTTP-Statuscode 415, auch bekannt als \u201eNicht unterst\u00fctzter Medientyp\u201c, ist ein Client-Fehlerantwortcode, der anzeigt, dass der Server die Anfrage nicht bearbeitet, weil die Nutzlast (die im Anfragetext gesendeten Daten) ein nicht unterst\u00fctztes Format aufweist. Dies kann passieren, wenn der Client eine Anfrage mit einem vom Server nicht unterst\u00fctzten \u201eContent-Type\u201c-Header an den Server sendet oder die&#8230;","protected":false},"author":10409641,"featured_media":24854,"parent":0,"menu_order":0,"comment_status":"closed","ping_status":"closed","template":"pages-templates\/pages-v2.php","meta":[],"categories":[27],"tags":[],"_links":{"self":[{"href":"https:\/\/sitechecker.pro\/de\/wp-json\/wp\/v2\/pages\/24853"}],"collection":[{"href":"https:\/\/sitechecker.pro\/de\/wp-json\/wp\/v2\/pages"}],"about":[{"href":"https:\/\/sitechecker.pro\/de\/wp-json\/wp\/v2\/types\/page"}],"author":[{"embeddable":true,"href":"https:\/\/sitechecker.pro\/de\/wp-json\/wp\/v2\/users\/10409641"}],"replies":[{"embeddable":true,"href":"https:\/\/sitechecker.pro\/de\/wp-json\/wp\/v2\/comments?post=24853"}],"version-history":[{"count":6,"href":"https:\/\/sitechecker.pro\/de\/wp-json\/wp\/v2\/pages\/24853\/revisions"}],"predecessor-version":[{"id":36459,"href":"https:\/\/sitechecker.pro\/de\/wp-json\/wp\/v2\/pages\/24853\/revisions\/36459"}],"wp:featuredmedia":[{"embeddable":true,"href":"https:\/\/sitechecker.pro\/de\/wp-json\/wp\/v2\/media\/24854"}],"wp:attachment":[{"href":"https:\/\/sitechecker.pro\/de\/wp-json\/wp\/v2\/media?parent=24853"}],"wp:term":[{"taxonomy":"category","embeddable":true,"href":"https:\/\/sitechecker.pro\/de\/wp-json\/wp\/v2\/categories?post=24853"},{"taxonomy":"post_tag","embeddable":true,"href":"https:\/\/sitechecker.pro\/de\/wp-json\/wp\/v2\/tags?post=24853"}],"curies":[{"name":"wp","href":"https:\/\/api.w.org\/{rel}","templated":true}]}}