{"id":24707,"date":"2023-06-29T11:10:28","date_gmt":"2023-06-29T11:10:28","guid":{"rendered":"https:\/\/sitechecker.pro\/?page_id=24707"},"modified":"2025-06-02T11:50:32","modified_gmt":"2025-06-02T11:50:32","slug":"403-status-code-%f0%9f%93%96-identify-fix","status":"publish","type":"page","link":"https:\/\/sitechecker.pro\/de\/what-is-403-status-code\/","title":{"rendered":"Was ist der Statuscode 403 \ud83d\udcd6 Wie kann man ihn erkennen und beheben?"},"content":{"rendered":"<p><\/p>\n<div id=\"par1\"><\/div>\n<p>Der Statuscode 403, auch bekannt als 403 Forbidden, ist ein HTTP-Statuscode, der bedeutet, dass der Server die Anfrage verstanden hat, sie jedoch nicht autorisieren m\u00f6chte. Dieser Status ist dem 401 (Unauthorized) \u00e4hnlich, weist jedoch darauf hin, dass sich der Client authentifizieren muss, um die gew\u00fcnschte Antwort zu erhalten.<\/p>\n<p>Eine 403-Antwort garantiert nicht, dass der Client auf die angeforderte Ressource zugreifen kann; selbst wenn sich der Client authentifiziert hat, kann der Zugriff aus Gr\u00fcnden verweigert werden, die der Server nicht offenlegen m\u00f6chte.<\/p>\n<p>In den meisten F\u00e4llen h\u00e4ngt ein 403-Statuscode nicht mit fehlenden oder falschen Login-Daten zusammen, sondern mit einem allgemeinen Berechtigungsproblem. Es k\u00f6nnte daran liegen, dass der Client keine Berechtigung zum Zugriff auf die bestimmte Ressource hat, der Zugriff aufgrund der IP-Adresse des Clients verweigert wird, die Anfrage zwar legal ist, aber der Server sich weigert zu antworten, oder aus rechtlichen Gr\u00fcnden, die eine Authentifizierung des User-Agents erfordern.<\/p>\n<p>Im Grunde genommen bedeutet ein 403-Statuscode:<\/p>\n<div class=\"article__quote\">\n                    <div class=\"quote-text\">Ich verstehe, was du m\u00f6chtest, aber ich lasse dich nicht darauf zugreifen. Du hast keine Berechtigung, diesen Inhalt anzusehen.<\/div>\n            <div class=\"quote-author-block\"><div class=\"quote-author-meta\">\n                    <div class=\"quote-author-name\">\n                        <span> <\/span><\/div><\/div><\/div><\/div>\n<h2 id=\"par2\">Wie sich ein 403-Statuscode auf SEO auswirken kann<\/h2>\n<p>Ein 403-Statuscode, der eigentlich zur Anzeige von Berechtigungsbeschr\u00e4nkungen f\u00fcr Benutzer gedacht ist, kann auch erhebliche Auswirkungen auf die SEO haben. Die Auswirkung auf die Suchmaschinenoptimierung kann erheblich sein, da Suchmaschinen-Bots oder -Crawler einen 403-Statuscode \u00e4hnlich wie ein Browser behandeln \u2013 ihnen wird der Zugriff auf die angeforderte Seite verweigert.<\/p>\n<p>Hier sind einige wichtige Auswirkungen eines 403-Statuscodes auf die SEO:<\/p>\n<table class=\"table-classic\">\n<tbody>\n<tr>\n<td><strong>Verhinderung der Indexierung<\/strong><\/td>\n<td style=\"text-align: left;\">Ein 403-Statuscode kann verhindern, dass eine Seite indexiert wird. Wenn ein Suchmaschinen-Bot beim Crawlen einer Seite auf einen 403 st\u00f6\u00dft, bedeutet das im Grunde, dass ihm der Zugriff verweigert wird.<br \/>\n      Das bedeutet, dass die Seite nicht im Suchmaschinenindex erscheint, was die Sichtbarkeit deiner Website einschr\u00e4nkt.<\/td>\n<\/tr>\n<tr>\n<td><strong>Verschwendung des Crawl-Budgets<\/strong><\/td>\n<td style=\"text-align: left;\">Suchmaschinen-Bots haben ein &#8220;<a href=\"https:\/\/developers.google.com\/search\/docs\/crawling-indexing\/large-site-managing-crawl-budget\" target=\"_blank\" rel=\"nofollow noopener noreferrer\">Crawl-Budget<\/a>&#8221; f\u00fcr jede Website, also eine bestimmte Anzahl an Seiten, die sie innerhalb eines bestimmten Zeitraums crawlen. Wenn ein Bot auf einen 403-Statuscode st\u00f6\u00dft, wird ein Teil dieses Budgets f\u00fcr eine Seite verschwendet, die nicht indexiert werden kann.<br \/>\n      Wenn das h\u00e4ufig passiert, kann dies dazu f\u00fchren, dass weniger Seiten deiner Website indexiert werden \u2013 insbesondere bei gr\u00f6\u00dferen Websites.<\/td>\n<\/tr>\n<tr>\n<td><strong>Negative Nutzererfahrung<\/strong><\/td>\n<td style=\"text-align: left;\">Wenn ein echter Nutzer auf deiner Website auf einen 403-Fehler st\u00f6\u00dft, f\u00fchrt das zu einer schlechten Nutzererfahrung, da er den gew\u00fcnschten Inhalt nicht erreichen kann.<br \/>\n      Diese negative Nutzererfahrung kann sich indirekt auf die SEO auswirken, da Suchmaschinen Nutzerverhalten als Rankingfaktor ber\u00fccksichtigen.<\/td>\n<\/tr>\n<tr>\n<td><strong>M\u00f6glicher Rankingverlust<\/strong><\/td>\n<td style=\"text-align: left;\">Im Extremfall, wenn eine zuvor indexierte Seite pl\u00f6tzlich einen 403-Fehler zur\u00fcckgibt, kann dies zu einem Rankingverlust f\u00fchren, da sie f\u00fcr Nutzer und Bots nicht mehr zug\u00e4nglich ist.<br \/>\n      Die Geschwindigkeit und das Ausma\u00df dieses Rankingverlusts h\u00e4ngen davon ab, wie schnell die Suchmaschine die Seite aus ihrem Index entfernt.<\/td>\n<\/tr>\n<\/tbody>\n<\/table>\n<p>Kurz gesagt: Ein 403-Statuscode kann sich negativ auf die SEO-Leistung deiner Website auswirken. Daher ist es entscheidend, solche Fehler fr\u00fchzeitig zu erkennen und zu beheben, um die Sichtbarkeit und Benutzerfreundlichkeit deiner Website zu gew\u00e4hrleisten.<\/p>\n<h2 id=\"par3\">HTTP 401-Fehler vs. HTTP 403-Fehler<\/h2>\n<p>Obwohl sowohl der 403- als auch der 401-Statuscode Client-Fehler im HTTP-Protokoll darstellen, beziehen sie sich auf unterschiedliche Situationen:<\/p>\n<div class=\"content__img-wrap\"><img src=\"https:\/\/sitechecker.pro\/wp-content\/uploads\/2023\/07\/403-vs-401-status-code.png\" alt=\"403 Vs 401 Status Code\" class=\"description-img description-img-zoom\" loading=\"lazy\" ><\/div>\n<h3>401 Unauthorized<\/h3>\n<p>Ein 401 Unauthorized-Statuscode bedeutet, dass die Anfrage nicht verarbeitet wurde, da g\u00fcltige Authentifizierungsdaten f\u00fcr die angeforderte Ressource fehlen. Diese Antwort muss ein <a href=\"https:\/\/developer.mozilla.org\/en-US\/docs\/Web\/HTTP\/Headers\/WWW-Authenticate\" target=\"_blank\" rel=\"nofollow noopener noreferrer\">WWW-Authenticate<\/a>-Header-Feld enthalten, das eine passende Authentifizierungsanforderung f\u00fcr die Ressource angibt. Kurz gesagt: Der Server muss wissen, wer du bist (Authentifizierung), bevor er auf deine Anfrage antwortet. Sobald du g\u00fcltige Zugangsdaten angibst, solltest du Zugriff erhalten.<\/p>\n<h3>403 Forbidden<\/h3>\n<p>Ein 403 Forbidden-Statuscode hingegen bedeutet, dass der Server die Anfrage verstanden hat, sie aber nicht autorisieren will. Dieser Code wird oft verwendet, wenn der Server nicht preisgeben m\u00f6chte, warum die Anfrage abgelehnt wurde, oder wenn keine andere Antwort geeignet ist. Im Gegensatz zu einem 401-Code bringt eine Authentifizierung hier keine \u00c4nderung \u2013 der Zugriff bleibt verweigert. Es ist eine klarere Verweigerung als bei einem 401.<\/p>\n<p>Zusammengefasst: Ein 401 bedeutet \u201eAnmeldedaten fehlen oder sind falsch, bitte einloggen\u201c, w\u00e4hrend ein 403 bedeutet: \u201eIch wei\u00df, wer du bist, aber du darfst trotzdem nicht rein.\u201c Der Unterschied liegt also in der Notwendigkeit einer Autorisierung und nicht nur einer Authentifizierung.<\/p>\n<h2 id=\"par4\">H\u00e4ufige Probleme und wie man den 403 Forbidden-Fehler behebt<\/h2>\n<p>Die Behebung eines 403-Fehlers erfordert das Verst\u00e4ndnis daf\u00fcr, warum der Server den Zugriff verweigert, und die entsprechende Korrektur. Hier sind einige Schritte zur Identifizierung und Behebung von Ursachen f\u00fcr den 403-Fehler sowie Ma\u00dfnahmen zur Vorbeugung:<\/p>\n<h3>Dateiberechtigungen pr\u00fcfen<\/h3>\n<p>Falsche Dateiberechtigungen sind eine h\u00e4ufige Ursache f\u00fcr 403-Fehler.<\/p>\n<div class=\"highlight-block\">Stelle sicher, dass die Datei- oder Verzeichnisberechtigungen korrekt gesetzt sind. Im Allgemeinen sollten Verzeichnisse auf 755 und Dateien auf 644 gesetzt sein. Diese Berechtigungen erlauben dem Benutzer das Lesen und Schreiben, w\u00e4hrend andere nur lesen d\u00fcrfen.<\/div>\n<h3>.htaccess-Datei pr\u00fcfen<\/h3>\n<p>Die .htaccess-Datei ist eine Konfigurationsdatei auf Apache-Servern. Fehlerhafte Konfigurationen k\u00f6nnen zu einem 403-Fehler f\u00fchren.<\/p>\n<div class=\"highlight-block\">Stelle sicher, dass keine falschen Weiterleitungen oder Verbotsregeln in der .htaccess-Datei enthalten sind. Wenn du unsicher bist, benenne die Datei testweise um, um zu sehen, ob der Fehler verschwindet.<\/div>\n<h3>IP-Blockierung pr\u00fcfen<\/h3>\n<p>Der Server k\u00f6nnte so konfiguriert sein, dass bestimmte IP-Adressen blockiert werden.<\/p>\n<div class=\"highlight-block\">\u00dcberpr\u00fcfe die Firewall-Einstellungen oder Konfigurationsdateien des Servers, um festzustellen, ob deine IP blockiert wird. Falls ja, entferne sie aus der Blockliste.<\/div>\n<h3>Sicherheits-Plugins deaktivieren<\/h3>\n<p>Bei CMS-Systemen wie WordPress k\u00f6nnen Sicherheits-Plugins \u00fcberempfindlich sein und <a href=\"https:\/\/wordpress.org\/support\/topic\/wordpress-wp-admin-acces-403-forbidden\/\" target=\"_blank\" rel=\"nofollow noopener noreferrer\">403-Fehler<\/a> verursachen.<\/p>\n<div class=\"highlight-block\">Deaktiviere testweise deine Sicherheits-Plugins, um zu pr\u00fcfen, ob der Fehler verschwindet. Falls ja, passe die Einstellungen des verursachenden Plugins an.<\/div>\n<h3>Hotlink-Schutz pr\u00fcfen<\/h3>\n<div class=\"highlight-block\">Hotlink-Schutz verhindert, dass andere Websites direkt auf deine Dateien verlinken und so deine Bandbreite \u201estehlen\u201c. Falsch konfigurierte Hotlink-Schutzma\u00dfnahmen k\u00f6nnen zu 403-Fehlern f\u00fchren. \u00dcberpr\u00fcfe die Einstellungen.<\/div>\n<h3>Hosting-Anbieter kontaktieren<\/h3>\n<p>Wenn das Problem weiterhin besteht, ist es ratsam, den Hosting-Anbieter zu kontaktieren.<\/p>\n<div class=\"highlight-block\">Dieser kann die Server-Logs pr\u00fcfen, um herauszufinden, warum der 403-Fehler ausgel\u00f6st wird.<\/div>\n<p>Als vorbeugende Ma\u00dfnahme ist es empfehlenswert, regelm\u00e4\u00dfig auf 403- und andere Statusfehler zu pr\u00fcfen. Es gibt zahlreiche Tools, die deine Website crawlen und Fehler aufsp\u00fcren k\u00f6nnen. Eine schnelle Behebung hilft, die SEO-Leistung und Benutzerfreundlichkeit zu erhalten.<\/p>\n<h2 id=\"par5\">HTTP-Statuscode-Checker zur effektiven Erkennung von 403-Fehlern<\/h2>\n<div class=\"content__img-wrap\"><img src=\"https:\/\/sitechecker.pro\/wp-content\/uploads\/2023\/06\/http-status-code-checker.png\" alt=\"Http Status Code Checker\" class=\"description-img description-img-zoom\" loading=\"lazy\" ><\/div>\n<p>Der <a href=\"https:\/\/sitechecker.pro\/http-status-codes\/\" target=\"_blank\" rel=\"noopener noreferrer\">HTTP-Statuscode-Checker<\/a> von Sitechecker Pro ist ein leistungsstarkes Tool, das 403-Fehler bei einem Website-Audit effektiv erkennt. Es scannt deine Website \u00e4hnlich wie Suchmaschinen-Crawler und dokumentiert alle HTTP-Statuscodes, einschlie\u00dflich 403. So kannst du genau feststellen, wo diese Codes auftreten und ob sie korrekt implementiert oder problematisch f\u00fcr die SEO sind.<\/p>\n<p>Zus\u00e4tzlich zur Statuscode-Erkennung bietet Sitechecker Pro tiefe Einblicke in viele Website-Leistungskennzahlen \u2013 ein unverzichtbares Werkzeug f\u00fcr die SEO-Optimierung.<\/p>\n<h2 id=\"par6\">Fazit<\/h2>\n<p>Der 403-Statuscode zeigt an, dass der Server eine Anfrage aufgrund fehlender Berechtigungen nicht autorisiert. Solche Fehler k\u00f6nnen die SEO beeintr\u00e4chtigen, indem sie die Indexierung verhindern, das Crawl-Budget verschwenden, eine schlechte Nutzererfahrung verursachen und zu Rankingverlusten f\u00fchren. H\u00e4ufige Ursachen sind falsche Dateiberechtigungen, .htaccess-Probleme, IP-Blockierung, \u00fcberempfindliche Sicherheits-Plugins oder falsch konfigurierter Hotlink-Schutz. Eine schnelle Fehlerbehebung ist entscheidend.<\/p>\n<p>Tools wie der HTTP-Statuscode-Checker von Sitechecker Pro helfen, 403-Fehler schnell zu erkennen und zu beheben, um die SEO-Leistung zu sichern.<\/p>\n<div id=\"par7\"><\/div>\n<p><div class=\"front__faq-block\"><div class=\"faq__block-title\">FAQ<\/div><div class=\"panel-group\" id=\"faq-accordion\" itemscope itemtype=\"https:\/\/schema.org\/FAQPage\" role=\"tablist\" aria-multiselectable=\"true\"><div class=\"panel\" itemscope itemtype=\"https:\/\/schema.org\/Question\" itemprop=\"mainEntity\">\n                            <div class=\"panel-heading\" id=\"headingFaq-1\">\n                                <div class=\"panel-title\" data-toggle=\"collapse\" aria-expanded=\"false\" href=\"#collapseFaq-1\">\n                                    <h3 itemprop=\"name\">Was bedeutet \"Request failed with status code 403\"?<\/h3>\n                                <\/div>\n                            <\/div>\n                            <div id=\"collapseFaq-1\" class=\"panel-collapse collapse\" itemprop=\"acceptedAnswer\" itemscope itemtype=\"http:\/\/schema.org\/Answer\">\n                                <div class=\"panel-body\" itemprop=\"text\">\"Request failed with status code 403\" bedeutet, dass die vom Client gesendete Anfrage vom Server abgelehnt wurde, da keine ausreichende Autorisierung oder Berechtigung vorlag.<\/div>\n                            <\/div>\n                        <\/div><div class=\"panel\" itemscope itemtype=\"https:\/\/schema.org\/Question\" itemprop=\"mainEntity\">\n                            <div class=\"panel-heading\" id=\"headingFaq-2\">\n                                <div class=\"panel-title\" data-toggle=\"collapse\" aria-expanded=\"false\" href=\"#collapseFaq-2\">\n                                    <h3 itemprop=\"name\">Was bedeutet der 403-Statuscode in einer API?<\/h3>\n                                <\/div>\n                            <\/div>\n                            <div id=\"collapseFaq-2\" class=\"panel-collapse collapse\" itemprop=\"acceptedAnswer\" itemscope itemtype=\"http:\/\/schema.org\/Answer\">\n                                <div class=\"panel-body\" itemprop=\"text\">Der 403-Statuscode in einer API bedeutet, dass der Server die Anfrage verstanden hat, sie jedoch aus Berechtigungsgr\u00fcnden oder fehlender Authentifizierung nicht autorisiert.<\/div>\n                            <\/div>\n                        <\/div><div class=\"panel\" itemscope itemtype=\"https:\/\/schema.org\/Question\" itemprop=\"mainEntity\">\n                            <div class=\"panel-heading\" id=\"headingFaq-3\">\n                                <div class=\"panel-title\" data-toggle=\"collapse\" aria-expanded=\"false\" href=\"#collapseFaq-3\">\n                                    <h3 itemprop=\"name\">Bedeutet 403 Forbidden, dass ich blockiert wurde?<\/h3>\n                                <\/div>\n                            <\/div>\n                            <div id=\"collapseFaq-3\" class=\"panel-collapse collapse\" itemprop=\"acceptedAnswer\" itemscope itemtype=\"http:\/\/schema.org\/Answer\">\n                                <div class=\"panel-body\" itemprop=\"text\">Ein 403 Forbidden kann manchmal auf eine Blockierung hinweisen, aber auch durch andere Ursachen wie fehlende Berechtigungen oder Authentifizierungsprobleme ausgel\u00f6st werden. Blockierung ist eine m\u00f6gliche, aber nicht die einzige Erkl\u00e4rung.<\/div>\n                            <\/div>\n                        <\/div><\/div><\/div><\/p>","protected":false},"excerpt":{"rendered":"Der Statuscode 403, auch bekannt als 403 Forbidden, ist ein HTTP-Statuscode, der bedeutet, dass der Server die Anfrage verstanden hat, sie jedoch nicht autorisieren m\u00f6chte. Dieser Status ist dem 401 (Unauthorized) \u00e4hnlich, weist jedoch darauf hin, dass sich der Client authentifizieren muss, um die gew\u00fcnschte Antwort zu erhalten. Eine 403-Antwort garantiert nicht, dass der Client&#8230;","protected":false},"author":10409641,"featured_media":24708,"parent":0,"menu_order":0,"comment_status":"closed","ping_status":"closed","template":"pages-templates\/pages-v2.php","meta":[],"categories":[27],"tags":[],"_links":{"self":[{"href":"https:\/\/sitechecker.pro\/de\/wp-json\/wp\/v2\/pages\/24707"}],"collection":[{"href":"https:\/\/sitechecker.pro\/de\/wp-json\/wp\/v2\/pages"}],"about":[{"href":"https:\/\/sitechecker.pro\/de\/wp-json\/wp\/v2\/types\/page"}],"author":[{"embeddable":true,"href":"https:\/\/sitechecker.pro\/de\/wp-json\/wp\/v2\/users\/10409641"}],"replies":[{"embeddable":true,"href":"https:\/\/sitechecker.pro\/de\/wp-json\/wp\/v2\/comments?post=24707"}],"version-history":[{"count":8,"href":"https:\/\/sitechecker.pro\/de\/wp-json\/wp\/v2\/pages\/24707\/revisions"}],"predecessor-version":[{"id":37260,"href":"https:\/\/sitechecker.pro\/de\/wp-json\/wp\/v2\/pages\/24707\/revisions\/37260"}],"wp:featuredmedia":[{"embeddable":true,"href":"https:\/\/sitechecker.pro\/de\/wp-json\/wp\/v2\/media\/24708"}],"wp:attachment":[{"href":"https:\/\/sitechecker.pro\/de\/wp-json\/wp\/v2\/media?parent=24707"}],"wp:term":[{"taxonomy":"category","embeddable":true,"href":"https:\/\/sitechecker.pro\/de\/wp-json\/wp\/v2\/categories?post=24707"},{"taxonomy":"post_tag","embeddable":true,"href":"https:\/\/sitechecker.pro\/de\/wp-json\/wp\/v2\/tags?post=24707"}],"curies":[{"name":"wp","href":"https:\/\/api.w.org\/{rel}","templated":true}]}}