{"id":20598,"date":"2023-12-14T10:39:03","date_gmt":"2023-12-14T10:39:03","guid":{"rendered":"https:\/\/sitechecker.pro\/?page_id=20598"},"modified":"2025-03-20T10:04:34","modified_gmt":"2025-03-20T10:04:34","slug":"google-tag-manager-checker","status":"publish","type":"page","link":"https:\/\/sitechecker.pro\/de\/google-tag-manager-checker\/","title":{"rendered":"GTM Checker zum Testen, ob Google Tag Manager ordnungsgem\u00e4\u00df installiert ist \u1408"},"content":{"rendered":"<p><\/p>\n<h2 id=\"par1\">Was ist Google Tag Manager Checker?<\/h2>\n<p>Der Google Tag Manager Checker von <a href=\"http:\/\/Sitechecker.pro\" target=\"_blank\" rel=\"noopener noreferrer\">Sitechecker<\/a> pr\u00fcft, ob die Webseite Ihrer Website einen <a href=\"hat\" target=\"_blank\" rel=\"noopener noreferrer\">GTM-Code<\/a> und identifiziert etwaige Probleme damit. Es bietet eine Liste von Problemen auf der gesamten Website und Echtzeitberichte.<\/p>\n<h3>Wie kann Ihnen dieses Tool helfen?<\/h3>\n<ul>\n<li>\u00dcberpr\u00fcfen Sie die <strong>Pr\u00e4senz von Google Tag Manager<\/strong> auf bestimmten Website-Seiten und pr\u00fcfen Sie, ob Tag Manager ordnungsgem\u00e4\u00df funktioniert.<\/li>\n<li><strong>F\u00fchren Sie Site-Audits durch<\/strong>, kategorisieren Sie technische Fehler nach Schweregrad f\u00fcr eine schnelle L\u00f6sung, bieten Sie Korrekturhilfen an und verbessern Sie die Site-Leistung.<\/li>\n<li>Integrieren Sie detaillierte <strong>Daten aus Google Analytics und der Google Search Console<\/strong> in ein einziges Dashboard und optimieren Sie so die Analyseverwaltung.<\/li>\n<\/ul>\n<h3>Hauptfunktionen von Google Tag Assistant Checker<\/h3>\n<p><strong>Einheitliches Dashboard:<\/strong> Das Tool bietet ein zentrales Dashboard, in dem alle Informationen zum Website-Zustand, einschlie\u00dflich Statuscode, etwaigen Problemen und Analysen, an einem Ort angezeigt werden.<\/p>\n<p><strong>Benutzerfreundliche Oberfl\u00e4che:<\/strong> Die Benutzeroberfl\u00e4che ist intuitiv und einfach zu navigieren, sodass sie auch f\u00fcr Benutzer zug\u00e4nglich ist, die technisch nicht so versiert sind.<\/p>\n<p><strong>Komplettes SEO-Toolset: <\/strong>Das Tool umfasst eine Vielzahl von SEO-bezogenen Tools und Funktionen. Dies k\u00f6nnte die Analyse der Gesamtleistung der Website, die Lokalisierung von SEO-Problemen und das Anbieten von Strategien zur Suchmaschinenoptimierung zur Verbesserung der Online-Sichtbarkeit umfassen.<\/p>\n<h2 id=\"par2\">Wie verwende ich unseren Google Tag Manager Detector?<\/h2>\n<p>Unser Tool ist recht einfach zu bedienen. In nur wenigen Augenblicken erhalten Sie ein vollst\u00e4ndiges Website-Audit, das Ihnen alle Fehler und Tracking-Code-Probleme aufzeigt. Sehen wir uns an, wie das Google Tag Manager-Testtool funktioniert.<\/p>\n<h3>Schritt 1. F\u00fcgen Sie Ihre Domain hinzu<\/h3>\n<p>Geben Sie die URL Ihrer Website in das Feld auf der Zielseite ein. Klicken Sie gleich auf \u201eGTM pr\u00fcfen\u201c.<\/p>\n<div class=\"content__img-wrap\"><img src=\"https:\/\/sitechecker.pro\/wp-content\/uploads\/2023\/12\/google-tag-manager-checker.png\" alt=\"Google Tag Manager Checker\" class=\"description-img description-img-zoom\" loading=\"lazy\" ><\/div>\n<div class=\"important-block\">Um Ergebnisse zu erhalten und 14 Tage lang Zugriff auf die Sitechecker-Funktionen zu erhalten, starten Sie Ihre KOSTENLOSE Testversion. Die Anmeldung ist ganz einfach mit Ihrem E-Mail-, Google- oder Facebook-Konto. Es ist keine Kreditkarte erforderlich.<\/div>\n<h3>Schritt 2. Ergebnisse erhalten<\/h3>\n<p>Durch das Scannen einer Domain wird eine Pr\u00fcfung der Website f\u00fcr diese Domain erstellt, die technische Probleme der Website aufdeckt. Die Pr\u00fcfung umfasst das GTM-Code-Problem, falls es tats\u00e4chlich vorliegt, oder das Kontrollk\u00e4stchen \u201eFertig\u201c, falls der Code hinzugef\u00fcgt und ordnungsgem\u00e4\u00df ausgef\u00fchrt wurde.<\/p>\n<div class=\"content__img-wrap\"><img src=\"https:\/\/sitechecker.pro\/wp-content\/uploads\/2023\/12\/more-than-one-gtm-code.png\" alt=\"Mehr als ein GTM-Code\" class=\"description-img description-img-zoom\" loading=\"lazy\" ><\/div>\n<p>\u00dcber die GTM-Code-Verifizierung hinaus zeigt der Sitechecker beispielsweise wichtige Funktionen an:<\/p>\n<p><strong>Kritische Punkte, Warnungen, Chancen, Hinweise: <\/strong>Metriken, die den Zustand und die Leistungsprobleme einer Website zeigen.<\/p>\n<p><strong>Website-Bewertung: <\/strong>Eine visuelle Darstellung der Gesamtbewertung der Website basierend auf Daten aus dem Audit.<\/p>\n<p><strong>Gecrawlte und indexierbare Seiten: <\/strong>Anzahl der Seiten, die das Tool analysiert hat, und der Seiten, die von Suchmaschinen als indexierbar erachtet werden.<\/p>\n<p><strong>Problemliste: <\/strong>Eine detaillierte Auflistung der Website-Probleme, kategorisiert nach Typ, z. B. \u201eIntern\u201c, \u201eLinks\u201c und \u201eIndexierbarkeit\u201c.<\/p>\n<p><strong>Betroffene Seiten nach Kategorie:<\/strong> Eine prozentuale Aufschl\u00fcsselung, wie viele Seiten von jedem Problemtyp betroffen sind, bietet Einblick in Bereiche, die die meiste Aufmerksamkeit erfordern.<\/p>\n<div class=\"content__img-wrap\"><img src=\"https:\/\/sitechecker.pro\/wp-content\/uploads\/2023\/12\/site-audit-results.png\" alt=\"Site-Audit-Ergebnisse\" class=\"description-img description-img-zoom\" loading=\"lazy\" ><\/div>\n<p>Diese Pr\u00e4sentation veranschaulicht die F\u00e4higkeit des Tools, ein umfassendes <a href=\"https:\/\/sitechecker.pro\/on-page-seo-checker\/\" rel=\"noopener noreferrer\" target=\"_blank\">SEO-Audit<\/a> bereitzustellen , die umsetzbare Erkenntnisse f\u00fcr die Website-Optimierung liefern.<\/p>\n<h2 id=\"par3\">Zus\u00e4tzliche Funktionen des GTM Container Code Finder<\/h2>\n<p>Um tiefer in die Website-Analyse und die \u00dcberpr\u00fcfung des Post-GTM-Codes einzutauchen, verkn\u00fcpfen Sie daher Ihre Google Analytics- und Google Search Console-Konten:<\/p>\n<div class=\"content__img-wrap\"><img src=\"https:\/\/sitechecker.pro\/wp-content\/uploads\/2023\/12\/add-google-account.png\" alt=\"Google-Konto hinzuf\u00fcgen\" class=\"description-img description-img-zoom\" loading=\"lazy\" ><\/div>\n<p>Das neue Tab-Dashboard zeigt wichtige SEO-Kennzahlen: Gesamt- und organischer Traffic, Suchsichtbarkeit, indizierte Seiten, Impressionen, Klickraten, durchschnittliche Suchposition, Website-Score und bewertete Keywords, jeweils mit Trenddaten und prozentualer \u00c4nderung.<\/p>\n<div class=\"content__img-wrap\"><img src=\"https:\/\/sitechecker.pro\/wp-content\/uploads\/2023\/12\/sitechecker-dashboard.png\" alt=\"Sitechecker Dashboard\" class=\"description-img description-img-zoom\" loading=\"lazy\" ><\/div>\n<p>Das Dashboard zeigt Webanalysen mit Trenddiagrammen f\u00fcr den Website-Verkehr von Google Analytics und Suchleistungsmetriken von der Search Console \u00fcber einen ausgew\u00e4hlten Zeitraum.<\/p>\n<div class=\"content__img-wrap\"><img src=\"https:\/\/sitechecker.pro\/wp-content\/uploads\/2023\/12\/ga-gsc-data.png\" alt=\"GA GSC Data\" class=\"description-img description-img-zoom\" loading=\"lazy\" ><\/div>\n<h2 id=\"par4\">Endg\u00fcltige Idee<\/h2>\n<p>Der Google Tag Manager Container stellt sicher, dass der GTM-Code im Quellcode Ihrer Website ordnungsgem\u00e4\u00df funktioniert. Er bietet eine vollst\u00e4ndige Pr\u00fcfung und kategorisiert technische Fehler f\u00fcr eine schnelle L\u00f6sung. Es verf\u00fcgt \u00fcber eine benutzerfreundliche Oberfl\u00e4che und ein einheitliches Dashboard f\u00fcr einen umfassenden \u00dcberblick \u00fcber den Zustand der Website. Das Tool bietet au\u00dferdem ein komplettes SEO-Toolkit zur Leistungsanalyse und -optimierung. Es ist einfach zu bedienen, erfordert zum Starten lediglich Ihre Domain und integriert Daten aus Google Analytics und der Search Console, um umsetzbare Erkenntnisse zur Verbesserung der Online-Pr\u00e4senz Ihrer Website zu liefern.<\/p>\n<div id=\"par5\"><\/div>\n<p><div class=\"front__faq-block\"><div class=\"faq__block-title\">FAQ<\/div><div class=\"panel-group\" id=\"faq-accordion\" itemscope itemtype=\"https:\/\/schema.org\/FAQPage\" role=\"tablist\" aria-multiselectable=\"true\"><div class=\"panel\" itemscope itemtype=\"https:\/\/schema.org\/Question\" itemprop=\"mainEntity\">\n                            <div class=\"panel-heading\" id=\"headingFaq-1\">\n                                <div class=\"panel-title\" data-toggle=\"collapse\" aria-expanded=\"false\" href=\"#collapseFaq-1\">\n                                    <h3 itemprop=\"name\">Ist ein technischer Hintergrund erforderlich, um Google Tag Checker zu verwenden?<\/h3>\n                                <\/div>\n                            <\/div>\n                            <div id=\"collapseFaq-1\" class=\"panel-collapse collapse\" itemprop=\"acceptedAnswer\" itemscope itemtype=\"http:\/\/schema.org\/Answer\">\n                                <div class=\"panel-body\" itemprop=\"text\">Nein, es ist mit einer benutzerfreundlichen Oberfl\u00e4che ausgestattet, die es auch Personen ohne technisches Fachwissen erm\u00f6glicht, es effektiv zu nutzen.<\/div>\n                            <\/div>\n                        <\/div><div class=\"panel\" itemscope itemtype=\"https:\/\/schema.org\/Question\" itemprop=\"mainEntity\">\n                            <div class=\"panel-heading\" id=\"headingFaq-2\">\n                                <div class=\"panel-title\" data-toggle=\"collapse\" aria-expanded=\"false\" href=\"#collapseFaq-2\">\n                                    <h3 itemprop=\"name\">Kann GTM Code Checker bei SEO helfen?<\/h3>\n                                <\/div>\n                            <\/div>\n                            <div id=\"collapseFaq-2\" class=\"panel-collapse collapse\" itemprop=\"acceptedAnswer\" itemscope itemtype=\"http:\/\/schema.org\/Answer\">\n                                <div class=\"panel-body\" itemprop=\"text\">Ja, es enth\u00e4lt Tools f\u00fcr eine vollst\u00e4ndige SEO-Analyse und Optimierung der Website-Leistung f\u00fcr Suchmaschinen.<\/div>\n                            <\/div>\n                        <\/div><div class=\"panel\" itemscope itemtype=\"https:\/\/schema.org\/Question\" itemprop=\"mainEntity\">\n                            <div class=\"panel-heading\" id=\"headingFaq-3\">\n                                <div class=\"panel-title\" data-toggle=\"collapse\" aria-expanded=\"false\" href=\"#collapseFaq-3\">\n                                    <h3 itemprop=\"name\">Wie schnell liefert das Google Tag Manager Finder Tool Ergebnisse?<\/h3>\n                                <\/div>\n                            <\/div>\n                            <div id=\"collapseFaq-3\" class=\"panel-collapse collapse\" itemprop=\"acceptedAnswer\" itemscope itemtype=\"http:\/\/schema.org\/Answer\">\n                                <div class=\"panel-body\" itemprop=\"text\">Das Tool liefert kurz nach Eingabe Ihrer Domain und Einleitung der Pr\u00fcfung eine umfassende Pr\u00fcfung und detaillierte Ergebnisse.<\/div>\n                            <\/div>\n                        <\/div><div class=\"panel\" itemscope itemtype=\"https:\/\/schema.org\/Question\" itemprop=\"mainEntity\">\n                            <div class=\"panel-heading\" id=\"headingFaq-4\">\n                                <div class=\"panel-title\" data-toggle=\"collapse\" aria-expanded=\"false\" href=\"#collapseFaq-4\">\n                                    <h3 itemprop=\"name\">Muss ich Software installieren, um Google Tag Manager Checker verwenden zu k\u00f6nnen?<\/h3>\n                                <\/div>\n                            <\/div>\n                            <div id=\"collapseFaq-4\" class=\"panel-collapse collapse\" itemprop=\"acceptedAnswer\" itemscope itemtype=\"http:\/\/schema.org\/Answer\">\n                                <div class=\"panel-body\" itemprop=\"text\">Keine Installation erforderlich; Es handelt sich um ein webbasiertes Tool, das direkt \u00fcber Ihren Browser ausgef\u00fchrt wird.<\/div>\n                            <\/div>\n                        <\/div><div class=\"panel\" itemscope itemtype=\"https:\/\/schema.org\/Question\" itemprop=\"mainEntity\">\n                            <div class=\"panel-heading\" id=\"headingFaq-5\">\n                                <div class=\"panel-title\" data-toggle=\"collapse\" aria-expanded=\"false\" href=\"#collapseFaq-5\">\n                                    <h3 itemprop=\"name\">Welche Probleme kann der Google Tag Manager Validator bei Google-Tags auf meiner Website identifizieren?<\/h3>\n                                <\/div>\n                            <\/div>\n                            <div id=\"collapseFaq-5\" class=\"panel-collapse collapse\" itemprop=\"acceptedAnswer\" itemscope itemtype=\"http:\/\/schema.org\/Answer\">\n                                <div class=\"panel-body\" itemprop=\"text\">Es kann Probleme im Zusammenhang mit der Installation des Google Tag Assistant-Codes, technische SEO-Probleme und allgemeine Probleme mit dem Zustand der Website identifizieren.<\/div>\n                            <\/div>\n                        <\/div><\/div><\/div><\/p>","protected":false},"excerpt":{"rendered":"Was ist Google Tag Manager Checker? Der Google Tag Manager Checker von Sitechecker pr\u00fcft, ob die Webseite Ihrer Website einen GTM-Code und identifiziert etwaige Probleme damit. Es bietet eine Liste von Problemen auf der gesamten Website und Echtzeitberichte. Wie kann Ihnen dieses Tool helfen? \u00dcberpr\u00fcfen Sie die Pr\u00e4senz von Google Tag Manager auf bestimmten Website-Seiten&#8230;","protected":false},"author":10718706,"featured_media":21911,"parent":0,"menu_order":0,"comment_status":"closed","ping_status":"closed","template":"pages-templates\/pages-minitools.php","meta":[],"categories":[73],"tags":[],"_links":{"self":[{"href":"https:\/\/sitechecker.pro\/de\/wp-json\/wp\/v2\/pages\/20598"}],"collection":[{"href":"https:\/\/sitechecker.pro\/de\/wp-json\/wp\/v2\/pages"}],"about":[{"href":"https:\/\/sitechecker.pro\/de\/wp-json\/wp\/v2\/types\/page"}],"author":[{"embeddable":true,"href":"https:\/\/sitechecker.pro\/de\/wp-json\/wp\/v2\/users\/10718706"}],"replies":[{"embeddable":true,"href":"https:\/\/sitechecker.pro\/de\/wp-json\/wp\/v2\/comments?post=20598"}],"version-history":[{"count":12,"href":"https:\/\/sitechecker.pro\/de\/wp-json\/wp\/v2\/pages\/20598\/revisions"}],"predecessor-version":[{"id":36080,"href":"https:\/\/sitechecker.pro\/de\/wp-json\/wp\/v2\/pages\/20598\/revisions\/36080"}],"wp:featuredmedia":[{"embeddable":true,"href":"https:\/\/sitechecker.pro\/de\/wp-json\/wp\/v2\/media\/21911"}],"wp:attachment":[{"href":"https:\/\/sitechecker.pro\/de\/wp-json\/wp\/v2\/media?parent=20598"}],"wp:term":[{"taxonomy":"category","embeddable":true,"href":"https:\/\/sitechecker.pro\/de\/wp-json\/wp\/v2\/categories?post=20598"},{"taxonomy":"post_tag","embeddable":true,"href":"https:\/\/sitechecker.pro\/de\/wp-json\/wp\/v2\/tags?post=20598"}],"curies":[{"name":"wp","href":"https:\/\/api.w.org\/{rel}","templated":true}]}}