{"id":19570,"date":"2022-08-15T18:01:27","date_gmt":"2022-08-15T18:01:27","guid":{"rendered":"https:\/\/sitechecker.pro\/?page_id=19570"},"modified":"2025-03-20T10:04:33","modified_gmt":"2025-03-20T10:04:33","slug":"google-keyword-search-volume-checker-find-volume-stats-easy","status":"publish","type":"page","link":"https:\/\/sitechecker.pro\/de\/keyword-search-volume-checker\/","title":{"rendered":"Suchvolumen Checker von Keywords \u2611"},"content":{"rendered":"<p><\/p>\n<h2 id=\"par1\">Was ist der Keyword Search Volume Checker?<\/h2>\n<p>Der Keyword Search Volume Checker von <a href=\"https:\/\/sitechecker.pro\/\" target=\"_blank\" rel=\"noopener noreferrer\">Sitechecker<\/a> wurde entwickelt, um das Suchvolumen von Keywords zu \u00fcberpr\u00fcfen und Ideen auf der Grundlage von Google Search Console-Daten, SERP-Analysen und Einblicken in die Konkurrenz zu liefern. Es bietet Funktionen wie die Ermittlung des Suchvolumens, die \u00dcberpr\u00fcfung mehrerer R\u00e4nge mit anpassbaren Einstellungen f\u00fcr Standort und Sprache sowie die Integration mit Google-Konten f\u00fcr den Datenimport und die Leistungsverfolgung in Echtzeit.<\/p>\n<h3>Wie kann das Tool Sie unterst\u00fctzen?<\/h3>\n<p><strong>Suchvolumen erkennen: <\/strong>Dies erm\u00f6glicht die \u00dcberpr\u00fcfung des Keyword-Volumens, um zu erfahren, wie beliebt bestimmte Suchanfragen sind<\/p>\n<p><strong>Multi-Rank-Pr\u00fcfung: <\/strong>erm\u00f6glicht es Ihnen, Standort, Ger\u00e4t und Sprache f\u00fcr ma\u00dfgeschneiderte Einblicke anzupassen.<\/p>\n<p><strong>Google-Konten-Integrationen: <\/strong>Google Search Console wird unterst\u00fctzt, um Keywords zu importieren und ihre Leistung in Echtzeit zu verfolgen.<\/p>\n<h3>Hauptmerkmale des Keyword Volume Finders<\/h3>\n<p><strong>Unified Dashboard: <\/strong>bietet einen umfassenden \u00dcberblick \u00fcber die SEO-Metriken und erm\u00f6glicht eine optimierte \u00dcberwachung und Analyse.<\/p>\n<p><strong>Benutzerfreundliche Schnittstelle: <\/strong>wurde f\u00fcr eine einfache Navigation entwickelt, so dass sie f\u00fcr Benutzer aller Kenntnisstufen zug\u00e4nglich ist.<\/p>\n<p><strong>Komplettes SEO-Toolset: <\/strong>bietet eine vollst\u00e4ndige Suite von Tools, die f\u00fcr eine effektive Umsetzung der SEO-Strategie erforderlich sind, von der Keyword-Recherche bis hin zu Site-Audits.<\/p>\n<h2 id=\"par2\">Wie man das Tool benutzt<\/h2>\n<p>Unser Tool kann dazu beitragen, die SEO-Rankings Ihrer Website deutlich zu verbessern. Dank seiner Funktionalit\u00e4t erhalten Sie aktuelle Statistiken zu den am besten platzierten Schl\u00fcsselw\u00f6rtern und Tipps, welche Schl\u00fcsselw\u00f6rter Sie in Ihre Website integrieren sollten, um sie zum Erfolg zu f\u00fchren.<\/p>\n<p>Schauen Sie sich diese 3 schnellen Schritte an, um zu sehen, wie es funktioniert:<\/p>\n<h3>Schritt 1. Geben Sie Ihre Domain ein<\/h3>\n<p>Um die Arbeit mit unserem Tool zu beginnen, geben Sie die Domain Ihrer Website in die Suchleiste auf der Startseite ein. Um eine Pr\u00fcfung zu starten, klicken Sie auf die entsprechende Schaltfl\u00e4che &#8220;Keyword-Volumen pr\u00fcfen&#8221;.<\/p>\n<div class=\"content__img-wrap\"><img src=\"https:\/\/sitechecker.pro\/wp-content\/uploads\/2024\/02\/keyword-search-volume-checker.png\" alt=\"Keyword Search Volume Checker\" class=\"description-img description-img-zoom\" loading=\"lazy\" ><\/div>\n<div class=\"important-block\">Um Ergebnisse zu erhalten und 14 Tage lang Zugriff auf die Sitechecker-Funktionen zu erhalten, starten Sie Ihre KOSTENLOSE Testversion. Die Anmeldung ist ganz einfach mit Ihrem E-Mail-, Google- oder Facebook-Konto. Es ist keine Kreditkarte erforderlich.<\/div>\n<h3>Schritt 2: Schl\u00fcsselwortkonfiguration<\/h3>\n<p>W\u00e4hlen und bewerten Sie die Rankings der Suchanfragen ganz einfach mit einer von drei Methoden: Sie erhalten Vorschl\u00e4ge, nutzen Daten aus der Google Search Console oder laden eine Excel-Datei hoch.<\/p>\n<div class=\"content__img-wrap\"><img src=\"https:\/\/sitechecker.pro\/wp-content\/uploads\/2024\/02\/keyword-configuration.png\" alt=\"Keyword Configuration\" class=\"description-img description-img-zoom\" loading=\"lazy\" ><\/div>\n<p>Der Analyser erleichtert die Ermittlung aller relevanten Keywords, die mit den Rankings Ihrer Website verkn\u00fcpft sind. W\u00e4hlen Sie diejenigen aus, die mit Ihren Marketingzielen \u00fcbereinstimmen, und verfolgen Sie konsequent deren Leistung.<\/p>\n<div class=\"content__img-wrap\"><img src=\"https:\/\/sitechecker.pro\/wp-content\/uploads\/2024\/02\/keyword-suggestions-1.png\" alt=\"Keyword Suggestions\" class=\"description-img description-img-zoom\" loading=\"lazy\" ><\/div>\n<p>W\u00e4hlen Sie &#8220;Google Search Console&#8221;, um Keywords zu importieren und Ihre Rankings f\u00fcr diese Begriffe zu bewerten. Es wird ein Dialogfeld angezeigt, in dem Sie aufgefordert werden, eine Verbindung mit Google Search Console und Analytics herzustellen.<\/p>\n<div class=\"content__img-wrap\"><img src=\"https:\/\/sitechecker.pro\/wp-content\/uploads\/2024\/02\/connect-google-account.png\" alt=\"Connect Google Account\" class=\"description-img description-img-zoom\" loading=\"lazy\" ><\/div>\n<p>Diese Funktion erm\u00f6glicht es unserem Tool, Schl\u00fcsselbegriffe direkt aus der Google Search Console zu ziehen, zusammen mit ihren aktuellen Ranking-Informationen, und sie m\u00fchelos in Ihre Tracking-Liste zu integrieren.<\/p>\n<div class=\"content__img-wrap\"><img src=\"https:\/\/sitechecker.pro\/wp-content\/uploads\/2024\/02\/gsc-keywords.png\" alt=\"GSC Keywords\" class=\"description-img description-img-zoom\" loading=\"lazy\" ><\/div>\n<p>Verwenden Sie die Option &#8220;Excel-Datei&#8221;, um eine benutzerdefinierte Liste von Suchanfragen aus einem Excel-Dokument hochzuladen. Das benutzerfreundliche Format des Tools vereinfacht das Hinzuf\u00fcgen vieler spezifischer Abfragen f\u00fcr die individuelle Nachverfolgung und Analyse.<\/p>\n<div class=\"content__img-wrap\"><img src=\"https:\/\/sitechecker.pro\/wp-content\/uploads\/2024\/02\/import-keywords-1.png\" alt=\"Import Keywords\" class=\"description-img description-img-zoom\" loading=\"lazy\" ><\/div>\n<p>Sie haben auch die M\u00f6glichkeit, die Einstellungen der Suchmaschine anzupassen, um Ihre Zielgruppe genauer zu definieren und Ihre Suchpr\u00e4ferenzen zu verfeinern. Dazu geh\u00f6rt die Auswahl bestimmter geografischer Standorte, Sprachen und Ger\u00e4te wie Desktops und Mobiltelefone, um die Eigenschaften Ihres Publikums besser zu ber\u00fccksichtigen.<\/p>\n<div class=\"content__img-wrap\"><img src=\"https:\/\/sitechecker.pro\/wp-content\/uploads\/2024\/02\/search-engine-settings-1.png\" alt=\"Search Engine Settings\" class=\"description-img description-img-zoom\" loading=\"lazy\" ><\/div>\n<p>Sobald Sie Ihre Einstellungen abgeschlossen haben, klicken Sie auf &#8216;Hinzuf\u00fcgen&#8217;. Mit der Option &#8216;Schl\u00fcsselw\u00f6rter verwalten&#8217; k\u00f6nnen Sie Ihre Schl\u00fcsselw\u00f6rter seiten\u00fcbergreifend kategorisieren und priorisieren, um Ihre Marketingstrategie effektiv anzupassen.<\/p>\n<div class=\"content__img-wrap\"><img src=\"https:\/\/sitechecker.pro\/wp-content\/uploads\/2024\/02\/manage-keywords-1.png\" alt=\"Manage Keywords\" class=\"description-img description-img-zoom\" loading=\"lazy\" ><\/div>\n<h3>Schritt 3: Sammeln Sie Suchvolumen-Daten f\u00fcr die Ziel-Keywords<\/h3>\n<p>Nach dem Hinzuf\u00fcgen von Schl\u00fcsselw\u00f6rtern sammelt das Tool Suchergebnisdaten f\u00fcr diese Begriffe und erstellt eine verfolgbare Anfrageliste. An dieser Stelle k\u00f6nnen Sie relevante Keywords f\u00fcr die Nachverfolgung gruppieren, URLs, einschlie\u00dflich des Suchvolumens und des Vorhandenseins von Featured Snippets, neben anderen Metriken.<\/p>\n<div class=\"content__img-wrap\"><img src=\"https:\/\/sitechecker.pro\/wp-content\/uploads\/2024\/02\/keywords-volume.png\" alt=\"Keywords Volume\" class=\"description-img description-img-zoom\" loading=\"lazy\" ><\/div>\n<h2 id=\"par3\">Zusatzfunktionen<\/h2>\n<p>Der Bulk Keyword Search Volume Checker verf\u00fcgt \u00fcber einen Hauptnavigationsbereich, in dem Sie zwischen &#8220;Keywords&#8221; und &#8220;Seiten&#8221; umschalten k\u00f6nnen, um zwei verschiedene Analyseperspektiven zu erhalten. \u00dcber einen Datumsbereich in der oberen rechten Ecke k\u00f6nnen Benutzer den Zeitrahmen f\u00fcr die dargestellten Daten festlegen. Darunter werden wichtige SEO-Kennzahlen angezeigt: Ranking-Verteilung, prozentuale Sichtbarkeit und Indexierungsfortschritt. Diese Metriken bieten Einblicke in die Suchleistung und Sichtbarkeit der getrackten Keywords oder Seiten innerhalb des angegebenen Zeitraums.<\/p>\n<div class=\"content__img-wrap\"><img src=\"https:\/\/sitechecker.pro\/wp-content\/uploads\/2024\/02\/rank-tracker-dashboard.png\" alt=\"Rank Tracker Dashboard\" class=\"description-img description-img-zoom\" loading=\"lazy\" ><\/div>\n<p>Der Google Keyword Search Volume Checker veranschaulicht eine Liste von Keywords zusammen mit mehreren Schl\u00fcsselmetriken. Er zeigt das Suchvolumen jedes Keywords, ein Trenddiagramm und die aktuelle Position in den Suchrankings an.<\/p>\n<p>Dar\u00fcber hinaus bietet er einen t\u00e4glichen Vergleich der Ver\u00e4nderungen in den Ranglistenpositionen. Jedes Schl\u00fcsselwort wird von Flaggen begleitet, die das Zielland angeben, sowie von einem SERP-Funktionssymbol, was darauf hindeutet, dass das Tool auch die mit jedem Schl\u00fcsselwort verbundenen Funktionen der Suchmaschinenergebnisseite verfolgt.<\/p>\n<div class=\"content__img-wrap\"><img src=\"https:\/\/sitechecker.pro\/wp-content\/uploads\/2024\/02\/keywords-positions.png\" alt=\"Keywords Positions\" class=\"description-img description-img-zoom\" loading=\"lazy\" ><\/div>\n<h2 id=\"par4\">Endg\u00fcltige Idee<\/h2>\n<p>Der Keyword Search Volume Finder ist ein digitales Tool, das dazu dient, die SEO einer Website zu verbessern, indem es das Suchvolumen von Schl\u00fcsselw\u00f6rtern sch\u00e4tzt und Ideen auf der Grundlage von Google Search Console-Daten, SERP-Analysen und Einblicken in die Konkurrenz liefert. Es bietet Funktionen wie die Messung des Suchvolumens, die \u00dcberpr\u00fcfung mehrerer R\u00e4nge mit anpassbaren Einstellungen f\u00fcr Standort und Sprache sowie die Integration mit Google-Konten f\u00fcr den Datenimport und die Leistungsverfolgung in Echtzeit. Zu den wichtigsten Funktionen geh\u00f6ren ein einheitliches Dashboard f\u00fcr SEO-Metriken, eine benutzerfreundliche Oberfl\u00e4che f\u00fcr eine einfache Navigation und ein komplettes Set von SEO-Tools f\u00fcr die Keyword-Recherche und Website-Audits. Das Tool hilft bei der Keyword-Konfiguration und bietet detaillierte Analysen zur Information und Verbesserung von SEO-Strategien.<\/p>\n<div id=\"par5\"><\/div>\n<p><div class=\"front__faq-block\"><div class=\"faq__block-title\">FAQ<\/div><div class=\"panel-group\" id=\"faq-accordion\" itemscope itemtype=\"https:\/\/schema.org\/FAQPage\" role=\"tablist\" aria-multiselectable=\"true\"><div class=\"panel\" itemscope itemtype=\"https:\/\/schema.org\/Question\" itemprop=\"mainEntity\">\n                            <div class=\"panel-heading\" id=\"headingFaq-1\">\n                                <div class=\"panel-title\" data-toggle=\"collapse\" aria-expanded=\"false\" href=\"#collapseFaq-1\">\n                                    <h3 itemprop=\"name\">Kann ich das Suchvolumen von Schl\u00fcsselw\u00f6rtern in verschiedenen L\u00e4ndern verfolgen?<\/h3>\n                                <\/div>\n                            <\/div>\n                            <div id=\"collapseFaq-1\" class=\"panel-collapse collapse\" itemprop=\"acceptedAnswer\" itemscope itemtype=\"http:\/\/schema.org\/Answer\">\n                                <div class=\"panel-body\" itemprop=\"text\">Ja, mit dem Tool k\u00f6nnen Sie Ihre Suche anpassen, indem Sie bestimmte geografische Standorte ausw\u00e4hlen, um das Suchvolumen von Schl\u00fcsselw\u00f6rtern zu verfolgen, die f\u00fcr verschiedene L\u00e4nder relevant sind.<\/div>\n                            <\/div>\n                        <\/div><div class=\"panel\" itemscope itemtype=\"https:\/\/schema.org\/Question\" itemprop=\"mainEntity\">\n                            <div class=\"panel-heading\" id=\"headingFaq-2\">\n                                <div class=\"panel-title\" data-toggle=\"collapse\" aria-expanded=\"false\" href=\"#collapseFaq-2\">\n                                    <h3 itemprop=\"name\">Ist die Keyword-Suchvolumensuche hilfreich f\u00fcr das Content-Marketing?<\/h3>\n                                <\/div>\n                            <\/div>\n                            <div id=\"collapseFaq-2\" class=\"panel-collapse collapse\" itemprop=\"acceptedAnswer\" itemscope itemtype=\"http:\/\/schema.org\/Answer\">\n                                <div class=\"panel-body\" itemprop=\"text\">Absolut, es hilft dabei, Keywords mit hohem Volumen zu identifizieren, auf die Sie abzielen k\u00f6nnen, Ihre Inhalte auf die Suchanfragen Ihrer Zielgruppe abzustimmen und so Ihre Content-Marketing-Strategie zu verbessern.<\/div>\n                            <\/div>\n                        <\/div><div class=\"panel\" itemscope itemtype=\"https:\/\/schema.org\/Question\" itemprop=\"mainEntity\">\n                            <div class=\"panel-heading\" id=\"headingFaq-3\">\n                                <div class=\"panel-title\" data-toggle=\"collapse\" aria-expanded=\"false\" href=\"#collapseFaq-3\">\n                                    <h3 itemprop=\"name\">Wie oft werden die Keyword-Ranking-Daten im Tool aktualisiert?<\/h3>\n                                <\/div>\n                            <\/div>\n                            <div id=\"collapseFaq-3\" class=\"panel-collapse collapse\" itemprop=\"acceptedAnswer\" itemscope itemtype=\"http:\/\/schema.org\/Answer\">\n                                <div class=\"panel-body\" itemprop=\"text\">Das Tool bietet regelm\u00e4\u00dfige Updates, wobei die H\u00e4ufigkeit h\u00e4ufig von den spezifischen Einstellungen und Abonnements abh\u00e4ngt, die Sie im Tool ausgew\u00e4hlt haben.<\/div>\n                            <\/div>\n                        <\/div><\/div><\/div><\/p>","protected":false},"excerpt":{"rendered":"Was ist der Keyword Search Volume Checker? Der Keyword Search Volume Checker von Sitechecker wurde entwickelt, um das Suchvolumen von Keywords zu \u00fcberpr\u00fcfen und Ideen auf der Grundlage von Google Search Console-Daten, SERP-Analysen und Einblicken in die Konkurrenz zu liefern. Es bietet Funktionen wie die Ermittlung des Suchvolumens, die \u00dcberpr\u00fcfung mehrerer R\u00e4nge mit anpassbaren Einstellungen&#8230;","protected":false},"author":10718706,"featured_media":23028,"parent":0,"menu_order":0,"comment_status":"closed","ping_status":"closed","template":"pages-templates\/pages-minitools-3.php","meta":[],"categories":[71],"tags":[],"_links":{"self":[{"href":"https:\/\/sitechecker.pro\/de\/wp-json\/wp\/v2\/pages\/19570"}],"collection":[{"href":"https:\/\/sitechecker.pro\/de\/wp-json\/wp\/v2\/pages"}],"about":[{"href":"https:\/\/sitechecker.pro\/de\/wp-json\/wp\/v2\/types\/page"}],"author":[{"embeddable":true,"href":"https:\/\/sitechecker.pro\/de\/wp-json\/wp\/v2\/users\/10718706"}],"replies":[{"embeddable":true,"href":"https:\/\/sitechecker.pro\/de\/wp-json\/wp\/v2\/comments?post=19570"}],"version-history":[{"count":11,"href":"https:\/\/sitechecker.pro\/de\/wp-json\/wp\/v2\/pages\/19570\/revisions"}],"predecessor-version":[{"id":36079,"href":"https:\/\/sitechecker.pro\/de\/wp-json\/wp\/v2\/pages\/19570\/revisions\/36079"}],"wp:featuredmedia":[{"embeddable":true,"href":"https:\/\/sitechecker.pro\/de\/wp-json\/wp\/v2\/media\/23028"}],"wp:attachment":[{"href":"https:\/\/sitechecker.pro\/de\/wp-json\/wp\/v2\/media?parent=19570"}],"wp:term":[{"taxonomy":"category","embeddable":true,"href":"https:\/\/sitechecker.pro\/de\/wp-json\/wp\/v2\/categories?post=19570"},{"taxonomy":"post_tag","embeddable":true,"href":"https:\/\/sitechecker.pro\/de\/wp-json\/wp\/v2\/tags?post=19570"}],"curies":[{"name":"wp","href":"https:\/\/api.w.org\/{rel}","templated":true}]}}