{"id":19069,"date":"2022-08-11T14:53:57","date_gmt":"2022-08-11T14:53:57","guid":{"rendered":"https:\/\/sitechecker.pro\/?page_id=19069"},"modified":"2024-10-08T15:12:12","modified_gmt":"2024-10-08T15:12:12","slug":"orphan-page-checker","status":"publish","type":"page","link":"https:\/\/sitechecker.pro\/de\/orphan-page-checker\/","title":{"rendered":"Orphan Page Checker| Finden und reparieren Sie verwaiste Website-Seiten \u2611"},"content":{"rendered":"<p><\/p>\n<h2 id=\"par1\">Was ist der Orphan Page Checker?<\/h2>\n<p>Der Orphan Pages Checker von <a href=\"https:\/\/sitechecker.pro\/\" target=\"_blank\" rel=\"noopener noreferrer\">Sitechecker<\/a> ist ein Tool zur Identifizierung von <a href=\"https:\/\/sitechecker.pro\/what-is-orphan-page\/\" target=\"_blank\" rel=\"noopener noreferrer\">verwaisten Seiten<\/a> auf Websites &#8211; Seiten ohne eingehende <a href=\"https:\/\/sitechecker.pro\/what-is-internal-link\/\" target=\"_blank\" rel=\"noopener noreferrer\">interne Links<\/a>, wodurch sie von Nutzern und Suchmaschinen schwer zu finden sind. Das Tool scannt nach blinden Seiten und listet sie auf. Es hilft Website-Besitzern, die Website-Navigation und die SEO-Leistung zu verbessern, indem es diese versteckten Seiten anspricht.<\/p>\n<h3>Wie kann das Tool Sie unterst\u00fctzen?<\/h3>\n<p><strong>Identifizierung verwaister Seiten: <\/strong>identifiziert automatisch Links auf einer Website, die keine internen Links haben, die auf sie zeigen.<\/p>\n<p><strong>Bewertung der internen Linkst\u00e4rke: <\/strong>bewertet den internen Linkwert jeder Webseite und identifiziert die st\u00e4rksten und schw\u00e4chsten Links in Bezug auf die Seitengewichtung.<\/p>\n<p><strong>Verbesserung der Navigation: <\/strong>hilft bei der Verbesserung der Website-Navigation, indem es sicherstellt, dass alle Links \u00fcber interne Links zug\u00e4nglich sind, wodurch die Benutzerfreundlichkeit verbessert wird.<\/p>\n<p><strong>Umfassender Website-Scan: <\/strong>f\u00fchrt einen gr\u00fcndlichen Scan der Website durch, um alle Links und Probleme im Zusammenhang mit internen Links zu erkennen.<\/p>\n<h3>Hauptmerkmale des Tools<\/h3>\n<p><strong>Unified Dashboard: <\/strong>bietet eine zentrale Plattform f\u00fcr die \u00dcberwachung und Verwaltung aller Aspekte der SEO-Leistung einer Website und bietet einen umfassenden \u00dcberblick \u00fcber Metriken und Erkenntnisse an einem Ort.<\/p>\n<p><strong>User-friendly Interface: <\/strong>wurde mit Blick auf die Benutzerfreundlichkeit entwickelt, um sicherzustellen, dass Benutzer aller Qualifikationsniveaus das Tool effektiv zur Optimierung ihrer Website nutzen und navigieren k\u00f6nnen.<\/p>\n<p><strong>Komplettes SEO-Toolset: <\/strong>bietet eine breite Palette von SEO-Tools, einschlie\u00dflich Website-Auditing, Ranking-Tracking, Backlink-Analyse und mehr, die alles bieten, was zur Verbesserung der Sichtbarkeit und Leistung einer Website in den Suchmaschinen erforderlich ist.<\/p>\n<h2 id=\"par2\">So verwenden Sie das Tool<\/h2>\n<p>Wenn Sie eine Website betreiben, m\u00fcssen Sie sicherstellen, dass alle Ihre URLs zug\u00e4nglich sind und von Webcrawlern gefunden werden k\u00f6nnen. Verwaiste Seiten sind Seiten, die durch interne Verlinkung nicht gefunden werden k\u00f6nnen und keinen <a href=\"https:\/\/sitechecker.pro\/what-is-404-status-code\/\" target=\"_blank\" rel=\"noopener noreferrer\">404-Statuscode<\/a> haben. Dies kann zu Problemen f\u00fcr Ihre Website f\u00fchren, da diese Links f\u00fcr Suchmaschinen praktisch unsichtbar sind.<\/p>\n<p>Das Tool Orphan Page Checker kann Ihnen helfen, diese Probleme zu finden und zu beheben, damit Ihre Website optimal funktioniert.<\/p>\n<h3>Schritt 1: Geben Sie Ihre URL ein<\/h3>\n<p>Geben Sie die URL ein, die Sie scannen m\u00f6chten.<\/p>\n<div class=\"content__img-wrap\"><img src=\"https:\/\/sitechecker.pro\/wp-content\/uploads\/2024\/02\/orphan-page-checker.png\" alt=\"Orphan Page Checker\" class=\"description-img description-img-zoom\" loading=\"lazy\" ><\/div>\n<div class=\"important-block\">Um Ergebnisse zu erhalten und 14 Tage lang Zugriff auf die Sitechecker-Funktionen zu erhalten, starten Sie Ihre KOSTENLOSE Testversion. Die Anmeldung ist ganz einfach mit Ihrem E-Mail-, Google- oder Facebook-Konto. Es ist keine Kreditkarte erforderlich.<\/div>\n<h3>Schritt 2: Interpretation der Pr\u00fcfergebnisse f\u00fcr verwaiste Seiten<\/h3>\n<p>Das Tool kann verwaiste URLs leicht identifizieren, d. h. Seiten, die nicht \u00fcber interne Links, sondern nur \u00fcber die Sitemap gefunden werden. Das Instrument bietet direkte Anleitungen zu Abhilfestrategien mit einer &#8220;How-to-fix&#8221;-Funktion.<\/p>\n<p>Im zentralen Bereich befindet sich eine umfassende Tabelle, in der verwaiste Seiten zusammen mit den entsprechenden Metriken wie Seitengewicht und Statuscode aufgef\u00fchrt sind. So k\u00f6nnen Sie nicht nur Probleme erkennen, sondern erhalten auch die n\u00f6tigen Informationen, um sie zu priorisieren und effektiv zu beheben. Die Benutzeroberfl\u00e4che ist so konzipiert, dass sie sofortiges Handeln erm\u00f6glicht, mit Tools f\u00fcr die URL-Filterung, die Spaltenverwaltung und die Initiierung eines neuen Crawls, um die Daten aktuell zu halten.<\/p>\n<div class=\"content__img-wrap\"><img src=\"https:\/\/sitechecker.pro\/wp-content\/uploads\/2024\/02\/orphan-urls-via-sitemap.png\" alt=\"Orphan URLs via Sitemap\" class=\"description-img description-img-zoom\" loading=\"lazy\" ><\/div>\n<h2 id=\"par3\">Additional Features<\/h2>\n<p>Das Tool gibt Ihnen auch einen intuitiven \u00dcberblick \u00fcber den SEO-Status ihrer Website. Das Dashboard zeigt eine Zusammenfassung des Zustands der Website, kategorisiert in kritische Probleme, Warnungen, Chancen und Hinweise, mit einer Gesamtbewertung der Website, die den aktuellen SEO-Status der Website widerspiegelt.<\/p>\n<p>Innerhalb der Audit-Zusammenfassung zeigt eine gezielte Problemliste Bereiche wie Content-Relevanz und Links, Website-Geschwindigkeit, Sicherheit und mehr auf.<\/p>\n<div class=\"content__img-wrap\"><img src=\"https:\/\/sitechecker.pro\/wp-content\/uploads\/2024\/02\/site-audit-issues-list.png\" alt=\"Site Audit Issues List\" class=\"description-img description-img-zoom\" loading=\"lazy\" ><\/div>\n<p>Auf der Registerkarte &#8220;Alle HTML-Seiten&#8221; k\u00f6nnen Sie mit dem Indikator &#8220;<a href=\"https:\/\/sitechecker.pro\/page-rank\/\" target=\"_blank\" rel=\"noopener noreferrer\">Seitengewicht<\/a>&#8221; den Optimierungsgrad von Seiten f\u00fcr interne Verlinkung erkennen. Eine Punktzahl von 0 bedeutet, dass keine internen Links auf eine Seite verweisen, w\u00e4hrend h\u00f6here Punktzahlen f\u00fcr besser optimierte Seiten mit mehr internen Links stehen.<\/p>\n<div class=\"content__img-wrap\"><img src=\"https:\/\/sitechecker.pro\/wp-content\/uploads\/2024\/02\/html-pages-page-weight.png\" alt=\"HTML Pages Page Weight\" class=\"description-img description-img-zoom\" loading=\"lazy\" ><\/div>\n<h2 id=\"par4\">Final Idea<\/h2>\n<p>Der Orphan Page Finder ist ein SEO-Tool, mit dem verwaiste URLs identifiziert und aufgel\u00f6st werden k\u00f6nnen. Es bietet eine benutzerfreundliche Oberfl\u00e4che und ein einheitliches Dashboard f\u00fcr ein komplettes SEO-Toolkit, einschlie\u00dflich Site-Auditing und Ranking-Tracking. Durch das Scannen nach verwaisten Seiten hilft das Tool bei der Verbesserung der Website-Navigation und der allgemeinen SEO-Gesundheit. Benutzer k\u00f6nnen ihre URLs einfach scannen, die Ergebnisse mit detaillierten Metriken interpretieren und mit den bereitgestellten Anleitungen Ma\u00dfnahmen ergreifen. Zu den weiteren Funktionen geh\u00f6ren \u00dcbersichten \u00fcber den SEO-Status, die Priorisierung von Problemen und die M\u00f6glichkeit, Daten f\u00fcr eine kontinuierliche Website-Optimierung erneut abzurufen und zu exportieren.<\/p>\n<div id=\"par5\"><\/div>\n<p><div class=\"front__faq-block\"><div class=\"faq__block-title\">FAQ<\/div><div class=\"panel-group\" id=\"faq-accordion\" itemscope itemtype=\"https:\/\/schema.org\/FAQPage\" role=\"tablist\" aria-multiselectable=\"true\"><div class=\"panel\" itemscope itemtype=\"https:\/\/schema.org\/Question\" itemprop=\"mainEntity\">\n                            <div class=\"panel-heading\" id=\"headingFaq-1\">\n                                <div class=\"panel-title\" data-toggle=\"collapse\" aria-expanded=\"false\" href=\"#collapseFaq-1\">\n                                    <h3 itemprop=\"name\">Kann der Orphan Page Detector dabei helfen, die Indexierbarkeit meiner Website zu verbessern?<\/h3>\n                                <\/div>\n                            <\/div>\n                            <div id=\"collapseFaq-1\" class=\"panel-collapse collapse\" itemprop=\"acceptedAnswer\" itemscope itemtype=\"http:\/\/schema.org\/Answer\">\n                                <div class=\"panel-body\" itemprop=\"text\">Ja, durch die Identifizierung und Aufl\u00f6sung verwaister Seiten erh\u00f6ht das Tool die Sichtbarkeit Ihrer Inhalte f\u00fcr Suchmaschinen und verbessert so die Indexierbarkeit.<\/div>\n                            <\/div>\n                        <\/div><div class=\"panel\" itemscope itemtype=\"https:\/\/schema.org\/Question\" itemprop=\"mainEntity\">\n                            <div class=\"panel-heading\" id=\"headingFaq-2\">\n                                <div class=\"panel-title\" data-toggle=\"collapse\" aria-expanded=\"false\" href=\"#collapseFaq-2\">\n                                    <h3 itemprop=\"name\">Wie lange dauert die Durchf\u00fchrung eines Scans mit dem Orphan Page Analyzer?<\/h3>\n                                <\/div>\n                            <\/div>\n                            <div id=\"collapseFaq-2\" class=\"panel-collapse collapse\" itemprop=\"acceptedAnswer\" itemscope itemtype=\"http:\/\/schema.org\/Answer\">\n                                <div class=\"panel-body\" itemprop=\"text\">Der Scan ist schnell und effizient; die Dauer kann jedoch je nach Gr\u00f6\u00dfe Ihrer Website variieren. Ergebnisse sind normalerweise kurz nach dem Start des Scans verf\u00fcgbar.<\/div>\n                            <\/div>\n                        <\/div><div class=\"panel\" itemscope itemtype=\"https:\/\/schema.org\/Question\" itemprop=\"mainEntity\">\n                            <div class=\"panel-heading\" id=\"headingFaq-3\">\n                                <div class=\"panel-title\" data-toggle=\"collapse\" aria-expanded=\"false\" href=\"#collapseFaq-3\">\n                                    <h3 itemprop=\"name\">Bietet der Orphan Page Checker L\u00f6sungen f\u00fcr identifizierte Probleme?<\/h3>\n                                <\/div>\n                            <\/div>\n                            <div id=\"collapseFaq-3\" class=\"panel-collapse collapse\" itemprop=\"acceptedAnswer\" itemscope itemtype=\"http:\/\/schema.org\/Answer\">\n                                <div class=\"panel-body\" itemprop=\"text\">Ja, es bietet eine \u201eHow-to-Fix\u201c-Funktion, die direkte Hinweise zu Behebungsstrategien f\u00fcr die identifizierten verwaisten URLs gibt.<\/div>\n                            <\/div>\n                        <\/div><div class=\"panel\" itemscope itemtype=\"https:\/\/schema.org\/Question\" itemprop=\"mainEntity\">\n                            <div class=\"panel-heading\" id=\"headingFaq-4\">\n                                <div class=\"panel-title\" data-toggle=\"collapse\" aria-expanded=\"false\" href=\"#collapseFaq-4\">\n                                    <h3 itemprop=\"name\">Kann ich die Ergebnisse des Orphan Page Checker zu Berichtszwecken exportieren?<\/h3>\n                                <\/div>\n                            <\/div>\n                            <div id=\"collapseFaq-4\" class=\"panel-collapse collapse\" itemprop=\"acceptedAnswer\" itemscope itemtype=\"http:\/\/schema.org\/Answer\">\n                                <div class=\"panel-body\" itemprop=\"text\">Ja, das Tool enth\u00e4lt Funktionen zum Exportieren von Daten, sodass Sie Ihre Ergebnisse au\u00dferhalb der Plattform analysieren und dar\u00fcber berichten k\u00f6nnen.<\/div>\n                            <\/div>\n                        <\/div><\/div><\/div><\/p>","protected":false},"excerpt":{"rendered":"Was ist der Orphan Page Checker? Der Orphan Pages Checker von Sitechecker ist ein Tool zur Identifizierung von verwaisten Seiten auf Websites &#8211; Seiten ohne eingehende interne Links, wodurch sie von Nutzern und Suchmaschinen schwer zu finden sind. Das Tool scannt nach blinden Seiten und listet sie auf. Es hilft Website-Besitzern, die Website-Navigation und die&#8230;","protected":false},"author":10504980,"featured_media":23029,"parent":0,"menu_order":0,"comment_status":"closed","ping_status":"closed","template":"pages-templates\/pages-minitools.php","meta":[],"categories":[74],"tags":[],"_links":{"self":[{"href":"https:\/\/sitechecker.pro\/de\/wp-json\/wp\/v2\/pages\/19069"}],"collection":[{"href":"https:\/\/sitechecker.pro\/de\/wp-json\/wp\/v2\/pages"}],"about":[{"href":"https:\/\/sitechecker.pro\/de\/wp-json\/wp\/v2\/types\/page"}],"author":[{"embeddable":true,"href":"https:\/\/sitechecker.pro\/de\/wp-json\/wp\/v2\/users\/10504980"}],"replies":[{"embeddable":true,"href":"https:\/\/sitechecker.pro\/de\/wp-json\/wp\/v2\/comments?post=19069"}],"version-history":[{"count":16,"href":"https:\/\/sitechecker.pro\/de\/wp-json\/wp\/v2\/pages\/19069\/revisions"}],"predecessor-version":[{"id":33735,"href":"https:\/\/sitechecker.pro\/de\/wp-json\/wp\/v2\/pages\/19069\/revisions\/33735"}],"wp:featuredmedia":[{"embeddable":true,"href":"https:\/\/sitechecker.pro\/de\/wp-json\/wp\/v2\/media\/23029"}],"wp:attachment":[{"href":"https:\/\/sitechecker.pro\/de\/wp-json\/wp\/v2\/media?parent=19069"}],"wp:term":[{"taxonomy":"category","embeddable":true,"href":"https:\/\/sitechecker.pro\/de\/wp-json\/wp\/v2\/categories?post=19069"},{"taxonomy":"post_tag","embeddable":true,"href":"https:\/\/sitechecker.pro\/de\/wp-json\/wp\/v2\/tags?post=19069"}],"curies":[{"name":"wp","href":"https:\/\/api.w.org\/{rel}","templated":true}]}}