{"id":19066,"date":"2022-08-12T08:06:51","date_gmt":"2022-08-12T08:06:51","guid":{"rendered":"https:\/\/sitechecker.pro\/?page_id=19066"},"modified":"2026-02-16T17:01:05","modified_gmt":"2026-02-16T17:01:05","slug":"hreflang-checker","status":"publish","type":"page","link":"https:\/\/sitechecker.pro\/de\/hreflang-checker\/","title":{"rendered":"Hreflang Tag Checker | Analysieren Sie den Hreflang f\u00fcr jede Seite \u2611"},"content":{"rendered":"<p><\/p>\n<h2 id=\"par1\">Was ist der Hreflang-Tester?<\/h2>\n<p>Der Hreflang-Tag-Checker von <a href=\"https:\/\/sitechecker.pro\/\" target=\"_blank\" rel=\"noopener noreferrer\">Sitechecker<\/a> ist ein Tool zum Analysieren und Validieren von Hreflang-Tags auf einzelnen Seiten oder ganzen Websites, um eine ordnungsgem\u00e4\u00dfe Lokalisierung sicherzustellen und die internationale SEO zu verbessern.<\/p>\n<h3>Wie kann Ihnen das Tool helfen?<\/h3>\n<p><strong>Hreflang-Analyse: <\/strong>\u00fcberpr\u00fcft Hreflang-Tags auf allen Seiten, identifiziert <a href=\"https:\/\/sitechecker.pro\/site-audit-issues\/hreflang-annotation-invalid\/\" target=\"_blank\" rel=\"noopener noreferrer\">Lokalisierungsprobleme<\/a> und \u00fcberwacht sie im Laufe der Zeit.<\/p>\n<p><strong>Einzelseitenberichte: <\/strong>validiert schnell Hreflang-Tags f\u00fcr eine bestimmte Seite, ohne dass ein Konto erforderlich ist.<\/p>\n<p><strong>Backward Link Verification: <\/strong>stellt die korrekte Implementierung von hreflang sicher, indem gegenseitige Links zwischen lokalisierten Seiten \u00fcberpr\u00fcft werden.<\/p>\n<h3>Hauptfunktionen des Sitechecker-Tools<\/h3>\n<p><strong>Vereinheitlichtes Dashboard: <\/strong>eine zentrale Plattform zur \u00dcberwachung der Website-Leistung, Verfolgung von SEO-Metriken und Verwaltung aller Audits und Berichte an einem Ort.<\/p>\n<p><strong>Benutzerfreundliche Oberfl\u00e4che: <\/strong>intuitives und leicht zu navigierendes Design, das f\u00fcr Anf\u00e4nger zug\u00e4nglich und f\u00fcr SEO-Profis effizient ist.<\/p>\n<p><strong>Komplettes SEO-Toolset: <\/strong>bietet eine umfassende Palette an Tools, darunter Site-Audits, Rangverfolgung, Backlink-Analyse und On-Page-SEO-Checks, um Websites effektiv zu optimieren.<\/p>\n<h2 id=\"par2\">So verwenden Sie das Tool<\/h2>\n<p>Um den Hreflang Tag Checker zu verwenden, w\u00e4hlen Sie entweder eine vollst\u00e4ndige Site-Analyse oder einen einseitigen Sofortbericht. Geben Sie die URL Ihrer Website oder Seite ein, klicken Sie auf \u201eAudit starten\u201c und \u00fcberpr\u00fcfen Sie die Ergebnisse.<\/p>\n<div class=\"content__img-wrap\"><img src=\"https:\/\/sitechecker.pro\/wp-content\/uploads\/2025\/01\/choose-audit-option_679a4801dc34d.png\" alt=\"Audit-Option ausw\u00e4hlen\" class=\"description-img description-img-zoom\" loading=\"lazy\" ><\/div>\n<h2 id=\"par3\">Hreflangs f\u00fcr alle Seiten testen<\/h2>\n<h3>Schritt 1: W\u00e4hlen Sie die erste Testoption<\/h3>\n<p>\u00dcberpr\u00fcfen Sie Hreflang-Tags, pr\u00fcfen Sie R\u00fcckw\u00e4rtslinks zwischen Seiten, identifizieren Sie Lokalisierungsprobleme und \u00fcberwachen Sie diese fortlaufend auf potenzielle Lokalisierungsprobleme.<\/p>\n<div class=\"content__img-wrap\"><img src=\"https:\/\/sitechecker.pro\/wp-content\/uploads\/2025\/01\/check-hreflang-site.png\" alt=\"Hreflang-Site pr\u00fcfen\" class=\"description-img description-img-zoom\" loading=\"lazy\" ><\/div>\n<div class=\"important-block\">Um Ergebnisse zu erhalten und 14 Tage lang auf die Funktionen von Sitechecker zuzugreifen, starten Sie Ihre KOSTENLOSE Testversion. Die Anmeldung ist ganz einfach mit Ihrem E-Mail-, Google- oder Facebook-Konto. Es ist keine Kreditkarte erforderlich.<\/div>\n<h3>Schritt 2: Ergebnisse erhalten<\/h3>\n<p>Erhalten Sie umsetzbare Erkenntnisse zur Hreflang-Optimierung, einschlie\u00dflich der Identifizierung von Fehlern, betroffenen Seiten und In-Code-Vorschl\u00e4gen, um eine genaue Lokalisierung f\u00fcr ein globales Publikum sicherzustellen.<\/p>\n<div class=\"content__img-wrap\"><img src=\"https:\/\/sitechecker.pro\/wp-content\/uploads\/2025\/01\/localization-issues-list.png\" alt=\"Liste der Lokalisierungsprobleme\" class=\"description-img description-img-zoom\" loading=\"lazy\" ><\/div>\n<h2 id=\"par4\">Hreflang-Tag-\u00c4nderungsbenachrichtigungen einrichten<\/h2>\n<p>Richten Sie Hreflang-Tag-\u00c4nderungsbenachrichtigungen ein, um \u00fcber alle Aktualisierungen oder \u00c4nderungen an Ihren sprachspezifischen Tags informiert zu bleiben. Dies gew\u00e4hrleistet schnelle Reaktionen auf \u00c4nderungen und tr\u00e4gt zur Aufrechterhaltung einer genauen Lokalisierung und SEO-Leistung bei. Klicken Sie dazu auf die Glocke in der oberen rechten Ecke Ihres Bildschirms.<\/p>\n<div class=\"content__img-wrap\"><img src=\"https:\/\/sitechecker.pro\/wp-content\/uploads\/2025\/01\/enable-alerts.png\" alt=\"Warnungen aktivieren\" class=\"description-img description-img-zoom\" loading=\"lazy\" ><\/div>\n<h3>Zus\u00e4tzliche Funktionen<\/h3>\n<p>Erhalten Sie einen umfassenden \u00dcberblick \u00fcber die SEO-Optimierung, einschlie\u00dflich kritischer Probleme, Warnungen und Verbesserungsm\u00f6glichkeiten. Zu den zus\u00e4tzlichen Funktionen geh\u00f6ren eine detaillierte Problemkategorisierung, eine Aufschl\u00fcsselung der betroffenen Seiten und umsetzbare Erkenntnisse zur Optimierung von Links, Lokalisierung und Inhaltsrelevanz.<\/p>\n<div class=\"content__img-wrap\"><img src=\"https:\/\/sitechecker.pro\/wp-content\/uploads\/2025\/01\/all-issues-list_679a47f5ea108.png\" alt=\"Liste aller Probleme\" class=\"description-img description-img-zoom\" loading=\"lazy\" ><\/div>\n<h2 id=\"par5\">Testen Sie das Hreflang-Tag der Seite<\/h2>\n<h3>Schritt 1: F\u00fcgen Sie den Link ein und w\u00e4hlen Sie die zweite Testoption<\/h3>\n<div class=\"content__img-wrap\"><img src=\"https:\/\/sitechecker.pro\/wp-content\/uploads\/2025\/01\/check-hreflang-page.png\" alt=\"Hreflang-Seite pr\u00fcfen\" class=\"description-img description-img-zoom\" loading=\"lazy\" ><\/div>\n<div class=\"important-block\">Um Ergebnisse zu erhalten und 14 Tage lang auf die Funktionen von Sitechecker zuzugreifen, starten Sie Ihre KOSTENLOSE Testversion. Die Anmeldung ist ganz einfach mit Ihrem E-Mail-, Google- oder Facebook-Konto. Es ist keine Kreditkarte erforderlich.<\/div>\n<h3>Schritt 2: Erhalten Sie die Ergebnisse<\/h3>\n<p>Analysieren Sie die Seitenlokalisierung mit einer detaillierten \u00dcberpr\u00fcfung der Tags zur Sprachausrichtung, um eine ordnungsgem\u00e4\u00dfe Implementierung alternativer Links sicherzustellen und fehlende oder falsche Tags zu identifizieren, um die mehrsprachige SEO-Leistung zu verbessern.<\/p>\n<div class=\"content__img-wrap\"><img src=\"https:\/\/sitechecker.pro\/wp-content\/uploads\/2025\/01\/alternate-link-check.png\" alt=\"Alternate Link Check\" class=\"description-img description-img-zoom\" loading=\"lazy\" ><\/div>\n<p>Um zu sehen, wie das Tool Ihnen dabei helfen kann, die Gesundheit Ihrer Site technisch zu verbessern und Fehlfunktionen zu verhindern, klicken Sie auf den Site Audit-Block, um die Demonstration anzuzeigen.<\/p>\n<div class=\"content__img-wrap\"><img src=\"https:\/\/sitechecker.pro\/wp-content\/uploads\/2025\/01\/site-audit_679a47eff1b47.png\" alt=\"Site Audit\" class=\"description-img description-img-zoom\" loading=\"lazy\" ><\/div>\n<p>Sie k\u00f6nnen auch die Sitechecker Chrome-Erweiterung hinzuf\u00fcgen, um hreflang-Tags auf einer Seite zu \u00fcberpr\u00fcfen.<\/p>\n<div class=\"content__img-wrap\"><img src=\"https:\/\/sitechecker.pro\/wp-content\/uploads\/2025\/01\/sitechecker-chrome-extension.png\" alt=\"Sitechecker Chrome-Erweiterung\" class=\"description-img description-img-zoom\" loading=\"lazy\" ><\/div>\n<p>Dadurch erhalten Sie detaillierte Daten zu Sprachen, Backward Links, Benutzerlinks und Antwortcodes, um eine ordnungsgem\u00e4\u00dfe Lokalisierung und SEO-Konformit\u00e4t sicherzustellen.<\/p>\n<div class=\"content__img-wrap\"><img src=\"https:\/\/sitechecker.pro\/wp-content\/uploads\/2025\/01\/extension-hreflang-check.png\" alt=\"Extension Hreflang Check\" class=\"description-img description-img-zoom\" loading=\"lazy\" ><\/div>\n<h3>Zus\u00e4tzliche Funktionen<\/h3>\n<p>Erhalten Sie detaillierte Einblicke in die Hreflang-Optimierung Ihrer URL, einschlie\u00dflich fehlender Tags, Titell\u00e4nge und Zug\u00e4nglichkeitsproblemen. Zu den zus\u00e4tzlichen Funktionen geh\u00f6ren umfassende Inhaltsoptimierung, Identifizierung kritischer Probleme und umsetzbare Warnungen zur Verbesserung der SEO-Leistung.<\/p>\n<div class=\"content__img-wrap\"><img src=\"https:\/\/sitechecker.pro\/wp-content\/uploads\/2025\/01\/issues-overview_679a47e994251.png\" alt=\"Problem\u00fcbersicht\" class=\"description-img description-img-zoom\" loading=\"lazy\" ><\/div>\n<h2 id=\"par6\">Abschlie\u00dfende Idee<\/h2>\n<p>Der Hreflang Tag Checker analysiert sprachspezifische Tag-Tags auf Seiten oder ganzen Websites und sorgt so f\u00fcr eine ordnungsgem\u00e4\u00dfe Lokalisierung und bessere internationale SEO. Er bietet Site-Audits, Einzelseitenberichte, Backward-Link-Verifizierung und umsetzbare Erkenntnisse zu kritischen Problemen und Optimierungen. Mit einer intuitiven Benutzeroberfl\u00e4che und umfassenden Tools vereinfacht er das SEO-Management.<\/p>\n<div id=\"par7\"><\/div>\n<p><div class=\"front__faq-block\"><div class=\"faq__block-title\">FAQ<\/div><div class=\"panel-group\" id=\"faq-accordion\" itemscope itemtype=\"https:\/\/schema.org\/FAQPage\" role=\"tablist\" aria-multiselectable=\"true\"><div class=\"panel\" itemscope itemtype=\"https:\/\/schema.org\/Question\" itemprop=\"mainEntity\">\n                            <div class=\"panel-heading\" id=\"headingFaq-1\">\n                                <div class=\"panel-title\" data-toggle=\"collapse\" aria-expanded=\"false\" href=\"#collapseFaq-1\">\n                                    <h3 itemprop=\"name\">Kann der Hreflang Tag Checker laufende Lokalisierungsprobleme \u00fcberwachen?<\/h3>\n                                <\/div>\n                            <\/div>\n                            <div id=\"collapseFaq-1\" class=\"panel-collapse collapse\" itemprop=\"acceptedAnswer\" itemscope itemtype=\"http:\/\/schema.org\/Answer\">\n                                <div class=\"panel-body\" itemprop=\"text\">Ja, das Tool \u00fcberwacht Lokalisierungsprobleme im Laufe der Zeit und stellt sicher, dass Ihre Website f\u00fcr mehrsprachige Zielgruppen optimiert bleibt.<\/div>\n                            <\/div>\n                        <\/div><div class=\"panel\" itemscope itemtype=\"https:\/\/schema.org\/Question\" itemprop=\"mainEntity\">\n                            <div class=\"panel-heading\" id=\"headingFaq-2\">\n                                <div class=\"panel-title\" data-toggle=\"collapse\" aria-expanded=\"false\" href=\"#collapseFaq-2\">\n                                    <h3 itemprop=\"name\">Welche zus\u00e4tzlichen Einblicke bietet das Tool neben der Tag-Analyse f\u00fcr die Sprachausrichtung?<\/h3>\n                                <\/div>\n                            <\/div>\n                            <div id=\"collapseFaq-2\" class=\"panel-collapse collapse\" itemprop=\"acceptedAnswer\" itemscope itemtype=\"http:\/\/schema.org\/Answer\">\n                                <div class=\"panel-body\" itemprop=\"text\">Das Tool bietet Einblicke in die Inhaltsoptimierung, Titell\u00e4ngen, Zug\u00e4nglichkeit und kritische SEO-Probleme wie doppelte Inhalte und Indexierbarkeit.<\/div>\n                            <\/div>\n                        <\/div><div class=\"panel\" itemscope itemtype=\"https:\/\/schema.org\/Question\" itemprop=\"mainEntity\">\n                            <div class=\"panel-heading\" id=\"headingFaq-3\">\n                                <div class=\"panel-title\" data-toggle=\"collapse\" aria-expanded=\"false\" href=\"#collapseFaq-3\">\n                                    <h3 itemprop=\"name\">Kann ich Benachrichtigungen f\u00fcr \u00c4nderungen am hreflang-Tag erhalten?<\/h3>\n                                <\/div>\n                            <\/div>\n                            <div id=\"collapseFaq-3\" class=\"panel-collapse collapse\" itemprop=\"acceptedAnswer\" itemscope itemtype=\"http:\/\/schema.org\/Answer\">\n                                <div class=\"panel-body\" itemprop=\"text\">Ja, Sie k\u00f6nnen Benachrichtigungen einrichten, die Sie \u00fcber \u00c4nderungen am hreflang-Tag informieren, sodass Sie rechtzeitig auf Aktualisierungen reagieren k\u00f6nnen.<\/div>\n                            <\/div>\n                        <\/div><div class=\"panel\" itemscope itemtype=\"https:\/\/schema.org\/Question\" itemprop=\"mainEntity\">\n                            <div class=\"panel-heading\" id=\"headingFaq-4\">\n                                <div class=\"panel-title\" data-toggle=\"collapse\" aria-expanded=\"false\" href=\"#collapseFaq-4\">\n                                    <h3 itemprop=\"name\">Wie \u00fcberpr\u00fcft das Tool die Implementierung des hreflang-Tags?<\/h3>\n                                <\/div>\n                            <\/div>\n                            <div id=\"collapseFaq-4\" class=\"panel-collapse collapse\" itemprop=\"acceptedAnswer\" itemscope itemtype=\"http:\/\/schema.org\/Answer\">\n                                <div class=\"panel-body\" itemprop=\"text\">Es \u00fcberpr\u00fcft gegenseitige Links zwischen lokalisierten Seiten, um eine ordnungsgem\u00e4\u00dfe Implementierung des hreflang-Tags sicherzustellen.<\/div>\n                            <\/div>\n                        <\/div><div class=\"panel\" itemscope itemtype=\"https:\/\/schema.org\/Question\" itemprop=\"mainEntity\">\n                            <div class=\"panel-heading\" id=\"headingFaq-5\">\n                                <div class=\"panel-title\" data-toggle=\"collapse\" aria-expanded=\"false\" href=\"#collapseFaq-5\">\n                                    <h3 itemprop=\"name\">Kann ich mit diesem Tool nicht hreflang-bezogene SEO-Probleme analysieren?<\/h3>\n                                <\/div>\n                            <\/div>\n                            <div id=\"collapseFaq-5\" class=\"panel-collapse collapse\" itemprop=\"acceptedAnswer\" itemscope itemtype=\"http:\/\/schema.org\/Answer\">\n                                <div class=\"panel-body\" itemprop=\"text\">Ja, das Tool identifiziert andere SEO-Probleme wie das Text-zu-Code-Verh\u00e4ltnis, die Seitengeschwindigkeit und strukturierte Daten.<\/div>\n                            <\/div>\n                        <\/div><\/div><\/div><\/p>","protected":false},"excerpt":{"rendered":"Was ist der Hreflang-Tester? Der Hreflang-Tag-Checker von Sitechecker ist ein Tool zum Analysieren und Validieren von Hreflang-Tags auf einzelnen Seiten oder ganzen Websites, um eine ordnungsgem\u00e4\u00dfe Lokalisierung sicherzustellen und die internationale SEO zu verbessern. Wie kann Ihnen das Tool helfen? Hreflang-Analyse: \u00fcberpr\u00fcft Hreflang-Tags auf allen Seiten, identifiziert Lokalisierungsprobleme und \u00fcberwacht sie im Laufe der Zeit&#8230;.","protected":false},"author":10504980,"featured_media":22928,"parent":0,"menu_order":0,"comment_status":"closed","ping_status":"closed","template":"pages-templates\/pages-minitools-3.php","meta":[],"categories":[74],"tags":[],"_links":{"self":[{"href":"https:\/\/sitechecker.pro\/de\/wp-json\/wp\/v2\/pages\/19066"}],"collection":[{"href":"https:\/\/sitechecker.pro\/de\/wp-json\/wp\/v2\/pages"}],"about":[{"href":"https:\/\/sitechecker.pro\/de\/wp-json\/wp\/v2\/types\/page"}],"author":[{"embeddable":true,"href":"https:\/\/sitechecker.pro\/de\/wp-json\/wp\/v2\/users\/10504980"}],"replies":[{"embeddable":true,"href":"https:\/\/sitechecker.pro\/de\/wp-json\/wp\/v2\/comments?post=19066"}],"version-history":[{"count":28,"href":"https:\/\/sitechecker.pro\/de\/wp-json\/wp\/v2\/pages\/19066\/revisions"}],"predecessor-version":[{"id":39295,"href":"https:\/\/sitechecker.pro\/de\/wp-json\/wp\/v2\/pages\/19066\/revisions\/39295"}],"wp:featuredmedia":[{"embeddable":true,"href":"https:\/\/sitechecker.pro\/de\/wp-json\/wp\/v2\/media\/22928"}],"wp:attachment":[{"href":"https:\/\/sitechecker.pro\/de\/wp-json\/wp\/v2\/media?parent=19066"}],"wp:term":[{"taxonomy":"category","embeddable":true,"href":"https:\/\/sitechecker.pro\/de\/wp-json\/wp\/v2\/categories?post=19066"},{"taxonomy":"post_tag","embeddable":true,"href":"https:\/\/sitechecker.pro\/de\/wp-json\/wp\/v2\/tags?post=19066"}],"curies":[{"name":"wp","href":"https:\/\/api.w.org\/{rel}","templated":true}]}}