{"id":19062,"date":"2022-08-11T16:57:22","date_gmt":"2022-08-11T16:57:22","guid":{"rendered":"https:\/\/sitechecker.pro\/?page_id=19062"},"modified":"2026-02-16T17:01:41","modified_gmt":"2026-02-16T17:01:41","slug":"website-image-file-size-checker-optimize-images-speed-improve","status":"publish","type":"page","link":"https:\/\/sitechecker.pro\/de\/image-size-checker\/","title":{"rendered":"Image File Size Checker | Check Website Image Optimization \u2611"},"content":{"rendered":"<p>Die Anpassung der Bildgr\u00f6\u00dfe auf Ihrer Website kann deren Performance deutlich verbessern und sie f\u00fcr Nutzer attraktiver machen. Optimierte Grafiken verbessern die Ladegeschwindigkeit der gesamten Seite, sodass Nutzer auf der Seite bleiben und nicht lange auf das Bild warten m\u00fcssen. Neben einer verbesserten Nutzererfahrung und Seitenperformance k\u00f6nnen Bilder auch die <a href=\"https:\/\/sitechecker.pro\/on-page-seo-checker\/\" target=\"_blank\" rel=\"noopener noreferrer\">On-Page-SEO<\/a> verbessern.<\/p>\n<p>Wir geben Ihnen Einblicke in die Verbesserung und Optimierung der Bilder auf Ihrer Website, damit diese den Mehrwert Ihrer Seite steigern und ihre Performance verbessern. Au\u00dferdem erfahren Sie mehr \u00fcber unseren Dateigr\u00f6\u00dfen-Checker, mit dem Sie schnell und effizient analysieren k\u00f6nnen.<\/p>\n<h2 id=\"ik_what_is\">Was ist ein Website-Bild-Dateigr\u00f6\u00dfen-Checker?<\/h2>\n<p>Unser Bildgr\u00f6\u00dfen-Checker ist ein minimalistisches, aber hilfreiches Tool. Es zeigt an, ob alle Bilder auf Ihrer Website den Gr\u00f6\u00dfenanforderungen entsprechen und die Website-Performance nicht beeintr\u00e4chtigen. Die Anwendung ist einfach und erfordert keine besonderen Kenntnisse f\u00fcr die Einrichtung und den Start der Analyse.<\/p>\n<p>Das Tool durchsucht jede Seite Ihrer Website und verarbeitet alle hochgeladenen Bilder. Sobald der Bericht erstellt ist, sehen Sie, ob es Gr\u00f6\u00dfenprobleme gibt und optimiert werden muss.<\/p>\n<h2 id=\"ik_how_to_use\">Wie verwende ich einen Bildgr\u00f6\u00dfen-Checker?<\/h2>\n<p>Unser Tool ist schnell und einfach zu bedienen. Daher dauert die Analyse nur wenige Minuten. Wir haben eine kurze Schritt-f\u00fcr-Schritt-Anleitung erstellt, damit Sie Ihre erste Bildgr\u00f6\u00dfenpr\u00fcfung ganz einfach durchf\u00fchren k\u00f6nnen.<\/p>\n<h3>Schritt 1: URL eingeben und kostenlos testen<\/h3>\n<p>Kopieren Sie die URL Ihrer Website und geben Sie sie auf der Startseite des Bildgr\u00f6\u00dfen-Rechners ein. Sie sehen ein Suchfeld, in das Sie die URL einf\u00fcgen k\u00f6nnen. Die Analyse beginnt in K\u00fcrze. Sie k\u00f6nnen den Scan kostenlos durchf\u00fchren. Klicken Sie neben der Suchleiste auf \u201eKostenlos testen\u201c. Sie m\u00fcssen Ihre Kreditkartendaten nicht angeben.<\/p>\n<div class=\"content__img-wrap\"><img src=\"https:\/\/sitechecker.pro\/wp-content\/uploads\/2022\/08\/image_size_checker_1.png\" alt=\"Site-Bildgr\u00f6\u00dfen-Dateipr\u00fcfung \u2013 erster Schritt\" class=\"description-img description-img-zoom\" loading=\"lazy\" ><\/div>\n<h3>Schritt 2: Bericht erhalten<\/h3>\n<p>In wenigen Minuten erhalten Sie den detaillierten On-Page-Audit-Bericht. Im Block \u201eBilder\u201c sehen Sie, ob Bilder die empfohlene Dateigr\u00f6\u00dfe \u00fcberschreiten und wie viele dieser Probleme auftreten. Das Tool zeigt den Statuscode, die Alt- und Titelattribute des Bildes an.<\/p>\n<div class=\"content__img-wrap\"><img src=\"https:\/\/sitechecker.pro\/wp-content\/uploads\/2022\/08\/image_size_checker_2.png\" alt=\"Ergebnis des Bilddatei-Testers\" class=\"description-img description-img-zoom\" loading=\"lazy\" ><\/div>\n<h2 id=\"ik_how_detect_issues\">Wie finde ich Seiten mit nicht optimierten Bildern, die \u00fcber 100 KB gro\u00df sind?<\/h2>\n<p>Um schnell zu erkennen, welche Seiten Ihrer Website am meisten zu deren Gewicht beitragen, und diese zu optimieren, hilft Ihnen der Bilddatei-Gr\u00f6\u00dfen-Checker. Nach dem Crawling scannen wir nicht nur eine einzelne URL, sondern alle Seiten Ihrer Website. Anschlie\u00dfend teilen wir Ihnen mit, wie viele und welche Seiten nicht optimierte Bilder enthalten. Diese Informationen finden Sie auf der \u00dcbersichtsseite des Site-Audits in der Kategorie \u201eSeitengeschwindigkeit\u201c. Klicken Sie auf \u201eProblem anzeigen\u201c, um die Liste der URLs anzuzeigen.<\/p>\n<div class=\"content__img-wrap\"><img src=\"https:\/\/sitechecker.pro\/wp-content\/uploads\/2022\/08\/image_size_checker_3.png\" alt=\"Site-Audit \u2013 Zusammenfassung: Probleme mit der Bildgr\u00f6\u00dfe\" class=\"description-img description-img-zoom\" loading=\"lazy\" ><\/div>\n<p>In der Seitenliste k\u00f6nnen Sie \u201eProblem im Code anzeigen\u201c und die Anleitung zur Behebung lesen.<\/p>\n<div class=\"content__img-wrap\"><img src=\"https:\/\/sitechecker.pro\/wp-content\/uploads\/2022\/08\/image_size_checker_4.png\" alt=\"Details zu Problemen mit der Bildgr\u00f6\u00dfe\" class=\"description-img description-img-zoom\" loading=\"lazy\" ><\/div>\n    <div class=\"blog__conversion blog__conversion-app element__logged_out\">\n        <div class=\"blog__conversion-inner\">\n            <p class=\"title\">Analysieren Sie nicht nur die Bildgr\u00f6\u00dfe, sondern die gesamte Website!<\/p>\n            <p class=\"description\">F\u00fchren Sie ein vollst\u00e4ndiges Audit durch, um Ihre technische SEO zu ermitteln und zu verbessern.<\/p>\n            <form id=\"audit__form\"\n                  class=\"article__seo-search audit__form F\u00fchren Sie ein vollst\u00e4ndiges Audit durch, um Ihre technische SEO zu ermitteln und zu verbessern.\"\n                  action=\"\"\n                  method=\"POST\"\n                  autocomplete=\"off\">\n                <span class=\"error\"><\/span>\n                <div class=\"error__limits\">Something went wrong. Please, try again later.<\/div>\n                <input name=\"url\"\n                       type=\"text\"\n                       placeholder=\"Geben Sie hier Ihre Domain ein\">\n                                <button type=\"submit\"\n                        class=\"sitechecker__text\">\n                    <span>Audit starten<\/span>\n                    <img src=\"\/wp-content\/themes\/sitechecker\/out\/img_design\/loading.svg\"\n                         width=\"31\"\n                         height=\"30\"\n                         class=\"loading\">\n                <\/button>\n            <\/form>\n        <\/div>\n    <\/div>\n    \n<h2 id=\"ik_importance\">Warum ist die Bilddateigr\u00f6\u00dfe wichtig f\u00fcr SEO und wie wirkt sie sich auf die Seitengeschwindigkeit aus?<\/h2>\n<p>Da Bilder einen gro\u00dfen Teil der Gesamtgr\u00f6\u00dfe einer Website ausmachen, beeintr\u00e4chtigen sie die Seitenleistung. Je gr\u00f6\u00dfer die Bilder sind, desto l\u00e4nger dauert das Laden der Seiten. Um die SEO-Kennzahlen Ihrer Seite zu verbessern, empfiehlt es sich daher, jedes Bild zu optimieren und zu komprimieren. Die optimale Gr\u00f6\u00dfe liegt unter 100 KB.<\/p>\n<p>JPEG eignet sich am besten zum Hochladen auf Webseiten. Einer der Hauptgr\u00fcnde daf\u00fcr ist, dass sich die Bildgr\u00f6\u00dfe ohne nennenswerte Qualit\u00e4tseinbu\u00dfen um \u00fcber 50 % reduzieren l\u00e4sst.<\/p>\n<p>Um sicherzustellen, dass Ihre Website schnell und zuverl\u00e4ssig l\u00e4dt, testen Sie unseren <a href=\"https:\/\/sitechecker.pro\/speed-test\/\" target=\"_blank\" rel=\"noopener noreferrer\">Website-Geschwindigkeitstest<\/a>. Diese Schnelltests k\u00f6nnen Sie jedes Mal durchf\u00fchren, wenn Sie neue Bilder oder Seiten hochladen.<\/p>\n<p>Au\u00dferdem kann Ihnen ein <a href=\"https:\/\/sitechecker.pro\/website-image-crawler\/\">Website-Bild-Crawler<\/a> dabei helfen, nicht optimierte Bilder auf Ihrer Website zu identifizieren und sicherzustellen, dass alle visuellen Inhalte f\u00fcr bessere Ladezeiten und eine bessere SEO-Performance richtig komprimiert werden.<\/p>\n<h2 id=\"ik_how_to_fix\">Wie behebt man das Problem \u201eBildgr\u00f6\u00dfe ist \u00fcber 100 KB\u201c?<\/h2>\n<p>Es gibt verschiedene M\u00f6glichkeiten, dieses Problem zu beheben. Alle Informationen dazu finden Sie in der <a href=\"https:\/\/sitechecker.pro\/site-audit-issues\/image-size-100-kb\/\" target=\"_blank\" rel=\"noopener noreferrer\">Anleitung zur Behebung von Bildern mit einer Gr\u00f6\u00dfe \u00fcber 100 KB<\/a>. Antworten finden Sie auch in dieser umfassenden Videoanleitung von <a href=\"https:\/\/www.youtube.com\/c\/eldargezalov\" target=\"_blank\" rel=\"noopener noreferrer\">Eldar Gezalov<\/a>.<\/p>\n<p><iframe title=\"YouTube-Videoplayer\" src=\"https:\/\/www.youtube.com\/embed\/l8RitnDp5rU\" width=\"700\" height=\"350\" frameborder=\"0\" allowfullscreen=\"allowfullscreen\"><\/iframe><\/p>\n<p><div class=\"front__faq-block\"><div class=\"faq__block-title\">FAQ<\/div><div class=\"panel-group\" id=\"faq-accordion\" itemscope itemtype=\"https:\/\/schema.org\/FAQPage\" role=\"tablist\" aria-multiselectable=\"true\"><div class=\"panel\" itemscope itemtype=\"https:\/\/schema.org\/Question\" itemprop=\"mainEntity\">\n                            <div class=\"panel-heading\" id=\"headingFaq-1\">\n                                <div class=\"panel-title\" data-toggle=\"collapse\" aria-expanded=\"false\" href=\"#collapseFaq-1\">\n                                    <h3 itemprop=\"name\">Welche Bildgr\u00f6\u00dfe ist optimal f\u00fcr effektive SEO?<\/h3>\n                                <\/div>\n                            <\/div>\n                            <div id=\"collapseFaq-1\" class=\"panel-collapse collapse\" itemprop=\"acceptedAnswer\" itemscope itemtype=\"http:\/\/schema.org\/Answer\">\n                                <div class=\"panel-body\" itemprop=\"text\">Die optimale Gr\u00f6\u00dfe liegt unter 70 KB. Je kleiner die Gr\u00f6\u00dfe, desto schneller l\u00e4dt das Bild. Dies verbessert die Seitenleistung, beeintr\u00e4chtigt nicht die visuelle Darstellung und verhindert, dass Nutzer warten m\u00fcssen, bis alle Seitenelemente geladen sind.<\/div>\n                            <\/div>\n                        <\/div><div class=\"panel\" itemscope itemtype=\"https:\/\/schema.org\/Question\" itemprop=\"mainEntity\">\n                            <div class=\"panel-heading\" id=\"headingFaq-2\">\n                                <div class=\"panel-title\" data-toggle=\"collapse\" aria-expanded=\"false\" href=\"#collapseFaq-2\">\n                                    <h3 itemprop=\"name\">Wie optimiere ich die Bilddateigr\u00f6\u00dfe in WordPress?<\/h3>\n                                <\/div>\n                            <\/div>\n                            <div id=\"collapseFaq-2\" class=\"panel-collapse collapse\" itemprop=\"acceptedAnswer\" itemscope itemtype=\"http:\/\/schema.org\/Answer\">\n                                <div class=\"panel-body\" itemprop=\"text\">Es gibt mehrere einfache M\u00f6glichkeiten, Bilder f\u00fcr WordPress zu optimieren. Komprimieren Sie zun\u00e4chst die Bilder, die Sie dort einf\u00fcgen m\u00f6chten. Verwenden Sie vertrauensw\u00fcrdige Apps oder Online-Tools wie ShortPixel oder TinyPNG, die Bilder komprimieren, ohne die Qualit\u00e4t zu beeintr\u00e4chtigen. Au\u00dferdem k\u00f6nnen Sie die Standardgr\u00f6\u00dfe der Bilder direkt in WordPress \u00e4ndern. Weitere M\u00f6glichkeiten sind das Ausf\u00fchren von Bildern \u00fcber ein CDN und das L\u00f6schen der WordPress-Bibliothek.<\/div>\n                            <\/div>\n                        <\/div><div class=\"panel\" itemscope itemtype=\"https:\/\/schema.org\/Question\" itemprop=\"mainEntity\">\n                            <div class=\"panel-heading\" id=\"headingFaq-3\">\n                                <div class=\"panel-title\" data-toggle=\"collapse\" aria-expanded=\"false\" href=\"#collapseFaq-3\">\n                                    <h3 itemprop=\"name\">Wie wirkt sich die Bildgr\u00f6\u00dfe auf die Dateigr\u00f6\u00dfe aus?<\/h3>\n                                <\/div>\n                            <\/div>\n                            <div id=\"collapseFaq-3\" class=\"panel-collapse collapse\" itemprop=\"acceptedAnswer\" itemscope itemtype=\"http:\/\/schema.org\/Answer\">\n                                <div class=\"panel-body\" itemprop=\"text\">Es ist ein weit verbreiteter Irrtum, dass die Aufl\u00f6sung eines Bildes dessen Gr\u00f6\u00dfe beeinflusst. Viele glauben, eine geringere Aufl\u00f6sung beeinflusse die Bildgr\u00f6\u00dfe und beschleunige das Laden. Obwohl Letzteres zutrifft, tr\u00e4gt eine geringere Aufl\u00f6sung nicht dazu bei, dass Dateien auf Ihrer Website schneller geladen werden.<\/div>\n                            <\/div>\n                        <\/div><\/div><\/div><\/p>","protected":false},"excerpt":{"rendered":"Die Anpassung der Bildgr\u00f6\u00dfe auf Ihrer Website kann deren Performance deutlich verbessern und sie f\u00fcr Nutzer attraktiver machen. Optimierte Grafiken verbessern die Ladegeschwindigkeit der gesamten Seite, sodass Nutzer auf der Seite bleiben und nicht lange auf das Bild warten m\u00fcssen. Neben einer verbesserten Nutzererfahrung und Seitenperformance k\u00f6nnen Bilder auch die On-Page-SEO verbessern. Wir geben Ihnen&#8230;","protected":false},"author":10718706,"featured_media":23027,"parent":0,"menu_order":0,"comment_status":"closed","ping_status":"closed","template":"pages-templates\/pages-minitools-3.php","meta":[],"categories":[74],"tags":[],"_links":{"self":[{"href":"https:\/\/sitechecker.pro\/de\/wp-json\/wp\/v2\/pages\/19062"}],"collection":[{"href":"https:\/\/sitechecker.pro\/de\/wp-json\/wp\/v2\/pages"}],"about":[{"href":"https:\/\/sitechecker.pro\/de\/wp-json\/wp\/v2\/types\/page"}],"author":[{"embeddable":true,"href":"https:\/\/sitechecker.pro\/de\/wp-json\/wp\/v2\/users\/10718706"}],"replies":[{"embeddable":true,"href":"https:\/\/sitechecker.pro\/de\/wp-json\/wp\/v2\/comments?post=19062"}],"version-history":[{"count":4,"href":"https:\/\/sitechecker.pro\/de\/wp-json\/wp\/v2\/pages\/19062\/revisions"}],"predecessor-version":[{"id":39297,"href":"https:\/\/sitechecker.pro\/de\/wp-json\/wp\/v2\/pages\/19062\/revisions\/39297"}],"wp:featuredmedia":[{"embeddable":true,"href":"https:\/\/sitechecker.pro\/de\/wp-json\/wp\/v2\/media\/23027"}],"wp:attachment":[{"href":"https:\/\/sitechecker.pro\/de\/wp-json\/wp\/v2\/media?parent=19062"}],"wp:term":[{"taxonomy":"category","embeddable":true,"href":"https:\/\/sitechecker.pro\/de\/wp-json\/wp\/v2\/categories?post=19062"},{"taxonomy":"post_tag","embeddable":true,"href":"https:\/\/sitechecker.pro\/de\/wp-json\/wp\/v2\/tags?post=19062"}],"curies":[{"name":"wp","href":"https:\/\/api.w.org\/{rel}","templated":true}]}}