{"id":19058,"date":"2022-08-11T14:10:29","date_gmt":"2022-08-11T14:10:29","guid":{"rendered":"https:\/\/sitechecker.pro\/?page_id=19058"},"modified":"2025-02-25T13:21:50","modified_gmt":"2025-02-25T13:21:50","slug":"twitter-card-validator-free-test-twitter-card-sitechecker-%e1%90%88","status":"publish","type":"page","link":"https:\/\/sitechecker.pro\/de\/twitter-card-checker\/","title":{"rendered":"Twitter Card Validator | Testen Sie, wie Ihre Karte aussehen wird \u2611"},"content":{"rendered":"<p><\/p>\n<h2 id=\"par1\">Was ist der Twitter Card Checker?<\/h2>\n<p>Mit dem Twitter Card Tester von <a href=\"https:\/\/sitechecker.pro\/\" target=\"_blank\" rel=\"noopener noreferrer\">Sitechecker<\/a> k\u00f6nnen Sie sofort testen, wie Ihre Twitter-Karten beim Teilen aussehen. \u00dcberpr\u00fcfen Sie schnell die Verf\u00fcgbarkeit von Twitter-Karten f\u00fcr jede Seite oder pr\u00fcfen Sie Ihre gesamte Website, um fehlende Karten-URLs und Probleme mit der Mobilfreundlichkeit zu erkennen. Erhalten Sie einen sofortigen Bericht f\u00fcr eine einzelne Seite oder eine vollst\u00e4ndige Website-Analyse mit kontinuierlicher \u00dcberwachung.<\/p>\n<h3>Wie das Tool Ihnen helfen kann<\/h3>\n<p><strong>Twitter Card Preview: <\/strong>\u00dcberpr\u00fcfen Sie schnell, wie Ihre OG Card beim Teilen aussieht, und stellen Sie sicher, dass sie mit den richtigen Bildern, Titeln und Beschreibungen korrekt angezeigt wird.<\/p>\n<p><strong>Vollst\u00e4ndige Twitter Cards-Pr\u00fcfung: <\/strong>Scannen Sie Ihre gesamte Website, um fehlende oder unvollst\u00e4ndige Twitter Card-URLs zu erkennen und Probleme zu beheben, die sich auf das Engagement auswirken k\u00f6nnten.<\/p>\n<p><strong>\u00dcberpr\u00fcfung und \u00dcberwachung der Mobilfreundlichkeit: <\/strong>Identifizieren Sie Probleme mit der mobilen Benutzerfreundlichkeit im Zusammenhang mit der Social-Media-Vorschau und \u00fcberwachen Sie sie im Laufe der Zeit, um eine optimale Anzeige auf allen Ger\u00e4ten sicherzustellen.<\/p>\n<h3>Hauptfunktionen des Tools<\/h3>\n<p><strong>Einheitliches Dashboard: <\/strong>Erhalten Sie an einem Ort einen umfassenden \u00dcberblick \u00fcber die SEO-Gesundheit Ihrer Website, einschlie\u00dflich Audits, Rankings, Backlinks und Problemverfolgung in Echtzeit.<\/p>\n<p><strong>Benutzerfreundliche Oberfl\u00e4che: <\/strong>Navigieren Sie einfach durch SEO-Berichte und Einblicke mit einem intuitiven Design und sind Sie sowohl f\u00fcr Anf\u00e4nger als auch f\u00fcr Experten zug\u00e4nglich.<\/p>\n<p><strong>Vollst\u00e4ndiges SEO-Toolset: <\/strong>F\u00fchren Sie detaillierte Website-Audits durch, verfolgen Sie Keyword-Rankings, \u00fcberwachen Sie Site-\u00c4nderungen und optimieren Sie die On-Page-SEO mit einer vollst\u00e4ndigen Suite von Tools.<\/p>\n<h2 id=\"par2\">So verwenden Sie das Tool<\/h2>\n<p>Geben Sie einfach die URL Ihrer Webseite ein und w\u00e4hlen Sie eine Audit-Option. W\u00e4hlen Sie f\u00fcr eine schnelle \u00dcberpr\u00fcfung \u201eTwitter-Karte auf einer Seite testen\u201c, um sofort die Verf\u00fcgbarkeit der Social-Media-Vorschau zu \u00fcberpr\u00fcfen. W\u00e4hlen Sie f\u00fcr eine vollst\u00e4ndige Site-Pr\u00fcfung \u201eTwitter-Karte auf allen Seiten testen\u201c, um fehlende Karten-URLs und Probleme mit der Mobilfreundlichkeit zu erkennen. Klicken Sie auf \u201ePr\u00fcfung starten\u201c und erhalten Sie einen detaillierten Bericht, um sicherzustellen, dass Ihre Links auf Twitter korrekt angezeigt werden.<\/p>\n<h2 id=\"par3\">Twitter-Karten f\u00fcr die Website testen<\/h2>\n<h3>Schritt 1: W\u00e4hlen Sie eine Pr\u00fcfungsoption, um alle Seiten zu analysieren<\/h3>\n<div class=\"content__img-wrap\"><img src=\"https:\/\/sitechecker.pro\/wp-content\/uploads\/2025\/02\/test-twitter-card-all-pages.png\" alt=\"Twitter-Karte auf allen Seiten testen\" class=\"description-img description-img-zoom\" loading=\"lazy\" ><\/div>\n<div class=\"important-block\">Um Ergebnisse zu erhalten und 14 Tage lang auf die Funktionen von Sitechecker zuzugreifen, starten Sie Ihre KOSTENLOSE Testversion. Die Anmeldung ist ganz einfach mit Ihrem E-Mail-, Google- oder Facebook-Konto. Es ist keine Kreditkarte erforderlich.<\/div>\n<h3>Schritt 2: Erhalten Sie die Ergebnisse<\/h3>\n<p>Erhalten Sie eine detaillierte Analyse Ihrer Social-Media-Vorschau-Implementierung, einschlie\u00dflich fehlender oder unvollst\u00e4ndiger Karten-URLs, Problemen mit der Mobilfreundlichkeit und Vorschl\u00e4gen f\u00fcr Korrekturen im Code. Identifizieren Sie betroffene Seiten ganz einfach, stellen Sie die ordnungsgem\u00e4\u00dfe Anzeige von Inhalten auf Twitter sicher und optimieren Sie die Interaktion mit umsetzbaren Erkenntnissen.<\/p>\n<div class=\"content__img-wrap\"><img src=\"https:\/\/sitechecker.pro\/wp-content\/uploads\/2025\/02\/test-content-on-twitter.png\" alt=\"Inhalte auf Twitter testen\" class=\"description-img description-img-zoom\" loading=\"lazy\" ><\/div>\n<h3>Zus\u00e4tzliche Funktionen des Twitter Card Tester<\/h3>\n<p>Gewinnen Sie mit einem vollst\u00e4ndigen Site Audit tiefere Einblicke \u00fcber die Validierung der Social-Media-Vorschau hinaus. Identifizieren Sie kritische SEO-Probleme, Warnungen und Optimierungsm\u00f6glichkeiten auf Ihrer gesamten Website. Analysieren Sie betroffene Seiten nach Schl\u00fcsselkategorien wie Mobilfreundlichkeit, Indexierbarkeit, Inhaltsrelevanz und technischem SEO, um nahtlose Leistung und Sichtbarkeit sicherzustellen.<\/p>\n<div class=\"content__img-wrap\"><img src=\"https:\/\/sitechecker.pro\/wp-content\/uploads\/2025\/02\/site-audit-issues_67bdb39f47a00.png\" alt=\"Site Audit Issues\" class=\"description-img description-img-zoom\" loading=\"lazy\" ><\/div>\n<h2 id=\"par4\">Testen Sie den Twitter Card Validator auf einer Seite<\/h2>\n<h3>Schritt 1: W\u00e4hlen Sie die Twitter Card-Testoption f\u00fcr eine Seite<\/h3>\n<div class=\"content__img-wrap\"><img src=\"https:\/\/sitechecker.pro\/wp-content\/uploads\/2025\/02\/test-twitter-card-one-page.png\" alt=\"Testen Sie die Twitter Card auf einer Seite\" class=\"description-img description-img-zoom\" loading=\"lazy\" ><\/div>\n<h3>Schritt 2: Erhalten Sie die Ergebnisse<\/h3>\n<p>Erhalten Sie eine genaue Aufschl\u00fcsselung der Metadaten der Social-Post-Vorschau Ihrer Seite, einschlie\u00dflich Kartentyp, Titel, Bild und Beschreibung. \u00dcberpr\u00fcfen Sie sofort, ob Ihre OG Cards richtig eingerichtet sind, um ein optimales Erscheinungsbild und Engagement beim Teilen auf Twitter sicherzustellen.<\/p>\n<div class=\"content__img-wrap\"><img src=\"https:\/\/sitechecker.pro\/wp-content\/uploads\/2025\/02\/twitter-card-test-results.png\" alt=\"Twitter Card Test Results\" class=\"description-img description-img-zoom\" loading=\"lazy\" ><\/div>\n<h3>Zus\u00e4tzliche Funktionen des Twitter Card Tester<\/h3>\n<p>Gewinnen Sie mit einem umfassenden Seitenaudit tiefere Einblicke \u00fcber Rich Media Snippet-Daten hinaus. Identifizieren Sie SEO-Probleme, Warnungen und Optimierungsm\u00f6glichkeiten, einschlie\u00dflich interner Verlinkung, Inhaltsrelevanz und doppelter Inhalte. Erhalten Sie umsetzbare Korrekturen, um die Leistung und Sichtbarkeit Ihrer Seite zu verbessern. Klicken Sie einfach auf den Abschnitt \u201eProbleme\u201c, um weitere Details zu erhalten.<\/p>\n<div class=\"content__img-wrap\"><img src=\"https:\/\/sitechecker.pro\/wp-content\/uploads\/2025\/02\/sitechecker-issues.png\" alt=\"Sitechecker-Probleme\" class=\"description-img description-img-zoom\" loading=\"lazy\" ><\/div>\n<h2 id=\"par5\">Abschlie\u00dfende Idee<\/h2>\n<p>Der Twitter Card Validator ist ein Tool, das daf\u00fcr sorgt, dass Ihre Inhalte auf Twitter korrekt angezeigt werden. Egal, ob Sie eine schnelle \u00dcberpr\u00fcfung einer einzelnen Seite oder ein Audit der gesamten Site ben\u00f6tigen: Dieses Tool hilft Ihnen bei der Identifizierung fehlender URLs und Probleme mit der Mobilfreundlichkeit und bietet gleichzeitig umsetzbare Erkenntnisse zur Optimierung.<\/p>\n<p>\u00dcber die Validierung der Social-Media-Vorschau hinaus bietet das Tool ein umfassendes SEO-Audit, mit dem Sie kritische Website-Probleme erkennen, die Leistung \u00fcberwachen und das Engagement verbessern k\u00f6nnen. Mit seiner benutzerfreundlichen Oberfl\u00e4che, dem vollst\u00e4ndigen SEO-Toolset und dem einheitlichen Dashboard war die Optimierung Ihrer Website nie einfacher.<\/p>\n<div id=\"par6\"><\/div>\n<p><div class=\"front__faq-block\"><div class=\"faq__block-title\">FAQ<\/div><div class=\"panel-group\" id=\"faq-accordion\" itemscope itemtype=\"https:\/\/schema.org\/FAQPage\" role=\"tablist\" aria-multiselectable=\"true\"><div class=\"panel\" itemscope itemtype=\"https:\/\/schema.org\/Question\" itemprop=\"mainEntity\">\n                            <div class=\"panel-heading\" id=\"headingFaq-1\">\n                                <div class=\"panel-title\" data-toggle=\"collapse\" aria-expanded=\"false\" href=\"#collapseFaq-1\">\n                                    <h3 itemprop=\"name\">Welche Arten von Meta-Tag-Vorschauen kann der Twitter Card Validator pr\u00fcfen?<\/h3>\n                                <\/div>\n                            <\/div>\n                            <div id=\"collapseFaq-1\" class=\"panel-collapse collapse\" itemprop=\"acceptedAnswer\" itemscope itemtype=\"http:\/\/schema.org\/Answer\">\n                                <div class=\"panel-body\" itemprop=\"text\">Das Tool kann verschiedene OG Card-Typen pr\u00fcfen, darunter Meta-Tag-Vorschau, Zusammenfassung mit gro\u00dfen Bildern, App Rich Media Snippet, um sicherzustellen, dass sie beim Teilen korrekt angezeigt werden.<\/div>\n                            <\/div>\n                        <\/div><div class=\"panel\" itemscope itemtype=\"https:\/\/schema.org\/Question\" itemprop=\"mainEntity\">\n                            <div class=\"panel-heading\" id=\"headingFaq-2\">\n                                <div class=\"panel-title\" data-toggle=\"collapse\" aria-expanded=\"false\" href=\"#collapseFaq-2\">\n                                    <h3 itemprop=\"name\">Kann ich den Twitter Card Validator f\u00fcr mehrere Seiten gleichzeitig verwenden?<\/h3>\n                                <\/div>\n                            <\/div>\n                            <div id=\"collapseFaq-2\" class=\"panel-collapse collapse\" itemprop=\"acceptedAnswer\" itemscope itemtype=\"http:\/\/schema.org\/Answer\">\n                                <div class=\"panel-body\" itemprop=\"text\">Ja, Sie k\u00f6nnen eine einzelne Seite testen oder ein vollst\u00e4ndiges Site-Audit durchf\u00fchren, um Probleme mit der Vorschau von Social-Posts auf mehreren Seiten zu erkennen.<\/div>\n                            <\/div>\n                        <\/div><div class=\"panel\" itemscope itemtype=\"https:\/\/schema.org\/Question\" itemprop=\"mainEntity\">\n                            <div class=\"panel-heading\" id=\"headingFaq-3\">\n                                <div class=\"panel-title\" data-toggle=\"collapse\" aria-expanded=\"false\" href=\"#collapseFaq-3\">\n                                    <h3 itemprop=\"name\">Wie greife ich auf den vollst\u00e4ndigen Twitter Card-Bericht zu?<\/h3>\n                                <\/div>\n                            <\/div>\n                            <div id=\"collapseFaq-3\" class=\"panel-collapse collapse\" itemprop=\"acceptedAnswer\" itemscope itemtype=\"http:\/\/schema.org\/Answer\">\n                                <div class=\"panel-body\" itemprop=\"text\">Geben Sie einfach die URL Ihrer Webseite ein, w\u00e4hlen Sie den Audit-Typ aus und klicken Sie auf \u201eAudit starten\u201c. Nach Abschluss k\u00f6nnen Sie detaillierte Metadaten, betroffene Seiten und Optimierungsvorschl\u00e4ge pr\u00fcfen.<\/div>\n                            <\/div>\n                        <\/div><div class=\"panel\" itemscope itemtype=\"https:\/\/schema.org\/Question\" itemprop=\"mainEntity\">\n                            <div class=\"panel-heading\" id=\"headingFaq-4\">\n                                <div class=\"panel-title\" data-toggle=\"collapse\" aria-expanded=\"false\" href=\"#collapseFaq-4\">\n                                    <h3 itemprop=\"name\">Kann ich meinen Pr\u00fcfbericht herunterladen?<\/h3>\n                                <\/div>\n                            <\/div>\n                            <div id=\"collapseFaq-4\" class=\"panel-collapse collapse\" itemprop=\"acceptedAnswer\" itemscope itemtype=\"http:\/\/schema.org\/Answer\">\n                                <div class=\"panel-body\" itemprop=\"text\">Ja, Sitechecker erm\u00f6glicht Ihnen, Ihren Pr\u00fcfbericht als PDF zu exportieren, um ihn einfach zu teilen und sp\u00e4ter darauf zuzugreifen.<\/div>\n                            <\/div>\n                        <\/div><div class=\"panel\" itemscope itemtype=\"https:\/\/schema.org\/Question\" itemprop=\"mainEntity\">\n                            <div class=\"panel-heading\" id=\"headingFaq-5\">\n                                <div class=\"panel-title\" data-toggle=\"collapse\" aria-expanded=\"false\" href=\"#collapseFaq-5\">\n                                    <h3 itemprop=\"name\">Funktioniert das Tool f\u00fcr jede Website?<\/h3>\n                                <\/div>\n                            <\/div>\n                            <div id=\"collapseFaq-5\" class=\"panel-collapse collapse\" itemprop=\"acceptedAnswer\" itemscope itemtype=\"http:\/\/schema.org\/Answer\">\n                                <div class=\"panel-body\" itemprop=\"text\">Ja, es funktioniert f\u00fcr jede \u00f6ffentlich zug\u00e4ngliche Website, aber wenn Ihre Seite eingeschr\u00e4nkt ist oder sich hinter einem Login befindet, kann das Tool m\u00f6glicherweise nicht die erforderlichen Metadaten abrufen.<\/div>\n                            <\/div>\n                        <\/div><\/div><\/div><\/p>","protected":false},"excerpt":{"rendered":"Was ist der Twitter Card Checker? Mit dem Twitter Card Tester von Sitechecker k\u00f6nnen Sie sofort testen, wie Ihre Twitter-Karten beim Teilen aussehen. \u00dcberpr\u00fcfen Sie schnell die Verf\u00fcgbarkeit von Twitter-Karten f\u00fcr jede Seite oder pr\u00fcfen Sie Ihre gesamte Website, um fehlende Karten-URLs und Probleme mit der Mobilfreundlichkeit zu erkennen. Erhalten Sie einen sofortigen Bericht f\u00fcr&#8230;","protected":false},"author":10718706,"featured_media":23031,"parent":0,"menu_order":0,"comment_status":"closed","ping_status":"closed","template":"pages-templates\/pages-minitools-3.php","meta":[],"categories":[70],"tags":[],"_links":{"self":[{"href":"https:\/\/sitechecker.pro\/de\/wp-json\/wp\/v2\/pages\/19058"}],"collection":[{"href":"https:\/\/sitechecker.pro\/de\/wp-json\/wp\/v2\/pages"}],"about":[{"href":"https:\/\/sitechecker.pro\/de\/wp-json\/wp\/v2\/types\/page"}],"author":[{"embeddable":true,"href":"https:\/\/sitechecker.pro\/de\/wp-json\/wp\/v2\/users\/10718706"}],"replies":[{"embeddable":true,"href":"https:\/\/sitechecker.pro\/de\/wp-json\/wp\/v2\/comments?post=19058"}],"version-history":[{"count":8,"href":"https:\/\/sitechecker.pro\/de\/wp-json\/wp\/v2\/pages\/19058\/revisions"}],"predecessor-version":[{"id":35702,"href":"https:\/\/sitechecker.pro\/de\/wp-json\/wp\/v2\/pages\/19058\/revisions\/35702"}],"wp:featuredmedia":[{"embeddable":true,"href":"https:\/\/sitechecker.pro\/de\/wp-json\/wp\/v2\/media\/23031"}],"wp:attachment":[{"href":"https:\/\/sitechecker.pro\/de\/wp-json\/wp\/v2\/media?parent=19058"}],"wp:term":[{"taxonomy":"category","embeddable":true,"href":"https:\/\/sitechecker.pro\/de\/wp-json\/wp\/v2\/categories?post=19058"},{"taxonomy":"post_tag","embeddable":true,"href":"https:\/\/sitechecker.pro\/de\/wp-json\/wp\/v2\/tags?post=19058"}],"curies":[{"name":"wp","href":"https:\/\/api.w.org\/{rel}","templated":true}]}}