{"id":17206,"date":"2023-12-06T18:56:38","date_gmt":"2023-12-06T18:56:38","guid":{"rendered":"https:\/\/sitechecker.pro\/?page_id=17206"},"modified":"2024-10-11T13:27:31","modified_gmt":"2024-10-11T13:27:31","slug":"google-serp-meaning-features-examples","status":"publish","type":"page","link":"https:\/\/sitechecker.pro\/de\/google-serp-meaning-features-examples\/","title":{"rendered":"Google SERP: Bedeutung, Funktionen, Beispiele"},"content":{"rendered":"<p><\/p>\n<h2 id=\"majorfeatures\">Die Haupt-SERP-Funktionen die Sie kennen sollten<\/h2>\n<p>&nbsp;<\/p>\n<p>Die allererste Frage, die Sie beantworten sollten, bevor Sie zu den Hauptfunktionen gehen ist: \u201eWas ist ein SERP\u201c? Die SERP Definition ist die folgende: \u201eEine Webseite, die von einer Suchmaschine als eine Antwort auf eine Benutzeranfrage generiert wird.\u201c Die Abk\u00fcrzung steht f\u00fcr \u201eSearch Engine Results Page\u201c als Suchmaschinenergebnissseiten. Um es mit einfachen Worten zu erkl\u00e4ren: Wenn Sie Informationen finden und ein passendes Schl\u00fcsselwort hinschreiben und die Suchmaschine Ihnen das Feedback in Form einer Seite mit den gefundenen Ergebnissen liefert. Diese Ergebnisse sind solche Links, die die Details Ihrer Anfrage beinhalten.<\/p>\n<p>Die Hauptelemente von SERP sind:<\/p>\n<ul>\n<li> Direkte Suchergebnisse, bestehend aus den Links zu Sites. Dies ist die nat\u00fcrliche Bestimmung der Suchmaschinen, wo Sites jedoch am h\u00e4ufigsten scheitern. Die Suchergebnisseite beinhaltet standardm\u00e4\u00dfig 10 Links, wobei diese Zahl kann in den Sucheinstellungen ge\u00e4ndert werden kann;<\/li>\n<li>Block mit Werbung aus dem Kontext;<\/li>\n<li>Kleine Felder vor den Suchergebnissen. Sie k\u00f6nnen Tippfehler beinhalten, eine schnelle Antwort auf die Benutzeranfrage, einen Taschenrechner und vieles mehr;<\/li>\n<li>Bilder werden bei besonderen Suchanfragen beigef\u00fcgt;<\/li>\n<li>Verwandte Anfragen \u2013 die Suchanfrage ist verfeinert. Der Benutzer bekommt Wortarten oder \u00e4hnliche Anfragen angeboten;<\/li>\n<li>Elemente der Verwaltung \u2013 dies beinhaltet Links zu den Sites, Aufforderungen usw w\u00e4hrend der Benutzer die Anfrage stellt.<\/li>\n<li>Seit Google erschien haben sich die organischen Ergebnisse von SERP nicht besonders ver\u00e4ndert. Dennoch hat die Verwendung von Werbeworten (AdWords) dazu gef\u00fchrt, dass Google begonnen hat, neue SERP Nicht-organische Ergebnisse einzuschlie\u00dfen.<\/li>\n<\/ul>\n<p>Nun wissen Sie, was SERP ist und dass es an der Zeit ist, auf die Hauptfunktionen zu blicken, wobei wir vier unterscheiden:<\/p>\n<ul>\n<li> Ergebnisse, die mithilfe von gebotenen Schl\u00fcsselworten erzielt werden, werden \u201ePaid Results\u201c also bezahlte Ergebnisse genannt.<\/li>\n<li>Eindeutige Informationen, die jemand in den Boxen finden kann, wird Knowledge Graph (Wissensgrafik) bezeichnet<\/li>\n<li>Die Visualisierungen, die erg\u00e4nzend erscheinen, kennt man als Snippets.<\/li>\n<li>Details, die mit den organischen Funden gemeinsam erscheinen, kennt man als \u201eUniversal Results\u201c, also universelle Ergebnisse.<\/li>\n<\/ul>\n<p>&nbsp;<\/p>\n<h2 id=\"top15\">Top-15 der bekanntesten SERP Funktionen<\/h2>\n<p>&nbsp;<\/p>\n<ul>\n<li id=\"adwords\"><strong>AdWords Bottom\/Top<\/strong>: F\u00fcr gew\u00f6hnlich sehen Sie Ergebnisse entweder \u00fcber oder unter den organischen Ergebnissen. Diese Werbungen haben Ihr Ranking aufgrund von Brauchbarkeit und Relevanz.<\/li>\n<\/ul>\n<p>&nbsp;<\/p>\n<div class=\"content__img-wrap\"><img src=\"https:\/\/sitechecker.pro\/wp-content\/uploads\/2017\/12\/google-adwords-results.png\" alt=\"Google SERP checker\" class=\"description-img description-img-zoom\" loading=\"lazy\" ><\/div>\n<p>&nbsp;<\/p>\n<ul>\n<li id=\"featuredsnippet\"><strong>Featured Snippet<\/strong>: Das Hauptprinzip in diesem Punkt ist, die notwendige Information zu bekommen, die nicht im Knowledge-Graph enthalten ist. Der Index kann dies anbieten. Solche Snippets werden verwendet, um besondere Details zu finden, die auf relevanten Seiten zu finden sind. Hier ist das SERP-Ranking von 1 bis 5 sehr n\u00fctzlich.<\/li>\n<\/ul>\n<p>&nbsp;<\/p>\n<div class=\"content__img-wrap\"><img src=\"https:\/\/sitechecker.pro\/wp-content\/uploads\/2017\/12\/featured-snippet.png\" alt=\"What is featured snippet?\" class=\"description-img description-img-zoom\" loading=\"lazy\" ><\/div>\n<p>&nbsp;<\/p>\n<ul>\n<li id=\"imagepack\"><strong>Image Pack \/ Bildpackung<\/strong>: Diese Funktion liefert Ergebnisse auf Bilder, die eine Person sucht. Diese werden mithilfe der Google SERP-Anfrage erstellt.<\/li>\n<\/ul>\n<p>&nbsp;<\/p>\n<div class=\"content__img-wrap\"><img src=\"https:\/\/sitechecker.pro\/wp-content\/uploads\/2017\/12\/image-cards-in-google-serp.png\" alt=\"Image pack in SERP\" class=\"description-img description-img-zoom\" loading=\"lazy\" ><\/div>\n<p>&nbsp;<\/p>\n<ul>\n<li id=\"indeptharticle\"><strong>In-Depth Article \/ In-Tiefe Artikel<\/strong>: Wenn man nach einigen allgemeinen Begriffen sucht, findet man Artikel die bekannt sind als \u201ein-depth\u201c \u2013 also in der Tiefe. Sie werden so genannt, weil bis zu 5000 Worte beinhalten und von vertrauensw\u00fcrdigen Schreibern angeboten werden. Die Suche f\u00fcr solche erstklassigen Artikel verwendet andere SERP-Ranglistenregeln.<\/li>\n<\/ul>\n<p>&nbsp;<\/p>\n<ul>\n<li><div class=\"content__img-wrap\"><img src=\"https:\/\/sitechecker.pro\/wp-content\/uploads\/2017\/12\/in-depth-articles-in-serp.png\" alt=\"Search engine results for informational query\" class=\"description-img description-img-zoom\" loading=\"lazy\" ><\/div><\/li>\n<\/ul>\n<p>&nbsp;<\/p>\n<ul>\n<li id=\"knowledgecard\"><strong>Knowledge Card \/ Wissenskarte<\/strong>: Wie man aufgrund des Namens der Funktion schon ahnt, ist diese Knowledge Card eine semantische Information, die entweder von Menschen oder Daten, die aus dem Index kommen, hinzugef\u00fcgt wird. Eine weitere M\u00f6glichkeit, zu Ergebnissen der Knowledge Card zu kommen, ist, eine \u00dcbereinkunft \u00fcber den Datenaustausch mit Partnern zu haben. Wenn Sie ein klares Bild der Google Datenspeicherungsmechanismen haben, k\u00f6nnen Sie von der Anwendung dieser Schl\u00fcsselworte profitieren.<\/li>\n<\/ul>\n<p>&nbsp;<\/p>\n<ul>\n<li><div class=\"content__img-wrap\"><img src=\"https:\/\/sitechecker.pro\/wp-content\/uploads\/2017\/12\/knowledge-graph-in-serp.png\" alt=\"Knowledge card for query population in UK\" class=\"description-img description-img-zoom\" loading=\"lazy\" ><\/div><\/li>\n<\/ul>\n<p>&nbsp;<\/p>\n<ul>\n<li id=\"knowldgepanel\"><strong>Knowledge Panel \/ Wissenssteuerungsfeld<\/strong>: Das gleiche wie die Knowledge Card Suche bedeutet, dass die Ergebnisse entweder von Menschen oder Partnervertr\u00e4gen herr\u00fchren. Diese Ergebnisse k\u00f6nnen rechts der organischen Ergebnisse gefunden werden.<\/li>\n<\/ul>\n<p>&nbsp;<\/p>\n<ul>\n<li><div class=\"content__img-wrap\"><img src=\"https:\/\/sitechecker.pro\/wp-content\/uploads\/2017\/12\/knowledge-panel-in-serp.png\" alt=\"Knowledge panel screenshot\" class=\"description-img description-img-zoom\" loading=\"lazy\" ><\/div><\/li>\n<\/ul>\n<p>&nbsp;<\/p>\n<ul>\n<li id=\"localpack\"><strong>Local Pack \/ Lokales Paket<\/strong>: Dies ist ein Paket der drei passendsten Orte, die Google f\u00fcr diese Schl\u00fcsselphrasen bietet, die die geografische Bedeutung von \u201ebillige Cafes London\u201c beinhaltet. Es wird heutzutage am h\u00e4ufigsten bei Smartphones angewendet. Mobilger\u00e4te haben dazu gef\u00fchrt, dass Ergebnisse eher vertikal als horizontal angesehen werden. Benutzer suchen nach dem schnellsten Weg, um den gew\u00fcnschten Inhalt zu bekommen. Das Wissen von Lokalem SEO ist hierbei ein riesiges Plus.<\/li>\n<\/ul>\n<p>&nbsp;<\/p>\n<ul>\n<li><div class=\"content__img-wrap\"><img src=\"https:\/\/sitechecker.pro\/wp-content\/uploads\/2017\/12\/local-pack-in-SERP.png\" alt=\"Local pack screenshot\" class=\"description-img description-img-zoom\" loading=\"lazy\" ><\/div><\/li>\n<\/ul>\n<p>&nbsp;<\/p>\n<ul>\n<li id=\"localteaserpack\"><strong>Local Teaser Pack \/ Lokales Teaser Pake<\/strong>t: Diese Funktion bietet hilfreiche Tipps, wo sich Hotels und Restaurants befinden, wann diese ge\u00f6ffnet haben usw. Alle Informationen k\u00f6nnen hilfreich sein, beispielsweise auch Fotos von dem Ort, den Sie suchen oder die Bewertungen des Orts, um nur Beispiele zu nennen.<\/li>\n<\/ul>\n<p>&nbsp;<\/p>\n<ul>\n<li><div class=\"content__img-wrap\"><img src=\"https:\/\/sitechecker.pro\/wp-content\/uploads\/2017\/12\/local-teaser-pack-in-serp.png\" alt=\"Local teaser pack screenshot for hotels in london query\" class=\"description-img description-img-zoom\" loading=\"lazy\" ><\/div><\/li>\n<\/ul>\n<p>&nbsp;<\/p>\n<ul>\n<li id=\"newsbox\"><strong>News Box \/ Nachrichtenbox<\/strong>: Es handelt sich um eine Kategorie von Ergebnissen, die von den Google News stammen. Die Prozedur, wie man zum News Block kommt, unterscheidet sich erhebtlich vom Prozess der Erscheinung der organischen Ergebnisse.<\/li>\n<\/ul>\n<p>&nbsp;<\/p>\n<div class=\"content__img-wrap\"><img src=\"https:\/\/sitechecker.pro\/wp-content\/uploads\/2017\/12\/news-box-in-serp.png\" alt=\"News and top stories in SERP\" class=\"description-img description-img-zoom\" loading=\"lazy\" ><\/div>\n<p>&nbsp;<\/p>\n<ul>\n<li id=\"relatedquestions\"><strong>Related Questions \/ Verwandte Fragen<\/strong>: Dies sind alles Fragen, die die Suchmaschine f\u00fcr verwandt mit ihrem Thema h\u00e4lt. Sie k\u00f6nnen sich an verschiedenen Orten befinden, weil sie ein neues Snippet darstellen. Wenn man exakt sein will: Solche Fragen sind Schl\u00fcsselworte mit Snippets. Es ist m\u00f6glich, davon zu profitieren, um die M\u00f6glichkeiten der Snippet Schl\u00fcsselworte zu entdecken.<\/li>\n<\/ul>\n<p>&nbsp;<\/p>\n<div class=\"content__img-wrap\"><img src=\"https:\/\/sitechecker.pro\/wp-content\/uploads\/2017\/12\/related-questions-in-serp.png\" alt=\"Screenshot of related questions block in SERP\" class=\"description-img description-img-zoom\" loading=\"lazy\" ><\/div>\n<p>&nbsp;<\/p>\n<ul>\n<li id=\"reviews\"><strong>Reviews \/ Bewertungen<\/strong>: Diese Funktion ist wirklich hilfreich, wenn man mehr \u00fcber G\u00fcter oder Dienste erfahren m\u00f6chte. Die Bewertungsinformation des SERP-Rangs kann sich irgendwo zwischen der URL und dem Snippet befinden.<\/li>\n<\/ul>\n<p>&nbsp;<\/p>\n<div class=\"content__img-wrap\"><img src=\"https:\/\/sitechecker.pro\/wp-content\/uploads\/2017\/12\/reviews-results-in-SERP.png\" alt=\"Reviews in organic results\" class=\"description-img description-img-zoom\" loading=\"lazy\" ><\/div>\n<p>&nbsp;<\/p>\n<ul>\n<li id=\"shoppingresults\"><strong>Shopping Results \/ Einkaufsergebnisse<\/strong>: Bezahlte Ergebnisse f\u00fcr einige G\u00fcter und Dienste. Dort sind ihre Kosten und die relevanten Bilder. Kombinieren Sie bezahlte Werbung und organische Suchergebnisse, um eine Marke zu promoten. Eine Studie \u00fcber die Sichtbarkeit von Honda in den Suchergebnissen zeigte, dass die Kombination der zwei Dinge zu einem signifikanten Anstieg hinsichtlich Marke in Verbindung mit Markenerinnerung und dem Bilden neuer Kaufentscheidungen f\u00fchrte. Diese Platzierung \u00e4hnelt dem AdWords.  Bezahlte Textst\u00fccke in Google funktionieren besser, wenn sie eng mit dem Inhalt der Suchanfrage verkn\u00fcpft sind. Wenn man navigiert, schauen sich die Menschen h\u00e4ufig schnell auch die Ergebnisse der Ausgabe an, bis Sie die Marke sehen, der sie vertrauen. Mit der Suche nach Informationen werden Benutzer an Feedback und dem Vergleich von Sites interessiert.Denken Sie \u00fcber die Intentionen der Benutzer nach (welche Art von Suche bevorzugen sie) und legen Sie dahingehend Ihre eigene Werbestrategie fest. Achten Sie beispielsweise auf das Faktum, dass Headers Schl\u00fcsselworte beinhalten, die auf der Intention der Benutzer basieren.<\/li>\n<\/ul>\n<p>&nbsp;<\/p>\n<div class=\"content__img-wrap\"><img src=\"https:\/\/sitechecker.pro\/wp-content\/uploads\/2017\/12\/shopping-results-in-serp.png\" alt=\"Shopping results block in Google SERP\" class=\"description-img description-img-zoom\" loading=\"lazy\" ><\/div>\n<p>&nbsp;<\/p>\n<ul>\n<li id=\"sitelinks\"><strong>Site Links<\/strong>: Jene, die nach bestimmten Sites suchen, werden eine Auswahl von bis zu zehn Links vorfinden. Die Art, wie die Links aussehen, beeinflusst den SERP-Rang Checker mitunter am meisten und sollte darauf schlie\u00dfen lassen, dass es eine gesch\u00fctzte Site ist. Zudem ist der Traffik nicht der letzte Faktor, der eine Rolle spielt.<\/li>\n<\/ul>\n<p>&nbsp;<\/p>\n<div class=\"content__img-wrap\"><img src=\"https:\/\/sitechecker.pro\/wp-content\/uploads\/2017\/12\/site-links-in-serp.png\" alt=\"Website links in Google SERP\" class=\"description-img description-img-zoom\" loading=\"lazy\" ><\/div>\n<p>&nbsp;<\/p>\n<ul>\n<li id=\"tweet\"><strong>Tweet<\/strong>: Seit 2015 kann man Ergebnisse vom Tweeter in Kombination mit organischen Ergebnissen finden. Obwohl sie organisch sind k\u00f6nnen solche Tweets verwendet werden, visuelle Effekte hinzuzuf\u00fcgen.<\/li>\n<\/ul>\n<p>&nbsp;<\/p>\n<div class=\"content__img-wrap\"><img src=\"https:\/\/sitechecker.pro\/wp-content\/uploads\/2017\/12\/tweets-in-Google-SERP.png\" alt=\"Tweets in Google search\" class=\"description-img description-img-zoom\" loading=\"lazy\" ><\/div>\n<p>&nbsp;<\/p>\n<ul>\n<li id=\"video\"><strong>Video<\/strong>: Die Ergebnisse wie YouTube Videos erscheinen, wenn Sie besondere Schl\u00fcsselworte verwenden. Video-Funktionen werden heute mehr als organische Ergebnisse betrachtet.<\/li>\n<\/ul>\n<p>&nbsp;<\/p>\n<div class=\"content__img-wrap\"><img src=\"https:\/\/sitechecker.pro\/wp-content\/uploads\/2017\/12\/video-results-in-serp.png\" alt=\"Video results in organic search\" class=\"description-img description-img-zoom\" loading=\"lazy\" ><\/div>\n<p>&nbsp;<\/p>\n<h2 id=\"knowledgegraph\">Was ist der Knowledge Graph und welche Ergebnisse bietet er?<\/h2>\n<p>&nbsp;<\/p>\n<p>Der Google Knowledge Graph bietet gut strukturierte und detailierte Daten in F\u00e4llen, wo Menschen die Suchmaschine f\u00fcr besondere Fakten verwenden. Er erlaubt, SERP-Bedeutung zu finden, die Sie suchen, ohne dass Sie auf bestimmte Sites gehen m\u00fcssen. Unterscheiden Sie relevanten und irrelevanten Knowledge Network:<\/p>\n<ul>\n<li> Ein irrelevanter Knowledge Graph: Bietet solche Information, die die Benutzer-Aufmerksamkeit ultimativ auf die Ergebnisse der organischen Ausgabe lenken. Das Knowledge Network erscheint als Antwort auf Anfragen nach Fakten oder Zahlen oder ist in Verbindung mit bekannten Pers\u00f6nlichkeiten Orten oder Ph\u00e4nomenen zu sehen. In Ihrer Content-Strategie sollten Sie versuchen, Antworten auf potentielle Benutzeranfragen zu erstellen.<\/li>\n<li>Ein relevanter Knowledge Graph: Kann von einen signifikanten Teil der Aufmerksamkeit der organischen Ergebnisse ablenken. Stellen Sie sich beispielsweise vor, Sie m\u00f6chten nach New Orleans und wollen wissen, wie dort das Wetter ist. Fragen Sie Google um Hilfe und finden Sie die ben\u00f6tigte Information im relevanten Knowledge Network. Der Benutzer muss nicht einmal auf Links klicken. Das kann zu einer Traffic-Reduktion f\u00fcr manche Firmen nach sich ziehen.<\/li>\n<\/ul>\n<p>Deshalb ist es wichtig, in den ersten beiden Zeilen f\u00fcr organische Ausgaben zu sorgen. Schlie\u00dfen Sie wichtige Inhalte in die Metadatei ein, ebenso Titel-Tags und wenden Sie, wo m\u00f6glich, das Schema Markup an, damit Ihre Firma aus der Gesamtergebnisliste heraussticht. Der Benutzer soll seine Aufmerksamkeit vom Knowledge Network auf Ihre Site umlenken.<\/p>\n<p>Neben der Tatsache, dass es eine Abnahme der Klicks auf die Topergebnisse der organischen Ergebnisse geben kann, wenn Google ein relevantes Knowledge Network generiert, sind die ersten Zeilen immer noch die popul\u00e4rsten f\u00fcr Benutzer. Bedenken Sie, dass die Bewahrung der Marke nach wie vor durch den Eindruck der Benutzer durch die organischen Ergebnisse beeinflusst wird.<\/p>","protected":false},"excerpt":{"rendered":"Die Haupt-SERP-Funktionen die Sie kennen sollten &nbsp; Die allererste Frage, die Sie beantworten sollten, bevor Sie zu den Hauptfunktionen gehen ist: \u201eWas ist ein SERP\u201c? Die SERP Definition ist die folgende: \u201eEine Webseite, die von einer Suchmaschine als eine Antwort auf eine Benutzeranfrage generiert wird.\u201c Die Abk\u00fcrzung steht f\u00fcr \u201eSearch Engine Results Page\u201c als Suchmaschinenergebnissseiten&#8230;.","protected":false},"author":11474150,"featured_media":3416,"parent":0,"menu_order":0,"comment_status":"closed","ping_status":"closed","template":"pages-templates\/pages-v2.php","meta":[],"categories":[27],"tags":[],"_links":{"self":[{"href":"https:\/\/sitechecker.pro\/de\/wp-json\/wp\/v2\/pages\/17206"}],"collection":[{"href":"https:\/\/sitechecker.pro\/de\/wp-json\/wp\/v2\/pages"}],"about":[{"href":"https:\/\/sitechecker.pro\/de\/wp-json\/wp\/v2\/types\/page"}],"author":[{"embeddable":true,"href":"https:\/\/sitechecker.pro\/de\/wp-json\/wp\/v2\/users\/11474150"}],"replies":[{"embeddable":true,"href":"https:\/\/sitechecker.pro\/de\/wp-json\/wp\/v2\/comments?post=17206"}],"version-history":[{"count":5,"href":"https:\/\/sitechecker.pro\/de\/wp-json\/wp\/v2\/pages\/17206\/revisions"}],"predecessor-version":[{"id":33909,"href":"https:\/\/sitechecker.pro\/de\/wp-json\/wp\/v2\/pages\/17206\/revisions\/33909"}],"wp:featuredmedia":[{"embeddable":true,"href":"https:\/\/sitechecker.pro\/de\/wp-json\/wp\/v2\/media\/3416"}],"wp:attachment":[{"href":"https:\/\/sitechecker.pro\/de\/wp-json\/wp\/v2\/media?parent=17206"}],"wp:term":[{"taxonomy":"category","embeddable":true,"href":"https:\/\/sitechecker.pro\/de\/wp-json\/wp\/v2\/categories?post=17206"},{"taxonomy":"post_tag","embeddable":true,"href":"https:\/\/sitechecker.pro\/de\/wp-json\/wp\/v2\/tags?post=17206"}],"curies":[{"name":"wp","href":"https:\/\/api.w.org\/{rel}","templated":true}]}}