{"id":17065,"date":"2023-11-23T14:41:24","date_gmt":"2023-11-23T14:41:24","guid":{"rendered":"https:\/\/sitechecker.pro\/?page_id=17065"},"modified":"2026-02-19T14:33:52","modified_gmt":"2026-02-19T14:33:52","slug":"relcanonical-implement-full-guide","status":"publish","type":"page","link":"https:\/\/sitechecker.pro\/de\/what-is-canonical-url\/","title":{"rendered":"Kanonischer URL Tag: Definition und alle Situationen, wenn Sie diesen brauchen"},"content":{"rendered":"<p>Probleme doppelter Seiten zu beseitigen, ist mitunter das wichtigste, wenn es darum geht, eine Site zu optimieren. In den meisten F\u00e4llen ist es das Beste, hierf\u00fcr die <a href=\"https:\/\/sitechecker.pro\/de\/redirect-checker\/\">URL Weiterleitung<\/a> zu verwenden.<\/p>\n<p>Aber wenn wir die <a href=\"https:\/\/sitechecker.pro\/de\/301-redirect\/\">301 Weiterleitung<\/a> nicht verwenden k\u00f6nnen oder wir Seiten brauchen, die der User sehen k\u00f6nnen muss, kann rel=\u201ccanonical\u201c unsere L\u00f6sung sein.<\/p>\n<p>Mit diesem Attribut kann man schnell das Problem doppelter Seiten l\u00f6sen.<\/p>\n<h2 id=\"howtoregister\">Wie registriert man rel=\u201dcanonical\u201d?<\/h2>\n<h3 id=\"sitepage\">Auf der Site selbst (h\u00e4ufigste Art)<\/h3>\n<p>Um den kanonischen Link f\u00fcr die aktuelle Seite zu spezifizieren, m\u00fcssen Sie folgendes beachten: Es ist sehr wichtig, in der HEAD-Sektion zu registrieren, weil wenn Sie das Attribut versehentlich nicht in dem Bereich registrieren, wird diese Anweisung von Suchmaschinen ignoriert.<\/p>\n<div class=\"code\"><code>&lt;link rel=\"canonical\" href=\"http:\/\/site.com\/canonical-link.html\"\/&gt;<\/code><\/div>\n<h3 id=\"xmlsitemap\">Via xml-Site Map<\/h3>\n<p>F\u00fcr jede Seite k\u00f6nnen Sie im XML-Map der Site deren kanonischen Link registrieren. Aber in diesen F\u00e4llen kann eine Suchmaschine diese Empfehlung ignorieren.<\/p>\n    <div class=\"blog__conversion blog__conversion-app element__logged_out\">\n        <div class=\"blog__conversion-inner\">\n            <p class=\"title\">Ermitteln Sie nicht indexierbare Webseiten<\/p>\n            <p class=\"description\">Starten Sie das Audit und finden Sie heraus, welche kanonischen URLs von Suchmaschinen-Bots f\u00fcr das Scannen gesperrt wurden<\/p>\n            <form id=\"audit__form\"\n                  class=\"article__seo-search audit__form Starten Sie das Audit und finden Sie heraus, welche kanonischen URLs von Suchmaschinen-Bots f\u00fcr das Scannen gesperrt wurden\"\n                  action=\"\"\n                  method=\"POST\"\n                  autocomplete=\"off\">\n                <span class=\"error\"><\/span>\n                <div class=\"error__limits\">Something went wrong. Please, try again later.<\/div>\n                <input name=\"url\"\n                       type=\"text\"\n                       placeholder=\"Geben Sie Ihre Domain ein\">\n                                <button type=\"submit\"\n                        class=\"sitechecker__text\">\n                    <span>Start<\/span>\n                    <img src=\"\/wp-content\/themes\/sitechecker\/out\/img_design\/loading.svg\"\n                         width=\"31\"\n                         height=\"30\"\n                         class=\"loading\">\n                <\/button>\n            <\/form>\n        <\/div>\n    <\/div>\n    \n<h3 id=\"serversresponse\">Durch die Serverantwort (beste L\u00f6sung f\u00fcr nicht-HTML-Dokumente)<\/h3>\n<p>Wenn sie kanonische Links f\u00fcr nicht-HTML-Dokumente, wie PDF-Dateien, spezifizieren, dann spezifizieren Sie einen kanonischen Lik im http-Header. In dem Fall muss der Server wenn eine doppelte Datei angefragt wird, das folgende antworten:<\/p>\n<div class=\"code\"><code>Link: &lt;http:\/\/site.com\/main-file.pdf&gt;; rel=\"canonical\".<\/code><\/div>\n<p>Aber bedenken Sie, dass Google derzeit dieses Element des Headers nur f\u00fcr Websuchen unterst\u00fctzt.<\/p>\n<h2 id=\"whentouse\">Wann verwendet man kanonische Links?<\/h2>\n<h3 id=\"whentouse1\">Wenn Sie genau wissen, in welchen F\u00e4llen Sie Duplikate auf Ihrer Site haben<\/h3>\n<p>Wenn Sie den Grund f\u00fcr die Erscheinung von \u00e4hnlichen oder sehr \u00e4hnlichen Seiten auf Ihrer Website kennen und zugleich wissen, dass solche Seiten auf der Site existieren m\u00fcssen, ist es empfehlenswert, zu bestimmen, welche der Seiten der Serie ist die Hauptseite und von allen anderen Seiten sollte ein kanonischer Link zu dieser Hauptseite verweisen.<\/p>\n<h3 id=\"whentouse2\">Wenn es schwer oder unm\u00f6glich ist, eine 301 Weiterleitung zu implementieren<\/h3>\n<p>Im Allgemeinen ist es das Beste, 301 Weiterleitungen zu verwenden. Aber wenn diese lang oder schwer zu implementieren sind, k\u00f6nnen Sie das Attribut rel = \u201ecanonical\u201c verwenden. Laut Google ist das gleich viel Wert wie der Einsatz von 301 Weiterleitungen.<\/p>\n<h3 id=\"whentouse3\">Multiple Seiten f\u00fcr eine Produktserie<\/h3>\n<p>Wenn Sie eine Serie von Produkten in einem Online Store haben, die nur wenig voneinander abweichen, z.B. nur in der Farbe, dann ist es das Beste, ein Produkt als das Hauptprodukt zu deklarieren (ein typisches eben) und von allen anderen \u00e4hnlichen Produkten einen kanonischen Link auf dieses Hauptprodukt zu setzen.<\/p>\n<h3 id=\"whentouse4\">F\u00fcr verschiedene Sorten von G\u00fctern im Katalog<\/h3>\n<p>Wenn Ihre G\u00fcter auf der Website auf verschiedene Arten sortiert werden k\u00f6nnen und der Sortierparameter in der <a href=\"https:\/\/sitechecker.pro\/de\/what-is-url\/\">URL\u00a0verf\u00fcgbarkeit<\/a> wird:<\/p>\n<div class=\"code\"><code>http:\/\/site.com\/dresses.html?sort=price<\/code><\/div>\n<p>dann ist es notwendig, von allen verschiedenen Sortierkombinationen kanonische Links zum Katalog mit der Standardsortierung zu setzen. F\u00fcr gew\u00f6hnlich ist diese URL-Kategorie eine ohne Parameter, die f\u00fcr die Sortierreihenfolge der G\u00fcter verantwortlich sind:<\/p>\n<div class=\"code\"><code>&lt;link rel=\"canonical\" href=\"http:\/\/site.com\/dresses.html\" \/&gt;<\/code><\/div>\n<h3 id=\"whentouse5\">Wenn Sie eine Katalogseite mit allen Produkten erstellen<\/h3>\n<p>Die Google Empfehlungen lauten, dass die Art, in der Sie die kanonischen Links von allen Seiten des Katalogs zu einer Seite mit allen Produkten \/ Artikeln optimal f\u00fcr das Indizieren als Verzeichnis-Seiten ist und f\u00fcr alle Produkte \/ Artikel auf der Site. Mit dieser Methode m\u00fcssen Sie auf allen Bereichen der Site eine Seite \u201eAlle ansehen\u201c machen und von jeder Seite der <a href=\"https:\/\/sitechecker.pro\/de\/pagination\/\">Paginierung<\/a> einen kanonischen Link zu dieser \u201eAlle ansehen\u201c Seite machen.<\/p>\n<h3 id=\"whentouse6\">Seite drucken<\/h3>\n<p>Im Falle, dass das Drucken von Seiten auf der Site durch einen zus\u00e4tzlichen Parameter realisiert wird, wie z.B.<\/p>\n<div class=\"code\"><code>http:\/\/site.com\/news-1.html?print=yes<\/code><\/div>\n<p>dann ist es notwendig, einen kanonischen Link zur Hauptversion der Seite zu setzen<\/p>\n<div class=\"code\"><code>&lt;link rel=\"canonical\" href=\"http:\/\/site.com\/news-1.html\" \/&gt;<\/code><\/div>\n<h3 id=\"whentouse7\">Wenn Sie ein Partnerprogramm auf Ihrer Website verwenden<\/h3>\n<p>Wenn Ihre Seite ein Partnersystem oder ein Referenzsystem ist, ist es wichtig, die kanonischen Links vorab zu f\u00fcr alle Seiten zu schreiben, die Partnerlinks sein k\u00f6nnen. Wenn Sie vergessen, diese zu posten, kann es sehr schnell zu hunderten Dupplikaten der Site im Index der Suchseiten geben, weil die Suchroboter schnell die ben\u00f6tigten Seiten von externen Links indizieren.<br \/>\nSomit, f\u00fcr alle Seiten mit Partnerlinks:<\/p>\n<div class=\"code\"><code>http:\/\/site.com\/dresses.html?partner=dkfEi3dj1<\/code><\/div>\n<p>Wir schreiben die folgende Instruktion vor:<\/p>\n<div class=\"code\"><code>&lt;link rel=\"canonical\" href=\"http:\/\/site.com\/dresses.html\" \/&gt;<\/code><\/div>\n<p>Zudem k\u00f6nnen Sie Google alle Parameter, die Sie via URL Parameter indiziert brauchen, mitteilne (in der Google Webmaster-Sektion Scanning). In dem Fall m\u00fcssen Sie die Partner-Parameter spezifizieren \u2013 solche, die nicht den Inhalt der Seite \u00e4ndern.<\/p>\n<h3 id=\"whentouse8\">Um die Verzeichnis-Index-Datei zu verkleben<\/h3>\n<p>Es ist wichtig, zu \u00fcberpr\u00fcfen, dass die Dateien im Verzeichnis des Typs index.html nicht zu Duplikaten f\u00fchren. Das kann passieren, wenn zwei solche Adressen f\u00fcr das Indizieren verf\u00fcgbar sind http:\/\/site.com\/dresses\/ und http:\/\/site.com\/dresses\/index.html. In diesen F\u00e4llen ist es das einfachste, um das Problem zu l\u00f6sen, solche kanonische Links in der http:\/\/site.com\/dresses\/index.html Datei zu registrieren.<\/p>\n<div class=\"code\"><code>&lt;link rel=\"canonical\" href=\"http:\/\/site.com\/dresses\/\" \/&gt;<\/code><\/div>\n<h3 id=\"whentouse9\">Wenn der gleiche Inhalt auf verschiedenen Domains oder in verschiedenen Sprachen verwendet wird<\/h3>\n<p>Wenn Sie \u00e4hnliche Seiten erzeugen oder verschiedene Sprachversionen des Inhalts erzeugen, aber zur gleichen Zeit den gleichen Inhalt auf verschiedenen Sites \/ in verschiedenen Sprachversionen verwenden, sollten Sie rel = \u201ecanonical\u201c auf der Hauptversion des Inhalts verwenden.<\/p>\n<h2 id=\"mistakes\">Die Hauptfehler bei der Verwendung von rel=\u201dcanonical\u201d<\/h2>\n<h3 id=\"mistake1\">Verwendung auf Seiten mit Nummerierung<\/h3>\n<p>H\u00e4ufig wird die erste kanonische Seite vorgeschrieben bei einer Site f\u00fcr alle Seiten einer Serie. Das ist nicht korrekt, weil es die Indizierung der Seiten der Serie unm\u00f6glich macht.<\/p>\n<h3 id=\"mistake2\">Die kanonische Referenz ist nicht indizierbar<\/h3>\n<p>Wenn wir einen kanonischen auf eine andere Seite setzen, m\u00fcssen wir sicher sein, dass diese Seite indizierbar ist:<\/p>\n<ul>\n<li>Seite gibt 200 Servercode<\/li>\n<li>auf der Seite, auf der Indexing nicht verboten ist (durch den Meta-Tag des Robots und Noindex)<\/li>\n<\/ul>\n<h3 id=\"mistake3\">Einige Links rel=canonical von einer Seite<\/h3>\n<p>F\u00fcr jede Seite sollte es eine kanonische Seite geben. Wenn verschiedene Seiten spezifiziert sind, dann wird nur die erste Instruktion ber\u00fccksichtigt.<\/p>\n<h3 id=\"mistake4\">Verschiedene kanonische URLs<\/h3>\n<p>Vergewissern Sie sich immer, dass die gleiche kanonischen Seiten f\u00fcr verschiedene Implementierungen spezifizieren (z.B. mittels XML-Map der Site und durch rel =\u201ccanonical\u201c auf der Seite selbst)<\/p>\n<h3 id=\"mistake5\">Fehlerhafte Verwendung relativer Links<\/h3>\n<p>In den allgemeinen F\u00e4llen, wenn Sie kanonische Referenzen spezifizieren, ist es erstrebenswert, absolute Links vorzuschreiben<\/p>\n<div class=\"code\"><code>&lt;link rel=\"canonical\" href=\"http:\/\/site.com\/dresses.html\" \/&gt;<\/code><\/div>\n<p>weil wenn Sie einen relativen Link angeben, besteht die gro\u00dfe Wahrscheinlichkeit, einen Fehler zu machen:<\/p>\n<div class=\"code\"><code>&lt;link rel=\"canonical\" href=\"site.com\/dresses.html\" \/&gt;<\/code><\/div>\n<p>Dann ignoriert eine Suchmaschine diese Instruktionen einfach.<\/p>\n<p id=\"check\">\n<p><\/p>","protected":false},"excerpt":{"rendered":"Probleme doppelter Seiten zu beseitigen, ist mitunter das wichtigste, wenn es darum geht, eine Site zu optimieren. In den meisten F\u00e4llen ist es das Beste, hierf\u00fcr die URL Weiterleitung zu verwenden. Aber wenn wir die 301 Weiterleitung nicht verwenden k\u00f6nnen oder wir Seiten brauchen, die der User sehen k\u00f6nnen muss, kann rel=\u201ccanonical\u201c unsere L\u00f6sung sein&#8230;.","protected":false},"author":11474150,"featured_media":3352,"parent":0,"menu_order":0,"comment_status":"closed","ping_status":"closed","template":"pages-templates\/pages-v2.php","meta":[],"categories":[28],"tags":[],"_links":{"self":[{"href":"https:\/\/sitechecker.pro\/de\/wp-json\/wp\/v2\/pages\/17065"}],"collection":[{"href":"https:\/\/sitechecker.pro\/de\/wp-json\/wp\/v2\/pages"}],"about":[{"href":"https:\/\/sitechecker.pro\/de\/wp-json\/wp\/v2\/types\/page"}],"author":[{"embeddable":true,"href":"https:\/\/sitechecker.pro\/de\/wp-json\/wp\/v2\/users\/11474150"}],"replies":[{"embeddable":true,"href":"https:\/\/sitechecker.pro\/de\/wp-json\/wp\/v2\/comments?post=17065"}],"version-history":[{"count":23,"href":"https:\/\/sitechecker.pro\/de\/wp-json\/wp\/v2\/pages\/17065\/revisions"}],"predecessor-version":[{"id":39353,"href":"https:\/\/sitechecker.pro\/de\/wp-json\/wp\/v2\/pages\/17065\/revisions\/39353"}],"wp:featuredmedia":[{"embeddable":true,"href":"https:\/\/sitechecker.pro\/de\/wp-json\/wp\/v2\/media\/3352"}],"wp:attachment":[{"href":"https:\/\/sitechecker.pro\/de\/wp-json\/wp\/v2\/media?parent=17065"}],"wp:term":[{"taxonomy":"category","embeddable":true,"href":"https:\/\/sitechecker.pro\/de\/wp-json\/wp\/v2\/categories?post=17065"},{"taxonomy":"post_tag","embeddable":true,"href":"https:\/\/sitechecker.pro\/de\/wp-json\/wp\/v2\/tags?post=17065"}],"curies":[{"name":"wp","href":"https:\/\/api.w.org\/{rel}","templated":true}]}}