{"id":17059,"date":"2022-02-23T11:56:45","date_gmt":"2022-02-23T11:56:45","guid":{"rendered":"https:\/\/sitechecker.pro\/?page_id=17059"},"modified":"2026-02-19T14:30:51","modified_gmt":"2026-02-19T14:30:51","slug":"snippet-checker","status":"publish","type":"page","link":"https:\/\/sitechecker.pro\/de\/snippet-checker\/","title":{"rendered":"Google Snippet Checker | Analysieren Sie Snippet f\u00fcr jede Seite \u2611"},"content":{"rendered":"<p><\/p>\n<h2 id=\"par1\">Was ist der Snippet Checker?<\/h2>\n<p>Der Snippet Checker von <a href=\"https:\/\/sitechecker.pro\/\" target=\"_blank\" rel=\"noopener noreferrer\">Sitechecker<\/a> ist ein Online-Tool, das analysiert, wie der Metatitel, die Beschreibung und die URL einer Website in den Suchmaschinenergebnissen erscheinen. Es bietet zwei Optionen: Analyse aller Seiten mit detaillierten Meta-Tag-Einblicken und -\u00dcberwachung oder ein Sofortbericht zum Testen der Vorschau einer einzelnen Seite.<\/p>\n<h3>Wie das Tool Ihnen helfen kann<\/h3>\n<p><strong>Snippet-Vorschau: <\/strong>visualisiert, wie der Metatitel, die Beschreibung und die URL Ihrer Website in den Google-Suchergebnissen erscheinen.<\/p>\n<p><strong>Meta-Tag-Analyse: <\/strong>identifiziert und bietet Einblicke in <a href=\"https:\/\/sitechecker.pro\/meta-tags\/\" target=\"_blank\" rel=\"noopener noreferrer\">Meta-Tag-Daten<\/a> und Optimierungsprobleme.<\/p>\n<p><strong>\u00dcberwachung: <\/strong>verfolgt und \u00fcberwacht Meta-Tag-Probleme im Laufe der Zeit.<\/p>\n<h3>Hauptfunktionen des Featured Snippet Checker<\/h3>\n<p><strong>Einheitliches Dashboard: <\/strong>zentralisierte Plattform zum Verfolgen und Verwalten aller <a href=\"https:\/\/sitechecker.pro\/seo-dashboard\/\" target=\"_blank\" rel=\"noopener noreferrer\">SEO-Kennzahlen Ihrer Website an einem Ort<\/a>.<\/p>\n<p><strong>Benutzerfreundliche Oberfl\u00e4che: <\/strong>Intuitives und leicht zu navigierendes Design f\u00fcr ein nahtloses Benutzererlebnis.<\/p>\n<p><strong>Komplettes SEO-Toolset: <\/strong>umfassende Tools zum \u00dcberpr\u00fcfen, \u00dcberwachen und Optimieren der SEO-Leistung Ihrer Website.<\/p>\n<h2 id=\"par2\">So verwenden Sie das Tool<\/h2>\n<p>Geben Sie eine Dom\u00e4nennamenadresse oder die Seiten-URL ein:<\/p>\n<div class=\"content__img-wrap\"><img src=\"https:\/\/sitechecker.pro\/wp-content\/uploads\/2025\/01\/google-snippet-checker.png\" alt=\"Google Snippet Checker\" class=\"description-img description-img-zoom\" loading=\"lazy\" ><\/div>\n<h2 id=\"par3\">Testen Sie die Website-Snippets<\/h2>\n<h3>Schritt 1: W\u00e4hlen Sie die Dom\u00e4nenpr\u00fcfung, um Informationen zur Vorschau jeder Seite zu erhalten<\/h3>\n<div class=\"content__img-wrap\"><img src=\"https:\/\/sitechecker.pro\/wp-content\/uploads\/2025\/01\/choose-audit-option.png\" alt=\"Audit-Option ausw\u00e4hlen\" class=\"description-img description-img-zoom\" loading=\"lazy\" ><\/div>\n<div class=\"important-block\">Um Ergebnisse zu erhalten und 14 Tage lang auf die Funktionen von Sitechecker zuzugreifen, starten Sie Ihre KOSTENLOSE Testversion. Die Anmeldung ist ganz einfach mit Ihrem E-Mail-, Google- oder Facebook-Konto. Es ist keine Kreditkarte erforderlich.<\/div>\n<h3>Schritt 2: Erhalten Sie die Ergebnisse<\/h3>\n<p>Erhalten Sie detaillierte Einblicke in die Inhaltsoptimierung Ihrer Seite, einschlie\u00dflich Meta-Tag-Leistung, Erscheinungsbild in Google, Seitenstatus und umsetzbare SEO-Problemberichte zur Verbesserung der Sichtbarkeit und des Rankings.<\/p>\n<div class=\"content__img-wrap\"><img src=\"https:\/\/sitechecker.pro\/wp-content\/uploads\/2025\/01\/check-google-snippet-results.png\" alt=\"Google Snippet-Ergebnisse pr\u00fcfen\" class=\"description-img description-img-zoom\" loading=\"lazy\" ><\/div>\n<p>W\u00e4hlen Sie eine beliebige Seite aus, deren <a href=\"https:\/\/sitechecker.pro\/rich-snippets\/\" target=\"_blank\" rel=\"noopener noreferrer\">Snippet<\/a> Sie anzeigen m\u00f6chten, und klicken Sie dann auf \u201eSeitendetails\u201c.<\/p>\n<div class=\"content__img-wrap\"><img src=\"https:\/\/sitechecker.pro\/wp-content\/uploads\/2025\/01\/page-details-google-preview.png\" alt=\"Seitendetails Google-Vorschau\" class=\"description-img description-img-zoom\" loading=\"lazy\" ><\/div>\n<p>Sehen und analysieren Sie, wie das Snippet Ihrer Seite in der <a href=\"https:\/\/sitechecker.pro\/serp\/\" target=\"_blank\" rel=\"noopener noreferrer\">Google-Suche<\/a> angezeigt wird, einschlie\u00dflich <a href=\"https:\/\/sitechecker.pro\/meta-title\/\" target=\"_blank\" rel=\"noopener noreferrer\">Metatitel<\/a>, Beschreibung, URL und allgemeine Suchvorschau.<\/p>\n<h3>Zus\u00e4tzliche Funktionen des Website-Snippet-Checkers<\/h3>\n<p>Identifizieren und analysieren Sie Probleme, die Ihre Seitenvorschauen auf Google SERP beeintr\u00e4chtigen, einschlie\u00dflich <a href=\"https:\/\/sitechecker.pro\/duplicate-content\/\" target=\"_blank\" rel=\"noopener noreferrer\">doppelten Inhalten<\/a>, falschen \u00dcberschriften und kanonischen Fehlern, mit umsetzbaren Erkenntnissen zur Verbesserung der <a href=\"https:\/\/sitechecker.pro\/what-is-website-visibility\/\" target=\"_blank\" rel=\"noopener noreferrer\">Sichtbarkeit<\/a>.<\/p>\n<p>Um diese Fehler anzuzeigen, klicken Sie auf den Abschnitt \u201eSite Audit\u201c und \u00f6ffnen Sie den Abschnitt \u201eDuplicate Content\u201c.<\/p>\n<div class=\"content__img-wrap\"><img src=\"https:\/\/sitechecker.pro\/wp-content\/uploads\/2025\/01\/duplicate-content-section.png\" alt=\"Abschnitt mit doppeltem Inhalt\" class=\"description-img description-img-zoom\" loading=\"lazy\" ><\/div>\n<h2 id=\"par5\">Seitenausschnitt testen<\/h2>\n<h3>Schritt 1: W\u00e4hlen Sie die Option \u201eSeitenpr\u00fcfung\u201c auf dem Auswahlbildschirm<\/h3>\n<div class=\"content__img-wrap\"><img src=\"https:\/\/sitechecker.pro\/wp-content\/uploads\/2025\/01\/page-audit.png\" alt=\"Seitenpr\u00fcfung\" class=\"description-img description-img-zoom\" loading=\"lazy\" ><\/div>\n<h3>Schritt 2: Ergebnisse abrufen<\/h3>\n<p>Sehen Sie sich eine detaillierte Vorschau des Google-Ausschnitts Ihrer Seite an, einschlie\u00dflich Metatitel, Beschreibung und URL-Struktur, um eine genaue Formatierung und verbesserte Klickraten sicherzustellen.<\/p>\n<div class=\"content__img-wrap\"><img src=\"https:\/\/sitechecker.pro\/wp-content\/uploads\/2025\/01\/google-preview-page-audit.png\" alt=\"Google Preview Page Audit\" class=\"description-img description-img-zoom\" loading=\"lazy\" ><\/div>\n<h3>Zus\u00e4tzliche Funktionen des Seitenausschnitttests<\/h3>\n<p>Klicken Sie auf \u201eProblem\u00fcbersicht\u201c, um detaillierte Einblicke in zus\u00e4tzliche SEO-Elemente zu erhalten, darunter strukturierte Daten, Seitengeschwindigkeit und Bildoptimierung, um maximale Sichtbarkeit und Leistung auf den Google-SERPs sicherzustellen.<\/p>\n<div class=\"content__img-wrap\"><img src=\"https:\/\/sitechecker.pro\/wp-content\/uploads\/2025\/01\/issues-overview.png\" alt=\"Problem\u00fcbersicht\" class=\"description-img description-img-zoom\" loading=\"lazy\" ><\/div>\n<h2 id=\"par7\">Abschlie\u00dfende Idee<\/h2>\n<p>Der Google Preview Checker analysiert und optimiert, wie Metatitel, Beschreibung und URL einer Webseite in den Google-Suchergebnissen erscheinen. Er bietet Snippet-Vorschauen, identifiziert Meta-Tag-Probleme und bietet umsetzbare Erkenntnisse zur Verbesserung von SEO und Sichtbarkeit. Mit Tools f\u00fcr strukturierte Daten, Seitengeschwindigkeit und Inhaltsoptimierung tr\u00e4gt er zur Verbesserung von Rankings und Klickraten bei.<\/p>\n<div id=\"par8\"><\/div>\n<p><div class=\"front__faq-block\"><div class=\"faq__block-title\">FAQ<\/div><div class=\"panel-group\" id=\"faq-accordion\" itemscope itemtype=\"https:\/\/schema.org\/FAQPage\" role=\"tablist\" aria-multiselectable=\"true\"><div class=\"panel\" itemscope itemtype=\"https:\/\/schema.org\/Question\" itemprop=\"mainEntity\">\n                            <div class=\"panel-heading\" id=\"headingFaq-1\">\n                                <div class=\"panel-title\" data-toggle=\"collapse\" aria-expanded=\"false\" href=\"#collapseFaq-1\">\n                                    <h3 itemprop=\"name\">Was ist der Zweck des Google Snippet Checker-Tools?<\/h3>\n                                <\/div>\n                            <\/div>\n                            <div id=\"collapseFaq-1\" class=\"panel-collapse collapse\" itemprop=\"acceptedAnswer\" itemscope itemtype=\"http:\/\/schema.org\/Answer\">\n                                <div class=\"panel-body\" itemprop=\"text\">Das Tool hilft bei der Analyse und Optimierung, wie das Snippet einer Webseite in den Google-Suchergebnissen erscheint, um Klickraten und Sichtbarkeit zu verbessern.<\/div>\n                            <\/div>\n                        <\/div><div class=\"panel\" itemscope itemtype=\"https:\/\/schema.org\/Question\" itemprop=\"mainEntity\">\n                            <div class=\"panel-heading\" id=\"headingFaq-2\">\n                                <div class=\"panel-title\" data-toggle=\"collapse\" aria-expanded=\"false\" href=\"#collapseFaq-2\">\n                                    <h3 itemprop=\"name\">Kann das Tool mehrere Seiten gleichzeitig analysieren?<\/h3>\n                                <\/div>\n                            <\/div>\n                            <div id=\"collapseFaq-2\" class=\"panel-collapse collapse\" itemprop=\"acceptedAnswer\" itemscope itemtype=\"http:\/\/schema.org\/Answer\">\n                                <div class=\"panel-body\" itemprop=\"text\">Ja, es bietet eine Option zur Analyse aller Seiten einer Domain mit detaillierten Meta-Tag-Erkenntnissen und -\u00dcberwachung.<\/div>\n                            <\/div>\n                        <\/div><div class=\"panel\" itemscope itemtype=\"https:\/\/schema.org\/Question\" itemprop=\"mainEntity\">\n                            <div class=\"panel-heading\" id=\"headingFaq-3\">\n                                <div class=\"panel-title\" data-toggle=\"collapse\" aria-expanded=\"false\" href=\"#collapseFaq-3\">\n                                    <h3 itemprop=\"name\">Wie geht das Tool mit saisonalen Verkehrsfaktoren um?<\/h3>\n                                <\/div>\n                            <\/div>\n                            <div id=\"collapseFaq-3\" class=\"panel-collapse collapse\" itemprop=\"acceptedAnswer\" itemscope itemtype=\"http:\/\/schema.org\/Answer\">\n                                <div class=\"panel-body\" itemprop=\"text\">W\u00e4hrend das Tool technische Probleme identifiziert, erfordert die Interpretation saisonaler Verkehrsmuster neben den bereitgestellten Erkenntnissen eine externe Analyse.<\/div>\n                            <\/div>\n                        <\/div><div class=\"panel\" itemscope itemtype=\"https:\/\/schema.org\/Question\" itemprop=\"mainEntity\">\n                            <div class=\"panel-heading\" id=\"headingFaq-4\">\n                                <div class=\"panel-title\" data-toggle=\"collapse\" aria-expanded=\"false\" href=\"#collapseFaq-4\">\n                                    <h3 itemprop=\"name\">Welche h\u00e4ufigen Snippet-bezogenen Probleme werden vom Tool erkannt?<\/h3>\n                                <\/div>\n                            <\/div>\n                            <div id=\"collapseFaq-4\" class=\"panel-collapse collapse\" itemprop=\"acceptedAnswer\" itemscope itemtype=\"http:\/\/schema.org\/Answer\">\n                                <div class=\"panel-body\" itemprop=\"text\">Zu den Problemen z\u00e4hlen doppelte Inhalte, falsche \u00dcberschriften, fehlende strukturierte Daten und nicht optimierte Meta-Tags.<\/div>\n                            <\/div>\n                        <\/div><div class=\"panel\" itemscope itemtype=\"https:\/\/schema.org\/Question\" itemprop=\"mainEntity\">\n                            <div class=\"panel-heading\" id=\"headingFaq-5\">\n                                <div class=\"panel-title\" data-toggle=\"collapse\" aria-expanded=\"false\" href=\"#collapseFaq-5\">\n                                    <h3 itemprop=\"name\">Kann ich ein einzelnes Seiten-Snippet testen, ohne die gesamte Site zu analysieren?<\/h3>\n                                <\/div>\n                            <\/div>\n                            <div id=\"collapseFaq-5\" class=\"panel-collapse collapse\" itemprop=\"acceptedAnswer\" itemscope itemtype=\"http:\/\/schema.org\/Answer\">\n                                <div class=\"panel-body\" itemprop=\"text\">Ja, das Tool erm\u00f6glicht eine sofortige Analyse der Vorschau einzelner Seiten.<\/div>\n                            <\/div>\n                        <\/div><\/div><\/div><\/p>","protected":false},"excerpt":{"rendered":"Was ist der Snippet Checker? Der Snippet Checker von Sitechecker ist ein Online-Tool, das analysiert, wie der Metatitel, die Beschreibung und die URL einer Website in den Suchmaschinenergebnissen erscheinen. Es bietet zwei Optionen: Analyse aller Seiten mit detaillierten Meta-Tag-Einblicken und -\u00dcberwachung oder ein Sofortbericht zum Testen der Vorschau einer einzelnen Seite. Wie das Tool Ihnen&#8230;","protected":false},"author":10504980,"featured_media":3755,"parent":0,"menu_order":0,"comment_status":"closed","ping_status":"closed","template":"pages-templates\/pages-minitools-3.php","meta":[],"categories":[70],"tags":[],"_links":{"self":[{"href":"https:\/\/sitechecker.pro\/de\/wp-json\/wp\/v2\/pages\/17059"}],"collection":[{"href":"https:\/\/sitechecker.pro\/de\/wp-json\/wp\/v2\/pages"}],"about":[{"href":"https:\/\/sitechecker.pro\/de\/wp-json\/wp\/v2\/types\/page"}],"author":[{"embeddable":true,"href":"https:\/\/sitechecker.pro\/de\/wp-json\/wp\/v2\/users\/10504980"}],"replies":[{"embeddable":true,"href":"https:\/\/sitechecker.pro\/de\/wp-json\/wp\/v2\/comments?post=17059"}],"version-history":[{"count":17,"href":"https:\/\/sitechecker.pro\/de\/wp-json\/wp\/v2\/pages\/17059\/revisions"}],"predecessor-version":[{"id":39350,"href":"https:\/\/sitechecker.pro\/de\/wp-json\/wp\/v2\/pages\/17059\/revisions\/39350"}],"wp:featuredmedia":[{"embeddable":true,"href":"https:\/\/sitechecker.pro\/de\/wp-json\/wp\/v2\/media\/3755"}],"wp:attachment":[{"href":"https:\/\/sitechecker.pro\/de\/wp-json\/wp\/v2\/media?parent=17059"}],"wp:term":[{"taxonomy":"category","embeddable":true,"href":"https:\/\/sitechecker.pro\/de\/wp-json\/wp\/v2\/categories?post=17059"},{"taxonomy":"post_tag","embeddable":true,"href":"https:\/\/sitechecker.pro\/de\/wp-json\/wp\/v2\/tags?post=17059"}],"curies":[{"name":"wp","href":"https:\/\/api.w.org\/{rel}","templated":true}]}}